{"id":15772,"date":"2025-08-11T20:00:07","date_gmt":"2025-08-11T18:00:07","guid":{"rendered":"https:\/\/xymen.pl\/produkt\/kingspan-rainstore-flat-5-basic-rainwater-tank\/"},"modified":"2025-08-20T10:08:13","modified_gmt":"2025-08-20T08:08:13","slug":"kingspan-rainstore-flat-5-basic-rainwater-tank","status":"publish","type":"product","link":"https:\/\/xymen.pl\/en\/product\/kingspan-rainstore-flat-5-basic-rainwater-tank\/","title":{"rendered":"KINGSPAN RainStore Flat 5 Basic Rainwater Tank"},"content":{"rendered":"<p><img decoding=\"async\" class=\"alignnone size-medium wp-image-2761\" src=\"https:\/\/xymen.pl\/wp-content\/uploads\/2023\/03\/6-1-300x156.jpg\" alt=\"\" width=\"300\" height=\"156\" srcset=\"https:\/\/xymen.pl\/wp-content\/uploads\/2023\/03\/6-1-300x156.jpg 300w, https:\/\/xymen.pl\/wp-content\/uploads\/2023\/03\/6-1.jpg 340w\" sizes=\"(max-width: 300px) 100vw, 300px\" \/><\/p>\n<h2 class=\"MsoNormal\">KINGSPAN RainStore Flat 5 Rainwater Tank &#8211; <strong>Flat Retention!<\/strong><\/h2>\n<p class=\"MsoNormal\">The RainStore Flat flat rainwater tank is the perfect solution for difficult ground conditions. The densely ribbed construction and high wall thickness guarantee durability in all conditions. If your property has high groundwater levels, the Kingspan RainStore Flat is the solution for you. The excavation depth for the tank is approximately 150cm, which in most cases allows you to avoid the high costs of anchoring the tank.   <\/p>\n<p class=\"MsoNormal\">The tanks are free of welds and joints thanks to the production method &#8211; rotomolding. This forming technique involves filling a mold divided into two or more parts with plastic powder or granules, then placing it in an oven. The powder becomes semi-liquid and thanks to rotation and centrifugal force, the plastic spreads on the mold.  <\/p>\n<p><b>Use rainwater for watering &#8211; soft and clean water that will save you time and money.<\/b><\/p>\n<p><img fetchpriority=\"high\" decoding=\"async\" class=\"alignnone wp-image-13697 size-large\" src=\"https:\/\/xymen.pl\/wp-content\/uploads\/2025\/08\/RainStore-Flat-6-1024x1024.png\" alt=\"\" width=\"800\" height=\"800\" srcset=\"https:\/\/xymen.pl\/wp-content\/uploads\/2025\/08\/RainStore-Flat-6-1024x1024.png 1024w, https:\/\/xymen.pl\/wp-content\/uploads\/2025\/08\/RainStore-Flat-6-300x300.png 300w, https:\/\/xymen.pl\/wp-content\/uploads\/2025\/08\/RainStore-Flat-6-150x150.png 150w, https:\/\/xymen.pl\/wp-content\/uploads\/2025\/08\/RainStore-Flat-6-768x768.png 768w, https:\/\/xymen.pl\/wp-content\/uploads\/2025\/08\/RainStore-Flat-6-1536x1536.png 1536w, https:\/\/xymen.pl\/wp-content\/uploads\/2025\/08\/RainStore-Flat-6-2048x2048.png 2048w, https:\/\/xymen.pl\/wp-content\/uploads\/2025\/08\/RainStore-Flat-6-600x600.png 600w, https:\/\/xymen.pl\/wp-content\/uploads\/2025\/08\/RainStore-Flat-6-100x100.png 100w, https:\/\/xymen.pl\/wp-content\/uploads\/2025\/08\/RainStore-Flat-6-50x50.png 50w\" sizes=\"(max-width: 800px) 100vw, 800px\" \/><\/p>\n<h4 class=\"MsoNormal\"><strong>The Collected Water Can be Used for:<\/strong><\/h4>\n<p class=\"MsoNormal\">&#8211; washing,<\/p>\n<p class=\"MsoNormal\">&#8211; watering,<\/p>\n<p class=\"MsoNormal\">&#8211; toilet flushing or laundry.<\/p>\n<p class=\"MsoNormal\">Rainwater flowing from the roof is collected by the gutter system and then led through a downpipe to the tank. The water is cleaned by a basket filter with fine mesh, then flows into the tank (by gravity). This system, thanks to the installation of a pump, allows for garden watering.  <\/p>\n<p class=\"MsoNormal\"><img decoding=\"async\" src=\"https:\/\/xymen.pl\/img\/cms\/raistore%20pro.jpg\" alt=\"\" width=\"400\" height=\"220\"><\/p>\n<p class=\"MsoNormal\">By collecting rainwater from roofed surfaces and paved surfaces through drainage systems and then discharging it to the ground within the property, it allows for maintaining the natural water cycle and effective rainwater management.<\/p>\n<h4 class=\"MsoNormal\"><strong> The Set Includes:<\/strong><\/h4>\n<ul>\n<li class=\"MsoNormal\">Flat 5 Tank<\/li>\n<li>Extension<\/li>\n<li>DN110 Inlet Pipe Connection<\/li>\n<li>DN110 Outlet<\/li>\n<li>Cover with Lock<\/li>\n<li>Basket Filter<\/li>\n<\/ul>\n<h4><strong>Optional Equipment:<\/strong><\/h4>\n<ul>\n<li>Subsurface Water Intake System<\/li>\n<li>Flow Filter<\/li>\n<li>Calmed Inflow<\/li>\n<li>Pedrollo Top Multi Tech 2 Pump<\/li>\n<\/ul>\n<h4 class=\"MsoNormal\"><strong>Rainwater Tanks &#8211; Main Advantages:<\/strong><\/h4>\n<ul>\n<li class=\"MsoNormal\">Small installation footprint.<\/li>\n<li>Very strong MDPE tank.<\/li>\n<li>Battery connection capability.<\/li>\n<li>Aesthetic and safe manhole with two locks.<\/li>\n<\/ul>\n<h5>Tank Dimensions:<\/h5>\n<p><img loading=\"lazy\" decoding=\"async\" class=\"alignnone wp-image-13705 size-medium\" src=\"https:\/\/xymen.pl\/wp-content\/uploads\/2025\/08\/RainStore-Flat-wymiary-300x300.png\" alt=\"\" width=\"300\" height=\"300\" srcset=\"https:\/\/xymen.pl\/wp-content\/uploads\/2025\/08\/RainStore-Flat-wymiary-300x300.png 300w, https:\/\/xymen.pl\/wp-content\/uploads\/2025\/08\/RainStore-Flat-wymiary-1024x1024.png 1024w, https:\/\/xymen.pl\/wp-content\/uploads\/2025\/08\/RainStore-Flat-wymiary-150x150.png 150w, https:\/\/xymen.pl\/wp-content\/uploads\/2025\/08\/RainStore-Flat-wymiary-768x768.png 768w, https:\/\/xymen.pl\/wp-content\/uploads\/2025\/08\/RainStore-Flat-wymiary-1536x1536.png 1536w, https:\/\/xymen.pl\/wp-content\/uploads\/2025\/08\/RainStore-Flat-wymiary-2048x2048.png 2048w, https:\/\/xymen.pl\/wp-content\/uploads\/2025\/08\/RainStore-Flat-wymiary-600x600.png 600w, https:\/\/xymen.pl\/wp-content\/uploads\/2025\/08\/RainStore-Flat-wymiary-100x100.png 100w, https:\/\/xymen.pl\/wp-content\/uploads\/2025\/08\/RainStore-Flat-wymiary-50x50.png 50w\" sizes=\"(max-width: 300px) 100vw, 300px\" \/><\/p>\n<p>A: 2.06m<br \/>\nB: 2.93m<br \/>\nC: 2.30m<\/p>\n<p>Weight: 248kg<br \/>\nUsable Volume: 4,364L<\/p>\n<p>&nbsp;<\/p>\n<p class=\"MsoNormal\">The tank manufacturer is Kingspan &#8211; a global leader in providing the highest quality products in rainwater management and sewerage.<\/p>\n<p>To facilitate access to water, we recommend  <a href=\"https:\/\/xymen.pl\/produkt\/studzienka-poboru-wody-z-zaworem-3-4\/\" target=\"_blank\" rel=\"noreferrer noopener\">water intake well<\/a><\/p>\n<p><a href=\"https:\/\/xymen.pl\/akcesoria-do-oczyszczalni\/273-1843-studzienka-poboru-wody-z-zaworem-34.html#\/111-aquabin_studzienka-wersja_hide_zielona\" target=\"_blank\" rel=\"noreferrer noopener\"><img loading=\"lazy\" decoding=\"async\" src=\"https:\/\/xymen.pl\/img\/cms\/studzienka-poboru-wody-z-zaworem-34.jpg\" alt=\"\" width=\"400\" height=\"400\"><\/a><\/p>\n","protected":false},"excerpt":{"rendered":"<p>KINGSPAN RainStore Flat 5 Flat Rainwater Tank<\/p>\n<p>&nbsp;<\/p>\n","protected":false},"featured_media":15729,"comment_status":"open","ping_status":"closed","template":"","meta":{"_acf_changed":false,"_glsr_average":0,"_glsr_ranking":0,"_glsr_reviews":0},"product_brand":[],"product_cat":[360,358,359],"product_tag":[361,352],"class_list":{"0":"post-15772","1":"product","2":"type-product","3":"status-publish","4":"has-post-thumbnail","6":"product_cat-3000-l-en","7":"product_cat-rainwater-tanks","8":"product_cat-underground","9":"product_tag-kingspan-en","10":"product_tag-standard-en","12":"first","13":"instock","14":"taxable","15":"shipping-taxable","16":"purchasable","17":"product-type-simple"},"acf":{"xymen_capacity":""},"yoast_head":"<!-- This site is optimized with the Yoast SEO plugin v27.1.1 - https:\/\/yoast.com\/product\/yoast-seo-wordpress\/ -->\n<title>KINGSPAN RainStore Flat 5 Basic Rainwater Tank | XYMEN<\/title>\n<meta name=\"description\" content=\"The KINGSPAN RainStore Flat 5 flat rainwater tank is the perfect solution for you if you value quality and convenience.\" \/>\n<meta name=\"robots\" content=\"index, follow, max-snippet:-1, max-image-preview:large, max-video-preview:-1\" \/>\n<link rel=\"canonical\" href=\"https:\/\/xymen.pl\/en\/product\/kingspan-rainstore-flat-5-basic-rainwater-tank\/\" \/>\n<meta property=\"og:locale\" content=\"en_US\" \/>\n<meta property=\"og:type\" content=\"article\" \/>\n<meta property=\"og:title\" content=\"KINGSPAN RainStore Flat 3 Rainwater Tank\" \/>\n<meta property=\"og:description\" content=\"The KINGSPAN RainStore Flat 3 flat rainwater tank is the perfect solution for you if you value quality and convenience.\" \/>\n<meta property=\"og:url\" content=\"https:\/\/xymen.pl\/en\/product\/kingspan-rainstore-flat-5-basic-rainwater-tank\/\" \/>\n<meta property=\"og:site_name\" content=\"XYMEN\" \/>\n<meta property=\"article:modified_time\" content=\"2025-08-20T08:08:13+00:00\" \/>\n<meta property=\"og:image\" content=\"https:\/\/xymen.pl\/wp-content\/uploads\/2025\/08\/RainStore-Flat-11-300x300.png\" \/>\n<meta name=\"twitter:card\" content=\"summary_large_image\" \/>\n<meta name=\"twitter:description\" content=\"Discover the reliability and durability of the KINGSPAN 6000l tank. Perfect for storing rainwater, drinking water, or industrial water - it will meet your expectations in every respect!\" \/>\n<meta name=\"twitter:image\" content=\"https:\/\/xymen.pl\/wp-content\/uploads\/2023\/03\/60000.png\" \/>\n<meta name=\"twitter:label1\" content=\"Est. reading time\" \/>\n\t<meta name=\"twitter:data1\" content=\"2 minutes\" \/>\n<script type=\"application\/ld+json\" class=\"yoast-schema-graph\">{\"@context\":\"https:\/\/schema.org\",\"@graph\":[{\"@type\":\"WebPage\",\"@id\":\"https:\/\/xymen.pl\/en\/product\/kingspan-rainstore-flat-5-basic-rainwater-tank\/\",\"url\":\"https:\/\/xymen.pl\/en\/product\/kingspan-rainstore-flat-5-basic-rainwater-tank\/\",\"name\":\"KINGSPAN RainStore Flat 5 Basic Rainwater Tank | XYMEN\",\"isPartOf\":{\"@id\":\"https:\/\/xymen.pl\/en\/#website\"},\"primaryImageOfPage\":{\"@id\":\"https:\/\/xymen.pl\/en\/product\/kingspan-rainstore-flat-5-basic-rainwater-tank\/#primaryimage\"},\"image\":{\"@id\":\"https:\/\/xymen.pl\/en\/product\/kingspan-rainstore-flat-5-basic-rainwater-tank\/#primaryimage\"},\"thumbnailUrl\":\"https:\/\/xymen.pl\/wp-content\/uploads\/2025\/08\/RainStore-Flat-1-scaled.png\",\"datePublished\":\"2025-08-11T18:00:07+00:00\",\"dateModified\":\"2025-08-20T08:08:13+00:00\",\"description\":\"The KINGSPAN RainStore Flat 5 flat rainwater tank is the perfect solution for you if you value quality and convenience.\",\"breadcrumb\":{\"@id\":\"https:\/\/xymen.pl\/en\/product\/kingspan-rainstore-flat-5-basic-rainwater-tank\/#breadcrumb\"},\"inLanguage\":\"en-US\",\"potentialAction\":[{\"@type\":\"ReadAction\",\"target\":[\"https:\/\/xymen.pl\/en\/product\/kingspan-rainstore-flat-5-basic-rainwater-tank\/\"]}]},{\"@type\":\"ImageObject\",\"inLanguage\":\"en-US\",\"@id\":\"https:\/\/xymen.pl\/en\/product\/kingspan-rainstore-flat-5-basic-rainwater-tank\/#primaryimage\",\"url\":\"https:\/\/xymen.pl\/wp-content\/uploads\/2025\/08\/RainStore-Flat-1-scaled.png\",\"contentUrl\":\"https:\/\/xymen.pl\/wp-content\/uploads\/2025\/08\/RainStore-Flat-1-scaled.png\",\"width\":2560,\"height\":2560},{\"@type\":\"BreadcrumbList\",\"@id\":\"https:\/\/xymen.pl\/en\/product\/kingspan-rainstore-flat-5-basic-rainwater-tank\/#breadcrumb\",\"itemListElement\":[{\"@type\":\"ListItem\",\"position\":1,\"name\":\"Products\",\"item\":\"https:\/\/xymen.pl\/en\/products\/\"},{\"@type\":\"ListItem\",\"position\":2,\"name\":\"KINGSPAN RainStore Flat 5 Basic Rainwater Tank\"}]},{\"@type\":\"WebSite\",\"@id\":\"https:\/\/xymen.pl\/en\/#website\",\"url\":\"https:\/\/xymen.pl\/en\/\",\"name\":\"XYMEN\",\"description\":\"zbiorniki na deszcz\u00f3wk\u0119 | ekologiczne oczyszczalnie \u015bciek\u00f3w\",\"publisher\":{\"@id\":\"https:\/\/xymen.pl\/en\/#organization\"},\"potentialAction\":[{\"@type\":\"SearchAction\",\"target\":{\"@type\":\"EntryPoint\",\"urlTemplate\":\"https:\/\/xymen.pl\/en\/?s={search_term_string}\"},\"query-input\":{\"@type\":\"PropertyValueSpecification\",\"valueRequired\":true,\"valueName\":\"search_term_string\"}}],\"inLanguage\":\"en-US\"},{\"@type\":\"Organization\",\"@id\":\"https:\/\/xymen.pl\/en\/#organization\",\"name\":\"XYMEN\",\"url\":\"https:\/\/xymen.pl\/en\/\",\"logo\":{\"@type\":\"ImageObject\",\"inLanguage\":\"en-US\",\"@id\":\"https:\/\/xymen.pl\/en\/#\/schema\/logo\/image\/\",\"url\":\"https:\/\/xymen.pl\/wp-content\/uploads\/2023\/02\/xymenpl-logo-1612299642.png\",\"contentUrl\":\"https:\/\/xymen.pl\/wp-content\/uploads\/2023\/02\/xymenpl-logo-1612299642.png\",\"width\":222,\"height\":218,\"caption\":\"XYMEN\"},\"image\":{\"@id\":\"https:\/\/xymen.pl\/en\/#\/schema\/logo\/image\/\"}}]}<\/script>\n<!-- \/ Yoast SEO plugin. -->","yoast_head_json":{"title":"KINGSPAN RainStore Flat 5 Basic Rainwater Tank | XYMEN","description":"The KINGSPAN RainStore Flat 5 flat rainwater tank is the perfect solution for you if you value quality and convenience.","robots":{"index":"index","follow":"follow","max-snippet":"max-snippet:-1","max-image-preview":"max-image-preview:large","max-video-preview":"max-video-preview:-1"},"canonical":"https:\/\/xymen.pl\/en\/product\/kingspan-rainstore-flat-5-basic-rainwater-tank\/","og_locale":"en_US","og_type":"article","og_title":"KINGSPAN RainStore Flat 3 Rainwater Tank","og_description":"The KINGSPAN RainStore Flat 3 flat rainwater tank is the perfect solution for you if you value quality and convenience.","og_url":"https:\/\/xymen.pl\/en\/product\/kingspan-rainstore-flat-5-basic-rainwater-tank\/","og_site_name":"XYMEN","article_modified_time":"2025-08-20T08:08:13+00:00","og_image":[{"url":"https:\/\/xymen.pl\/wp-content\/uploads\/2025\/08\/RainStore-Flat-11-300x300.png","type":"","width":"","height":""}],"twitter_card":"summary_large_image","twitter_description":"Discover the reliability and durability of the KINGSPAN 6000l tank. Perfect for storing rainwater, drinking water, or industrial water - it will meet your expectations in every respect!","twitter_image":"https:\/\/xymen.pl\/wp-content\/uploads\/2023\/03\/60000.png","twitter_misc":{"Est. reading time":"2 minutes"},"schema":{"@context":"https:\/\/schema.org","@graph":[{"@type":"WebPage","@id":"https:\/\/xymen.pl\/en\/product\/kingspan-rainstore-flat-5-basic-rainwater-tank\/","url":"https:\/\/xymen.pl\/en\/product\/kingspan-rainstore-flat-5-basic-rainwater-tank\/","name":"KINGSPAN RainStore Flat 5 Basic Rainwater Tank | XYMEN","isPartOf":{"@id":"https:\/\/xymen.pl\/en\/#website"},"primaryImageOfPage":{"@id":"https:\/\/xymen.pl\/en\/product\/kingspan-rainstore-flat-5-basic-rainwater-tank\/#primaryimage"},"image":{"@id":"https:\/\/xymen.pl\/en\/product\/kingspan-rainstore-flat-5-basic-rainwater-tank\/#primaryimage"},"thumbnailUrl":"https:\/\/xymen.pl\/wp-content\/uploads\/2025\/08\/RainStore-Flat-1-scaled.png","datePublished":"2025-08-11T18:00:07+00:00","dateModified":"2025-08-20T08:08:13+00:00","description":"The KINGSPAN RainStore Flat 5 flat rainwater tank is the perfect solution for you if you value quality and convenience.","breadcrumb":{"@id":"https:\/\/xymen.pl\/en\/product\/kingspan-rainstore-flat-5-basic-rainwater-tank\/#breadcrumb"},"inLanguage":"en-US","potentialAction":[{"@type":"ReadAction","target":["https:\/\/xymen.pl\/en\/product\/kingspan-rainstore-flat-5-basic-rainwater-tank\/"]}]},{"@type":"ImageObject","inLanguage":"en-US","@id":"https:\/\/xymen.pl\/en\/product\/kingspan-rainstore-flat-5-basic-rainwater-tank\/#primaryimage","url":"https:\/\/xymen.pl\/wp-content\/uploads\/2025\/08\/RainStore-Flat-1-scaled.png","contentUrl":"https:\/\/xymen.pl\/wp-content\/uploads\/2025\/08\/RainStore-Flat-1-scaled.png","width":2560,"height":2560},{"@type":"BreadcrumbList","@id":"https:\/\/xymen.pl\/en\/product\/kingspan-rainstore-flat-5-basic-rainwater-tank\/#breadcrumb","itemListElement":[{"@type":"ListItem","position":1,"name":"Products","item":"https:\/\/xymen.pl\/en\/products\/"},{"@type":"ListItem","position":2,"name":"KINGSPAN RainStore Flat 5 Basic Rainwater Tank"}]},{"@type":"WebSite","@id":"https:\/\/xymen.pl\/en\/#website","url":"https:\/\/xymen.pl\/en\/","name":"XYMEN","description":"zbiorniki na deszcz\u00f3wk\u0119 | ekologiczne oczyszczalnie \u015bciek\u00f3w","publisher":{"@id":"https:\/\/xymen.pl\/en\/#organization"},"potentialAction":[{"@type":"SearchAction","target":{"@type":"EntryPoint","urlTemplate":"https:\/\/xymen.pl\/en\/?s={search_term_string}"},"query-input":{"@type":"PropertyValueSpecification","valueRequired":true,"valueName":"search_term_string"}}],"inLanguage":"en-US"},{"@type":"Organization","@id":"https:\/\/xymen.pl\/en\/#organization","name":"XYMEN","url":"https:\/\/xymen.pl\/en\/","logo":{"@type":"ImageObject","inLanguage":"en-US","@id":"https:\/\/xymen.pl\/en\/#\/schema\/logo\/image\/","url":"https:\/\/xymen.pl\/wp-content\/uploads\/2023\/02\/xymenpl-logo-1612299642.png","contentUrl":"https:\/\/xymen.pl\/wp-content\/uploads\/2023\/02\/xymenpl-logo-1612299642.png","width":222,"height":218,"caption":"XYMEN"},"image":{"@id":"https:\/\/xymen.pl\/en\/#\/schema\/logo\/image\/"}}]}},"_links":{"self":[{"href":"https:\/\/xymen.pl\/en\/wp-json\/wp\/v2\/product\/15772","targetHints":{"allow":["GET"]}}],"collection":[{"href":"https:\/\/xymen.pl\/en\/wp-json\/wp\/v2\/product"}],"about":[{"href":"https:\/\/xymen.pl\/en\/wp-json\/wp\/v2\/types\/product"}],"replies":[{"embeddable":true,"href":"https:\/\/xymen.pl\/en\/wp-json\/wp\/v2\/comments?post=15772"}],"wp:featuredmedia":[{"embeddable":true,"href":"https:\/\/xymen.pl\/en\/wp-json\/wp\/v2\/media\/15729"}],"wp:attachment":[{"href":"https:\/\/xymen.pl\/en\/wp-json\/wp\/v2\/media?parent=15772"}],"wp:term":[{"taxonomy":"product_brand","embeddable":true,"href":"https:\/\/xymen.pl\/en\/wp-json\/wp\/v2\/product_brand?post=15772"},{"taxonomy":"product_cat","embeddable":true,"href":"https:\/\/xymen.pl\/en\/wp-json\/wp\/v2\/product_cat?post=15772"},{"taxonomy":"product_tag","embeddable":true,"href":"https:\/\/xymen.pl\/en\/wp-json\/wp\/v2\/product_tag?post=15772"}],"curies":[{"name":"wp","href":"https:\/\/api.w.org\/{rel}","templated":true}]}}