{"id":15782,"date":"2025-08-08T07:52:57","date_gmt":"2025-08-08T05:52:57","guid":{"rendered":"https:\/\/xymen.pl\/produkt\/barillo-350l-above-ground-rainwater-tank\/"},"modified":"2025-08-20T10:28:38","modified_gmt":"2025-08-20T08:28:38","slug":"barillo-350l-above-ground-rainwater-tank","status":"publish","type":"product","link":"https:\/\/xymen.pl\/en\/product\/barillo-350l-above-ground-rainwater-tank\/","title":{"rendered":"Barillo 350l Above-Ground Rainwater Tank"},"content":{"rendered":"<p><img fetchpriority=\"high\" decoding=\"async\" class=\"alignnone wp-image-8996 size-medium\" src=\"https:\/\/xymen.pl\/wp-content\/uploads\/2024\/10\/logo-mpi-300x177.png\" alt=\"\" width=\"300\" height=\"177\" srcset=\"https:\/\/xymen.pl\/wp-content\/uploads\/2024\/10\/logo-mpi-300x177.png 300w, https:\/\/xymen.pl\/wp-content\/uploads\/2024\/10\/logo-mpi-1024x605.png 1024w, https:\/\/xymen.pl\/wp-content\/uploads\/2024\/10\/logo-mpi-768x454.png 768w, https:\/\/xymen.pl\/wp-content\/uploads\/2024\/10\/logo-mpi-600x354.png 600w, https:\/\/xymen.pl\/wp-content\/uploads\/2024\/10\/logo-mpi.png 1229w\" sizes=\"(max-width: 300px) 100vw, 300px\" \/><\/p>\n<h2>Barillo 350l &#8211; Decorative Rainwater Tank<\/h2>\n<p>Barillo 350L rainwater tank &#8211; beautiful appearance and functionality. Invest in rainwater retention and a beautiful garden. Tank made from high-quality PE, shaped like a wooden barrel, with texture and color imitating wood. Tank made in rustic style, won&#8217;t spoil your garden&#8217;s appearance and will provide water for watering plants.   <\/p>\n<p>Tanks are equipped with a lid with handle, which allows access to the tank interior.<\/p>\n<p><img decoding=\"async\" class=\"alignnone wp-image-13651 size-medium\" src=\"https:\/\/xymen.pl\/wp-content\/uploads\/2025\/08\/Barillo-calosc-300x300.png\" alt=\"\" width=\"300\" height=\"300\" srcset=\"https:\/\/xymen.pl\/wp-content\/uploads\/2025\/08\/Barillo-calosc-300x300.png 300w, https:\/\/xymen.pl\/wp-content\/uploads\/2025\/08\/Barillo-calosc-1024x1024.png 1024w, https:\/\/xymen.pl\/wp-content\/uploads\/2025\/08\/Barillo-calosc-150x150.png 150w, https:\/\/xymen.pl\/wp-content\/uploads\/2025\/08\/Barillo-calosc-768x768.png 768w, https:\/\/xymen.pl\/wp-content\/uploads\/2025\/08\/Barillo-calosc-1536x1536.png 1536w, https:\/\/xymen.pl\/wp-content\/uploads\/2025\/08\/Barillo-calosc-2048x2048.png 2048w, https:\/\/xymen.pl\/wp-content\/uploads\/2025\/08\/Barillo-calosc-600x600.png 600w, https:\/\/xymen.pl\/wp-content\/uploads\/2025\/08\/Barillo-calosc-100x100.png 100w, https:\/\/xymen.pl\/wp-content\/uploads\/2025\/08\/Barillo-calosc-50x50.png 50w\" sizes=\"(max-width: 300px) 100vw, 300px\" \/><\/p>\n<p>Tanks can be equipped with a raising base, facilitating water collection, sold separately.<\/p>\n<p>Installation of pump systems in the tank is permitted provided the manufacturer&#8217;s guidelines are followed.<\/p>\n<p>Tank installation can be done yourself. It will be necessary to purchase a connection kit with tap or hole saw. Each connection kit prevents tank overflow by directing excess water back to the gutter. It is important that the tank is located on level, hardened ground as close to the gutter as possible.   <\/p>\n<p>&nbsp;<\/p>\n<h4>Tank Dimensions:<\/h4>\n<p>A: 0.80m<\/p>\n<p>B: 0.90m<\/p>\n<p>&nbsp;<\/p>\n<p><img decoding=\"async\" class=\"alignnone wp-image-13674 size-medium\" src=\"https:\/\/xymen.pl\/wp-content\/uploads\/2025\/08\/Barillo-350L-wymiary-300x300.png\" alt=\"\" width=\"300\" height=\"300\" srcset=\"https:\/\/xymen.pl\/wp-content\/uploads\/2025\/08\/Barillo-350L-wymiary-300x300.png 300w, https:\/\/xymen.pl\/wp-content\/uploads\/2025\/08\/Barillo-350L-wymiary-1024x1024.png 1024w, https:\/\/xymen.pl\/wp-content\/uploads\/2025\/08\/Barillo-350L-wymiary-150x150.png 150w, https:\/\/xymen.pl\/wp-content\/uploads\/2025\/08\/Barillo-350L-wymiary-768x768.png 768w, https:\/\/xymen.pl\/wp-content\/uploads\/2025\/08\/Barillo-350L-wymiary-1536x1536.png 1536w, https:\/\/xymen.pl\/wp-content\/uploads\/2025\/08\/Barillo-350L-wymiary-2048x2048.png 2048w, https:\/\/xymen.pl\/wp-content\/uploads\/2025\/08\/Barillo-350L-wymiary-600x600.png 600w, https:\/\/xymen.pl\/wp-content\/uploads\/2025\/08\/Barillo-350L-wymiary-100x100.png 100w, https:\/\/xymen.pl\/wp-content\/uploads\/2025\/08\/Barillo-350L-wymiary-50x50.png 50w\" sizes=\"(max-width: 300px) 100vw, 300px\" \/><\/p>\n","protected":false},"excerpt":{"rendered":"<p class=\"MsoNormal\">Decorative rainwater retention tank 350L<\/p>\n","protected":false},"featured_media":13670,"comment_status":"open","ping_status":"closed","template":"","meta":{"_acf_changed":false,"_glsr_average":0,"_glsr_ranking":0,"_glsr_reviews":0},"product_brand":[],"product_cat":[369,363,358],"product_tag":[365,352],"class_list":{"0":"post-15782","1":"product","2":"type-product","3":"status-publish","4":"has-post-thumbnail","6":"product_cat-350l-en","7":"product_cat-above-ground","8":"product_cat-rainwater-tanks","9":"product_tag-mpi-en","10":"product_tag-standard-en","12":"first","13":"instock","14":"taxable","15":"shipping-taxable","16":"purchasable","17":"product-type-simple"},"acf":{"xymen_capacity":""},"yoast_head":"<!-- This site is optimized with the Yoast SEO plugin v27.1.1 - https:\/\/yoast.com\/product\/yoast-seo-wordpress\/ -->\n<title>Barillo 350l Above-Ground Rainwater Tank | XYMEN<\/title>\n<meta name=\"description\" content=\"Barillo 350L - decorative rainwater tank for your rustic garden. Unique style and high-quality craftsmanship - choose Barillo.\" \/>\n<meta name=\"robots\" content=\"index, follow, max-snippet:-1, max-image-preview:large, max-video-preview:-1\" \/>\n<link rel=\"canonical\" href=\"https:\/\/xymen.pl\/en\/product\/barillo-350l-above-ground-rainwater-tank\/\" \/>\n<meta property=\"og:locale\" content=\"en_US\" \/>\n<meta property=\"og:type\" content=\"article\" \/>\n<meta property=\"og:title\" content=\"Barillo 350l - Decorative Rainwater Tank\" \/>\n<meta property=\"og:description\" content=\"Barillo 350L - decorative rainwater tank for your rustic garden. Unique style and high-quality craftsmanship - choose Barillo.\" \/>\n<meta property=\"og:url\" content=\"https:\/\/xymen.pl\/en\/product\/barillo-350l-above-ground-rainwater-tank\/\" \/>\n<meta property=\"og:site_name\" content=\"XYMEN\" \/>\n<meta property=\"article:modified_time\" content=\"2025-08-20T08:28:38+00:00\" \/>\n<meta property=\"og:image\" content=\"https:\/\/xymen.pl\/wp-content\/uploads\/2025\/08\/Barillo-350L-300x300.png\" \/>\n<meta name=\"twitter:card\" content=\"summary_large_image\" \/>\n<meta name=\"twitter:label1\" content=\"Est. reading time\" \/>\n\t<meta name=\"twitter:data1\" content=\"1 minute\" \/>\n<script type=\"application\/ld+json\" class=\"yoast-schema-graph\">{\"@context\":\"https:\/\/schema.org\",\"@graph\":[{\"@type\":\"WebPage\",\"@id\":\"https:\/\/xymen.pl\/en\/product\/barillo-350l-above-ground-rainwater-tank\/\",\"url\":\"https:\/\/xymen.pl\/en\/product\/barillo-350l-above-ground-rainwater-tank\/\",\"name\":\"Barillo 350l Above-Ground Rainwater Tank | XYMEN\",\"isPartOf\":{\"@id\":\"https:\/\/xymen.pl\/en\/#website\"},\"primaryImageOfPage\":{\"@id\":\"https:\/\/xymen.pl\/en\/product\/barillo-350l-above-ground-rainwater-tank\/#primaryimage\"},\"image\":{\"@id\":\"https:\/\/xymen.pl\/en\/product\/barillo-350l-above-ground-rainwater-tank\/#primaryimage\"},\"thumbnailUrl\":\"https:\/\/xymen.pl\/wp-content\/uploads\/2025\/08\/Barillo-350L-scaled.png\",\"datePublished\":\"2025-08-08T05:52:57+00:00\",\"dateModified\":\"2025-08-20T08:28:38+00:00\",\"description\":\"Barillo 350L - decorative rainwater tank for your rustic garden. Unique style and high-quality craftsmanship - choose Barillo.\",\"breadcrumb\":{\"@id\":\"https:\/\/xymen.pl\/en\/product\/barillo-350l-above-ground-rainwater-tank\/#breadcrumb\"},\"inLanguage\":\"en-US\",\"potentialAction\":[{\"@type\":\"ReadAction\",\"target\":[\"https:\/\/xymen.pl\/en\/product\/barillo-350l-above-ground-rainwater-tank\/\"]}]},{\"@type\":\"ImageObject\",\"inLanguage\":\"en-US\",\"@id\":\"https:\/\/xymen.pl\/en\/product\/barillo-350l-above-ground-rainwater-tank\/#primaryimage\",\"url\":\"https:\/\/xymen.pl\/wp-content\/uploads\/2025\/08\/Barillo-350L-scaled.png\",\"contentUrl\":\"https:\/\/xymen.pl\/wp-content\/uploads\/2025\/08\/Barillo-350L-scaled.png\",\"width\":2560,\"height\":2560},{\"@type\":\"BreadcrumbList\",\"@id\":\"https:\/\/xymen.pl\/en\/product\/barillo-350l-above-ground-rainwater-tank\/#breadcrumb\",\"itemListElement\":[{\"@type\":\"ListItem\",\"position\":1,\"name\":\"Products\",\"item\":\"https:\/\/xymen.pl\/en\/products\/\"},{\"@type\":\"ListItem\",\"position\":2,\"name\":\"Barillo 350l Above-Ground Rainwater Tank\"}]},{\"@type\":\"WebSite\",\"@id\":\"https:\/\/xymen.pl\/en\/#website\",\"url\":\"https:\/\/xymen.pl\/en\/\",\"name\":\"XYMEN\",\"description\":\"zbiorniki na deszcz\u00f3wk\u0119 | ekologiczne oczyszczalnie \u015bciek\u00f3w\",\"publisher\":{\"@id\":\"https:\/\/xymen.pl\/en\/#organization\"},\"potentialAction\":[{\"@type\":\"SearchAction\",\"target\":{\"@type\":\"EntryPoint\",\"urlTemplate\":\"https:\/\/xymen.pl\/en\/?s={search_term_string}\"},\"query-input\":{\"@type\":\"PropertyValueSpecification\",\"valueRequired\":true,\"valueName\":\"search_term_string\"}}],\"inLanguage\":\"en-US\"},{\"@type\":\"Organization\",\"@id\":\"https:\/\/xymen.pl\/en\/#organization\",\"name\":\"XYMEN\",\"url\":\"https:\/\/xymen.pl\/en\/\",\"logo\":{\"@type\":\"ImageObject\",\"inLanguage\":\"en-US\",\"@id\":\"https:\/\/xymen.pl\/en\/#\/schema\/logo\/image\/\",\"url\":\"https:\/\/xymen.pl\/wp-content\/uploads\/2023\/02\/xymenpl-logo-1612299642.png\",\"contentUrl\":\"https:\/\/xymen.pl\/wp-content\/uploads\/2023\/02\/xymenpl-logo-1612299642.png\",\"width\":222,\"height\":218,\"caption\":\"XYMEN\"},\"image\":{\"@id\":\"https:\/\/xymen.pl\/en\/#\/schema\/logo\/image\/\"}}]}<\/script>\n<!-- \/ Yoast SEO plugin. -->","yoast_head_json":{"title":"Barillo 350l Above-Ground Rainwater Tank | XYMEN","description":"Barillo 350L - decorative rainwater tank for your rustic garden. Unique style and high-quality craftsmanship - choose Barillo.","robots":{"index":"index","follow":"follow","max-snippet":"max-snippet:-1","max-image-preview":"max-image-preview:large","max-video-preview":"max-video-preview:-1"},"canonical":"https:\/\/xymen.pl\/en\/product\/barillo-350l-above-ground-rainwater-tank\/","og_locale":"en_US","og_type":"article","og_title":"Barillo 350l - Decorative Rainwater Tank","og_description":"Barillo 350L - decorative rainwater tank for your rustic garden. Unique style and high-quality craftsmanship - choose Barillo.","og_url":"https:\/\/xymen.pl\/en\/product\/barillo-350l-above-ground-rainwater-tank\/","og_site_name":"XYMEN","article_modified_time":"2025-08-20T08:28:38+00:00","og_image":[{"url":"https:\/\/xymen.pl\/wp-content\/uploads\/2025\/08\/Barillo-350L-300x300.png","type":"","width":"","height":""}],"twitter_card":"summary_large_image","twitter_misc":{"Est. reading time":"1 minute"},"schema":{"@context":"https:\/\/schema.org","@graph":[{"@type":"WebPage","@id":"https:\/\/xymen.pl\/en\/product\/barillo-350l-above-ground-rainwater-tank\/","url":"https:\/\/xymen.pl\/en\/product\/barillo-350l-above-ground-rainwater-tank\/","name":"Barillo 350l Above-Ground Rainwater Tank | XYMEN","isPartOf":{"@id":"https:\/\/xymen.pl\/en\/#website"},"primaryImageOfPage":{"@id":"https:\/\/xymen.pl\/en\/product\/barillo-350l-above-ground-rainwater-tank\/#primaryimage"},"image":{"@id":"https:\/\/xymen.pl\/en\/product\/barillo-350l-above-ground-rainwater-tank\/#primaryimage"},"thumbnailUrl":"https:\/\/xymen.pl\/wp-content\/uploads\/2025\/08\/Barillo-350L-scaled.png","datePublished":"2025-08-08T05:52:57+00:00","dateModified":"2025-08-20T08:28:38+00:00","description":"Barillo 350L - decorative rainwater tank for your rustic garden. Unique style and high-quality craftsmanship - choose Barillo.","breadcrumb":{"@id":"https:\/\/xymen.pl\/en\/product\/barillo-350l-above-ground-rainwater-tank\/#breadcrumb"},"inLanguage":"en-US","potentialAction":[{"@type":"ReadAction","target":["https:\/\/xymen.pl\/en\/product\/barillo-350l-above-ground-rainwater-tank\/"]}]},{"@type":"ImageObject","inLanguage":"en-US","@id":"https:\/\/xymen.pl\/en\/product\/barillo-350l-above-ground-rainwater-tank\/#primaryimage","url":"https:\/\/xymen.pl\/wp-content\/uploads\/2025\/08\/Barillo-350L-scaled.png","contentUrl":"https:\/\/xymen.pl\/wp-content\/uploads\/2025\/08\/Barillo-350L-scaled.png","width":2560,"height":2560},{"@type":"BreadcrumbList","@id":"https:\/\/xymen.pl\/en\/product\/barillo-350l-above-ground-rainwater-tank\/#breadcrumb","itemListElement":[{"@type":"ListItem","position":1,"name":"Products","item":"https:\/\/xymen.pl\/en\/products\/"},{"@type":"ListItem","position":2,"name":"Barillo 350l Above-Ground Rainwater Tank"}]},{"@type":"WebSite","@id":"https:\/\/xymen.pl\/en\/#website","url":"https:\/\/xymen.pl\/en\/","name":"XYMEN","description":"zbiorniki na deszcz\u00f3wk\u0119 | ekologiczne oczyszczalnie \u015bciek\u00f3w","publisher":{"@id":"https:\/\/xymen.pl\/en\/#organization"},"potentialAction":[{"@type":"SearchAction","target":{"@type":"EntryPoint","urlTemplate":"https:\/\/xymen.pl\/en\/?s={search_term_string}"},"query-input":{"@type":"PropertyValueSpecification","valueRequired":true,"valueName":"search_term_string"}}],"inLanguage":"en-US"},{"@type":"Organization","@id":"https:\/\/xymen.pl\/en\/#organization","name":"XYMEN","url":"https:\/\/xymen.pl\/en\/","logo":{"@type":"ImageObject","inLanguage":"en-US","@id":"https:\/\/xymen.pl\/en\/#\/schema\/logo\/image\/","url":"https:\/\/xymen.pl\/wp-content\/uploads\/2023\/02\/xymenpl-logo-1612299642.png","contentUrl":"https:\/\/xymen.pl\/wp-content\/uploads\/2023\/02\/xymenpl-logo-1612299642.png","width":222,"height":218,"caption":"XYMEN"},"image":{"@id":"https:\/\/xymen.pl\/en\/#\/schema\/logo\/image\/"}}]}},"_links":{"self":[{"href":"https:\/\/xymen.pl\/en\/wp-json\/wp\/v2\/product\/15782","targetHints":{"allow":["GET"]}}],"collection":[{"href":"https:\/\/xymen.pl\/en\/wp-json\/wp\/v2\/product"}],"about":[{"href":"https:\/\/xymen.pl\/en\/wp-json\/wp\/v2\/types\/product"}],"replies":[{"embeddable":true,"href":"https:\/\/xymen.pl\/en\/wp-json\/wp\/v2\/comments?post=15782"}],"wp:featuredmedia":[{"embeddable":true,"href":"https:\/\/xymen.pl\/en\/wp-json\/wp\/v2\/media\/13670"}],"wp:attachment":[{"href":"https:\/\/xymen.pl\/en\/wp-json\/wp\/v2\/media?parent=15782"}],"wp:term":[{"taxonomy":"product_brand","embeddable":true,"href":"https:\/\/xymen.pl\/en\/wp-json\/wp\/v2\/product_brand?post=15782"},{"taxonomy":"product_cat","embeddable":true,"href":"https:\/\/xymen.pl\/en\/wp-json\/wp\/v2\/product_cat?post=15782"},{"taxonomy":"product_tag","embeddable":true,"href":"https:\/\/xymen.pl\/en\/wp-json\/wp\/v2\/product_tag?post=15782"}],"curies":[{"name":"wp","href":"https:\/\/api.w.org\/{rel}","templated":true}]}}