{"id":15797,"date":"2024-07-02T11:15:04","date_gmt":"2024-07-02T09:15:04","guid":{"rendered":"https:\/\/xymen.pl\/produkt\/settling-tank-rotten-nolen-b-4-4000l\/"},"modified":"2024-07-02T11:15:04","modified_gmt":"2024-07-02T09:15:04","slug":"settling-tank-rotten-nolen-b-4-4000l","status":"publish","type":"product","link":"https:\/\/xymen.pl\/en\/product\/settling-tank-rotten-nolen-b-4-4000l\/","title":{"rendered":"Settling tank rotten NOLEN B.4 4000L"},"content":{"rendered":"<p><img decoding=\"async\" class=\"alignnone wp-image-2537\" src=\"https:\/\/xymen.pl\/wp-content\/uploads\/2023\/03\/21.png\" alt=\"\" width=\"175\" height=\"58\"><\/p>\n<p>BOX 4.0 4000L tank<\/p>\n<p><strong>It can be used as:<\/strong><\/p>\n<ul>\n<li>septic tank<\/li>\n<li>rainwater tank<\/li>\n<li>sealed septic tank<\/li>\n<\/ul>\n<p><strong>Tank Dimensions:<\/strong><\/p>\n<p><img fetchpriority=\"high\" decoding=\"async\" class=\"alignnone wp-image-8712\" src=\"https:\/\/xymen.pl\/wp-content\/uploads\/2024\/07\/B.4-wymiary.png\" alt=\"\" width=\"591\" height=\"607\" srcset=\"https:\/\/xymen.pl\/wp-content\/uploads\/2024\/07\/B.4-wymiary.png 870w, https:\/\/xymen.pl\/wp-content\/uploads\/2024\/07\/B.4-wymiary-292x300.png 292w, https:\/\/xymen.pl\/wp-content\/uploads\/2024\/07\/B.4-wymiary-768x788.png 768w, https:\/\/xymen.pl\/wp-content\/uploads\/2024\/07\/B.4-wymiary-600x616.png 600w, https:\/\/xymen.pl\/wp-content\/uploads\/2024\/07\/B.4-wymiary-50x50.png 50w\" sizes=\"(max-width: 591px) 100vw, 591px\" \/><\/p>\n<p class=\"MsoNormal\" style=\"margin-top: 0px; margin-bottom: 10px; font-family: Poppins, Arial, Helvetica, sans-serif; font-size: 13px; background-color: #ffffff;\">\n","protected":false},"excerpt":{"rendered":"<p>BOX 4.0 4000L TANK<\/p>\n","protected":false},"featured_media":8711,"comment_status":"open","ping_status":"closed","template":"","meta":{"_acf_changed":false,"_glsr_average":0,"_glsr_ranking":0,"_glsr_reviews":0},"product_brand":[],"product_cat":[380,379],"product_tag":[382,381,104,538],"class_list":{"0":"post-15797","1":"product","2":"type-product","3":"status-publish","4":"has-post-thumbnail","6":"product_cat-4000-l-en","7":"product_cat-sedimentation-tanks-rotten","8":"product_tag-nolen-en","9":"product_tag-with-variants","10":"product_tag-z-wariantami","11":"product_tag-z-wariantami-en","13":"first","14":"instock","15":"taxable","16":"shipping-taxable","17":"purchasable","18":"product-type-variable","19":"has-default-attributes"},"acf":{"xymen_capacity":""},"yoast_head":"<!-- This site is optimized with the Yoast SEO plugin v27.1.1 - https:\/\/yoast.com\/product\/yoast-seo-wordpress\/ -->\n<title>Settling tank rotten NOLEN B.4 4000L | XYMEN<\/title>\n<meta name=\"robots\" content=\"index, follow, max-snippet:-1, max-image-preview:large, max-video-preview:-1\" \/>\n<link rel=\"canonical\" href=\"https:\/\/xymen.pl\/en\/product\/settling-tank-rotten-nolen-b-4-4000l\/\" \/>\n<meta property=\"og:locale\" content=\"en_US\" \/>\n<meta property=\"og:type\" content=\"article\" \/>\n<meta property=\"og:title\" content=\"Settling tank rotten NOLEN BOX 4.0 4000L\" \/>\n<meta property=\"og:description\" content=\"Settling tank septic NOLEN BOX 4.0 4000L - effective and compact solution for treatment sewage in homes private and small businesses.\" \/>\n<meta property=\"og:url\" content=\"https:\/\/xymen.pl\/en\/product\/settling-tank-rotten-nolen-b-4-4000l\/\" \/>\n<meta property=\"og:site_name\" content=\"XYMEN\" \/>\n<meta property=\"og:image\" content=\"https:\/\/xymen.pl\/wp-content\/uploads\/2024\/07\/B4-czarny-1.jpg\" \/>\n<meta name=\"twitter:card\" content=\"summary_large_image\" \/>\n<meta name=\"twitter:title\" content=\"Settling tank rotten NOLEN BOX 3.0 3000L\" \/>\n<meta name=\"twitter:description\" content=\"Settling tank septic NOLEN BOX 3.0 3000L - effective and compact solution for treatment sewage in homes private and small businesses.\" \/>\n<meta name=\"twitter:image\" content=\"https:\/\/xymen.pl\/wp-content\/uploads\/2023\/03\/zbiornik-box-30-3000l-.png\" \/>\n<script type=\"application\/ld+json\" class=\"yoast-schema-graph\">{\"@context\":\"https:\/\/schema.org\",\"@graph\":[{\"@type\":\"WebPage\",\"@id\":\"https:\/\/xymen.pl\/en\/product\/settling-tank-rotten-nolen-b-4-4000l\/\",\"url\":\"https:\/\/xymen.pl\/en\/product\/settling-tank-rotten-nolen-b-4-4000l\/\",\"name\":\"Settling tank rotten NOLEN B.4 4000L | XYMEN\",\"isPartOf\":{\"@id\":\"https:\/\/xymen.pl\/en\/#website\"},\"primaryImageOfPage\":{\"@id\":\"https:\/\/xymen.pl\/en\/product\/settling-tank-rotten-nolen-b-4-4000l\/#primaryimage\"},\"image\":{\"@id\":\"https:\/\/xymen.pl\/en\/product\/settling-tank-rotten-nolen-b-4-4000l\/#primaryimage\"},\"thumbnailUrl\":\"https:\/\/xymen.pl\/wp-content\/uploads\/2024\/07\/B4-czarny-1.jpg\",\"datePublished\":\"2024-07-02T09:15:04+00:00\",\"breadcrumb\":{\"@id\":\"https:\/\/xymen.pl\/en\/product\/settling-tank-rotten-nolen-b-4-4000l\/#breadcrumb\"},\"inLanguage\":\"en-US\",\"potentialAction\":[{\"@type\":\"ReadAction\",\"target\":[\"https:\/\/xymen.pl\/en\/product\/settling-tank-rotten-nolen-b-4-4000l\/\"]}]},{\"@type\":\"ImageObject\",\"inLanguage\":\"en-US\",\"@id\":\"https:\/\/xymen.pl\/en\/product\/settling-tank-rotten-nolen-b-4-4000l\/#primaryimage\",\"url\":\"https:\/\/xymen.pl\/wp-content\/uploads\/2024\/07\/B4-czarny-1.jpg\",\"contentUrl\":\"https:\/\/xymen.pl\/wp-content\/uploads\/2024\/07\/B4-czarny-1.jpg\",\"width\":8334,\"height\":8334,\"caption\":\"NOLEN B.4 4000l drena\u017c 72mb, Przydomowe oczyszczalnie \u015bciek\u00f3w, oczyszczalnia ekologiczna\"},{\"@type\":\"BreadcrumbList\",\"@id\":\"https:\/\/xymen.pl\/en\/product\/settling-tank-rotten-nolen-b-4-4000l\/#breadcrumb\",\"itemListElement\":[{\"@type\":\"ListItem\",\"position\":1,\"name\":\"Products\",\"item\":\"https:\/\/xymen.pl\/en\/products\/\"},{\"@type\":\"ListItem\",\"position\":2,\"name\":\"Settling tank rotten NOLEN B.4 4000L\"}]},{\"@type\":\"WebSite\",\"@id\":\"https:\/\/xymen.pl\/en\/#website\",\"url\":\"https:\/\/xymen.pl\/en\/\",\"name\":\"XYMEN\",\"description\":\"zbiorniki na deszcz\u00f3wk\u0119 | ekologiczne oczyszczalnie \u015bciek\u00f3w\",\"publisher\":{\"@id\":\"https:\/\/xymen.pl\/en\/#organization\"},\"potentialAction\":[{\"@type\":\"SearchAction\",\"target\":{\"@type\":\"EntryPoint\",\"urlTemplate\":\"https:\/\/xymen.pl\/en\/?s={search_term_string}\"},\"query-input\":{\"@type\":\"PropertyValueSpecification\",\"valueRequired\":true,\"valueName\":\"search_term_string\"}}],\"inLanguage\":\"en-US\"},{\"@type\":\"Organization\",\"@id\":\"https:\/\/xymen.pl\/en\/#organization\",\"name\":\"XYMEN\",\"url\":\"https:\/\/xymen.pl\/en\/\",\"logo\":{\"@type\":\"ImageObject\",\"inLanguage\":\"en-US\",\"@id\":\"https:\/\/xymen.pl\/en\/#\/schema\/logo\/image\/\",\"url\":\"https:\/\/xymen.pl\/wp-content\/uploads\/2023\/02\/xymenpl-logo-1612299642.png\",\"contentUrl\":\"https:\/\/xymen.pl\/wp-content\/uploads\/2023\/02\/xymenpl-logo-1612299642.png\",\"width\":222,\"height\":218,\"caption\":\"XYMEN\"},\"image\":{\"@id\":\"https:\/\/xymen.pl\/en\/#\/schema\/logo\/image\/\"}}]}<\/script>\n<!-- \/ Yoast SEO plugin. -->","yoast_head_json":{"title":"Settling tank rotten NOLEN B.4 4000L | XYMEN","robots":{"index":"index","follow":"follow","max-snippet":"max-snippet:-1","max-image-preview":"max-image-preview:large","max-video-preview":"max-video-preview:-1"},"canonical":"https:\/\/xymen.pl\/en\/product\/settling-tank-rotten-nolen-b-4-4000l\/","og_locale":"en_US","og_type":"article","og_title":"Settling tank rotten NOLEN BOX 4.0 4000L","og_description":"Settling tank septic NOLEN BOX 4.0 4000L - effective and compact solution for treatment sewage in homes private and small businesses.","og_url":"https:\/\/xymen.pl\/en\/product\/settling-tank-rotten-nolen-b-4-4000l\/","og_site_name":"XYMEN","og_image":[{"url":"https:\/\/xymen.pl\/wp-content\/uploads\/2024\/07\/B4-czarny-1.jpg","type":"","width":"","height":""}],"twitter_card":"summary_large_image","twitter_title":"Settling tank rotten NOLEN BOX 3.0 3000L","twitter_description":"Settling tank septic NOLEN BOX 3.0 3000L - effective and compact solution for treatment sewage in homes private and small businesses.","twitter_image":"https:\/\/xymen.pl\/wp-content\/uploads\/2023\/03\/zbiornik-box-30-3000l-.png","schema":{"@context":"https:\/\/schema.org","@graph":[{"@type":"WebPage","@id":"https:\/\/xymen.pl\/en\/product\/settling-tank-rotten-nolen-b-4-4000l\/","url":"https:\/\/xymen.pl\/en\/product\/settling-tank-rotten-nolen-b-4-4000l\/","name":"Settling tank rotten NOLEN B.4 4000L | XYMEN","isPartOf":{"@id":"https:\/\/xymen.pl\/en\/#website"},"primaryImageOfPage":{"@id":"https:\/\/xymen.pl\/en\/product\/settling-tank-rotten-nolen-b-4-4000l\/#primaryimage"},"image":{"@id":"https:\/\/xymen.pl\/en\/product\/settling-tank-rotten-nolen-b-4-4000l\/#primaryimage"},"thumbnailUrl":"https:\/\/xymen.pl\/wp-content\/uploads\/2024\/07\/B4-czarny-1.jpg","datePublished":"2024-07-02T09:15:04+00:00","breadcrumb":{"@id":"https:\/\/xymen.pl\/en\/product\/settling-tank-rotten-nolen-b-4-4000l\/#breadcrumb"},"inLanguage":"en-US","potentialAction":[{"@type":"ReadAction","target":["https:\/\/xymen.pl\/en\/product\/settling-tank-rotten-nolen-b-4-4000l\/"]}]},{"@type":"ImageObject","inLanguage":"en-US","@id":"https:\/\/xymen.pl\/en\/product\/settling-tank-rotten-nolen-b-4-4000l\/#primaryimage","url":"https:\/\/xymen.pl\/wp-content\/uploads\/2024\/07\/B4-czarny-1.jpg","contentUrl":"https:\/\/xymen.pl\/wp-content\/uploads\/2024\/07\/B4-czarny-1.jpg","width":8334,"height":8334,"caption":"NOLEN B.4 4000l drena\u017c 72mb, Przydomowe oczyszczalnie \u015bciek\u00f3w, oczyszczalnia ekologiczna"},{"@type":"BreadcrumbList","@id":"https:\/\/xymen.pl\/en\/product\/settling-tank-rotten-nolen-b-4-4000l\/#breadcrumb","itemListElement":[{"@type":"ListItem","position":1,"name":"Products","item":"https:\/\/xymen.pl\/en\/products\/"},{"@type":"ListItem","position":2,"name":"Settling tank rotten NOLEN B.4 4000L"}]},{"@type":"WebSite","@id":"https:\/\/xymen.pl\/en\/#website","url":"https:\/\/xymen.pl\/en\/","name":"XYMEN","description":"zbiorniki na deszcz\u00f3wk\u0119 | ekologiczne oczyszczalnie \u015bciek\u00f3w","publisher":{"@id":"https:\/\/xymen.pl\/en\/#organization"},"potentialAction":[{"@type":"SearchAction","target":{"@type":"EntryPoint","urlTemplate":"https:\/\/xymen.pl\/en\/?s={search_term_string}"},"query-input":{"@type":"PropertyValueSpecification","valueRequired":true,"valueName":"search_term_string"}}],"inLanguage":"en-US"},{"@type":"Organization","@id":"https:\/\/xymen.pl\/en\/#organization","name":"XYMEN","url":"https:\/\/xymen.pl\/en\/","logo":{"@type":"ImageObject","inLanguage":"en-US","@id":"https:\/\/xymen.pl\/en\/#\/schema\/logo\/image\/","url":"https:\/\/xymen.pl\/wp-content\/uploads\/2023\/02\/xymenpl-logo-1612299642.png","contentUrl":"https:\/\/xymen.pl\/wp-content\/uploads\/2023\/02\/xymenpl-logo-1612299642.png","width":222,"height":218,"caption":"XYMEN"},"image":{"@id":"https:\/\/xymen.pl\/en\/#\/schema\/logo\/image\/"}}]}},"_links":{"self":[{"href":"https:\/\/xymen.pl\/en\/wp-json\/wp\/v2\/product\/15797","targetHints":{"allow":["GET"]}}],"collection":[{"href":"https:\/\/xymen.pl\/en\/wp-json\/wp\/v2\/product"}],"about":[{"href":"https:\/\/xymen.pl\/en\/wp-json\/wp\/v2\/types\/product"}],"replies":[{"embeddable":true,"href":"https:\/\/xymen.pl\/en\/wp-json\/wp\/v2\/comments?post=15797"}],"wp:featuredmedia":[{"embeddable":true,"href":"https:\/\/xymen.pl\/en\/wp-json\/wp\/v2\/media\/8711"}],"wp:attachment":[{"href":"https:\/\/xymen.pl\/en\/wp-json\/wp\/v2\/media?parent=15797"}],"wp:term":[{"taxonomy":"product_brand","embeddable":true,"href":"https:\/\/xymen.pl\/en\/wp-json\/wp\/v2\/product_brand?post=15797"},{"taxonomy":"product_cat","embeddable":true,"href":"https:\/\/xymen.pl\/en\/wp-json\/wp\/v2\/product_cat?post=15797"},{"taxonomy":"product_tag","embeddable":true,"href":"https:\/\/xymen.pl\/en\/wp-json\/wp\/v2\/product_tag?post=15797"}],"curies":[{"name":"wp","href":"https:\/\/api.w.org\/{rel}","templated":true}]}}