{"id":16067,"date":"2024-02-29T09:14:03","date_gmt":"2024-02-29T08:14:03","guid":{"rendered":"https:\/\/xymen.pl\/produkt\/kingspan-truckmaster-900l-mobile-diesel-fuel-tank\/"},"modified":"2024-02-29T09:14:03","modified_gmt":"2024-02-29T08:14:03","slug":"kingspan-truckmaster-900l-mobile-diesel-fuel-tank","status":"publish","type":"product","link":"https:\/\/xymen.pl\/en\/product\/kingspan-truckmaster-900l-mobile-diesel-fuel-tank\/","title":{"rendered":"Kingspan TruckMaster 900L mobile diesel fuel tank"},"content":{"rendered":"<p><img decoding=\"async\" class=\"alignnone wp-image-5449\" src=\"https:\/\/xymen.pl\/wp-content\/uploads\/2023\/05\/6_preview_rev_1-1.png\" alt=\"\" width=\"170\" height=\"89\"><\/p>\n<p>The TruckMaster mobile storage tank with a capacity of 900 liters is the ideal solution for companies and individuals who own diesel-powered vehicles, such as construction equipment, agricultural machinery, and delivery trucks.<\/p>\n<p>The tanks are made of high-quality polyethylene, which guarantees the strength and durability of the product, making the tanks resistant to weather conditions and UV radiation.<\/p>\n<p>Advantages of the TruckMaster 900L tank:<\/p>\n<ul>\n<li>Refueling anywhere, e.g., uneven and unpaved terrain, construction sites, etc.<\/li>\n<li>Reliability &#8211; 5-year warranty on the tank and 2-year warranty on the equipment<\/li>\n<li>The specially shaped bottom of the tanks allows them to be moved using a forklift truck.<\/li>\n<li>The tank design prevents excessive movement of the liquid, ensuring its safe transport.<\/li>\n<li>The accessories are placed in a specially designed recess that prevents oil from leaking outside the tank.<\/li>\n<\/ul>\n<h5>Standard Equipment:<\/h5>\n<h5>Panther diesel fuel pump<\/h5>\n<ul>\n<li>Capacity up to 50 l\/m<\/li>\n<li>12V power supply<\/li>\n<li>Maximum current intensity 4.2A<\/li>\n<li>2 x F1&#8243; connection<\/li>\n<\/ul>\n<p><img fetchpriority=\"high\" decoding=\"async\" class=\"alignnone wp-image-5375\" src=\"https:\/\/xymen.pl\/wp-content\/uploads\/2023\/03\/Panth_56a_preview_rev_1-150x150.png\" alt=\"\" width=\"233\" height=\"233\" srcset=\"https:\/\/xymen.pl\/wp-content\/uploads\/2023\/03\/Panth_56a_preview_rev_1-150x150.png 150w, https:\/\/xymen.pl\/wp-content\/uploads\/2023\/03\/Panth_56a_preview_rev_1-300x300.png 300w, https:\/\/xymen.pl\/wp-content\/uploads\/2023\/03\/Panth_56a_preview_rev_1-100x100.png 100w, https:\/\/xymen.pl\/wp-content\/uploads\/2023\/03\/Panth_56a_preview_rev_1-50x50.png 50w, https:\/\/xymen.pl\/wp-content\/uploads\/2023\/03\/Panth_56a_preview_rev_1.png 500w\" sizes=\"(max-width: 233px) 100vw, 233px\" \/><\/p>\n<h5>K24 digital counter<\/h5>\n<ul>\n<li>M\/F1&#8243; threaded connection<\/li>\n<li>Possibility to rotate the display around its axis<\/li>\n<li>Displaying the partial counter from 0.1 to 99999<\/li>\n<li>Displaying the total counter from 1 to 999,999<\/li>\n<li>Accuracy +\/- 1%<\/li>\n<li>Repeatability 0.2%<\/li>\n<li>Power supply: 2 x AAA<\/li>\n<\/ul>\n<p><img decoding=\"async\" class=\"alignnone wp-image-5410\" src=\"https:\/\/xymen.pl\/wp-content\/uploads\/2023\/03\/K247photoAid-removed-background-300x300.png\" alt=\"\" width=\"233\" height=\"233\" srcset=\"https:\/\/xymen.pl\/wp-content\/uploads\/2023\/03\/K247photoAid-removed-background-300x300.png 300w, https:\/\/xymen.pl\/wp-content\/uploads\/2023\/03\/K247photoAid-removed-background-150x150.png 150w, https:\/\/xymen.pl\/wp-content\/uploads\/2023\/03\/K247photoAid-removed-background-100x100.png 100w, https:\/\/xymen.pl\/wp-content\/uploads\/2023\/03\/K247photoAid-removed-background-50x50.png 50w, https:\/\/xymen.pl\/wp-content\/uploads\/2023\/03\/K247photoAid-removed-background.png 600w\" sizes=\"(max-width: 233px) 100vw, 233px\" \/><\/p>\n<h5>A60 automatic nozzle<\/h5>\n<ul>\n<li>Flow capacity up to 70l\/m<\/li>\n<li>Connection F1&#8243; on a connector rotary 3\/4&#8243;1&#8243;<\/li>\n<li>Outer diameter of the spout: 25mm<\/li>\n<\/ul>\n<p><img loading=\"lazy\" decoding=\"async\" class=\"alignnone wp-image-5383\" src=\"https:\/\/xymen.pl\/wp-content\/uploads\/2023\/03\/pistolet-automatyczny-a60-piusi-1-300x300_preview_rev_1-150x150.png\" alt=\"\" width=\"233\" height=\"233\" srcset=\"https:\/\/xymen.pl\/wp-content\/uploads\/2023\/03\/pistolet-automatyczny-a60-piusi-1-300x300_preview_rev_1-150x150.png 150w, https:\/\/xymen.pl\/wp-content\/uploads\/2023\/03\/pistolet-automatyczny-a60-piusi-1-300x300_preview_rev_1-100x100.png 100w, https:\/\/xymen.pl\/wp-content\/uploads\/2023\/03\/pistolet-automatyczny-a60-piusi-1-300x300_preview_rev_1-50x50.png 50w, https:\/\/xymen.pl\/wp-content\/uploads\/2023\/03\/pistolet-automatyczny-a60-piusi-1-300x300_preview_rev_1.png 300w\" sizes=\"(max-width: 233px) 100vw, 233px\" \/><\/p>\n<h5>Hose distribution 4 m 3\/4&#8243;<\/h5>\n<ul>\n<li>Inner diameter 19mm<\/li>\n<li>Outer diameter 27mm<\/li>\n<\/ul>\n<p><img loading=\"lazy\" decoding=\"async\" class=\"alignnone wp-image-5376\" src=\"https:\/\/xymen.pl\/wp-content\/uploads\/2023\/03\/waz-1_preview_rev_1-150x150.png\" alt=\"\" width=\"233\" height=\"233\" srcset=\"https:\/\/xymen.pl\/wp-content\/uploads\/2023\/03\/waz-1_preview_rev_1-150x150.png 150w, https:\/\/xymen.pl\/wp-content\/uploads\/2023\/03\/waz-1_preview_rev_1-300x300.png 300w, https:\/\/xymen.pl\/wp-content\/uploads\/2023\/03\/waz-1_preview_rev_1-100x100.png 100w, https:\/\/xymen.pl\/wp-content\/uploads\/2023\/03\/waz-1_preview_rev_1-50x50.png 50w, https:\/\/xymen.pl\/wp-content\/uploads\/2023\/03\/waz-1_preview_rev_1.png 500w\" sizes=\"(max-width: 233px) 100vw, 233px\" \/><\/p>\n<h5>6 m power cables<\/h5>\n<ul>\n<li>Power cables for the pump<\/li>\n<li>Length 6 m<\/li>\n<li>Cable cross-section 2 x 6mm\u00b2<\/li>\n<\/ul>\n<p><img loading=\"lazy\" decoding=\"async\" class=\"alignnone size-medium wp-image-5467\" src=\"https:\/\/xymen.pl\/wp-content\/uploads\/2023\/03\/DSCF3479_preview_rev_1-300x200.png\" alt=\"\" width=\"300\" height=\"200\" srcset=\"https:\/\/xymen.pl\/wp-content\/uploads\/2023\/03\/DSCF3479_preview_rev_1-300x200.png 300w, https:\/\/xymen.pl\/wp-content\/uploads\/2023\/03\/DSCF3479_preview_rev_1-600x400.png 600w, https:\/\/xymen.pl\/wp-content\/uploads\/2023\/03\/DSCF3479_preview_rev_1.png 612w\" sizes=\"(max-width: 300px) 100vw, 300px\" \/><\/p>\n<h5>Latch closing the lid<\/h5>\n<p><img loading=\"lazy\" decoding=\"async\" class=\"alignnone wp-image-5470 size-thumbnail\" src=\"https:\/\/xymen.pl\/wp-content\/uploads\/2023\/03\/Bez-nazwy_preview_rev_1-150x150.png\" alt=\"\" width=\"150\" height=\"150\" srcset=\"https:\/\/xymen.pl\/wp-content\/uploads\/2023\/03\/Bez-nazwy_preview_rev_1-150x150.png 150w, https:\/\/xymen.pl\/wp-content\/uploads\/2023\/03\/Bez-nazwy_preview_rev_1-300x300.png 300w, https:\/\/xymen.pl\/wp-content\/uploads\/2023\/03\/Bez-nazwy_preview_rev_1-100x100.png 100w, https:\/\/xymen.pl\/wp-content\/uploads\/2023\/03\/Bez-nazwy_preview_rev_1-50x50.png 50w\" sizes=\"(max-width: 150px) 100vw, 150px\" \/><\/p>\n<div class=\"image-p\"><\/div>\n<p>&nbsp;<\/p>\n<p>Tank dimensions:<\/p>\n<ul>\n<li><span class=\"font\"><span class=\"size\">Width: 1050 mm<\/span><\/span><\/li>\n<li><span class=\"font\"><span class=\"size\">Height: 1210 mm<\/span><\/span><\/li>\n<li><span class=\"font\"><span class=\"size\">Length: 1410 mm<\/span><\/span><\/li>\n<\/ul>\n<p>&nbsp;<\/p>\n<p>The manufacturer provides a 10-year warranty for the tank and a 2-year warranty for the equipment.<\/p>\n","protected":false},"excerpt":{"rendered":"<p>Kingspan 900l mobile diesel fuel tank<\/p>\n","protected":false},"featured_media":15268,"comment_status":"open","ping_status":"closed","template":"","meta":{"_acf_changed":false,"_glsr_average":0,"_glsr_ranking":0,"_glsr_reviews":0},"product_brand":[],"product_cat":[386,423],"product_tag":[361,352],"class_list":{"0":"post-16067","1":"product","2":"type-product","3":"status-publish","4":"has-post-thumbnail","6":"product_cat-diesel-fuel-tanks","7":"product_cat-mobil","8":"product_tag-kingspan-en","9":"product_tag-standard-en","11":"first","12":"instock","13":"taxable","14":"shipping-taxable","15":"purchasable","16":"product-type-simple"},"acf":{"xymen_capacity":""},"yoast_head":"<!-- This site is optimized with the Yoast SEO plugin v27.1.1 - https:\/\/yoast.com\/product\/yoast-seo-wordpress\/ -->\n<title>Mobile tank Kingspan TruckMaster 900L - safe transport of oil<\/title>\n<meta name=\"description\" content=\"Discover mobility and safety with the Kingspan TruckMaster 900L tank. Ideal for transporting diesel fuel with additional protection and ease of use.\" \/>\n<meta name=\"robots\" content=\"index, follow, max-snippet:-1, max-image-preview:large, max-video-preview:-1\" \/>\n<link rel=\"canonical\" href=\"https:\/\/xymen.pl\/en\/product\/kingspan-truckmaster-900l-mobile-diesel-fuel-tank\/\" \/>\n<meta property=\"og:locale\" content=\"en_US\" \/>\n<meta property=\"og:type\" content=\"article\" \/>\n<meta property=\"og:title\" content=\"Mobile tank Kingspan TruckMaster 900L - safe transport of oil\" \/>\n<meta property=\"og:description\" content=\"Discover mobility and safety with the Kingspan TruckMaster 900L tank. Ideal for transporting diesel fuel with added protection and ease of use. The Kingspan TruckMaster 900L mobile tank is the perfect solution for those who need to transport fuel safely. Integrated safety features and a durable design mean you can travel with peace of mind.\" \/>\n<meta property=\"og:url\" content=\"https:\/\/xymen.pl\/en\/product\/kingspan-truckmaster-900l-mobile-diesel-fuel-tank\/\" \/>\n<meta property=\"og:site_name\" content=\"XYMEN\" \/>\n<meta property=\"og:image\" content=\"https:\/\/xymen.pl\/wp-content\/uploads\/2024\/02\/TruckMaster\u00ae-mobilne-zbiorniki-do-magazynowania-i-dystrybucji-oleju-napedowego-0-2-300x300.png\" \/>\n<meta name=\"twitter:card\" content=\"summary_large_image\" \/>\n<meta name=\"twitter:title\" content=\"Mobile tank Kingspan TruckMaster 900L - safe transport of oil\" \/>\n<meta name=\"twitter:description\" content=\"Discover mobility and safety with the Kingspan TruckMaster 900L tank. Ideal for transporting diesel fuel with added protection and ease of use. The Kingspan TruckMaster 900L mobile tank is the perfect solution for those who need to transport fuel safely. Integrated safety features and a durable design mean you can travel with peace of mind.\" \/>\n<meta name=\"twitter:image\" content=\"https:\/\/xymen.pl\/wp-content\/uploads\/2024\/02\/TruckMaster\u00ae-mobilne-zbiorniki-do-magazynowania-i-dystrybucji-oleju-napedowego-0-2-1024x1024.png\" \/>\n<meta name=\"twitter:label1\" content=\"Est. reading time\" \/>\n\t<meta name=\"twitter:data1\" content=\"1 minute\" \/>\n<script type=\"application\/ld+json\" class=\"yoast-schema-graph\">{\"@context\":\"https:\/\/schema.org\",\"@graph\":[{\"@type\":\"WebPage\",\"@id\":\"https:\/\/xymen.pl\/en\/product\/kingspan-truckmaster-900l-mobile-diesel-fuel-tank\/\",\"url\":\"https:\/\/xymen.pl\/en\/product\/kingspan-truckmaster-900l-mobile-diesel-fuel-tank\/\",\"name\":\"Mobile tank Kingspan TruckMaster 900L - safe transport of oil\",\"isPartOf\":{\"@id\":\"https:\/\/xymen.pl\/en\/#website\"},\"primaryImageOfPage\":{\"@id\":\"https:\/\/xymen.pl\/en\/product\/kingspan-truckmaster-900l-mobile-diesel-fuel-tank\/#primaryimage\"},\"image\":{\"@id\":\"https:\/\/xymen.pl\/en\/product\/kingspan-truckmaster-900l-mobile-diesel-fuel-tank\/#primaryimage\"},\"thumbnailUrl\":\"https:\/\/xymen.pl\/wp-content\/uploads\/2024\/02\/TruckMaster\u00ae-mobilne-zbiorniki-do-magazynowania-i-dystrybucji-oleju-napedowego-0-2.png\",\"datePublished\":\"2024-02-29T08:14:03+00:00\",\"description\":\"Discover mobility and safety with the Kingspan TruckMaster 900L tank. Ideal for transporting diesel fuel with additional protection and ease of use.\",\"breadcrumb\":{\"@id\":\"https:\/\/xymen.pl\/en\/product\/kingspan-truckmaster-900l-mobile-diesel-fuel-tank\/#breadcrumb\"},\"inLanguage\":\"en-US\",\"potentialAction\":[{\"@type\":\"ReadAction\",\"target\":[\"https:\/\/xymen.pl\/en\/product\/kingspan-truckmaster-900l-mobile-diesel-fuel-tank\/\"]}]},{\"@type\":\"ImageObject\",\"inLanguage\":\"en-US\",\"@id\":\"https:\/\/xymen.pl\/en\/product\/kingspan-truckmaster-900l-mobile-diesel-fuel-tank\/#primaryimage\",\"url\":\"https:\/\/xymen.pl\/wp-content\/uploads\/2024\/02\/TruckMaster\u00ae-mobilne-zbiorniki-do-magazynowania-i-dystrybucji-oleju-napedowego-0-2.png\",\"contentUrl\":\"https:\/\/xymen.pl\/wp-content\/uploads\/2024\/02\/TruckMaster\u00ae-mobilne-zbiorniki-do-magazynowania-i-dystrybucji-oleju-napedowego-0-2.png\",\"width\":1280,\"height\":1280,\"caption\":\"Mobile diesel fuel tank, oil tank, Kingspan Truckmaster 900L\"},{\"@type\":\"BreadcrumbList\",\"@id\":\"https:\/\/xymen.pl\/en\/product\/kingspan-truckmaster-900l-mobile-diesel-fuel-tank\/#breadcrumb\",\"itemListElement\":[{\"@type\":\"ListItem\",\"position\":1,\"name\":\"Products\",\"item\":\"https:\/\/xymen.pl\/en\/products\/\"},{\"@type\":\"ListItem\",\"position\":2,\"name\":\"Kingspan TruckMaster 900L mobile diesel fuel tank\"}]},{\"@type\":\"WebSite\",\"@id\":\"https:\/\/xymen.pl\/en\/#website\",\"url\":\"https:\/\/xymen.pl\/en\/\",\"name\":\"XYMEN\",\"description\":\"zbiorniki na deszcz\u00f3wk\u0119 | ekologiczne oczyszczalnie \u015bciek\u00f3w\",\"publisher\":{\"@id\":\"https:\/\/xymen.pl\/en\/#organization\"},\"potentialAction\":[{\"@type\":\"SearchAction\",\"target\":{\"@type\":\"EntryPoint\",\"urlTemplate\":\"https:\/\/xymen.pl\/en\/?s={search_term_string}\"},\"query-input\":{\"@type\":\"PropertyValueSpecification\",\"valueRequired\":true,\"valueName\":\"search_term_string\"}}],\"inLanguage\":\"en-US\"},{\"@type\":\"Organization\",\"@id\":\"https:\/\/xymen.pl\/en\/#organization\",\"name\":\"XYMEN\",\"url\":\"https:\/\/xymen.pl\/en\/\",\"logo\":{\"@type\":\"ImageObject\",\"inLanguage\":\"en-US\",\"@id\":\"https:\/\/xymen.pl\/en\/#\/schema\/logo\/image\/\",\"url\":\"https:\/\/xymen.pl\/wp-content\/uploads\/2023\/02\/xymenpl-logo-1612299642.png\",\"contentUrl\":\"https:\/\/xymen.pl\/wp-content\/uploads\/2023\/02\/xymenpl-logo-1612299642.png\",\"width\":222,\"height\":218,\"caption\":\"XYMEN\"},\"image\":{\"@id\":\"https:\/\/xymen.pl\/en\/#\/schema\/logo\/image\/\"}}]}<\/script>\n<!-- \/ Yoast SEO plugin. -->","yoast_head_json":{"title":"Mobile tank Kingspan TruckMaster 900L - safe transport of oil","description":"Discover mobility and safety with the Kingspan TruckMaster 900L tank. Ideal for transporting diesel fuel with additional protection and ease of use.","robots":{"index":"index","follow":"follow","max-snippet":"max-snippet:-1","max-image-preview":"max-image-preview:large","max-video-preview":"max-video-preview:-1"},"canonical":"https:\/\/xymen.pl\/en\/product\/kingspan-truckmaster-900l-mobile-diesel-fuel-tank\/","og_locale":"en_US","og_type":"article","og_title":"Mobile tank Kingspan TruckMaster 900L - safe transport of oil","og_description":"Discover mobility and safety with the Kingspan TruckMaster 900L tank. Ideal for transporting diesel fuel with added protection and ease of use. The Kingspan TruckMaster 900L mobile tank is the perfect solution for those who need to transport fuel safely. Integrated safety features and a durable design mean you can travel with peace of mind.","og_url":"https:\/\/xymen.pl\/en\/product\/kingspan-truckmaster-900l-mobile-diesel-fuel-tank\/","og_site_name":"XYMEN","og_image":[{"url":"https:\/\/xymen.pl\/wp-content\/uploads\/2024\/02\/TruckMaster\u00ae-mobilne-zbiorniki-do-magazynowania-i-dystrybucji-oleju-napedowego-0-2-300x300.png","type":"","width":"","height":""}],"twitter_card":"summary_large_image","twitter_title":"Mobile tank Kingspan TruckMaster 900L - safe transport of oil","twitter_description":"Discover mobility and safety with the Kingspan TruckMaster 900L tank. Ideal for transporting diesel fuel with added protection and ease of use. The Kingspan TruckMaster 900L mobile tank is the perfect solution for those who need to transport fuel safely. Integrated safety features and a durable design mean you can travel with peace of mind.","twitter_image":"https:\/\/xymen.pl\/wp-content\/uploads\/2024\/02\/TruckMaster\u00ae-mobilne-zbiorniki-do-magazynowania-i-dystrybucji-oleju-napedowego-0-2-1024x1024.png","twitter_misc":{"Est. reading time":"1 minute"},"schema":{"@context":"https:\/\/schema.org","@graph":[{"@type":"WebPage","@id":"https:\/\/xymen.pl\/en\/product\/kingspan-truckmaster-900l-mobile-diesel-fuel-tank\/","url":"https:\/\/xymen.pl\/en\/product\/kingspan-truckmaster-900l-mobile-diesel-fuel-tank\/","name":"Mobile tank Kingspan TruckMaster 900L - safe transport of oil","isPartOf":{"@id":"https:\/\/xymen.pl\/en\/#website"},"primaryImageOfPage":{"@id":"https:\/\/xymen.pl\/en\/product\/kingspan-truckmaster-900l-mobile-diesel-fuel-tank\/#primaryimage"},"image":{"@id":"https:\/\/xymen.pl\/en\/product\/kingspan-truckmaster-900l-mobile-diesel-fuel-tank\/#primaryimage"},"thumbnailUrl":"https:\/\/xymen.pl\/wp-content\/uploads\/2024\/02\/TruckMaster\u00ae-mobilne-zbiorniki-do-magazynowania-i-dystrybucji-oleju-napedowego-0-2.png","datePublished":"2024-02-29T08:14:03+00:00","description":"Discover mobility and safety with the Kingspan TruckMaster 900L tank. Ideal for transporting diesel fuel with additional protection and ease of use.","breadcrumb":{"@id":"https:\/\/xymen.pl\/en\/product\/kingspan-truckmaster-900l-mobile-diesel-fuel-tank\/#breadcrumb"},"inLanguage":"en-US","potentialAction":[{"@type":"ReadAction","target":["https:\/\/xymen.pl\/en\/product\/kingspan-truckmaster-900l-mobile-diesel-fuel-tank\/"]}]},{"@type":"ImageObject","inLanguage":"en-US","@id":"https:\/\/xymen.pl\/en\/product\/kingspan-truckmaster-900l-mobile-diesel-fuel-tank\/#primaryimage","url":"https:\/\/xymen.pl\/wp-content\/uploads\/2024\/02\/TruckMaster\u00ae-mobilne-zbiorniki-do-magazynowania-i-dystrybucji-oleju-napedowego-0-2.png","contentUrl":"https:\/\/xymen.pl\/wp-content\/uploads\/2024\/02\/TruckMaster\u00ae-mobilne-zbiorniki-do-magazynowania-i-dystrybucji-oleju-napedowego-0-2.png","width":1280,"height":1280,"caption":"Mobile diesel fuel tank, oil tank, Kingspan Truckmaster 900L"},{"@type":"BreadcrumbList","@id":"https:\/\/xymen.pl\/en\/product\/kingspan-truckmaster-900l-mobile-diesel-fuel-tank\/#breadcrumb","itemListElement":[{"@type":"ListItem","position":1,"name":"Products","item":"https:\/\/xymen.pl\/en\/products\/"},{"@type":"ListItem","position":2,"name":"Kingspan TruckMaster 900L mobile diesel fuel tank"}]},{"@type":"WebSite","@id":"https:\/\/xymen.pl\/en\/#website","url":"https:\/\/xymen.pl\/en\/","name":"XYMEN","description":"zbiorniki na deszcz\u00f3wk\u0119 | ekologiczne oczyszczalnie \u015bciek\u00f3w","publisher":{"@id":"https:\/\/xymen.pl\/en\/#organization"},"potentialAction":[{"@type":"SearchAction","target":{"@type":"EntryPoint","urlTemplate":"https:\/\/xymen.pl\/en\/?s={search_term_string}"},"query-input":{"@type":"PropertyValueSpecification","valueRequired":true,"valueName":"search_term_string"}}],"inLanguage":"en-US"},{"@type":"Organization","@id":"https:\/\/xymen.pl\/en\/#organization","name":"XYMEN","url":"https:\/\/xymen.pl\/en\/","logo":{"@type":"ImageObject","inLanguage":"en-US","@id":"https:\/\/xymen.pl\/en\/#\/schema\/logo\/image\/","url":"https:\/\/xymen.pl\/wp-content\/uploads\/2023\/02\/xymenpl-logo-1612299642.png","contentUrl":"https:\/\/xymen.pl\/wp-content\/uploads\/2023\/02\/xymenpl-logo-1612299642.png","width":222,"height":218,"caption":"XYMEN"},"image":{"@id":"https:\/\/xymen.pl\/en\/#\/schema\/logo\/image\/"}}]}},"_links":{"self":[{"href":"https:\/\/xymen.pl\/en\/wp-json\/wp\/v2\/product\/16067","targetHints":{"allow":["GET"]}}],"collection":[{"href":"https:\/\/xymen.pl\/en\/wp-json\/wp\/v2\/product"}],"about":[{"href":"https:\/\/xymen.pl\/en\/wp-json\/wp\/v2\/types\/product"}],"replies":[{"embeddable":true,"href":"https:\/\/xymen.pl\/en\/wp-json\/wp\/v2\/comments?post=16067"}],"wp:featuredmedia":[{"embeddable":true,"href":"https:\/\/xymen.pl\/en\/wp-json\/wp\/v2\/media\/15268"}],"wp:attachment":[{"href":"https:\/\/xymen.pl\/en\/wp-json\/wp\/v2\/media?parent=16067"}],"wp:term":[{"taxonomy":"product_brand","embeddable":true,"href":"https:\/\/xymen.pl\/en\/wp-json\/wp\/v2\/product_brand?post=16067"},{"taxonomy":"product_cat","embeddable":true,"href":"https:\/\/xymen.pl\/en\/wp-json\/wp\/v2\/product_cat?post=16067"},{"taxonomy":"product_tag","embeddable":true,"href":"https:\/\/xymen.pl\/en\/wp-json\/wp\/v2\/product_tag?post=16067"}],"curies":[{"name":"wp","href":"https:\/\/api.w.org\/{rel}","templated":true}]}}