{"id":16070,"date":"2024-02-28T22:25:19","date_gmt":"2024-02-28T21:25:19","guid":{"rendered":"https:\/\/xymen.pl\/produkt\/tank-for-fuel-oil-metria-9000l\/"},"modified":"2024-02-28T22:25:19","modified_gmt":"2024-02-28T21:25:19","slug":"tank-for-fuel-oil-metria-9000l","status":"publish","type":"product","link":"https:\/\/xymen.pl\/en\/product\/tank-for-fuel-oil-metria-9000l\/","title":{"rendered":"Tank for fuel oil Metria 9000L"},"content":{"rendered":"<h2 class=\"MsoNormal\" style=\"line-height: normal;\"><img decoding=\"async\" class=\"alignnone wp-image-5466\" src=\"https:\/\/xymen.pl\/wp-content\/uploads\/2023\/03\/3_preview_rev_1-1-300x212.png\" alt=\"\" width=\"170\" height=\"120\" srcset=\"https:\/\/xymen.pl\/wp-content\/uploads\/2023\/03\/3_preview_rev_1-1-300x212.png 300w, https:\/\/xymen.pl\/wp-content\/uploads\/2023\/03\/3_preview_rev_1-1.png 595w\" sizes=\"(max-width: 170px) 100vw, 170px\" \/><\/h2>\n<p class=\"MsoNormal\" style=\"line-height: normal;\">A double-walled diesel fuel tank, also known as a home dispenser or home fuel station, is the perfect solution for farms, transport companies, and construction companies.<\/p>\n<p>The tanks are manufactured from high-quality polyethylene, which makes them resistant to changing weather conditions and UV radiation.<\/p>\n<p>Tanks are manufactured using the rotomoulding method, which ensures us 100% tightness.<\/p>\n<p>Having our own fuel distributor ensures our independence from fluctuating fuel prices, and purchasing fuel in bulk brings significant savings.<\/p>\n<p><strong>Important &#8211; the tank has a maximum capacity of 9000L.<\/strong><\/p>\n<h5>Standard equipment:<\/h5>\n<h5>Panther diesel fuel pump<\/h5>\n<ul>\n<li>Efficiency up to 56l\/m<\/li>\n<li>Power supply 230V \/ 50Hz<\/li>\n<li>Power 500W<\/li>\n<li>Maximum current intensity 4.2 A<\/li>\n<li>2 x F1&#8243; connections<\/li>\n<li>Wbudowany filtr Built-in 100\u00b5m filter<\/li>\n<\/ul>\n<p><img fetchpriority=\"high\" decoding=\"async\" class=\"alignnone wp-image-5427\" src=\"https:\/\/xymen.pl\/wp-content\/uploads\/2023\/03\/Panth_72a_preview_rev_1-300x300.png\" alt=\"\" width=\"233\" height=\"233\" srcset=\"https:\/\/xymen.pl\/wp-content\/uploads\/2023\/03\/Panth_72a_preview_rev_1-300x300.png 300w, https:\/\/xymen.pl\/wp-content\/uploads\/2023\/03\/Panth_72a_preview_rev_1-150x150.png 150w, https:\/\/xymen.pl\/wp-content\/uploads\/2023\/03\/Panth_72a_preview_rev_1-100x100.png 100w, https:\/\/xymen.pl\/wp-content\/uploads\/2023\/03\/Panth_72a_preview_rev_1-50x50.png 50w, https:\/\/xymen.pl\/wp-content\/uploads\/2023\/03\/Panth_72a_preview_rev_1.png 500w\" sizes=\"(max-width: 233px) 100vw, 233px\" \/><\/p>\n<p>&nbsp;<\/p>\n<h5>K33 analog meter<\/h5>\n<ul>\n<li>Capacity from 20 to 120l<\/li>\n<li>1&#8243; connections<\/li>\n<li>Possibility of rotating the flanges<\/li>\n<li>Maximum reading 999<\/li>\n<li>6-digit total counter<\/li>\n<li>Accuracy +\/- 1%<\/li>\n<\/ul>\n<p><img decoding=\"async\" class=\"alignnone wp-image-5630\" src=\"https:\/\/xymen.pl\/wp-content\/uploads\/2023\/03\/K33wK33b-300x257.png\" alt=\"\" width=\"233\" height=\"199\" srcset=\"https:\/\/xymen.pl\/wp-content\/uploads\/2023\/03\/K33wK33b-300x257.png 300w, https:\/\/xymen.pl\/wp-content\/uploads\/2023\/03\/K33wK33b.png 600w\" sizes=\"(max-width: 233px) 100vw, 233px\" \/><\/p>\n<h5><strong>CF60 metal filter<\/strong><\/h5>\n<ul>\n<li>Filtration accuracy coefficient \u03b2: 2.<\/li>\n<li>Flow rate: up to 60 l\/min.<\/li>\n<li>Filtration degree: 10 \u03bcm.<\/li>\n<li>Maximum working pressure: 12 bar.<\/li>\n<\/ul>\n<p><img loading=\"lazy\" decoding=\"async\" class=\"alignnone wp-image-5837\" src=\"https:\/\/xymen.pl\/wp-content\/uploads\/2023\/03\/omqwPhotoRoom-20230703_122548-220x300.png\" alt=\"\" width=\"194\" height=\"265\" srcset=\"https:\/\/xymen.pl\/wp-content\/uploads\/2023\/03\/omqwPhotoRoom-20230703_122548-220x300.png 220w, https:\/\/xymen.pl\/wp-content\/uploads\/2023\/03\/omqwPhotoRoom-20230703_122548-750x1024.png 750w, https:\/\/xymen.pl\/wp-content\/uploads\/2023\/03\/omqwPhotoRoom-20230703_122548-768x1049.png 768w, https:\/\/xymen.pl\/wp-content\/uploads\/2023\/03\/omqwPhotoRoom-20230703_122548-600x819.png 600w, https:\/\/xymen.pl\/wp-content\/uploads\/2023\/03\/omqwPhotoRoom-20230703_122548.png 801w\" sizes=\"(max-width: 194px) 100vw, 194px\" \/><\/p>\n<h5>A60 automatic nozzle<\/h5>\n<ul>\n<li>Flow capacity up to 70l\/m<\/li>\n<li>Connections F1&#8243; on a connector rotary 3\/4&#8243;\/1&#8243;<\/li>\n<li>Outer diameter of the spout: 25mm<\/li>\n<\/ul>\n<p><img loading=\"lazy\" decoding=\"async\" class=\"alignnone wp-image-5383\" src=\"https:\/\/xymen.pl\/wp-content\/uploads\/2023\/03\/pistolet-automatyczny-a60-piusi-1-300x300_preview_rev_1.png\" alt=\"\" width=\"233\" height=\"233\" srcset=\"https:\/\/xymen.pl\/wp-content\/uploads\/2023\/03\/pistolet-automatyczny-a60-piusi-1-300x300_preview_rev_1.png 300w, https:\/\/xymen.pl\/wp-content\/uploads\/2023\/03\/pistolet-automatyczny-a60-piusi-1-300x300_preview_rev_1-150x150.png 150w, https:\/\/xymen.pl\/wp-content\/uploads\/2023\/03\/pistolet-automatyczny-a60-piusi-1-300x300_preview_rev_1-100x100.png 100w, https:\/\/xymen.pl\/wp-content\/uploads\/2023\/03\/pistolet-automatyczny-a60-piusi-1-300x300_preview_rev_1-50x50.png 50w\" sizes=\"(max-width: 233px) 100vw, 233px\" \/><\/p>\n<p>&nbsp;<\/p>\n<h5>6m distribution hose<\/h5>\n<ul>\n<li>Working pressure up to 10 bar<\/li>\n<li>Inner diameter 19mm<\/li>\n<li>Outer diameter 27mm<\/li>\n<\/ul>\n<p><img loading=\"lazy\" decoding=\"async\" class=\"alignnone wp-image-5376\" src=\"https:\/\/xymen.pl\/wp-content\/uploads\/2023\/03\/waz-1_preview_rev_1-300x300.png\" alt=\"\" width=\"233\" height=\"233\" srcset=\"https:\/\/xymen.pl\/wp-content\/uploads\/2023\/03\/waz-1_preview_rev_1-300x300.png 300w, https:\/\/xymen.pl\/wp-content\/uploads\/2023\/03\/waz-1_preview_rev_1-150x150.png 150w, https:\/\/xymen.pl\/wp-content\/uploads\/2023\/03\/waz-1_preview_rev_1-100x100.png 100w, https:\/\/xymen.pl\/wp-content\/uploads\/2023\/03\/waz-1_preview_rev_1-50x50.png 50w, https:\/\/xymen.pl\/wp-content\/uploads\/2023\/03\/waz-1_preview_rev_1.png 500w\" sizes=\"(max-width: 233px) 100vw, 233px\" \/><\/p>\n<h5>Inter-wall alarm system<\/h5>\n<ul>\n<li>Controls the area between the outer and inner jacket<\/li>\n<li>An audible warning will sound when fuel leaks<\/li>\n<\/ul>\n<p><img loading=\"lazy\" decoding=\"async\" class=\"alignnone wp-image-5380 \" src=\"https:\/\/xymen.pl\/wp-content\/uploads\/2023\/03\/1636721712236_preview_rev_1-300x225.png\" alt=\"\" width=\"252\" height=\"189\" srcset=\"https:\/\/xymen.pl\/wp-content\/uploads\/2023\/03\/1636721712236_preview_rev_1-300x225.png 300w, https:\/\/xymen.pl\/wp-content\/uploads\/2023\/03\/1636721712236_preview_rev_1.png 577w\" sizes=\"(max-width: 252px) 100vw, 252px\" \/><\/p>\n<h5>GOK maximum overfill sensor<\/h5>\n<p><img loading=\"lazy\" decoding=\"async\" class=\"alignnone wp-image-5395 \" src=\"https:\/\/xymen.pl\/wp-content\/uploads\/2023\/05\/PhotoRoom-20220224_095711_2_preview_rev_1-211x300.png\" alt=\"\" width=\"121\" height=\"172\" srcset=\"https:\/\/xymen.pl\/wp-content\/uploads\/2023\/05\/PhotoRoom-20220224_095711_2_preview_rev_1-211x300.png 211w, https:\/\/xymen.pl\/wp-content\/uploads\/2023\/05\/PhotoRoom-20220224_095711_2_preview_rev_1.png 419w\" sizes=\"(max-width: 121px) 100vw, 121px\" \/><\/p>\n<p>&nbsp;<\/p>\n<h5>Leakage sensor and level liquid WatchmanSonic Plus<\/h5>\n<ul>\n<li>Measurement of liquid level in a tank up to a height of 3 m<\/li>\n<li>Option to activate an audible alarm in the event of a detected leak<\/li>\n<li>Operating temperature from -10\u00b0C to +60\u00b0C<\/li>\n<li>Radio frequency 433MHz<\/li>\n<li>Ultrasonic range 0.5 m to 3 m<\/li>\n<li>Measurement accuracy +\/- 2%<\/li>\n<\/ul>\n<p><img loading=\"lazy\" decoding=\"async\" class=\"alignnone wp-image-5411\" src=\"https:\/\/xymen.pl\/wp-content\/uploads\/2023\/03\/Watchman-sonic-plusphotoAid-removed-background-235x300.png\" alt=\"\" width=\"153\" height=\"195\" srcset=\"https:\/\/xymen.pl\/wp-content\/uploads\/2023\/03\/Watchman-sonic-plusphotoAid-removed-background-235x300.png 235w, https:\/\/xymen.pl\/wp-content\/uploads\/2023\/03\/Watchman-sonic-plusphotoAid-removed-background.png 492w\" sizes=\"(max-width: 153px) 100vw, 153px\" \/><\/p>\n<p>&nbsp;<\/p>\n<p>Tank dimensions:<\/p>\n<p>A: 2.95m<\/p>\n<p>B: 2.45m<\/p>\n<p>C: 3.35m<\/p>\n<p><img loading=\"lazy\" decoding=\"async\" class=\"alignnone size-medium wp-image-5862\" src=\"https:\/\/xymen.pl\/wp-content\/uploads\/2023\/03\/900-290x300.png\" alt=\"\" width=\"290\" height=\"300\" srcset=\"https:\/\/xymen.pl\/wp-content\/uploads\/2023\/03\/900-290x300.png 290w, https:\/\/xymen.pl\/wp-content\/uploads\/2023\/03\/900.png 447w\" sizes=\"(max-width: 290px) 100vw, 290px\" \/><\/p>\n<h5>Possibility of tank equipment upgrade<\/h5>\n<h5><strong>Meters<\/strong><\/h5>\n<p><a href=\"https:\/\/xymen.pl\/en\/produkt\/gaiter-modiflow-digital-meter\/\">ModiFlow Meter<\/a>            <a href=\"https:\/\/xymen.pl\/produkt\/licznik-cyfrowy-gaiter-modiflow-pro\/\">ModiFlow PRO Meter<\/a>          <a href=\"https:\/\/xymen.pl\/en\/produkt\/piusi-k600b-3-digital-counter\/\">K600 B\/3 Meter<\/a>                   <a href=\"https:\/\/xymen.pl\/en\/produkt\/piusi-k24-digital-counter\/\">K24 Meter<\/a><\/p>\n<div class=\"text-p\">\n<p>  <img loading=\"lazy\" decoding=\"async\" class=\"alignnone wp-image-5833\" src=\"https:\/\/xymen.pl\/wp-content\/uploads\/2023\/03\/modiPhotoRoom-20230703_130444-266x300.png\" alt=\"\" width=\"139\" height=\"157\" srcset=\"https:\/\/xymen.pl\/wp-content\/uploads\/2023\/03\/modiPhotoRoom-20230703_130444-266x300.png 266w, https:\/\/xymen.pl\/wp-content\/uploads\/2023\/03\/modiPhotoRoom-20230703_130444-908x1024.png 908w, https:\/\/xymen.pl\/wp-content\/uploads\/2023\/03\/modiPhotoRoom-20230703_130444-768x867.png 768w, https:\/\/xymen.pl\/wp-content\/uploads\/2023\/03\/modiPhotoRoom-20230703_130444-600x677.png 600w, https:\/\/xymen.pl\/wp-content\/uploads\/2023\/03\/modiPhotoRoom-20230703_130444.png 1068w\" sizes=\"(max-width: 139px) 100vw, 139px\" \/>              <img loading=\"lazy\" decoding=\"async\" class=\"alignnone wp-image-5832\" src=\"https:\/\/xymen.pl\/wp-content\/uploads\/2023\/03\/proPhotoRoom-20230703_130411-255x300.png\" alt=\"\" width=\"145\" height=\"171\" srcset=\"https:\/\/xymen.pl\/wp-content\/uploads\/2023\/03\/proPhotoRoom-20230703_130411-255x300.png 255w, https:\/\/xymen.pl\/wp-content\/uploads\/2023\/03\/proPhotoRoom-20230703_130411-870x1024.png 870w, https:\/\/xymen.pl\/wp-content\/uploads\/2023\/03\/proPhotoRoom-20230703_130411-768x904.png 768w, https:\/\/xymen.pl\/wp-content\/uploads\/2023\/03\/proPhotoRoom-20230703_130411-600x706.png 600w, https:\/\/xymen.pl\/wp-content\/uploads\/2023\/03\/proPhotoRoom-20230703_130411.png 976w\" sizes=\"(max-width: 145px) 100vw, 145px\" \/>       <img loading=\"lazy\" decoding=\"async\" class=\"alignnone wp-image-5829\" src=\"https:\/\/xymen.pl\/wp-content\/uploads\/2023\/03\/600PhotoRoom-20230703_121939-272x300.png\" alt=\"\" width=\"167\" height=\"184\" srcset=\"https:\/\/xymen.pl\/wp-content\/uploads\/2023\/03\/600PhotoRoom-20230703_121939-272x300.png 272w, https:\/\/xymen.pl\/wp-content\/uploads\/2023\/03\/600PhotoRoom-20230703_121939-928x1024.png 928w, https:\/\/xymen.pl\/wp-content\/uploads\/2023\/03\/600PhotoRoom-20230703_121939-768x848.png 768w, https:\/\/xymen.pl\/wp-content\/uploads\/2023\/03\/600PhotoRoom-20230703_121939-600x662.png 600w, https:\/\/xymen.pl\/wp-content\/uploads\/2023\/03\/600PhotoRoom-20230703_121939.png 1333w\" sizes=\"(max-width: 167px) 100vw, 167px\" \/>      <img loading=\"lazy\" decoding=\"async\" class=\"alignnone wp-image-5828\" src=\"https:\/\/xymen.pl\/wp-content\/uploads\/2023\/03\/k2424PhotoRoom-20230703_122012-298x300.png\" alt=\"\" width=\"160\" height=\"161\" srcset=\"https:\/\/xymen.pl\/wp-content\/uploads\/2023\/03\/k2424PhotoRoom-20230703_122012-298x300.png 298w, https:\/\/xymen.pl\/wp-content\/uploads\/2023\/03\/k2424PhotoRoom-20230703_122012-1017x1024.png 1017w, https:\/\/xymen.pl\/wp-content\/uploads\/2023\/03\/k2424PhotoRoom-20230703_122012-150x150.png 150w, https:\/\/xymen.pl\/wp-content\/uploads\/2023\/03\/k2424PhotoRoom-20230703_122012-768x773.png 768w, https:\/\/xymen.pl\/wp-content\/uploads\/2023\/03\/k2424PhotoRoom-20230703_122012-300x300.png 300w, https:\/\/xymen.pl\/wp-content\/uploads\/2023\/03\/k2424PhotoRoom-20230703_122012-600x604.png 600w, https:\/\/xymen.pl\/wp-content\/uploads\/2023\/03\/k2424PhotoRoom-20230703_122012-100x100.png 100w, https:\/\/xymen.pl\/wp-content\/uploads\/2023\/03\/k2424PhotoRoom-20230703_122012-50x50.png 50w, https:\/\/xymen.pl\/wp-content\/uploads\/2023\/03\/k2424PhotoRoom-20230703_122012.png 1333w\" sizes=\"(max-width: 160px) 100vw, 160px\" \/><\/p>\n<\/div>\n<div class=\"image-p\">\n<h5 style=\"text-align: left;\"> Filters<\/h5>\n<p style=\"text-align: left;\"><a href=\"https:\/\/xymen.pl\/en\/produkt\/piusi-cf100-fuel-filter-with-head\/\">CF100 Filter<\/a>                <a href=\"https:\/\/xymen.pl\/en\/produkt\/filter-separator-in-a-transparent-housing\/\">Filter separator<\/a>         <a href=\"https:\/\/xymen.pl\/produkt\/filtr-separatora-wody-cfd-70-30-z-glowka\/\">CFD 70-30 Filter<\/a><\/p>\n<\/div>\n<p style=\"text-align: left;\"><img loading=\"lazy\" decoding=\"async\" class=\"alignnone wp-image-5861\" src=\"https:\/\/xymen.pl\/wp-content\/uploads\/2023\/03\/cfPhotoRoom-20230704_140923-280x300.png\" alt=\"\" width=\"117\" height=\"125\" srcset=\"https:\/\/xymen.pl\/wp-content\/uploads\/2023\/03\/cfPhotoRoom-20230704_140923-280x300.png 280w, https:\/\/xymen.pl\/wp-content\/uploads\/2023\/03\/cfPhotoRoom-20230704_140923-955x1024.png 955w, https:\/\/xymen.pl\/wp-content\/uploads\/2023\/03\/cfPhotoRoom-20230704_140923-768x823.png 768w, https:\/\/xymen.pl\/wp-content\/uploads\/2023\/03\/cfPhotoRoom-20230704_140923-600x643.png 600w, https:\/\/xymen.pl\/wp-content\/uploads\/2023\/03\/cfPhotoRoom-20230704_140923.png 1196w\" sizes=\"(max-width: 117px) 100vw, 117px\" \/>            <img loading=\"lazy\" decoding=\"async\" class=\"alignnone wp-image-5835\" src=\"https:\/\/xymen.pl\/wp-content\/uploads\/2023\/03\/omPhotoRoom-20230703_122635-153x300.png\" alt=\"\" width=\"77\" height=\"151\" srcset=\"https:\/\/xymen.pl\/wp-content\/uploads\/2023\/03\/omPhotoRoom-20230703_122635-153x300.png 153w, https:\/\/xymen.pl\/wp-content\/uploads\/2023\/03\/omPhotoRoom-20230703_122635.png 163w\" sizes=\"(max-width: 77px) 100vw, 77px\" \/>                <img loading=\"lazy\" decoding=\"async\" class=\"alignnone wp-image-5834\" src=\"https:\/\/xymen.pl\/wp-content\/uploads\/2023\/03\/omqPhotoRoom-20230703_122416-181x300.png\" alt=\"\" width=\"84\" height=\"139\" srcset=\"https:\/\/xymen.pl\/wp-content\/uploads\/2023\/03\/omqPhotoRoom-20230703_122416-181x300.png 181w, https:\/\/xymen.pl\/wp-content\/uploads\/2023\/03\/omqPhotoRoom-20230703_122416-617x1024.png 617w, https:\/\/xymen.pl\/wp-content\/uploads\/2023\/03\/omqPhotoRoom-20230703_122416-600x996.png 600w, https:\/\/xymen.pl\/wp-content\/uploads\/2023\/03\/omqPhotoRoom-20230703_122416.png 717w\" sizes=\"(max-width: 84px) 100vw, 84px\" \/><\/p>\n<p>&nbsp;<\/p>\n<p class=\"MsoNormal\">\n","protected":false},"excerpt":{"rendered":"<p>Tank for fuel oil Metria 9000L<\/p>\n<p>&nbsp;<\/p>\n","protected":false},"featured_media":14953,"comment_status":"open","ping_status":"closed","template":"","meta":{"_acf_changed":false,"_glsr_average":0,"_glsr_ranking":0,"_glsr_reviews":0},"product_brand":[],"product_cat":[425,386],"product_tag":[378,352],"class_list":{"0":"post-16070","1":"product","2":"type-product","3":"status-publish","4":"has-post-thumbnail","6":"product_cat-9000-l-en","7":"product_cat-diesel-fuel-tanks","8":"product_tag-metria-en","9":"product_tag-standard-en","11":"first","12":"instock","13":"taxable","14":"shipping-taxable","15":"purchasable","16":"product-type-simple"},"acf":{"xymen_capacity":""},"yoast_head":"<!-- This site is optimized with the Yoast SEO plugin v27.1.1 - https:\/\/yoast.com\/product\/yoast-seo-wordpress\/ -->\n<title>Tank for fuel oil Metria 9000L<\/title>\n<meta name=\"description\" content=\"Metria 9000L diesel fuel tank Metria 9000L is a solution for demanding large capacities. Ideal for businesses, it ensures safe and efficient storage of diesel fuel.\" \/>\n<meta name=\"robots\" content=\"index, follow, max-snippet:-1, max-image-preview:large, max-video-preview:-1\" \/>\n<link rel=\"canonical\" href=\"https:\/\/xymen.pl\/en\/product\/tank-for-fuel-oil-metria-9000l\/\" \/>\n<meta property=\"og:locale\" content=\"en_US\" \/>\n<meta property=\"og:type\" content=\"article\" \/>\n<meta property=\"og:title\" content=\"Tank for fuel oil Metria 9000L\" \/>\n<meta property=\"og:description\" content=\"Metria 9000L is a solution for demanding large capacities. The Metria 9000L diesel fuel tank is an excellent choice for companies and institutions that need to store large amounts of fuel. Advanced technologies and solid construction guarantee complete safety.\" \/>\n<meta property=\"og:url\" content=\"https:\/\/xymen.pl\/en\/product\/tank-for-fuel-oil-metria-9000l\/\" \/>\n<meta property=\"og:site_name\" content=\"XYMEN\" \/>\n<meta property=\"og:image\" content=\"https:\/\/xymen.pl\/wp-content\/uploads\/2023\/03\/900-290x300.png\" \/>\n<meta name=\"twitter:card\" content=\"summary_large_image\" \/>\n<meta name=\"twitter:title\" content=\"Tank for fuel oil Metria 9000L\" \/>\n<meta name=\"twitter:description\" content=\"Metria 9000L is a solution for demanding large capacities. The Metria 9000L diesel fuel tank is an excellent choice for companies and institutions that need to store large amounts of fuel. Advanced technologies and solid construction guarantee complete safety.\" \/>\n<meta name=\"twitter:image\" content=\"https:\/\/xymen.pl\/wp-content\/uploads\/2023\/03\/900.png\" \/>\n<meta name=\"twitter:label1\" content=\"Est. reading time\" \/>\n\t<meta name=\"twitter:data1\" content=\"2 minutes\" \/>\n<script type=\"application\/ld+json\" class=\"yoast-schema-graph\">{\"@context\":\"https:\/\/schema.org\",\"@graph\":[{\"@type\":\"WebPage\",\"@id\":\"https:\/\/xymen.pl\/en\/product\/tank-for-fuel-oil-metria-9000l\/\",\"url\":\"https:\/\/xymen.pl\/en\/product\/tank-for-fuel-oil-metria-9000l\/\",\"name\":\"Tank for fuel oil Metria 9000L\",\"isPartOf\":{\"@id\":\"https:\/\/xymen.pl\/en\/#website\"},\"primaryImageOfPage\":{\"@id\":\"https:\/\/xymen.pl\/en\/product\/tank-for-fuel-oil-metria-9000l\/#primaryimage\"},\"image\":{\"@id\":\"https:\/\/xymen.pl\/en\/product\/tank-for-fuel-oil-metria-9000l\/#primaryimage\"},\"thumbnailUrl\":\"https:\/\/xymen.pl\/wp-content\/uploads\/2023\/03\/zbiornik-na-olej-napedowy-9000l-metria.png\",\"datePublished\":\"2024-02-28T21:25:19+00:00\",\"description\":\"Metria 9000L diesel fuel tank Metria 9000L is a solution for demanding large capacities. Ideal for businesses, it ensures safe and efficient storage of diesel fuel.\",\"breadcrumb\":{\"@id\":\"https:\/\/xymen.pl\/en\/product\/tank-for-fuel-oil-metria-9000l\/#breadcrumb\"},\"inLanguage\":\"en-US\",\"potentialAction\":[{\"@type\":\"ReadAction\",\"target\":[\"https:\/\/xymen.pl\/en\/product\/tank-for-fuel-oil-metria-9000l\/\"]}]},{\"@type\":\"ImageObject\",\"inLanguage\":\"en-US\",\"@id\":\"https:\/\/xymen.pl\/en\/product\/tank-for-fuel-oil-metria-9000l\/#primaryimage\",\"url\":\"https:\/\/xymen.pl\/wp-content\/uploads\/2023\/03\/zbiornik-na-olej-napedowy-9000l-metria.png\",\"contentUrl\":\"https:\/\/xymen.pl\/wp-content\/uploads\/2023\/03\/zbiornik-na-olej-napedowy-9000l-metria.png\",\"width\":800,\"height\":800,\"caption\":\"9000L capacity, diesel fuel tank, oil tank\"},{\"@type\":\"BreadcrumbList\",\"@id\":\"https:\/\/xymen.pl\/en\/product\/tank-for-fuel-oil-metria-9000l\/#breadcrumb\",\"itemListElement\":[{\"@type\":\"ListItem\",\"position\":1,\"name\":\"Products\",\"item\":\"https:\/\/xymen.pl\/en\/products\/\"},{\"@type\":\"ListItem\",\"position\":2,\"name\":\"Tank for fuel oil Metria 9000L\"}]},{\"@type\":\"WebSite\",\"@id\":\"https:\/\/xymen.pl\/en\/#website\",\"url\":\"https:\/\/xymen.pl\/en\/\",\"name\":\"XYMEN\",\"description\":\"zbiorniki na deszcz\u00f3wk\u0119 | ekologiczne oczyszczalnie \u015bciek\u00f3w\",\"publisher\":{\"@id\":\"https:\/\/xymen.pl\/en\/#organization\"},\"potentialAction\":[{\"@type\":\"SearchAction\",\"target\":{\"@type\":\"EntryPoint\",\"urlTemplate\":\"https:\/\/xymen.pl\/en\/?s={search_term_string}\"},\"query-input\":{\"@type\":\"PropertyValueSpecification\",\"valueRequired\":true,\"valueName\":\"search_term_string\"}}],\"inLanguage\":\"en-US\"},{\"@type\":\"Organization\",\"@id\":\"https:\/\/xymen.pl\/en\/#organization\",\"name\":\"XYMEN\",\"url\":\"https:\/\/xymen.pl\/en\/\",\"logo\":{\"@type\":\"ImageObject\",\"inLanguage\":\"en-US\",\"@id\":\"https:\/\/xymen.pl\/en\/#\/schema\/logo\/image\/\",\"url\":\"https:\/\/xymen.pl\/wp-content\/uploads\/2023\/02\/xymenpl-logo-1612299642.png\",\"contentUrl\":\"https:\/\/xymen.pl\/wp-content\/uploads\/2023\/02\/xymenpl-logo-1612299642.png\",\"width\":222,\"height\":218,\"caption\":\"XYMEN\"},\"image\":{\"@id\":\"https:\/\/xymen.pl\/en\/#\/schema\/logo\/image\/\"}}]}<\/script>\n<!-- \/ Yoast SEO plugin. -->","yoast_head_json":{"title":"Tank for fuel oil Metria 9000L","description":"Metria 9000L diesel fuel tank Metria 9000L is a solution for demanding large capacities. Ideal for businesses, it ensures safe and efficient storage of diesel fuel.","robots":{"index":"index","follow":"follow","max-snippet":"max-snippet:-1","max-image-preview":"max-image-preview:large","max-video-preview":"max-video-preview:-1"},"canonical":"https:\/\/xymen.pl\/en\/product\/tank-for-fuel-oil-metria-9000l\/","og_locale":"en_US","og_type":"article","og_title":"Tank for fuel oil Metria 9000L","og_description":"Metria 9000L is a solution for demanding large capacities. The Metria 9000L diesel fuel tank is an excellent choice for companies and institutions that need to store large amounts of fuel. Advanced technologies and solid construction guarantee complete safety.","og_url":"https:\/\/xymen.pl\/en\/product\/tank-for-fuel-oil-metria-9000l\/","og_site_name":"XYMEN","og_image":[{"url":"https:\/\/xymen.pl\/wp-content\/uploads\/2023\/03\/900-290x300.png","type":"","width":"","height":""}],"twitter_card":"summary_large_image","twitter_title":"Tank for fuel oil Metria 9000L","twitter_description":"Metria 9000L is a solution for demanding large capacities. The Metria 9000L diesel fuel tank is an excellent choice for companies and institutions that need to store large amounts of fuel. Advanced technologies and solid construction guarantee complete safety.","twitter_image":"https:\/\/xymen.pl\/wp-content\/uploads\/2023\/03\/900.png","twitter_misc":{"Est. reading time":"2 minutes"},"schema":{"@context":"https:\/\/schema.org","@graph":[{"@type":"WebPage","@id":"https:\/\/xymen.pl\/en\/product\/tank-for-fuel-oil-metria-9000l\/","url":"https:\/\/xymen.pl\/en\/product\/tank-for-fuel-oil-metria-9000l\/","name":"Tank for fuel oil Metria 9000L","isPartOf":{"@id":"https:\/\/xymen.pl\/en\/#website"},"primaryImageOfPage":{"@id":"https:\/\/xymen.pl\/en\/product\/tank-for-fuel-oil-metria-9000l\/#primaryimage"},"image":{"@id":"https:\/\/xymen.pl\/en\/product\/tank-for-fuel-oil-metria-9000l\/#primaryimage"},"thumbnailUrl":"https:\/\/xymen.pl\/wp-content\/uploads\/2023\/03\/zbiornik-na-olej-napedowy-9000l-metria.png","datePublished":"2024-02-28T21:25:19+00:00","description":"Metria 9000L diesel fuel tank Metria 9000L is a solution for demanding large capacities. Ideal for businesses, it ensures safe and efficient storage of diesel fuel.","breadcrumb":{"@id":"https:\/\/xymen.pl\/en\/product\/tank-for-fuel-oil-metria-9000l\/#breadcrumb"},"inLanguage":"en-US","potentialAction":[{"@type":"ReadAction","target":["https:\/\/xymen.pl\/en\/product\/tank-for-fuel-oil-metria-9000l\/"]}]},{"@type":"ImageObject","inLanguage":"en-US","@id":"https:\/\/xymen.pl\/en\/product\/tank-for-fuel-oil-metria-9000l\/#primaryimage","url":"https:\/\/xymen.pl\/wp-content\/uploads\/2023\/03\/zbiornik-na-olej-napedowy-9000l-metria.png","contentUrl":"https:\/\/xymen.pl\/wp-content\/uploads\/2023\/03\/zbiornik-na-olej-napedowy-9000l-metria.png","width":800,"height":800,"caption":"9000L capacity, diesel fuel tank, oil tank"},{"@type":"BreadcrumbList","@id":"https:\/\/xymen.pl\/en\/product\/tank-for-fuel-oil-metria-9000l\/#breadcrumb","itemListElement":[{"@type":"ListItem","position":1,"name":"Products","item":"https:\/\/xymen.pl\/en\/products\/"},{"@type":"ListItem","position":2,"name":"Tank for fuel oil Metria 9000L"}]},{"@type":"WebSite","@id":"https:\/\/xymen.pl\/en\/#website","url":"https:\/\/xymen.pl\/en\/","name":"XYMEN","description":"zbiorniki na deszcz\u00f3wk\u0119 | ekologiczne oczyszczalnie \u015bciek\u00f3w","publisher":{"@id":"https:\/\/xymen.pl\/en\/#organization"},"potentialAction":[{"@type":"SearchAction","target":{"@type":"EntryPoint","urlTemplate":"https:\/\/xymen.pl\/en\/?s={search_term_string}"},"query-input":{"@type":"PropertyValueSpecification","valueRequired":true,"valueName":"search_term_string"}}],"inLanguage":"en-US"},{"@type":"Organization","@id":"https:\/\/xymen.pl\/en\/#organization","name":"XYMEN","url":"https:\/\/xymen.pl\/en\/","logo":{"@type":"ImageObject","inLanguage":"en-US","@id":"https:\/\/xymen.pl\/en\/#\/schema\/logo\/image\/","url":"https:\/\/xymen.pl\/wp-content\/uploads\/2023\/02\/xymenpl-logo-1612299642.png","contentUrl":"https:\/\/xymen.pl\/wp-content\/uploads\/2023\/02\/xymenpl-logo-1612299642.png","width":222,"height":218,"caption":"XYMEN"},"image":{"@id":"https:\/\/xymen.pl\/en\/#\/schema\/logo\/image\/"}}]}},"_links":{"self":[{"href":"https:\/\/xymen.pl\/en\/wp-json\/wp\/v2\/product\/16070","targetHints":{"allow":["GET"]}}],"collection":[{"href":"https:\/\/xymen.pl\/en\/wp-json\/wp\/v2\/product"}],"about":[{"href":"https:\/\/xymen.pl\/en\/wp-json\/wp\/v2\/types\/product"}],"replies":[{"embeddable":true,"href":"https:\/\/xymen.pl\/en\/wp-json\/wp\/v2\/comments?post=16070"}],"wp:featuredmedia":[{"embeddable":true,"href":"https:\/\/xymen.pl\/en\/wp-json\/wp\/v2\/media\/14953"}],"wp:attachment":[{"href":"https:\/\/xymen.pl\/en\/wp-json\/wp\/v2\/media?parent=16070"}],"wp:term":[{"taxonomy":"product_brand","embeddable":true,"href":"https:\/\/xymen.pl\/en\/wp-json\/wp\/v2\/product_brand?post=16070"},{"taxonomy":"product_cat","embeddable":true,"href":"https:\/\/xymen.pl\/en\/wp-json\/wp\/v2\/product_cat?post=16070"},{"taxonomy":"product_tag","embeddable":true,"href":"https:\/\/xymen.pl\/en\/wp-json\/wp\/v2\/product_tag?post=16070"}],"curies":[{"name":"wp","href":"https:\/\/api.w.org\/{rel}","templated":true}]}}