{"id":16836,"date":"2024-01-29T21:30:04","date_gmt":"2024-01-29T20:30:04","guid":{"rendered":"https:\/\/xymen.pl\/produkt\/tank-for-fuel-oil-jfc-duo-2500l\/"},"modified":"2024-01-29T21:30:04","modified_gmt":"2024-01-29T20:30:04","slug":"tank-for-fuel-oil-jfc-duo-2500l","status":"publish","type":"product","link":"https:\/\/xymen.pl\/en\/product\/tank-for-fuel-oil-jfc-duo-2500l\/","title":{"rendered":"Tank for fuel oil JFC DUO 2500l"},"content":{"rendered":"<p>&nbsp;<\/p>\n<p><img decoding=\"async\" class=\"alignnone wp-image-4937\" src=\"https:\/\/xymen.pl\/wp-content\/uploads\/2023\/04\/17-247x300.png\" alt=\"\" width=\"131\" height=\"159\" srcset=\"https:\/\/xymen.pl\/wp-content\/uploads\/2023\/04\/17-247x300.png 247w, https:\/\/xymen.pl\/wp-content\/uploads\/2023\/04\/17-600x729.png 600w, https:\/\/xymen.pl\/wp-content\/uploads\/2023\/04\/17.png 709w\" sizes=\"(max-width: 131px) 100vw, 131px\" \/><\/p>\n<p>Double-walled diesel fuel tank for storage and internal distribution of oil, designed for companies that have diesel-powered equipment and vehicles, e.g., transport companies, construction companies, farms, or even private individuals. The tanks are made of high-quality polyethylene, a material resistant to weather conditions and UV radiation, ensuring safe storage of oil. <\/p>\n<p>The ergonomic design of the tank ensures comfort and convenience of use while taking up little space.<\/p>\n<p>Your own fuel distributor ensures independence from fluctuating fuel prices, and purchasing fuel wholesale saves you significant money.<\/p>\n<p>&nbsp;<\/p>\n<h5>Standard equipment:<\/h5>\n<h5>Pump for fuel oil W72<\/h5>\n<ul>\n<li>Capacity up to 72 l\/m<\/li>\n<li>Power supply 230V \/ 50Hz<\/li>\n<li>Power 500W<\/li>\n<li>Maximum current intensity 4.2A<\/li>\n<li>Connections 2x F1&#8243;<\/li>\n<li>Wbudowany filtr Built-in 100\u00b5m filter<\/li>\n<\/ul>\n<p><img fetchpriority=\"high\" decoding=\"async\" class=\"alignnone wp-image-5375\" src=\"https:\/\/xymen.pl\/wp-content\/uploads\/2023\/03\/Panth_56a_preview_rev_1-300x300.png\" alt=\"\" width=\"233\" height=\"233\" srcset=\"https:\/\/xymen.pl\/wp-content\/uploads\/2023\/03\/Panth_56a_preview_rev_1-300x300.png 300w, https:\/\/xymen.pl\/wp-content\/uploads\/2023\/03\/Panth_56a_preview_rev_1-150x150.png 150w, https:\/\/xymen.pl\/wp-content\/uploads\/2023\/03\/Panth_56a_preview_rev_1-100x100.png 100w, https:\/\/xymen.pl\/wp-content\/uploads\/2023\/03\/Panth_56a_preview_rev_1-50x50.png 50w, https:\/\/xymen.pl\/wp-content\/uploads\/2023\/03\/Panth_56a_preview_rev_1.png 500w\" sizes=\"(max-width: 233px) 100vw, 233px\" \/><\/p>\n<p>&nbsp;<\/p>\n<h5>ModiFlow Mini digital meter<\/h5>\n<ul>\n<li>Inlet and inlet 1&#8243;<\/li>\n<li>Minimum flow rate 1 l\/min <\/li>\n<li>Max. flow rate 70 l\/min <\/li>\n<li>Accuracy +\/- 0.5%<\/li>\n<li>Repeatability &lt; 0.3%<\/li>\n<li>Working pressure up to 70 bar<\/li>\n<li>Power supply: 2 x AAA<\/li>\n<\/ul>\n<p><img decoding=\"async\" class=\"alignnone wp-image-7116\" src=\"https:\/\/xymen.pl\/wp-content\/uploads\/2024\/01\/Mini_1.1-1-300x286.jpg\" alt=\"\" width=\"281\" height=\"268\" srcset=\"https:\/\/xymen.pl\/wp-content\/uploads\/2024\/01\/Mini_1.1-1-300x286.jpg 300w, https:\/\/xymen.pl\/wp-content\/uploads\/2024\/01\/Mini_1.1-1-1024x975.jpg 1024w, https:\/\/xymen.pl\/wp-content\/uploads\/2024\/01\/Mini_1.1-1-768x732.jpg 768w, https:\/\/xymen.pl\/wp-content\/uploads\/2024\/01\/Mini_1.1-1-1536x1463.jpg 1536w, https:\/\/xymen.pl\/wp-content\/uploads\/2024\/01\/Mini_1.1-1-600x572.jpg 600w, https:\/\/xymen.pl\/wp-content\/uploads\/2024\/01\/Mini_1.1-1.jpg 2026w\" sizes=\"(max-width: 281px) 100vw, 281px\" \/><\/p>\n<h5>A60 automatic nozzle<\/h5>\n<ul>\n<li>Flow capacity up to 70l\/m<\/li>\n<li>F1&#8243; connection on 3\/4&#8243;\/1&#8243; swivel joint<\/li>\n<li>Outer diameter of the spout: 25mm<\/li>\n<\/ul>\n<p><img loading=\"lazy\" decoding=\"async\" class=\"alignnone wp-image-5383\" src=\"https:\/\/xymen.pl\/wp-content\/uploads\/2023\/03\/pistolet-automatyczny-a60-piusi-1-300x300_preview_rev_1.png\" alt=\"\" width=\"233\" height=\"233\" srcset=\"https:\/\/xymen.pl\/wp-content\/uploads\/2023\/03\/pistolet-automatyczny-a60-piusi-1-300x300_preview_rev_1.png 300w, https:\/\/xymen.pl\/wp-content\/uploads\/2023\/03\/pistolet-automatyczny-a60-piusi-1-300x300_preview_rev_1-150x150.png 150w, https:\/\/xymen.pl\/wp-content\/uploads\/2023\/03\/pistolet-automatyczny-a60-piusi-1-300x300_preview_rev_1-100x100.png 100w, https:\/\/xymen.pl\/wp-content\/uploads\/2023\/03\/pistolet-automatyczny-a60-piusi-1-300x300_preview_rev_1-50x50.png 50w\" sizes=\"(max-width: 233px) 100vw, 233px\" \/><\/p>\n<h5>Handle of the gun integrated with the switch of the pump<\/h5>\n<p><img loading=\"lazy\" decoding=\"async\" class=\"alignnone wp-image-7117\" src=\"https:\/\/xymen.pl\/wp-content\/uploads\/2024\/01\/23857015_328-290x300.jpg\" alt=\"\" width=\"270\" height=\"279\" srcset=\"https:\/\/xymen.pl\/wp-content\/uploads\/2024\/01\/23857015_328-290x300.jpg 290w, https:\/\/xymen.pl\/wp-content\/uploads\/2024\/01\/23857015_328.jpg 579w\" sizes=\"(max-width: 270px) 100vw, 270px\" \/><\/p>\n<ul>\n<li>Convenience of use &#8211; short operation of the pump on dry<\/li>\n<\/ul>\n<h5>8 m distribution hose<\/h5>\n<ul>\n<li>Inner diameter 19mm<\/li>\n<li>Outer diameter 27mm<\/li>\n<\/ul>\n<p><img loading=\"lazy\" decoding=\"async\" class=\"alignnone wp-image-5376\" src=\"https:\/\/xymen.pl\/wp-content\/uploads\/2023\/03\/waz-1_preview_rev_1-300x300.png\" alt=\"\" width=\"233\" height=\"233\" srcset=\"https:\/\/xymen.pl\/wp-content\/uploads\/2023\/03\/waz-1_preview_rev_1-300x300.png 300w, https:\/\/xymen.pl\/wp-content\/uploads\/2023\/03\/waz-1_preview_rev_1-150x150.png 150w, https:\/\/xymen.pl\/wp-content\/uploads\/2023\/03\/waz-1_preview_rev_1-100x100.png 100w, https:\/\/xymen.pl\/wp-content\/uploads\/2023\/03\/waz-1_preview_rev_1-50x50.png 50w, https:\/\/xymen.pl\/wp-content\/uploads\/2023\/03\/waz-1_preview_rev_1.png 500w\" sizes=\"(max-width: 233px) 100vw, 233px\" \/><\/p>\n<h5>Filter in a glass housing<\/h5>\n<ul>\n<li>Flow rate up to 100 l\/m<\/li>\n<li>2 x F1&#8243; connection<\/li>\n<li>Filtration degree 30\u00b5m<\/li>\n<\/ul>\n<p><img loading=\"lazy\" decoding=\"async\" class=\"alignnone wp-image-1789\" src=\"https:\/\/xymen.pl\/wp-content\/uploads\/2023\/03\/filtr-on-przezroczysty-300x300.jpg\" alt=\"\" width=\"245\" height=\"245\" srcset=\"https:\/\/xymen.pl\/wp-content\/uploads\/2023\/03\/filtr-on-przezroczysty-300x300.jpg 300w, https:\/\/xymen.pl\/wp-content\/uploads\/2023\/03\/filtr-on-przezroczysty-150x150.jpg 150w, https:\/\/xymen.pl\/wp-content\/uploads\/2023\/03\/filtr-on-przezroczysty-100x100.jpg 100w, https:\/\/xymen.pl\/wp-content\/uploads\/2023\/03\/filtr-on-przezroczysty-50x50.jpg 50w, https:\/\/xymen.pl\/wp-content\/uploads\/2023\/03\/filtr-on-przezroczysty.jpg 600w\" sizes=\"(max-width: 245px) 100vw, 245px\" \/><\/p>\n<p>&nbsp;<\/p>\n<p>Tank dimensions:<\/p>\n<p><img loading=\"lazy\" decoding=\"async\" class=\"alignnone size-medium wp-image-7115\" src=\"https:\/\/xymen.pl\/wp-content\/uploads\/2024\/01\/jfc2500_simple_11-292x300.jpg\" alt=\"\" width=\"292\" height=\"300\" srcset=\"https:\/\/xymen.pl\/wp-content\/uploads\/2024\/01\/jfc2500_simple_11-292x300.jpg 292w, https:\/\/xymen.pl\/wp-content\/uploads\/2024\/01\/jfc2500_simple_11-600x617.jpg 600w, https:\/\/xymen.pl\/wp-content\/uploads\/2024\/01\/jfc2500_simple_11-50x50.jpg 50w, https:\/\/xymen.pl\/wp-content\/uploads\/2024\/01\/jfc2500_simple_11.jpg 746w\" sizes=\"(max-width: 292px) 100vw, 292px\" \/><\/p>\n<p><img loading=\"lazy\" decoding=\"async\" class=\"alignnone size-medium wp-image-7114\" src=\"https:\/\/xymen.pl\/wp-content\/uploads\/2024\/01\/jfc2500_simple_1-300x260.jpg\" alt=\"\" width=\"300\" height=\"260\" srcset=\"https:\/\/xymen.pl\/wp-content\/uploads\/2024\/01\/jfc2500_simple_1-300x260.jpg 300w, https:\/\/xymen.pl\/wp-content\/uploads\/2024\/01\/jfc2500_simple_1-768x667.jpg 768w, https:\/\/xymen.pl\/wp-content\/uploads\/2024\/01\/jfc2500_simple_1-600x521.jpg 600w, https:\/\/xymen.pl\/wp-content\/uploads\/2024\/01\/jfc2500_simple_1.jpg 858w\" sizes=\"(max-width: 300px) 100vw, 300px\" \/><\/p>\n<p>&nbsp;<\/p>\n<p>&nbsp;<\/p>\n<p>The manufacturer provides a 10-year warranty on the tank and 2 years on equipment.<\/p>\n","protected":false},"excerpt":{"rendered":"<p>Tank for fuel oil Jfc DUO 2500l<\/p>\n<p>&nbsp;<\/p>\n","protected":false},"featured_media":19287,"comment_status":"open","ping_status":"closed","template":"","meta":{"_acf_changed":false,"_glsr_average":0,"_glsr_ranking":0,"_glsr_reviews":0},"product_brand":[],"product_cat":[399,386],"product_tag":[436,352],"class_list":{"0":"post-16836","1":"product","2":"type-product","3":"status-publish","4":"has-post-thumbnail","6":"product_cat-2500-l-en","7":"product_cat-diesel-fuel-tanks","8":"product_tag-jfc-en","9":"product_tag-standard-en","11":"first","12":"instock","13":"taxable","14":"shipping-taxable","15":"purchasable","16":"product-type-simple"},"acf":{"xymen_capacity":""},"yoast_head":"<!-- This site is optimized with the Yoast SEO plugin v27.1.1 - https:\/\/yoast.com\/product\/yoast-seo-wordpress\/ -->\n<title>JFC 2500L double-walled diesel fuel tank<\/title>\n<meta name=\"description\" content=\"JFC 2500L double-walled diesel fuel tank with pump, meter, hose, filter, and nozzle.\" \/>\n<meta name=\"robots\" content=\"index, follow, max-snippet:-1, max-image-preview:large, max-video-preview:-1\" \/>\n<link rel=\"canonical\" href=\"https:\/\/xymen.pl\/en\/product\/tank-for-fuel-oil-jfc-duo-2500l\/\" \/>\n<meta property=\"og:locale\" content=\"en_US\" \/>\n<meta property=\"og:type\" content=\"article\" \/>\n<meta property=\"og:title\" content=\"JFC 2500L double-walled diesel fuel tank\" \/>\n<meta property=\"og:description\" content=\"Tank for fuel oil propulsion JFC 2500L double-walled with pump, meter, hose, filter and nozzle. Tank for fuel oil diesel JFC 2500L double-walled is an excellent solution for individuals and companies who focus on maximum safety. Thanks to double layer security, you can rest assured about your fuel.\" \/>\n<meta property=\"og:url\" content=\"https:\/\/xymen.pl\/en\/product\/tank-for-fuel-oil-jfc-duo-2500l\/\" \/>\n<meta property=\"og:site_name\" content=\"XYMEN\" \/>\n<meta property=\"og:image\" content=\"https:\/\/xymen.pl\/wp-content\/uploads\/2024\/01\/zbiornik-2500-DUO-kat-300x300.jpg\" \/>\n<meta name=\"twitter:card\" content=\"summary_large_image\" \/>\n<meta name=\"twitter:title\" content=\"JFC 2500L double-walled diesel fuel tank\" \/>\n<meta name=\"twitter:description\" content=\"Tank for fuel oil propulsion JFC 2500L double-walled with pump, meter, hose, filter and nozzle. Tank for fuel oil diesel JFC 2500L double-walled is an excellent solution for individuals and companies who focus on maximum safety. Thanks to double layer security, you can rest assured about your fuel.\" \/>\n<meta name=\"twitter:image\" content=\"https:\/\/xymen.pl\/wp-content\/uploads\/2024\/01\/zbiornik-2500-DUO-kat-1024x1024.jpg\" \/>\n<meta name=\"twitter:label1\" content=\"Est. reading time\" \/>\n\t<meta name=\"twitter:data1\" content=\"1 minute\" \/>\n<script type=\"application\/ld+json\" class=\"yoast-schema-graph\">{\"@context\":\"https:\/\/schema.org\",\"@graph\":[{\"@type\":\"WebPage\",\"@id\":\"https:\/\/xymen.pl\/en\/product\/tank-for-fuel-oil-jfc-duo-2500l\/\",\"url\":\"https:\/\/xymen.pl\/en\/product\/tank-for-fuel-oil-jfc-duo-2500l\/\",\"name\":\"JFC 2500L double-walled diesel fuel tank\",\"isPartOf\":{\"@id\":\"https:\/\/xymen.pl\/en\/#website\"},\"primaryImageOfPage\":{\"@id\":\"https:\/\/xymen.pl\/en\/product\/tank-for-fuel-oil-jfc-duo-2500l\/#primaryimage\"},\"image\":{\"@id\":\"https:\/\/xymen.pl\/en\/product\/tank-for-fuel-oil-jfc-duo-2500l\/#primaryimage\"},\"thumbnailUrl\":\"https:\/\/xymen.pl\/wp-content\/uploads\/2025\/10\/JFC2500-DUO-1.png\",\"datePublished\":\"2024-01-29T20:30:04+00:00\",\"description\":\"JFC 2500L double-walled diesel fuel tank with pump, meter, hose, filter, and nozzle.\",\"breadcrumb\":{\"@id\":\"https:\/\/xymen.pl\/en\/product\/tank-for-fuel-oil-jfc-duo-2500l\/#breadcrumb\"},\"inLanguage\":\"en-US\",\"potentialAction\":[{\"@type\":\"ReadAction\",\"target\":[\"https:\/\/xymen.pl\/en\/product\/tank-for-fuel-oil-jfc-duo-2500l\/\"]}]},{\"@type\":\"ImageObject\",\"inLanguage\":\"en-US\",\"@id\":\"https:\/\/xymen.pl\/en\/product\/tank-for-fuel-oil-jfc-duo-2500l\/#primaryimage\",\"url\":\"https:\/\/xymen.pl\/wp-content\/uploads\/2025\/10\/JFC2500-DUO-1.png\",\"contentUrl\":\"https:\/\/xymen.pl\/wp-content\/uploads\/2025\/10\/JFC2500-DUO-1.png\",\"width\":1500,\"height\":1500},{\"@type\":\"BreadcrumbList\",\"@id\":\"https:\/\/xymen.pl\/en\/product\/tank-for-fuel-oil-jfc-duo-2500l\/#breadcrumb\",\"itemListElement\":[{\"@type\":\"ListItem\",\"position\":1,\"name\":\"Products\",\"item\":\"https:\/\/xymen.pl\/en\/products\/\"},{\"@type\":\"ListItem\",\"position\":2,\"name\":\"Tank for fuel oil JFC DUO 2500l\"}]},{\"@type\":\"WebSite\",\"@id\":\"https:\/\/xymen.pl\/en\/#website\",\"url\":\"https:\/\/xymen.pl\/en\/\",\"name\":\"XYMEN\",\"description\":\"zbiorniki na deszcz\u00f3wk\u0119 | ekologiczne oczyszczalnie \u015bciek\u00f3w\",\"publisher\":{\"@id\":\"https:\/\/xymen.pl\/en\/#organization\"},\"potentialAction\":[{\"@type\":\"SearchAction\",\"target\":{\"@type\":\"EntryPoint\",\"urlTemplate\":\"https:\/\/xymen.pl\/en\/?s={search_term_string}\"},\"query-input\":{\"@type\":\"PropertyValueSpecification\",\"valueRequired\":true,\"valueName\":\"search_term_string\"}}],\"inLanguage\":\"en-US\"},{\"@type\":\"Organization\",\"@id\":\"https:\/\/xymen.pl\/en\/#organization\",\"name\":\"XYMEN\",\"url\":\"https:\/\/xymen.pl\/en\/\",\"logo\":{\"@type\":\"ImageObject\",\"inLanguage\":\"en-US\",\"@id\":\"https:\/\/xymen.pl\/en\/#\/schema\/logo\/image\/\",\"url\":\"https:\/\/xymen.pl\/wp-content\/uploads\/2023\/02\/xymenpl-logo-1612299642.png\",\"contentUrl\":\"https:\/\/xymen.pl\/wp-content\/uploads\/2023\/02\/xymenpl-logo-1612299642.png\",\"width\":222,\"height\":218,\"caption\":\"XYMEN\"},\"image\":{\"@id\":\"https:\/\/xymen.pl\/en\/#\/schema\/logo\/image\/\"}}]}<\/script>\n<!-- \/ Yoast SEO plugin. -->","yoast_head_json":{"title":"JFC 2500L double-walled diesel fuel tank","description":"JFC 2500L double-walled diesel fuel tank with pump, meter, hose, filter, and nozzle.","robots":{"index":"index","follow":"follow","max-snippet":"max-snippet:-1","max-image-preview":"max-image-preview:large","max-video-preview":"max-video-preview:-1"},"canonical":"https:\/\/xymen.pl\/en\/product\/tank-for-fuel-oil-jfc-duo-2500l\/","og_locale":"en_US","og_type":"article","og_title":"JFC 2500L double-walled diesel fuel tank","og_description":"Tank for fuel oil propulsion JFC 2500L double-walled with pump, meter, hose, filter and nozzle. Tank for fuel oil diesel JFC 2500L double-walled is an excellent solution for individuals and companies who focus on maximum safety. Thanks to double layer security, you can rest assured about your fuel.","og_url":"https:\/\/xymen.pl\/en\/product\/tank-for-fuel-oil-jfc-duo-2500l\/","og_site_name":"XYMEN","og_image":[{"url":"https:\/\/xymen.pl\/wp-content\/uploads\/2024\/01\/zbiornik-2500-DUO-kat-300x300.jpg","type":"","width":"","height":""}],"twitter_card":"summary_large_image","twitter_title":"JFC 2500L double-walled diesel fuel tank","twitter_description":"Tank for fuel oil propulsion JFC 2500L double-walled with pump, meter, hose, filter and nozzle. Tank for fuel oil diesel JFC 2500L double-walled is an excellent solution for individuals and companies who focus on maximum safety. Thanks to double layer security, you can rest assured about your fuel.","twitter_image":"https:\/\/xymen.pl\/wp-content\/uploads\/2024\/01\/zbiornik-2500-DUO-kat-1024x1024.jpg","twitter_misc":{"Est. reading time":"1 minute"},"schema":{"@context":"https:\/\/schema.org","@graph":[{"@type":"WebPage","@id":"https:\/\/xymen.pl\/en\/product\/tank-for-fuel-oil-jfc-duo-2500l\/","url":"https:\/\/xymen.pl\/en\/product\/tank-for-fuel-oil-jfc-duo-2500l\/","name":"JFC 2500L double-walled diesel fuel tank","isPartOf":{"@id":"https:\/\/xymen.pl\/en\/#website"},"primaryImageOfPage":{"@id":"https:\/\/xymen.pl\/en\/product\/tank-for-fuel-oil-jfc-duo-2500l\/#primaryimage"},"image":{"@id":"https:\/\/xymen.pl\/en\/product\/tank-for-fuel-oil-jfc-duo-2500l\/#primaryimage"},"thumbnailUrl":"https:\/\/xymen.pl\/wp-content\/uploads\/2025\/10\/JFC2500-DUO-1.png","datePublished":"2024-01-29T20:30:04+00:00","description":"JFC 2500L double-walled diesel fuel tank with pump, meter, hose, filter, and nozzle.","breadcrumb":{"@id":"https:\/\/xymen.pl\/en\/product\/tank-for-fuel-oil-jfc-duo-2500l\/#breadcrumb"},"inLanguage":"en-US","potentialAction":[{"@type":"ReadAction","target":["https:\/\/xymen.pl\/en\/product\/tank-for-fuel-oil-jfc-duo-2500l\/"]}]},{"@type":"ImageObject","inLanguage":"en-US","@id":"https:\/\/xymen.pl\/en\/product\/tank-for-fuel-oil-jfc-duo-2500l\/#primaryimage","url":"https:\/\/xymen.pl\/wp-content\/uploads\/2025\/10\/JFC2500-DUO-1.png","contentUrl":"https:\/\/xymen.pl\/wp-content\/uploads\/2025\/10\/JFC2500-DUO-1.png","width":1500,"height":1500},{"@type":"BreadcrumbList","@id":"https:\/\/xymen.pl\/en\/product\/tank-for-fuel-oil-jfc-duo-2500l\/#breadcrumb","itemListElement":[{"@type":"ListItem","position":1,"name":"Products","item":"https:\/\/xymen.pl\/en\/products\/"},{"@type":"ListItem","position":2,"name":"Tank for fuel oil JFC DUO 2500l"}]},{"@type":"WebSite","@id":"https:\/\/xymen.pl\/en\/#website","url":"https:\/\/xymen.pl\/en\/","name":"XYMEN","description":"zbiorniki na deszcz\u00f3wk\u0119 | ekologiczne oczyszczalnie \u015bciek\u00f3w","publisher":{"@id":"https:\/\/xymen.pl\/en\/#organization"},"potentialAction":[{"@type":"SearchAction","target":{"@type":"EntryPoint","urlTemplate":"https:\/\/xymen.pl\/en\/?s={search_term_string}"},"query-input":{"@type":"PropertyValueSpecification","valueRequired":true,"valueName":"search_term_string"}}],"inLanguage":"en-US"},{"@type":"Organization","@id":"https:\/\/xymen.pl\/en\/#organization","name":"XYMEN","url":"https:\/\/xymen.pl\/en\/","logo":{"@type":"ImageObject","inLanguage":"en-US","@id":"https:\/\/xymen.pl\/en\/#\/schema\/logo\/image\/","url":"https:\/\/xymen.pl\/wp-content\/uploads\/2023\/02\/xymenpl-logo-1612299642.png","contentUrl":"https:\/\/xymen.pl\/wp-content\/uploads\/2023\/02\/xymenpl-logo-1612299642.png","width":222,"height":218,"caption":"XYMEN"},"image":{"@id":"https:\/\/xymen.pl\/en\/#\/schema\/logo\/image\/"}}]}},"_links":{"self":[{"href":"https:\/\/xymen.pl\/en\/wp-json\/wp\/v2\/product\/16836","targetHints":{"allow":["GET"]}}],"collection":[{"href":"https:\/\/xymen.pl\/en\/wp-json\/wp\/v2\/product"}],"about":[{"href":"https:\/\/xymen.pl\/en\/wp-json\/wp\/v2\/types\/product"}],"replies":[{"embeddable":true,"href":"https:\/\/xymen.pl\/en\/wp-json\/wp\/v2\/comments?post=16836"}],"wp:featuredmedia":[{"embeddable":true,"href":"https:\/\/xymen.pl\/en\/wp-json\/wp\/v2\/media\/19287"}],"wp:attachment":[{"href":"https:\/\/xymen.pl\/en\/wp-json\/wp\/v2\/media?parent=16836"}],"wp:term":[{"taxonomy":"product_brand","embeddable":true,"href":"https:\/\/xymen.pl\/en\/wp-json\/wp\/v2\/product_brand?post=16836"},{"taxonomy":"product_cat","embeddable":true,"href":"https:\/\/xymen.pl\/en\/wp-json\/wp\/v2\/product_cat?post=16836"},{"taxonomy":"product_tag","embeddable":true,"href":"https:\/\/xymen.pl\/en\/wp-json\/wp\/v2\/product_tag?post=16836"}],"curies":[{"name":"wp","href":"https:\/\/api.w.org\/{rel}","templated":true}]}}