{"id":16860,"date":"2023-11-06T22:26:01","date_gmt":"2023-11-06T21:26:01","guid":{"rendered":"https:\/\/xymen.pl\/produkt\/kingspan-15000l-rsm-liquid-fertilizer-tank\/"},"modified":"2023-11-06T22:26:01","modified_gmt":"2023-11-06T21:26:01","slug":"kingspan-15000l-rsm-liquid-fertilizer-tank","status":"publish","type":"product","link":"https:\/\/xymen.pl\/en\/product\/kingspan-15000l-rsm-liquid-fertilizer-tank\/","title":{"rendered":"Kingspan 15,000L RSM liquid fertilizer tank"},"content":{"rendered":"<p><img decoding=\"async\" class=\"alignnone wp-image-5449\" src=\"https:\/\/xymen.pl\/wp-content\/uploads\/2023\/05\/6_preview_rev_1-1.png\" alt=\"\" width=\"170\" height=\"89\"><\/p>\n<p>KINGSPAN 15,000L RSM tank.<\/p>\n<p>Single-walled tank <strong>AgriMaster<\/strong> with a capacity of 15,000 liters for storage is the perfect solution for agriculture, for storing liquid fertilizer (RSM).<\/p>\n<p>The tanks are manufactured from high-quality polyethylene which guarantees durability and longevity of the product. The tanks are highly resistant to weather conditions and UV radiation. <\/p>\n<p>Having a storage tank allows us to purchase RSM at wholesale prices, which gives us financial and time savings.<\/p>\n<h5>Standard Equipment:<\/h5>\n<ul>\n<li>Cover inspection 18.5\u201d<\/li>\n<li>2&#8243; stainless steel bottom intake pipe with ball valve.<\/li>\n<li>Vent<\/li>\n<\/ul>\n<p>Tank dimensions:<\/p>\n<ul>\n<li><span class=\"font\"><span class=\"size\">Width 2.95 m<\/span><\/span><\/li>\n<li><span class=\"font\"><span class=\"size\">Height 2.75 m<\/span><\/span><\/li>\n<li><span class=\"font\"><span class=\"size\">Length 2.95 m<\/span><\/span><\/li>\n<\/ul>\n<p>&nbsp;<\/p>\n<p>The manufacturer provides a 5-year warranty for the tank.<\/p>\n","protected":false},"excerpt":{"rendered":"<p>Kingspan 15,000L RSM liquid fertilizer tank.<\/p>\n","protected":false},"featured_media":6956,"comment_status":"open","ping_status":"closed","template":"","meta":{"_acf_changed":false,"_glsr_average":0,"_glsr_ranking":0,"_glsr_reviews":0},"product_brand":[],"product_cat":[438],"product_tag":[361,352],"class_list":{"0":"post-16860","1":"product","2":"type-product","3":"status-publish","4":"has-post-thumbnail","6":"product_cat-liquid-fertilizer-tanks-rsm","7":"product_tag-kingspan-en","8":"product_tag-standard-en","10":"first","11":"instock","12":"taxable","13":"shipping-taxable","14":"purchasable","15":"product-type-simple"},"acf":{"xymen_capacity":""},"yoast_head":"<!-- This site is optimized with the Yoast SEO plugin v27.1.1 - https:\/\/yoast.com\/product\/yoast-seo-wordpress\/ -->\n<title>Kingspan 15,000L RSM liquid fertilizer tank | XYMEN<\/title>\n<meta name=\"description\" content=\"Tank for liquid fertilizer RSM brand Kingspan with a capacity 15000L with a connector at the bottom, a vent and an inspection hatch for inspection. Product Polish.\" \/>\n<meta name=\"robots\" content=\"index, follow, max-snippet:-1, max-image-preview:large, max-video-preview:-1\" \/>\n<link rel=\"canonical\" href=\"https:\/\/xymen.pl\/en\/product\/kingspan-15000l-rsm-liquid-fertilizer-tank\/\" \/>\n<meta property=\"og:locale\" content=\"en_US\" \/>\n<meta property=\"og:type\" content=\"article\" \/>\n<meta property=\"og:title\" content=\"Kingspan 15,000L RSM liquid fertilizer tank | XYMEN\" \/>\n<meta property=\"og:description\" content=\"Tank for liquid fertilizer RSM brand Kingspan with a capacity 15000L with a connector at the bottom, a vent and an inspection hatch for inspection. Product Polish.\" \/>\n<meta property=\"og:url\" content=\"https:\/\/xymen.pl\/en\/product\/kingspan-15000l-rsm-liquid-fertilizer-tank\/\" \/>\n<meta property=\"og:site_name\" content=\"XYMEN\" \/>\n<meta property=\"og:image\" content=\"https:\/\/xymen.pl\/wp-content\/uploads\/2023\/11\/2019_EMS_AgriMasterS_single_15000_1000x550px.jpg\" \/>\n\t<meta property=\"og:image:width\" content=\"1000\" \/>\n\t<meta property=\"og:image:height\" content=\"550\" \/>\n\t<meta property=\"og:image:type\" content=\"image\/jpeg\" \/>\n<meta name=\"twitter:card\" content=\"summary_large_image\" \/>\n<meta name=\"twitter:label1\" content=\"Est. reading time\" \/>\n\t<meta name=\"twitter:data1\" content=\"1 minute\" \/>\n<script type=\"application\/ld+json\" class=\"yoast-schema-graph\">{\"@context\":\"https:\/\/schema.org\",\"@graph\":[{\"@type\":\"WebPage\",\"@id\":\"https:\/\/xymen.pl\/en\/product\/kingspan-15000l-rsm-liquid-fertilizer-tank\/\",\"url\":\"https:\/\/xymen.pl\/en\/product\/kingspan-15000l-rsm-liquid-fertilizer-tank\/\",\"name\":\"Kingspan 15,000L RSM liquid fertilizer tank | XYMEN\",\"isPartOf\":{\"@id\":\"https:\/\/xymen.pl\/en\/#website\"},\"primaryImageOfPage\":{\"@id\":\"https:\/\/xymen.pl\/en\/product\/kingspan-15000l-rsm-liquid-fertilizer-tank\/#primaryimage\"},\"image\":{\"@id\":\"https:\/\/xymen.pl\/en\/product\/kingspan-15000l-rsm-liquid-fertilizer-tank\/#primaryimage\"},\"thumbnailUrl\":\"https:\/\/xymen.pl\/wp-content\/uploads\/2023\/11\/2019_EMS_AgriMasterS_single_15000_1000x550px.jpg\",\"datePublished\":\"2023-11-06T21:26:01+00:00\",\"description\":\"Tank for liquid fertilizer RSM brand Kingspan with a capacity 15000L with a connector at the bottom, a vent and an inspection hatch for inspection. Product Polish.\",\"breadcrumb\":{\"@id\":\"https:\/\/xymen.pl\/en\/product\/kingspan-15000l-rsm-liquid-fertilizer-tank\/#breadcrumb\"},\"inLanguage\":\"en-US\",\"potentialAction\":[{\"@type\":\"ReadAction\",\"target\":[\"https:\/\/xymen.pl\/en\/product\/kingspan-15000l-rsm-liquid-fertilizer-tank\/\"]}]},{\"@type\":\"ImageObject\",\"inLanguage\":\"en-US\",\"@id\":\"https:\/\/xymen.pl\/en\/product\/kingspan-15000l-rsm-liquid-fertilizer-tank\/#primaryimage\",\"url\":\"https:\/\/xymen.pl\/wp-content\/uploads\/2023\/11\/2019_EMS_AgriMasterS_single_15000_1000x550px.jpg\",\"contentUrl\":\"https:\/\/xymen.pl\/wp-content\/uploads\/2023\/11\/2019_EMS_AgriMasterS_single_15000_1000x550px.jpg\",\"width\":1000,\"height\":550,\"caption\":\"Zbiornik na naw\u00f3z p\u0142ynny RSM Kingspan 15 000L\"},{\"@type\":\"BreadcrumbList\",\"@id\":\"https:\/\/xymen.pl\/en\/product\/kingspan-15000l-rsm-liquid-fertilizer-tank\/#breadcrumb\",\"itemListElement\":[{\"@type\":\"ListItem\",\"position\":1,\"name\":\"Products\",\"item\":\"https:\/\/xymen.pl\/en\/products\/\"},{\"@type\":\"ListItem\",\"position\":2,\"name\":\"Kingspan 15,000L RSM liquid fertilizer tank\"}]},{\"@type\":\"WebSite\",\"@id\":\"https:\/\/xymen.pl\/en\/#website\",\"url\":\"https:\/\/xymen.pl\/en\/\",\"name\":\"XYMEN\",\"description\":\"zbiorniki na deszcz\u00f3wk\u0119 | ekologiczne oczyszczalnie \u015bciek\u00f3w\",\"publisher\":{\"@id\":\"https:\/\/xymen.pl\/en\/#organization\"},\"potentialAction\":[{\"@type\":\"SearchAction\",\"target\":{\"@type\":\"EntryPoint\",\"urlTemplate\":\"https:\/\/xymen.pl\/en\/?s={search_term_string}\"},\"query-input\":{\"@type\":\"PropertyValueSpecification\",\"valueRequired\":true,\"valueName\":\"search_term_string\"}}],\"inLanguage\":\"en-US\"},{\"@type\":\"Organization\",\"@id\":\"https:\/\/xymen.pl\/en\/#organization\",\"name\":\"XYMEN\",\"url\":\"https:\/\/xymen.pl\/en\/\",\"logo\":{\"@type\":\"ImageObject\",\"inLanguage\":\"en-US\",\"@id\":\"https:\/\/xymen.pl\/en\/#\/schema\/logo\/image\/\",\"url\":\"https:\/\/xymen.pl\/wp-content\/uploads\/2023\/02\/xymenpl-logo-1612299642.png\",\"contentUrl\":\"https:\/\/xymen.pl\/wp-content\/uploads\/2023\/02\/xymenpl-logo-1612299642.png\",\"width\":222,\"height\":218,\"caption\":\"XYMEN\"},\"image\":{\"@id\":\"https:\/\/xymen.pl\/en\/#\/schema\/logo\/image\/\"}}]}<\/script>\n<!-- \/ Yoast SEO plugin. -->","yoast_head_json":{"title":"Kingspan 15,000L RSM liquid fertilizer tank | XYMEN","description":"Tank for liquid fertilizer RSM brand Kingspan with a capacity 15000L with a connector at the bottom, a vent and an inspection hatch for inspection. Product Polish.","robots":{"index":"index","follow":"follow","max-snippet":"max-snippet:-1","max-image-preview":"max-image-preview:large","max-video-preview":"max-video-preview:-1"},"canonical":"https:\/\/xymen.pl\/en\/product\/kingspan-15000l-rsm-liquid-fertilizer-tank\/","og_locale":"en_US","og_type":"article","og_title":"Kingspan 15,000L RSM liquid fertilizer tank | XYMEN","og_description":"Tank for liquid fertilizer RSM brand Kingspan with a capacity 15000L with a connector at the bottom, a vent and an inspection hatch for inspection. Product Polish.","og_url":"https:\/\/xymen.pl\/en\/product\/kingspan-15000l-rsm-liquid-fertilizer-tank\/","og_site_name":"XYMEN","og_image":[{"width":1000,"height":550,"url":"https:\/\/xymen.pl\/wp-content\/uploads\/2023\/11\/2019_EMS_AgriMasterS_single_15000_1000x550px.jpg","type":"image\/jpeg"}],"twitter_card":"summary_large_image","twitter_misc":{"Est. reading time":"1 minute"},"schema":{"@context":"https:\/\/schema.org","@graph":[{"@type":"WebPage","@id":"https:\/\/xymen.pl\/en\/product\/kingspan-15000l-rsm-liquid-fertilizer-tank\/","url":"https:\/\/xymen.pl\/en\/product\/kingspan-15000l-rsm-liquid-fertilizer-tank\/","name":"Kingspan 15,000L RSM liquid fertilizer tank | XYMEN","isPartOf":{"@id":"https:\/\/xymen.pl\/en\/#website"},"primaryImageOfPage":{"@id":"https:\/\/xymen.pl\/en\/product\/kingspan-15000l-rsm-liquid-fertilizer-tank\/#primaryimage"},"image":{"@id":"https:\/\/xymen.pl\/en\/product\/kingspan-15000l-rsm-liquid-fertilizer-tank\/#primaryimage"},"thumbnailUrl":"https:\/\/xymen.pl\/wp-content\/uploads\/2023\/11\/2019_EMS_AgriMasterS_single_15000_1000x550px.jpg","datePublished":"2023-11-06T21:26:01+00:00","description":"Tank for liquid fertilizer RSM brand Kingspan with a capacity 15000L with a connector at the bottom, a vent and an inspection hatch for inspection. Product Polish.","breadcrumb":{"@id":"https:\/\/xymen.pl\/en\/product\/kingspan-15000l-rsm-liquid-fertilizer-tank\/#breadcrumb"},"inLanguage":"en-US","potentialAction":[{"@type":"ReadAction","target":["https:\/\/xymen.pl\/en\/product\/kingspan-15000l-rsm-liquid-fertilizer-tank\/"]}]},{"@type":"ImageObject","inLanguage":"en-US","@id":"https:\/\/xymen.pl\/en\/product\/kingspan-15000l-rsm-liquid-fertilizer-tank\/#primaryimage","url":"https:\/\/xymen.pl\/wp-content\/uploads\/2023\/11\/2019_EMS_AgriMasterS_single_15000_1000x550px.jpg","contentUrl":"https:\/\/xymen.pl\/wp-content\/uploads\/2023\/11\/2019_EMS_AgriMasterS_single_15000_1000x550px.jpg","width":1000,"height":550,"caption":"Zbiornik na naw\u00f3z p\u0142ynny RSM Kingspan 15 000L"},{"@type":"BreadcrumbList","@id":"https:\/\/xymen.pl\/en\/product\/kingspan-15000l-rsm-liquid-fertilizer-tank\/#breadcrumb","itemListElement":[{"@type":"ListItem","position":1,"name":"Products","item":"https:\/\/xymen.pl\/en\/products\/"},{"@type":"ListItem","position":2,"name":"Kingspan 15,000L RSM liquid fertilizer tank"}]},{"@type":"WebSite","@id":"https:\/\/xymen.pl\/en\/#website","url":"https:\/\/xymen.pl\/en\/","name":"XYMEN","description":"zbiorniki na deszcz\u00f3wk\u0119 | ekologiczne oczyszczalnie \u015bciek\u00f3w","publisher":{"@id":"https:\/\/xymen.pl\/en\/#organization"},"potentialAction":[{"@type":"SearchAction","target":{"@type":"EntryPoint","urlTemplate":"https:\/\/xymen.pl\/en\/?s={search_term_string}"},"query-input":{"@type":"PropertyValueSpecification","valueRequired":true,"valueName":"search_term_string"}}],"inLanguage":"en-US"},{"@type":"Organization","@id":"https:\/\/xymen.pl\/en\/#organization","name":"XYMEN","url":"https:\/\/xymen.pl\/en\/","logo":{"@type":"ImageObject","inLanguage":"en-US","@id":"https:\/\/xymen.pl\/en\/#\/schema\/logo\/image\/","url":"https:\/\/xymen.pl\/wp-content\/uploads\/2023\/02\/xymenpl-logo-1612299642.png","contentUrl":"https:\/\/xymen.pl\/wp-content\/uploads\/2023\/02\/xymenpl-logo-1612299642.png","width":222,"height":218,"caption":"XYMEN"},"image":{"@id":"https:\/\/xymen.pl\/en\/#\/schema\/logo\/image\/"}}]}},"_links":{"self":[{"href":"https:\/\/xymen.pl\/en\/wp-json\/wp\/v2\/product\/16860","targetHints":{"allow":["GET"]}}],"collection":[{"href":"https:\/\/xymen.pl\/en\/wp-json\/wp\/v2\/product"}],"about":[{"href":"https:\/\/xymen.pl\/en\/wp-json\/wp\/v2\/types\/product"}],"replies":[{"embeddable":true,"href":"https:\/\/xymen.pl\/en\/wp-json\/wp\/v2\/comments?post=16860"}],"wp:featuredmedia":[{"embeddable":true,"href":"https:\/\/xymen.pl\/en\/wp-json\/wp\/v2\/media\/6956"}],"wp:attachment":[{"href":"https:\/\/xymen.pl\/en\/wp-json\/wp\/v2\/media?parent=16860"}],"wp:term":[{"taxonomy":"product_brand","embeddable":true,"href":"https:\/\/xymen.pl\/en\/wp-json\/wp\/v2\/product_brand?post=16860"},{"taxonomy":"product_cat","embeddable":true,"href":"https:\/\/xymen.pl\/en\/wp-json\/wp\/v2\/product_cat?post=16860"},{"taxonomy":"product_tag","embeddable":true,"href":"https:\/\/xymen.pl\/en\/wp-json\/wp\/v2\/product_tag?post=16860"}],"curies":[{"name":"wp","href":"https:\/\/api.w.org\/{rel}","templated":true}]}}