{"id":16879,"date":"2023-03-24T10:50:05","date_gmt":"2023-03-24T09:50:05","guid":{"rendered":"https:\/\/xymen.pl\/produkt\/metria-sbr-4-6-domestic-sewage-treatment-plant\/"},"modified":"2023-03-24T10:50:05","modified_gmt":"2023-03-24T09:50:05","slug":"metria-sbr-4-6-domestic-sewage-treatment-plant","status":"publish","type":"product","link":"https:\/\/xymen.pl\/en\/product\/metria-sbr-4-6-domestic-sewage-treatment-plant\/","title":{"rendered":"METRIA SBR 4-6 domestic sewage treatment plant"},"content":{"rendered":"<p><img fetchpriority=\"high\" decoding=\"async\" class=\"alignnone size-medium wp-image-3391\" src=\"https:\/\/xymen.pl\/wp-content\/uploads\/2023\/03\/3-300x212.png\" alt=\"\" width=\"300\" height=\"212\" srcset=\"https:\/\/xymen.pl\/wp-content\/uploads\/2023\/03\/3-300x212.png 300w, https:\/\/xymen.pl\/wp-content\/uploads\/2023\/03\/3-1024x723.png 1024w, https:\/\/xymen.pl\/wp-content\/uploads\/2023\/03\/3-768x542.png 768w, https:\/\/xymen.pl\/wp-content\/uploads\/2023\/03\/3-1536x1084.png 1536w, https:\/\/xymen.pl\/wp-content\/uploads\/2023\/03\/3-600x423.png 600w, https:\/\/xymen.pl\/wp-content\/uploads\/2023\/03\/3.png 2008w\" sizes=\"(max-width: 300px) 100vw, 300px\" \/><\/p>\n<p class=\"MsoNormal\">Home biological treatment plant <strong>SBR 4 &#8211; 6<\/strong> with a capacity of 3500L designed for 4 to 6 people.<\/p>\n<table style=\"height: 157px;\" width=\"334\">\n<tbody>\n<tr>\n<td>Capacity<\/td>\n<td>3500L<\/td>\n<\/tr>\n<tr>\n<td>Length<\/td>\n<td>240cm<\/td>\n<\/tr>\n<tr>\n<td>Width<\/td>\n<td>120cm<\/td>\n<\/tr>\n<tr>\n<td>Height<\/td>\n<td>170cm<\/td>\n<\/tr>\n<tr>\n<td>Inlet diameter<\/td>\n<td>160mm<\/td>\n<\/tr>\n<tr>\n<td>Outlet diameter<\/td>\n<td>110mm<\/td>\n<\/tr>\n<tr>\n<td>Diameter of manholes<\/td>\n<td>615mm<\/td>\n<\/tr>\n<tr>\n<td>Diameter of manholes<\/td>\n<td>200kg<\/td>\n<\/tr>\n<\/tbody>\n<\/table>\n<p>Home sewage treatment plants are a modern solution to the problem of liquid waste in areas without access to municipal sewers. Their main advantage over traditional concrete septic tanks is that: <\/p>\n<ul>\n<li>they don&#8217;t leak<\/li>\n<li>the tanks are made of high-quality PEHD plastic in accordance with the PN-EN 12566-1:2004\/A1:2006 standard<\/li>\n<li>if the installation is done well, their operation is not burdensome<\/li>\n<li>are environmentally friendly<\/li>\n<li>they do not emit unpleasant odors as in the case of a traditional septic tank<\/li>\n<\/ul>\n<p>Most treatment plants save around 6,000 PLN annually by eliminating the need for monthly sludge removal, as is the case with a traditional septic tank. Most home treatment plants remove sludge once a year or at most every two years, saving both money and time. The variety of solutions and technologies available for home sewage treatment plants allows for a solution tailored to the client&#8217;s needs, soil conditions, and the appropriate infiltration system.  <\/p>\n<p>The SBR sewage treatment plant is designed to treat wastewater from households without access to a sewage system.<\/p>\n<p>The treatment plant operates on the basis of a primary (septic) tank and a biological reactor operating in a sequencing batch reactor (SBR) system. The use of activated sludge technology was pioneered in 1914 as a sequencing batch reactor (SBR) in England by Ardern and Lockett. The name &#8220;activated sludge&#8221; comes from the fact that the treatment process produces an active mass of microorganisms capable of biologically decomposing organic matter. In terms of operation, biological wastewater treatment using activated sludge is achieved by feeding wastewater to a reactor containing a suspended aerobic bacterial culture. After an appropriate reaction time, the treated wastewater is separated from the bacteria and discharged from the system. In the reactor, the bacteria decompose organic compounds according to the following reaction:    <\/p>\n<p><strong>Organic matter + Oxygen + Nutrients + Microorganisms + New microorganisms Carbon dioxide + Water + Energy for life<\/strong><\/p>\n<p>This allows us to achieve a very high level of wastewater contamination reduction at the outlet, ensuring a solution that will provide years of trouble-free service with proper operation. Furthermore, when combined with a drip irrigation system, we not only save money on operating costs but also contribute to environmental sustainability. <\/p>\n<p>SBR technology first appeared in scientific literature in 1898, described by Thomas Wardle, and has been used for decades in both small and large facilities. The reactor cycle occurs cyclically every 8 hours. This cycle consists of:  <\/p>\n<ul>\n<li><strong>filling<\/strong> &#8211; the time interval during which raw sewage is fed to the batch reactor<\/li>\n<li><strong>mixing<\/strong> &#8211; a time interval during which the reactor contents are mixed without the supply of oxygen, which causes anaerobic conditions to be created<\/li>\n<li><strong>aeration <\/strong>&#8211; the time interval during which the contents of the reactor are aerated<\/li>\n<li><strong>reaction <\/strong>&#8211; the time interval during which aerobic biological processes take place<\/li>\n<li><strong>sedimentation <\/strong>\u2013 the time interval during which the activated sludge is subjected to the sedimentation process<\/li>\n<li><strong>decantation <\/strong>\u2013 the time interval during which the treated sewage is delivered to the receiver<\/li>\n<li><strong>dead time <\/strong>\u2013 the time interval during which excess sludge is removed<\/li>\n<li><strong>waiting <\/strong>\u2013 time interval during which the reactor waits to be refilled (optional)<\/li>\n<\/ul>\n<p>&nbsp;<\/p>\n<p><img decoding=\"async\" class=\"alignnone wp-image-9091 \" src=\"https:\/\/xymen.pl\/wp-content\/uploads\/2023\/03\/fazy_sbr_metria_Strona_06.png\" alt=\"\" width=\"889\" height=\"629\" srcset=\"https:\/\/xymen.pl\/wp-content\/uploads\/2023\/03\/fazy_sbr_metria_Strona_06.png 3508w, https:\/\/xymen.pl\/wp-content\/uploads\/2023\/03\/fazy_sbr_metria_Strona_06-300x212.png 300w, https:\/\/xymen.pl\/wp-content\/uploads\/2023\/03\/fazy_sbr_metria_Strona_06-1024x724.png 1024w, https:\/\/xymen.pl\/wp-content\/uploads\/2023\/03\/fazy_sbr_metria_Strona_06-768x543.png 768w, https:\/\/xymen.pl\/wp-content\/uploads\/2023\/03\/fazy_sbr_metria_Strona_06-1536x1086.png 1536w, https:\/\/xymen.pl\/wp-content\/uploads\/2023\/03\/fazy_sbr_metria_Strona_06-2048x1448.png 2048w, https:\/\/xymen.pl\/wp-content\/uploads\/2023\/03\/fazy_sbr_metria_Strona_06-600x424.png 600w\" sizes=\"(max-width: 889px) 100vw, 889px\" \/><\/p>\n<p>&nbsp;<\/p>\n<p>Despite the seemingly complex treatment process and construction of the treatment plant, and thanks to the use of a Polish-made controller, a mammoth pump, and all compressed air components, there are no mechanical components in the tank. This ensures trouble-free operation of the treatment plant, provided, of course, that we do not throw anything down the drain except toilet paper, such as: <\/p>\n<ul>\n<li>wet wipes, including (baby wipes)<\/li>\n<li>cigarette butts<\/li>\n<li>sanitary pads, tampons and diapers<\/li>\n<li>hair<\/li>\n<li>dressing materials<\/li>\n<li>pills, lozenges and other solid medications<\/li>\n<li>paints, solvents, adhesives, varnishes<\/li>\n<li>pesticides, herbicides and other biocides<\/li>\n<li>oils and fats<\/li>\n<li>brine resulting from the regeneration of the water softener<\/li>\n<\/ul>\n<p>Avoiding the introduction of the above-mentioned waste into the drain is a key condition for maintaining the bacteria inhabiting the settling tank \u2013 the biological part of the treatment plant \u2013 in good condition, which has a significant, measurable impact on the operation of the entire treatment system.<\/p>\n<p>Thanks to its design, the treatment plant is resistant to uneven sewage flow, overloads, temperature fluctuations, and temporary sewage outages, e.g., due to vacations. It is also highly resistant to power outages. In the event of a power outage, the control system adjusts the treatment phases to the amount of sewage entering the treatment plant and activates a phase depending on the amount of wastewater collected.  <\/p>\n<p class=\"MsoNormal\"><b>Advantages of SBR treatment plants:<\/b><\/p>\n<p class=\"MsoNormal\">&#8211; Safe construction of the device \u2013 due to the lack of moving parts, no electric pumps, monolithic tank made of polyethylene (PE) ensuring the tightness of the device.<\/p>\n<p class=\"MsoNormal\">&#8211; The treatment plant has the CE mark &#8211; it has been tested by a notified testing body for compliance with the PN &#8211; EN 12566-3 +A1:2009 standard, ensuring high treatment efficiency confirmed by tests.<\/p>\n<p class=\"MsoNormal\">&#8211; Low sensitivity to power outages &#8211; in the event of a power outage, the control adjusts the treatment phases to the amount of sewage flowing into the treatment plant and activates the appropriate phase depending on the collected sewage.<\/p>\n<p>&#8211; The purification process is automated &#8211; allowing control over the purification cycle, and the control is also adjusted to the amount of sewage inflow.<\/p>\n<p>&#8211; Possibility to set the treatment plant to standby mode &#8211; allows the treatment process to be maintained even in the absence of sewage flow for up to 2 weeks.<\/p>\n<p>&#8211; Long service life and reliability \u2013 PE tanks are made monolithically and additionally reinforced inside the tank with a steel frame.<\/p>\n<p>For safe operation of the device, a <a href=\"https:\/\/xymen.pl\/produkt\/skrzynka-z-bezpiecznikami-ip-65\/\" target=\"_blank\" rel=\"noreferrer noopener\">fuse box<\/a> must be installed.<\/p>\n<p><a href=\"https:\/\/xymen.pl\/akcesoria-do-oczyszczalni\/242-skrzynka-z-bezpiecznikami-ip-68.html\" target=\"_blank\" rel=\"noreferrer noopener\"><img decoding=\"async\" src=\"https:\/\/xymen.pl\/img\/cms\/1634720865124.png\" alt=\"1634720865124.png\" width=\"600\" height=\"450\"><\/a><\/p>\n<p><img loading=\"lazy\" decoding=\"async\" src=\"https:\/\/xymen.pl\/img\/cms\/sbr%20schemat.jpg\" alt=\"\" width=\"1234\" height=\"836\"><\/p>\n<p><b>Scheme of the treatment plant:<\/b><\/p>\n<p class=\"MsoNormal\">Scheme of the treatment plant:<\/p>\n<p class=\"MsoNormal\">2. SBR reaction chamber<\/p>\n<p class=\"MsoNormal\">3. Hatch<\/p>\n<p class=\"MsoNormal\">4. Connecting pipes DN 110<\/p>\n<p class=\"MsoNormal\">5. Compressed air lift<\/p>\n<p class=\"MsoNormal\">6. Sediment protection tube<\/p>\n<p class=\"MsoNormal\">7. Activated sludge aeration membranes<\/p>\n<p class=\"MsoNormal\">8. Compressed air lift<\/p>\n<p class=\"MsoNormal\">9. Compressed air lift<\/p>\n<p class=\"MsoNormal\"><b>The treatment plant includes:<\/b><\/p>\n<p class=\"MsoNormal\">&#8211; SBR tank<\/p>\n<p class=\"MsoNormal\">&#8211; Extension with controls and cover<\/p>\n<p class=\"MsoNormal\">&#8211; Extensions: DN 600 H-0.5m 2 pcs.<\/p>\n<p class=\"MsoNormal\">&#8211; Cover DN 600<\/p>\n<p class=\"MsoNormal\"><b>The treatment plant with a 48 m drainage system includes:<\/b><\/p>\n<p class=\"MsoNormal\">&#8211; PVC pipe DN 110 gray 1m &#8211; 6 pcs.<\/p>\n<p class=\"MsoNormal\">&#8211; Distribution chamber DN 400 H- 0.7m <strong>or<\/strong> DN 400 H-0.5m <strong>or<\/strong> DN 400 H-1.1m &#8211; 1 pc.<\/p>\n<p class=\"MsoNormal\">&#8211; PVC elbow DN 110 87\u00b0 gray &#8211; 5 pcs.<\/p>\n<p class=\"MsoNormal\">&#8211; PVC drainage pipes DN 110 gray 2m &#8211; 24 pcs.<\/p>\n<p class=\"MsoNormal\">&#8211; Ventilation chimney &#8211; 3 pcs.<\/p>\n<p class=\"MsoNormal\">&#8211; Geotextile width 0.5m &#8211; 49 m<\/p>\n<p class=\"MsoNormal\"><b>The 150L tunnel infiltration treatment plant includes:<\/b><\/p>\n<p class=\"MsoNormal\">&#8211; PVC pipe DN 110 gray 1m &#8211; 3 pcs.<\/p>\n<p class=\"MsoNormal\">&#8211; Distribution chamber DN 400 H-0.7m &#8211; 1 pc.<\/p>\n<p class=\"MsoNormal\">&#8211; PVC elbow DN 110 87\u00b0 gray &#8211; 1 pc.<\/p>\n<p class=\"MsoNormal\">&#8211; Tunnels drainage 150L &#8211; 8 pcs.<\/p>\n<p class=\"MsoNormal\">&#8211; PVC drainage pipes DN 110 gray 2m &#8211; 4 pcs.<\/p>\n<p class=\"MsoNormal\">&#8211; Ventilation chimney &#8211; 1 pc.<\/p>\n<p class=\"MsoNormal\">&#8211; Geotextile 2m wide &#8211; 8 m<\/p>\n<p class=\"MsoNormal\"><b>The 300L tunnel infiltration treatment plant includes:<\/b><\/p>\n<p class=\"MsoNormal\">&#8211; PVC pipe DN 110 gray 1m &#8211; 3 pcs.<\/p>\n<p class=\"MsoNormal\">&#8211; Distribution chamber DN 400 H-0.7m &#8211; 1 pc.<\/p>\n<p class=\"MsoNormal\">&#8211; PVC elbow DN 110 87\u00b0 gray &#8211; 1 pc.<\/p>\n<p class=\"MsoNormal\">&#8211; 300L drainage tunnels &#8211; 6 pcs.<\/p>\n<p class=\"MsoNormal\">&#8211; Ventilation chimney &#8211; 1 pc.<\/p>\n<p class=\"MsoNormal\">&#8211; Geotextile 2m wide &#8211; 8 m<\/p>\n<p class=\"MsoNormal\"><b>The treatment plant with a soakaway includes:<\/b><\/p>\n<p class=\"MsoNormal\">&#8211; Absorbent well DN 600 H-1m perforated with side drainage holes<\/p>\n<p class=\"MsoNormal\">&#8211; DN 600 cover in green<\/p>\n<p class=\"MsoNormal\">&#8211; Geotextile 2m x 2m<\/p>\n<p class=\"MsoNormal\"><b>Installation on the premises throughout the country by professional teams of installers &#8211; agreed upon individually.<\/b><\/p>\n<p class=\"MsoNormal\"><b>Do you have any questions? Call us and we will advise you on choosing the optimal solution for you. <\/b><\/p>\n","protected":false},"excerpt":{"rendered":"<p>METRIA SBR 4-6 domestic sewage treatment plant<\/p>\n","protected":false},"featured_media":13959,"comment_status":"open","ping_status":"closed","template":"","meta":{"_acf_changed":false,"_glsr_average":0,"_glsr_ranking":0,"_glsr_reviews":0},"product_brand":[],"product_cat":[345,441,442],"product_tag":[378,538],"class_list":{"0":"post-16879","1":"product","2":"type-product","3":"status-publish","4":"has-post-thumbnail","6":"product_cat-biological-treatment-plants","7":"product_cat-metria-en","8":"product_cat-sbr-en","9":"product_tag-metria-en","10":"product_tag-z-wariantami-en","12":"first","13":"instock","14":"taxable","15":"shipping-taxable","16":"purchasable","17":"product-type-variable","18":"has-default-attributes"},"acf":{"xymen_capacity":6},"yoast_head":"<!-- This site is optimized with the Yoast SEO plugin v27.1.1 - https:\/\/yoast.com\/product\/yoast-seo-wordpress\/ -->\n<title>METRIA SBR 4-6 domestic sewage treatment plant | XYMEN<\/title>\n<meta name=\"description\" content=\"METRIA SBR 4-6 domestic sewage treatment plant\" \/>\n<meta name=\"robots\" content=\"index, follow, max-snippet:-1, max-image-preview:large, max-video-preview:-1\" \/>\n<link rel=\"canonical\" href=\"https:\/\/xymen.pl\/en\/product\/metria-sbr-4-6-domestic-sewage-treatment-plant\/\" \/>\n<meta property=\"og:locale\" content=\"en_US\" \/>\n<meta property=\"og:type\" content=\"article\" \/>\n<meta property=\"og:title\" content=\"METRIA SBR 4-6 domestic sewage treatment plant\" \/>\n<meta property=\"og:description\" content=\"METRIA SBR 4-6 \u2013 an advanced wastewater treatment system combining efficiency and effectiveness. Using SBR technology, this treatment plant provides clean water for your home while minimizing negative environmental impact.\" \/>\n<meta property=\"og:url\" content=\"https:\/\/xymen.pl\/en\/product\/metria-sbr-4-6-domestic-sewage-treatment-plant\/\" \/>\n<meta property=\"og:site_name\" content=\"XYMEN\" \/>\n<meta property=\"og:image\" content=\"https:\/\/xymen.pl\/wp-content\/uploads\/2023\/03\/oczyszczalnia-metria-sbr-4-6-300x300.jpg\" \/>\n<meta name=\"twitter:card\" content=\"summary_large_image\" \/>\n<meta name=\"twitter:title\" content=\"METRIA SBR 4-6 domestic sewage treatment plant\" \/>\n<meta name=\"twitter:description\" content=\"METRIA SBR 4-6 \u2013 an advanced wastewater treatment system combining efficiency and effectiveness. Using SBR technology, this treatment plant provides clean water for your home while minimizing negative environmental impact.\" \/>\n<meta name=\"twitter:image\" content=\"https:\/\/xymen.pl\/wp-content\/uploads\/2023\/03\/oczyszczalnia-metria-sbr-4-6.jpg\" \/>\n<meta name=\"twitter:label1\" content=\"Est. reading time\" \/>\n\t<meta name=\"twitter:data1\" content=\"6 minutes\" \/>\n<script type=\"application\/ld+json\" class=\"yoast-schema-graph\">{\"@context\":\"https:\/\/schema.org\",\"@graph\":[{\"@type\":\"WebPage\",\"@id\":\"https:\/\/xymen.pl\/en\/product\/metria-sbr-4-6-domestic-sewage-treatment-plant\/\",\"url\":\"https:\/\/xymen.pl\/en\/product\/metria-sbr-4-6-domestic-sewage-treatment-plant\/\",\"name\":\"METRIA SBR 4-6 domestic sewage treatment plant | XYMEN\",\"isPartOf\":{\"@id\":\"https:\/\/xymen.pl\/en\/#website\"},\"primaryImageOfPage\":{\"@id\":\"https:\/\/xymen.pl\/en\/product\/metria-sbr-4-6-domestic-sewage-treatment-plant\/#primaryimage\"},\"image\":{\"@id\":\"https:\/\/xymen.pl\/en\/product\/metria-sbr-4-6-domestic-sewage-treatment-plant\/#primaryimage\"},\"thumbnailUrl\":\"https:\/\/xymen.pl\/wp-content\/uploads\/2023\/03\/oczyszczalnia-metria-sbr-4-6.jpg\",\"datePublished\":\"2023-03-24T09:50:05+00:00\",\"description\":\"METRIA SBR 4-6 domestic sewage treatment plant\",\"breadcrumb\":{\"@id\":\"https:\/\/xymen.pl\/en\/product\/metria-sbr-4-6-domestic-sewage-treatment-plant\/#breadcrumb\"},\"inLanguage\":\"en-US\",\"potentialAction\":[{\"@type\":\"ReadAction\",\"target\":[\"https:\/\/xymen.pl\/en\/product\/metria-sbr-4-6-domestic-sewage-treatment-plant\/\"]}]},{\"@type\":\"ImageObject\",\"inLanguage\":\"en-US\",\"@id\":\"https:\/\/xymen.pl\/en\/product\/metria-sbr-4-6-domestic-sewage-treatment-plant\/#primaryimage\",\"url\":\"https:\/\/xymen.pl\/wp-content\/uploads\/2023\/03\/oczyszczalnia-metria-sbr-4-6.jpg\",\"contentUrl\":\"https:\/\/xymen.pl\/wp-content\/uploads\/2023\/03\/oczyszczalnia-metria-sbr-4-6.jpg\",\"width\":800,\"height\":800,\"caption\":\"Metria SBR 4-6 sewage treatment plant, domestic sewage treatment plants, biological sewage treatment plant\"},{\"@type\":\"BreadcrumbList\",\"@id\":\"https:\/\/xymen.pl\/en\/product\/metria-sbr-4-6-domestic-sewage-treatment-plant\/#breadcrumb\",\"itemListElement\":[{\"@type\":\"ListItem\",\"position\":1,\"name\":\"Products\",\"item\":\"https:\/\/xymen.pl\/en\/products\/\"},{\"@type\":\"ListItem\",\"position\":2,\"name\":\"METRIA SBR 4-6 domestic sewage treatment plant\"}]},{\"@type\":\"WebSite\",\"@id\":\"https:\/\/xymen.pl\/en\/#website\",\"url\":\"https:\/\/xymen.pl\/en\/\",\"name\":\"XYMEN\",\"description\":\"zbiorniki na deszcz\u00f3wk\u0119 | ekologiczne oczyszczalnie \u015bciek\u00f3w\",\"publisher\":{\"@id\":\"https:\/\/xymen.pl\/en\/#organization\"},\"potentialAction\":[{\"@type\":\"SearchAction\",\"target\":{\"@type\":\"EntryPoint\",\"urlTemplate\":\"https:\/\/xymen.pl\/en\/?s={search_term_string}\"},\"query-input\":{\"@type\":\"PropertyValueSpecification\",\"valueRequired\":true,\"valueName\":\"search_term_string\"}}],\"inLanguage\":\"en-US\"},{\"@type\":\"Organization\",\"@id\":\"https:\/\/xymen.pl\/en\/#organization\",\"name\":\"XYMEN\",\"url\":\"https:\/\/xymen.pl\/en\/\",\"logo\":{\"@type\":\"ImageObject\",\"inLanguage\":\"en-US\",\"@id\":\"https:\/\/xymen.pl\/en\/#\/schema\/logo\/image\/\",\"url\":\"https:\/\/xymen.pl\/wp-content\/uploads\/2023\/02\/xymenpl-logo-1612299642.png\",\"contentUrl\":\"https:\/\/xymen.pl\/wp-content\/uploads\/2023\/02\/xymenpl-logo-1612299642.png\",\"width\":222,\"height\":218,\"caption\":\"XYMEN\"},\"image\":{\"@id\":\"https:\/\/xymen.pl\/en\/#\/schema\/logo\/image\/\"}}]}<\/script>\n<!-- \/ Yoast SEO plugin. -->","yoast_head_json":{"title":"METRIA SBR 4-6 domestic sewage treatment plant | XYMEN","description":"METRIA SBR 4-6 domestic sewage treatment plant","robots":{"index":"index","follow":"follow","max-snippet":"max-snippet:-1","max-image-preview":"max-image-preview:large","max-video-preview":"max-video-preview:-1"},"canonical":"https:\/\/xymen.pl\/en\/product\/metria-sbr-4-6-domestic-sewage-treatment-plant\/","og_locale":"en_US","og_type":"article","og_title":"METRIA SBR 4-6 domestic sewage treatment plant","og_description":"METRIA SBR 4-6 \u2013 an advanced wastewater treatment system combining efficiency and effectiveness. Using SBR technology, this treatment plant provides clean water for your home while minimizing negative environmental impact.","og_url":"https:\/\/xymen.pl\/en\/product\/metria-sbr-4-6-domestic-sewage-treatment-plant\/","og_site_name":"XYMEN","og_image":[{"url":"https:\/\/xymen.pl\/wp-content\/uploads\/2023\/03\/oczyszczalnia-metria-sbr-4-6-300x300.jpg","type":"","width":"","height":""}],"twitter_card":"summary_large_image","twitter_title":"METRIA SBR 4-6 domestic sewage treatment plant","twitter_description":"METRIA SBR 4-6 \u2013 an advanced wastewater treatment system combining efficiency and effectiveness. Using SBR technology, this treatment plant provides clean water for your home while minimizing negative environmental impact.","twitter_image":"https:\/\/xymen.pl\/wp-content\/uploads\/2023\/03\/oczyszczalnia-metria-sbr-4-6.jpg","twitter_misc":{"Est. reading time":"6 minutes"},"schema":{"@context":"https:\/\/schema.org","@graph":[{"@type":"WebPage","@id":"https:\/\/xymen.pl\/en\/product\/metria-sbr-4-6-domestic-sewage-treatment-plant\/","url":"https:\/\/xymen.pl\/en\/product\/metria-sbr-4-6-domestic-sewage-treatment-plant\/","name":"METRIA SBR 4-6 domestic sewage treatment plant | XYMEN","isPartOf":{"@id":"https:\/\/xymen.pl\/en\/#website"},"primaryImageOfPage":{"@id":"https:\/\/xymen.pl\/en\/product\/metria-sbr-4-6-domestic-sewage-treatment-plant\/#primaryimage"},"image":{"@id":"https:\/\/xymen.pl\/en\/product\/metria-sbr-4-6-domestic-sewage-treatment-plant\/#primaryimage"},"thumbnailUrl":"https:\/\/xymen.pl\/wp-content\/uploads\/2023\/03\/oczyszczalnia-metria-sbr-4-6.jpg","datePublished":"2023-03-24T09:50:05+00:00","description":"METRIA SBR 4-6 domestic sewage treatment plant","breadcrumb":{"@id":"https:\/\/xymen.pl\/en\/product\/metria-sbr-4-6-domestic-sewage-treatment-plant\/#breadcrumb"},"inLanguage":"en-US","potentialAction":[{"@type":"ReadAction","target":["https:\/\/xymen.pl\/en\/product\/metria-sbr-4-6-domestic-sewage-treatment-plant\/"]}]},{"@type":"ImageObject","inLanguage":"en-US","@id":"https:\/\/xymen.pl\/en\/product\/metria-sbr-4-6-domestic-sewage-treatment-plant\/#primaryimage","url":"https:\/\/xymen.pl\/wp-content\/uploads\/2023\/03\/oczyszczalnia-metria-sbr-4-6.jpg","contentUrl":"https:\/\/xymen.pl\/wp-content\/uploads\/2023\/03\/oczyszczalnia-metria-sbr-4-6.jpg","width":800,"height":800,"caption":"Metria SBR 4-6 sewage treatment plant, domestic sewage treatment plants, biological sewage treatment plant"},{"@type":"BreadcrumbList","@id":"https:\/\/xymen.pl\/en\/product\/metria-sbr-4-6-domestic-sewage-treatment-plant\/#breadcrumb","itemListElement":[{"@type":"ListItem","position":1,"name":"Products","item":"https:\/\/xymen.pl\/en\/products\/"},{"@type":"ListItem","position":2,"name":"METRIA SBR 4-6 domestic sewage treatment plant"}]},{"@type":"WebSite","@id":"https:\/\/xymen.pl\/en\/#website","url":"https:\/\/xymen.pl\/en\/","name":"XYMEN","description":"zbiorniki na deszcz\u00f3wk\u0119 | ekologiczne oczyszczalnie \u015bciek\u00f3w","publisher":{"@id":"https:\/\/xymen.pl\/en\/#organization"},"potentialAction":[{"@type":"SearchAction","target":{"@type":"EntryPoint","urlTemplate":"https:\/\/xymen.pl\/en\/?s={search_term_string}"},"query-input":{"@type":"PropertyValueSpecification","valueRequired":true,"valueName":"search_term_string"}}],"inLanguage":"en-US"},{"@type":"Organization","@id":"https:\/\/xymen.pl\/en\/#organization","name":"XYMEN","url":"https:\/\/xymen.pl\/en\/","logo":{"@type":"ImageObject","inLanguage":"en-US","@id":"https:\/\/xymen.pl\/en\/#\/schema\/logo\/image\/","url":"https:\/\/xymen.pl\/wp-content\/uploads\/2023\/02\/xymenpl-logo-1612299642.png","contentUrl":"https:\/\/xymen.pl\/wp-content\/uploads\/2023\/02\/xymenpl-logo-1612299642.png","width":222,"height":218,"caption":"XYMEN"},"image":{"@id":"https:\/\/xymen.pl\/en\/#\/schema\/logo\/image\/"}}]}},"_links":{"self":[{"href":"https:\/\/xymen.pl\/en\/wp-json\/wp\/v2\/product\/16879","targetHints":{"allow":["GET"]}}],"collection":[{"href":"https:\/\/xymen.pl\/en\/wp-json\/wp\/v2\/product"}],"about":[{"href":"https:\/\/xymen.pl\/en\/wp-json\/wp\/v2\/types\/product"}],"replies":[{"embeddable":true,"href":"https:\/\/xymen.pl\/en\/wp-json\/wp\/v2\/comments?post=16879"}],"wp:featuredmedia":[{"embeddable":true,"href":"https:\/\/xymen.pl\/en\/wp-json\/wp\/v2\/media\/13959"}],"wp:attachment":[{"href":"https:\/\/xymen.pl\/en\/wp-json\/wp\/v2\/media?parent=16879"}],"wp:term":[{"taxonomy":"product_brand","embeddable":true,"href":"https:\/\/xymen.pl\/en\/wp-json\/wp\/v2\/product_brand?post=16879"},{"taxonomy":"product_cat","embeddable":true,"href":"https:\/\/xymen.pl\/en\/wp-json\/wp\/v2\/product_cat?post=16879"},{"taxonomy":"product_tag","embeddable":true,"href":"https:\/\/xymen.pl\/en\/wp-json\/wp\/v2\/product_tag?post=16879"}],"curies":[{"name":"wp","href":"https:\/\/api.w.org\/{rel}","templated":true}]}}