{"id":16954,"date":"2023-10-23T20:30:26","date_gmt":"2023-10-23T18:30:26","guid":{"rendered":"https:\/\/xymen.pl\/produkt\/biotech-4-domestic-sewage-treatment-plant\/"},"modified":"2023-10-23T20:30:26","modified_gmt":"2023-10-23T18:30:26","slug":"biotech-4-domestic-sewage-treatment-plant","status":"publish","type":"product","link":"https:\/\/xymen.pl\/en\/product\/biotech-4-domestic-sewage-treatment-plant\/","title":{"rendered":"BIOTECH 4 domestic sewage treatment plant"},"content":{"rendered":"<p><img decoding=\"async\" class=\"alignnone size-full wp-image-6755\" src=\"https:\/\/xymen.pl\/wp-content\/uploads\/2023\/10\/biotech_logo.png\" alt=\"\" width=\"300\" height=\"48\"><\/p>\n<p><strong>BIOTECH 4 for 4 residents<\/strong><\/p>\n<table border=\"1\" width=\"556\" cellspacing=\"0\" cellpadding=\"0\">\n<tbody>\n<tr>\n<td>\n<p align=\"center\">Sizes<\/p>\n<p>&nbsp;<\/td>\n<td>\n<p align=\"center\">BIOTECH 4<\/p>\n<p>&nbsp;<\/td>\n<\/tr>\n<tr>\n<td>Equivalent number of inhabitants (RLM)<\/td>\n<td>4<\/td>\n<\/tr>\n<tr>\n<td>Daily amount of wastewater (m\u00b3\/d)<\/td>\n<td>0.6<\/td>\n<\/tr>\n<tr>\n<td>Daily load of pollutants (kg BOD5\/d)<\/td>\n<td>0.36<\/td>\n<\/tr>\n<tr>\n<td>Width (mm)<\/td>\n<td>1000<\/td>\n<\/tr>\n<tr>\n<td>Total length (mm)<\/td>\n<td>1900<\/td>\n<\/tr>\n<tr>\n<td>Height (mm)<\/td>\n<td>1865<\/td>\n<\/tr>\n<tr>\n<td>Standard depth of drain (mm)<\/td>\n<td>991<\/td>\n<\/tr>\n<tr>\n<td>Depth of inflow from the bottom (mm)<\/td>\n<td>1000<\/td>\n<\/tr>\n<tr>\n<td>Pipe diameter (mm)<\/td>\n<td>110\/160<\/td>\n<\/tr>\n<tr>\n<td>Period of storage of sludge (approximate)<\/td>\n<td>12 months<\/td>\n<\/tr>\n<tr>\n<td>Power supply electric<\/td>\n<td>230 V<\/td>\n<\/tr>\n<tr>\n<td>Blower power<\/td>\n<td>50 W<\/td>\n<\/tr>\n<tr>\n<td>Weight of standard device (tons)<\/td>\n<td>0.130<\/td>\n<\/tr>\n<\/tbody>\n<\/table>\n<p><strong>Capacity 2000L<\/strong><\/p>\n<p>The basis for the operation of the system <strong>BIOTECH <\/strong>is activated sludge technology which guarantees the receipt of very high-quality water. which guarantees the achievement of very good treatment parameters.<\/p>\n<p>BIOTECH treatment plants can be installed at great depths (1.5 m below ground level) thanks to the use of high-quality polyethylene and a well-designed monolithic structure (vertical cylindrical tank, no bulkheads), which guarantees that the most failure-prone element, i.e. the raw sewage pumping station, can be avoided in virtually all cases.<\/p>\n<p><strong>The process of purification at the treatment plant BIOTECH proceeds in the following manner:<\/strong><\/p>\n<p>&#8211; Settler preliminary, here first go sewage raw. This here leads to retention of fats, separation of solid particles and settling of particles forming sediment. Then preliminarily treated wastewater by gravity goes to the reactor.  <\/p>\n<p>&#8211; Intensive aeration, which continues throughout the entire time allows for a9&gt; development of aerobic bacteria and purification of sewage<\/p>\n<p>&#8211; Flow of sewage to the Imhoff tank, where the active sludge settles and is removed.<\/p>\n<p>&#8211; Return of excess sediment to the reactor<\/p>\n<p>&#8211; Outflow of wastewater treated from the Imhoff tank to the secondary settling tank where it reaches its final treatment. where it undergoes final treatment<\/p>\n<p>&#8211; Gravity flow of sewage from treatment plants<\/p>\n<p><strong>Advantages of the BIOTECH 4 treatment plant:<\/strong><\/p>\n<ul>\n<li>activated sludge technology<\/li>\n<li>installation depth &#8211; 1.5 m below ground level.<\/li>\n<li>continuous operation without a controller and solenoid valves<\/li>\n<li>possibility of manually changing the treatment plant settings<\/li>\n<li>energy-efficient blower<\/li>\n<li>easy maintenance<\/li>\n<\/ul>\n<p>&nbsp;<\/p>\n<p><strong>The BIOTECH treatment plant consists of:<\/strong><\/p>\n<p>Monolityczny zbiornik z osadnikiem wst\u0119pnym, reaktorem biologicznym i osadnikiem wt\u00f3rnym<br \/>\nPokrywy zbiornika DN600 (2 szt.)<br \/>\nSzafka z tworzywa z dmuchaw\u0105 i zaworami<\/p>\n<p>&nbsp;<\/p>\n<p>Installation on the premises throughout the country by professional teams of installers &#8211; agreed upon individually.<\/p>\n<p>Do you have any questions? Call us and we will advise you on choosing the optimal solution for you. <\/p>\n","protected":false},"excerpt":{"rendered":"<p>Wastewater treatment plant sewage <strong>BIOTECH 4<\/strong><\/p>\n<div id=\"gtx-trans\" style=\"position: absolute; left: -39px; top: -9.29245px;\">\n<div class=\"gtx-trans-icon\"><\/div>\n<\/div>\n","protected":false},"featured_media":6809,"comment_status":"open","ping_status":"closed","template":"","meta":{"_acf_changed":false,"_glsr_average":0,"_glsr_ranking":0,"_glsr_reviews":0},"product_brand":[],"product_cat":[345,444],"product_tag":[445],"class_list":{"0":"post-16954","1":"product","2":"type-product","3":"status-publish","4":"has-post-thumbnail","6":"product_cat-biological-treatment-plants","7":"product_cat-biotech-en","8":"product_tag-biotech-en","10":"first","11":"outofstock","12":"taxable","13":"shipping-taxable","14":"purchasable","15":"product-type-simple"},"acf":{"xymen_capacity":""},"yoast_head":"<!-- This site is optimized with the Yoast SEO plugin v27.1.1 - https:\/\/yoast.com\/product\/yoast-seo-wordpress\/ -->\n<title>BIOTECH 4 domestic sewage treatment plant | XYMEN<\/title>\n<meta name=\"robots\" content=\"index, follow, max-snippet:-1, max-image-preview:large, max-video-preview:-1\" \/>\n<link rel=\"canonical\" href=\"https:\/\/xymen.pl\/en\/product\/biotech-4-domestic-sewage-treatment-plant\/\" \/>\n<meta property=\"og:locale\" content=\"en_US\" \/>\n<meta property=\"og:type\" content=\"article\" \/>\n<meta property=\"og:title\" content=\"BIOTECH 4 domestic sewage treatment plant\" \/>\n<meta property=\"og:description\" content=\"The BIOTECH 4 domestic sewage treatment plant is a modern solution for your property. Thanks to advanced technology, BIOTECH 4 not only ensures effective treatment, but also has a minimal impact on the environment.\" \/>\n<meta property=\"og:url\" content=\"https:\/\/xymen.pl\/en\/product\/biotech-4-domestic-sewage-treatment-plant\/\" \/>\n<meta property=\"og:site_name\" content=\"XYMEN\" \/>\n<meta property=\"og:image\" content=\"https:\/\/xymen.pl\/wp-content\/uploads\/2023\/10\/oczyszczalnia-3_przezroczyste-tlo-1024x967.png\" \/>\n<meta name=\"twitter:card\" content=\"summary_large_image\" \/>\n<meta name=\"twitter:title\" content=\"BIOTECH 4 domestic sewage treatment plant\" \/>\n<meta name=\"twitter:description\" content=\"The BIOTECH 4 domestic sewage treatment plant is a modern solution for your property. Thanks to advanced technology, BIOTECH 4 not only ensures effective treatment, but also has a minimal impact on the environment.\" \/>\n<meta name=\"twitter:image\" content=\"https:\/\/xymen.pl\/wp-content\/uploads\/2023\/10\/oczyszczalnia-3_przezroczyste-tlo-1024x967.png\" \/>\n<meta name=\"twitter:label1\" content=\"Est. reading time\" \/>\n\t<meta name=\"twitter:data1\" content=\"2 minutes\" \/>\n<script type=\"application\/ld+json\" class=\"yoast-schema-graph\">{\"@context\":\"https:\/\/schema.org\",\"@graph\":[{\"@type\":\"WebPage\",\"@id\":\"https:\/\/xymen.pl\/en\/product\/biotech-4-domestic-sewage-treatment-plant\/\",\"url\":\"https:\/\/xymen.pl\/en\/product\/biotech-4-domestic-sewage-treatment-plant\/\",\"name\":\"BIOTECH 4 domestic sewage treatment plant | XYMEN\",\"isPartOf\":{\"@id\":\"https:\/\/xymen.pl\/en\/#website\"},\"primaryImageOfPage\":{\"@id\":\"https:\/\/xymen.pl\/en\/product\/biotech-4-domestic-sewage-treatment-plant\/#primaryimage\"},\"image\":{\"@id\":\"https:\/\/xymen.pl\/en\/product\/biotech-4-domestic-sewage-treatment-plant\/#primaryimage\"},\"thumbnailUrl\":\"https:\/\/xymen.pl\/wp-content\/uploads\/2023\/10\/oczyszczalnia-3_przezroczyste-tlo.png\",\"datePublished\":\"2023-10-23T18:30:26+00:00\",\"breadcrumb\":{\"@id\":\"https:\/\/xymen.pl\/en\/product\/biotech-4-domestic-sewage-treatment-plant\/#breadcrumb\"},\"inLanguage\":\"en-US\",\"potentialAction\":[{\"@type\":\"ReadAction\",\"target\":[\"https:\/\/xymen.pl\/en\/product\/biotech-4-domestic-sewage-treatment-plant\/\"]}]},{\"@type\":\"ImageObject\",\"inLanguage\":\"en-US\",\"@id\":\"https:\/\/xymen.pl\/en\/product\/biotech-4-domestic-sewage-treatment-plant\/#primaryimage\",\"url\":\"https:\/\/xymen.pl\/wp-content\/uploads\/2023\/10\/oczyszczalnia-3_przezroczyste-tlo.png\",\"contentUrl\":\"https:\/\/xymen.pl\/wp-content\/uploads\/2023\/10\/oczyszczalnia-3_przezroczyste-tlo.png\",\"width\":4516,\"height\":4264,\"caption\":\"BIOTECH 4, Przydomowe oczyszczalnie \u015bciek\u00f3w, oczyszczalnia ekologiczna\"},{\"@type\":\"BreadcrumbList\",\"@id\":\"https:\/\/xymen.pl\/en\/product\/biotech-4-domestic-sewage-treatment-plant\/#breadcrumb\",\"itemListElement\":[{\"@type\":\"ListItem\",\"position\":1,\"name\":\"Products\",\"item\":\"https:\/\/xymen.pl\/en\/products\/\"},{\"@type\":\"ListItem\",\"position\":2,\"name\":\"BIOTECH 4 domestic sewage treatment plant\"}]},{\"@type\":\"WebSite\",\"@id\":\"https:\/\/xymen.pl\/en\/#website\",\"url\":\"https:\/\/xymen.pl\/en\/\",\"name\":\"XYMEN\",\"description\":\"zbiorniki na deszcz\u00f3wk\u0119 | ekologiczne oczyszczalnie \u015bciek\u00f3w\",\"publisher\":{\"@id\":\"https:\/\/xymen.pl\/en\/#organization\"},\"potentialAction\":[{\"@type\":\"SearchAction\",\"target\":{\"@type\":\"EntryPoint\",\"urlTemplate\":\"https:\/\/xymen.pl\/en\/?s={search_term_string}\"},\"query-input\":{\"@type\":\"PropertyValueSpecification\",\"valueRequired\":true,\"valueName\":\"search_term_string\"}}],\"inLanguage\":\"en-US\"},{\"@type\":\"Organization\",\"@id\":\"https:\/\/xymen.pl\/en\/#organization\",\"name\":\"XYMEN\",\"url\":\"https:\/\/xymen.pl\/en\/\",\"logo\":{\"@type\":\"ImageObject\",\"inLanguage\":\"en-US\",\"@id\":\"https:\/\/xymen.pl\/en\/#\/schema\/logo\/image\/\",\"url\":\"https:\/\/xymen.pl\/wp-content\/uploads\/2023\/02\/xymenpl-logo-1612299642.png\",\"contentUrl\":\"https:\/\/xymen.pl\/wp-content\/uploads\/2023\/02\/xymenpl-logo-1612299642.png\",\"width\":222,\"height\":218,\"caption\":\"XYMEN\"},\"image\":{\"@id\":\"https:\/\/xymen.pl\/en\/#\/schema\/logo\/image\/\"}}]}<\/script>\n<!-- \/ Yoast SEO plugin. -->","yoast_head_json":{"title":"BIOTECH 4 domestic sewage treatment plant | XYMEN","robots":{"index":"index","follow":"follow","max-snippet":"max-snippet:-1","max-image-preview":"max-image-preview:large","max-video-preview":"max-video-preview:-1"},"canonical":"https:\/\/xymen.pl\/en\/product\/biotech-4-domestic-sewage-treatment-plant\/","og_locale":"en_US","og_type":"article","og_title":"BIOTECH 4 domestic sewage treatment plant","og_description":"The BIOTECH 4 domestic sewage treatment plant is a modern solution for your property. Thanks to advanced technology, BIOTECH 4 not only ensures effective treatment, but also has a minimal impact on the environment.","og_url":"https:\/\/xymen.pl\/en\/product\/biotech-4-domestic-sewage-treatment-plant\/","og_site_name":"XYMEN","og_image":[{"url":"https:\/\/xymen.pl\/wp-content\/uploads\/2023\/10\/oczyszczalnia-3_przezroczyste-tlo-1024x967.png","type":"","width":"","height":""}],"twitter_card":"summary_large_image","twitter_title":"BIOTECH 4 domestic sewage treatment plant","twitter_description":"The BIOTECH 4 domestic sewage treatment plant is a modern solution for your property. Thanks to advanced technology, BIOTECH 4 not only ensures effective treatment, but also has a minimal impact on the environment.","twitter_image":"https:\/\/xymen.pl\/wp-content\/uploads\/2023\/10\/oczyszczalnia-3_przezroczyste-tlo-1024x967.png","twitter_misc":{"Est. reading time":"2 minutes"},"schema":{"@context":"https:\/\/schema.org","@graph":[{"@type":"WebPage","@id":"https:\/\/xymen.pl\/en\/product\/biotech-4-domestic-sewage-treatment-plant\/","url":"https:\/\/xymen.pl\/en\/product\/biotech-4-domestic-sewage-treatment-plant\/","name":"BIOTECH 4 domestic sewage treatment plant | XYMEN","isPartOf":{"@id":"https:\/\/xymen.pl\/en\/#website"},"primaryImageOfPage":{"@id":"https:\/\/xymen.pl\/en\/product\/biotech-4-domestic-sewage-treatment-plant\/#primaryimage"},"image":{"@id":"https:\/\/xymen.pl\/en\/product\/biotech-4-domestic-sewage-treatment-plant\/#primaryimage"},"thumbnailUrl":"https:\/\/xymen.pl\/wp-content\/uploads\/2023\/10\/oczyszczalnia-3_przezroczyste-tlo.png","datePublished":"2023-10-23T18:30:26+00:00","breadcrumb":{"@id":"https:\/\/xymen.pl\/en\/product\/biotech-4-domestic-sewage-treatment-plant\/#breadcrumb"},"inLanguage":"en-US","potentialAction":[{"@type":"ReadAction","target":["https:\/\/xymen.pl\/en\/product\/biotech-4-domestic-sewage-treatment-plant\/"]}]},{"@type":"ImageObject","inLanguage":"en-US","@id":"https:\/\/xymen.pl\/en\/product\/biotech-4-domestic-sewage-treatment-plant\/#primaryimage","url":"https:\/\/xymen.pl\/wp-content\/uploads\/2023\/10\/oczyszczalnia-3_przezroczyste-tlo.png","contentUrl":"https:\/\/xymen.pl\/wp-content\/uploads\/2023\/10\/oczyszczalnia-3_przezroczyste-tlo.png","width":4516,"height":4264,"caption":"BIOTECH 4, Przydomowe oczyszczalnie \u015bciek\u00f3w, oczyszczalnia ekologiczna"},{"@type":"BreadcrumbList","@id":"https:\/\/xymen.pl\/en\/product\/biotech-4-domestic-sewage-treatment-plant\/#breadcrumb","itemListElement":[{"@type":"ListItem","position":1,"name":"Products","item":"https:\/\/xymen.pl\/en\/products\/"},{"@type":"ListItem","position":2,"name":"BIOTECH 4 domestic sewage treatment plant"}]},{"@type":"WebSite","@id":"https:\/\/xymen.pl\/en\/#website","url":"https:\/\/xymen.pl\/en\/","name":"XYMEN","description":"zbiorniki na deszcz\u00f3wk\u0119 | ekologiczne oczyszczalnie \u015bciek\u00f3w","publisher":{"@id":"https:\/\/xymen.pl\/en\/#organization"},"potentialAction":[{"@type":"SearchAction","target":{"@type":"EntryPoint","urlTemplate":"https:\/\/xymen.pl\/en\/?s={search_term_string}"},"query-input":{"@type":"PropertyValueSpecification","valueRequired":true,"valueName":"search_term_string"}}],"inLanguage":"en-US"},{"@type":"Organization","@id":"https:\/\/xymen.pl\/en\/#organization","name":"XYMEN","url":"https:\/\/xymen.pl\/en\/","logo":{"@type":"ImageObject","inLanguage":"en-US","@id":"https:\/\/xymen.pl\/en\/#\/schema\/logo\/image\/","url":"https:\/\/xymen.pl\/wp-content\/uploads\/2023\/02\/xymenpl-logo-1612299642.png","contentUrl":"https:\/\/xymen.pl\/wp-content\/uploads\/2023\/02\/xymenpl-logo-1612299642.png","width":222,"height":218,"caption":"XYMEN"},"image":{"@id":"https:\/\/xymen.pl\/en\/#\/schema\/logo\/image\/"}}]}},"_links":{"self":[{"href":"https:\/\/xymen.pl\/en\/wp-json\/wp\/v2\/product\/16954","targetHints":{"allow":["GET"]}}],"collection":[{"href":"https:\/\/xymen.pl\/en\/wp-json\/wp\/v2\/product"}],"about":[{"href":"https:\/\/xymen.pl\/en\/wp-json\/wp\/v2\/types\/product"}],"replies":[{"embeddable":true,"href":"https:\/\/xymen.pl\/en\/wp-json\/wp\/v2\/comments?post=16954"}],"wp:featuredmedia":[{"embeddable":true,"href":"https:\/\/xymen.pl\/en\/wp-json\/wp\/v2\/media\/6809"}],"wp:attachment":[{"href":"https:\/\/xymen.pl\/en\/wp-json\/wp\/v2\/media?parent=16954"}],"wp:term":[{"taxonomy":"product_brand","embeddable":true,"href":"https:\/\/xymen.pl\/en\/wp-json\/wp\/v2\/product_brand?post=16954"},{"taxonomy":"product_cat","embeddable":true,"href":"https:\/\/xymen.pl\/en\/wp-json\/wp\/v2\/product_cat?post=16954"},{"taxonomy":"product_tag","embeddable":true,"href":"https:\/\/xymen.pl\/en\/wp-json\/wp\/v2\/product_tag?post=16954"}],"curies":[{"name":"wp","href":"https:\/\/api.w.org\/{rel}","templated":true}]}}