{"id":17063,"date":"2023-08-11T16:10:26","date_gmt":"2023-08-11T14:10:26","guid":{"rendered":"https:\/\/xymen.pl\/produkt\/nolen-p3-3000l-rainwater-tank-with-automatic-pump\/"},"modified":"2025-08-26T15:03:23","modified_gmt":"2025-08-26T13:03:23","slug":"nolen-p3-3000l-rainwater-tank-with-automatic-pump","status":"publish","type":"product","link":"https:\/\/xymen.pl\/en\/product\/nolen-p3-3000l-rainwater-tank-with-automatic-pump\/","title":{"rendered":"NOLEN P3 3000l rainwater tank with automatic pump"},"content":{"rendered":"<p><img decoding=\"async\" class=\"alignnone size-full wp-image-5450\" src=\"https:\/\/xymen.pl\/wp-content\/uploads\/2023\/03\/21_preview_rev_1.png\" alt=\"\" width=\"125\" height=\"42\"><\/p>\n<p>P3 3000L Nolen rainwater tank with automatic pump<\/p>\n<p>The function of the P4 tank is to store rainwater. Using the tank during rainfall reduces the risk of local flooding, and the water stored in this way can be used during periods of drought. <\/p>\n<p>Storing rainwater in a tank allows us to use it for watering plants, lawns, washing cars, etc. Placing an automatic pump in the tank facilitates all work related to the use of water stored in the tank.<\/p>\n<p>A measurable benefit will be a reduction in the amount of water drawn from the water supply network, and thus a significant reduction in water bills.<\/p>\n<p>The P4 4000l tank is a monolithic tank made of high-quality polyethylene using the rotomolding method &#8211; a technique for forming plastics.<\/p>\n<p>The flat design of the tank means we only need a shallow excavation, which cuts down on installation costs.<\/p>\n<p>&nbsp;<\/p>\n<p><strong>The tank consists of:<\/strong><\/p>\n<ul>\n<li>tank P3 3000l<\/li>\n<li>extension 25 cm ( maximum height of extension 100 cm for an additional fee )<\/li>\n<li>inlet \u00d8110<\/li>\n<li>pipe supply<\/li>\n<li>gasket inlet<\/li>\n<li>knee<\/li>\n<li>covers screw-on 2 pcs.<\/li>\n<li>pump LIFT 45 automatic<\/li>\n<\/ul>\n<h5>Lift 45 automatic pump<\/h5>\n<p><img fetchpriority=\"high\" decoding=\"async\" class=\"alignnone size-medium wp-image-6207\" src=\"https:\/\/xymen.pl\/wp-content\/uploads\/2023\/08\/pompaliftpompa-zatapialna-do-wody-czystej-lift-automat_preview_rev_1-300x300.png\" alt=\"\" width=\"300\" height=\"300\" srcset=\"https:\/\/xymen.pl\/wp-content\/uploads\/2023\/08\/pompaliftpompa-zatapialna-do-wody-czystej-lift-automat_preview_rev_1-300x300.png 300w, https:\/\/xymen.pl\/wp-content\/uploads\/2023\/08\/pompaliftpompa-zatapialna-do-wody-czystej-lift-automat_preview_rev_1-150x150.png 150w, https:\/\/xymen.pl\/wp-content\/uploads\/2023\/08\/pompaliftpompa-zatapialna-do-wody-czystej-lift-automat_preview_rev_1-100x100.png 100w, https:\/\/xymen.pl\/wp-content\/uploads\/2023\/08\/pompaliftpompa-zatapialna-do-wody-czystej-lift-automat_preview_rev_1-50x50.png 50w, https:\/\/xymen.pl\/wp-content\/uploads\/2023\/08\/pompaliftpompa-zatapialna-do-wody-czystej-lift-automat_preview_rev_1.png 500w\" sizes=\"(max-width: 300px) 100vw, 300px\" \/><\/p>\n<h5>Operating parameters:<\/h5>\n<ul>\n<li>Max. capacity 100 l\/min <\/li>\n<li>Max. liquid temperature 30\u00b0C <\/li>\n<li>Max. lifting height 45m <\/li>\n<li>Max. pressure 4.5 atm <\/li>\n<\/ul>\n<h5>Pump construction:<\/h5>\n<ul>\n<li>PVC + stainless steel housing<\/li>\n<li>PVC impeller<\/li>\n<li>1&#8243; discharge outlet<\/li>\n<\/ul>\n<h5>Additionally, you can purchase:<\/h5>\n<p>Rainwater overflow filter<\/p>\n<p>D300 Marseplast<\/p>\n<p data-wp-editing=\"1\">    <a href=\"https:\/\/xymen.pl\/produkt\/filtr-przelewowy-do-wody-deszczowej-d300-marseplast\/\"><img decoding=\"async\" class=\"alignnone wp-image-6209\" src=\"https:\/\/xymen.pl\/wp-content\/uploads\/2023\/08\/filtrfiltr-dropFilterphotoAid-removed-background-300x241.png\" alt=\"\" width=\"196\" height=\"157\" srcset=\"https:\/\/xymen.pl\/wp-content\/uploads\/2023\/08\/filtrfiltr-dropFilterphotoAid-removed-background-300x241.png 300w, https:\/\/xymen.pl\/wp-content\/uploads\/2023\/08\/filtrfiltr-dropFilterphotoAid-removed-background-1024x822.png 1024w, https:\/\/xymen.pl\/wp-content\/uploads\/2023\/08\/filtrfiltr-dropFilterphotoAid-removed-background-768x616.png 768w, https:\/\/xymen.pl\/wp-content\/uploads\/2023\/08\/filtrfiltr-dropFilterphotoAid-removed-background-1536x1232.png 1536w, https:\/\/xymen.pl\/wp-content\/uploads\/2023\/08\/filtrfiltr-dropFilterphotoAid-removed-background-2048x1643.png 2048w, https:\/\/xymen.pl\/wp-content\/uploads\/2023\/08\/filtrfiltr-dropFilterphotoAid-removed-background-600x481.png 600w\" sizes=\"(max-width: 196px) 100vw, 196px\" \/><\/a><\/p>\n<p data-wp-editing=\"1\">D400 Aquabin<\/p>\n<p data-wp-editing=\"1\"><a href=\"https:\/\/xymen.pl\/produkt\/filtr-przelewowy-do-wody-deszczowej-d400-aquabin\/\"><img loading=\"lazy\" decoding=\"async\" class=\"alignnone wp-image-6210\" src=\"https:\/\/xymen.pl\/wp-content\/uploads\/2023\/08\/filtrAQ01-22-0x470-c-defaultphotoAid-removed-background-298x300.png\" alt=\"\" width=\"190\" height=\"191\" srcset=\"https:\/\/xymen.pl\/wp-content\/uploads\/2023\/08\/filtrAQ01-22-0x470-c-defaultphotoAid-removed-background-298x300.png 298w, https:\/\/xymen.pl\/wp-content\/uploads\/2023\/08\/filtrAQ01-22-0x470-c-defaultphotoAid-removed-background-150x150.png 150w, https:\/\/xymen.pl\/wp-content\/uploads\/2023\/08\/filtrAQ01-22-0x470-c-defaultphotoAid-removed-background-300x300.png 300w, https:\/\/xymen.pl\/wp-content\/uploads\/2023\/08\/filtrAQ01-22-0x470-c-defaultphotoAid-removed-background-100x100.png 100w, https:\/\/xymen.pl\/wp-content\/uploads\/2023\/08\/filtrAQ01-22-0x470-c-defaultphotoAid-removed-background-50x50.png 50w, https:\/\/xymen.pl\/wp-content\/uploads\/2023\/08\/filtrAQ01-22-0x470-c-defaultphotoAid-removed-background.png 467w\" sizes=\"(max-width: 190px) 100vw, 190px\" \/><\/a><\/p>\n<p data-wp-editing=\"1\">Water intake well with 3\/4&#8243; valve<\/p>\n<p data-wp-editing=\"1\"><a href=\"https:\/\/xymen.pl\/produkt\/studzienka-poboru-wody-z-zaworem-3-4\/\"><img loading=\"lazy\" decoding=\"async\" class=\"alignnone size-medium wp-image-6211\" src=\"https:\/\/xymen.pl\/wp-content\/uploads\/2023\/08\/stpoboru2600-2-0x470-c-defaultphotoAid-removed-background-298x300.png\" alt=\"\" width=\"298\" height=\"300\" srcset=\"https:\/\/xymen.pl\/wp-content\/uploads\/2023\/08\/stpoboru2600-2-0x470-c-defaultphotoAid-removed-background-298x300.png 298w, https:\/\/xymen.pl\/wp-content\/uploads\/2023\/08\/stpoboru2600-2-0x470-c-defaultphotoAid-removed-background-150x150.png 150w, https:\/\/xymen.pl\/wp-content\/uploads\/2023\/08\/stpoboru2600-2-0x470-c-defaultphotoAid-removed-background-100x100.png 100w, https:\/\/xymen.pl\/wp-content\/uploads\/2023\/08\/stpoboru2600-2-0x470-c-defaultphotoAid-removed-background-50x50.png 50w, https:\/\/xymen.pl\/wp-content\/uploads\/2023\/08\/stpoboru2600-2-0x470-c-defaultphotoAid-removed-background.png 467w\" sizes=\"(max-width: 298px) 100vw, 298px\" \/><\/a><\/p>\n","protected":false},"excerpt":{"rendered":"<p>P3 3000L Nolen rainwater tank with automatic pump The function of the P4 tank is to store rainwater. Using the tank during rainfall reduces the risk of local flooding, and the water stored in this way can be used during periods of drought. Storing rainwater in a tank allows us to use it for watering [&hellip;]<\/p>\n","protected":false},"featured_media":15148,"comment_status":"open","ping_status":"closed","template":"","meta":{"_acf_changed":false,"_glsr_average":0,"_glsr_ranking":0,"_glsr_reviews":0},"product_brand":[],"product_cat":[360,359],"product_tag":[382,450],"class_list":{"0":"post-17063","1":"product","2":"type-product","3":"status-publish","4":"has-post-thumbnail","6":"product_cat-3000-l-en","7":"product_cat-underground","8":"product_tag-nolen-en","9":"product_tag-standard-en-2","11":"first","12":"instock","13":"taxable","14":"shipping-taxable","15":"purchasable","16":"product-type-simple"},"acf":{"xymen_capacity":""},"yoast_head":"<!-- This site is optimized with the Yoast SEO plugin v27.1.1 - https:\/\/yoast.com\/product\/yoast-seo-wordpress\/ -->\n<title>Underground tank 3000L for water rainwater<\/title>\n<meta name=\"description\" content=\"Storing rainwater in a tank allows us to use it for watering plants, lawns, washing cars, etc.\" \/>\n<meta name=\"robots\" content=\"index, follow, max-snippet:-1, max-image-preview:large, max-video-preview:-1\" \/>\n<link rel=\"canonical\" href=\"https:\/\/xymen.pl\/en\/product\/nolen-p3-3000l-rainwater-tank-with-automatic-pump\/\" \/>\n<meta property=\"og:locale\" content=\"en_US\" \/>\n<meta property=\"og:type\" content=\"article\" \/>\n<meta property=\"og:title\" content=\"NOLEN P3 3000l rainwater tank with automatic pump\" \/>\n<meta property=\"og:description\" content=\"With the NOLEN P3 3000l rainwater tank with automatic pump, you can be sure of a constant supply of clean rainwater. Choose an eco-friendly and economical solution for your home.\" \/>\n<meta property=\"og:url\" content=\"https:\/\/xymen.pl\/en\/product\/nolen-p3-3000l-rainwater-tank-with-automatic-pump\/\" \/>\n<meta property=\"og:site_name\" content=\"XYMEN\" \/>\n<meta property=\"article:modified_time\" content=\"2025-08-26T13:03:23+00:00\" \/>\n<meta property=\"og:image\" content=\"https:\/\/xymen.pl\/wp-content\/uploads\/2023\/08\/p3pompaP3pompa.png\" \/>\n<meta name=\"twitter:card\" content=\"summary_large_image\" \/>\n<meta name=\"twitter:title\" content=\"NOLEN P3 3000l rainwater tank with automatic pump\" \/>\n<meta name=\"twitter:description\" content=\"With the NOLEN P3 3000l rainwater tank with automatic pump, you can be sure of a constant supply of clean rainwater. Choose an eco-friendly and economical solution for your home.\" \/>\n<meta name=\"twitter:image\" content=\"https:\/\/xymen.pl\/wp-content\/uploads\/2023\/08\/p3pompaP3pompa.png\" \/>\n<meta name=\"twitter:label1\" content=\"Est. reading time\" \/>\n\t<meta name=\"twitter:data1\" content=\"1 minute\" \/>\n<script type=\"application\/ld+json\" class=\"yoast-schema-graph\">{\"@context\":\"https:\/\/schema.org\",\"@graph\":[{\"@type\":\"WebPage\",\"@id\":\"https:\/\/xymen.pl\/en\/product\/nolen-p3-3000l-rainwater-tank-with-automatic-pump\/\",\"url\":\"https:\/\/xymen.pl\/en\/product\/nolen-p3-3000l-rainwater-tank-with-automatic-pump\/\",\"name\":\"Underground tank 3000L for water rainwater\",\"isPartOf\":{\"@id\":\"https:\/\/xymen.pl\/en\/#website\"},\"primaryImageOfPage\":{\"@id\":\"https:\/\/xymen.pl\/en\/product\/nolen-p3-3000l-rainwater-tank-with-automatic-pump\/#primaryimage\"},\"image\":{\"@id\":\"https:\/\/xymen.pl\/en\/product\/nolen-p3-3000l-rainwater-tank-with-automatic-pump\/#primaryimage\"},\"thumbnailUrl\":\"https:\/\/xymen.pl\/wp-content\/uploads\/2023\/08\/p3pompaP3pompa.png\",\"datePublished\":\"2023-08-11T14:10:26+00:00\",\"dateModified\":\"2025-08-26T13:03:23+00:00\",\"description\":\"Storing rainwater in a tank allows us to use it for watering plants, lawns, washing cars, etc.\",\"breadcrumb\":{\"@id\":\"https:\/\/xymen.pl\/en\/product\/nolen-p3-3000l-rainwater-tank-with-automatic-pump\/#breadcrumb\"},\"inLanguage\":\"en-US\",\"potentialAction\":[{\"@type\":\"ReadAction\",\"target\":[\"https:\/\/xymen.pl\/en\/product\/nolen-p3-3000l-rainwater-tank-with-automatic-pump\/\"]}]},{\"@type\":\"ImageObject\",\"inLanguage\":\"en-US\",\"@id\":\"https:\/\/xymen.pl\/en\/product\/nolen-p3-3000l-rainwater-tank-with-automatic-pump\/#primaryimage\",\"url\":\"https:\/\/xymen.pl\/wp-content\/uploads\/2023\/08\/p3pompaP3pompa.png\",\"contentUrl\":\"https:\/\/xymen.pl\/wp-content\/uploads\/2023\/08\/p3pompaP3pompa.png\",\"width\":800,\"height\":533,\"caption\":\"nolen p4 4000L with automatic pump, rainwater tank, water tank, rainwater reservoir\"},{\"@type\":\"BreadcrumbList\",\"@id\":\"https:\/\/xymen.pl\/en\/product\/nolen-p3-3000l-rainwater-tank-with-automatic-pump\/#breadcrumb\",\"itemListElement\":[{\"@type\":\"ListItem\",\"position\":1,\"name\":\"Products\",\"item\":\"https:\/\/xymen.pl\/en\/products\/\"},{\"@type\":\"ListItem\",\"position\":2,\"name\":\"NOLEN P3 3000l rainwater tank with automatic pump\"}]},{\"@type\":\"WebSite\",\"@id\":\"https:\/\/xymen.pl\/en\/#website\",\"url\":\"https:\/\/xymen.pl\/en\/\",\"name\":\"XYMEN\",\"description\":\"zbiorniki na deszcz\u00f3wk\u0119 | ekologiczne oczyszczalnie \u015bciek\u00f3w\",\"publisher\":{\"@id\":\"https:\/\/xymen.pl\/en\/#organization\"},\"potentialAction\":[{\"@type\":\"SearchAction\",\"target\":{\"@type\":\"EntryPoint\",\"urlTemplate\":\"https:\/\/xymen.pl\/en\/?s={search_term_string}\"},\"query-input\":{\"@type\":\"PropertyValueSpecification\",\"valueRequired\":true,\"valueName\":\"search_term_string\"}}],\"inLanguage\":\"en-US\"},{\"@type\":\"Organization\",\"@id\":\"https:\/\/xymen.pl\/en\/#organization\",\"name\":\"XYMEN\",\"url\":\"https:\/\/xymen.pl\/en\/\",\"logo\":{\"@type\":\"ImageObject\",\"inLanguage\":\"en-US\",\"@id\":\"https:\/\/xymen.pl\/en\/#\/schema\/logo\/image\/\",\"url\":\"https:\/\/xymen.pl\/wp-content\/uploads\/2023\/02\/xymenpl-logo-1612299642.png\",\"contentUrl\":\"https:\/\/xymen.pl\/wp-content\/uploads\/2023\/02\/xymenpl-logo-1612299642.png\",\"width\":222,\"height\":218,\"caption\":\"XYMEN\"},\"image\":{\"@id\":\"https:\/\/xymen.pl\/en\/#\/schema\/logo\/image\/\"}}]}<\/script>\n<!-- \/ Yoast SEO plugin. -->","yoast_head_json":{"title":"Underground tank 3000L for water rainwater","description":"Storing rainwater in a tank allows us to use it for watering plants, lawns, washing cars, etc.","robots":{"index":"index","follow":"follow","max-snippet":"max-snippet:-1","max-image-preview":"max-image-preview:large","max-video-preview":"max-video-preview:-1"},"canonical":"https:\/\/xymen.pl\/en\/product\/nolen-p3-3000l-rainwater-tank-with-automatic-pump\/","og_locale":"en_US","og_type":"article","og_title":"NOLEN P3 3000l rainwater tank with automatic pump","og_description":"With the NOLEN P3 3000l rainwater tank with automatic pump, you can be sure of a constant supply of clean rainwater. Choose an eco-friendly and economical solution for your home.","og_url":"https:\/\/xymen.pl\/en\/product\/nolen-p3-3000l-rainwater-tank-with-automatic-pump\/","og_site_name":"XYMEN","article_modified_time":"2025-08-26T13:03:23+00:00","og_image":[{"url":"https:\/\/xymen.pl\/wp-content\/uploads\/2023\/08\/p3pompaP3pompa.png","type":"","width":"","height":""}],"twitter_card":"summary_large_image","twitter_title":"NOLEN P3 3000l rainwater tank with automatic pump","twitter_description":"With the NOLEN P3 3000l rainwater tank with automatic pump, you can be sure of a constant supply of clean rainwater. Choose an eco-friendly and economical solution for your home.","twitter_image":"https:\/\/xymen.pl\/wp-content\/uploads\/2023\/08\/p3pompaP3pompa.png","twitter_misc":{"Est. reading time":"1 minute"},"schema":{"@context":"https:\/\/schema.org","@graph":[{"@type":"WebPage","@id":"https:\/\/xymen.pl\/en\/product\/nolen-p3-3000l-rainwater-tank-with-automatic-pump\/","url":"https:\/\/xymen.pl\/en\/product\/nolen-p3-3000l-rainwater-tank-with-automatic-pump\/","name":"Underground tank 3000L for water rainwater","isPartOf":{"@id":"https:\/\/xymen.pl\/en\/#website"},"primaryImageOfPage":{"@id":"https:\/\/xymen.pl\/en\/product\/nolen-p3-3000l-rainwater-tank-with-automatic-pump\/#primaryimage"},"image":{"@id":"https:\/\/xymen.pl\/en\/product\/nolen-p3-3000l-rainwater-tank-with-automatic-pump\/#primaryimage"},"thumbnailUrl":"https:\/\/xymen.pl\/wp-content\/uploads\/2023\/08\/p3pompaP3pompa.png","datePublished":"2023-08-11T14:10:26+00:00","dateModified":"2025-08-26T13:03:23+00:00","description":"Storing rainwater in a tank allows us to use it for watering plants, lawns, washing cars, etc.","breadcrumb":{"@id":"https:\/\/xymen.pl\/en\/product\/nolen-p3-3000l-rainwater-tank-with-automatic-pump\/#breadcrumb"},"inLanguage":"en-US","potentialAction":[{"@type":"ReadAction","target":["https:\/\/xymen.pl\/en\/product\/nolen-p3-3000l-rainwater-tank-with-automatic-pump\/"]}]},{"@type":"ImageObject","inLanguage":"en-US","@id":"https:\/\/xymen.pl\/en\/product\/nolen-p3-3000l-rainwater-tank-with-automatic-pump\/#primaryimage","url":"https:\/\/xymen.pl\/wp-content\/uploads\/2023\/08\/p3pompaP3pompa.png","contentUrl":"https:\/\/xymen.pl\/wp-content\/uploads\/2023\/08\/p3pompaP3pompa.png","width":800,"height":533,"caption":"nolen p4 4000L with automatic pump, rainwater tank, water tank, rainwater reservoir"},{"@type":"BreadcrumbList","@id":"https:\/\/xymen.pl\/en\/product\/nolen-p3-3000l-rainwater-tank-with-automatic-pump\/#breadcrumb","itemListElement":[{"@type":"ListItem","position":1,"name":"Products","item":"https:\/\/xymen.pl\/en\/products\/"},{"@type":"ListItem","position":2,"name":"NOLEN P3 3000l rainwater tank with automatic pump"}]},{"@type":"WebSite","@id":"https:\/\/xymen.pl\/en\/#website","url":"https:\/\/xymen.pl\/en\/","name":"XYMEN","description":"zbiorniki na deszcz\u00f3wk\u0119 | ekologiczne oczyszczalnie \u015bciek\u00f3w","publisher":{"@id":"https:\/\/xymen.pl\/en\/#organization"},"potentialAction":[{"@type":"SearchAction","target":{"@type":"EntryPoint","urlTemplate":"https:\/\/xymen.pl\/en\/?s={search_term_string}"},"query-input":{"@type":"PropertyValueSpecification","valueRequired":true,"valueName":"search_term_string"}}],"inLanguage":"en-US"},{"@type":"Organization","@id":"https:\/\/xymen.pl\/en\/#organization","name":"XYMEN","url":"https:\/\/xymen.pl\/en\/","logo":{"@type":"ImageObject","inLanguage":"en-US","@id":"https:\/\/xymen.pl\/en\/#\/schema\/logo\/image\/","url":"https:\/\/xymen.pl\/wp-content\/uploads\/2023\/02\/xymenpl-logo-1612299642.png","contentUrl":"https:\/\/xymen.pl\/wp-content\/uploads\/2023\/02\/xymenpl-logo-1612299642.png","width":222,"height":218,"caption":"XYMEN"},"image":{"@id":"https:\/\/xymen.pl\/en\/#\/schema\/logo\/image\/"}}]}},"_links":{"self":[{"href":"https:\/\/xymen.pl\/en\/wp-json\/wp\/v2\/product\/17063","targetHints":{"allow":["GET"]}}],"collection":[{"href":"https:\/\/xymen.pl\/en\/wp-json\/wp\/v2\/product"}],"about":[{"href":"https:\/\/xymen.pl\/en\/wp-json\/wp\/v2\/types\/product"}],"replies":[{"embeddable":true,"href":"https:\/\/xymen.pl\/en\/wp-json\/wp\/v2\/comments?post=17063"}],"wp:featuredmedia":[{"embeddable":true,"href":"https:\/\/xymen.pl\/en\/wp-json\/wp\/v2\/media\/15148"}],"wp:attachment":[{"href":"https:\/\/xymen.pl\/en\/wp-json\/wp\/v2\/media?parent=17063"}],"wp:term":[{"taxonomy":"product_brand","embeddable":true,"href":"https:\/\/xymen.pl\/en\/wp-json\/wp\/v2\/product_brand?post=17063"},{"taxonomy":"product_cat","embeddable":true,"href":"https:\/\/xymen.pl\/en\/wp-json\/wp\/v2\/product_cat?post=17063"},{"taxonomy":"product_tag","embeddable":true,"href":"https:\/\/xymen.pl\/en\/wp-json\/wp\/v2\/product_tag?post=17063"}],"curies":[{"name":"wp","href":"https:\/\/api.w.org\/{rel}","templated":true}]}}