{"id":17081,"date":"2025-02-03T20:29:41","date_gmt":"2025-02-03T19:29:41","guid":{"rendered":"https:\/\/xymen.pl\/produkt\/rsm-fortis-farm-10000l-liquid-fertilizer-tank\/"},"modified":"2025-02-03T20:29:41","modified_gmt":"2025-02-03T19:29:41","slug":"rsm-fortis-farm-10000l-liquid-fertilizer-tank","status":"publish","type":"product","link":"https:\/\/xymen.pl\/en\/product\/rsm-fortis-farm-10000l-liquid-fertilizer-tank\/","title":{"rendered":"RSM Fortis Farm 10,000l Liquid Fertilizer Tank"},"content":{"rendered":"<p><img decoding=\"async\" class=\"alignnone wp-image-5451 size-full\" src=\"https:\/\/xymen.pl\/wp-content\/uploads\/2023\/03\/16_preview_rev_1.png\" alt=\"Fortis Agr-1500l Diesel Fuel Tank\" width=\"126\" height=\"65\"><\/p>\n<h2>FORTIS Brand Fertilizer Tank!<\/h2>\n<p>The single-wall <b>Fortis Farm<\/b> tank with a capacity of 10,000L designed for storing liquid fertilizers is the ideal solution for your farm.<\/p>\n<p>The Fortis tank was manufactured using rotomolding method, so you can be sure it will be leak-proof. The polyethylene from which it was made has UV stabilization &#8211; it won&#8217;t fade. <\/p>\n<p>This purchase will allow you to save money thanks to the possibility of bulk fertilizer purchases.<\/p>\n<p>The scale on the tank allows you to easily read the amount of remaining fertilizer &#8211; whether ASL or RSM.<\/p>\n<h4>Advantages of the Fortis 10,000l Tank:<\/h4>\n<ul>\n<li>Semi-transparent construction enables visual control of liquid level<\/li>\n<li>Possibility of full truck deliveries and diluting fertilizer directly in the tank<\/li>\n<li>Durable construction resistant to weather conditions<\/li>\n<li>Easy transport and installation<\/li>\n<li>Manufactured using rotomolding method &#8211; ensures leak-proof without welds and joints<\/li>\n<\/ul>\n<h4>Standard Equipment:<\/h4>\n<ul>\n<li>24&#8243; inspection cover on top of the tank<\/li>\n<li>Bottom drain made of stainless steel with STORZ type coupling and ball valve<\/li>\n<li>Filling nozzle on top of the tank terminated with STORZ type coupling<\/li>\n<li>2&#8243; ventilation valve<\/li>\n<\/ul>\n<h4>Additional Equipment:<\/h4>\n<ul>\n<li>2&#8243; suction line with STORZ type coupling at working level<\/li>\n<li>Tank battery connection &#8211; 2&#8243; hose<\/li>\n<li>2&#8243; filling line with STORZ type coupling &#8211; tank filling without climbing the ladder<\/li>\n<\/ul>\n<h4>Tank dimensions:<\/h4>\n<p>A: 2.55 m<br \/>\nW: 2.65 m<\/p>\n<p><img fetchpriority=\"high\" decoding=\"async\" class=\"alignnone wp-image-9676 size-medium\" src=\"https:\/\/xymen.pl\/wp-content\/uploads\/2025\/02\/RSM-FORTIS-10-000L-wymiary-300x300.png\" alt=\"\" width=\"300\" height=\"300\" srcset=\"https:\/\/xymen.pl\/wp-content\/uploads\/2025\/02\/RSM-FORTIS-10-000L-wymiary-300x300.png 300w, https:\/\/xymen.pl\/wp-content\/uploads\/2025\/02\/RSM-FORTIS-10-000L-wymiary-1024x1024.png 1024w, https:\/\/xymen.pl\/wp-content\/uploads\/2025\/02\/RSM-FORTIS-10-000L-wymiary-150x150.png 150w, https:\/\/xymen.pl\/wp-content\/uploads\/2025\/02\/RSM-FORTIS-10-000L-wymiary-768x768.png 768w, https:\/\/xymen.pl\/wp-content\/uploads\/2025\/02\/RSM-FORTIS-10-000L-wymiary-1536x1536.png 1536w, https:\/\/xymen.pl\/wp-content\/uploads\/2025\/02\/RSM-FORTIS-10-000L-wymiary-2048x2048.png 2048w, https:\/\/xymen.pl\/wp-content\/uploads\/2025\/02\/RSM-FORTIS-10-000L-wymiary-600x600.png 600w, https:\/\/xymen.pl\/wp-content\/uploads\/2025\/02\/RSM-FORTIS-10-000L-wymiary-100x100.png 100w, https:\/\/xymen.pl\/wp-content\/uploads\/2025\/02\/RSM-FORTIS-10-000L-wymiary-50x50.png 50w\" sizes=\"(max-width: 300px) 100vw, 300px\" \/><\/p>\n<p>&nbsp;<\/p>\n<p>The manufacturer provides a 10-year warranty on the tank and 2 years on equipment.<\/p>\n","protected":false},"excerpt":{"rendered":"<p>RSM Fortis 10,000L liquid fertilizer tank.<\/p>\n","protected":false},"featured_media":15614,"comment_status":"open","ping_status":"closed","template":"","meta":{"_acf_changed":false,"_glsr_average":0,"_glsr_ranking":0,"_glsr_reviews":0},"product_brand":[],"product_cat":[438],"product_tag":[435,352],"class_list":{"0":"post-17081","1":"product","2":"type-product","3":"status-publish","4":"has-post-thumbnail","6":"product_cat-liquid-fertilizer-tanks-rsm","7":"product_tag-fortis-en","8":"product_tag-standard-en","10":"first","11":"instock","12":"taxable","13":"shipping-taxable","14":"purchasable","15":"product-type-simple"},"acf":{"xymen_capacity":""},"yoast_head":"<!-- This site is optimized with the Yoast SEO plugin v27.1.1 - https:\/\/yoast.com\/product\/yoast-seo-wordpress\/ -->\n<title>RSM Fortis Farm 10,000l Liquid Fertilizer Tank | XYMEN<\/title>\n<meta name=\"description\" content=\"RSM liquid fertilizer tank! Well-equipped, Polish production, ideal for small farms. Choose quality with XYMEN!\" \/>\n<meta name=\"robots\" content=\"index, follow, max-snippet:-1, max-image-preview:large, max-video-preview:-1\" \/>\n<link rel=\"canonical\" href=\"https:\/\/xymen.pl\/en\/product\/rsm-fortis-farm-10000l-liquid-fertilizer-tank\/\" \/>\n<meta property=\"og:locale\" content=\"en_US\" \/>\n<meta property=\"og:type\" content=\"article\" \/>\n<meta property=\"og:title\" content=\"RSM 10,000L tank\" \/>\n<meta property=\"og:description\" content=\"RSM liquid fertilizer tank! Well-equipped, Polish production, ideal for small farms. Choose quality with XYMEN!\" \/>\n<meta property=\"og:url\" content=\"https:\/\/xymen.pl\/en\/product\/rsm-fortis-farm-10000l-liquid-fertilizer-tank\/\" \/>\n<meta property=\"og:site_name\" content=\"XYMEN\" \/>\n<meta property=\"og:image\" content=\"https:\/\/xymen.pl\/wp-content\/uploads\/2025\/02\/RSM-FORTIS-10-000L-300x300.png\" \/>\n<meta name=\"twitter:card\" content=\"summary_large_image\" \/>\n<meta name=\"twitter:label1\" content=\"Est. reading time\" \/>\n\t<meta name=\"twitter:data1\" content=\"1 minute\" \/>\n<script type=\"application\/ld+json\" class=\"yoast-schema-graph\">{\"@context\":\"https:\/\/schema.org\",\"@graph\":[{\"@type\":\"WebPage\",\"@id\":\"https:\/\/xymen.pl\/en\/product\/rsm-fortis-farm-10000l-liquid-fertilizer-tank\/\",\"url\":\"https:\/\/xymen.pl\/en\/product\/rsm-fortis-farm-10000l-liquid-fertilizer-tank\/\",\"name\":\"RSM Fortis Farm 10,000l Liquid Fertilizer Tank | XYMEN\",\"isPartOf\":{\"@id\":\"https:\/\/xymen.pl\/en\/#website\"},\"primaryImageOfPage\":{\"@id\":\"https:\/\/xymen.pl\/en\/product\/rsm-fortis-farm-10000l-liquid-fertilizer-tank\/#primaryimage\"},\"image\":{\"@id\":\"https:\/\/xymen.pl\/en\/product\/rsm-fortis-farm-10000l-liquid-fertilizer-tank\/#primaryimage\"},\"thumbnailUrl\":\"https:\/\/xymen.pl\/wp-content\/uploads\/2025\/02\/RSM-FORTIS-10-000L.png\",\"datePublished\":\"2025-02-03T19:29:41+00:00\",\"description\":\"RSM liquid fertilizer tank! Well-equipped, Polish production, ideal for small farms. Choose quality with XYMEN!\",\"breadcrumb\":{\"@id\":\"https:\/\/xymen.pl\/en\/product\/rsm-fortis-farm-10000l-liquid-fertilizer-tank\/#breadcrumb\"},\"inLanguage\":\"en-US\",\"potentialAction\":[{\"@type\":\"ReadAction\",\"target\":[\"https:\/\/xymen.pl\/en\/product\/rsm-fortis-farm-10000l-liquid-fertilizer-tank\/\"]}]},{\"@type\":\"ImageObject\",\"inLanguage\":\"en-US\",\"@id\":\"https:\/\/xymen.pl\/en\/product\/rsm-fortis-farm-10000l-liquid-fertilizer-tank\/#primaryimage\",\"url\":\"https:\/\/xymen.pl\/wp-content\/uploads\/2025\/02\/RSM-FORTIS-10-000L.png\",\"contentUrl\":\"https:\/\/xymen.pl\/wp-content\/uploads\/2025\/02\/RSM-FORTIS-10-000L.png\",\"width\":4000,\"height\":4000},{\"@type\":\"BreadcrumbList\",\"@id\":\"https:\/\/xymen.pl\/en\/product\/rsm-fortis-farm-10000l-liquid-fertilizer-tank\/#breadcrumb\",\"itemListElement\":[{\"@type\":\"ListItem\",\"position\":1,\"name\":\"Products\",\"item\":\"https:\/\/xymen.pl\/en\/products\/\"},{\"@type\":\"ListItem\",\"position\":2,\"name\":\"RSM Fortis Farm 10,000l Liquid Fertilizer Tank\"}]},{\"@type\":\"WebSite\",\"@id\":\"https:\/\/xymen.pl\/en\/#website\",\"url\":\"https:\/\/xymen.pl\/en\/\",\"name\":\"XYMEN\",\"description\":\"zbiorniki na deszcz\u00f3wk\u0119 | ekologiczne oczyszczalnie \u015bciek\u00f3w\",\"publisher\":{\"@id\":\"https:\/\/xymen.pl\/en\/#organization\"},\"potentialAction\":[{\"@type\":\"SearchAction\",\"target\":{\"@type\":\"EntryPoint\",\"urlTemplate\":\"https:\/\/xymen.pl\/en\/?s={search_term_string}\"},\"query-input\":{\"@type\":\"PropertyValueSpecification\",\"valueRequired\":true,\"valueName\":\"search_term_string\"}}],\"inLanguage\":\"en-US\"},{\"@type\":\"Organization\",\"@id\":\"https:\/\/xymen.pl\/en\/#organization\",\"name\":\"XYMEN\",\"url\":\"https:\/\/xymen.pl\/en\/\",\"logo\":{\"@type\":\"ImageObject\",\"inLanguage\":\"en-US\",\"@id\":\"https:\/\/xymen.pl\/en\/#\/schema\/logo\/image\/\",\"url\":\"https:\/\/xymen.pl\/wp-content\/uploads\/2023\/02\/xymenpl-logo-1612299642.png\",\"contentUrl\":\"https:\/\/xymen.pl\/wp-content\/uploads\/2023\/02\/xymenpl-logo-1612299642.png\",\"width\":222,\"height\":218,\"caption\":\"XYMEN\"},\"image\":{\"@id\":\"https:\/\/xymen.pl\/en\/#\/schema\/logo\/image\/\"}}]}<\/script>\n<!-- \/ Yoast SEO plugin. -->","yoast_head_json":{"title":"RSM Fortis Farm 10,000l Liquid Fertilizer Tank | XYMEN","description":"RSM liquid fertilizer tank! Well-equipped, Polish production, ideal for small farms. Choose quality with XYMEN!","robots":{"index":"index","follow":"follow","max-snippet":"max-snippet:-1","max-image-preview":"max-image-preview:large","max-video-preview":"max-video-preview:-1"},"canonical":"https:\/\/xymen.pl\/en\/product\/rsm-fortis-farm-10000l-liquid-fertilizer-tank\/","og_locale":"en_US","og_type":"article","og_title":"RSM 10,000L tank","og_description":"RSM liquid fertilizer tank! Well-equipped, Polish production, ideal for small farms. Choose quality with XYMEN!","og_url":"https:\/\/xymen.pl\/en\/product\/rsm-fortis-farm-10000l-liquid-fertilizer-tank\/","og_site_name":"XYMEN","og_image":[{"url":"https:\/\/xymen.pl\/wp-content\/uploads\/2025\/02\/RSM-FORTIS-10-000L-300x300.png","type":"","width":"","height":""}],"twitter_card":"summary_large_image","twitter_misc":{"Est. reading time":"1 minute"},"schema":{"@context":"https:\/\/schema.org","@graph":[{"@type":"WebPage","@id":"https:\/\/xymen.pl\/en\/product\/rsm-fortis-farm-10000l-liquid-fertilizer-tank\/","url":"https:\/\/xymen.pl\/en\/product\/rsm-fortis-farm-10000l-liquid-fertilizer-tank\/","name":"RSM Fortis Farm 10,000l Liquid Fertilizer Tank | XYMEN","isPartOf":{"@id":"https:\/\/xymen.pl\/en\/#website"},"primaryImageOfPage":{"@id":"https:\/\/xymen.pl\/en\/product\/rsm-fortis-farm-10000l-liquid-fertilizer-tank\/#primaryimage"},"image":{"@id":"https:\/\/xymen.pl\/en\/product\/rsm-fortis-farm-10000l-liquid-fertilizer-tank\/#primaryimage"},"thumbnailUrl":"https:\/\/xymen.pl\/wp-content\/uploads\/2025\/02\/RSM-FORTIS-10-000L.png","datePublished":"2025-02-03T19:29:41+00:00","description":"RSM liquid fertilizer tank! Well-equipped, Polish production, ideal for small farms. Choose quality with XYMEN!","breadcrumb":{"@id":"https:\/\/xymen.pl\/en\/product\/rsm-fortis-farm-10000l-liquid-fertilizer-tank\/#breadcrumb"},"inLanguage":"en-US","potentialAction":[{"@type":"ReadAction","target":["https:\/\/xymen.pl\/en\/product\/rsm-fortis-farm-10000l-liquid-fertilizer-tank\/"]}]},{"@type":"ImageObject","inLanguage":"en-US","@id":"https:\/\/xymen.pl\/en\/product\/rsm-fortis-farm-10000l-liquid-fertilizer-tank\/#primaryimage","url":"https:\/\/xymen.pl\/wp-content\/uploads\/2025\/02\/RSM-FORTIS-10-000L.png","contentUrl":"https:\/\/xymen.pl\/wp-content\/uploads\/2025\/02\/RSM-FORTIS-10-000L.png","width":4000,"height":4000},{"@type":"BreadcrumbList","@id":"https:\/\/xymen.pl\/en\/product\/rsm-fortis-farm-10000l-liquid-fertilizer-tank\/#breadcrumb","itemListElement":[{"@type":"ListItem","position":1,"name":"Products","item":"https:\/\/xymen.pl\/en\/products\/"},{"@type":"ListItem","position":2,"name":"RSM Fortis Farm 10,000l Liquid Fertilizer Tank"}]},{"@type":"WebSite","@id":"https:\/\/xymen.pl\/en\/#website","url":"https:\/\/xymen.pl\/en\/","name":"XYMEN","description":"zbiorniki na deszcz\u00f3wk\u0119 | ekologiczne oczyszczalnie \u015bciek\u00f3w","publisher":{"@id":"https:\/\/xymen.pl\/en\/#organization"},"potentialAction":[{"@type":"SearchAction","target":{"@type":"EntryPoint","urlTemplate":"https:\/\/xymen.pl\/en\/?s={search_term_string}"},"query-input":{"@type":"PropertyValueSpecification","valueRequired":true,"valueName":"search_term_string"}}],"inLanguage":"en-US"},{"@type":"Organization","@id":"https:\/\/xymen.pl\/en\/#organization","name":"XYMEN","url":"https:\/\/xymen.pl\/en\/","logo":{"@type":"ImageObject","inLanguage":"en-US","@id":"https:\/\/xymen.pl\/en\/#\/schema\/logo\/image\/","url":"https:\/\/xymen.pl\/wp-content\/uploads\/2023\/02\/xymenpl-logo-1612299642.png","contentUrl":"https:\/\/xymen.pl\/wp-content\/uploads\/2023\/02\/xymenpl-logo-1612299642.png","width":222,"height":218,"caption":"XYMEN"},"image":{"@id":"https:\/\/xymen.pl\/en\/#\/schema\/logo\/image\/"}}]}},"_links":{"self":[{"href":"https:\/\/xymen.pl\/en\/wp-json\/wp\/v2\/product\/17081","targetHints":{"allow":["GET"]}}],"collection":[{"href":"https:\/\/xymen.pl\/en\/wp-json\/wp\/v2\/product"}],"about":[{"href":"https:\/\/xymen.pl\/en\/wp-json\/wp\/v2\/types\/product"}],"replies":[{"embeddable":true,"href":"https:\/\/xymen.pl\/en\/wp-json\/wp\/v2\/comments?post=17081"}],"wp:featuredmedia":[{"embeddable":true,"href":"https:\/\/xymen.pl\/en\/wp-json\/wp\/v2\/media\/15614"}],"wp:attachment":[{"href":"https:\/\/xymen.pl\/en\/wp-json\/wp\/v2\/media?parent=17081"}],"wp:term":[{"taxonomy":"product_brand","embeddable":true,"href":"https:\/\/xymen.pl\/en\/wp-json\/wp\/v2\/product_brand?post=17081"},{"taxonomy":"product_cat","embeddable":true,"href":"https:\/\/xymen.pl\/en\/wp-json\/wp\/v2\/product_cat?post=17081"},{"taxonomy":"product_tag","embeddable":true,"href":"https:\/\/xymen.pl\/en\/wp-json\/wp\/v2\/product_tag?post=17081"}],"curies":[{"name":"wp","href":"https:\/\/api.w.org\/{rel}","templated":true}]}}