{"id":17083,"date":"2025-02-02T20:47:30","date_gmt":"2025-02-02T19:47:30","guid":{"rendered":"https:\/\/xymen.pl\/produkt\/octagon-18000l-rainwater-tank\/"},"modified":"2025-10-21T10:00:48","modified_gmt":"2025-10-21T08:00:48","slug":"octagon-18000l-rainwater-tank","status":"publish","type":"product","link":"https:\/\/xymen.pl\/en\/product\/octagon-18000l-rainwater-tank\/","title":{"rendered":"OCTAGON 18,000L rainwater tank"},"content":{"rendered":"<p>&nbsp;<\/p>\n<p><img decoding=\"async\" class=\"alignnone wp-image-9651 size-medium\" src=\"https:\/\/xymen.pl\/wp-content\/uploads\/2025\/02\/cropped-logo_Octagon_v_4_RGB-300x80.png\" alt=\"\" width=\"300\" height=\"80\" srcset=\"https:\/\/xymen.pl\/wp-content\/uploads\/2025\/02\/cropped-logo_Octagon_v_4_RGB-300x80.png 300w, https:\/\/xymen.pl\/wp-content\/uploads\/2025\/02\/cropped-logo_Octagon_v_4_RGB-1024x275.png 1024w, https:\/\/xymen.pl\/wp-content\/uploads\/2025\/02\/cropped-logo_Octagon_v_4_RGB-768x206.png 768w, https:\/\/xymen.pl\/wp-content\/uploads\/2025\/02\/cropped-logo_Octagon_v_4_RGB-600x161.png 600w, https:\/\/xymen.pl\/wp-content\/uploads\/2025\/02\/cropped-logo_Octagon_v_4_RGB.png 1134w\" sizes=\"(max-width: 300px) 100vw, 300px\" \/><\/p>\n<h2 class=\"MsoNormal\">OCTAGON 18,000L rainwater tank &#8211; <b>a flat tank for large needs!<\/b><\/h2>\n<p>Rainwater harvesting is crucial. Given the growing challenges of access to clean water and increasingly frequent droughts, rainwater harvesting is becoming not only an ecological but also an economical solution.  Implementing water collection systems is a step towards saving money and sustainable management of natural resources, so if you want to care for the environment, buy a water tank today! Large-capacity tanks allow for long retention times without the need to use water from the water supply. <\/p>\n<p>&nbsp;<\/p>\n<p><img fetchpriority=\"high\" decoding=\"async\" class=\"alignnone wp-image-9644 \" src=\"https:\/\/xymen.pl\/wp-content\/uploads\/2025\/02\/Octagon-4000L-5-300x300.png\" alt=\"\" width=\"331\" height=\"331\" srcset=\"https:\/\/xymen.pl\/wp-content\/uploads\/2025\/02\/Octagon-4000L-5-300x300.png 300w, https:\/\/xymen.pl\/wp-content\/uploads\/2025\/02\/Octagon-4000L-5-1024x1024.png 1024w, https:\/\/xymen.pl\/wp-content\/uploads\/2025\/02\/Octagon-4000L-5-150x150.png 150w, https:\/\/xymen.pl\/wp-content\/uploads\/2025\/02\/Octagon-4000L-5-768x768.png 768w, https:\/\/xymen.pl\/wp-content\/uploads\/2025\/02\/Octagon-4000L-5-1536x1536.png 1536w, https:\/\/xymen.pl\/wp-content\/uploads\/2025\/02\/Octagon-4000L-5-2048x2048.png 2048w, https:\/\/xymen.pl\/wp-content\/uploads\/2025\/02\/Octagon-4000L-5-600x600.png 600w, https:\/\/xymen.pl\/wp-content\/uploads\/2025\/02\/Octagon-4000L-5-100x100.png 100w, https:\/\/xymen.pl\/wp-content\/uploads\/2025\/02\/Octagon-4000L-5-50x50.png 50w\" sizes=\"(max-width: 331px) 100vw, 331px\" \/><\/p>\n<p>The OCTAGON tank&#8217;s shape is the perfect compromise between compact design, durability, and aesthetics. Manufactured from pure polyethylene in a Polish factory, it boasts exceptional build quality and durability. The rotomolding production method guarantees maximum tightness and product consistency. The tank can also be ordered in a reinforced X-LINE version, which allows for installation directly above the tank in vehicular traffic. This requires adherence to the manufacturer&#8217;s installation guidelines and the selection of an appropriate superstructure and cover.    <\/p>\n<h4><strong>10 YEAR TANK WARRANTY.<\/strong><\/h4>\n<h4><b>The collected water is ideal for watering the garden, saving money and protecting the environment. <\/b><\/h4>\n<p><img decoding=\"async\" class=\"alignnone wp-image-9652 size-large\" src=\"https:\/\/xymen.pl\/wp-content\/uploads\/2025\/02\/posadowienie-octagon-1024x621.png\" alt=\"\" width=\"800\" height=\"485\" srcset=\"https:\/\/xymen.pl\/wp-content\/uploads\/2025\/02\/posadowienie-octagon-1024x621.png 1024w, https:\/\/xymen.pl\/wp-content\/uploads\/2025\/02\/posadowienie-octagon-300x182.png 300w, https:\/\/xymen.pl\/wp-content\/uploads\/2025\/02\/posadowienie-octagon-768x465.png 768w, https:\/\/xymen.pl\/wp-content\/uploads\/2025\/02\/posadowienie-octagon-600x364.png 600w, https:\/\/xymen.pl\/wp-content\/uploads\/2025\/02\/posadowienie-octagon.png 1178w\" sizes=\"(max-width: 800px) 100vw, 800px\" \/><\/p>\n<h4> <strong>OCTAGON series rainwater tanks &#8211; the biggest advantages:<\/strong><\/h4>\n<ul>\n<li>Installation in all conditions.<\/li>\n<li>Low height \u2013 shallow excavation, lower risk of foundation in groundwater.<\/li>\n<li>Flat, durable octagon-shaped design.<\/li>\n<li>Low weight, easy transport and assembly.<\/li>\n<li>3 connections \u00f8110 mm and an inspection hole DN600 in each tank.<\/li>\n<li>Tanks manufactured in Poland from pure polyethylene.<\/li>\n<li>10-year manufacturer&#8217;s warranty.<\/li>\n<li>Dedicated space for making a connector for the battery connection.<\/li>\n<li>Possibility of vehicle traffic directly above the tank (X-LINE) &#8211; installation in accordance with the manufacturer&#8217;s instructions.<\/li>\n<\/ul>\n<p>&nbsp;<\/p>\n<h4><strong>Examples of additional equipment:<\/strong><\/h4>\n<p class=\"MsoNormal\"><strong>Pompa DIVERTRON 1000:<\/strong><\/p>\n<p>&#8211; DIVELTRON pump with a power of 900W<\/p>\n<p>&#8211; built-in filter,<\/p>\n<p>&#8211; check valve,<\/p>\n<p>&#8211; dry-running protection,<\/p>\n<p>&#8211; pressure switch.<\/p>\n<p class=\"MsoNormal\" style=\"text-align: left;\"><strong>Parameters of the pump:<\/strong><\/p>\n<p>Capacity: 90 l\/m<\/p>\n<p>Lifting height: 36 m<\/p>\n<p>Engine power: 1.2 kW<\/p>\n<p>Voltage: 230V<\/p>\n<p>Pressure connection: 1&#8243;<\/p>\n<p>&nbsp;<\/p>\n<p class=\"MsoNormal\"><img loading=\"lazy\" decoding=\"async\" class=\"\" src=\"https:\/\/xymen.pl\/img\/cms\/zbiornik-na-wode-deszczowa-kingspan-6000l-pompa.jpg\" alt=\"\" width=\"298\" height=\"298\"><\/p>\n<p><strong>Water intake well:<\/strong><\/p>\n<p><a href=\"https:\/\/xymen.pl\/akcesoria-do-oczyszczalni\/273-1843-studzienka-poboru-wody-z-zaworem-34.html#\/111-aquabin_studzienka-wersja_hide_zielona\" target=\"_blank\" rel=\"noreferrer noopener\"><img loading=\"lazy\" decoding=\"async\" class=\"\" src=\"https:\/\/xymen.pl\/img\/cms\/studzienka-poboru-wody-z-zaworem-34.jpg\" alt=\"\" width=\"300\" height=\"300\"><\/a><\/p>\n<p><strong>Tank dimensions:<\/strong><\/p>\n<p>A: 1,38m<br \/>\nB: 2,45m<br \/>\nC: 10,57m<\/p>\n<p><img loading=\"lazy\" decoding=\"async\" class=\"alignnone wp-image-9670 size-medium\" src=\"https:\/\/xymen.pl\/wp-content\/uploads\/2025\/02\/Octagon-18-000L-wymiary-300x300.png\" alt=\"\" width=\"300\" height=\"300\" srcset=\"https:\/\/xymen.pl\/wp-content\/uploads\/2025\/02\/Octagon-18-000L-wymiary-300x300.png 300w, https:\/\/xymen.pl\/wp-content\/uploads\/2025\/02\/Octagon-18-000L-wymiary-1024x1024.png 1024w, https:\/\/xymen.pl\/wp-content\/uploads\/2025\/02\/Octagon-18-000L-wymiary-150x150.png 150w, https:\/\/xymen.pl\/wp-content\/uploads\/2025\/02\/Octagon-18-000L-wymiary-768x768.png 768w, https:\/\/xymen.pl\/wp-content\/uploads\/2025\/02\/Octagon-18-000L-wymiary-1536x1536.png 1536w, https:\/\/xymen.pl\/wp-content\/uploads\/2025\/02\/Octagon-18-000L-wymiary-2048x2048.png 2048w, https:\/\/xymen.pl\/wp-content\/uploads\/2025\/02\/Octagon-18-000L-wymiary-600x600.png 600w, https:\/\/xymen.pl\/wp-content\/uploads\/2025\/02\/Octagon-18-000L-wymiary-100x100.png 100w, https:\/\/xymen.pl\/wp-content\/uploads\/2025\/02\/Octagon-18-000L-wymiary-50x50.png 50w\" sizes=\"(max-width: 300px) 100vw, 300px\" \/><\/p>\n<p>&nbsp;<\/p>\n<p>The Octagon brand is a Polish manufacturer of tanks.<\/p>\n<p>You need to purchase an appropriate extension and cover for the tank &#8211; check other products or call us.<\/p>\n","protected":false},"excerpt":{"rendered":"<p>OCTAGON 18000L<\/p>\n","protected":false},"featured_media":9668,"comment_status":"open","ping_status":"closed","template":"","meta":{"_acf_changed":false,"_glsr_average":0,"_glsr_ranking":0,"_glsr_reviews":0},"product_brand":[],"product_cat":[453,358,359],"product_tag":[365,352],"class_list":{"0":"post-17083","1":"product","2":"type-product","3":"status-publish","4":"has-post-thumbnail","6":"product_cat-18000-l-en","7":"product_cat-rainwater-tanks","8":"product_cat-underground","9":"product_tag-mpi-en","10":"product_tag-standard-en","12":"first","13":"onbackorder","14":"taxable","15":"shipping-taxable","16":"purchasable","17":"product-type-simple"},"acf":{"xymen_capacity":""},"yoast_head":"<!-- This site is optimized with the Yoast SEO plugin v27.1.1 - https:\/\/yoast.com\/product\/yoast-seo-wordpress\/ -->\n<title>OCTAGON 18,000L rainwater tank | XYMEN<\/title>\n<meta name=\"description\" content=\"The OCTAGON 18000L rainwater tank is a flat, Polish-made rainwater tank. A product for those who want to save water.\" \/>\n<meta name=\"robots\" content=\"index, follow, max-snippet:-1, max-image-preview:large, max-video-preview:-1\" \/>\n<link rel=\"canonical\" href=\"https:\/\/xymen.pl\/en\/product\/octagon-18000l-rainwater-tank\/\" \/>\n<meta property=\"og:locale\" content=\"en_US\" \/>\n<meta property=\"og:type\" content=\"article\" \/>\n<meta property=\"og:title\" content=\"OCTAGON 18000L rainwater tank\" \/>\n<meta property=\"og:description\" content=\"The OCTAGON 18000L rainwater tank is a flat, Polish-made rainwater tank. A product for those who want to save water.\" \/>\n<meta property=\"og:url\" content=\"https:\/\/xymen.pl\/en\/product\/octagon-18000l-rainwater-tank\/\" \/>\n<meta property=\"og:site_name\" content=\"XYMEN\" \/>\n<meta property=\"article:modified_time\" content=\"2025-10-21T08:00:48+00:00\" \/>\n<meta property=\"og:image\" content=\"https:\/\/xymen.pl\/wp-content\/uploads\/2025\/02\/Octagon-11-000L-1-300x300.png\" \/>\n<meta name=\"twitter:card\" content=\"summary_large_image\" \/>\n<meta name=\"twitter:title\" content=\"OCTAGON 18000L rainwater tank\" \/>\n<meta name=\"twitter:description\" content=\"The OCTAGON 18000L rainwater tank is a flat, Polish-made rainwater tank. A product for those who want to save water.\" \/>\n<meta name=\"twitter:image\" content=\"https:\/\/xymen.pl\/wp-content\/uploads\/2025\/02\/Octagon-11-000L-1-1024x1024.png\" \/>\n<meta name=\"twitter:label1\" content=\"Est. reading time\" \/>\n\t<meta name=\"twitter:data1\" content=\"2 minutes\" \/>\n<script type=\"application\/ld+json\" class=\"yoast-schema-graph\">{\"@context\":\"https:\/\/schema.org\",\"@graph\":[{\"@type\":\"WebPage\",\"@id\":\"https:\/\/xymen.pl\/en\/product\/octagon-18000l-rainwater-tank\/\",\"url\":\"https:\/\/xymen.pl\/en\/product\/octagon-18000l-rainwater-tank\/\",\"name\":\"OCTAGON 18,000L rainwater tank | XYMEN\",\"isPartOf\":{\"@id\":\"https:\/\/xymen.pl\/en\/#website\"},\"primaryImageOfPage\":{\"@id\":\"https:\/\/xymen.pl\/en\/product\/octagon-18000l-rainwater-tank\/#primaryimage\"},\"image\":{\"@id\":\"https:\/\/xymen.pl\/en\/product\/octagon-18000l-rainwater-tank\/#primaryimage\"},\"thumbnailUrl\":\"https:\/\/xymen.pl\/wp-content\/uploads\/2025\/02\/Octagon-18-000L-1.png\",\"datePublished\":\"2025-02-02T19:47:30+00:00\",\"dateModified\":\"2025-10-21T08:00:48+00:00\",\"description\":\"The OCTAGON 18000L rainwater tank is a flat, Polish-made rainwater tank. A product for those who want to save water.\",\"breadcrumb\":{\"@id\":\"https:\/\/xymen.pl\/en\/product\/octagon-18000l-rainwater-tank\/#breadcrumb\"},\"inLanguage\":\"en-US\",\"potentialAction\":[{\"@type\":\"ReadAction\",\"target\":[\"https:\/\/xymen.pl\/en\/product\/octagon-18000l-rainwater-tank\/\"]}]},{\"@type\":\"ImageObject\",\"inLanguage\":\"en-US\",\"@id\":\"https:\/\/xymen.pl\/en\/product\/octagon-18000l-rainwater-tank\/#primaryimage\",\"url\":\"https:\/\/xymen.pl\/wp-content\/uploads\/2025\/02\/Octagon-18-000L-1.png\",\"contentUrl\":\"https:\/\/xymen.pl\/wp-content\/uploads\/2025\/02\/Octagon-18-000L-1.png\",\"width\":4000,\"height\":4000,\"caption\":\"ocatgon 18 000l, zbiornik na wod\u0119, zbiornik na wod\u0119 deszczow\u0105, zbiornik na deszcz\u00f3wk\u0119\"},{\"@type\":\"BreadcrumbList\",\"@id\":\"https:\/\/xymen.pl\/en\/product\/octagon-18000l-rainwater-tank\/#breadcrumb\",\"itemListElement\":[{\"@type\":\"ListItem\",\"position\":1,\"name\":\"Products\",\"item\":\"https:\/\/xymen.pl\/en\/products\/\"},{\"@type\":\"ListItem\",\"position\":2,\"name\":\"OCTAGON 18,000L rainwater tank\"}]},{\"@type\":\"WebSite\",\"@id\":\"https:\/\/xymen.pl\/en\/#website\",\"url\":\"https:\/\/xymen.pl\/en\/\",\"name\":\"XYMEN\",\"description\":\"zbiorniki na deszcz\u00f3wk\u0119 | ekologiczne oczyszczalnie \u015bciek\u00f3w\",\"publisher\":{\"@id\":\"https:\/\/xymen.pl\/en\/#organization\"},\"potentialAction\":[{\"@type\":\"SearchAction\",\"target\":{\"@type\":\"EntryPoint\",\"urlTemplate\":\"https:\/\/xymen.pl\/en\/?s={search_term_string}\"},\"query-input\":{\"@type\":\"PropertyValueSpecification\",\"valueRequired\":true,\"valueName\":\"search_term_string\"}}],\"inLanguage\":\"en-US\"},{\"@type\":\"Organization\",\"@id\":\"https:\/\/xymen.pl\/en\/#organization\",\"name\":\"XYMEN\",\"url\":\"https:\/\/xymen.pl\/en\/\",\"logo\":{\"@type\":\"ImageObject\",\"inLanguage\":\"en-US\",\"@id\":\"https:\/\/xymen.pl\/en\/#\/schema\/logo\/image\/\",\"url\":\"https:\/\/xymen.pl\/wp-content\/uploads\/2023\/02\/xymenpl-logo-1612299642.png\",\"contentUrl\":\"https:\/\/xymen.pl\/wp-content\/uploads\/2023\/02\/xymenpl-logo-1612299642.png\",\"width\":222,\"height\":218,\"caption\":\"XYMEN\"},\"image\":{\"@id\":\"https:\/\/xymen.pl\/en\/#\/schema\/logo\/image\/\"}}]}<\/script>\n<!-- \/ Yoast SEO plugin. -->","yoast_head_json":{"title":"OCTAGON 18,000L rainwater tank | XYMEN","description":"The OCTAGON 18000L rainwater tank is a flat, Polish-made rainwater tank. A product for those who want to save water.","robots":{"index":"index","follow":"follow","max-snippet":"max-snippet:-1","max-image-preview":"max-image-preview:large","max-video-preview":"max-video-preview:-1"},"canonical":"https:\/\/xymen.pl\/en\/product\/octagon-18000l-rainwater-tank\/","og_locale":"en_US","og_type":"article","og_title":"OCTAGON 18000L rainwater tank","og_description":"The OCTAGON 18000L rainwater tank is a flat, Polish-made rainwater tank. A product for those who want to save water.","og_url":"https:\/\/xymen.pl\/en\/product\/octagon-18000l-rainwater-tank\/","og_site_name":"XYMEN","article_modified_time":"2025-10-21T08:00:48+00:00","og_image":[{"url":"https:\/\/xymen.pl\/wp-content\/uploads\/2025\/02\/Octagon-11-000L-1-300x300.png","type":"","width":"","height":""}],"twitter_card":"summary_large_image","twitter_title":"OCTAGON 18000L rainwater tank","twitter_description":"The OCTAGON 18000L rainwater tank is a flat, Polish-made rainwater tank. A product for those who want to save water.","twitter_image":"https:\/\/xymen.pl\/wp-content\/uploads\/2025\/02\/Octagon-11-000L-1-1024x1024.png","twitter_misc":{"Est. reading time":"2 minutes"},"schema":{"@context":"https:\/\/schema.org","@graph":[{"@type":"WebPage","@id":"https:\/\/xymen.pl\/en\/product\/octagon-18000l-rainwater-tank\/","url":"https:\/\/xymen.pl\/en\/product\/octagon-18000l-rainwater-tank\/","name":"OCTAGON 18,000L rainwater tank | XYMEN","isPartOf":{"@id":"https:\/\/xymen.pl\/en\/#website"},"primaryImageOfPage":{"@id":"https:\/\/xymen.pl\/en\/product\/octagon-18000l-rainwater-tank\/#primaryimage"},"image":{"@id":"https:\/\/xymen.pl\/en\/product\/octagon-18000l-rainwater-tank\/#primaryimage"},"thumbnailUrl":"https:\/\/xymen.pl\/wp-content\/uploads\/2025\/02\/Octagon-18-000L-1.png","datePublished":"2025-02-02T19:47:30+00:00","dateModified":"2025-10-21T08:00:48+00:00","description":"The OCTAGON 18000L rainwater tank is a flat, Polish-made rainwater tank. A product for those who want to save water.","breadcrumb":{"@id":"https:\/\/xymen.pl\/en\/product\/octagon-18000l-rainwater-tank\/#breadcrumb"},"inLanguage":"en-US","potentialAction":[{"@type":"ReadAction","target":["https:\/\/xymen.pl\/en\/product\/octagon-18000l-rainwater-tank\/"]}]},{"@type":"ImageObject","inLanguage":"en-US","@id":"https:\/\/xymen.pl\/en\/product\/octagon-18000l-rainwater-tank\/#primaryimage","url":"https:\/\/xymen.pl\/wp-content\/uploads\/2025\/02\/Octagon-18-000L-1.png","contentUrl":"https:\/\/xymen.pl\/wp-content\/uploads\/2025\/02\/Octagon-18-000L-1.png","width":4000,"height":4000,"caption":"ocatgon 18 000l, zbiornik na wod\u0119, zbiornik na wod\u0119 deszczow\u0105, zbiornik na deszcz\u00f3wk\u0119"},{"@type":"BreadcrumbList","@id":"https:\/\/xymen.pl\/en\/product\/octagon-18000l-rainwater-tank\/#breadcrumb","itemListElement":[{"@type":"ListItem","position":1,"name":"Products","item":"https:\/\/xymen.pl\/en\/products\/"},{"@type":"ListItem","position":2,"name":"OCTAGON 18,000L rainwater tank"}]},{"@type":"WebSite","@id":"https:\/\/xymen.pl\/en\/#website","url":"https:\/\/xymen.pl\/en\/","name":"XYMEN","description":"zbiorniki na deszcz\u00f3wk\u0119 | ekologiczne oczyszczalnie \u015bciek\u00f3w","publisher":{"@id":"https:\/\/xymen.pl\/en\/#organization"},"potentialAction":[{"@type":"SearchAction","target":{"@type":"EntryPoint","urlTemplate":"https:\/\/xymen.pl\/en\/?s={search_term_string}"},"query-input":{"@type":"PropertyValueSpecification","valueRequired":true,"valueName":"search_term_string"}}],"inLanguage":"en-US"},{"@type":"Organization","@id":"https:\/\/xymen.pl\/en\/#organization","name":"XYMEN","url":"https:\/\/xymen.pl\/en\/","logo":{"@type":"ImageObject","inLanguage":"en-US","@id":"https:\/\/xymen.pl\/en\/#\/schema\/logo\/image\/","url":"https:\/\/xymen.pl\/wp-content\/uploads\/2023\/02\/xymenpl-logo-1612299642.png","contentUrl":"https:\/\/xymen.pl\/wp-content\/uploads\/2023\/02\/xymenpl-logo-1612299642.png","width":222,"height":218,"caption":"XYMEN"},"image":{"@id":"https:\/\/xymen.pl\/en\/#\/schema\/logo\/image\/"}}]}},"_links":{"self":[{"href":"https:\/\/xymen.pl\/en\/wp-json\/wp\/v2\/product\/17083","targetHints":{"allow":["GET"]}}],"collection":[{"href":"https:\/\/xymen.pl\/en\/wp-json\/wp\/v2\/product"}],"about":[{"href":"https:\/\/xymen.pl\/en\/wp-json\/wp\/v2\/types\/product"}],"replies":[{"embeddable":true,"href":"https:\/\/xymen.pl\/en\/wp-json\/wp\/v2\/comments?post=17083"}],"wp:featuredmedia":[{"embeddable":true,"href":"https:\/\/xymen.pl\/en\/wp-json\/wp\/v2\/media\/9668"}],"wp:attachment":[{"href":"https:\/\/xymen.pl\/en\/wp-json\/wp\/v2\/media?parent=17083"}],"wp:term":[{"taxonomy":"product_brand","embeddable":true,"href":"https:\/\/xymen.pl\/en\/wp-json\/wp\/v2\/product_brand?post=17083"},{"taxonomy":"product_cat","embeddable":true,"href":"https:\/\/xymen.pl\/en\/wp-json\/wp\/v2\/product_cat?post=17083"},{"taxonomy":"product_tag","embeddable":true,"href":"https:\/\/xymen.pl\/en\/wp-json\/wp\/v2\/product_tag?post=17083"}],"curies":[{"name":"wp","href":"https:\/\/api.w.org\/{rel}","templated":true}]}}