{"id":17104,"date":"2024-12-09T20:31:48","date_gmt":"2024-12-09T19:31:48","guid":{"rendered":"https:\/\/xymen.pl\/produkt\/bamartech-solid-3000l-septic-tank\/"},"modified":"2024-12-09T20:31:48","modified_gmt":"2024-12-09T19:31:48","slug":"bamartech-solid-3000l-septic-tank","status":"publish","type":"product","link":"https:\/\/xymen.pl\/en\/product\/bamartech-solid-3000l-septic-tank\/","title":{"rendered":"BamarTech Solid 3000L septic tank"},"content":{"rendered":"<p><img decoding=\"async\" class=\"alignnone size-full wp-image-4458\" src=\"https:\/\/xymen.pl\/wp-content\/uploads\/2023\/03\/12.jpg\" alt=\"\" width=\"164\" height=\"110\"><\/p>\n<h2 class=\"MsoNormal\"><b>3000L tank for septic tank, sewage treatment plant, septic tank.<\/b><\/h2>\n<p>&nbsp;<\/p>\n<h4 class=\"MsoNormal\"><b>It can be used as:<\/b><\/h4>\n<ul>\n<li>septic tank<\/li>\n<\/ul>\n<ul>\n<li>rainwater tank<\/li>\n<\/ul>\n<ul>\n<li>tight septic tank<\/li>\n<\/ul>\n<p>&nbsp;<\/p>\n<p class=\"MsoNormal\"><b>Dimensions:<\/b><\/p>\n<p class=\"MsoNormal\">A: 1,85 m<br \/>\nB: 1,40 m<br \/>\nC: 2,50 m<\/p>\n<p><img fetchpriority=\"high\" decoding=\"async\" class=\"alignnone wp-image-9395 size-medium\" src=\"https:\/\/xymen.pl\/wp-content\/uploads\/2024\/12\/Solid3000-wymiary-300x300.png\" alt=\"\" width=\"300\" height=\"300\" srcset=\"https:\/\/xymen.pl\/wp-content\/uploads\/2024\/12\/Solid3000-wymiary-300x300.png 300w, https:\/\/xymen.pl\/wp-content\/uploads\/2024\/12\/Solid3000-wymiary-1024x1024.png 1024w, https:\/\/xymen.pl\/wp-content\/uploads\/2024\/12\/Solid3000-wymiary-150x150.png 150w, https:\/\/xymen.pl\/wp-content\/uploads\/2024\/12\/Solid3000-wymiary-768x768.png 768w, https:\/\/xymen.pl\/wp-content\/uploads\/2024\/12\/Solid3000-wymiary-1536x1536.png 1536w, https:\/\/xymen.pl\/wp-content\/uploads\/2024\/12\/Solid3000-wymiary-2048x2048.png 2048w, https:\/\/xymen.pl\/wp-content\/uploads\/2024\/12\/Solid3000-wymiary-600x600.png 600w, https:\/\/xymen.pl\/wp-content\/uploads\/2024\/12\/Solid3000-wymiary-100x100.png 100w, https:\/\/xymen.pl\/wp-content\/uploads\/2024\/12\/Solid3000-wymiary-50x50.png 50w\" sizes=\"(max-width: 300px) 100vw, 300px\" \/><\/p>\n<p>&nbsp;<\/p>\n<p>You can purchase additional extensions for the treatment plant, each 50 cm high:<\/p>\n<p>Telescopic:<\/p>\n<p><img decoding=\"async\" class=\"alignnone size-medium wp-image-9384\" src=\"https:\/\/xymen.pl\/wp-content\/uploads\/2024\/12\/Nadbudowa-DN600-teleskopowa-300x300.png\" alt=\"\" width=\"300\" height=\"300\" srcset=\"https:\/\/xymen.pl\/wp-content\/uploads\/2024\/12\/Nadbudowa-DN600-teleskopowa-300x300.png 300w, https:\/\/xymen.pl\/wp-content\/uploads\/2024\/12\/Nadbudowa-DN600-teleskopowa-1024x1024.png 1024w, https:\/\/xymen.pl\/wp-content\/uploads\/2024\/12\/Nadbudowa-DN600-teleskopowa-150x150.png 150w, https:\/\/xymen.pl\/wp-content\/uploads\/2024\/12\/Nadbudowa-DN600-teleskopowa-768x768.png 768w, https:\/\/xymen.pl\/wp-content\/uploads\/2024\/12\/Nadbudowa-DN600-teleskopowa-1536x1536.png 1536w, https:\/\/xymen.pl\/wp-content\/uploads\/2024\/12\/Nadbudowa-DN600-teleskopowa-2048x2048.png 2048w, https:\/\/xymen.pl\/wp-content\/uploads\/2024\/12\/Nadbudowa-DN600-teleskopowa-600x600.png 600w, https:\/\/xymen.pl\/wp-content\/uploads\/2024\/12\/Nadbudowa-DN600-teleskopowa-100x100.png 100w, https:\/\/xymen.pl\/wp-content\/uploads\/2024\/12\/Nadbudowa-DN600-teleskopowa-50x50.png 50w\" sizes=\"(max-width: 300px) 100vw, 300px\" \/><\/p>\n<p>Constant:<\/p>\n<p><img loading=\"lazy\" decoding=\"async\" class=\"alignnone size-medium wp-image-9383\" src=\"https:\/\/xymen.pl\/wp-content\/uploads\/2024\/12\/Nadbudowa-DN600-stala-300x300.png\" alt=\"\" width=\"300\" height=\"300\" srcset=\"https:\/\/xymen.pl\/wp-content\/uploads\/2024\/12\/Nadbudowa-DN600-stala-300x300.png 300w, https:\/\/xymen.pl\/wp-content\/uploads\/2024\/12\/Nadbudowa-DN600-stala-1024x1024.png 1024w, https:\/\/xymen.pl\/wp-content\/uploads\/2024\/12\/Nadbudowa-DN600-stala-150x150.png 150w, https:\/\/xymen.pl\/wp-content\/uploads\/2024\/12\/Nadbudowa-DN600-stala-768x768.png 768w, https:\/\/xymen.pl\/wp-content\/uploads\/2024\/12\/Nadbudowa-DN600-stala-1536x1536.png 1536w, https:\/\/xymen.pl\/wp-content\/uploads\/2024\/12\/Nadbudowa-DN600-stala-2048x2048.png 2048w, https:\/\/xymen.pl\/wp-content\/uploads\/2024\/12\/Nadbudowa-DN600-stala-600x600.png 600w, https:\/\/xymen.pl\/wp-content\/uploads\/2024\/12\/Nadbudowa-DN600-stala-100x100.png 100w, https:\/\/xymen.pl\/wp-content\/uploads\/2024\/12\/Nadbudowa-DN600-stala-50x50.png 50w\" sizes=\"(max-width: 300px) 100vw, 300px\" \/><\/p>\n<p>Additionally, the standard cover can be replaced with a masking one, which can be filled with gravel or soil:<\/p>\n<p><img loading=\"lazy\" decoding=\"async\" class=\"alignnone size-medium wp-image-9385\" src=\"https:\/\/xymen.pl\/wp-content\/uploads\/2024\/12\/Pokrywa-DN600-maskujaca-300x300.png\" alt=\"\" width=\"300\" height=\"300\" srcset=\"https:\/\/xymen.pl\/wp-content\/uploads\/2024\/12\/Pokrywa-DN600-maskujaca-300x300.png 300w, https:\/\/xymen.pl\/wp-content\/uploads\/2024\/12\/Pokrywa-DN600-maskujaca-1024x1024.png 1024w, https:\/\/xymen.pl\/wp-content\/uploads\/2024\/12\/Pokrywa-DN600-maskujaca-150x150.png 150w, https:\/\/xymen.pl\/wp-content\/uploads\/2024\/12\/Pokrywa-DN600-maskujaca-768x768.png 768w, https:\/\/xymen.pl\/wp-content\/uploads\/2024\/12\/Pokrywa-DN600-maskujaca-1536x1536.png 1536w, https:\/\/xymen.pl\/wp-content\/uploads\/2024\/12\/Pokrywa-DN600-maskujaca-2048x2048.png 2048w, https:\/\/xymen.pl\/wp-content\/uploads\/2024\/12\/Pokrywa-DN600-maskujaca-600x600.png 600w, https:\/\/xymen.pl\/wp-content\/uploads\/2024\/12\/Pokrywa-DN600-maskujaca-100x100.png 100w, https:\/\/xymen.pl\/wp-content\/uploads\/2024\/12\/Pokrywa-DN600-maskujaca-50x50.png 50w\" sizes=\"(max-width: 300px) 100vw, 300px\" \/><\/p>\n<p><strong>Have any questions? Call us and we&#8217;ll find a solution tailored to your needs. <\/strong><\/p>\n","protected":false},"excerpt":{"rendered":"<p>Solid 3000L septic tank.<\/p>\n<p>&nbsp;<\/p>\n","protected":false},"featured_media":9393,"comment_status":"open","ping_status":"closed","template":"","meta":{"_acf_changed":false,"_glsr_average":0,"_glsr_ranking":0,"_glsr_reviews":0},"product_brand":[],"product_cat":[390,379],"product_tag":[355,352],"class_list":{"0":"post-17104","1":"product","2":"type-product","3":"status-publish","4":"has-post-thumbnail","6":"product_cat-3000-l-en-2","7":"product_cat-sedimentation-tanks-rotten","8":"product_tag-bamartech-en","9":"product_tag-standard-en","11":"first","12":"instock","13":"taxable","14":"shipping-taxable","15":"purchasable","16":"product-type-simple"},"acf":{"xymen_capacity":""},"yoast_head":"<!-- This site is optimized with the Yoast SEO plugin v27.1.1 - https:\/\/yoast.com\/product\/yoast-seo-wordpress\/ -->\n<title>BamarTech Solid 3000L septic tank | XYMEN<\/title>\n<meta name=\"description\" content=\"The Solid 3000L tank is perfect for septic tanks, rainwater tanks, sewage treatment plants, and septic tanks. Made in Poland, it offers the highest durability.\" \/>\n<meta name=\"robots\" content=\"index, follow, max-snippet:-1, max-image-preview:large, max-video-preview:-1\" \/>\n<link rel=\"canonical\" href=\"https:\/\/xymen.pl\/en\/product\/bamartech-solid-3000l-septic-tank\/\" \/>\n<meta property=\"og:locale\" content=\"en_US\" \/>\n<meta property=\"og:type\" content=\"article\" \/>\n<meta property=\"og:title\" content=\"BamarTech Solid 3000L septic tank\" \/>\n<meta property=\"og:description\" content=\"Install the BamarTech Solid 3000L septic tank and enjoy clean water in your home - robust, efficient and with minimal environmental impact.\" \/>\n<meta property=\"og:url\" content=\"https:\/\/xymen.pl\/en\/product\/bamartech-solid-3000l-septic-tank\/\" \/>\n<meta property=\"og:site_name\" content=\"XYMEN\" \/>\n<meta property=\"og:image\" content=\"https:\/\/xymen.pl\/wp-content\/uploads\/2024\/12\/Solid3000-1-300x300.png\" \/>\n<meta name=\"twitter:card\" content=\"summary_large_image\" \/>\n<meta name=\"twitter:title\" content=\"BamarTech Solid 3000L septic tank\" \/>\n<meta name=\"twitter:description\" content=\"Install the BamarTech Solid 3000L septic tank and enjoy clean water in your home - robust, efficient and with minimal environmental impact.\" \/>\n<meta name=\"twitter:image\" content=\"https:\/\/xymen.pl\/wp-content\/uploads\/2024\/12\/Solid3000-1-1024x1024.png\" \/>\n<script type=\"application\/ld+json\" class=\"yoast-schema-graph\">{\"@context\":\"https:\/\/schema.org\",\"@graph\":[{\"@type\":\"WebPage\",\"@id\":\"https:\/\/xymen.pl\/en\/product\/bamartech-solid-3000l-septic-tank\/\",\"url\":\"https:\/\/xymen.pl\/en\/product\/bamartech-solid-3000l-septic-tank\/\",\"name\":\"BamarTech Solid 3000L septic tank | XYMEN\",\"isPartOf\":{\"@id\":\"https:\/\/xymen.pl\/en\/#website\"},\"primaryImageOfPage\":{\"@id\":\"https:\/\/xymen.pl\/en\/product\/bamartech-solid-3000l-septic-tank\/#primaryimage\"},\"image\":{\"@id\":\"https:\/\/xymen.pl\/en\/product\/bamartech-solid-3000l-septic-tank\/#primaryimage\"},\"thumbnailUrl\":\"https:\/\/xymen.pl\/wp-content\/uploads\/2024\/12\/Solid3000-1.png\",\"datePublished\":\"2024-12-09T19:31:48+00:00\",\"description\":\"The Solid 3000L tank is perfect for septic tanks, rainwater tanks, sewage treatment plants, and septic tanks. Made in Poland, it offers the highest durability.\",\"breadcrumb\":{\"@id\":\"https:\/\/xymen.pl\/en\/product\/bamartech-solid-3000l-septic-tank\/#breadcrumb\"},\"inLanguage\":\"en-US\",\"potentialAction\":[{\"@type\":\"ReadAction\",\"target\":[\"https:\/\/xymen.pl\/en\/product\/bamartech-solid-3000l-septic-tank\/\"]}]},{\"@type\":\"ImageObject\",\"inLanguage\":\"en-US\",\"@id\":\"https:\/\/xymen.pl\/en\/product\/bamartech-solid-3000l-septic-tank\/#primaryimage\",\"url\":\"https:\/\/xymen.pl\/wp-content\/uploads\/2024\/12\/Solid3000-1.png\",\"contentUrl\":\"https:\/\/xymen.pl\/wp-content\/uploads\/2024\/12\/Solid3000-1.png\",\"width\":4000,\"height\":4000,\"caption\":\"solid3000, zbiornik na wod\u0119, zbiornik na deszcz\u00f3wk\u0119, osadnik gnilny\"},{\"@type\":\"BreadcrumbList\",\"@id\":\"https:\/\/xymen.pl\/en\/product\/bamartech-solid-3000l-septic-tank\/#breadcrumb\",\"itemListElement\":[{\"@type\":\"ListItem\",\"position\":1,\"name\":\"Products\",\"item\":\"https:\/\/xymen.pl\/en\/products\/\"},{\"@type\":\"ListItem\",\"position\":2,\"name\":\"BamarTech Solid 3000L septic tank\"}]},{\"@type\":\"WebSite\",\"@id\":\"https:\/\/xymen.pl\/en\/#website\",\"url\":\"https:\/\/xymen.pl\/en\/\",\"name\":\"XYMEN\",\"description\":\"zbiorniki na deszcz\u00f3wk\u0119 | ekologiczne oczyszczalnie \u015bciek\u00f3w\",\"publisher\":{\"@id\":\"https:\/\/xymen.pl\/en\/#organization\"},\"potentialAction\":[{\"@type\":\"SearchAction\",\"target\":{\"@type\":\"EntryPoint\",\"urlTemplate\":\"https:\/\/xymen.pl\/en\/?s={search_term_string}\"},\"query-input\":{\"@type\":\"PropertyValueSpecification\",\"valueRequired\":true,\"valueName\":\"search_term_string\"}}],\"inLanguage\":\"en-US\"},{\"@type\":\"Organization\",\"@id\":\"https:\/\/xymen.pl\/en\/#organization\",\"name\":\"XYMEN\",\"url\":\"https:\/\/xymen.pl\/en\/\",\"logo\":{\"@type\":\"ImageObject\",\"inLanguage\":\"en-US\",\"@id\":\"https:\/\/xymen.pl\/en\/#\/schema\/logo\/image\/\",\"url\":\"https:\/\/xymen.pl\/wp-content\/uploads\/2023\/02\/xymenpl-logo-1612299642.png\",\"contentUrl\":\"https:\/\/xymen.pl\/wp-content\/uploads\/2023\/02\/xymenpl-logo-1612299642.png\",\"width\":222,\"height\":218,\"caption\":\"XYMEN\"},\"image\":{\"@id\":\"https:\/\/xymen.pl\/en\/#\/schema\/logo\/image\/\"}}]}<\/script>\n<!-- \/ Yoast SEO plugin. -->","yoast_head_json":{"title":"BamarTech Solid 3000L septic tank | XYMEN","description":"The Solid 3000L tank is perfect for septic tanks, rainwater tanks, sewage treatment plants, and septic tanks. Made in Poland, it offers the highest durability.","robots":{"index":"index","follow":"follow","max-snippet":"max-snippet:-1","max-image-preview":"max-image-preview:large","max-video-preview":"max-video-preview:-1"},"canonical":"https:\/\/xymen.pl\/en\/product\/bamartech-solid-3000l-septic-tank\/","og_locale":"en_US","og_type":"article","og_title":"BamarTech Solid 3000L septic tank","og_description":"Install the BamarTech Solid 3000L septic tank and enjoy clean water in your home - robust, efficient and with minimal environmental impact.","og_url":"https:\/\/xymen.pl\/en\/product\/bamartech-solid-3000l-septic-tank\/","og_site_name":"XYMEN","og_image":[{"url":"https:\/\/xymen.pl\/wp-content\/uploads\/2024\/12\/Solid3000-1-300x300.png","type":"","width":"","height":""}],"twitter_card":"summary_large_image","twitter_title":"BamarTech Solid 3000L septic tank","twitter_description":"Install the BamarTech Solid 3000L septic tank and enjoy clean water in your home - robust, efficient and with minimal environmental impact.","twitter_image":"https:\/\/xymen.pl\/wp-content\/uploads\/2024\/12\/Solid3000-1-1024x1024.png","schema":{"@context":"https:\/\/schema.org","@graph":[{"@type":"WebPage","@id":"https:\/\/xymen.pl\/en\/product\/bamartech-solid-3000l-septic-tank\/","url":"https:\/\/xymen.pl\/en\/product\/bamartech-solid-3000l-septic-tank\/","name":"BamarTech Solid 3000L septic tank | XYMEN","isPartOf":{"@id":"https:\/\/xymen.pl\/en\/#website"},"primaryImageOfPage":{"@id":"https:\/\/xymen.pl\/en\/product\/bamartech-solid-3000l-septic-tank\/#primaryimage"},"image":{"@id":"https:\/\/xymen.pl\/en\/product\/bamartech-solid-3000l-septic-tank\/#primaryimage"},"thumbnailUrl":"https:\/\/xymen.pl\/wp-content\/uploads\/2024\/12\/Solid3000-1.png","datePublished":"2024-12-09T19:31:48+00:00","description":"The Solid 3000L tank is perfect for septic tanks, rainwater tanks, sewage treatment plants, and septic tanks. Made in Poland, it offers the highest durability.","breadcrumb":{"@id":"https:\/\/xymen.pl\/en\/product\/bamartech-solid-3000l-septic-tank\/#breadcrumb"},"inLanguage":"en-US","potentialAction":[{"@type":"ReadAction","target":["https:\/\/xymen.pl\/en\/product\/bamartech-solid-3000l-septic-tank\/"]}]},{"@type":"ImageObject","inLanguage":"en-US","@id":"https:\/\/xymen.pl\/en\/product\/bamartech-solid-3000l-septic-tank\/#primaryimage","url":"https:\/\/xymen.pl\/wp-content\/uploads\/2024\/12\/Solid3000-1.png","contentUrl":"https:\/\/xymen.pl\/wp-content\/uploads\/2024\/12\/Solid3000-1.png","width":4000,"height":4000,"caption":"solid3000, zbiornik na wod\u0119, zbiornik na deszcz\u00f3wk\u0119, osadnik gnilny"},{"@type":"BreadcrumbList","@id":"https:\/\/xymen.pl\/en\/product\/bamartech-solid-3000l-septic-tank\/#breadcrumb","itemListElement":[{"@type":"ListItem","position":1,"name":"Products","item":"https:\/\/xymen.pl\/en\/products\/"},{"@type":"ListItem","position":2,"name":"BamarTech Solid 3000L septic tank"}]},{"@type":"WebSite","@id":"https:\/\/xymen.pl\/en\/#website","url":"https:\/\/xymen.pl\/en\/","name":"XYMEN","description":"zbiorniki na deszcz\u00f3wk\u0119 | ekologiczne oczyszczalnie \u015bciek\u00f3w","publisher":{"@id":"https:\/\/xymen.pl\/en\/#organization"},"potentialAction":[{"@type":"SearchAction","target":{"@type":"EntryPoint","urlTemplate":"https:\/\/xymen.pl\/en\/?s={search_term_string}"},"query-input":{"@type":"PropertyValueSpecification","valueRequired":true,"valueName":"search_term_string"}}],"inLanguage":"en-US"},{"@type":"Organization","@id":"https:\/\/xymen.pl\/en\/#organization","name":"XYMEN","url":"https:\/\/xymen.pl\/en\/","logo":{"@type":"ImageObject","inLanguage":"en-US","@id":"https:\/\/xymen.pl\/en\/#\/schema\/logo\/image\/","url":"https:\/\/xymen.pl\/wp-content\/uploads\/2023\/02\/xymenpl-logo-1612299642.png","contentUrl":"https:\/\/xymen.pl\/wp-content\/uploads\/2023\/02\/xymenpl-logo-1612299642.png","width":222,"height":218,"caption":"XYMEN"},"image":{"@id":"https:\/\/xymen.pl\/en\/#\/schema\/logo\/image\/"}}]}},"_links":{"self":[{"href":"https:\/\/xymen.pl\/en\/wp-json\/wp\/v2\/product\/17104","targetHints":{"allow":["GET"]}}],"collection":[{"href":"https:\/\/xymen.pl\/en\/wp-json\/wp\/v2\/product"}],"about":[{"href":"https:\/\/xymen.pl\/en\/wp-json\/wp\/v2\/types\/product"}],"replies":[{"embeddable":true,"href":"https:\/\/xymen.pl\/en\/wp-json\/wp\/v2\/comments?post=17104"}],"wp:featuredmedia":[{"embeddable":true,"href":"https:\/\/xymen.pl\/en\/wp-json\/wp\/v2\/media\/9393"}],"wp:attachment":[{"href":"https:\/\/xymen.pl\/en\/wp-json\/wp\/v2\/media?parent=17104"}],"wp:term":[{"taxonomy":"product_brand","embeddable":true,"href":"https:\/\/xymen.pl\/en\/wp-json\/wp\/v2\/product_brand?post=17104"},{"taxonomy":"product_cat","embeddable":true,"href":"https:\/\/xymen.pl\/en\/wp-json\/wp\/v2\/product_cat?post=17104"},{"taxonomy":"product_tag","embeddable":true,"href":"https:\/\/xymen.pl\/en\/wp-json\/wp\/v2\/product_tag?post=17104"}],"curies":[{"name":"wp","href":"https:\/\/api.w.org\/{rel}","templated":true}]}}