{"id":17122,"date":"2023-03-24T10:52:14","date_gmt":"2023-03-24T09:52:14","guid":{"rendered":"https:\/\/xymen.pl\/produkt\/centroplast-bioekocent-3300-domestic-wastewater-treatment-plant\/"},"modified":"2023-03-24T10:52:14","modified_gmt":"2023-03-24T09:52:14","slug":"centroplast-bioekocent-3300-domestic-wastewater-treatment-plant","status":"publish","type":"product","link":"https:\/\/xymen.pl\/en\/product\/centroplast-bioekocent-3300-domestic-wastewater-treatment-plant\/","title":{"rendered":"CENTROPLAST BioEkocent 3300 Domestic Wastewater Treatment Plant"},"content":{"rendered":"<p><img decoding=\"async\" class=\"alignnone size-full wp-image-3988\" src=\"https:\/\/xymen.pl\/wp-content\/uploads\/2023\/03\/11-1.png\" alt=\"\" width=\"221\" height=\"226\" srcset=\"https:\/\/xymen.pl\/wp-content\/uploads\/2023\/03\/11-1.png 221w, https:\/\/xymen.pl\/wp-content\/uploads\/2023\/03\/11-1-50x50.png 50w\" sizes=\"(max-width: 221px) 100vw, 221px\" \/><\/p>\n<p><strong>BioEkocent 3300 treatment plant for 1\u20138 people<\/strong><\/p>\n<p class=\"MsoNormal\"><b>The complete treatment plant includes:<\/b><\/p>\n<ul>\n<li>Three-chamber mechanical-biological BioEkocent treatment plant set<\/li>\n<li>Aeration blower<\/li>\n<li>Extensions<\/li>\n<li>Covers<\/li>\n<li>Warranty card<\/li>\n<li>Operation manual<\/li>\n<\/ul>\n<p class=\"MsoNormal\"><b>Advantages of the BioEkocent 3300:<\/b><\/p>\n<ul>\n<li>Stable and high level of purification<\/li>\n<li>High mechanical resistance of the tanks<\/li>\n<li>Low electricity consumption, approx. 90 PLN\/year<\/li>\n<li>High resistance to fluctuations in wastewater inflow<\/li>\n<li>Small footprint: 4.5 m\u00b2<\/li>\n<li>No need to use biopreparations<\/li>\n<li>High pollutant removal<\/li>\n<\/ul>\n<p>For safe operation of the device, a <a href=\"https:\/\/xymen.pl\/produkt\/skrzynka-z-bezpiecznikami-ip-65\/\" target=\"_blank\" rel=\"noreferrer noopener\">fuse box<\/a> must be installed.<\/p>\n<p><a href=\"https:\/\/xymen.pl\/akcesoria-do-oczyszczalni\/242-skrzynka-z-bezpiecznikami-ip-68.html\" target=\"_blank\" rel=\"noreferrer noopener\"><img fetchpriority=\"high\" decoding=\"async\" src=\"https:\/\/xymen.pl\/img\/cms\/1634720865124.png\" alt=\"1634720865124.png\" width=\"600\" height=\"450\"><\/a><\/p>\n","protected":false},"excerpt":{"rendered":"<p>CENTROPLAST BioEkocent 3300 Domestic Wastewater Treatment Plant<\/p>\n","protected":false},"featured_media":14196,"comment_status":"open","ping_status":"closed","template":"","meta":{"_acf_changed":false,"_glsr_average":0,"_glsr_ranking":0,"_glsr_reviews":0},"product_brand":[],"product_cat":[468,345,467],"product_tag":[469,352],"class_list":{"0":"post-17122","1":"product","2":"type-product","3":"status-publish","4":"has-post-thumbnail","6":"product_cat-bioekocent-en","7":"product_cat-biological-treatment-plants","8":"product_cat-centroplast-en","9":"product_tag-centroplast-en","10":"product_tag-standard-en","12":"first","13":"outofstock","14":"taxable","15":"shipping-taxable","16":"purchasable","17":"product-type-simple"},"acf":{"xymen_capacity":6},"yoast_head":"<!-- This site is optimized with the Yoast SEO plugin v27.1.1 - https:\/\/yoast.com\/product\/yoast-seo-wordpress\/ -->\n<title>CENTROPLAST BioEkocent 3300 Domestic Wastewater Treatment Plant | XYMEN<\/title>\n<meta name=\"description\" content=\"CENTROPLAST BioEkocent 3300 Domestic Wastewater Treatment Plant\" \/>\n<meta name=\"robots\" content=\"index, follow, max-snippet:-1, max-image-preview:large, max-video-preview:-1\" \/>\n<link rel=\"canonical\" href=\"https:\/\/xymen.pl\/en\/product\/centroplast-bioekocent-3300-domestic-wastewater-treatment-plant\/\" \/>\n<meta property=\"og:locale\" content=\"en_US\" \/>\n<meta property=\"og:type\" content=\"article\" \/>\n<meta property=\"og:title\" content=\"CENTROPLAST BioEkocent 3300 Domestic Wastewater Treatment Plant\" \/>\n<meta property=\"og:description\" content=\"CENTROPLAST BioEkocent 3300 \u2013 an innovative solution for efficient wastewater treatment, providing comfort and safety for your family.\" \/>\n<meta property=\"og:url\" content=\"https:\/\/xymen.pl\/en\/product\/centroplast-bioekocent-3300-domestic-wastewater-treatment-plant\/\" \/>\n<meta property=\"og:site_name\" content=\"XYMEN\" \/>\n<meta property=\"og:image\" content=\"https:\/\/xymen.pl\/wp-content\/uploads\/2023\/03\/oczyszczalnia-bioekocent-3300-centroplast-300x300.jpg\" \/>\n<meta name=\"twitter:card\" content=\"summary_large_image\" \/>\n<meta name=\"twitter:title\" content=\"CENTROPLAST BioEkocent 3300 Domestic Wastewater Treatment Plant\" \/>\n<meta name=\"twitter:description\" content=\"CENTROPLAST BioEkocent 3300 \u2013 an innovative solution for efficient wastewater treatment, providing comfort and safety for your family.\" \/>\n<meta name=\"twitter:image\" content=\"https:\/\/xymen.pl\/wp-content\/uploads\/2023\/03\/oczyszczalnia-bioekocent-3300-centroplast.jpg\" \/>\n<script type=\"application\/ld+json\" class=\"yoast-schema-graph\">{\"@context\":\"https:\/\/schema.org\",\"@graph\":[{\"@type\":\"WebPage\",\"@id\":\"https:\/\/xymen.pl\/en\/product\/centroplast-bioekocent-3300-domestic-wastewater-treatment-plant\/\",\"url\":\"https:\/\/xymen.pl\/en\/product\/centroplast-bioekocent-3300-domestic-wastewater-treatment-plant\/\",\"name\":\"CENTROPLAST BioEkocent 3300 Domestic Wastewater Treatment Plant | XYMEN\",\"isPartOf\":{\"@id\":\"https:\/\/xymen.pl\/en\/#website\"},\"primaryImageOfPage\":{\"@id\":\"https:\/\/xymen.pl\/en\/product\/centroplast-bioekocent-3300-domestic-wastewater-treatment-plant\/#primaryimage\"},\"image\":{\"@id\":\"https:\/\/xymen.pl\/en\/product\/centroplast-bioekocent-3300-domestic-wastewater-treatment-plant\/#primaryimage\"},\"thumbnailUrl\":\"https:\/\/xymen.pl\/wp-content\/uploads\/2023\/03\/oczyszczalnia-bioekocent-3300-centroplast.jpg\",\"datePublished\":\"2023-03-24T09:52:14+00:00\",\"description\":\"CENTROPLAST BioEkocent 3300 Domestic Wastewater Treatment Plant\",\"breadcrumb\":{\"@id\":\"https:\/\/xymen.pl\/en\/product\/centroplast-bioekocent-3300-domestic-wastewater-treatment-plant\/#breadcrumb\"},\"inLanguage\":\"en-US\",\"potentialAction\":[{\"@type\":\"ReadAction\",\"target\":[\"https:\/\/xymen.pl\/en\/product\/centroplast-bioekocent-3300-domestic-wastewater-treatment-plant\/\"]}]},{\"@type\":\"ImageObject\",\"inLanguage\":\"en-US\",\"@id\":\"https:\/\/xymen.pl\/en\/product\/centroplast-bioekocent-3300-domestic-wastewater-treatment-plant\/#primaryimage\",\"url\":\"https:\/\/xymen.pl\/wp-content\/uploads\/2023\/03\/oczyszczalnia-bioekocent-3300-centroplast.jpg\",\"contentUrl\":\"https:\/\/xymen.pl\/wp-content\/uploads\/2023\/03\/oczyszczalnia-bioekocent-3300-centroplast.jpg\",\"width\":800,\"height\":800,\"caption\":\"BioEkocent 3300 Centroplast treatment plant, domestic wastewater treatment plants, biological treatment plant\"},{\"@type\":\"BreadcrumbList\",\"@id\":\"https:\/\/xymen.pl\/en\/product\/centroplast-bioekocent-3300-domestic-wastewater-treatment-plant\/#breadcrumb\",\"itemListElement\":[{\"@type\":\"ListItem\",\"position\":1,\"name\":\"Products\",\"item\":\"https:\/\/xymen.pl\/en\/products\/\"},{\"@type\":\"ListItem\",\"position\":2,\"name\":\"CENTROPLAST BioEkocent 3300 Domestic Wastewater Treatment Plant\"}]},{\"@type\":\"WebSite\",\"@id\":\"https:\/\/xymen.pl\/en\/#website\",\"url\":\"https:\/\/xymen.pl\/en\/\",\"name\":\"XYMEN\",\"description\":\"zbiorniki na deszcz\u00f3wk\u0119 | ekologiczne oczyszczalnie \u015bciek\u00f3w\",\"publisher\":{\"@id\":\"https:\/\/xymen.pl\/en\/#organization\"},\"potentialAction\":[{\"@type\":\"SearchAction\",\"target\":{\"@type\":\"EntryPoint\",\"urlTemplate\":\"https:\/\/xymen.pl\/en\/?s={search_term_string}\"},\"query-input\":{\"@type\":\"PropertyValueSpecification\",\"valueRequired\":true,\"valueName\":\"search_term_string\"}}],\"inLanguage\":\"en-US\"},{\"@type\":\"Organization\",\"@id\":\"https:\/\/xymen.pl\/en\/#organization\",\"name\":\"XYMEN\",\"url\":\"https:\/\/xymen.pl\/en\/\",\"logo\":{\"@type\":\"ImageObject\",\"inLanguage\":\"en-US\",\"@id\":\"https:\/\/xymen.pl\/en\/#\/schema\/logo\/image\/\",\"url\":\"https:\/\/xymen.pl\/wp-content\/uploads\/2023\/02\/xymenpl-logo-1612299642.png\",\"contentUrl\":\"https:\/\/xymen.pl\/wp-content\/uploads\/2023\/02\/xymenpl-logo-1612299642.png\",\"width\":222,\"height\":218,\"caption\":\"XYMEN\"},\"image\":{\"@id\":\"https:\/\/xymen.pl\/en\/#\/schema\/logo\/image\/\"}}]}<\/script>\n<!-- \/ Yoast SEO plugin. -->","yoast_head_json":{"title":"CENTROPLAST BioEkocent 3300 Domestic Wastewater Treatment Plant | XYMEN","description":"CENTROPLAST BioEkocent 3300 Domestic Wastewater Treatment Plant","robots":{"index":"index","follow":"follow","max-snippet":"max-snippet:-1","max-image-preview":"max-image-preview:large","max-video-preview":"max-video-preview:-1"},"canonical":"https:\/\/xymen.pl\/en\/product\/centroplast-bioekocent-3300-domestic-wastewater-treatment-plant\/","og_locale":"en_US","og_type":"article","og_title":"CENTROPLAST BioEkocent 3300 Domestic Wastewater Treatment Plant","og_description":"CENTROPLAST BioEkocent 3300 \u2013 an innovative solution for efficient wastewater treatment, providing comfort and safety for your family.","og_url":"https:\/\/xymen.pl\/en\/product\/centroplast-bioekocent-3300-domestic-wastewater-treatment-plant\/","og_site_name":"XYMEN","og_image":[{"url":"https:\/\/xymen.pl\/wp-content\/uploads\/2023\/03\/oczyszczalnia-bioekocent-3300-centroplast-300x300.jpg","type":"","width":"","height":""}],"twitter_card":"summary_large_image","twitter_title":"CENTROPLAST BioEkocent 3300 Domestic Wastewater Treatment Plant","twitter_description":"CENTROPLAST BioEkocent 3300 \u2013 an innovative solution for efficient wastewater treatment, providing comfort and safety for your family.","twitter_image":"https:\/\/xymen.pl\/wp-content\/uploads\/2023\/03\/oczyszczalnia-bioekocent-3300-centroplast.jpg","schema":{"@context":"https:\/\/schema.org","@graph":[{"@type":"WebPage","@id":"https:\/\/xymen.pl\/en\/product\/centroplast-bioekocent-3300-domestic-wastewater-treatment-plant\/","url":"https:\/\/xymen.pl\/en\/product\/centroplast-bioekocent-3300-domestic-wastewater-treatment-plant\/","name":"CENTROPLAST BioEkocent 3300 Domestic Wastewater Treatment Plant | XYMEN","isPartOf":{"@id":"https:\/\/xymen.pl\/en\/#website"},"primaryImageOfPage":{"@id":"https:\/\/xymen.pl\/en\/product\/centroplast-bioekocent-3300-domestic-wastewater-treatment-plant\/#primaryimage"},"image":{"@id":"https:\/\/xymen.pl\/en\/product\/centroplast-bioekocent-3300-domestic-wastewater-treatment-plant\/#primaryimage"},"thumbnailUrl":"https:\/\/xymen.pl\/wp-content\/uploads\/2023\/03\/oczyszczalnia-bioekocent-3300-centroplast.jpg","datePublished":"2023-03-24T09:52:14+00:00","description":"CENTROPLAST BioEkocent 3300 Domestic Wastewater Treatment Plant","breadcrumb":{"@id":"https:\/\/xymen.pl\/en\/product\/centroplast-bioekocent-3300-domestic-wastewater-treatment-plant\/#breadcrumb"},"inLanguage":"en-US","potentialAction":[{"@type":"ReadAction","target":["https:\/\/xymen.pl\/en\/product\/centroplast-bioekocent-3300-domestic-wastewater-treatment-plant\/"]}]},{"@type":"ImageObject","inLanguage":"en-US","@id":"https:\/\/xymen.pl\/en\/product\/centroplast-bioekocent-3300-domestic-wastewater-treatment-plant\/#primaryimage","url":"https:\/\/xymen.pl\/wp-content\/uploads\/2023\/03\/oczyszczalnia-bioekocent-3300-centroplast.jpg","contentUrl":"https:\/\/xymen.pl\/wp-content\/uploads\/2023\/03\/oczyszczalnia-bioekocent-3300-centroplast.jpg","width":800,"height":800,"caption":"BioEkocent 3300 Centroplast treatment plant, domestic wastewater treatment plants, biological treatment plant"},{"@type":"BreadcrumbList","@id":"https:\/\/xymen.pl\/en\/product\/centroplast-bioekocent-3300-domestic-wastewater-treatment-plant\/#breadcrumb","itemListElement":[{"@type":"ListItem","position":1,"name":"Products","item":"https:\/\/xymen.pl\/en\/products\/"},{"@type":"ListItem","position":2,"name":"CENTROPLAST BioEkocent 3300 Domestic Wastewater Treatment Plant"}]},{"@type":"WebSite","@id":"https:\/\/xymen.pl\/en\/#website","url":"https:\/\/xymen.pl\/en\/","name":"XYMEN","description":"zbiorniki na deszcz\u00f3wk\u0119 | ekologiczne oczyszczalnie \u015bciek\u00f3w","publisher":{"@id":"https:\/\/xymen.pl\/en\/#organization"},"potentialAction":[{"@type":"SearchAction","target":{"@type":"EntryPoint","urlTemplate":"https:\/\/xymen.pl\/en\/?s={search_term_string}"},"query-input":{"@type":"PropertyValueSpecification","valueRequired":true,"valueName":"search_term_string"}}],"inLanguage":"en-US"},{"@type":"Organization","@id":"https:\/\/xymen.pl\/en\/#organization","name":"XYMEN","url":"https:\/\/xymen.pl\/en\/","logo":{"@type":"ImageObject","inLanguage":"en-US","@id":"https:\/\/xymen.pl\/en\/#\/schema\/logo\/image\/","url":"https:\/\/xymen.pl\/wp-content\/uploads\/2023\/02\/xymenpl-logo-1612299642.png","contentUrl":"https:\/\/xymen.pl\/wp-content\/uploads\/2023\/02\/xymenpl-logo-1612299642.png","width":222,"height":218,"caption":"XYMEN"},"image":{"@id":"https:\/\/xymen.pl\/en\/#\/schema\/logo\/image\/"}}]}},"_links":{"self":[{"href":"https:\/\/xymen.pl\/en\/wp-json\/wp\/v2\/product\/17122","targetHints":{"allow":["GET"]}}],"collection":[{"href":"https:\/\/xymen.pl\/en\/wp-json\/wp\/v2\/product"}],"about":[{"href":"https:\/\/xymen.pl\/en\/wp-json\/wp\/v2\/types\/product"}],"replies":[{"embeddable":true,"href":"https:\/\/xymen.pl\/en\/wp-json\/wp\/v2\/comments?post=17122"}],"wp:featuredmedia":[{"embeddable":true,"href":"https:\/\/xymen.pl\/en\/wp-json\/wp\/v2\/media\/14196"}],"wp:attachment":[{"href":"https:\/\/xymen.pl\/en\/wp-json\/wp\/v2\/media?parent=17122"}],"wp:term":[{"taxonomy":"product_brand","embeddable":true,"href":"https:\/\/xymen.pl\/en\/wp-json\/wp\/v2\/product_brand?post=17122"},{"taxonomy":"product_cat","embeddable":true,"href":"https:\/\/xymen.pl\/en\/wp-json\/wp\/v2\/product_cat?post=17122"},{"taxonomy":"product_tag","embeddable":true,"href":"https:\/\/xymen.pl\/en\/wp-json\/wp\/v2\/product_tag?post=17122"}],"curies":[{"name":"wp","href":"https:\/\/api.w.org\/{rel}","templated":true}]}}