{"id":17138,"date":"2024-12-01T18:38:39","date_gmt":"2024-12-01T17:38:39","guid":{"rendered":"https:\/\/xymen.pl\/produkt\/kingspan-biotec-flo-8-domestic-sewage-treatment-plant-without-electricity\/"},"modified":"2024-12-01T18:38:39","modified_gmt":"2024-12-01T17:38:39","slug":"kingspan-biotec-flo-8-domestic-sewage-treatment-plant-without-electricity","status":"publish","type":"product","link":"https:\/\/xymen.pl\/en\/product\/kingspan-biotec-flo-8-domestic-sewage-treatment-plant-without-electricity\/","title":{"rendered":"KINGSPAN BioTec Flo 8 domestic sewage treatment plant without electricity"},"content":{"rendered":"<p><img decoding=\"async\" class=\"alignnone size-medium wp-image-2761\" src=\"https:\/\/xymen.pl\/wp-content\/uploads\/2023\/03\/6-1-300x156.jpg\" alt=\"\" width=\"300\" height=\"156\" srcset=\"https:\/\/xymen.pl\/wp-content\/uploads\/2023\/03\/6-1-300x156.jpg 300w, https:\/\/xymen.pl\/wp-content\/uploads\/2023\/03\/6-1.jpg 340w\" sizes=\"(max-width: 300px) 100vw, 300px\" \/><\/p>\n<h2 class=\"MsoNormal\"><b>Kingspan BioTec Flo domestic electricity-free sewage treatment plant designed for use by up to 8 people.<\/b><\/h2>\n<table style=\"height: 99px;\" width=\"1085\">\n<tbody>\n<tr>\n<td>Model No.<\/td>\n<td>Number of PE<\/td>\n<td>Energy consumption (kWh\/d)<\/td>\n<td>Usable volume (L)<\/td>\n<td>Inlet depth (mm)<\/td>\n<td>Drain depth (mm)<\/td>\n<td>Weight (kg)<\/td>\n<\/tr>\n<tr>\n<td>BioTec Flo 8<\/td>\n<td>Up to 8 people<\/td>\n<td>0,06<\/td>\n<td>3831<\/td>\n<td>510-1000<\/td>\n<td>240-730<\/td>\n<td>1020<\/td>\n<\/tr>\n<\/tbody>\n<\/table>\n<p>&nbsp;<\/p>\n<p class=\"MsoNormal\">One of the few on the market, and certainly the only one with such a well-thought-out design, is the Kingspan BioTec Flo powerless wastewater treatment plant! Ideal for summer homes or recreational homes that may become permanent residents or used periodically, for example, for six months, but also for single-family homes focused on energy savings. Unlike other solutions, the treatment plant does not require restarting after a period of downtime.  <\/p>\n<p class=\"MsoNormal\">Kingspan BioTec Flo offers four models tailored to your needs. Models differ in their maximum capacity (6 or 8) and whether they feature gravity or pressure drainage. <\/p>\n<h4 class=\"MsoNormal\"><b>How the Kingspan BioTec Flo treatment plant works:<\/b><\/h4>\n<p class=\"MsoNormal\">Wastewater treatment begins in the primary settling tank, where coarse fractions separate and settle to the bottom, retaining fats. This process is supported by anaerobic bacteria. Pre-treated wastewater, free of coarse fractions, flows into the biological treatment and filtration zone located in the second tank. The wastewater is then evenly distributed across the surface of the biological filter bed\u2014specially selected layers of varying composition and granulation\u2014using a tilting trough. Inflowing sewage from the house raises the level in the primary settling tank, which flows into the biological reactor and fills the trough. Once the maximum level is reached, the trough tilts to one side, and the wastewater flows vertically through the bed, purifying itself. The first layer of filling is composed of synthetic fibers, while the second is filled with mineral material. The ventilation system allows for good oxygenation of the bed, thus enabling the development of aerobic bacteria, responsible for biological pollutant reduction. After filtering through both layers, the treated sewage flows out through an opening at the bottom of the tank.        <\/p>\n<p class=\"MsoNormal\">Ultimately, the treatment plant produces very well-treated sewage which can be infiltrated using infiltration wells, drainage tunnels or, after obtaining permits, discharged into surface waters, e.g. rivers and lakes.<\/p>\n<h4 class=\"MsoNormal\"><b>Advantages of the<\/b> <strong>BioTec Flo<\/strong> treatment plant<b>:<\/b><\/h4>\n<p class=\"MsoNormal\">&#8211; Effectiveness confirmed by tests in accordance with the PN-EN:12566-3+A2:2013 standard<\/p>\n<p class=\"MsoNormal\">&#8211; High-performance biological deposit technology<\/p>\n<p class=\"MsoNormal\">&#8211; 20-year warranty on tank tightness and 2 years on components<\/p>\n<p class=\"MsoNormal\">&#8211; Small footprint &#8211; both tanks take up only 5m2<\/p>\n<p class=\"MsoNormal\">&#8211; Aesthetically pleasing, lockable hatches<\/p>\n<p class=\"MsoNormal\">&#8211; Adjustable superstructures on both tanks<\/p>\n<p class=\"MsoNormal\">&#8211; Strong tank made of MDPE<\/p>\n<p class=\"MsoNormal\">&#8211; Comfort of use &#8211; the treatment plant requires only a minimum of maintenance<\/p>\n<p class=\"MsoNormal\">&#8211; No need to add biopreparations<\/p>\n<p class=\"MsoNormal\">&#8211; Sludge removal approximately every 12 months<\/p>\n<p class=\"MsoNormal\">&#8211; High resistance to variable or irregular inflows of raw sewage thanks to the use of two biological zones<\/p>\n<h4 class=\"MsoNormal\"><b>Benefits of using the Kingspan BioTec Flo treatment plant:<\/b><\/h4>\n<p class=\"MsoNormal\">&#8211; An ecological, safe and convenient way to treat wastewater<\/p>\n<p class=\"MsoNormal\">&#8211; Significant elimination of unpleasant odors compared to traditional septic tanks<\/p>\n<p class=\"MsoNormal\">&#8211; Advanced treatment system ensures peace of mind when discharging wastewater without worrying about contaminating the plot<\/p>\n<p class=\"MsoNormal\">&#8211; Low long-term operating costs<\/p>\n<p>&#8211; Zero electricity costs<\/p>\n<p><strong>Tank Dimensions:<\/strong><\/p>\n<p>A: 2,02-2,50 m<br \/>\nB: 2,45 m<br \/>\nC: 2,60 m<\/p>\n<p><b> <img fetchpriority=\"high\" decoding=\"async\" class=\"alignnone size-medium wp-image-9344\" src=\"https:\/\/xymen.pl\/wp-content\/uploads\/2024\/12\/BioTec-Flo-wymiary-300x300.png\" alt=\"\" width=\"300\" height=\"300\" data-wp-editing=\"1\" srcset=\"https:\/\/xymen.pl\/wp-content\/uploads\/2024\/12\/BioTec-Flo-wymiary-300x300.png 300w, https:\/\/xymen.pl\/wp-content\/uploads\/2024\/12\/BioTec-Flo-wymiary-1024x1024.png 1024w, https:\/\/xymen.pl\/wp-content\/uploads\/2024\/12\/BioTec-Flo-wymiary-150x150.png 150w, https:\/\/xymen.pl\/wp-content\/uploads\/2024\/12\/BioTec-Flo-wymiary-768x768.png 768w, https:\/\/xymen.pl\/wp-content\/uploads\/2024\/12\/BioTec-Flo-wymiary-1536x1536.png 1536w, https:\/\/xymen.pl\/wp-content\/uploads\/2024\/12\/BioTec-Flo-wymiary-2048x2048.png 2048w, https:\/\/xymen.pl\/wp-content\/uploads\/2024\/12\/BioTec-Flo-wymiary-600x600.png 600w, https:\/\/xymen.pl\/wp-content\/uploads\/2024\/12\/BioTec-Flo-wymiary-100x100.png 100w, https:\/\/xymen.pl\/wp-content\/uploads\/2024\/12\/BioTec-Flo-wymiary-50x50.png 50w\" sizes=\"(max-width: 300px) 100vw, 300px\" \/><\/b><\/p>\n<p class=\"MsoNormal\"><b>Installation on the premises throughout the country by professional teams of installers &#8211; agreed upon individually.<\/b><\/p>\n<p class=\"MsoNormal\"><b>Have questions? Call us, and we will help you choose the optimal solution for your needs. <\/b><\/p>\n","protected":false},"excerpt":{"rendered":"<p>Kingspan BioTec Flo 8 domestic electricity-free sewage treatment plant.<\/p>\n","protected":false},"featured_media":15474,"comment_status":"open","ping_status":"closed","template":"","meta":{"_acf_changed":false,"_glsr_average":0,"_glsr_ranking":0,"_glsr_reviews":0},"product_brand":[],"product_cat":[345,477,421],"product_tag":[361,352],"class_list":{"0":"post-17138","1":"product","2":"type-product","3":"status-publish","4":"has-post-thumbnail","6":"product_cat-biological-treatment-plants","7":"product_cat-biotec-flo-en","8":"product_cat-kingspan-en","9":"product_tag-kingspan-en","10":"product_tag-standard-en","12":"first","13":"onbackorder","14":"taxable","15":"shipping-taxable","16":"purchasable","17":"product-type-simple"},"acf":{"xymen_capacity":8},"yoast_head":"<!-- This site is optimized with the Yoast SEO plugin v27.1.1 - https:\/\/yoast.com\/product\/yoast-seo-wordpress\/ -->\n<title>KINGSPAN BioTec Flo 8 domestic sewage treatment plant without electricity | XYMEN<\/title>\n<meta name=\"description\" content=\"The Kingspan BioTec Flo electricity-free sewage treatment plant, designed for up to 8 people, is an innovative solution that does not consume electricity.\" \/>\n<meta name=\"robots\" content=\"index, follow, max-snippet:-1, max-image-preview:large, max-video-preview:-1\" \/>\n<link rel=\"canonical\" href=\"https:\/\/xymen.pl\/en\/product\/kingspan-biotec-flo-8-domestic-sewage-treatment-plant-without-electricity\/\" \/>\n<meta property=\"og:locale\" content=\"en_US\" \/>\n<meta property=\"og:type\" content=\"article\" \/>\n<meta property=\"og:title\" content=\"KINGSPAN BioTec Flo 8 domestic sewage treatment plant without electricity\" \/>\n<meta property=\"og:description\" content=\"The Kingspan BioTec Flo electricity-free sewage treatment plant, designed for up to 8 people, is an innovative solution that does not consume electricity.\" \/>\n<meta property=\"og:url\" content=\"https:\/\/xymen.pl\/en\/product\/kingspan-biotec-flo-8-domestic-sewage-treatment-plant-without-electricity\/\" \/>\n<meta property=\"og:site_name\" content=\"XYMEN\" \/>\n<meta property=\"og:image\" content=\"https:\/\/xymen.pl\/wp-content\/uploads\/2024\/12\/Front-bok-BioTec-Flo-300x300.png\" \/>\n<meta name=\"twitter:card\" content=\"summary_large_image\" \/>\n<meta name=\"twitter:title\" content=\"KINGSPAN BioTec Flo 8 domestic sewage treatment plant without electricity\" \/>\n<meta name=\"twitter:description\" content=\"The Kingspan BioTec Flo electricity-free sewage treatment plant, designed for up to 8 people, is an innovative solution that does not consume electricity.\" \/>\n<meta name=\"twitter:image\" content=\"https:\/\/xymen.pl\/wp-content\/uploads\/2024\/12\/Front-bok-BioTec-Flo-1024x1024.png\" \/>\n<meta name=\"twitter:label1\" content=\"Est. reading time\" \/>\n\t<meta name=\"twitter:data1\" content=\"3 minutes\" \/>\n<script type=\"application\/ld+json\" class=\"yoast-schema-graph\">{\"@context\":\"https:\/\/schema.org\",\"@graph\":[{\"@type\":\"WebPage\",\"@id\":\"https:\/\/xymen.pl\/en\/product\/kingspan-biotec-flo-8-domestic-sewage-treatment-plant-without-electricity\/\",\"url\":\"https:\/\/xymen.pl\/en\/product\/kingspan-biotec-flo-8-domestic-sewage-treatment-plant-without-electricity\/\",\"name\":\"KINGSPAN BioTec Flo 8 domestic sewage treatment plant without electricity | XYMEN\",\"isPartOf\":{\"@id\":\"https:\/\/xymen.pl\/en\/#website\"},\"primaryImageOfPage\":{\"@id\":\"https:\/\/xymen.pl\/en\/product\/kingspan-biotec-flo-8-domestic-sewage-treatment-plant-without-electricity\/#primaryimage\"},\"image\":{\"@id\":\"https:\/\/xymen.pl\/en\/product\/kingspan-biotec-flo-8-domestic-sewage-treatment-plant-without-electricity\/#primaryimage\"},\"thumbnailUrl\":\"https:\/\/xymen.pl\/wp-content\/uploads\/2024\/12\/Front-bok-BioTec-Flo.png\",\"datePublished\":\"2024-12-01T17:38:39+00:00\",\"description\":\"The Kingspan BioTec Flo electricity-free sewage treatment plant, designed for up to 8 people, is an innovative solution that does not consume electricity.\",\"breadcrumb\":{\"@id\":\"https:\/\/xymen.pl\/en\/product\/kingspan-biotec-flo-8-domestic-sewage-treatment-plant-without-electricity\/#breadcrumb\"},\"inLanguage\":\"en-US\",\"potentialAction\":[{\"@type\":\"ReadAction\",\"target\":[\"https:\/\/xymen.pl\/en\/product\/kingspan-biotec-flo-8-domestic-sewage-treatment-plant-without-electricity\/\"]}]},{\"@type\":\"ImageObject\",\"inLanguage\":\"en-US\",\"@id\":\"https:\/\/xymen.pl\/en\/product\/kingspan-biotec-flo-8-domestic-sewage-treatment-plant-without-electricity\/#primaryimage\",\"url\":\"https:\/\/xymen.pl\/wp-content\/uploads\/2024\/12\/Front-bok-BioTec-Flo.png\",\"contentUrl\":\"https:\/\/xymen.pl\/wp-content\/uploads\/2024\/12\/Front-bok-BioTec-Flo.png\",\"width\":4000,\"height\":4000,\"caption\":\"kingspan biotec flo 6, electricity-free sewage treatment plant, domestic sewage treatment plants\"},{\"@type\":\"BreadcrumbList\",\"@id\":\"https:\/\/xymen.pl\/en\/product\/kingspan-biotec-flo-8-domestic-sewage-treatment-plant-without-electricity\/#breadcrumb\",\"itemListElement\":[{\"@type\":\"ListItem\",\"position\":1,\"name\":\"Products\",\"item\":\"https:\/\/xymen.pl\/en\/products\/\"},{\"@type\":\"ListItem\",\"position\":2,\"name\":\"KINGSPAN BioTec Flo 8 domestic sewage treatment plant without electricity\"}]},{\"@type\":\"WebSite\",\"@id\":\"https:\/\/xymen.pl\/en\/#website\",\"url\":\"https:\/\/xymen.pl\/en\/\",\"name\":\"XYMEN\",\"description\":\"zbiorniki na deszcz\u00f3wk\u0119 | ekologiczne oczyszczalnie \u015bciek\u00f3w\",\"publisher\":{\"@id\":\"https:\/\/xymen.pl\/en\/#organization\"},\"potentialAction\":[{\"@type\":\"SearchAction\",\"target\":{\"@type\":\"EntryPoint\",\"urlTemplate\":\"https:\/\/xymen.pl\/en\/?s={search_term_string}\"},\"query-input\":{\"@type\":\"PropertyValueSpecification\",\"valueRequired\":true,\"valueName\":\"search_term_string\"}}],\"inLanguage\":\"en-US\"},{\"@type\":\"Organization\",\"@id\":\"https:\/\/xymen.pl\/en\/#organization\",\"name\":\"XYMEN\",\"url\":\"https:\/\/xymen.pl\/en\/\",\"logo\":{\"@type\":\"ImageObject\",\"inLanguage\":\"en-US\",\"@id\":\"https:\/\/xymen.pl\/en\/#\/schema\/logo\/image\/\",\"url\":\"https:\/\/xymen.pl\/wp-content\/uploads\/2023\/02\/xymenpl-logo-1612299642.png\",\"contentUrl\":\"https:\/\/xymen.pl\/wp-content\/uploads\/2023\/02\/xymenpl-logo-1612299642.png\",\"width\":222,\"height\":218,\"caption\":\"XYMEN\"},\"image\":{\"@id\":\"https:\/\/xymen.pl\/en\/#\/schema\/logo\/image\/\"}}]}<\/script>\n<!-- \/ Yoast SEO plugin. -->","yoast_head_json":{"title":"KINGSPAN BioTec Flo 8 domestic sewage treatment plant without electricity | XYMEN","description":"The Kingspan BioTec Flo electricity-free sewage treatment plant, designed for up to 8 people, is an innovative solution that does not consume electricity.","robots":{"index":"index","follow":"follow","max-snippet":"max-snippet:-1","max-image-preview":"max-image-preview:large","max-video-preview":"max-video-preview:-1"},"canonical":"https:\/\/xymen.pl\/en\/product\/kingspan-biotec-flo-8-domestic-sewage-treatment-plant-without-electricity\/","og_locale":"en_US","og_type":"article","og_title":"KINGSPAN BioTec Flo 8 domestic sewage treatment plant without electricity","og_description":"The Kingspan BioTec Flo electricity-free sewage treatment plant, designed for up to 8 people, is an innovative solution that does not consume electricity.","og_url":"https:\/\/xymen.pl\/en\/product\/kingspan-biotec-flo-8-domestic-sewage-treatment-plant-without-electricity\/","og_site_name":"XYMEN","og_image":[{"url":"https:\/\/xymen.pl\/wp-content\/uploads\/2024\/12\/Front-bok-BioTec-Flo-300x300.png","type":"","width":"","height":""}],"twitter_card":"summary_large_image","twitter_title":"KINGSPAN BioTec Flo 8 domestic sewage treatment plant without electricity","twitter_description":"The Kingspan BioTec Flo electricity-free sewage treatment plant, designed for up to 8 people, is an innovative solution that does not consume electricity.","twitter_image":"https:\/\/xymen.pl\/wp-content\/uploads\/2024\/12\/Front-bok-BioTec-Flo-1024x1024.png","twitter_misc":{"Est. reading time":"3 minutes"},"schema":{"@context":"https:\/\/schema.org","@graph":[{"@type":"WebPage","@id":"https:\/\/xymen.pl\/en\/product\/kingspan-biotec-flo-8-domestic-sewage-treatment-plant-without-electricity\/","url":"https:\/\/xymen.pl\/en\/product\/kingspan-biotec-flo-8-domestic-sewage-treatment-plant-without-electricity\/","name":"KINGSPAN BioTec Flo 8 domestic sewage treatment plant without electricity | XYMEN","isPartOf":{"@id":"https:\/\/xymen.pl\/en\/#website"},"primaryImageOfPage":{"@id":"https:\/\/xymen.pl\/en\/product\/kingspan-biotec-flo-8-domestic-sewage-treatment-plant-without-electricity\/#primaryimage"},"image":{"@id":"https:\/\/xymen.pl\/en\/product\/kingspan-biotec-flo-8-domestic-sewage-treatment-plant-without-electricity\/#primaryimage"},"thumbnailUrl":"https:\/\/xymen.pl\/wp-content\/uploads\/2024\/12\/Front-bok-BioTec-Flo.png","datePublished":"2024-12-01T17:38:39+00:00","description":"The Kingspan BioTec Flo electricity-free sewage treatment plant, designed for up to 8 people, is an innovative solution that does not consume electricity.","breadcrumb":{"@id":"https:\/\/xymen.pl\/en\/product\/kingspan-biotec-flo-8-domestic-sewage-treatment-plant-without-electricity\/#breadcrumb"},"inLanguage":"en-US","potentialAction":[{"@type":"ReadAction","target":["https:\/\/xymen.pl\/en\/product\/kingspan-biotec-flo-8-domestic-sewage-treatment-plant-without-electricity\/"]}]},{"@type":"ImageObject","inLanguage":"en-US","@id":"https:\/\/xymen.pl\/en\/product\/kingspan-biotec-flo-8-domestic-sewage-treatment-plant-without-electricity\/#primaryimage","url":"https:\/\/xymen.pl\/wp-content\/uploads\/2024\/12\/Front-bok-BioTec-Flo.png","contentUrl":"https:\/\/xymen.pl\/wp-content\/uploads\/2024\/12\/Front-bok-BioTec-Flo.png","width":4000,"height":4000,"caption":"kingspan biotec flo 6, electricity-free sewage treatment plant, domestic sewage treatment plants"},{"@type":"BreadcrumbList","@id":"https:\/\/xymen.pl\/en\/product\/kingspan-biotec-flo-8-domestic-sewage-treatment-plant-without-electricity\/#breadcrumb","itemListElement":[{"@type":"ListItem","position":1,"name":"Products","item":"https:\/\/xymen.pl\/en\/products\/"},{"@type":"ListItem","position":2,"name":"KINGSPAN BioTec Flo 8 domestic sewage treatment plant without electricity"}]},{"@type":"WebSite","@id":"https:\/\/xymen.pl\/en\/#website","url":"https:\/\/xymen.pl\/en\/","name":"XYMEN","description":"zbiorniki na deszcz\u00f3wk\u0119 | ekologiczne oczyszczalnie \u015bciek\u00f3w","publisher":{"@id":"https:\/\/xymen.pl\/en\/#organization"},"potentialAction":[{"@type":"SearchAction","target":{"@type":"EntryPoint","urlTemplate":"https:\/\/xymen.pl\/en\/?s={search_term_string}"},"query-input":{"@type":"PropertyValueSpecification","valueRequired":true,"valueName":"search_term_string"}}],"inLanguage":"en-US"},{"@type":"Organization","@id":"https:\/\/xymen.pl\/en\/#organization","name":"XYMEN","url":"https:\/\/xymen.pl\/en\/","logo":{"@type":"ImageObject","inLanguage":"en-US","@id":"https:\/\/xymen.pl\/en\/#\/schema\/logo\/image\/","url":"https:\/\/xymen.pl\/wp-content\/uploads\/2023\/02\/xymenpl-logo-1612299642.png","contentUrl":"https:\/\/xymen.pl\/wp-content\/uploads\/2023\/02\/xymenpl-logo-1612299642.png","width":222,"height":218,"caption":"XYMEN"},"image":{"@id":"https:\/\/xymen.pl\/en\/#\/schema\/logo\/image\/"}}]}},"_links":{"self":[{"href":"https:\/\/xymen.pl\/en\/wp-json\/wp\/v2\/product\/17138","targetHints":{"allow":["GET"]}}],"collection":[{"href":"https:\/\/xymen.pl\/en\/wp-json\/wp\/v2\/product"}],"about":[{"href":"https:\/\/xymen.pl\/en\/wp-json\/wp\/v2\/types\/product"}],"replies":[{"embeddable":true,"href":"https:\/\/xymen.pl\/en\/wp-json\/wp\/v2\/comments?post=17138"}],"wp:featuredmedia":[{"embeddable":true,"href":"https:\/\/xymen.pl\/en\/wp-json\/wp\/v2\/media\/15474"}],"wp:attachment":[{"href":"https:\/\/xymen.pl\/en\/wp-json\/wp\/v2\/media?parent=17138"}],"wp:term":[{"taxonomy":"product_brand","embeddable":true,"href":"https:\/\/xymen.pl\/en\/wp-json\/wp\/v2\/product_brand?post=17138"},{"taxonomy":"product_cat","embeddable":true,"href":"https:\/\/xymen.pl\/en\/wp-json\/wp\/v2\/product_cat?post=17138"},{"taxonomy":"product_tag","embeddable":true,"href":"https:\/\/xymen.pl\/en\/wp-json\/wp\/v2\/product_tag?post=17138"}],"curies":[{"name":"wp","href":"https:\/\/api.w.org\/{rel}","templated":true}]}}