{"id":17148,"date":"2024-11-28T19:16:57","date_gmt":"2024-11-28T18:16:57","guid":{"rendered":"https:\/\/xymen.pl\/produkt\/rototec-verticale-150l-above-ground-rainwater-tank\/"},"modified":"2024-11-28T19:16:57","modified_gmt":"2024-11-28T18:16:57","slug":"rototec-verticale-150l-above-ground-rainwater-tank","status":"publish","type":"product","link":"https:\/\/xymen.pl\/en\/product\/rototec-verticale-150l-above-ground-rainwater-tank\/","title":{"rendered":"Rototec Verticale 150l Above-Ground Rainwater Tank"},"content":{"rendered":"<p><img fetchpriority=\"high\" decoding=\"async\" class=\"alignnone wp-image-8996 size-medium\" src=\"https:\/\/xymen.pl\/wp-content\/uploads\/2024\/10\/logo-mpi-300x177.png\" alt=\"\" width=\"300\" height=\"177\" srcset=\"https:\/\/xymen.pl\/wp-content\/uploads\/2024\/10\/logo-mpi-300x177.png 300w, https:\/\/xymen.pl\/wp-content\/uploads\/2024\/10\/logo-mpi-1024x605.png 1024w, https:\/\/xymen.pl\/wp-content\/uploads\/2024\/10\/logo-mpi-768x454.png 768w, https:\/\/xymen.pl\/wp-content\/uploads\/2024\/10\/logo-mpi-600x354.png 600w, https:\/\/xymen.pl\/wp-content\/uploads\/2024\/10\/logo-mpi.png 1229w\" sizes=\"(max-width: 300px) 100vw, 300px\" \/><\/p>\n<h2><strong>Rototec Verticale 150L<\/strong> above-ground rainwater tank<\/h2>\n<p>The Verticale series tanks are designed for storing rainwater, drinking water, chemicals, and food substances. They are ideal for collecting rainwater from a small roof and using it in the garden, for example, for watering vegetables. The tanks are also PZH-approved, making them suitable for storing drinking water. Made of polyethylene using the rotomolding method, they are leak-proof, durable, and free of any welds or joints. The tanks are resistant to corrosion or oxidation and are UV-resistant, ensuring years of service.    <\/p>\n<h4><strong>Technical data:<\/strong><\/h4>\n<table width=\"966\">\n<tbody>\n<tr>\n<td>Tank<\/td>\n<td>Capacity<\/td>\n<td>Szeroko\u015b\u0107<\/td>\n<td>Height<\/td>\n<td>Drain pipe<\/td>\n<td>Weight<\/td>\n<td>Cover diameter<\/td>\n<\/tr>\n<tr>\n<td>V150<\/td>\n<td>150 L<\/td>\n<td>600 mm<\/td>\n<td>700 mm<\/td>\n<td>3\/4&#8243;<\/td>\n<td>6 kg<\/td>\n<td>210 mm<\/td>\n<\/tr>\n<\/tbody>\n<\/table>\n<p>The tanks are equipped with a screw-on cover that allows access to the interior of the tank.<\/p>\n<p><img decoding=\"async\" class=\"alignnone wp-image-9264 size-medium\" src=\"https:\/\/xymen.pl\/wp-content\/uploads\/2024\/11\/97-300x300.png\" alt=\"\" width=\"300\" height=\"300\" srcset=\"https:\/\/xymen.pl\/wp-content\/uploads\/2024\/11\/97-300x300.png 300w, https:\/\/xymen.pl\/wp-content\/uploads\/2024\/11\/97-1024x1024.png 1024w, https:\/\/xymen.pl\/wp-content\/uploads\/2024\/11\/97-150x150.png 150w, https:\/\/xymen.pl\/wp-content\/uploads\/2024\/11\/97-768x768.png 768w, https:\/\/xymen.pl\/wp-content\/uploads\/2024\/11\/97-1536x1536.png 1536w, https:\/\/xymen.pl\/wp-content\/uploads\/2024\/11\/97-2048x2048.png 2048w, https:\/\/xymen.pl\/wp-content\/uploads\/2024\/11\/97-600x600.png 600w, https:\/\/xymen.pl\/wp-content\/uploads\/2024\/11\/97-100x100.png 100w, https:\/\/xymen.pl\/wp-content\/uploads\/2024\/11\/97-50x50.png 50w\" sizes=\"(max-width: 300px) 100vw, 300px\" \/><\/p>\n<p>Installation of pump systems in the tank is permitted provided the manufacturer&#8217;s guidelines are followed.<\/p>\n<p>In the upper part of the tank there is a hole for mounting the cover and handles for mounting the tank or transporting it (depending on the capacity)<\/p>\n<p>You can install the tank yourself. It&#8217;s important that the tank is located on a level, paved surface, as close to the gutter as possible. It&#8217;s acceptable to connect multiple tanks to form larger retention systems. The connection should be made at the level of the flats, so that the level of the connecting pipe is below the outlet pipe to the emergency overflow.   <\/p>\n<p><img decoding=\"async\" src=\"https:\/\/xymen.pl\/img\/cms\/tower05.jpg\" alt=\"\" width=\"250\" height=\"287\"><\/p>\n<p>An essential element for the proper operation of the tank is an emergency overflow and a venting system.<\/p>\n<p>The tanks are available in several colors: blue, gray, terracotta, graphite and green.<\/p>\n<p><img loading=\"lazy\" decoding=\"async\" class=\"alignnone size-medium wp-image-9318\" src=\"https:\/\/xymen.pl\/wp-content\/uploads\/2024\/11\/Zestawienie-kolorow-Verticale-300x300.png\" alt=\"\" width=\"300\" height=\"300\" srcset=\"https:\/\/xymen.pl\/wp-content\/uploads\/2024\/11\/Zestawienie-kolorow-Verticale-300x300.png 300w, https:\/\/xymen.pl\/wp-content\/uploads\/2024\/11\/Zestawienie-kolorow-Verticale-1024x1024.png 1024w, https:\/\/xymen.pl\/wp-content\/uploads\/2024\/11\/Zestawienie-kolorow-Verticale-150x150.png 150w, https:\/\/xymen.pl\/wp-content\/uploads\/2024\/11\/Zestawienie-kolorow-Verticale-768x768.png 768w, https:\/\/xymen.pl\/wp-content\/uploads\/2024\/11\/Zestawienie-kolorow-Verticale-1536x1536.png 1536w, https:\/\/xymen.pl\/wp-content\/uploads\/2024\/11\/Zestawienie-kolorow-Verticale-2048x2048.png 2048w, https:\/\/xymen.pl\/wp-content\/uploads\/2024\/11\/Zestawienie-kolorow-Verticale-600x600.png 600w, https:\/\/xymen.pl\/wp-content\/uploads\/2024\/11\/Zestawienie-kolorow-Verticale-100x100.png 100w, https:\/\/xymen.pl\/wp-content\/uploads\/2024\/11\/Zestawienie-kolorow-Verticale-50x50.png 50w\" sizes=\"(max-width: 300px) 100vw, 300px\" \/><\/p>\n<h4>Tank Dimensions:<\/h4>\n<p><img loading=\"lazy\" decoding=\"async\" class=\"alignnone wp-image-9321 size-full\" src=\"https:\/\/xymen.pl\/wp-content\/uploads\/2024\/11\/wymiary-V150-1.png\" alt=\"\" width=\"491\" height=\"803\" srcset=\"https:\/\/xymen.pl\/wp-content\/uploads\/2024\/11\/wymiary-V150-1.png 491w, https:\/\/xymen.pl\/wp-content\/uploads\/2024\/11\/wymiary-V150-1-183x300.png 183w\" sizes=\"(max-width: 491px) 100vw, 491px\" \/><\/p>\n","protected":false},"excerpt":{"rendered":"<p class=\"MsoNormal\">Rainwater storage and retention tank 150L<\/p>\n","protected":false},"featured_media":9266,"comment_status":"open","ping_status":"closed","template":"","meta":{"_acf_changed":false,"_glsr_average":0,"_glsr_ranking":0,"_glsr_reviews":0},"product_brand":[],"product_cat":[480,363,358],"product_tag":[365,352],"class_list":{"0":"post-17148","1":"product","2":"type-product","3":"status-publish","4":"has-post-thumbnail","6":"product_cat-150-l-en","7":"product_cat-above-ground","8":"product_cat-rainwater-tanks","9":"product_tag-mpi-en","10":"product_tag-standard-en","12":"first","13":"instock","14":"taxable","15":"shipping-taxable","16":"purchasable","17":"product-type-simple"},"acf":{"xymen_capacity":""},"yoast_head":"<!-- This site is optimized with the Yoast SEO plugin v27.1.1 - https:\/\/yoast.com\/product\/yoast-seo-wordpress\/ -->\n<title>Rototec Verticale 150l Above-Ground Rainwater Tank | XYMEN<\/title>\n<meta name=\"description\" content=\"Rototec Verticale 150L - rainwater tank that allows for effective use of natural resources, minimizing drinking water consumption.\" \/>\n<meta name=\"robots\" content=\"index, follow, max-snippet:-1, max-image-preview:large, max-video-preview:-1\" \/>\n<link rel=\"canonical\" href=\"https:\/\/xymen.pl\/en\/product\/rototec-verticale-150l-above-ground-rainwater-tank\/\" \/>\n<meta property=\"og:locale\" content=\"en_US\" \/>\n<meta property=\"og:type\" content=\"article\" \/>\n<meta property=\"og:title\" content=\"Rototec Verticale 150l Above-Ground Rainwater Tank\" \/>\n<meta property=\"og:description\" content=\"Rototec Verticale 150L - rainwater tank that allows for effective use of natural resources, minimizing drinking water consumption.\" \/>\n<meta property=\"og:url\" content=\"https:\/\/xymen.pl\/en\/product\/rototec-verticale-150l-above-ground-rainwater-tank\/\" \/>\n<meta property=\"og:site_name\" content=\"XYMEN\" \/>\n<meta property=\"og:image\" content=\"https:\/\/xymen.pl\/wp-content\/uploads\/2024\/11\/92-300x300.png\" \/>\n<meta name=\"twitter:card\" content=\"summary_large_image\" \/>\n<meta name=\"twitter:title\" content=\"Rototec Verticale 150l Above-Ground Rainwater Tank\" \/>\n<meta name=\"twitter:description\" content=\"Rototec Verticale 150L - rainwater tank that allows for effective use of natural resources, minimizing drinking water consumption.\" \/>\n<meta name=\"twitter:image\" content=\"https:\/\/xymen.pl\/wp-content\/uploads\/2024\/11\/93-1024x1024.png\" \/>\n<meta name=\"twitter:label1\" content=\"Est. reading time\" \/>\n\t<meta name=\"twitter:data1\" content=\"1 minute\" \/>\n<script type=\"application\/ld+json\" class=\"yoast-schema-graph\">{\"@context\":\"https:\/\/schema.org\",\"@graph\":[{\"@type\":\"WebPage\",\"@id\":\"https:\/\/xymen.pl\/en\/product\/rototec-verticale-150l-above-ground-rainwater-tank\/\",\"url\":\"https:\/\/xymen.pl\/en\/product\/rototec-verticale-150l-above-ground-rainwater-tank\/\",\"name\":\"Rototec Verticale 150l Above-Ground Rainwater Tank | XYMEN\",\"isPartOf\":{\"@id\":\"https:\/\/xymen.pl\/en\/#website\"},\"primaryImageOfPage\":{\"@id\":\"https:\/\/xymen.pl\/en\/product\/rototec-verticale-150l-above-ground-rainwater-tank\/#primaryimage\"},\"image\":{\"@id\":\"https:\/\/xymen.pl\/en\/product\/rototec-verticale-150l-above-ground-rainwater-tank\/#primaryimage\"},\"thumbnailUrl\":\"https:\/\/xymen.pl\/wp-content\/uploads\/2024\/11\/99.png\",\"datePublished\":\"2024-11-28T18:16:57+00:00\",\"description\":\"Rototec Verticale 150L - rainwater tank that allows for effective use of natural resources, minimizing drinking water consumption.\",\"breadcrumb\":{\"@id\":\"https:\/\/xymen.pl\/en\/product\/rototec-verticale-150l-above-ground-rainwater-tank\/#breadcrumb\"},\"inLanguage\":\"en-US\",\"potentialAction\":[{\"@type\":\"ReadAction\",\"target\":[\"https:\/\/xymen.pl\/en\/product\/rototec-verticale-150l-above-ground-rainwater-tank\/\"]}]},{\"@type\":\"ImageObject\",\"inLanguage\":\"en-US\",\"@id\":\"https:\/\/xymen.pl\/en\/product\/rototec-verticale-150l-above-ground-rainwater-tank\/#primaryimage\",\"url\":\"https:\/\/xymen.pl\/wp-content\/uploads\/2024\/11\/99.png\",\"contentUrl\":\"https:\/\/xymen.pl\/wp-content\/uploads\/2024\/11\/99.png\",\"width\":4000,\"height\":4000,\"caption\":\"V150, zbiornik na wod\u0119, zbiornik na wod\u0119 deszczow\u0105, zbiornik na deszcz\u00f3wk\u0119\"},{\"@type\":\"BreadcrumbList\",\"@id\":\"https:\/\/xymen.pl\/en\/product\/rototec-verticale-150l-above-ground-rainwater-tank\/#breadcrumb\",\"itemListElement\":[{\"@type\":\"ListItem\",\"position\":1,\"name\":\"Products\",\"item\":\"https:\/\/xymen.pl\/en\/products\/\"},{\"@type\":\"ListItem\",\"position\":2,\"name\":\"Rototec Verticale 150l Above-Ground Rainwater Tank\"}]},{\"@type\":\"WebSite\",\"@id\":\"https:\/\/xymen.pl\/en\/#website\",\"url\":\"https:\/\/xymen.pl\/en\/\",\"name\":\"XYMEN\",\"description\":\"zbiorniki na deszcz\u00f3wk\u0119 | ekologiczne oczyszczalnie \u015bciek\u00f3w\",\"publisher\":{\"@id\":\"https:\/\/xymen.pl\/en\/#organization\"},\"potentialAction\":[{\"@type\":\"SearchAction\",\"target\":{\"@type\":\"EntryPoint\",\"urlTemplate\":\"https:\/\/xymen.pl\/en\/?s={search_term_string}\"},\"query-input\":{\"@type\":\"PropertyValueSpecification\",\"valueRequired\":true,\"valueName\":\"search_term_string\"}}],\"inLanguage\":\"en-US\"},{\"@type\":\"Organization\",\"@id\":\"https:\/\/xymen.pl\/en\/#organization\",\"name\":\"XYMEN\",\"url\":\"https:\/\/xymen.pl\/en\/\",\"logo\":{\"@type\":\"ImageObject\",\"inLanguage\":\"en-US\",\"@id\":\"https:\/\/xymen.pl\/en\/#\/schema\/logo\/image\/\",\"url\":\"https:\/\/xymen.pl\/wp-content\/uploads\/2023\/02\/xymenpl-logo-1612299642.png\",\"contentUrl\":\"https:\/\/xymen.pl\/wp-content\/uploads\/2023\/02\/xymenpl-logo-1612299642.png\",\"width\":222,\"height\":218,\"caption\":\"XYMEN\"},\"image\":{\"@id\":\"https:\/\/xymen.pl\/en\/#\/schema\/logo\/image\/\"}}]}<\/script>\n<!-- \/ Yoast SEO plugin. -->","yoast_head_json":{"title":"Rototec Verticale 150l Above-Ground Rainwater Tank | XYMEN","description":"Rototec Verticale 150L - rainwater tank that allows for effective use of natural resources, minimizing drinking water consumption.","robots":{"index":"index","follow":"follow","max-snippet":"max-snippet:-1","max-image-preview":"max-image-preview:large","max-video-preview":"max-video-preview:-1"},"canonical":"https:\/\/xymen.pl\/en\/product\/rototec-verticale-150l-above-ground-rainwater-tank\/","og_locale":"en_US","og_type":"article","og_title":"Rototec Verticale 150l Above-Ground Rainwater Tank","og_description":"Rototec Verticale 150L - rainwater tank that allows for effective use of natural resources, minimizing drinking water consumption.","og_url":"https:\/\/xymen.pl\/en\/product\/rototec-verticale-150l-above-ground-rainwater-tank\/","og_site_name":"XYMEN","og_image":[{"url":"https:\/\/xymen.pl\/wp-content\/uploads\/2024\/11\/92-300x300.png","type":"","width":"","height":""}],"twitter_card":"summary_large_image","twitter_title":"Rototec Verticale 150l Above-Ground Rainwater Tank","twitter_description":"Rototec Verticale 150L - rainwater tank that allows for effective use of natural resources, minimizing drinking water consumption.","twitter_image":"https:\/\/xymen.pl\/wp-content\/uploads\/2024\/11\/93-1024x1024.png","twitter_misc":{"Est. reading time":"1 minute"},"schema":{"@context":"https:\/\/schema.org","@graph":[{"@type":"WebPage","@id":"https:\/\/xymen.pl\/en\/product\/rototec-verticale-150l-above-ground-rainwater-tank\/","url":"https:\/\/xymen.pl\/en\/product\/rototec-verticale-150l-above-ground-rainwater-tank\/","name":"Rototec Verticale 150l Above-Ground Rainwater Tank | XYMEN","isPartOf":{"@id":"https:\/\/xymen.pl\/en\/#website"},"primaryImageOfPage":{"@id":"https:\/\/xymen.pl\/en\/product\/rototec-verticale-150l-above-ground-rainwater-tank\/#primaryimage"},"image":{"@id":"https:\/\/xymen.pl\/en\/product\/rototec-verticale-150l-above-ground-rainwater-tank\/#primaryimage"},"thumbnailUrl":"https:\/\/xymen.pl\/wp-content\/uploads\/2024\/11\/99.png","datePublished":"2024-11-28T18:16:57+00:00","description":"Rototec Verticale 150L - rainwater tank that allows for effective use of natural resources, minimizing drinking water consumption.","breadcrumb":{"@id":"https:\/\/xymen.pl\/en\/product\/rototec-verticale-150l-above-ground-rainwater-tank\/#breadcrumb"},"inLanguage":"en-US","potentialAction":[{"@type":"ReadAction","target":["https:\/\/xymen.pl\/en\/product\/rototec-verticale-150l-above-ground-rainwater-tank\/"]}]},{"@type":"ImageObject","inLanguage":"en-US","@id":"https:\/\/xymen.pl\/en\/product\/rototec-verticale-150l-above-ground-rainwater-tank\/#primaryimage","url":"https:\/\/xymen.pl\/wp-content\/uploads\/2024\/11\/99.png","contentUrl":"https:\/\/xymen.pl\/wp-content\/uploads\/2024\/11\/99.png","width":4000,"height":4000,"caption":"V150, zbiornik na wod\u0119, zbiornik na wod\u0119 deszczow\u0105, zbiornik na deszcz\u00f3wk\u0119"},{"@type":"BreadcrumbList","@id":"https:\/\/xymen.pl\/en\/product\/rototec-verticale-150l-above-ground-rainwater-tank\/#breadcrumb","itemListElement":[{"@type":"ListItem","position":1,"name":"Products","item":"https:\/\/xymen.pl\/en\/products\/"},{"@type":"ListItem","position":2,"name":"Rototec Verticale 150l Above-Ground Rainwater Tank"}]},{"@type":"WebSite","@id":"https:\/\/xymen.pl\/en\/#website","url":"https:\/\/xymen.pl\/en\/","name":"XYMEN","description":"zbiorniki na deszcz\u00f3wk\u0119 | ekologiczne oczyszczalnie \u015bciek\u00f3w","publisher":{"@id":"https:\/\/xymen.pl\/en\/#organization"},"potentialAction":[{"@type":"SearchAction","target":{"@type":"EntryPoint","urlTemplate":"https:\/\/xymen.pl\/en\/?s={search_term_string}"},"query-input":{"@type":"PropertyValueSpecification","valueRequired":true,"valueName":"search_term_string"}}],"inLanguage":"en-US"},{"@type":"Organization","@id":"https:\/\/xymen.pl\/en\/#organization","name":"XYMEN","url":"https:\/\/xymen.pl\/en\/","logo":{"@type":"ImageObject","inLanguage":"en-US","@id":"https:\/\/xymen.pl\/en\/#\/schema\/logo\/image\/","url":"https:\/\/xymen.pl\/wp-content\/uploads\/2023\/02\/xymenpl-logo-1612299642.png","contentUrl":"https:\/\/xymen.pl\/wp-content\/uploads\/2023\/02\/xymenpl-logo-1612299642.png","width":222,"height":218,"caption":"XYMEN"},"image":{"@id":"https:\/\/xymen.pl\/en\/#\/schema\/logo\/image\/"}}]}},"_links":{"self":[{"href":"https:\/\/xymen.pl\/en\/wp-json\/wp\/v2\/product\/17148","targetHints":{"allow":["GET"]}}],"collection":[{"href":"https:\/\/xymen.pl\/en\/wp-json\/wp\/v2\/product"}],"about":[{"href":"https:\/\/xymen.pl\/en\/wp-json\/wp\/v2\/types\/product"}],"replies":[{"embeddable":true,"href":"https:\/\/xymen.pl\/en\/wp-json\/wp\/v2\/comments?post=17148"}],"wp:featuredmedia":[{"embeddable":true,"href":"https:\/\/xymen.pl\/en\/wp-json\/wp\/v2\/media\/9266"}],"wp:attachment":[{"href":"https:\/\/xymen.pl\/en\/wp-json\/wp\/v2\/media?parent=17148"}],"wp:term":[{"taxonomy":"product_brand","embeddable":true,"href":"https:\/\/xymen.pl\/en\/wp-json\/wp\/v2\/product_brand?post=17148"},{"taxonomy":"product_cat","embeddable":true,"href":"https:\/\/xymen.pl\/en\/wp-json\/wp\/v2\/product_cat?post=17148"},{"taxonomy":"product_tag","embeddable":true,"href":"https:\/\/xymen.pl\/en\/wp-json\/wp\/v2\/product_tag?post=17148"}],"curies":[{"name":"wp","href":"https:\/\/api.w.org\/{rel}","templated":true}]}}