{"id":17370,"date":"2024-11-20T23:38:52","date_gmt":"2024-11-20T22:38:52","guid":{"rendered":"https:\/\/xymen.pl\/produkt\/rewatec-neo-3000l-rainwater-tank\/"},"modified":"2024-11-20T23:38:52","modified_gmt":"2024-11-20T22:38:52","slug":"rewatec-neo-3000l-rainwater-tank","status":"publish","type":"product","link":"https:\/\/xymen.pl\/en\/product\/rewatec-neo-3000l-rainwater-tank\/","title":{"rendered":"REWATEC NEO 3000L rainwater tank"},"content":{"rendered":"<p>&nbsp;<\/p>\n<p><img fetchpriority=\"high\" decoding=\"async\" class=\"alignnone size-medium wp-image-8996\" src=\"https:\/\/xymen.pl\/wp-content\/uploads\/2024\/10\/logo-mpi-300x177.png\" alt=\"\" width=\"300\" height=\"177\" srcset=\"https:\/\/xymen.pl\/wp-content\/uploads\/2024\/10\/logo-mpi-300x177.png 300w, https:\/\/xymen.pl\/wp-content\/uploads\/2024\/10\/logo-mpi-1024x605.png 1024w, https:\/\/xymen.pl\/wp-content\/uploads\/2024\/10\/logo-mpi-768x454.png 768w, https:\/\/xymen.pl\/wp-content\/uploads\/2024\/10\/logo-mpi-600x354.png 600w, https:\/\/xymen.pl\/wp-content\/uploads\/2024\/10\/logo-mpi.png 1229w\" sizes=\"(max-width: 300px) 100vw, 300px\" \/><\/p>\n<h2 class=\"MsoNormal\">Rewatec NEO 3000L rainwater tank &#8211; <b>a flat tank for all ground conditions!<\/b><\/h2>\n<p class=\"MsoNormal\">Tanks NEO can be used both for collecting rainwater and sewage.<\/p>\n<p>The shape of the NEO tank is not accidental &#8211; the designers were inspired by the shape of the shell of the Lodzka snail, which can live at very great depths. Its shell must be able to withstand the high pressure exerted by water, which inspired the creators of the NEO series tanks. Its segmented design and spiral shape allow it to effectively disperse the forces pushing against the tank, which gives it incredible strength. The shape itself is also highly optimized &#8211; allowing for maximum volume with minimal space. The NEO series tanks are also distinguished by the best strength-to-weight ratio on the market, which also saves on assembly equipment as well as transportation.    <\/p>\n<p>The tank is manufactured using rotomoulding technology, which in practice means that it has no welds, seams or other types of joints \u2013 the structure is monolithic and rigid, and rigorous quality control prevents leaks. Products are tested randomly, subjecting them to the same conditions as if they were buried. <\/p>\n<p><img decoding=\"async\" class=\"alignnone size-medium wp-image-9194\" src=\"https:\/\/xymen.pl\/wp-content\/uploads\/2024\/11\/Bild-Flachtank-NEO-Bionikdesign-300x300.jpg\" alt=\"\" width=\"300\" height=\"300\" srcset=\"https:\/\/xymen.pl\/wp-content\/uploads\/2024\/11\/Bild-Flachtank-NEO-Bionikdesign-300x300.jpg 300w, https:\/\/xymen.pl\/wp-content\/uploads\/2024\/11\/Bild-Flachtank-NEO-Bionikdesign-150x150.jpg 150w, https:\/\/xymen.pl\/wp-content\/uploads\/2024\/11\/Bild-Flachtank-NEO-Bionikdesign-768x768.jpg 768w, https:\/\/xymen.pl\/wp-content\/uploads\/2024\/11\/Bild-Flachtank-NEO-Bionikdesign-600x600.jpg 600w, https:\/\/xymen.pl\/wp-content\/uploads\/2024\/11\/Bild-Flachtank-NEO-Bionikdesign-100x100.jpg 100w, https:\/\/xymen.pl\/wp-content\/uploads\/2024\/11\/Bild-Flachtank-NEO-Bionikdesign-50x50.jpg 50w, https:\/\/xymen.pl\/wp-content\/uploads\/2024\/11\/Bild-Flachtank-NEO-Bionikdesign.jpg 800w\" sizes=\"(max-width: 300px) 100vw, 300px\" \/><\/p>\n<p>&nbsp;<\/p>\n<h4><strong>AS MUCH AS 35 YEARS WARRANTY ON THE TANK!<\/strong><\/h4>\n<h4><strong>Technical data:<\/strong><\/h4>\n<table width=\"1024\">\n<tbody>\n<tr>\n<td>Capacity<\/td>\n<td>Length<\/td>\n<td>Height<\/td>\n<td>Szeroko\u015b\u0107<\/td>\n<td>Weight (kg)<\/td>\n<td>Inlet<\/td>\n<td>Exit<\/td>\n<td>Manhole cover (diameter)<\/td>\n<\/tr>\n<tr>\n<td>3,000 L<\/td>\n<td>2340 mm<\/td>\n<td>1050 mm<\/td>\n<td>2340 mm<\/td>\n<td>110<\/td>\n<td>3 x 110 mm<\/td>\n<td>110 mm<\/td>\n<td>600 mm<\/td>\n<\/tr>\n<\/tbody>\n<\/table>\n<h4 class=\"MsoNormal\"><b>The Collected Water Can be Used for:<\/b><\/h4>\n<p class=\"MsoNormal\">&#8211; work related,<\/p>\n<p class=\"MsoNormal\">&#8211; economic and living conditions,<\/p>\n<p class=\"MsoNormal\">&#8211; objectives economic.<\/p>\n<p>Rainwater flowing from the roof is collected by the gutter system and then directed through a downpipe to the tank. The water is cleaned by a fine-mesh basket filter before flowing into the tank (by gravity).  Another option is overflow filters with so-called calm inflow, which prevents mixing of water in the tank, and at the same time aerates the flowing rainwater. <\/p>\n<p class=\"MsoNormal\">By collecting rainwater from roofed surfaces and paved surfaces through drainage systems and then discharging it to the ground within the property, it allows for maintaining the natural water cycle and effective rainwater management.<\/p>\n<p>The tank should be equipped with a superstructure and a manhole cover suitable for the needs of the investment. If you are unsure which option is right for you, please contact us. <\/p>\n<p>&nbsp;<\/p>\n<h4 class=\"MsoNormal\"> <b>NEO series rainwater tanks \u2013 key advantages:<\/b><\/h4>\n<p class=\"MsoNormal\">&#8211; Small installation area<\/p>\n<p class=\"MsoNormal\">&#8211; Very strong MDPE tank<\/p>\n<p class=\"MsoNormal\">&#8211; Battery connection option<\/p>\n<p class=\"MsoNormal\">&#8211; Ability to choose equipment to suit your needs<\/p>\n<p>&#8211; Ground foundation up to 1.5 m<\/p>\n<p>&#8211; Subject to the foundation conditions, passenger and truck traffic (X-Line version) is possible directly above the tank.<\/p>\n<p>&#8211; The tanks have ITB technical approval.<\/p>\n<p>&#8211; Up to 35 years warranty on durability<\/p>\n<p>&#8211; Foundation directly in groundwater groundwater<\/p>\n<p>&#8211; Possibility to purchase a version reinforced X-Line<\/p>\n<p>&#8211; Capacity from 1,500L to 50,000L<\/p>\n<p>&nbsp;<\/p>\n<h4><strong>Examples of additional equipment:<\/strong><\/h4>\n<p class=\"MsoNormal\"><strong>Pompa DIVERTRON 1000:<\/strong><\/p>\n<p>&#8211; DIVELTRON pump with a power of 900W<\/p>\n<p>&#8211; built-in filter,<\/p>\n<p>&#8211; check valve,<\/p>\n<p>&#8211; dry-running protection,<\/p>\n<p>&#8211; pressure switch.<\/p>\n<p class=\"MsoNormal\" style=\"text-align: left;\"><strong>Parameters of the pump:<\/strong><\/p>\n<p>Capacity: 90 l\/m<\/p>\n<p>Lifting height: 36 m<\/p>\n<p>Engine power: 1.2 kW<\/p>\n<p>Voltage: 230V<\/p>\n<p>Pressure connection: 1&#8243;<\/p>\n<p>&nbsp;<\/p>\n<p class=\"MsoNormal\"><img decoding=\"async\" class=\"\" src=\"https:\/\/xymen.pl\/img\/cms\/zbiornik-na-wode-deszczowa-kingspan-6000l-pompa.jpg\" alt=\"\" width=\"298\" height=\"298\"><\/p>\n<p><strong>Water intake well:<\/strong><\/p>\n<p><a href=\"https:\/\/xymen.pl\/akcesoria-do-oczyszczalni\/273-1843-studzienka-poboru-wody-z-zaworem-34.html#\/111-aquabin_studzienka-wersja_hide_zielona\" target=\"_blank\" rel=\"noreferrer noopener\"><img loading=\"lazy\" decoding=\"async\" class=\"\" src=\"https:\/\/xymen.pl\/img\/cms\/studzienka-poboru-wody-z-zaworem-34.jpg\" alt=\"\" width=\"300\" height=\"300\"><\/a><\/p>\n<p><strong>Tank dimensions:<\/strong><\/p>\n<p><img loading=\"lazy\" decoding=\"async\" class=\"alignnone wp-image-9228 size-large\" src=\"https:\/\/xymen.pl\/wp-content\/uploads\/2024\/11\/wymiary-neo-3000-618x1024.png\" alt=\"\" width=\"618\" height=\"1024\" srcset=\"https:\/\/xymen.pl\/wp-content\/uploads\/2024\/11\/wymiary-neo-3000-618x1024.png 618w, https:\/\/xymen.pl\/wp-content\/uploads\/2024\/11\/wymiary-neo-3000-181x300.png 181w, https:\/\/xymen.pl\/wp-content\/uploads\/2024\/11\/wymiary-neo-3000-600x994.png 600w, https:\/\/xymen.pl\/wp-content\/uploads\/2024\/11\/wymiary-neo-3000.png 682w\" sizes=\"(max-width: 618px) 100vw, 618px\" \/><\/p>\n<p>&nbsp;<\/p>\n<p>The tank is manufactured by Rewatec, a global leader in the supply of top-quality rainwater management and sewage products.<\/p>\n","protected":false},"excerpt":{"rendered":"<p>Rewatec NEO 3000L<\/p>\n","protected":false},"featured_media":9187,"comment_status":"open","ping_status":"closed","template":"","meta":{"_acf_changed":false,"_glsr_average":0,"_glsr_ranking":0,"_glsr_reviews":0},"product_brand":[],"product_cat":[360,358,359],"product_tag":[365,352],"class_list":{"0":"post-17370","1":"product","2":"type-product","3":"status-publish","4":"has-post-thumbnail","6":"product_cat-3000-l-en","7":"product_cat-rainwater-tanks","8":"product_cat-underground","9":"product_tag-mpi-en","10":"product_tag-standard-en","12":"first","13":"onbackorder","14":"taxable","15":"shipping-taxable","16":"purchasable","17":"product-type-simple"},"acf":{"xymen_capacity":""},"yoast_head":"<!-- This site is optimized with the Yoast SEO plugin v27.1.1 - https:\/\/yoast.com\/product\/yoast-seo-wordpress\/ -->\n<title>REWATEC NEO 3000L rainwater tank | XYMEN<\/title>\n<meta name=\"description\" content=\"The REWATEC NEO 3000L rainwater tank is the perfect solution for those who want to efficiently use rainwater. Save time and money while caring for the environment!\" \/>\n<meta name=\"robots\" content=\"index, follow, max-snippet:-1, max-image-preview:large, max-video-preview:-1\" \/>\n<link rel=\"canonical\" href=\"https:\/\/xymen.pl\/en\/product\/rewatec-neo-3000l-rainwater-tank\/\" \/>\n<meta property=\"og:locale\" content=\"en_US\" \/>\n<meta property=\"og:type\" content=\"article\" \/>\n<meta property=\"og:title\" content=\"REWATEC NEO 3000L rainwater tank\" \/>\n<meta property=\"og:description\" content=\"The REWATEC NEO 3000L rainwater tank is the perfect solution for those who want to efficiently use rainwater. Save time and money while caring for the environment!\" \/>\n<meta property=\"og:url\" content=\"https:\/\/xymen.pl\/en\/product\/rewatec-neo-3000l-rainwater-tank\/\" \/>\n<meta property=\"og:site_name\" content=\"XYMEN\" \/>\n<meta property=\"og:image\" content=\"https:\/\/xymen.pl\/wp-content\/uploads\/2024\/11\/NEO-3000L-schwarz-blauer-Ring-300x300.png\" \/>\n<meta name=\"twitter:card\" content=\"summary_large_image\" \/>\n<meta name=\"twitter:title\" content=\"REWATEC NEO 3000L rainwater tank\" \/>\n<meta name=\"twitter:description\" content=\"The REWATEC NEO 3000L rainwater tank is the perfect solution for those who want to efficiently use rainwater. Save time and money while caring for the environment!\" \/>\n<meta name=\"twitter:image\" content=\"https:\/\/xymen.pl\/wp-content\/uploads\/2024\/11\/NEO-3000L-schwarz-blauer-Ring-1024x1024.png\" \/>\n<meta name=\"twitter:label1\" content=\"Est. reading time\" \/>\n\t<meta name=\"twitter:data1\" content=\"3 minutes\" \/>\n<script type=\"application\/ld+json\" class=\"yoast-schema-graph\">{\"@context\":\"https:\/\/schema.org\",\"@graph\":[{\"@type\":\"WebPage\",\"@id\":\"https:\/\/xymen.pl\/en\/product\/rewatec-neo-3000l-rainwater-tank\/\",\"url\":\"https:\/\/xymen.pl\/en\/product\/rewatec-neo-3000l-rainwater-tank\/\",\"name\":\"REWATEC NEO 3000L rainwater tank | XYMEN\",\"isPartOf\":{\"@id\":\"https:\/\/xymen.pl\/en\/#website\"},\"primaryImageOfPage\":{\"@id\":\"https:\/\/xymen.pl\/en\/product\/rewatec-neo-3000l-rainwater-tank\/#primaryimage\"},\"image\":{\"@id\":\"https:\/\/xymen.pl\/en\/product\/rewatec-neo-3000l-rainwater-tank\/#primaryimage\"},\"thumbnailUrl\":\"https:\/\/xymen.pl\/wp-content\/uploads\/2024\/11\/NEO-3000L-schwarz-blauer-Ring.png\",\"datePublished\":\"2024-11-20T22:38:52+00:00\",\"description\":\"The REWATEC NEO 3000L rainwater tank is the perfect solution for those who want to efficiently use rainwater. Save time and money while caring for the environment!\",\"breadcrumb\":{\"@id\":\"https:\/\/xymen.pl\/en\/product\/rewatec-neo-3000l-rainwater-tank\/#breadcrumb\"},\"inLanguage\":\"en-US\",\"potentialAction\":[{\"@type\":\"ReadAction\",\"target\":[\"https:\/\/xymen.pl\/en\/product\/rewatec-neo-3000l-rainwater-tank\/\"]}]},{\"@type\":\"ImageObject\",\"inLanguage\":\"en-US\",\"@id\":\"https:\/\/xymen.pl\/en\/product\/rewatec-neo-3000l-rainwater-tank\/#primaryimage\",\"url\":\"https:\/\/xymen.pl\/wp-content\/uploads\/2024\/11\/NEO-3000L-schwarz-blauer-Ring.png\",\"contentUrl\":\"https:\/\/xymen.pl\/wp-content\/uploads\/2024\/11\/NEO-3000L-schwarz-blauer-Ring.png\",\"width\":4000,\"height\":4000,\"caption\":\"rewatec neo 3000l, zbiornik na wod\u0119, zbiornik na wod\u0119 deszczow\u0105, zbiornik na deszcz\u00f3wk\u0119\"},{\"@type\":\"BreadcrumbList\",\"@id\":\"https:\/\/xymen.pl\/en\/product\/rewatec-neo-3000l-rainwater-tank\/#breadcrumb\",\"itemListElement\":[{\"@type\":\"ListItem\",\"position\":1,\"name\":\"Products\",\"item\":\"https:\/\/xymen.pl\/en\/products\/\"},{\"@type\":\"ListItem\",\"position\":2,\"name\":\"REWATEC NEO 3000L rainwater tank\"}]},{\"@type\":\"WebSite\",\"@id\":\"https:\/\/xymen.pl\/en\/#website\",\"url\":\"https:\/\/xymen.pl\/en\/\",\"name\":\"XYMEN\",\"description\":\"zbiorniki na deszcz\u00f3wk\u0119 | ekologiczne oczyszczalnie \u015bciek\u00f3w\",\"publisher\":{\"@id\":\"https:\/\/xymen.pl\/en\/#organization\"},\"potentialAction\":[{\"@type\":\"SearchAction\",\"target\":{\"@type\":\"EntryPoint\",\"urlTemplate\":\"https:\/\/xymen.pl\/en\/?s={search_term_string}\"},\"query-input\":{\"@type\":\"PropertyValueSpecification\",\"valueRequired\":true,\"valueName\":\"search_term_string\"}}],\"inLanguage\":\"en-US\"},{\"@type\":\"Organization\",\"@id\":\"https:\/\/xymen.pl\/en\/#organization\",\"name\":\"XYMEN\",\"url\":\"https:\/\/xymen.pl\/en\/\",\"logo\":{\"@type\":\"ImageObject\",\"inLanguage\":\"en-US\",\"@id\":\"https:\/\/xymen.pl\/en\/#\/schema\/logo\/image\/\",\"url\":\"https:\/\/xymen.pl\/wp-content\/uploads\/2023\/02\/xymenpl-logo-1612299642.png\",\"contentUrl\":\"https:\/\/xymen.pl\/wp-content\/uploads\/2023\/02\/xymenpl-logo-1612299642.png\",\"width\":222,\"height\":218,\"caption\":\"XYMEN\"},\"image\":{\"@id\":\"https:\/\/xymen.pl\/en\/#\/schema\/logo\/image\/\"}}]}<\/script>\n<!-- \/ Yoast SEO plugin. -->","yoast_head_json":{"title":"REWATEC NEO 3000L rainwater tank | XYMEN","description":"The REWATEC NEO 3000L rainwater tank is the perfect solution for those who want to efficiently use rainwater. Save time and money while caring for the environment!","robots":{"index":"index","follow":"follow","max-snippet":"max-snippet:-1","max-image-preview":"max-image-preview:large","max-video-preview":"max-video-preview:-1"},"canonical":"https:\/\/xymen.pl\/en\/product\/rewatec-neo-3000l-rainwater-tank\/","og_locale":"en_US","og_type":"article","og_title":"REWATEC NEO 3000L rainwater tank","og_description":"The REWATEC NEO 3000L rainwater tank is the perfect solution for those who want to efficiently use rainwater. Save time and money while caring for the environment!","og_url":"https:\/\/xymen.pl\/en\/product\/rewatec-neo-3000l-rainwater-tank\/","og_site_name":"XYMEN","og_image":[{"url":"https:\/\/xymen.pl\/wp-content\/uploads\/2024\/11\/NEO-3000L-schwarz-blauer-Ring-300x300.png","type":"","width":"","height":""}],"twitter_card":"summary_large_image","twitter_title":"REWATEC NEO 3000L rainwater tank","twitter_description":"The REWATEC NEO 3000L rainwater tank is the perfect solution for those who want to efficiently use rainwater. Save time and money while caring for the environment!","twitter_image":"https:\/\/xymen.pl\/wp-content\/uploads\/2024\/11\/NEO-3000L-schwarz-blauer-Ring-1024x1024.png","twitter_misc":{"Est. reading time":"3 minutes"},"schema":{"@context":"https:\/\/schema.org","@graph":[{"@type":"WebPage","@id":"https:\/\/xymen.pl\/en\/product\/rewatec-neo-3000l-rainwater-tank\/","url":"https:\/\/xymen.pl\/en\/product\/rewatec-neo-3000l-rainwater-tank\/","name":"REWATEC NEO 3000L rainwater tank | XYMEN","isPartOf":{"@id":"https:\/\/xymen.pl\/en\/#website"},"primaryImageOfPage":{"@id":"https:\/\/xymen.pl\/en\/product\/rewatec-neo-3000l-rainwater-tank\/#primaryimage"},"image":{"@id":"https:\/\/xymen.pl\/en\/product\/rewatec-neo-3000l-rainwater-tank\/#primaryimage"},"thumbnailUrl":"https:\/\/xymen.pl\/wp-content\/uploads\/2024\/11\/NEO-3000L-schwarz-blauer-Ring.png","datePublished":"2024-11-20T22:38:52+00:00","description":"The REWATEC NEO 3000L rainwater tank is the perfect solution for those who want to efficiently use rainwater. Save time and money while caring for the environment!","breadcrumb":{"@id":"https:\/\/xymen.pl\/en\/product\/rewatec-neo-3000l-rainwater-tank\/#breadcrumb"},"inLanguage":"en-US","potentialAction":[{"@type":"ReadAction","target":["https:\/\/xymen.pl\/en\/product\/rewatec-neo-3000l-rainwater-tank\/"]}]},{"@type":"ImageObject","inLanguage":"en-US","@id":"https:\/\/xymen.pl\/en\/product\/rewatec-neo-3000l-rainwater-tank\/#primaryimage","url":"https:\/\/xymen.pl\/wp-content\/uploads\/2024\/11\/NEO-3000L-schwarz-blauer-Ring.png","contentUrl":"https:\/\/xymen.pl\/wp-content\/uploads\/2024\/11\/NEO-3000L-schwarz-blauer-Ring.png","width":4000,"height":4000,"caption":"rewatec neo 3000l, zbiornik na wod\u0119, zbiornik na wod\u0119 deszczow\u0105, zbiornik na deszcz\u00f3wk\u0119"},{"@type":"BreadcrumbList","@id":"https:\/\/xymen.pl\/en\/product\/rewatec-neo-3000l-rainwater-tank\/#breadcrumb","itemListElement":[{"@type":"ListItem","position":1,"name":"Products","item":"https:\/\/xymen.pl\/en\/products\/"},{"@type":"ListItem","position":2,"name":"REWATEC NEO 3000L rainwater tank"}]},{"@type":"WebSite","@id":"https:\/\/xymen.pl\/en\/#website","url":"https:\/\/xymen.pl\/en\/","name":"XYMEN","description":"zbiorniki na deszcz\u00f3wk\u0119 | ekologiczne oczyszczalnie \u015bciek\u00f3w","publisher":{"@id":"https:\/\/xymen.pl\/en\/#organization"},"potentialAction":[{"@type":"SearchAction","target":{"@type":"EntryPoint","urlTemplate":"https:\/\/xymen.pl\/en\/?s={search_term_string}"},"query-input":{"@type":"PropertyValueSpecification","valueRequired":true,"valueName":"search_term_string"}}],"inLanguage":"en-US"},{"@type":"Organization","@id":"https:\/\/xymen.pl\/en\/#organization","name":"XYMEN","url":"https:\/\/xymen.pl\/en\/","logo":{"@type":"ImageObject","inLanguage":"en-US","@id":"https:\/\/xymen.pl\/en\/#\/schema\/logo\/image\/","url":"https:\/\/xymen.pl\/wp-content\/uploads\/2023\/02\/xymenpl-logo-1612299642.png","contentUrl":"https:\/\/xymen.pl\/wp-content\/uploads\/2023\/02\/xymenpl-logo-1612299642.png","width":222,"height":218,"caption":"XYMEN"},"image":{"@id":"https:\/\/xymen.pl\/en\/#\/schema\/logo\/image\/"}}]}},"_links":{"self":[{"href":"https:\/\/xymen.pl\/en\/wp-json\/wp\/v2\/product\/17370","targetHints":{"allow":["GET"]}}],"collection":[{"href":"https:\/\/xymen.pl\/en\/wp-json\/wp\/v2\/product"}],"about":[{"href":"https:\/\/xymen.pl\/en\/wp-json\/wp\/v2\/types\/product"}],"replies":[{"embeddable":true,"href":"https:\/\/xymen.pl\/en\/wp-json\/wp\/v2\/comments?post=17370"}],"wp:featuredmedia":[{"embeddable":true,"href":"https:\/\/xymen.pl\/en\/wp-json\/wp\/v2\/media\/9187"}],"wp:attachment":[{"href":"https:\/\/xymen.pl\/en\/wp-json\/wp\/v2\/media?parent=17370"}],"wp:term":[{"taxonomy":"product_brand","embeddable":true,"href":"https:\/\/xymen.pl\/en\/wp-json\/wp\/v2\/product_brand?post=17370"},{"taxonomy":"product_cat","embeddable":true,"href":"https:\/\/xymen.pl\/en\/wp-json\/wp\/v2\/product_cat?post=17370"},{"taxonomy":"product_tag","embeddable":true,"href":"https:\/\/xymen.pl\/en\/wp-json\/wp\/v2\/product_tag?post=17370"}],"curies":[{"name":"wp","href":"https:\/\/api.w.org\/{rel}","templated":true}]}}