{"id":17407,"date":"2023-03-24T10:52:45","date_gmt":"2023-03-24T09:52:45","guid":{"rendered":"https:\/\/xymen.pl\/produkt\/metria-soft-sbr-4-domestic-sewage-treatment-plant\/"},"modified":"2023-03-24T10:52:45","modified_gmt":"2023-03-24T09:52:45","slug":"metria-soft-sbr-4-domestic-sewage-treatment-plant","status":"publish","type":"product","link":"https:\/\/xymen.pl\/en\/product\/metria-soft-sbr-4-domestic-sewage-treatment-plant\/","title":{"rendered":"METRIA SOFT SBR 4 domestic sewage treatment plant"},"content":{"rendered":"<p>&nbsp;<\/p>\n<p class=\"MsoNormal\"><img fetchpriority=\"high\" decoding=\"async\" class=\"alignnone size-medium wp-image-3391\" src=\"https:\/\/xymen.pl\/wp-content\/uploads\/2023\/03\/3-300x212.png\" alt=\"\" width=\"300\" height=\"212\" srcset=\"https:\/\/xymen.pl\/wp-content\/uploads\/2023\/03\/3-300x212.png 300w, https:\/\/xymen.pl\/wp-content\/uploads\/2023\/03\/3-1024x723.png 1024w, https:\/\/xymen.pl\/wp-content\/uploads\/2023\/03\/3-768x542.png 768w, https:\/\/xymen.pl\/wp-content\/uploads\/2023\/03\/3-1536x1084.png 1536w, https:\/\/xymen.pl\/wp-content\/uploads\/2023\/03\/3-600x423.png 600w, https:\/\/xymen.pl\/wp-content\/uploads\/2023\/03\/3.png 2008w\" sizes=\"(max-width: 300px) 100vw, 300px\" \/><\/p>\n<h2 class=\"MsoNormal\"><b>METRIA SOFT SBR<\/b> home biological sewage treatment plant with a capacity of 2000L, designed for a maximum of 4 people.<\/h2>\n<p class=\"MsoNormal\">The SOFT SBR treatment plant is used to treat domestic wastewater.<\/p>\n<p class=\"MsoNormal\">This treatment plant operates using process-based wastewater treatment technology. The treatment process consists of several sequential steps controlled by a computer, which is responsible for aeration, sedimentation, and floatation, as well as pumping the wastewater through a mammoth pump. The treated wastewater can be discharged into the environment.  <\/p>\n<p>The tanks are manufactured from high-quality PEHD plastic using the rotomolding method (a plastic molding technique (the rotational molding mold is divided into two or more parts, filled with plastic powder or granulate, then placed in an oven, where the powder turns into a liquid state and thanks to the rotating mold, a monolithic tank is obtained) manufactured in accordance with the PN-EN 12566-3+a2:2013 standard, which guarantees high quality, tightness and durability of the tank.<\/p>\n<p><strong>TREATMENT PLANT DIAGRAM:<br \/>\n<\/strong><\/p>\n<p class=\"MsoNormal\"><strong>  1. Treatment plant tank &#8211; biological reactor<\/strong><\/p>\n<p class=\"MsoNormal\"><strong>  2. Diffuser <\/strong><\/p>\n<p class=\"MsoNormal\"><strong>  3. Wastewater treatment plant controller<\/strong><\/p>\n<p class=\"MsoNormal\" style=\"text-align: left;\"><strong>  4. Aeration blower<\/strong><\/p>\n<p class=\"MsoNormal\" style=\"text-align: left;\"><strong>  5. Mammoth pump<\/strong><\/p>\n<p class=\"MsoNormal\" style=\"text-align: left;\"><strong>  6. Clarification chamber &#8211; secondary settling tank <\/strong><\/p>\n<p class=\"MsoNormal\" style=\"text-align: left;\"><strong>  7. Partition<\/strong><\/p>\n<p class=\"MsoNormal\" style=\"text-align: left;\"><strong>  8. Sewage inflow<\/strong><\/p>\n<p style=\"text-align: left;\"><strong>9. Outflow of treated sewage<\/strong><\/p>\n<p style=\"text-align: left;\"><strong><img decoding=\"async\" class=\"alignnone wp-image-13499 size-large\" src=\"https:\/\/xymen.pl\/wp-content\/uploads\/2025\/06\/SOFT_sbr_2024_metria_2-1024x936.webp\" alt=\"\" width=\"800\" height=\"731\" srcset=\"https:\/\/xymen.pl\/wp-content\/uploads\/2025\/06\/SOFT_sbr_2024_metria_2-1024x936.webp 1024w, https:\/\/xymen.pl\/wp-content\/uploads\/2025\/06\/SOFT_sbr_2024_metria_2-300x274.webp 300w, https:\/\/xymen.pl\/wp-content\/uploads\/2025\/06\/SOFT_sbr_2024_metria_2-768x702.webp 768w, https:\/\/xymen.pl\/wp-content\/uploads\/2025\/06\/SOFT_sbr_2024_metria_2-1536x1404.webp 1536w, https:\/\/xymen.pl\/wp-content\/uploads\/2025\/06\/SOFT_sbr_2024_metria_2-2048x1871.webp 2048w, https:\/\/xymen.pl\/wp-content\/uploads\/2025\/06\/SOFT_sbr_2024_metria_2-600x548.webp 600w\" sizes=\"(max-width: 800px) 100vw, 800px\" \/>     <\/strong><\/p>\n<p class=\"MsoNormal\">The SOFT SBR treatment plant combines two technologies: the simplicity of flow-through solutions and the sequential treatment system found in SBR treatment plants. The SOFT SBR treatment plant operates using batch-based wastewater treatment (SBR). The treatment process consists of several sequential sequences controlled by a control computer that manages aeration, sedimentation, and flotation, as well as wastewater pumping via an airlift pump. The SOFT SBR treatment plant is designed for the treatment of domestic wastewater. Treated wastewater can be discharged into the environment.    <\/p>\n<p class=\"MsoNormal\">Wastewater treatment at SOFT SBR takes place in three stages:<\/p>\n<p class=\"MsoNormal\">Phase 1 &#8211; The wastewater is aerated using a diffuser, creating activated sludge (bacteria aggregated into flocs) that mixes with subsequent portions of the wastewater. Through a controlled aeration process, the wastewater undergoes treatment. <\/p>\n<p class=\"MsoNormal\">Phase 2 &#8211; The controller turns off aeration to allow the wastewater to &#8220;settle.&#8221; A separation process occurs in the tank. Pollutants lighter than water float to the surface, while heavier pollutants sink to the bottom, creating a layer of sediment.  <\/p>\n<p class=\"MsoNormal\">Phase 3 &#8211; In this stage, the pump discharges the treated wastewater from the tank into the infiltration system. The system is designed to eliminate any substances floating on the surface or bottom, only the treated wastewater contained between these layers. <\/p>\n<p><strong>Advantages of the SOFT SBR treatment plant:<\/strong><\/p>\n<p class=\"MsoNormal\"><strong>&#8211; <\/strong>heavily ribbed construction guarantees resistance to ground forces<\/p>\n<p class=\"MsoNormal\">&#8211; small dimensions<\/p>\n<p class=\"MsoNormal\">&#8211; uniform and stable wastewater treatment thanks to which we achieve a higher reduction of pollutants contained in wastewater<\/p>\n<p class=\"MsoNormal\">&#8211; no addition of biopreparations<\/p>\n<p class=\"MsoNormal\">&#8211; low electricity consumption<\/p>\n<p>&#8211; installation in difficult ground conditions<\/p>\n<p>&#8211; removal of sludge once every 12-24 months<\/p>\n<p>&#8211; does not emit unpleasant odors like a traditional cesspool<\/p>\n<p>&#8211; 30-year warranty<\/p>\n<p><b>The treatment plant includes:<\/b><\/p>\n<p class=\"MsoNormal\">&#8211; Metria Soft SBR treatment plant tank<\/p>\n<p class=\"MsoNormal\">&#8211; Controller housing with control unit and cover<\/p>\n<p class=\"MsoNormal\">&#8211; Extension<\/p>\n<p class=\"MsoNormal\">DN 600 H-0,5m<\/p>\n<p><b>The treatment plant with a 36m drainage system includes:<\/b><\/p>\n<p class=\"MsoNormal\">&#8211; Gray PVC pipe DN 110, 1m \u2013 6 pcs.<\/p>\n<p class=\"MsoNormal\">&#8211; Distribution manhole DN 400, H-0.7m <strong>or<\/strong> DN 400, H-0.5m <strong>or<\/strong> DN 400, H-1.1m \u2013 1 pc.<\/p>\n<p class=\"MsoNormal\">&#8211; PVC elbow DN 110 87 \u00b0 gray &#8211; 5 pcs.<\/p>\n<p class=\"MsoNormal\">&#8211; PVC drainage pipes DN 110 gray 2m &#8211; 18 pcs.<\/p>\n<p class=\"MsoNormal\">&#8211; Vent pipe \u2013 3 pcs.<\/p>\n<p class=\"MsoNormal\">&#8211; Geotextile width 0.5m &#8211; 37mb<\/p>\n<p><b>Treatment plant with 150L tunnel infiltration system includes:<\/b><\/p>\n<p class=\"MsoNormal\">&#8211; Gray PVC pipe DN 110, 1m \u2013 3 pcs.<\/p>\n<p class=\"MsoNormal\">&#8211; Distribution manhole DN 400, H-0.7m \u2013 1 pc.<\/p>\n<p class=\"MsoNormal\">&#8211; Gray PVC elbow DN 110, 87\u00b0 \u2013 1 pc.<\/p>\n<p class=\"MsoNormal\">&#8211; 150L drainage tunnels &#8211; 6 pcs.<\/p>\n<p class=\"MsoNormal\">&#8211; PVC drainage pipes DN 110 gray 2m &#8211; 3 pcs.<\/p>\n<p class=\"MsoNormal\">&#8211; Ventilation chimney \u2013 1 pc<\/p>\n<p class=\"MsoNormal\">&#8211; Geotextile 2m wide &#8211; 6m<\/p>\n<p><b>The 300l tunnel infiltration treatment plant includes:<\/b><\/p>\n<p class=\"MsoNormal\">&#8211; Gray PVC pipe DN 110, 1m \u2013 3 pcs.<\/p>\n<p class=\"MsoNormal\">&#8211; Distribution manhole DN 400, H-0.7m \u2013 1 pc.<\/p>\n<p class=\"MsoNormal\">&#8211; Gray PVC elbow DN 110, 87\u00b0 \u2013 1 pc.<\/p>\n<p class=\"MsoNormal\">&#8211; 300L drainage tunnels &#8211; 4 pcs.<\/p>\n<p class=\"MsoNormal\">&#8211; Ventilation chimney \u2013 1 pc<\/p>\n<p class=\"MsoNormal\">&#8211; Geotextile 2m wide &#8211; 6m<\/p>\n<p><b>Treatment plant with soakaway pit includes:<\/b><\/p>\n<p class=\"MsoNormal\">&#8211; Absorbent well DN 600 H-1m perforated with side drainage holes<\/p>\n<p class=\"MsoNormal\">&#8211; DN 600 cover in green color<\/p>\n<p class=\"MsoNormal\">&#8211; Geotextile 2m x 2m<\/p>\n<h5>Technical data:<\/h5>\n<p>Capacity: 2000L<\/p>\n<p>Number of inhabitants: 4 people<\/p>\n<p>Length: 1600mm<\/p>\n<p>Width: 1400mm<\/p>\n<p>Height: 1600mm<\/p>\n<p>Height to inlet: 1370mm<\/p>\n<p>Height to outlet: 1310mm<\/p>\n<p>Inlet diameter: 160mm<\/p>\n<p>Outlet diameter: 110mm<\/p>\n<p>Diameter of the large manhole: 615mm<\/p>\n<p>Diameter of the small hatch: 245mm<\/p>\n<p>Tank weight: 115 kg<\/p>\n<p>Risers for the tank are available:<\/p>\n<p>&#8211; DN 200, height <a href=\"https:\/\/xymen.pl\/en\/produkt\/extension-dn200-h-0-5m\/\">50 cm<\/a> and <a href=\"https:\/\/xymen.pl\/en\/produkt\/extension-dn200-h-1m\/\">100 cm<\/a><\/p>\n<p class=\"MsoNormal\" style=\"margin-top: 0px; margin-bottom: 10px; font-family: Poppins, Arial, Helvetica, sans-serif; font-size: 13px; background-color: #ffffff;\"><img decoding=\"async\" class=\"alignnone size-medium wp-image-1741\" src=\"https:\/\/xymen.pl\/wp-content\/uploads\/2023\/03\/nadstawki-dn200-h05-metria-1-300x300.jpg\" alt=\"extension dn200 h05 meter, domestic sewage treatment plants, biological treatment plant, ecological treatment plant\" width=\"300\" height=\"300\" srcset=\"https:\/\/xymen.pl\/wp-content\/uploads\/2023\/03\/nadstawki-dn200-h05-metria-1-300x300.jpg 300w, https:\/\/xymen.pl\/wp-content\/uploads\/2023\/03\/nadstawki-dn200-h05-metria-1-150x150.jpg 150w, https:\/\/xymen.pl\/wp-content\/uploads\/2023\/03\/nadstawki-dn200-h05-metria-1-768x768.jpg 768w, https:\/\/xymen.pl\/wp-content\/uploads\/2023\/03\/nadstawki-dn200-h05-metria-1-600x600.jpg 600w, https:\/\/xymen.pl\/wp-content\/uploads\/2023\/03\/nadstawki-dn200-h05-metria-1-100x100.jpg 100w, https:\/\/xymen.pl\/wp-content\/uploads\/2023\/03\/nadstawki-dn200-h05-metria-1-50x50.jpg 50w, https:\/\/xymen.pl\/wp-content\/uploads\/2023\/03\/nadstawki-dn200-h05-metria-1.jpg 800w\" sizes=\"(max-width: 300px) 100vw, 300px\" \/><img loading=\"lazy\" decoding=\"async\" class=\"alignnone size-medium wp-image-1756\" src=\"https:\/\/xymen.pl\/wp-content\/uploads\/2023\/03\/nadstawki-dn200-h1-metria-1-300x300.jpg\" alt=\"extension dn200 h1 meter, domestic sewage treatment plants, biological treatment plant, ecological treatment plant\" width=\"300\" height=\"300\" srcset=\"https:\/\/xymen.pl\/wp-content\/uploads\/2023\/03\/nadstawki-dn200-h1-metria-1-300x300.jpg 300w, https:\/\/xymen.pl\/wp-content\/uploads\/2023\/03\/nadstawki-dn200-h1-metria-1-150x150.jpg 150w, https:\/\/xymen.pl\/wp-content\/uploads\/2023\/03\/nadstawki-dn200-h1-metria-1-768x768.jpg 768w, https:\/\/xymen.pl\/wp-content\/uploads\/2023\/03\/nadstawki-dn200-h1-metria-1-600x600.jpg 600w, https:\/\/xymen.pl\/wp-content\/uploads\/2023\/03\/nadstawki-dn200-h1-metria-1-100x100.jpg 100w, https:\/\/xymen.pl\/wp-content\/uploads\/2023\/03\/nadstawki-dn200-h1-metria-1-50x50.jpg 50w, https:\/\/xymen.pl\/wp-content\/uploads\/2023\/03\/nadstawki-dn200-h1-metria-1.jpg 800w\" sizes=\"(max-width: 300px) 100vw, 300px\" \/><\/p>\n<p>&nbsp;<\/p>\n<p>&#8211; DN 600 height <a href=\"https:\/\/xymen.pl\/en\/produkt\/extension-dn600-h-0-5m\/\">50 cm<\/a> and <a href=\"https:\/\/xymen.pl\/en\/produkt\/extension-dn600-h-1m\/\">100 cm<\/a> <\/p>\n<p><img loading=\"lazy\" decoding=\"async\" class=\"alignnone size-medium wp-image-1753\" src=\"https:\/\/xymen.pl\/wp-content\/uploads\/2023\/03\/nadstawka-dn-600-h05-metria-300x300.jpg\" alt=\"extension dn600 h05 meter, domestic sewage treatment plants, biological treatment plant, ecological treatment plant\" width=\"300\" height=\"300\" srcset=\"https:\/\/xymen.pl\/wp-content\/uploads\/2023\/03\/nadstawka-dn-600-h05-metria-300x300.jpg 300w, https:\/\/xymen.pl\/wp-content\/uploads\/2023\/03\/nadstawka-dn-600-h05-metria-150x150.jpg 150w, https:\/\/xymen.pl\/wp-content\/uploads\/2023\/03\/nadstawka-dn-600-h05-metria-768x768.jpg 768w, https:\/\/xymen.pl\/wp-content\/uploads\/2023\/03\/nadstawka-dn-600-h05-metria-600x600.jpg 600w, https:\/\/xymen.pl\/wp-content\/uploads\/2023\/03\/nadstawka-dn-600-h05-metria-100x100.jpg 100w, https:\/\/xymen.pl\/wp-content\/uploads\/2023\/03\/nadstawka-dn-600-h05-metria-50x50.jpg 50w, https:\/\/xymen.pl\/wp-content\/uploads\/2023\/03\/nadstawka-dn-600-h05-metria.jpg 800w\" sizes=\"(max-width: 300px) 100vw, 300px\" \/><img loading=\"lazy\" decoding=\"async\" class=\"alignnone size-medium wp-image-1758\" src=\"https:\/\/xymen.pl\/wp-content\/uploads\/2023\/03\/nadstawka-dn-600-h1-metria-300x300.jpg\" alt=\"extension dn600 h1 meter, domestic sewage treatment plants, biological treatment plant, ecological treatment plant\" width=\"300\" height=\"300\" srcset=\"https:\/\/xymen.pl\/wp-content\/uploads\/2023\/03\/nadstawka-dn-600-h1-metria-300x300.jpg 300w, https:\/\/xymen.pl\/wp-content\/uploads\/2023\/03\/nadstawka-dn-600-h1-metria-150x150.jpg 150w, https:\/\/xymen.pl\/wp-content\/uploads\/2023\/03\/nadstawka-dn-600-h1-metria-768x768.jpg 768w, https:\/\/xymen.pl\/wp-content\/uploads\/2023\/03\/nadstawka-dn-600-h1-metria-600x600.jpg 600w, https:\/\/xymen.pl\/wp-content\/uploads\/2023\/03\/nadstawka-dn-600-h1-metria-100x100.jpg 100w, https:\/\/xymen.pl\/wp-content\/uploads\/2023\/03\/nadstawka-dn-600-h1-metria-50x50.jpg 50w, https:\/\/xymen.pl\/wp-content\/uploads\/2023\/03\/nadstawka-dn-600-h1-metria.jpg 800w\" sizes=\"(max-width: 300px) 100vw, 300px\" \/><\/p>\n<p>For safe operation of the device, a <a href=\"https:\/\/xymen.pl\/produkt\/skrzynka-z-bezpiecznikami-ip-65\/\" target=\"_blank\" rel=\"noreferrer noopener\">fuse box<\/a> must be installed.<\/p>\n<p><strong><img loading=\"lazy\" decoding=\"async\" class=\"alignnone size-medium wp-image-2124\" src=\"https:\/\/xymen.pl\/wp-content\/uploads\/2023\/03\/skrzynka-z-bezpiecznikami-ip-68-225x300.png\" alt=\"fuse box IP 68\" width=\"225\" height=\"300\" srcset=\"https:\/\/xymen.pl\/wp-content\/uploads\/2023\/03\/skrzynka-z-bezpiecznikami-ip-68-225x300.png 225w, https:\/\/xymen.pl\/wp-content\/uploads\/2023\/03\/skrzynka-z-bezpiecznikami-ip-68-769x1024.png 769w, https:\/\/xymen.pl\/wp-content\/uploads\/2023\/03\/skrzynka-z-bezpiecznikami-ip-68-768x1023.png 768w, https:\/\/xymen.pl\/wp-content\/uploads\/2023\/03\/skrzynka-z-bezpiecznikami-ip-68-1153x1536.png 1153w, https:\/\/xymen.pl\/wp-content\/uploads\/2023\/03\/skrzynka-z-bezpiecznikami-ip-68-600x799.png 600w, https:\/\/xymen.pl\/wp-content\/uploads\/2023\/03\/skrzynka-z-bezpiecznikami-ip-68.png 1400w\" sizes=\"(max-width: 225px) 100vw, 225px\" \/><\/strong><\/p>\n<p class=\"MsoNormal\"><strong>The tank has a CE ITB Certificate, a shortened installation manual, and guidelines for assembly and operation. <\/strong><\/p>\n<p class=\"MsoNormal\"><strong>Installation on the premises throughout the country by professional teams of installers &#8211; agreed upon individually.<\/strong><\/p>\n<p class=\"MsoNormal\"><strong>Do you have questions? Call us, and we&#8217;ll advise you on the best solution for you. <\/strong><\/p>\n","protected":false},"excerpt":{"rendered":"<p>METRIA SOFT SBR 4 domestic sewage treatment plant<\/p>\n","protected":false},"featured_media":1907,"comment_status":"open","ping_status":"closed","template":"","meta":{"_acf_changed":false,"_glsr_average":0,"_glsr_ranking":0,"_glsr_reviews":0},"product_brand":[],"product_cat":[345,441,487],"product_tag":[378,381,104,538],"class_list":{"0":"post-17407","1":"product","2":"type-product","3":"status-publish","4":"has-post-thumbnail","6":"product_cat-biological-treatment-plants","7":"product_cat-metria-en","8":"product_cat-sbr-soft-en","9":"product_tag-metria-en","10":"product_tag-with-variants","11":"product_tag-z-wariantami","12":"product_tag-z-wariantami-en","14":"first","15":"instock","16":"taxable","17":"shipping-taxable","18":"purchasable","19":"product-type-variable","20":"has-default-attributes"},"acf":{"xymen_capacity":""},"yoast_head":"<!-- This site is optimized with the Yoast SEO plugin v27.1.1 - https:\/\/yoast.com\/product\/yoast-seo-wordpress\/ -->\n<title>METRIA SOFT SBR 4 domestic sewage treatment plant | XYMEN<\/title>\n<meta name=\"description\" content=\"METRIA SOFT SBR 4 domestic sewage treatment plant\" \/>\n<meta name=\"robots\" content=\"index, follow, max-snippet:-1, max-image-preview:large, max-video-preview:-1\" \/>\n<link rel=\"canonical\" href=\"https:\/\/xymen.pl\/en\/product\/metria-soft-sbr-4-domestic-sewage-treatment-plant\/\" \/>\n<meta property=\"og:locale\" content=\"en_US\" \/>\n<meta property=\"og:type\" content=\"article\" \/>\n<meta property=\"og:title\" content=\"METRIA SOFT SBR 4 domestic sewage treatment plant\" \/>\n<meta property=\"og:description\" content=\"Install the METRIA SOFT SBR 4 and enjoy clean, clear water without worrying about the environment. Its advanced purification technologies and intelligent control system ensure effective contaminant removal, ensuring clean water for the whole family.\" \/>\n<meta property=\"og:url\" content=\"https:\/\/xymen.pl\/en\/product\/metria-soft-sbr-4-domestic-sewage-treatment-plant\/\" \/>\n<meta property=\"og:site_name\" content=\"XYMEN\" \/>\n<meta property=\"og:image\" content=\"https:\/\/xymen.pl\/wp-content\/uploads\/2023\/03\/oczyszczalnia-biologiczna-metria-soft-sbr-4-4-300x300.jpg\" \/>\n<meta name=\"twitter:card\" content=\"summary_large_image\" \/>\n<meta name=\"twitter:title\" content=\"METRIA SOFT SBR 4 domestic sewage treatment plant\" \/>\n<meta name=\"twitter:description\" content=\"Install the METRIA SOFT SBR 4 and enjoy clean, clear water without worrying about the environment. Its advanced purification technologies and intelligent control system ensure effective contaminant removal, ensuring clean water for the whole family.\" \/>\n<meta name=\"twitter:image\" content=\"https:\/\/xymen.pl\/wp-content\/uploads\/2023\/03\/oczyszczalnia-biologiczna-metria-soft-sbr-4-4.jpg\" \/>\n<meta name=\"twitter:label1\" content=\"Est. reading time\" \/>\n\t<meta name=\"twitter:data1\" content=\"4 minutes\" \/>\n<script type=\"application\/ld+json\" class=\"yoast-schema-graph\">{\"@context\":\"https:\/\/schema.org\",\"@graph\":[{\"@type\":\"WebPage\",\"@id\":\"https:\/\/xymen.pl\/en\/product\/metria-soft-sbr-4-domestic-sewage-treatment-plant\/\",\"url\":\"https:\/\/xymen.pl\/en\/product\/metria-soft-sbr-4-domestic-sewage-treatment-plant\/\",\"name\":\"METRIA SOFT SBR 4 domestic sewage treatment plant | XYMEN\",\"isPartOf\":{\"@id\":\"https:\/\/xymen.pl\/en\/#website\"},\"primaryImageOfPage\":{\"@id\":\"https:\/\/xymen.pl\/en\/product\/metria-soft-sbr-4-domestic-sewage-treatment-plant\/#primaryimage\"},\"image\":{\"@id\":\"https:\/\/xymen.pl\/en\/product\/metria-soft-sbr-4-domestic-sewage-treatment-plant\/#primaryimage\"},\"thumbnailUrl\":\"https:\/\/xymen.pl\/wp-content\/uploads\/2023\/03\/oczyszczalnia-biologiczna-metria-soft-sbr-4-4.jpg\",\"datePublished\":\"2023-03-24T09:52:45+00:00\",\"description\":\"METRIA SOFT SBR 4 domestic sewage treatment plant\",\"breadcrumb\":{\"@id\":\"https:\/\/xymen.pl\/en\/product\/metria-soft-sbr-4-domestic-sewage-treatment-plant\/#breadcrumb\"},\"inLanguage\":\"en-US\",\"potentialAction\":[{\"@type\":\"ReadAction\",\"target\":[\"https:\/\/xymen.pl\/en\/product\/metria-soft-sbr-4-domestic-sewage-treatment-plant\/\"]}]},{\"@type\":\"ImageObject\",\"inLanguage\":\"en-US\",\"@id\":\"https:\/\/xymen.pl\/en\/product\/metria-soft-sbr-4-domestic-sewage-treatment-plant\/#primaryimage\",\"url\":\"https:\/\/xymen.pl\/wp-content\/uploads\/2023\/03\/oczyszczalnia-biologiczna-metria-soft-sbr-4-4.jpg\",\"contentUrl\":\"https:\/\/xymen.pl\/wp-content\/uploads\/2023\/03\/oczyszczalnia-biologiczna-metria-soft-sbr-4-4.jpg\",\"width\":800,\"height\":800,\"caption\":\"oczyszczalnia metria soft sbr-4, przydomowe oczyszczalnie \u015bciek\u00f3w, oczyszczalnia biologiczna\"},{\"@type\":\"BreadcrumbList\",\"@id\":\"https:\/\/xymen.pl\/en\/product\/metria-soft-sbr-4-domestic-sewage-treatment-plant\/#breadcrumb\",\"itemListElement\":[{\"@type\":\"ListItem\",\"position\":1,\"name\":\"Products\",\"item\":\"https:\/\/xymen.pl\/en\/products\/\"},{\"@type\":\"ListItem\",\"position\":2,\"name\":\"METRIA SOFT SBR 4 domestic sewage treatment plant\"}]},{\"@type\":\"WebSite\",\"@id\":\"https:\/\/xymen.pl\/en\/#website\",\"url\":\"https:\/\/xymen.pl\/en\/\",\"name\":\"XYMEN\",\"description\":\"zbiorniki na deszcz\u00f3wk\u0119 | ekologiczne oczyszczalnie \u015bciek\u00f3w\",\"publisher\":{\"@id\":\"https:\/\/xymen.pl\/en\/#organization\"},\"potentialAction\":[{\"@type\":\"SearchAction\",\"target\":{\"@type\":\"EntryPoint\",\"urlTemplate\":\"https:\/\/xymen.pl\/en\/?s={search_term_string}\"},\"query-input\":{\"@type\":\"PropertyValueSpecification\",\"valueRequired\":true,\"valueName\":\"search_term_string\"}}],\"inLanguage\":\"en-US\"},{\"@type\":\"Organization\",\"@id\":\"https:\/\/xymen.pl\/en\/#organization\",\"name\":\"XYMEN\",\"url\":\"https:\/\/xymen.pl\/en\/\",\"logo\":{\"@type\":\"ImageObject\",\"inLanguage\":\"en-US\",\"@id\":\"https:\/\/xymen.pl\/en\/#\/schema\/logo\/image\/\",\"url\":\"https:\/\/xymen.pl\/wp-content\/uploads\/2023\/02\/xymenpl-logo-1612299642.png\",\"contentUrl\":\"https:\/\/xymen.pl\/wp-content\/uploads\/2023\/02\/xymenpl-logo-1612299642.png\",\"width\":222,\"height\":218,\"caption\":\"XYMEN\"},\"image\":{\"@id\":\"https:\/\/xymen.pl\/en\/#\/schema\/logo\/image\/\"}}]}<\/script>\n<!-- \/ Yoast SEO plugin. -->","yoast_head_json":{"title":"METRIA SOFT SBR 4 domestic sewage treatment plant | XYMEN","description":"METRIA SOFT SBR 4 domestic sewage treatment plant","robots":{"index":"index","follow":"follow","max-snippet":"max-snippet:-1","max-image-preview":"max-image-preview:large","max-video-preview":"max-video-preview:-1"},"canonical":"https:\/\/xymen.pl\/en\/product\/metria-soft-sbr-4-domestic-sewage-treatment-plant\/","og_locale":"en_US","og_type":"article","og_title":"METRIA SOFT SBR 4 domestic sewage treatment plant","og_description":"Install the METRIA SOFT SBR 4 and enjoy clean, clear water without worrying about the environment. Its advanced purification technologies and intelligent control system ensure effective contaminant removal, ensuring clean water for the whole family.","og_url":"https:\/\/xymen.pl\/en\/product\/metria-soft-sbr-4-domestic-sewage-treatment-plant\/","og_site_name":"XYMEN","og_image":[{"url":"https:\/\/xymen.pl\/wp-content\/uploads\/2023\/03\/oczyszczalnia-biologiczna-metria-soft-sbr-4-4-300x300.jpg","type":"","width":"","height":""}],"twitter_card":"summary_large_image","twitter_title":"METRIA SOFT SBR 4 domestic sewage treatment plant","twitter_description":"Install the METRIA SOFT SBR 4 and enjoy clean, clear water without worrying about the environment. Its advanced purification technologies and intelligent control system ensure effective contaminant removal, ensuring clean water for the whole family.","twitter_image":"https:\/\/xymen.pl\/wp-content\/uploads\/2023\/03\/oczyszczalnia-biologiczna-metria-soft-sbr-4-4.jpg","twitter_misc":{"Est. reading time":"4 minutes"},"schema":{"@context":"https:\/\/schema.org","@graph":[{"@type":"WebPage","@id":"https:\/\/xymen.pl\/en\/product\/metria-soft-sbr-4-domestic-sewage-treatment-plant\/","url":"https:\/\/xymen.pl\/en\/product\/metria-soft-sbr-4-domestic-sewage-treatment-plant\/","name":"METRIA SOFT SBR 4 domestic sewage treatment plant | XYMEN","isPartOf":{"@id":"https:\/\/xymen.pl\/en\/#website"},"primaryImageOfPage":{"@id":"https:\/\/xymen.pl\/en\/product\/metria-soft-sbr-4-domestic-sewage-treatment-plant\/#primaryimage"},"image":{"@id":"https:\/\/xymen.pl\/en\/product\/metria-soft-sbr-4-domestic-sewage-treatment-plant\/#primaryimage"},"thumbnailUrl":"https:\/\/xymen.pl\/wp-content\/uploads\/2023\/03\/oczyszczalnia-biologiczna-metria-soft-sbr-4-4.jpg","datePublished":"2023-03-24T09:52:45+00:00","description":"METRIA SOFT SBR 4 domestic sewage treatment plant","breadcrumb":{"@id":"https:\/\/xymen.pl\/en\/product\/metria-soft-sbr-4-domestic-sewage-treatment-plant\/#breadcrumb"},"inLanguage":"en-US","potentialAction":[{"@type":"ReadAction","target":["https:\/\/xymen.pl\/en\/product\/metria-soft-sbr-4-domestic-sewage-treatment-plant\/"]}]},{"@type":"ImageObject","inLanguage":"en-US","@id":"https:\/\/xymen.pl\/en\/product\/metria-soft-sbr-4-domestic-sewage-treatment-plant\/#primaryimage","url":"https:\/\/xymen.pl\/wp-content\/uploads\/2023\/03\/oczyszczalnia-biologiczna-metria-soft-sbr-4-4.jpg","contentUrl":"https:\/\/xymen.pl\/wp-content\/uploads\/2023\/03\/oczyszczalnia-biologiczna-metria-soft-sbr-4-4.jpg","width":800,"height":800,"caption":"oczyszczalnia metria soft sbr-4, przydomowe oczyszczalnie \u015bciek\u00f3w, oczyszczalnia biologiczna"},{"@type":"BreadcrumbList","@id":"https:\/\/xymen.pl\/en\/product\/metria-soft-sbr-4-domestic-sewage-treatment-plant\/#breadcrumb","itemListElement":[{"@type":"ListItem","position":1,"name":"Products","item":"https:\/\/xymen.pl\/en\/products\/"},{"@type":"ListItem","position":2,"name":"METRIA SOFT SBR 4 domestic sewage treatment plant"}]},{"@type":"WebSite","@id":"https:\/\/xymen.pl\/en\/#website","url":"https:\/\/xymen.pl\/en\/","name":"XYMEN","description":"zbiorniki na deszcz\u00f3wk\u0119 | ekologiczne oczyszczalnie \u015bciek\u00f3w","publisher":{"@id":"https:\/\/xymen.pl\/en\/#organization"},"potentialAction":[{"@type":"SearchAction","target":{"@type":"EntryPoint","urlTemplate":"https:\/\/xymen.pl\/en\/?s={search_term_string}"},"query-input":{"@type":"PropertyValueSpecification","valueRequired":true,"valueName":"search_term_string"}}],"inLanguage":"en-US"},{"@type":"Organization","@id":"https:\/\/xymen.pl\/en\/#organization","name":"XYMEN","url":"https:\/\/xymen.pl\/en\/","logo":{"@type":"ImageObject","inLanguage":"en-US","@id":"https:\/\/xymen.pl\/en\/#\/schema\/logo\/image\/","url":"https:\/\/xymen.pl\/wp-content\/uploads\/2023\/02\/xymenpl-logo-1612299642.png","contentUrl":"https:\/\/xymen.pl\/wp-content\/uploads\/2023\/02\/xymenpl-logo-1612299642.png","width":222,"height":218,"caption":"XYMEN"},"image":{"@id":"https:\/\/xymen.pl\/en\/#\/schema\/logo\/image\/"}}]}},"_links":{"self":[{"href":"https:\/\/xymen.pl\/en\/wp-json\/wp\/v2\/product\/17407","targetHints":{"allow":["GET"]}}],"collection":[{"href":"https:\/\/xymen.pl\/en\/wp-json\/wp\/v2\/product"}],"about":[{"href":"https:\/\/xymen.pl\/en\/wp-json\/wp\/v2\/types\/product"}],"replies":[{"embeddable":true,"href":"https:\/\/xymen.pl\/en\/wp-json\/wp\/v2\/comments?post=17407"}],"wp:featuredmedia":[{"embeddable":true,"href":"https:\/\/xymen.pl\/en\/wp-json\/wp\/v2\/media\/1907"}],"wp:attachment":[{"href":"https:\/\/xymen.pl\/en\/wp-json\/wp\/v2\/media?parent=17407"}],"wp:term":[{"taxonomy":"product_brand","embeddable":true,"href":"https:\/\/xymen.pl\/en\/wp-json\/wp\/v2\/product_brand?post=17407"},{"taxonomy":"product_cat","embeddable":true,"href":"https:\/\/xymen.pl\/en\/wp-json\/wp\/v2\/product_cat?post=17407"},{"taxonomy":"product_tag","embeddable":true,"href":"https:\/\/xymen.pl\/en\/wp-json\/wp\/v2\/product_tag?post=17407"}],"curies":[{"name":"wp","href":"https:\/\/api.w.org\/{rel}","templated":true}]}}