{"id":17414,"date":"2024-10-24T15:07:49","date_gmt":"2024-10-24T13:07:49","guid":{"rendered":"https:\/\/xymen.pl\/?post_type=product&#038;p=17414"},"modified":"2026-04-20T07:54:35","modified_gmt":"2026-04-20T05:54:35","slug":"bamar-tech-5000l-rainwater-tank","status":"publish","type":"product","link":"https:\/\/xymen.pl\/en\/product\/bamar-tech-5000l-rainwater-tank\/","title":{"rendered":"BAMAR-TECH 5000L rainwater tank"},"content":{"rendered":"<p><img decoding=\"async\" class=\"alignnone size-full wp-image-4458\" src=\"https:\/\/xymen.pl\/wp-content\/uploads\/2023\/03\/12.jpg\" alt=\"\" width=\"164\" height=\"110\"><\/p>\n<p>Bamar-Tech 5000L rainwater tank.<\/p>\n<p>Rainwater storage is a very important aspect of caring for the environment. That is why BAMAR-TECH, as one of the leading manufacturers of environmental solutions, presents its rainwater storage tanks. <\/p>\n<p><strong>The tank consists of:<\/strong><\/p>\n<ul>\n<li>5000L tank<\/li>\n<li>inlet pipe DN160<\/li>\n<li>cover DN600<\/li>\n<\/ul>\n<h5>Additionally, you can purchase:<\/h5>\n<p>Rainwater overflow filter<\/p>\n<p>D300 Marseplast<\/p>\n<p data-wp-editing=\"1\">    <a href=\"https:\/\/xymen.pl\/en\/product\/d300-marseplast-rainwater-overflow-filter\/\"><img decoding=\"async\" class=\"alignnone wp-image-6209\" src=\"https:\/\/xymen.pl\/wp-content\/uploads\/2023\/08\/filtrfiltr-dropFilterphotoAid-removed-background-300x241.png\" alt=\"\" width=\"196\" height=\"157\" srcset=\"https:\/\/xymen.pl\/wp-content\/uploads\/2023\/08\/filtrfiltr-dropFilterphotoAid-removed-background-300x241.png 300w, https:\/\/xymen.pl\/wp-content\/uploads\/2023\/08\/filtrfiltr-dropFilterphotoAid-removed-background-1024x822.png 1024w, https:\/\/xymen.pl\/wp-content\/uploads\/2023\/08\/filtrfiltr-dropFilterphotoAid-removed-background-768x616.png 768w, https:\/\/xymen.pl\/wp-content\/uploads\/2023\/08\/filtrfiltr-dropFilterphotoAid-removed-background-1536x1232.png 1536w, https:\/\/xymen.pl\/wp-content\/uploads\/2023\/08\/filtrfiltr-dropFilterphotoAid-removed-background-2048x1643.png 2048w, https:\/\/xymen.pl\/wp-content\/uploads\/2023\/08\/filtrfiltr-dropFilterphotoAid-removed-background-600x481.png 600w\" sizes=\"(max-width: 196px) 100vw, 196px\" \/><\/a><\/p>\n<p data-wp-editing=\"1\">D400 Aquabin<\/p>\n<p data-wp-editing=\"1\"><a href=\"https:\/\/xymen.pl\/en\/product\/d400-aquabin-rainwater-overflow-filter\/\"><img decoding=\"async\" class=\"alignnone wp-image-6210\" src=\"https:\/\/xymen.pl\/wp-content\/uploads\/2023\/08\/filtrAQ01-22-0x470-c-defaultphotoAid-removed-background-298x300.png\" alt=\"\" width=\"190\" height=\"191\" srcset=\"https:\/\/xymen.pl\/wp-content\/uploads\/2023\/08\/filtrAQ01-22-0x470-c-defaultphotoAid-removed-background-298x300.png 298w, https:\/\/xymen.pl\/wp-content\/uploads\/2023\/08\/filtrAQ01-22-0x470-c-defaultphotoAid-removed-background-150x150.png 150w, https:\/\/xymen.pl\/wp-content\/uploads\/2023\/08\/filtrAQ01-22-0x470-c-defaultphotoAid-removed-background-300x300.png 300w, https:\/\/xymen.pl\/wp-content\/uploads\/2023\/08\/filtrAQ01-22-0x470-c-defaultphotoAid-removed-background-100x100.png 100w, https:\/\/xymen.pl\/wp-content\/uploads\/2023\/08\/filtrAQ01-22-0x470-c-defaultphotoAid-removed-background-50x50.png 50w, https:\/\/xymen.pl\/wp-content\/uploads\/2023\/08\/filtrAQ01-22-0x470-c-defaultphotoAid-removed-background.png 467w\" sizes=\"(max-width: 190px) 100vw, 190px\" \/><\/a><\/p>\n<p data-wp-editing=\"1\">Water intake well with 3\/4&#8243; valve<\/p>\n<p data-wp-editing=\"1\"><a href=\"https:\/\/xymen.pl\/en\/product\/water-intake-well-with-3-4-valve\/\"><img loading=\"lazy\" decoding=\"async\" class=\"alignnone size-medium wp-image-6211\" src=\"https:\/\/xymen.pl\/wp-content\/uploads\/2023\/08\/stpoboru2600-2-0x470-c-defaultphotoAid-removed-background-298x300.png\" alt=\"\" width=\"298\" height=\"300\" srcset=\"https:\/\/xymen.pl\/wp-content\/uploads\/2023\/08\/stpoboru2600-2-0x470-c-defaultphotoAid-removed-background-298x300.png 298w, https:\/\/xymen.pl\/wp-content\/uploads\/2023\/08\/stpoboru2600-2-0x470-c-defaultphotoAid-removed-background-150x150.png 150w, https:\/\/xymen.pl\/wp-content\/uploads\/2023\/08\/stpoboru2600-2-0x470-c-defaultphotoAid-removed-background-100x100.png 100w, https:\/\/xymen.pl\/wp-content\/uploads\/2023\/08\/stpoboru2600-2-0x470-c-defaultphotoAid-removed-background-50x50.png 50w, https:\/\/xymen.pl\/wp-content\/uploads\/2023\/08\/stpoboru2600-2-0x470-c-defaultphotoAid-removed-background.png 467w\" sizes=\"(max-width: 298px) 100vw, 298px\" \/><\/a><\/p>\n","protected":false},"excerpt":{"rendered":"<p>Bamar-Tech 5000L rainwater tank.<\/p>\n","protected":false},"featured_media":15357,"comment_status":"open","ping_status":"closed","template":"","meta":{"_acf_changed":false,"_glsr_average":0,"_glsr_ranking":0,"_glsr_reviews":0},"product_brand":[],"product_cat":[431,358,359],"product_tag":[355,352],"class_list":{"0":"post-17414","1":"product","2":"type-product","3":"status-publish","4":"has-post-thumbnail","6":"product_cat-5000-l-en-3","7":"product_cat-rainwater-tanks","8":"product_cat-underground","9":"product_tag-bamartech-en","10":"product_tag-standard-en","12":"first","13":"instock","14":"taxable","15":"shipping-taxable","16":"purchasable","17":"product-type-simple"},"acf":{"xymen_capacity":""},"yoast_head":"<!-- This site is optimized with the Yoast SEO plugin v27.1.1 - https:\/\/yoast.com\/product\/yoast-seo-wordpress\/ -->\n<title>BAMAR-TECH 5000L rainwater tank | XYMEN<\/title>\n<meta name=\"description\" content=\"BAMAR-TECH 5000L Rainwater Tank. Rainwater tank from a Polish manufacturer. Highest quality at a reasonable price.\" \/>\n<meta name=\"robots\" content=\"index, follow, max-snippet:-1, max-image-preview:large, max-video-preview:-1\" \/>\n<link rel=\"canonical\" href=\"https:\/\/xymen.pl\/en\/product\/bamar-tech-5000l-rainwater-tank\/\" \/>\n<meta property=\"og:locale\" content=\"en_US\" \/>\n<meta property=\"og:type\" content=\"article\" \/>\n<meta property=\"og:title\" content=\"Bamar-Tech 5000L rainwater tank.\" \/>\n<meta property=\"og:description\" content=\"BAMAR-TECH 5000L Rainwater Tank. Rainwater tank from a Polish manufacturer. Highest quality at a reasonable price.\" \/>\n<meta property=\"og:url\" content=\"https:\/\/xymen.pl\/en\/product\/bamar-tech-5000l-rainwater-tank\/\" \/>\n<meta property=\"og:site_name\" content=\"XYMEN\" \/>\n<meta property=\"article:modified_time\" content=\"2026-04-20T05:54:35+00:00\" \/>\n<meta property=\"og:image\" content=\"https:\/\/xymen.pl\/wp-content\/uploads\/2024\/10\/Zbiornik-na-paliwo-jak-o-niego-zadbac-7-300x300.png\" \/>\n<meta name=\"twitter:card\" content=\"summary_large_image\" \/>\n<meta name=\"twitter:title\" content=\"Bamar-Tech 5000L rainwater tank.\" \/>\n<meta name=\"twitter:description\" content=\"BAMAR-TECH 5000L Rainwater Tank. Rainwater tank from a Polish manufacturer. Highest quality at a reasonable price.\" \/>\n<meta name=\"twitter:image\" content=\"https:\/\/xymen.pl\/wp-content\/uploads\/2024\/10\/Zbiornik-na-paliwo-jak-o-niego-zadbac-7-1024x1024.png\" \/>\n<script type=\"application\/ld+json\" class=\"yoast-schema-graph\">{\"@context\":\"https:\/\/schema.org\",\"@graph\":[{\"@type\":\"WebPage\",\"@id\":\"https:\/\/xymen.pl\/en\/product\/bamar-tech-5000l-rainwater-tank\/\",\"url\":\"https:\/\/xymen.pl\/en\/product\/bamar-tech-5000l-rainwater-tank\/\",\"name\":\"BAMAR-TECH 5000L rainwater tank | XYMEN\",\"isPartOf\":{\"@id\":\"https:\/\/xymen.pl\/en\/#website\"},\"primaryImageOfPage\":{\"@id\":\"https:\/\/xymen.pl\/en\/product\/bamar-tech-5000l-rainwater-tank\/#primaryimage\"},\"image\":{\"@id\":\"https:\/\/xymen.pl\/en\/product\/bamar-tech-5000l-rainwater-tank\/#primaryimage\"},\"thumbnailUrl\":\"https:\/\/xymen.pl\/wp-content\/uploads\/2024\/10\/Zbiornik-na-paliwo-jak-o-niego-zadbac-7.png\",\"datePublished\":\"2024-10-24T13:07:49+00:00\",\"dateModified\":\"2026-04-20T05:54:35+00:00\",\"description\":\"BAMAR-TECH 5000L Rainwater Tank. Rainwater tank from a Polish manufacturer. Highest quality at a reasonable price.\",\"breadcrumb\":{\"@id\":\"https:\/\/xymen.pl\/en\/product\/bamar-tech-5000l-rainwater-tank\/#breadcrumb\"},\"inLanguage\":\"en-US\",\"potentialAction\":[{\"@type\":\"ReadAction\",\"target\":[\"https:\/\/xymen.pl\/en\/product\/bamar-tech-5000l-rainwater-tank\/\"]}]},{\"@type\":\"ImageObject\",\"inLanguage\":\"en-US\",\"@id\":\"https:\/\/xymen.pl\/en\/product\/bamar-tech-5000l-rainwater-tank\/#primaryimage\",\"url\":\"https:\/\/xymen.pl\/wp-content\/uploads\/2024\/10\/Zbiornik-na-paliwo-jak-o-niego-zadbac-7.png\",\"contentUrl\":\"https:\/\/xymen.pl\/wp-content\/uploads\/2024\/10\/Zbiornik-na-paliwo-jak-o-niego-zadbac-7.png\",\"width\":1080,\"height\":1080,\"caption\":\"bamar-tech 5000 I, water tank, rainwater tank, rainwater tank\"},{\"@type\":\"BreadcrumbList\",\"@id\":\"https:\/\/xymen.pl\/en\/product\/bamar-tech-5000l-rainwater-tank\/#breadcrumb\",\"itemListElement\":[{\"@type\":\"ListItem\",\"position\":1,\"name\":\"Products\",\"item\":\"https:\/\/xymen.pl\/en\/products\/\"},{\"@type\":\"ListItem\",\"position\":2,\"name\":\"BAMAR-TECH 5000L rainwater tank\"}]},{\"@type\":\"WebSite\",\"@id\":\"https:\/\/xymen.pl\/en\/#website\",\"url\":\"https:\/\/xymen.pl\/en\/\",\"name\":\"XYMEN\",\"description\":\"zbiorniki na deszcz\u00f3wk\u0119 | ekologiczne oczyszczalnie \u015bciek\u00f3w\",\"publisher\":{\"@id\":\"https:\/\/xymen.pl\/en\/#organization\"},\"potentialAction\":[{\"@type\":\"SearchAction\",\"target\":{\"@type\":\"EntryPoint\",\"urlTemplate\":\"https:\/\/xymen.pl\/en\/?s={search_term_string}\"},\"query-input\":{\"@type\":\"PropertyValueSpecification\",\"valueRequired\":true,\"valueName\":\"search_term_string\"}}],\"inLanguage\":\"en-US\"},{\"@type\":\"Organization\",\"@id\":\"https:\/\/xymen.pl\/en\/#organization\",\"name\":\"XYMEN\",\"url\":\"https:\/\/xymen.pl\/en\/\",\"logo\":{\"@type\":\"ImageObject\",\"inLanguage\":\"en-US\",\"@id\":\"https:\/\/xymen.pl\/en\/#\/schema\/logo\/image\/\",\"url\":\"https:\/\/xymen.pl\/wp-content\/uploads\/2023\/02\/xymenpl-logo-1612299642.png\",\"contentUrl\":\"https:\/\/xymen.pl\/wp-content\/uploads\/2023\/02\/xymenpl-logo-1612299642.png\",\"width\":222,\"height\":218,\"caption\":\"XYMEN\"},\"image\":{\"@id\":\"https:\/\/xymen.pl\/en\/#\/schema\/logo\/image\/\"}}]}<\/script>\n<!-- \/ Yoast SEO plugin. -->","yoast_head_json":{"title":"BAMAR-TECH 5000L rainwater tank | XYMEN","description":"BAMAR-TECH 5000L Rainwater Tank. Rainwater tank from a Polish manufacturer. Highest quality at a reasonable price.","robots":{"index":"index","follow":"follow","max-snippet":"max-snippet:-1","max-image-preview":"max-image-preview:large","max-video-preview":"max-video-preview:-1"},"canonical":"https:\/\/xymen.pl\/en\/product\/bamar-tech-5000l-rainwater-tank\/","og_locale":"en_US","og_type":"article","og_title":"Bamar-Tech 5000L rainwater tank.","og_description":"BAMAR-TECH 5000L Rainwater Tank. Rainwater tank from a Polish manufacturer. Highest quality at a reasonable price.","og_url":"https:\/\/xymen.pl\/en\/product\/bamar-tech-5000l-rainwater-tank\/","og_site_name":"XYMEN","article_modified_time":"2026-04-20T05:54:35+00:00","og_image":[{"url":"https:\/\/xymen.pl\/wp-content\/uploads\/2024\/10\/Zbiornik-na-paliwo-jak-o-niego-zadbac-7-300x300.png","type":"","width":"","height":""}],"twitter_card":"summary_large_image","twitter_title":"Bamar-Tech 5000L rainwater tank.","twitter_description":"BAMAR-TECH 5000L Rainwater Tank. Rainwater tank from a Polish manufacturer. Highest quality at a reasonable price.","twitter_image":"https:\/\/xymen.pl\/wp-content\/uploads\/2024\/10\/Zbiornik-na-paliwo-jak-o-niego-zadbac-7-1024x1024.png","schema":{"@context":"https:\/\/schema.org","@graph":[{"@type":"WebPage","@id":"https:\/\/xymen.pl\/en\/product\/bamar-tech-5000l-rainwater-tank\/","url":"https:\/\/xymen.pl\/en\/product\/bamar-tech-5000l-rainwater-tank\/","name":"BAMAR-TECH 5000L rainwater tank | XYMEN","isPartOf":{"@id":"https:\/\/xymen.pl\/en\/#website"},"primaryImageOfPage":{"@id":"https:\/\/xymen.pl\/en\/product\/bamar-tech-5000l-rainwater-tank\/#primaryimage"},"image":{"@id":"https:\/\/xymen.pl\/en\/product\/bamar-tech-5000l-rainwater-tank\/#primaryimage"},"thumbnailUrl":"https:\/\/xymen.pl\/wp-content\/uploads\/2024\/10\/Zbiornik-na-paliwo-jak-o-niego-zadbac-7.png","datePublished":"2024-10-24T13:07:49+00:00","dateModified":"2026-04-20T05:54:35+00:00","description":"BAMAR-TECH 5000L Rainwater Tank. Rainwater tank from a Polish manufacturer. Highest quality at a reasonable price.","breadcrumb":{"@id":"https:\/\/xymen.pl\/en\/product\/bamar-tech-5000l-rainwater-tank\/#breadcrumb"},"inLanguage":"en-US","potentialAction":[{"@type":"ReadAction","target":["https:\/\/xymen.pl\/en\/product\/bamar-tech-5000l-rainwater-tank\/"]}]},{"@type":"ImageObject","inLanguage":"en-US","@id":"https:\/\/xymen.pl\/en\/product\/bamar-tech-5000l-rainwater-tank\/#primaryimage","url":"https:\/\/xymen.pl\/wp-content\/uploads\/2024\/10\/Zbiornik-na-paliwo-jak-o-niego-zadbac-7.png","contentUrl":"https:\/\/xymen.pl\/wp-content\/uploads\/2024\/10\/Zbiornik-na-paliwo-jak-o-niego-zadbac-7.png","width":1080,"height":1080,"caption":"bamar-tech 5000 I, water tank, rainwater tank, rainwater tank"},{"@type":"BreadcrumbList","@id":"https:\/\/xymen.pl\/en\/product\/bamar-tech-5000l-rainwater-tank\/#breadcrumb","itemListElement":[{"@type":"ListItem","position":1,"name":"Products","item":"https:\/\/xymen.pl\/en\/products\/"},{"@type":"ListItem","position":2,"name":"BAMAR-TECH 5000L rainwater tank"}]},{"@type":"WebSite","@id":"https:\/\/xymen.pl\/en\/#website","url":"https:\/\/xymen.pl\/en\/","name":"XYMEN","description":"zbiorniki na deszcz\u00f3wk\u0119 | ekologiczne oczyszczalnie \u015bciek\u00f3w","publisher":{"@id":"https:\/\/xymen.pl\/en\/#organization"},"potentialAction":[{"@type":"SearchAction","target":{"@type":"EntryPoint","urlTemplate":"https:\/\/xymen.pl\/en\/?s={search_term_string}"},"query-input":{"@type":"PropertyValueSpecification","valueRequired":true,"valueName":"search_term_string"}}],"inLanguage":"en-US"},{"@type":"Organization","@id":"https:\/\/xymen.pl\/en\/#organization","name":"XYMEN","url":"https:\/\/xymen.pl\/en\/","logo":{"@type":"ImageObject","inLanguage":"en-US","@id":"https:\/\/xymen.pl\/en\/#\/schema\/logo\/image\/","url":"https:\/\/xymen.pl\/wp-content\/uploads\/2023\/02\/xymenpl-logo-1612299642.png","contentUrl":"https:\/\/xymen.pl\/wp-content\/uploads\/2023\/02\/xymenpl-logo-1612299642.png","width":222,"height":218,"caption":"XYMEN"},"image":{"@id":"https:\/\/xymen.pl\/en\/#\/schema\/logo\/image\/"}}]}},"_links":{"self":[{"href":"https:\/\/xymen.pl\/en\/wp-json\/wp\/v2\/product\/17414","targetHints":{"allow":["GET"]}}],"collection":[{"href":"https:\/\/xymen.pl\/en\/wp-json\/wp\/v2\/product"}],"about":[{"href":"https:\/\/xymen.pl\/en\/wp-json\/wp\/v2\/types\/product"}],"replies":[{"embeddable":true,"href":"https:\/\/xymen.pl\/en\/wp-json\/wp\/v2\/comments?post=17414"}],"wp:featuredmedia":[{"embeddable":true,"href":"https:\/\/xymen.pl\/en\/wp-json\/wp\/v2\/media\/15357"}],"wp:attachment":[{"href":"https:\/\/xymen.pl\/en\/wp-json\/wp\/v2\/media?parent=17414"}],"wp:term":[{"taxonomy":"product_brand","embeddable":true,"href":"https:\/\/xymen.pl\/en\/wp-json\/wp\/v2\/product_brand?post=17414"},{"taxonomy":"product_cat","embeddable":true,"href":"https:\/\/xymen.pl\/en\/wp-json\/wp\/v2\/product_cat?post=17414"},{"taxonomy":"product_tag","embeddable":true,"href":"https:\/\/xymen.pl\/en\/wp-json\/wp\/v2\/product_tag?post=17414"}],"curies":[{"name":"wp","href":"https:\/\/api.w.org\/{rel}","templated":true}]}}