{"id":17417,"date":"2024-10-07T22:22:07","date_gmt":"2024-10-07T20:22:07","guid":{"rendered":"https:\/\/xymen.pl\/produkt\/metria-ogflo-3000l-household-sewage-treatment-plant-drainage-36-m\/"},"modified":"2024-10-07T22:22:07","modified_gmt":"2024-10-07T20:22:07","slug":"metria-ogflo-3000l-household-sewage-treatment-plant-drainage-36-m","status":"publish","type":"product","link":"https:\/\/xymen.pl\/en\/product\/metria-ogflo-3000l-household-sewage-treatment-plant-drainage-36-m\/","title":{"rendered":"METRIA OGFlo 3000L household sewage treatment plant, drainage 36 m"},"content":{"rendered":"<p><img fetchpriority=\"high\" decoding=\"async\" class=\"alignnone size-medium wp-image-3391\" src=\"https:\/\/xymen.pl\/wp-content\/uploads\/2023\/03\/3-300x212.png\" alt=\"\" width=\"300\" height=\"212\" srcset=\"https:\/\/xymen.pl\/wp-content\/uploads\/2023\/03\/3-300x212.png 300w, https:\/\/xymen.pl\/wp-content\/uploads\/2023\/03\/3-1024x723.png 1024w, https:\/\/xymen.pl\/wp-content\/uploads\/2023\/03\/3-768x542.png 768w, https:\/\/xymen.pl\/wp-content\/uploads\/2023\/03\/3-1536x1084.png 1536w, https:\/\/xymen.pl\/wp-content\/uploads\/2023\/03\/3-600x423.png 600w, https:\/\/xymen.pl\/wp-content\/uploads\/2023\/03\/3.png 2008w\" sizes=\"(max-width: 300px) 100vw, 300px\" \/><\/p>\n<p>Home ecological three-chamber sewage treatment plant <strong>METRIA OGFlo<\/strong> with a capacity of 3000L designed for a family of 3-6 people.<\/p>\n<p>The three-chamber design allows contaminants to remain in the tank longer, which translates into improved purification of the sewage infiltrated into the ground by the drainage system. This significantly reduces the amount of sediment that enters the drainage system, extending the system&#8217;s lifespan. <\/p>\n<p>The septic tank is made of the highest quality HDPE plastic using the rotomoulding method, which guarantees high quality and compressive strength, and also allows us to install the tank at a depth greater than the standard (1.2 m below ground level).<\/p>\n<p>The vertical shape takes up minimal space and provides maximum strength.<\/p>\n<p>Appropriate ribbing makes OGFlo tanks among the strongest on the market and they can be installed in any ground conditions.<\/p>\n<p>The settling tank has three large inspection hatches allowing for emptying of each chamber. The last chamber also contains a filter basket filled with expanded clay, which filters suspended solids and grease, ensuring drainage. <\/p>\n<p>It&#8217;s the only tank on the market that allows for upgrading to a biological treatment plant. If budget is an issue these days, with the OGFlo treatment plant, it&#8217;s no longer an issue! <\/p>\n<p>Wastewater treatment at the OGFlo treatment plant involves sedimentation (the settling of particles heavier than water to the bottom) and floatation (the rising of lighter particles to the surface). The pretreated wastewater then flows by gravity through a filter basket located in the tank at the outlet to the drainage system, where a natural aerobic process occurs, involving the decomposition of pollutants by bacteria. <\/p>\n<p>&nbsp;<\/p>\n<p class=\"MsoNormal\"><b>The Set Includes:<\/b><\/p>\n<p class=\"MsoNormal\">&#8211; Metria OGFlo 3000L septic tank<\/p>\n<p class=\"MsoNormal\">&#8211; PP pipe DN 110 gray 1 m &#8211; 6 pcs.<\/p>\n<p class=\"MsoNormal\">&#8211; Distribution chamber DN 300 H- 0.4m &#8211; 1 pc.<\/p>\n<p class=\"MsoNormal\">&#8211; PP elbow DN 110 87\u00b0 gray &#8211; 5 pcs.<\/p>\n<p class=\"MsoNormal\">&#8211; Pipes drainage PP DN 110 gray 2m &#8211; 18 pcs.<\/p>\n<p class=\"MsoNormal\">&#8211; Vent pipe \u2013 3 pcs.<\/p>\n<p class=\"MsoNormal\">&#8211; Geotextile width 0.5 m &#8211; 37 running meters<\/p>\n<p class=\"MsoNormal\"><b>Tank Dimensions:<\/b><\/p>\n<table width=\"486\">\n<tbody>\n<tr>\n<td>Width<\/td>\n<td>Height<\/td>\n<td>Length<\/td>\n<td>Number of people<\/td>\n<\/tr>\n<tr>\n<td>1,06m<\/td>\n<td>1,59m<\/td>\n<td>3,31m<\/td>\n<td>3 &#8211; 6<\/td>\n<\/tr>\n<\/tbody>\n<\/table>\n<p>The tank has a CE Certificate, short installation instructions and installation and operation guidelines.<\/p>\n<p>To ensure the optimal performance of the wastewater treatment system, it is recommended to regularly use biopreparations<\/p>\n<p>We recommend <a href=\"https:\/\/xymen.pl\/produkt\/bakterie-do-oczyszczalni-aquabin\/\">bacteria AQUABIN<\/a> available in our store.<\/p>\n<p><a href=\"https:\/\/xymen.pl\/akcesoria-do-oczyszczalni\/219-bakterie-do-oczyszczalni.html\" target=\"_blank\" rel=\"noreferrer noopener\"><img decoding=\"async\" src=\"https:\/\/xymen.pl\/img\/cms\/1629706639061.png\" alt=\"1629706639061.png\" width=\"500\" height=\"376\"><\/a><\/p>\n<p><strong>Advantages of a domestic wastewater treatment plant:<\/strong><\/p>\n<p>&#8211; low operating cost compared to a traditional cesspool or sewer system<\/p>\n<p>&#8211; no electrical components required<\/p>\n<p>&#8211; durability and strength<\/p>\n<p>&#8211; ideal solution for favorable ground conditions<\/p>\n<p>&#8211; sludge removal once a year<\/p>\n<p>&#8211; does not emit unpleasant odors like a traditional cesspool<\/p>\n<p>&nbsp;<\/p>\n<p>Risers for the tank are available:<\/p>\n<p class=\"MsoNormal\" style=\"margin-top: 0px; margin-bottom: 10px; font-family: Poppins, Arial, Helvetica, sans-serif; font-size: 13px; background-color: #ffffff;\">\n<p class=\"MsoNormal\">&#8211; DN 600, height <a href=\"https:\/\/xymen.pl\/en\/produkt\/extension-dn600-h-0-5m\/\" target=\"_blank\" rel=\"noreferrer noopener\">50 cm<\/a> and <a href=\"https:\/\/xymen.pl\/en\/produkt\/extension-dn600-h-1m\/\" target=\"_blank\" rel=\"noreferrer noopener\">100 cm<\/a><\/p>\n<p class=\"MsoNormal\"><a href=\"https:\/\/xymen.pl\/nadstawki\/129-nadstawka-dn-600-h05-metria.html\" target=\"_blank\" rel=\"noreferrer noopener\"><img decoding=\"async\" src=\"https:\/\/xymen.pl\/img\/cms\/nadstawka-dn-600-h05-metria.jpg\" alt=\"\" width=\"359\" height=\"400\"><\/a>              <a href=\"https:\/\/xymen.pl\/nadstawki\/131-nadstawka-dn-600-h1-metria.html\" target=\"_blank\" rel=\"noreferrer noopener\"><img loading=\"lazy\" decoding=\"async\" src=\"https:\/\/xymen.pl\/img\/cms\/nadstawka-dn-600-h1-metria.jpg\" alt=\"\" width=\"370\" height=\"400\"><\/a><\/p>\n<p class=\"MsoNormal\"><strong>HIGHLY DURABLE HDPE TANK. Each tank comes with a 30-year warranty! <\/strong><\/p>\n<p class=\"MsoNormal\"><strong>Do you have questions? Call us, and we&#8217;ll advise you on the best solution for you. <\/strong><\/p>\n","protected":false},"excerpt":{"rendered":"<p>OGFlo 3000L sewage treatment plant, drainage 36m<\/p>\n","protected":false},"featured_media":15344,"comment_status":"open","ping_status":"closed","template":"","meta":{"_acf_changed":false,"_glsr_average":0,"_glsr_ranking":0,"_glsr_reviews":0},"product_brand":[],"product_cat":[412,384,383],"product_tag":[378,352],"class_list":{"0":"post-17417","1":"product","2":"type-product","3":"status-publish","4":"has-post-thumbnail","6":"product_cat-3000l-en","7":"product_cat-drainage","8":"product_cat-treatment-plants-ecological","9":"product_tag-metria-en","10":"product_tag-standard-en","12":"first","13":"instock","14":"taxable","15":"shipping-taxable","16":"purchasable","17":"product-type-simple"},"acf":{"xymen_capacity":6},"yoast_head":"<!-- This site is optimized with the Yoast SEO plugin v27.1.1 - https:\/\/yoast.com\/product\/yoast-seo-wordpress\/ -->\n<title>METRIA OGFlo 3000L household sewage treatment plant, drainage 36 m | XYMEN<\/title>\n<meta name=\"description\" content=\"The METRIA OGFlo 3000L home sewage treatment plant is designed for a family of 3-6 people. Includes 36m of drainage.\" \/>\n<meta name=\"robots\" content=\"index, follow, max-snippet:-1, max-image-preview:large, max-video-preview:-1\" \/>\n<link rel=\"canonical\" href=\"https:\/\/xymen.pl\/en\/product\/metria-ogflo-3000l-household-sewage-treatment-plant-drainage-36-m\/\" \/>\n<meta property=\"og:locale\" content=\"en_US\" \/>\n<meta property=\"og:type\" content=\"article\" \/>\n<meta property=\"og:title\" content=\"METRIA OGFlo 3000L household sewage treatment plant, drainage 36 m\" \/>\n<meta property=\"og:description\" content=\"The METRIA OGFlo 3000L Home Sewage Treatment Plant with 36m Drainage - Keep your surroundings clean. Our product offers reliability and efficiency, protecting both the environment and your family&#039;s health.\" \/>\n<meta property=\"og:url\" content=\"https:\/\/xymen.pl\/en\/product\/metria-ogflo-3000l-household-sewage-treatment-plant-drainage-36-m\/\" \/>\n<meta property=\"og:site_name\" content=\"XYMEN\" \/>\n<meta property=\"og:image\" content=\"https:\/\/xymen.pl\/wp-content\/uploads\/2024\/10\/1-12-300x300.png\" \/>\n<meta name=\"twitter:card\" content=\"summary_large_image\" \/>\n<meta name=\"twitter:title\" content=\"METRIA EKO NC 3000L domestic sewage treatment plant, 48 m drainage\" \/>\n<meta name=\"twitter:description\" content=\"METRIA EKO NC 3000L domestic sewage treatment plant, 48 m drainage \u2013 keep your surroundings clean. Our product offers reliability and efficiency, protecting both the environment and your family&#039;s health.\" \/>\n<meta name=\"twitter:image\" content=\"https:\/\/xymen.pl\/wp-content\/uploads\/2023\/03\/oczyszczalnia-drenazowa-eco-nc-3000l.jpg\" \/>\n<meta name=\"twitter:label1\" content=\"Est. reading time\" \/>\n\t<meta name=\"twitter:data1\" content=\"2 minutes\" \/>\n<script type=\"application\/ld+json\" class=\"yoast-schema-graph\">{\"@context\":\"https:\/\/schema.org\",\"@graph\":[{\"@type\":\"WebPage\",\"@id\":\"https:\/\/xymen.pl\/en\/product\/metria-ogflo-3000l-household-sewage-treatment-plant-drainage-36-m\/\",\"url\":\"https:\/\/xymen.pl\/en\/product\/metria-ogflo-3000l-household-sewage-treatment-plant-drainage-36-m\/\",\"name\":\"METRIA OGFlo 3000L household sewage treatment plant, drainage 36 m | XYMEN\",\"isPartOf\":{\"@id\":\"https:\/\/xymen.pl\/en\/#website\"},\"primaryImageOfPage\":{\"@id\":\"https:\/\/xymen.pl\/en\/product\/metria-ogflo-3000l-household-sewage-treatment-plant-drainage-36-m\/#primaryimage\"},\"image\":{\"@id\":\"https:\/\/xymen.pl\/en\/product\/metria-ogflo-3000l-household-sewage-treatment-plant-drainage-36-m\/#primaryimage\"},\"thumbnailUrl\":\"https:\/\/xymen.pl\/wp-content\/uploads\/2024\/10\/1-12.png\",\"datePublished\":\"2024-10-07T20:22:07+00:00\",\"description\":\"The METRIA OGFlo 3000L home sewage treatment plant is designed for a family of 3-6 people. Includes 36m of drainage.\",\"breadcrumb\":{\"@id\":\"https:\/\/xymen.pl\/en\/product\/metria-ogflo-3000l-household-sewage-treatment-plant-drainage-36-m\/#breadcrumb\"},\"inLanguage\":\"en-US\",\"potentialAction\":[{\"@type\":\"ReadAction\",\"target\":[\"https:\/\/xymen.pl\/en\/product\/metria-ogflo-3000l-household-sewage-treatment-plant-drainage-36-m\/\"]}]},{\"@type\":\"ImageObject\",\"inLanguage\":\"en-US\",\"@id\":\"https:\/\/xymen.pl\/en\/product\/metria-ogflo-3000l-household-sewage-treatment-plant-drainage-36-m\/#primaryimage\",\"url\":\"https:\/\/xymen.pl\/wp-content\/uploads\/2024\/10\/1-12.png\",\"contentUrl\":\"https:\/\/xymen.pl\/wp-content\/uploads\/2024\/10\/1-12.png\",\"width\":4000,\"height\":4000,\"caption\":\"METRIA OGFlo 3000L drainage 36m, domestic sewage treatment plants, biological treatment plant\"},{\"@type\":\"BreadcrumbList\",\"@id\":\"https:\/\/xymen.pl\/en\/product\/metria-ogflo-3000l-household-sewage-treatment-plant-drainage-36-m\/#breadcrumb\",\"itemListElement\":[{\"@type\":\"ListItem\",\"position\":1,\"name\":\"Products\",\"item\":\"https:\/\/xymen.pl\/en\/products\/\"},{\"@type\":\"ListItem\",\"position\":2,\"name\":\"METRIA OGFlo 3000L household sewage treatment plant, drainage 36 m\"}]},{\"@type\":\"WebSite\",\"@id\":\"https:\/\/xymen.pl\/en\/#website\",\"url\":\"https:\/\/xymen.pl\/en\/\",\"name\":\"XYMEN\",\"description\":\"zbiorniki na deszcz\u00f3wk\u0119 | ekologiczne oczyszczalnie \u015bciek\u00f3w\",\"publisher\":{\"@id\":\"https:\/\/xymen.pl\/en\/#organization\"},\"potentialAction\":[{\"@type\":\"SearchAction\",\"target\":{\"@type\":\"EntryPoint\",\"urlTemplate\":\"https:\/\/xymen.pl\/en\/?s={search_term_string}\"},\"query-input\":{\"@type\":\"PropertyValueSpecification\",\"valueRequired\":true,\"valueName\":\"search_term_string\"}}],\"inLanguage\":\"en-US\"},{\"@type\":\"Organization\",\"@id\":\"https:\/\/xymen.pl\/en\/#organization\",\"name\":\"XYMEN\",\"url\":\"https:\/\/xymen.pl\/en\/\",\"logo\":{\"@type\":\"ImageObject\",\"inLanguage\":\"en-US\",\"@id\":\"https:\/\/xymen.pl\/en\/#\/schema\/logo\/image\/\",\"url\":\"https:\/\/xymen.pl\/wp-content\/uploads\/2023\/02\/xymenpl-logo-1612299642.png\",\"contentUrl\":\"https:\/\/xymen.pl\/wp-content\/uploads\/2023\/02\/xymenpl-logo-1612299642.png\",\"width\":222,\"height\":218,\"caption\":\"XYMEN\"},\"image\":{\"@id\":\"https:\/\/xymen.pl\/en\/#\/schema\/logo\/image\/\"}}]}<\/script>\n<!-- \/ Yoast SEO plugin. -->","yoast_head_json":{"title":"METRIA OGFlo 3000L household sewage treatment plant, drainage 36 m | XYMEN","description":"The METRIA OGFlo 3000L home sewage treatment plant is designed for a family of 3-6 people. Includes 36m of drainage.","robots":{"index":"index","follow":"follow","max-snippet":"max-snippet:-1","max-image-preview":"max-image-preview:large","max-video-preview":"max-video-preview:-1"},"canonical":"https:\/\/xymen.pl\/en\/product\/metria-ogflo-3000l-household-sewage-treatment-plant-drainage-36-m\/","og_locale":"en_US","og_type":"article","og_title":"METRIA OGFlo 3000L household sewage treatment plant, drainage 36 m","og_description":"The METRIA OGFlo 3000L Home Sewage Treatment Plant with 36m Drainage - Keep your surroundings clean. Our product offers reliability and efficiency, protecting both the environment and your family's health.","og_url":"https:\/\/xymen.pl\/en\/product\/metria-ogflo-3000l-household-sewage-treatment-plant-drainage-36-m\/","og_site_name":"XYMEN","og_image":[{"url":"https:\/\/xymen.pl\/wp-content\/uploads\/2024\/10\/1-12-300x300.png","type":"","width":"","height":""}],"twitter_card":"summary_large_image","twitter_title":"METRIA EKO NC 3000L domestic sewage treatment plant, 48 m drainage","twitter_description":"METRIA EKO NC 3000L domestic sewage treatment plant, 48 m drainage \u2013 keep your surroundings clean. Our product offers reliability and efficiency, protecting both the environment and your family's health.","twitter_image":"https:\/\/xymen.pl\/wp-content\/uploads\/2023\/03\/oczyszczalnia-drenazowa-eco-nc-3000l.jpg","twitter_misc":{"Est. reading time":"2 minutes"},"schema":{"@context":"https:\/\/schema.org","@graph":[{"@type":"WebPage","@id":"https:\/\/xymen.pl\/en\/product\/metria-ogflo-3000l-household-sewage-treatment-plant-drainage-36-m\/","url":"https:\/\/xymen.pl\/en\/product\/metria-ogflo-3000l-household-sewage-treatment-plant-drainage-36-m\/","name":"METRIA OGFlo 3000L household sewage treatment plant, drainage 36 m | XYMEN","isPartOf":{"@id":"https:\/\/xymen.pl\/en\/#website"},"primaryImageOfPage":{"@id":"https:\/\/xymen.pl\/en\/product\/metria-ogflo-3000l-household-sewage-treatment-plant-drainage-36-m\/#primaryimage"},"image":{"@id":"https:\/\/xymen.pl\/en\/product\/metria-ogflo-3000l-household-sewage-treatment-plant-drainage-36-m\/#primaryimage"},"thumbnailUrl":"https:\/\/xymen.pl\/wp-content\/uploads\/2024\/10\/1-12.png","datePublished":"2024-10-07T20:22:07+00:00","description":"The METRIA OGFlo 3000L home sewage treatment plant is designed for a family of 3-6 people. Includes 36m of drainage.","breadcrumb":{"@id":"https:\/\/xymen.pl\/en\/product\/metria-ogflo-3000l-household-sewage-treatment-plant-drainage-36-m\/#breadcrumb"},"inLanguage":"en-US","potentialAction":[{"@type":"ReadAction","target":["https:\/\/xymen.pl\/en\/product\/metria-ogflo-3000l-household-sewage-treatment-plant-drainage-36-m\/"]}]},{"@type":"ImageObject","inLanguage":"en-US","@id":"https:\/\/xymen.pl\/en\/product\/metria-ogflo-3000l-household-sewage-treatment-plant-drainage-36-m\/#primaryimage","url":"https:\/\/xymen.pl\/wp-content\/uploads\/2024\/10\/1-12.png","contentUrl":"https:\/\/xymen.pl\/wp-content\/uploads\/2024\/10\/1-12.png","width":4000,"height":4000,"caption":"METRIA OGFlo 3000L drainage 36m, domestic sewage treatment plants, biological treatment plant"},{"@type":"BreadcrumbList","@id":"https:\/\/xymen.pl\/en\/product\/metria-ogflo-3000l-household-sewage-treatment-plant-drainage-36-m\/#breadcrumb","itemListElement":[{"@type":"ListItem","position":1,"name":"Products","item":"https:\/\/xymen.pl\/en\/products\/"},{"@type":"ListItem","position":2,"name":"METRIA OGFlo 3000L household sewage treatment plant, drainage 36 m"}]},{"@type":"WebSite","@id":"https:\/\/xymen.pl\/en\/#website","url":"https:\/\/xymen.pl\/en\/","name":"XYMEN","description":"zbiorniki na deszcz\u00f3wk\u0119 | ekologiczne oczyszczalnie \u015bciek\u00f3w","publisher":{"@id":"https:\/\/xymen.pl\/en\/#organization"},"potentialAction":[{"@type":"SearchAction","target":{"@type":"EntryPoint","urlTemplate":"https:\/\/xymen.pl\/en\/?s={search_term_string}"},"query-input":{"@type":"PropertyValueSpecification","valueRequired":true,"valueName":"search_term_string"}}],"inLanguage":"en-US"},{"@type":"Organization","@id":"https:\/\/xymen.pl\/en\/#organization","name":"XYMEN","url":"https:\/\/xymen.pl\/en\/","logo":{"@type":"ImageObject","inLanguage":"en-US","@id":"https:\/\/xymen.pl\/en\/#\/schema\/logo\/image\/","url":"https:\/\/xymen.pl\/wp-content\/uploads\/2023\/02\/xymenpl-logo-1612299642.png","contentUrl":"https:\/\/xymen.pl\/wp-content\/uploads\/2023\/02\/xymenpl-logo-1612299642.png","width":222,"height":218,"caption":"XYMEN"},"image":{"@id":"https:\/\/xymen.pl\/en\/#\/schema\/logo\/image\/"}}]}},"_links":{"self":[{"href":"https:\/\/xymen.pl\/en\/wp-json\/wp\/v2\/product\/17417","targetHints":{"allow":["GET"]}}],"collection":[{"href":"https:\/\/xymen.pl\/en\/wp-json\/wp\/v2\/product"}],"about":[{"href":"https:\/\/xymen.pl\/en\/wp-json\/wp\/v2\/types\/product"}],"replies":[{"embeddable":true,"href":"https:\/\/xymen.pl\/en\/wp-json\/wp\/v2\/comments?post=17417"}],"wp:featuredmedia":[{"embeddable":true,"href":"https:\/\/xymen.pl\/en\/wp-json\/wp\/v2\/media\/15344"}],"wp:attachment":[{"href":"https:\/\/xymen.pl\/en\/wp-json\/wp\/v2\/media?parent=17417"}],"wp:term":[{"taxonomy":"product_brand","embeddable":true,"href":"https:\/\/xymen.pl\/en\/wp-json\/wp\/v2\/product_brand?post=17417"},{"taxonomy":"product_cat","embeddable":true,"href":"https:\/\/xymen.pl\/en\/wp-json\/wp\/v2\/product_cat?post=17417"},{"taxonomy":"product_tag","embeddable":true,"href":"https:\/\/xymen.pl\/en\/wp-json\/wp\/v2\/product_tag?post=17417"}],"curies":[{"name":"wp","href":"https:\/\/api.w.org\/{rel}","templated":true}]}}