{"id":17419,"date":"2023-03-24T10:50:48","date_gmt":"2023-03-24T09:50:48","guid":{"rendered":"https:\/\/xymen.pl\/produkt\/euro-plast-solid-3500-domestic-sewage-treatment-plant-drainage-48-m\/"},"modified":"2023-03-24T10:50:48","modified_gmt":"2023-03-24T09:50:48","slug":"euro-plast-solid-3500-domestic-sewage-treatment-plant-drainage-48-m","status":"publish","type":"product","link":"https:\/\/xymen.pl\/en\/product\/euro-plast-solid-3500-domestic-sewage-treatment-plant-drainage-48-m\/","title":{"rendered":"EURO-PLAST SOLID-3500 domestic sewage treatment plant, drainage 48 m"},"content":{"rendered":"<p><img decoding=\"async\" class=\"alignnone size-full wp-image-3595\" src=\"https:\/\/xymen.pl\/wp-content\/uploads\/2023\/03\/4-1.jpg\" alt=\"\" width=\"231\" height=\"185\"><\/p>\n<p class=\"MsoNormal\">The eco-friendly <b>Euro-Plast Solid-3500<\/b> domestic drainage treatment plant is a solution for households without access to a sewer system. It is the simplest and most affordable type of domestic treatment plant. <\/p>\n<p class=\"MsoNormal\">Sewage treatment plant for use by 6-7 people.<\/p>\n<p class=\"MsoNormal\"><b>The treatment plant operates based on the following processes: <\/b><\/p>\n<p class=\"MsoNormal\">&#8211; Sedimentation, i.e. separation of pollutants heavier than water.<\/p>\n<p class=\"MsoNormal\">&#8211; Flotation, i.e. separation of contaminants lighter than water.<\/p>\n<p class=\"MsoNormal\">&#8211; Final cleaning in a filter basket filled with fittings.<\/p>\n<p class=\"MsoNormal\">&#8211; Fermentation of the remaining sludge in the tank.<\/p>\n<p class=\"MsoNormal\">&#8211; Soil infiltration using drainage pipes or infiltration tunnels. A 16-32mm aggregate bedding is essential. <\/p>\n<p class=\"MsoNormal\">For optimal and efficient purification, it is also recommended to add biopreparations.<\/p>\n<p class=\"MsoNormal\"><b>Benefits of using the Euro-Plast drainage treatment plant:<\/b><\/p>\n<p class=\"MsoNormal\">Cheaper operation compared to a traditional septic tank.<\/p>\n<p class=\"MsoNormal\">Zero electricity consumption, no electrical devices (controllers, pumps, etc.).<\/p>\n<p class=\"MsoNormal\">The 160mm diameter inlet channel ensures optimal flow of contaminants into the tank.<\/p>\n<p class=\"MsoNormal\">Convenience of use &#8211; removing sediment every 1.5 or 2 years.<\/p>\n<p class=\"MsoNormal\">Durability and low failure rate.<\/p>\n<p class=\"MsoNormal\">Minimum maintenance.<\/p>\n<p class=\"MsoNormal\"><b>The Set Includes:<\/b><\/p>\n<p class=\"MsoNormal\">&#8211; Euro-Plast 3000L septic tank<\/p>\n<p class=\"MsoNormal\">&#8211; PP pipe DN 110 gray 1 m &#8211; 6 pcs.<\/p>\n<p>&#8211; Distribution chamber DN 400 H- 0.7m <strong>or<\/strong> DN 400 H-0.5m<strong> or<\/strong> DN 400 H-1.1m &#8211; 1 pc.\/ Distribution chamber DN 300 h &#8211; 0.4m AQUABIN <\/p>\n<p class=\"MsoNormal\">&#8211; PP elbow DN 110 87\u00b0 gray &#8211; 5 pcs.<\/p>\n<p class=\"MsoNormal\">&#8211; Drainage pipes PP DN 110 gray 2m &#8211; 24 pcs.<\/p>\n<p class=\"MsoNormal\">&#8211; Vent pipe \u2013 3 pcs.<\/p>\n<p class=\"MsoNormal\">&#8211; Geotextile width 0.5m &#8211; 49 m<\/p>\n<p class=\"MsoNormal\"><b>Tank Dimensions:<\/b><\/p>\n<p>A : 1,50m<\/p>\n<p>B : 1,20m<\/p>\n<p>C : 2,05m<\/p>\n<p><img fetchpriority=\"high\" decoding=\"async\" class=\"alignnone size-medium wp-image-5900\" src=\"https:\/\/xymen.pl\/wp-content\/uploads\/2023\/03\/SOLID-300x286.png\" alt=\"\" width=\"300\" height=\"286\" srcset=\"https:\/\/xymen.pl\/wp-content\/uploads\/2023\/03\/SOLID-300x286.png 300w, https:\/\/xymen.pl\/wp-content\/uploads\/2023\/03\/SOLID.png 532w\" sizes=\"(max-width: 300px) 100vw, 300px\" \/><\/p>\n<p>&nbsp;<\/p>\n<p>To ensure the optimal performance of the wastewater treatment system, it is recommended to regularly use biopreparations<\/p>\n<p class=\"MsoNormal\"><a href=\"\/?product_cat=aktywatory-do-oczyszczalni\">We recommend the bacteria available in our store.<\/a><\/p>\n<p><a href=\"\/?product_cat=aktywatory-do-oczyszczalni\"><img decoding=\"async\" class=\"alignnone wp-image-5903 size-medium\" src=\"https:\/\/xymen.pl\/wp-content\/uploads\/2023\/03\/Xymen3-300x228.jpg\" alt=\"\" width=\"300\" height=\"228\" srcset=\"https:\/\/xymen.pl\/wp-content\/uploads\/2023\/03\/Xymen3-300x228.jpg 300w, https:\/\/xymen.pl\/wp-content\/uploads\/2023\/03\/Xymen3-1024x779.jpg 1024w, https:\/\/xymen.pl\/wp-content\/uploads\/2023\/03\/Xymen3-768x584.jpg 768w, https:\/\/xymen.pl\/wp-content\/uploads\/2023\/03\/Xymen3-600x457.jpg 600w, https:\/\/xymen.pl\/wp-content\/uploads\/2023\/03\/Xymen3.jpg 1372w\" sizes=\"(max-width: 300px) 100vw, 300px\" \/><\/a><\/p>\n<p><b> <\/b><\/p>\n<p class=\"MsoNormal\"><b>Installation on the premises throughout the country by professional teams of installers &#8211; agreed upon individually.<\/b><\/p>\n<p class=\"MsoNormal\"><b>Do you have questions? Call us, and we&#8217;ll advise you on the best solution for you. <\/b><\/p>\n","protected":false},"excerpt":{"rendered":"<p>SOLID-3500 sewage treatment plant, drainage 48 m<\/p>\n<p><span style=\"font-size: 11pt; font-family: Arial; background-color: transparent; font-weight: bold; vertical-align: baseline;\"><img loading=\"lazy\" decoding=\"async\" src=\"https:\/\/xymen.pl\/img\/cms\/logogodfgofd.gif\" alt=\"\" width=\"172\" height=\"42\"><\/span><\/p>\n","protected":false},"featured_media":1667,"comment_status":"open","ping_status":"closed","template":"","meta":{"_acf_changed":false,"_glsr_average":0,"_glsr_ranking":0,"_glsr_reviews":0},"product_brand":[],"product_cat":[412,384,383],"product_tag":[416,352],"class_list":{"0":"post-17419","1":"product","2":"type-product","3":"status-publish","4":"has-post-thumbnail","6":"product_cat-3000l-en","7":"product_cat-drainage","8":"product_cat-treatment-plants-ecological","9":"product_tag-euro-plast-en","10":"product_tag-standard-en","12":"first","13":"outofstock","14":"taxable","15":"shipping-taxable","16":"purchasable","17":"product-type-simple"},"acf":{"xymen_capacity":""},"yoast_head":"<!-- This site is optimized with the Yoast SEO plugin v27.1.1 - https:\/\/yoast.com\/product\/yoast-seo-wordpress\/ -->\n<title>EURO-PLAST SOLID-3500 domestic sewage treatment plant, drainage 48 m | XYMEN<\/title>\n<meta name=\"robots\" content=\"index, follow, max-snippet:-1, max-image-preview:large, max-video-preview:-1\" \/>\n<link rel=\"canonical\" href=\"https:\/\/xymen.pl\/en\/product\/euro-plast-solid-3500-domestic-sewage-treatment-plant-drainage-48-m\/\" \/>\n<meta property=\"og:locale\" content=\"en_US\" \/>\n<meta property=\"og:type\" content=\"article\" \/>\n<meta property=\"og:title\" content=\"EURO-PLAST SOLID-3500 domestic sewage treatment plant, drainage 48 m\" \/>\n<meta property=\"og:description\" content=\"SOLID-3500 sewage treatment plant, drainage 48 m\" \/>\n<meta property=\"og:url\" content=\"https:\/\/xymen.pl\/en\/product\/euro-plast-solid-3500-domestic-sewage-treatment-plant-drainage-48-m\/\" \/>\n<meta property=\"og:site_name\" content=\"XYMEN\" \/>\n<meta property=\"og:image\" content=\"https:\/\/xymen.pl\/wp-content\/uploads\/2023\/03\/oczyszczalnia-europlast-solid-3000l-drenaz-300x300.jpg\" \/>\n<meta name=\"twitter:card\" content=\"summary_large_image\" \/>\n<meta name=\"twitter:title\" content=\"EURO-PLAST SOLID-3500 domestic sewage treatment plant, drainage 48 m\" \/>\n<meta name=\"twitter:image\" content=\"https:\/\/xymen.pl\/wp-content\/uploads\/2023\/03\/oczyszczalnia-europlast-solid-3000l-drenaz.jpg\" \/>\n<meta name=\"twitter:label1\" content=\"Est. reading time\" \/>\n\t<meta name=\"twitter:data1\" content=\"2 minutes\" \/>\n<script type=\"application\/ld+json\" class=\"yoast-schema-graph\">{\"@context\":\"https:\/\/schema.org\",\"@graph\":[{\"@type\":\"WebPage\",\"@id\":\"https:\/\/xymen.pl\/en\/product\/euro-plast-solid-3500-domestic-sewage-treatment-plant-drainage-48-m\/\",\"url\":\"https:\/\/xymen.pl\/en\/product\/euro-plast-solid-3500-domestic-sewage-treatment-plant-drainage-48-m\/\",\"name\":\"EURO-PLAST SOLID-3500 domestic sewage treatment plant, drainage 48 m | XYMEN\",\"isPartOf\":{\"@id\":\"https:\/\/xymen.pl\/en\/#website\"},\"primaryImageOfPage\":{\"@id\":\"https:\/\/xymen.pl\/en\/product\/euro-plast-solid-3500-domestic-sewage-treatment-plant-drainage-48-m\/#primaryimage\"},\"image\":{\"@id\":\"https:\/\/xymen.pl\/en\/product\/euro-plast-solid-3500-domestic-sewage-treatment-plant-drainage-48-m\/#primaryimage\"},\"thumbnailUrl\":\"https:\/\/xymen.pl\/wp-content\/uploads\/2023\/03\/oczyszczalnia-europlast-solid-3000l-drenaz.jpg\",\"datePublished\":\"2023-03-24T09:50:48+00:00\",\"breadcrumb\":{\"@id\":\"https:\/\/xymen.pl\/en\/product\/euro-plast-solid-3500-domestic-sewage-treatment-plant-drainage-48-m\/#breadcrumb\"},\"inLanguage\":\"en-US\",\"potentialAction\":[{\"@type\":\"ReadAction\",\"target\":[\"https:\/\/xymen.pl\/en\/product\/euro-plast-solid-3500-domestic-sewage-treatment-plant-drainage-48-m\/\"]}]},{\"@type\":\"ImageObject\",\"inLanguage\":\"en-US\",\"@id\":\"https:\/\/xymen.pl\/en\/product\/euro-plast-solid-3500-domestic-sewage-treatment-plant-drainage-48-m\/#primaryimage\",\"url\":\"https:\/\/xymen.pl\/wp-content\/uploads\/2023\/03\/oczyszczalnia-europlast-solid-3000l-drenaz.jpg\",\"contentUrl\":\"https:\/\/xymen.pl\/wp-content\/uploads\/2023\/03\/oczyszczalnia-europlast-solid-3000l-drenaz.jpg\",\"width\":800,\"height\":800,\"caption\":\"oczyszczalnia europlast solid 3000l drena\u017c, przydomowe oczyszczalnie \u015bciek\u00f3w, oczyszczalnia ekologiczna\"},{\"@type\":\"BreadcrumbList\",\"@id\":\"https:\/\/xymen.pl\/en\/product\/euro-plast-solid-3500-domestic-sewage-treatment-plant-drainage-48-m\/#breadcrumb\",\"itemListElement\":[{\"@type\":\"ListItem\",\"position\":1,\"name\":\"Products\",\"item\":\"https:\/\/xymen.pl\/en\/products\/\"},{\"@type\":\"ListItem\",\"position\":2,\"name\":\"EURO-PLAST SOLID-3500 domestic sewage treatment plant, drainage 48 m\"}]},{\"@type\":\"WebSite\",\"@id\":\"https:\/\/xymen.pl\/en\/#website\",\"url\":\"https:\/\/xymen.pl\/en\/\",\"name\":\"XYMEN\",\"description\":\"zbiorniki na deszcz\u00f3wk\u0119 | ekologiczne oczyszczalnie \u015bciek\u00f3w\",\"publisher\":{\"@id\":\"https:\/\/xymen.pl\/en\/#organization\"},\"potentialAction\":[{\"@type\":\"SearchAction\",\"target\":{\"@type\":\"EntryPoint\",\"urlTemplate\":\"https:\/\/xymen.pl\/en\/?s={search_term_string}\"},\"query-input\":{\"@type\":\"PropertyValueSpecification\",\"valueRequired\":true,\"valueName\":\"search_term_string\"}}],\"inLanguage\":\"en-US\"},{\"@type\":\"Organization\",\"@id\":\"https:\/\/xymen.pl\/en\/#organization\",\"name\":\"XYMEN\",\"url\":\"https:\/\/xymen.pl\/en\/\",\"logo\":{\"@type\":\"ImageObject\",\"inLanguage\":\"en-US\",\"@id\":\"https:\/\/xymen.pl\/en\/#\/schema\/logo\/image\/\",\"url\":\"https:\/\/xymen.pl\/wp-content\/uploads\/2023\/02\/xymenpl-logo-1612299642.png\",\"contentUrl\":\"https:\/\/xymen.pl\/wp-content\/uploads\/2023\/02\/xymenpl-logo-1612299642.png\",\"width\":222,\"height\":218,\"caption\":\"XYMEN\"},\"image\":{\"@id\":\"https:\/\/xymen.pl\/en\/#\/schema\/logo\/image\/\"}}]}<\/script>\n<!-- \/ Yoast SEO plugin. -->","yoast_head_json":{"title":"EURO-PLAST SOLID-3500 domestic sewage treatment plant, drainage 48 m | XYMEN","robots":{"index":"index","follow":"follow","max-snippet":"max-snippet:-1","max-image-preview":"max-image-preview:large","max-video-preview":"max-video-preview:-1"},"canonical":"https:\/\/xymen.pl\/en\/product\/euro-plast-solid-3500-domestic-sewage-treatment-plant-drainage-48-m\/","og_locale":"en_US","og_type":"article","og_title":"EURO-PLAST SOLID-3500 domestic sewage treatment plant, drainage 48 m","og_description":"SOLID-3500 sewage treatment plant, drainage 48 m","og_url":"https:\/\/xymen.pl\/en\/product\/euro-plast-solid-3500-domestic-sewage-treatment-plant-drainage-48-m\/","og_site_name":"XYMEN","og_image":[{"url":"https:\/\/xymen.pl\/wp-content\/uploads\/2023\/03\/oczyszczalnia-europlast-solid-3000l-drenaz-300x300.jpg","type":"","width":"","height":""}],"twitter_card":"summary_large_image","twitter_title":"EURO-PLAST SOLID-3500 domestic sewage treatment plant, drainage 48 m","twitter_image":"https:\/\/xymen.pl\/wp-content\/uploads\/2023\/03\/oczyszczalnia-europlast-solid-3000l-drenaz.jpg","twitter_misc":{"Est. reading time":"2 minutes"},"schema":{"@context":"https:\/\/schema.org","@graph":[{"@type":"WebPage","@id":"https:\/\/xymen.pl\/en\/product\/euro-plast-solid-3500-domestic-sewage-treatment-plant-drainage-48-m\/","url":"https:\/\/xymen.pl\/en\/product\/euro-plast-solid-3500-domestic-sewage-treatment-plant-drainage-48-m\/","name":"EURO-PLAST SOLID-3500 domestic sewage treatment plant, drainage 48 m | XYMEN","isPartOf":{"@id":"https:\/\/xymen.pl\/en\/#website"},"primaryImageOfPage":{"@id":"https:\/\/xymen.pl\/en\/product\/euro-plast-solid-3500-domestic-sewage-treatment-plant-drainage-48-m\/#primaryimage"},"image":{"@id":"https:\/\/xymen.pl\/en\/product\/euro-plast-solid-3500-domestic-sewage-treatment-plant-drainage-48-m\/#primaryimage"},"thumbnailUrl":"https:\/\/xymen.pl\/wp-content\/uploads\/2023\/03\/oczyszczalnia-europlast-solid-3000l-drenaz.jpg","datePublished":"2023-03-24T09:50:48+00:00","breadcrumb":{"@id":"https:\/\/xymen.pl\/en\/product\/euro-plast-solid-3500-domestic-sewage-treatment-plant-drainage-48-m\/#breadcrumb"},"inLanguage":"en-US","potentialAction":[{"@type":"ReadAction","target":["https:\/\/xymen.pl\/en\/product\/euro-plast-solid-3500-domestic-sewage-treatment-plant-drainage-48-m\/"]}]},{"@type":"ImageObject","inLanguage":"en-US","@id":"https:\/\/xymen.pl\/en\/product\/euro-plast-solid-3500-domestic-sewage-treatment-plant-drainage-48-m\/#primaryimage","url":"https:\/\/xymen.pl\/wp-content\/uploads\/2023\/03\/oczyszczalnia-europlast-solid-3000l-drenaz.jpg","contentUrl":"https:\/\/xymen.pl\/wp-content\/uploads\/2023\/03\/oczyszczalnia-europlast-solid-3000l-drenaz.jpg","width":800,"height":800,"caption":"oczyszczalnia europlast solid 3000l drena\u017c, przydomowe oczyszczalnie \u015bciek\u00f3w, oczyszczalnia ekologiczna"},{"@type":"BreadcrumbList","@id":"https:\/\/xymen.pl\/en\/product\/euro-plast-solid-3500-domestic-sewage-treatment-plant-drainage-48-m\/#breadcrumb","itemListElement":[{"@type":"ListItem","position":1,"name":"Products","item":"https:\/\/xymen.pl\/en\/products\/"},{"@type":"ListItem","position":2,"name":"EURO-PLAST SOLID-3500 domestic sewage treatment plant, drainage 48 m"}]},{"@type":"WebSite","@id":"https:\/\/xymen.pl\/en\/#website","url":"https:\/\/xymen.pl\/en\/","name":"XYMEN","description":"zbiorniki na deszcz\u00f3wk\u0119 | ekologiczne oczyszczalnie \u015bciek\u00f3w","publisher":{"@id":"https:\/\/xymen.pl\/en\/#organization"},"potentialAction":[{"@type":"SearchAction","target":{"@type":"EntryPoint","urlTemplate":"https:\/\/xymen.pl\/en\/?s={search_term_string}"},"query-input":{"@type":"PropertyValueSpecification","valueRequired":true,"valueName":"search_term_string"}}],"inLanguage":"en-US"},{"@type":"Organization","@id":"https:\/\/xymen.pl\/en\/#organization","name":"XYMEN","url":"https:\/\/xymen.pl\/en\/","logo":{"@type":"ImageObject","inLanguage":"en-US","@id":"https:\/\/xymen.pl\/en\/#\/schema\/logo\/image\/","url":"https:\/\/xymen.pl\/wp-content\/uploads\/2023\/02\/xymenpl-logo-1612299642.png","contentUrl":"https:\/\/xymen.pl\/wp-content\/uploads\/2023\/02\/xymenpl-logo-1612299642.png","width":222,"height":218,"caption":"XYMEN"},"image":{"@id":"https:\/\/xymen.pl\/en\/#\/schema\/logo\/image\/"}}]}},"_links":{"self":[{"href":"https:\/\/xymen.pl\/en\/wp-json\/wp\/v2\/product\/17419","targetHints":{"allow":["GET"]}}],"collection":[{"href":"https:\/\/xymen.pl\/en\/wp-json\/wp\/v2\/product"}],"about":[{"href":"https:\/\/xymen.pl\/en\/wp-json\/wp\/v2\/types\/product"}],"replies":[{"embeddable":true,"href":"https:\/\/xymen.pl\/en\/wp-json\/wp\/v2\/comments?post=17419"}],"wp:featuredmedia":[{"embeddable":true,"href":"https:\/\/xymen.pl\/en\/wp-json\/wp\/v2\/media\/1667"}],"wp:attachment":[{"href":"https:\/\/xymen.pl\/en\/wp-json\/wp\/v2\/media?parent=17419"}],"wp:term":[{"taxonomy":"product_brand","embeddable":true,"href":"https:\/\/xymen.pl\/en\/wp-json\/wp\/v2\/product_brand?post=17419"},{"taxonomy":"product_cat","embeddable":true,"href":"https:\/\/xymen.pl\/en\/wp-json\/wp\/v2\/product_cat?post=17419"},{"taxonomy":"product_tag","embeddable":true,"href":"https:\/\/xymen.pl\/en\/wp-json\/wp\/v2\/product_tag?post=17419"}],"curies":[{"name":"wp","href":"https:\/\/api.w.org\/{rel}","templated":true}]}}