{"id":17470,"date":"2023-08-08T10:38:31","date_gmt":"2023-08-08T08:38:31","guid":{"rendered":"https:\/\/xymen.pl\/produkt\/marseplast-bolt-2500l-rainwater-tank-with-float-pump\/"},"modified":"2023-08-08T10:38:31","modified_gmt":"2023-08-08T08:38:31","slug":"marseplast-bolt-2500l-rainwater-tank-with-float-pump","status":"publish","type":"product","link":"https:\/\/xymen.pl\/en\/product\/marseplast-bolt-2500l-rainwater-tank-with-float-pump\/","title":{"rendered":"MARSEPLAST Bolt 2500l rainwater tank with float pump"},"content":{"rendered":"<p><img decoding=\"async\" class=\"alignnone wp-image-2705\" src=\"https:\/\/xymen.pl\/wp-content\/uploads\/2023\/03\/7.png\" alt=\"\" width=\"142\" height=\"142\" srcset=\"https:\/\/xymen.pl\/wp-content\/uploads\/2023\/03\/7.png 280w, https:\/\/xymen.pl\/wp-content\/uploads\/2023\/03\/7-150x150.png 150w, https:\/\/xymen.pl\/wp-content\/uploads\/2023\/03\/7-100x100.png 100w, https:\/\/xymen.pl\/wp-content\/uploads\/2023\/03\/7-50x50.png 50w\" sizes=\"(max-width: 142px) 100vw, 142px\" \/><\/p>\n<p>Bolt underground rainwater storage tank with a capacity of 2500 liters.<\/p>\n<p>The tank is manufactured using the rotomolding method from high-quality polyethylene. The tank is homogeneous, ensuring its tightness and durability. <\/p>\n<p>Stored water in a tank can be used to water plants on a8&gt; plot, washing the car or also other cleaning tasks. The pump float switch installed in the tank facilitates us using rainwater collected in the tank. <\/p>\n<p>Having a rainwater tank allows us to reduce water consumption from the water supply network, thus significantly reducing water bills and saving money.<\/p>\n<p>The Bolt 2500l tank consists of two zones:<\/p>\n<ul>\n<li>water collection zone<\/li>\n<li>water pre-treatment zone<\/li>\n<\/ul>\n<p>&nbsp;<\/p>\n<p>On the inflow side, there is a filter basket designed to clean the water flowing from the roof of small debris, such as leaves and small sticks. This prevents the water in the tank from rotting and protects the pump from damage. <\/p>\n<p>The tank consists of:<\/p>\n<ul>\n<li>Bolt 2500l tank<\/li>\n<li>inlet channel<\/li>\n<li>mounting extension<\/li>\n<li>filter sieve<\/li>\n<li>screw-on covers<\/li>\n<li>drainage channel<\/li>\n<li>float pump<\/li>\n<\/ul>\n<p>&nbsp;<\/p>\n<p><img fetchpriority=\"high\" decoding=\"async\" class=\"alignnone wp-image-6225\" src=\"https:\/\/xymen.pl\/wp-content\/uploads\/2023\/08\/BOLT-2500-czesci-skladowe-1-300x179.png\" alt=\"\" width=\"563\" height=\"336\" srcset=\"https:\/\/xymen.pl\/wp-content\/uploads\/2023\/08\/BOLT-2500-czesci-skladowe-1-300x179.png 300w, https:\/\/xymen.pl\/wp-content\/uploads\/2023\/08\/BOLT-2500-czesci-skladowe-1-1024x612.png 1024w, https:\/\/xymen.pl\/wp-content\/uploads\/2023\/08\/BOLT-2500-czesci-skladowe-1-768x459.png 768w, https:\/\/xymen.pl\/wp-content\/uploads\/2023\/08\/BOLT-2500-czesci-skladowe-1-600x359.png 600w, https:\/\/xymen.pl\/wp-content\/uploads\/2023\/08\/BOLT-2500-czesci-skladowe-1.png 1392w\" sizes=\"(max-width: 563px) 100vw, 563px\" \/><\/p>\n<h5>Lift 40 float pump<\/h5>\n<p><img decoding=\"async\" class=\"alignnone size-medium wp-image-6206\" src=\"https:\/\/xymen.pl\/wp-content\/uploads\/2023\/08\/pompapompa-do-wody-czystej-liftphotoAid-removed-background-1-300x300.png\" alt=\"\" width=\"300\" height=\"300\" srcset=\"https:\/\/xymen.pl\/wp-content\/uploads\/2023\/08\/pompapompa-do-wody-czystej-liftphotoAid-removed-background-1-300x300.png 300w, https:\/\/xymen.pl\/wp-content\/uploads\/2023\/08\/pompapompa-do-wody-czystej-liftphotoAid-removed-background-1-150x150.png 150w, https:\/\/xymen.pl\/wp-content\/uploads\/2023\/08\/pompapompa-do-wody-czystej-liftphotoAid-removed-background-1-768x768.png 768w, https:\/\/xymen.pl\/wp-content\/uploads\/2023\/08\/pompapompa-do-wody-czystej-liftphotoAid-removed-background-1-600x600.png 600w, https:\/\/xymen.pl\/wp-content\/uploads\/2023\/08\/pompapompa-do-wody-czystej-liftphotoAid-removed-background-1-100x100.png 100w, https:\/\/xymen.pl\/wp-content\/uploads\/2023\/08\/pompapompa-do-wody-czystej-liftphotoAid-removed-background-1-50x50.png 50w, https:\/\/xymen.pl\/wp-content\/uploads\/2023\/08\/pompapompa-do-wody-czystej-liftphotoAid-removed-background-1.png 1000w\" sizes=\"(max-width: 300px) 100vw, 300px\" \/><\/p>\n<h5>Operating parameters:<\/h5>\n<ul>\n<li>Max. capacity 92 l\/min <\/li>\n<li>Max. liquid temperature 30\u00b0C <\/li>\n<li>Max. lifting height 40m <\/li>\n<li>Max. pressure 4atm <\/li>\n<\/ul>\n<h5>Pump construction:<\/h5>\n<ul>\n<li>PVC + stainless steel housing<\/li>\n<li>Stainless steel shaft<\/li>\n<li>Diameter of the pressed pipe connection 1&#8243;<\/li>\n<\/ul>\n<h5>Additionally, you can purchase:<\/h5>\n<p>Rainwater overflow filter<\/p>\n<p>D300 Marseplast<\/p>\n<p><a href=\"https:\/\/xymen.pl\/produkt\/filtr-przelewowy-do-wody-deszczowej-d300-marseplast\/\"><img loading=\"lazy\" decoding=\"async\" class=\"alignnone wp-image-6209\" src=\"https:\/\/xymen.pl\/wp-content\/uploads\/2023\/08\/filtrfiltr-dropFilterphotoAid-removed-background-300x241.png\" alt=\"\" width=\"226\" height=\"181\" srcset=\"https:\/\/xymen.pl\/wp-content\/uploads\/2023\/08\/filtrfiltr-dropFilterphotoAid-removed-background-300x241.png 300w, https:\/\/xymen.pl\/wp-content\/uploads\/2023\/08\/filtrfiltr-dropFilterphotoAid-removed-background-1024x822.png 1024w, https:\/\/xymen.pl\/wp-content\/uploads\/2023\/08\/filtrfiltr-dropFilterphotoAid-removed-background-768x616.png 768w, https:\/\/xymen.pl\/wp-content\/uploads\/2023\/08\/filtrfiltr-dropFilterphotoAid-removed-background-1536x1232.png 1536w, https:\/\/xymen.pl\/wp-content\/uploads\/2023\/08\/filtrfiltr-dropFilterphotoAid-removed-background-2048x1643.png 2048w, https:\/\/xymen.pl\/wp-content\/uploads\/2023\/08\/filtrfiltr-dropFilterphotoAid-removed-background-600x481.png 600w\" sizes=\"(max-width: 226px) 100vw, 226px\" \/><\/a><\/p>\n<p>D400 Aquabin<\/p>\n<p><a href=\"https:\/\/xymen.pl\/produkt\/filtr-przelewowy-do-wody-deszczowej-d400-aquabin\/\"><img loading=\"lazy\" decoding=\"async\" class=\"alignnone wp-image-6210\" src=\"https:\/\/xymen.pl\/wp-content\/uploads\/2023\/08\/filtrAQ01-22-0x470-c-defaultphotoAid-removed-background-298x300.png\" alt=\"\" width=\"225\" height=\"227\" srcset=\"https:\/\/xymen.pl\/wp-content\/uploads\/2023\/08\/filtrAQ01-22-0x470-c-defaultphotoAid-removed-background-298x300.png 298w, https:\/\/xymen.pl\/wp-content\/uploads\/2023\/08\/filtrAQ01-22-0x470-c-defaultphotoAid-removed-background-150x150.png 150w, https:\/\/xymen.pl\/wp-content\/uploads\/2023\/08\/filtrAQ01-22-0x470-c-defaultphotoAid-removed-background-100x100.png 100w, https:\/\/xymen.pl\/wp-content\/uploads\/2023\/08\/filtrAQ01-22-0x470-c-defaultphotoAid-removed-background-50x50.png 50w, https:\/\/xymen.pl\/wp-content\/uploads\/2023\/08\/filtrAQ01-22-0x470-c-defaultphotoAid-removed-background.png 467w\" sizes=\"(max-width: 225px) 100vw, 225px\" \/><\/a><\/p>\n<p data-wp-editing=\"1\">Water intake well with 3\/4&#8243; valve<\/p>\n<p data-wp-editing=\"1\"><a href=\"https:\/\/xymen.pl\/produkt\/studzienka-poboru-wody-z-zaworem-3-4\/\"><img loading=\"lazy\" decoding=\"async\" class=\"alignnone size-medium wp-image-6211\" src=\"https:\/\/xymen.pl\/wp-content\/uploads\/2023\/08\/stpoboru2600-2-0x470-c-defaultphotoAid-removed-background-298x300.png\" alt=\"\" width=\"298\" height=\"300\" srcset=\"https:\/\/xymen.pl\/wp-content\/uploads\/2023\/08\/stpoboru2600-2-0x470-c-defaultphotoAid-removed-background-298x300.png 298w, https:\/\/xymen.pl\/wp-content\/uploads\/2023\/08\/stpoboru2600-2-0x470-c-defaultphotoAid-removed-background-150x150.png 150w, https:\/\/xymen.pl\/wp-content\/uploads\/2023\/08\/stpoboru2600-2-0x470-c-defaultphotoAid-removed-background-100x100.png 100w, https:\/\/xymen.pl\/wp-content\/uploads\/2023\/08\/stpoboru2600-2-0x470-c-defaultphotoAid-removed-background-50x50.png 50w, https:\/\/xymen.pl\/wp-content\/uploads\/2023\/08\/stpoboru2600-2-0x470-c-defaultphotoAid-removed-background.png 467w\" sizes=\"(max-width: 298px) 100vw, 298px\" \/><\/a><\/p>\n<p data-wp-editing=\"1\">Tank dimensions:<\/p>\n<p data-wp-editing=\"1\">A : 1,68m<\/p>\n<p data-wp-editing=\"1\">B : 1,24m<\/p>\n<p data-wp-editing=\"1\">C : 2,22m<\/p>\n<p data-wp-editing=\"1\"><img loading=\"lazy\" decoding=\"async\" class=\"alignnone size-medium wp-image-5969\" src=\"https:\/\/xymen.pl\/wp-content\/uploads\/2023\/03\/b25-300x283.png\" alt=\"\" width=\"300\" height=\"283\" srcset=\"https:\/\/xymen.pl\/wp-content\/uploads\/2023\/03\/b25-300x283.png 300w, https:\/\/xymen.pl\/wp-content\/uploads\/2023\/03\/b25.png 429w\" sizes=\"(max-width: 300px) 100vw, 300px\" \/><\/p>\n<p>&nbsp;<\/p>\n<p>&nbsp;<\/p>\n<p>&nbsp;<\/p>\n","protected":false},"excerpt":{"rendered":"<p>Bolt underground rainwater storage tank with a capacity of 2500 liters. The tank is manufactured using the rotomolding method from high-quality polyethylene. The tank is homogeneous, ensuring its tightness and durability. Stored water in a tank can be used to water plants on a8&gt; plot, washing the car or also other cleaning tasks. The pump [&hellip;]<\/p>\n","protected":false},"featured_media":6226,"comment_status":"open","ping_status":"closed","template":"","meta":{"_acf_changed":false,"_glsr_average":0,"_glsr_ranking":0,"_glsr_reviews":0},"product_brand":[],"product_cat":[404,358,359],"product_tag":[353,352],"class_list":{"0":"post-17470","1":"product","2":"type-product","3":"status-publish","4":"has-post-thumbnail","6":"product_cat-2500-l-en-2","7":"product_cat-rainwater-tanks","8":"product_cat-underground","9":"product_tag-marseplast-en","10":"product_tag-standard-en","12":"first","13":"instock","14":"taxable","15":"shipping-taxable","16":"purchasable","17":"product-type-simple"},"acf":{"xymen_capacity":""},"yoast_head":"<!-- This site is optimized with the Yoast SEO plugin v27.1.1 - https:\/\/yoast.com\/product\/yoast-seo-wordpress\/ -->\n<title>Tank for rainwater MARSEPLAST Bolt 2500l with pump<\/title>\n<meta name=\"description\" content=\"Bolt underground rainwater storage tank with a capacity of 2500 liters. Having a tank allows us to reduce our consumption of water from the mains.\" \/>\n<meta name=\"robots\" content=\"index, follow, max-snippet:-1, max-image-preview:large, max-video-preview:-1\" \/>\n<link rel=\"canonical\" href=\"https:\/\/xymen.pl\/en\/product\/marseplast-bolt-2500l-rainwater-tank-with-float-pump\/\" \/>\n<meta property=\"og:locale\" content=\"en_US\" \/>\n<meta property=\"og:type\" content=\"article\" \/>\n<meta property=\"og:title\" content=\"MARSEPLAST Bolt 2500l rainwater tank with float pump\" \/>\n<meta property=\"og:description\" content=\"The MARSEPLAST Bolt 2500l rainwater tank with a float pump is an effective solution for collecting and using rainwater. Thanks to the automatic float pump, you can easily and conveniently use clean rainwater.\" \/>\n<meta property=\"og:url\" content=\"https:\/\/xymen.pl\/en\/product\/marseplast-bolt-2500l-rainwater-tank-with-float-pump\/\" \/>\n<meta property=\"og:site_name\" content=\"XYMEN\" \/>\n<meta property=\"og:image\" content=\"https:\/\/xymen.pl\/wp-content\/uploads\/2023\/08\/BOLT25001BOLT2500-1024x1024.png\" \/>\n<meta name=\"twitter:card\" content=\"summary_large_image\" \/>\n<meta name=\"twitter:title\" content=\"MARSEPLAST Bolt 2500l rainwater tank with float pump\" \/>\n<meta name=\"twitter:description\" content=\"The MARSEPLAST Bolt 2500l rainwater tank with a float pump is an effective solution for collecting and using rainwater. Thanks to the automatic float pump, you can easily and conveniently use clean rainwater.\" \/>\n<meta name=\"twitter:image\" content=\"https:\/\/xymen.pl\/wp-content\/uploads\/2023\/08\/BOLT25001BOLT2500-1024x1024.png\" \/>\n<meta name=\"twitter:label1\" content=\"Est. reading time\" \/>\n\t<meta name=\"twitter:data1\" content=\"1 minute\" \/>\n<script type=\"application\/ld+json\" class=\"yoast-schema-graph\">{\"@context\":\"https:\/\/schema.org\",\"@graph\":[{\"@type\":\"WebPage\",\"@id\":\"https:\/\/xymen.pl\/en\/product\/marseplast-bolt-2500l-rainwater-tank-with-float-pump\/\",\"url\":\"https:\/\/xymen.pl\/en\/product\/marseplast-bolt-2500l-rainwater-tank-with-float-pump\/\",\"name\":\"Tank for rainwater MARSEPLAST Bolt 2500l with pump\",\"isPartOf\":{\"@id\":\"https:\/\/xymen.pl\/en\/#website\"},\"primaryImageOfPage\":{\"@id\":\"https:\/\/xymen.pl\/en\/product\/marseplast-bolt-2500l-rainwater-tank-with-float-pump\/#primaryimage\"},\"image\":{\"@id\":\"https:\/\/xymen.pl\/en\/product\/marseplast-bolt-2500l-rainwater-tank-with-float-pump\/#primaryimage\"},\"thumbnailUrl\":\"https:\/\/xymen.pl\/wp-content\/uploads\/2023\/08\/BOLT25001BOLT2500.png\",\"datePublished\":\"2023-08-08T08:38:31+00:00\",\"description\":\"Bolt underground rainwater storage tank with a capacity of 2500 liters. Having a tank allows us to reduce our consumption of water from the mains.\",\"breadcrumb\":{\"@id\":\"https:\/\/xymen.pl\/en\/product\/marseplast-bolt-2500l-rainwater-tank-with-float-pump\/#breadcrumb\"},\"inLanguage\":\"en-US\",\"potentialAction\":[{\"@type\":\"ReadAction\",\"target\":[\"https:\/\/xymen.pl\/en\/product\/marseplast-bolt-2500l-rainwater-tank-with-float-pump\/\"]}]},{\"@type\":\"ImageObject\",\"inLanguage\":\"en-US\",\"@id\":\"https:\/\/xymen.pl\/en\/product\/marseplast-bolt-2500l-rainwater-tank-with-float-pump\/#primaryimage\",\"url\":\"https:\/\/xymen.pl\/wp-content\/uploads\/2023\/08\/BOLT25001BOLT2500.png\",\"contentUrl\":\"https:\/\/xymen.pl\/wp-content\/uploads\/2023\/08\/BOLT25001BOLT2500.png\",\"width\":4000,\"height\":3999,\"caption\":\"marseplast bolt 2500L z pomp\u0105 p\u0142ywakow\u0105, Zbiornik na wod\u0119 deszczow\u0105, zbiornik na wod\u0119, zbiornik na deszcz\u00f3wk\u0119\"},{\"@type\":\"BreadcrumbList\",\"@id\":\"https:\/\/xymen.pl\/en\/product\/marseplast-bolt-2500l-rainwater-tank-with-float-pump\/#breadcrumb\",\"itemListElement\":[{\"@type\":\"ListItem\",\"position\":1,\"name\":\"Products\",\"item\":\"https:\/\/xymen.pl\/en\/products\/\"},{\"@type\":\"ListItem\",\"position\":2,\"name\":\"MARSEPLAST Bolt 2500l rainwater tank with float pump\"}]},{\"@type\":\"WebSite\",\"@id\":\"https:\/\/xymen.pl\/en\/#website\",\"url\":\"https:\/\/xymen.pl\/en\/\",\"name\":\"XYMEN\",\"description\":\"zbiorniki na deszcz\u00f3wk\u0119 | ekologiczne oczyszczalnie \u015bciek\u00f3w\",\"publisher\":{\"@id\":\"https:\/\/xymen.pl\/en\/#organization\"},\"potentialAction\":[{\"@type\":\"SearchAction\",\"target\":{\"@type\":\"EntryPoint\",\"urlTemplate\":\"https:\/\/xymen.pl\/en\/?s={search_term_string}\"},\"query-input\":{\"@type\":\"PropertyValueSpecification\",\"valueRequired\":true,\"valueName\":\"search_term_string\"}}],\"inLanguage\":\"en-US\"},{\"@type\":\"Organization\",\"@id\":\"https:\/\/xymen.pl\/en\/#organization\",\"name\":\"XYMEN\",\"url\":\"https:\/\/xymen.pl\/en\/\",\"logo\":{\"@type\":\"ImageObject\",\"inLanguage\":\"en-US\",\"@id\":\"https:\/\/xymen.pl\/en\/#\/schema\/logo\/image\/\",\"url\":\"https:\/\/xymen.pl\/wp-content\/uploads\/2023\/02\/xymenpl-logo-1612299642.png\",\"contentUrl\":\"https:\/\/xymen.pl\/wp-content\/uploads\/2023\/02\/xymenpl-logo-1612299642.png\",\"width\":222,\"height\":218,\"caption\":\"XYMEN\"},\"image\":{\"@id\":\"https:\/\/xymen.pl\/en\/#\/schema\/logo\/image\/\"}}]}<\/script>\n<!-- \/ Yoast SEO plugin. -->","yoast_head_json":{"title":"Tank for rainwater MARSEPLAST Bolt 2500l with pump","description":"Bolt underground rainwater storage tank with a capacity of 2500 liters. Having a tank allows us to reduce our consumption of water from the mains.","robots":{"index":"index","follow":"follow","max-snippet":"max-snippet:-1","max-image-preview":"max-image-preview:large","max-video-preview":"max-video-preview:-1"},"canonical":"https:\/\/xymen.pl\/en\/product\/marseplast-bolt-2500l-rainwater-tank-with-float-pump\/","og_locale":"en_US","og_type":"article","og_title":"MARSEPLAST Bolt 2500l rainwater tank with float pump","og_description":"The MARSEPLAST Bolt 2500l rainwater tank with a float pump is an effective solution for collecting and using rainwater. Thanks to the automatic float pump, you can easily and conveniently use clean rainwater.","og_url":"https:\/\/xymen.pl\/en\/product\/marseplast-bolt-2500l-rainwater-tank-with-float-pump\/","og_site_name":"XYMEN","og_image":[{"url":"https:\/\/xymen.pl\/wp-content\/uploads\/2023\/08\/BOLT25001BOLT2500-1024x1024.png","type":"","width":"","height":""}],"twitter_card":"summary_large_image","twitter_title":"MARSEPLAST Bolt 2500l rainwater tank with float pump","twitter_description":"The MARSEPLAST Bolt 2500l rainwater tank with a float pump is an effective solution for collecting and using rainwater. Thanks to the automatic float pump, you can easily and conveniently use clean rainwater.","twitter_image":"https:\/\/xymen.pl\/wp-content\/uploads\/2023\/08\/BOLT25001BOLT2500-1024x1024.png","twitter_misc":{"Est. reading time":"1 minute"},"schema":{"@context":"https:\/\/schema.org","@graph":[{"@type":"WebPage","@id":"https:\/\/xymen.pl\/en\/product\/marseplast-bolt-2500l-rainwater-tank-with-float-pump\/","url":"https:\/\/xymen.pl\/en\/product\/marseplast-bolt-2500l-rainwater-tank-with-float-pump\/","name":"Tank for rainwater MARSEPLAST Bolt 2500l with pump","isPartOf":{"@id":"https:\/\/xymen.pl\/en\/#website"},"primaryImageOfPage":{"@id":"https:\/\/xymen.pl\/en\/product\/marseplast-bolt-2500l-rainwater-tank-with-float-pump\/#primaryimage"},"image":{"@id":"https:\/\/xymen.pl\/en\/product\/marseplast-bolt-2500l-rainwater-tank-with-float-pump\/#primaryimage"},"thumbnailUrl":"https:\/\/xymen.pl\/wp-content\/uploads\/2023\/08\/BOLT25001BOLT2500.png","datePublished":"2023-08-08T08:38:31+00:00","description":"Bolt underground rainwater storage tank with a capacity of 2500 liters. Having a tank allows us to reduce our consumption of water from the mains.","breadcrumb":{"@id":"https:\/\/xymen.pl\/en\/product\/marseplast-bolt-2500l-rainwater-tank-with-float-pump\/#breadcrumb"},"inLanguage":"en-US","potentialAction":[{"@type":"ReadAction","target":["https:\/\/xymen.pl\/en\/product\/marseplast-bolt-2500l-rainwater-tank-with-float-pump\/"]}]},{"@type":"ImageObject","inLanguage":"en-US","@id":"https:\/\/xymen.pl\/en\/product\/marseplast-bolt-2500l-rainwater-tank-with-float-pump\/#primaryimage","url":"https:\/\/xymen.pl\/wp-content\/uploads\/2023\/08\/BOLT25001BOLT2500.png","contentUrl":"https:\/\/xymen.pl\/wp-content\/uploads\/2023\/08\/BOLT25001BOLT2500.png","width":4000,"height":3999,"caption":"marseplast bolt 2500L z pomp\u0105 p\u0142ywakow\u0105, Zbiornik na wod\u0119 deszczow\u0105, zbiornik na wod\u0119, zbiornik na deszcz\u00f3wk\u0119"},{"@type":"BreadcrumbList","@id":"https:\/\/xymen.pl\/en\/product\/marseplast-bolt-2500l-rainwater-tank-with-float-pump\/#breadcrumb","itemListElement":[{"@type":"ListItem","position":1,"name":"Products","item":"https:\/\/xymen.pl\/en\/products\/"},{"@type":"ListItem","position":2,"name":"MARSEPLAST Bolt 2500l rainwater tank with float pump"}]},{"@type":"WebSite","@id":"https:\/\/xymen.pl\/en\/#website","url":"https:\/\/xymen.pl\/en\/","name":"XYMEN","description":"zbiorniki na deszcz\u00f3wk\u0119 | ekologiczne oczyszczalnie \u015bciek\u00f3w","publisher":{"@id":"https:\/\/xymen.pl\/en\/#organization"},"potentialAction":[{"@type":"SearchAction","target":{"@type":"EntryPoint","urlTemplate":"https:\/\/xymen.pl\/en\/?s={search_term_string}"},"query-input":{"@type":"PropertyValueSpecification","valueRequired":true,"valueName":"search_term_string"}}],"inLanguage":"en-US"},{"@type":"Organization","@id":"https:\/\/xymen.pl\/en\/#organization","name":"XYMEN","url":"https:\/\/xymen.pl\/en\/","logo":{"@type":"ImageObject","inLanguage":"en-US","@id":"https:\/\/xymen.pl\/en\/#\/schema\/logo\/image\/","url":"https:\/\/xymen.pl\/wp-content\/uploads\/2023\/02\/xymenpl-logo-1612299642.png","contentUrl":"https:\/\/xymen.pl\/wp-content\/uploads\/2023\/02\/xymenpl-logo-1612299642.png","width":222,"height":218,"caption":"XYMEN"},"image":{"@id":"https:\/\/xymen.pl\/en\/#\/schema\/logo\/image\/"}}]}},"_links":{"self":[{"href":"https:\/\/xymen.pl\/en\/wp-json\/wp\/v2\/product\/17470","targetHints":{"allow":["GET"]}}],"collection":[{"href":"https:\/\/xymen.pl\/en\/wp-json\/wp\/v2\/product"}],"about":[{"href":"https:\/\/xymen.pl\/en\/wp-json\/wp\/v2\/types\/product"}],"replies":[{"embeddable":true,"href":"https:\/\/xymen.pl\/en\/wp-json\/wp\/v2\/comments?post=17470"}],"wp:featuredmedia":[{"embeddable":true,"href":"https:\/\/xymen.pl\/en\/wp-json\/wp\/v2\/media\/6226"}],"wp:attachment":[{"href":"https:\/\/xymen.pl\/en\/wp-json\/wp\/v2\/media?parent=17470"}],"wp:term":[{"taxonomy":"product_brand","embeddable":true,"href":"https:\/\/xymen.pl\/en\/wp-json\/wp\/v2\/product_brand?post=17470"},{"taxonomy":"product_cat","embeddable":true,"href":"https:\/\/xymen.pl\/en\/wp-json\/wp\/v2\/product_cat?post=17470"},{"taxonomy":"product_tag","embeddable":true,"href":"https:\/\/xymen.pl\/en\/wp-json\/wp\/v2\/product_tag?post=17470"}],"curies":[{"name":"wp","href":"https:\/\/api.w.org\/{rel}","templated":true}]}}