{"id":17475,"date":"2023-08-07T09:25:43","date_gmt":"2023-08-07T07:25:43","guid":{"rendered":"https:\/\/xymen.pl\/produkt\/marseplast-drop-water-3-0-rainwater-tank-with-automatic-pump\/"},"modified":"2025-10-21T10:01:11","modified_gmt":"2025-10-21T08:01:11","slug":"marseplast-drop-water-3-0-rainwater-tank-with-automatic-pump","status":"publish","type":"product","link":"https:\/\/xymen.pl\/en\/product\/marseplast-drop-water-3-0-rainwater-tank-with-automatic-pump\/","title":{"rendered":"MARSEPLAST Drop Water 3.0 rainwater tank with automatic pump"},"content":{"rendered":"<p><img decoding=\"async\" class=\"alignnone wp-image-2705\" src=\"https:\/\/xymen.pl\/wp-content\/uploads\/2023\/03\/7.png\" alt=\"\" width=\"142\" height=\"142\" srcset=\"https:\/\/xymen.pl\/wp-content\/uploads\/2023\/03\/7.png 280w, https:\/\/xymen.pl\/wp-content\/uploads\/2023\/03\/7-150x150.png 150w, https:\/\/xymen.pl\/wp-content\/uploads\/2023\/03\/7-100x100.png 100w, https:\/\/xymen.pl\/wp-content\/uploads\/2023\/03\/7-50x50.png 50w\" sizes=\"(max-width: 142px) 100vw, 142px\" \/><\/p>\n<p>The Drop Water 3.0 underground tank is the ideal solution for storing rainwater. Storing rainwater in a tank allows us to use it for watering plants, lawns, washing cars, etc. Placing an automatic pump in the tank makes it easier for us a6&gt; all work related to the use of water stored in the tank.<\/p>\n<p>Having a rainwater tank allows us to save money and reduce our consumption of water from the mains supply.<\/p>\n<p>The tank is manufactured using rotomolding technology from high-quality PEHD plastic.<\/p>\n<p>The tank is uniform, with no joints, which translates into 100% tightness.<\/p>\n<p>The tank has an inspection opening and an inspection hatch secured against access by third parties.<\/p>\n<p>The inflow to the rainwater tank can be supplied using a pipe with a diameter of \u00d8110 or \u00d8160.<\/p>\n<h5>Lift 45 automatic pump<\/h5>\n<p><img fetchpriority=\"high\" decoding=\"async\" class=\"alignnone size-medium wp-image-6207\" src=\"https:\/\/xymen.pl\/wp-content\/uploads\/2023\/08\/pompaliftpompa-zatapialna-do-wody-czystej-lift-automat_preview_rev_1-300x300.png\" alt=\"\" width=\"300\" height=\"300\" srcset=\"https:\/\/xymen.pl\/wp-content\/uploads\/2023\/08\/pompaliftpompa-zatapialna-do-wody-czystej-lift-automat_preview_rev_1-300x300.png 300w, https:\/\/xymen.pl\/wp-content\/uploads\/2023\/08\/pompaliftpompa-zatapialna-do-wody-czystej-lift-automat_preview_rev_1-150x150.png 150w, https:\/\/xymen.pl\/wp-content\/uploads\/2023\/08\/pompaliftpompa-zatapialna-do-wody-czystej-lift-automat_preview_rev_1-100x100.png 100w, https:\/\/xymen.pl\/wp-content\/uploads\/2023\/08\/pompaliftpompa-zatapialna-do-wody-czystej-lift-automat_preview_rev_1-50x50.png 50w, https:\/\/xymen.pl\/wp-content\/uploads\/2023\/08\/pompaliftpompa-zatapialna-do-wody-czystej-lift-automat_preview_rev_1.png 500w\" sizes=\"(max-width: 300px) 100vw, 300px\" \/><\/p>\n<h5>Operating parameters:<\/h5>\n<ul>\n<li>Max. capacity 100 l\/min <\/li>\n<li>Max. liquid temperature 30\u00b0C <\/li>\n<li>Max. lifting height 45m <\/li>\n<li>Max. pressure 4.5 atm <\/li>\n<\/ul>\n<h5>Pump construction:<\/h5>\n<ul>\n<li>PVC + stainless steel housing<\/li>\n<li>PVC impeller<\/li>\n<li>1&#8243; discharge outlet<\/li>\n<\/ul>\n<p>&nbsp;<\/p>\n<h5>Additionally, you can purchase:<\/h5>\n<p>Rainwater overflow filter<img decoding=\"async\" class=\"alignnone size-medium wp-image-6268\" src=\"https:\/\/xymen.pl\/wp-content\/uploads\/2023\/08\/dropnowy-Marseplast-3000l-Woda-deszczowa-pompa-300x300.jpg\" alt=\"\" width=\"300\" height=\"300\" srcset=\"https:\/\/xymen.pl\/wp-content\/uploads\/2023\/08\/dropnowy-Marseplast-3000l-Woda-deszczowa-pompa-300x300.jpg 300w, https:\/\/xymen.pl\/wp-content\/uploads\/2023\/08\/dropnowy-Marseplast-3000l-Woda-deszczowa-pompa-1024x1024.jpg 1024w, https:\/\/xymen.pl\/wp-content\/uploads\/2023\/08\/dropnowy-Marseplast-3000l-Woda-deszczowa-pompa-150x150.jpg 150w, https:\/\/xymen.pl\/wp-content\/uploads\/2023\/08\/dropnowy-Marseplast-3000l-Woda-deszczowa-pompa-768x768.jpg 768w, https:\/\/xymen.pl\/wp-content\/uploads\/2023\/08\/dropnowy-Marseplast-3000l-Woda-deszczowa-pompa-1536x1536.jpg 1536w, https:\/\/xymen.pl\/wp-content\/uploads\/2023\/08\/dropnowy-Marseplast-3000l-Woda-deszczowa-pompa-2048x2048.jpg 2048w, https:\/\/xymen.pl\/wp-content\/uploads\/2023\/08\/dropnowy-Marseplast-3000l-Woda-deszczowa-pompa-600x600.jpg 600w, https:\/\/xymen.pl\/wp-content\/uploads\/2023\/08\/dropnowy-Marseplast-3000l-Woda-deszczowa-pompa-100x100.jpg 100w, https:\/\/xymen.pl\/wp-content\/uploads\/2023\/08\/dropnowy-Marseplast-3000l-Woda-deszczowa-pompa-50x50.jpg 50w\" sizes=\"(max-width: 300px) 100vw, 300px\" \/><\/p>\n<p>D300 Marseplast<\/p>\n<p data-wp-editing=\"1\">    <a href=\"https:\/\/xymen.pl\/en\/product\/d300-marseplast-rainwater-overflow-filter\/\"><img loading=\"lazy\" decoding=\"async\" class=\"alignnone wp-image-6209\" src=\"https:\/\/xymen.pl\/wp-content\/uploads\/2023\/08\/filtrfiltr-dropFilterphotoAid-removed-background-300x241.png\" alt=\"\" width=\"196\" height=\"157\" srcset=\"https:\/\/xymen.pl\/wp-content\/uploads\/2023\/08\/filtrfiltr-dropFilterphotoAid-removed-background-300x241.png 300w, https:\/\/xymen.pl\/wp-content\/uploads\/2023\/08\/filtrfiltr-dropFilterphotoAid-removed-background-1024x822.png 1024w, https:\/\/xymen.pl\/wp-content\/uploads\/2023\/08\/filtrfiltr-dropFilterphotoAid-removed-background-768x616.png 768w, https:\/\/xymen.pl\/wp-content\/uploads\/2023\/08\/filtrfiltr-dropFilterphotoAid-removed-background-1536x1232.png 1536w, https:\/\/xymen.pl\/wp-content\/uploads\/2023\/08\/filtrfiltr-dropFilterphotoAid-removed-background-2048x1643.png 2048w, https:\/\/xymen.pl\/wp-content\/uploads\/2023\/08\/filtrfiltr-dropFilterphotoAid-removed-background-600x481.png 600w\" sizes=\"(max-width: 196px) 100vw, 196px\" \/><\/a><\/p>\n<p data-wp-editing=\"1\">D400 Aquabin<\/p>\n<p data-wp-editing=\"1\"><a href=\"https:\/\/xymen.pl\/en\/product\/d400-aquabin-rainwater-overflow-filter\/\"><img loading=\"lazy\" decoding=\"async\" class=\"alignnone wp-image-6210\" src=\"https:\/\/xymen.pl\/wp-content\/uploads\/2023\/08\/filtrAQ01-22-0x470-c-defaultphotoAid-removed-background-298x300.png\" alt=\"\" width=\"190\" height=\"191\" srcset=\"https:\/\/xymen.pl\/wp-content\/uploads\/2023\/08\/filtrAQ01-22-0x470-c-defaultphotoAid-removed-background-298x300.png 298w, https:\/\/xymen.pl\/wp-content\/uploads\/2023\/08\/filtrAQ01-22-0x470-c-defaultphotoAid-removed-background-150x150.png 150w, https:\/\/xymen.pl\/wp-content\/uploads\/2023\/08\/filtrAQ01-22-0x470-c-defaultphotoAid-removed-background-300x300.png 300w, https:\/\/xymen.pl\/wp-content\/uploads\/2023\/08\/filtrAQ01-22-0x470-c-defaultphotoAid-removed-background-100x100.png 100w, https:\/\/xymen.pl\/wp-content\/uploads\/2023\/08\/filtrAQ01-22-0x470-c-defaultphotoAid-removed-background-50x50.png 50w, https:\/\/xymen.pl\/wp-content\/uploads\/2023\/08\/filtrAQ01-22-0x470-c-defaultphotoAid-removed-background.png 467w\" sizes=\"(max-width: 190px) 100vw, 190px\" \/><\/a><\/p>\n<p data-wp-editing=\"1\">Water intake well with 3\/4&#8243; valve<\/p>\n<p data-wp-editing=\"1\"><a href=\"https:\/\/xymen.pl\/en\/product\/water-intake-well-with-3-4-valve\/\"><img loading=\"lazy\" decoding=\"async\" class=\"alignnone size-medium wp-image-6211\" src=\"https:\/\/xymen.pl\/wp-content\/uploads\/2023\/08\/stpoboru2600-2-0x470-c-defaultphotoAid-removed-background-298x300.png\" alt=\"\" width=\"298\" height=\"300\" srcset=\"https:\/\/xymen.pl\/wp-content\/uploads\/2023\/08\/stpoboru2600-2-0x470-c-defaultphotoAid-removed-background-298x300.png 298w, https:\/\/xymen.pl\/wp-content\/uploads\/2023\/08\/stpoboru2600-2-0x470-c-defaultphotoAid-removed-background-150x150.png 150w, https:\/\/xymen.pl\/wp-content\/uploads\/2023\/08\/stpoboru2600-2-0x470-c-defaultphotoAid-removed-background-100x100.png 100w, https:\/\/xymen.pl\/wp-content\/uploads\/2023\/08\/stpoboru2600-2-0x470-c-defaultphotoAid-removed-background-50x50.png 50w, https:\/\/xymen.pl\/wp-content\/uploads\/2023\/08\/stpoboru2600-2-0x470-c-defaultphotoAid-removed-background.png 467w\" sizes=\"(max-width: 298px) 100vw, 298px\" \/><\/a><\/p>\n<p data-wp-editing=\"1\">Tank dimensions:<\/p>\n<p data-wp-editing=\"1\">A : 1,57m<\/p>\n<p data-wp-editing=\"1\">B : 1,21m<\/p>\n<p data-wp-editing=\"1\">C : 2,70m<\/p>\n<p data-wp-editing=\"1\"><img loading=\"lazy\" decoding=\"async\" class=\"alignnone size-medium wp-image-5896\" src=\"https:\/\/xymen.pl\/wp-content\/uploads\/2023\/03\/30-300x281.png\" alt=\"\" width=\"300\" height=\"281\" srcset=\"https:\/\/xymen.pl\/wp-content\/uploads\/2023\/03\/30-300x281.png 300w, https:\/\/xymen.pl\/wp-content\/uploads\/2023\/03\/30.png 434w\" sizes=\"(max-width: 300px) 100vw, 300px\" \/><\/p>\n<p>&nbsp;<\/p>\n<p>&nbsp;<\/p>\n<p>&nbsp;<\/p>\n<p>&nbsp;<\/p>\n","protected":false},"excerpt":{"rendered":"<p>The Drop Water 3.0 underground tank is the ideal solution for storing rainwater. Storing rainwater in a tank allows us to use it for watering plants, lawns, washing cars, etc. Placing an automatic pump in the tank makes it easier for us a6&gt; all work related to the use of water stored in the tank. [&hellip;]<\/p>\n","protected":false},"featured_media":6202,"comment_status":"open","ping_status":"closed","template":"","meta":{"_acf_changed":false,"_glsr_average":0,"_glsr_ranking":0,"_glsr_reviews":0},"product_brand":[],"product_cat":[360,358,359],"product_tag":[353],"class_list":{"0":"post-17475","1":"product","2":"type-product","3":"status-publish","4":"has-post-thumbnail","6":"product_cat-3000-l-en","7":"product_cat-rainwater-tanks","8":"product_cat-underground","9":"product_tag-marseplast-en","11":"first","12":"instock","13":"taxable","14":"shipping-taxable","15":"purchasable","16":"product-type-simple"},"acf":{"xymen_capacity":""},"yoast_head":"<!-- This site is optimized with the Yoast SEO plugin v27.1.1 - https:\/\/yoast.com\/product\/yoast-seo-wordpress\/ -->\n<title>MARSEPLAST Drop Water 3.0 rainwater tank with automatic pump | XYMEN<\/title>\n<meta name=\"robots\" content=\"index, follow, max-snippet:-1, max-image-preview:large, max-video-preview:-1\" \/>\n<link rel=\"canonical\" href=\"https:\/\/xymen.pl\/en\/product\/marseplast-drop-water-3-0-rainwater-tank-with-automatic-pump\/\" \/>\n<meta property=\"og:locale\" content=\"en_US\" \/>\n<meta property=\"og:type\" content=\"article\" \/>\n<meta property=\"og:title\" content=\"MARSEPLAST Drop Water 3.0 rainwater tank with automatic pump\" \/>\n<meta property=\"og:description\" content=\"With the MARSEPLAST Drop Water 3.0 3000l rainwater tank with rainwater harvesting kit, you can enjoy independence in your water supply. Use clean rainwater for a variety of purposes with this advanced rainwater harvesting system.\" \/>\n<meta property=\"og:url\" content=\"https:\/\/xymen.pl\/en\/product\/marseplast-drop-water-3-0-rainwater-tank-with-automatic-pump\/\" \/>\n<meta property=\"og:site_name\" content=\"XYMEN\" \/>\n<meta property=\"article:modified_time\" content=\"2025-10-21T08:01:11+00:00\" \/>\n<meta property=\"og:image\" content=\"https:\/\/xymen.pl\/wp-content\/uploads\/2023\/08\/water330mar-300x300.jpg\" \/>\n<meta name=\"twitter:card\" content=\"summary_large_image\" \/>\n<meta name=\"twitter:title\" content=\"MARSEPLAST Drop Water 3.0 rainwater tank with automatic pump\" \/>\n<meta name=\"twitter:description\" content=\"With the MARSEPLAST Drop Water 3.0 3000l rainwater tank with rainwater harvesting kit, you can enjoy independence in your water supply. Use clean rainwater for a variety of purposes with this advanced rainwater harvesting system.\" \/>\n<meta name=\"twitter:image\" content=\"https:\/\/xymen.pl\/wp-content\/uploads\/2023\/08\/water330mar-1024x1024.jpg\" \/>\n<meta name=\"twitter:label1\" content=\"Est. reading time\" \/>\n\t<meta name=\"twitter:data1\" content=\"1 minute\" \/>\n<script type=\"application\/ld+json\" class=\"yoast-schema-graph\">{\"@context\":\"https:\/\/schema.org\",\"@graph\":[{\"@type\":\"WebPage\",\"@id\":\"https:\/\/xymen.pl\/en\/product\/marseplast-drop-water-3-0-rainwater-tank-with-automatic-pump\/\",\"url\":\"https:\/\/xymen.pl\/en\/product\/marseplast-drop-water-3-0-rainwater-tank-with-automatic-pump\/\",\"name\":\"MARSEPLAST Drop Water 3.0 rainwater tank with automatic pump | XYMEN\",\"isPartOf\":{\"@id\":\"https:\/\/xymen.pl\/en\/#website\"},\"primaryImageOfPage\":{\"@id\":\"https:\/\/xymen.pl\/en\/product\/marseplast-drop-water-3-0-rainwater-tank-with-automatic-pump\/#primaryimage\"},\"image\":{\"@id\":\"https:\/\/xymen.pl\/en\/product\/marseplast-drop-water-3-0-rainwater-tank-with-automatic-pump\/#primaryimage\"},\"thumbnailUrl\":\"https:\/\/xymen.pl\/wp-content\/uploads\/2023\/08\/water330mar-scaled.jpg\",\"datePublished\":\"2023-08-07T07:25:43+00:00\",\"dateModified\":\"2025-10-21T08:01:11+00:00\",\"breadcrumb\":{\"@id\":\"https:\/\/xymen.pl\/en\/product\/marseplast-drop-water-3-0-rainwater-tank-with-automatic-pump\/#breadcrumb\"},\"inLanguage\":\"en-US\",\"potentialAction\":[{\"@type\":\"ReadAction\",\"target\":[\"https:\/\/xymen.pl\/en\/product\/marseplast-drop-water-3-0-rainwater-tank-with-automatic-pump\/\"]}]},{\"@type\":\"ImageObject\",\"inLanguage\":\"en-US\",\"@id\":\"https:\/\/xymen.pl\/en\/product\/marseplast-drop-water-3-0-rainwater-tank-with-automatic-pump\/#primaryimage\",\"url\":\"https:\/\/xymen.pl\/wp-content\/uploads\/2023\/08\/water330mar-scaled.jpg\",\"contentUrl\":\"https:\/\/xymen.pl\/wp-content\/uploads\/2023\/08\/water330mar-scaled.jpg\",\"width\":2560,\"height\":2560,\"caption\":\"MARSEPLAST Drop Water 3.0 3000l z pomp\u0105 automatyczn\u0105, Zbiornik na wod\u0119 deszczow\u0105, zbiornik na wod\u0119, zbiornik na deszcz\u00f3wk\u0119\"},{\"@type\":\"BreadcrumbList\",\"@id\":\"https:\/\/xymen.pl\/en\/product\/marseplast-drop-water-3-0-rainwater-tank-with-automatic-pump\/#breadcrumb\",\"itemListElement\":[{\"@type\":\"ListItem\",\"position\":1,\"name\":\"Products\",\"item\":\"https:\/\/xymen.pl\/en\/products\/\"},{\"@type\":\"ListItem\",\"position\":2,\"name\":\"MARSEPLAST Drop Water 3.0 rainwater tank with automatic pump\"}]},{\"@type\":\"WebSite\",\"@id\":\"https:\/\/xymen.pl\/en\/#website\",\"url\":\"https:\/\/xymen.pl\/en\/\",\"name\":\"XYMEN\",\"description\":\"zbiorniki na deszcz\u00f3wk\u0119 | ekologiczne oczyszczalnie \u015bciek\u00f3w\",\"publisher\":{\"@id\":\"https:\/\/xymen.pl\/en\/#organization\"},\"potentialAction\":[{\"@type\":\"SearchAction\",\"target\":{\"@type\":\"EntryPoint\",\"urlTemplate\":\"https:\/\/xymen.pl\/en\/?s={search_term_string}\"},\"query-input\":{\"@type\":\"PropertyValueSpecification\",\"valueRequired\":true,\"valueName\":\"search_term_string\"}}],\"inLanguage\":\"en-US\"},{\"@type\":\"Organization\",\"@id\":\"https:\/\/xymen.pl\/en\/#organization\",\"name\":\"XYMEN\",\"url\":\"https:\/\/xymen.pl\/en\/\",\"logo\":{\"@type\":\"ImageObject\",\"inLanguage\":\"en-US\",\"@id\":\"https:\/\/xymen.pl\/en\/#\/schema\/logo\/image\/\",\"url\":\"https:\/\/xymen.pl\/wp-content\/uploads\/2023\/02\/xymenpl-logo-1612299642.png\",\"contentUrl\":\"https:\/\/xymen.pl\/wp-content\/uploads\/2023\/02\/xymenpl-logo-1612299642.png\",\"width\":222,\"height\":218,\"caption\":\"XYMEN\"},\"image\":{\"@id\":\"https:\/\/xymen.pl\/en\/#\/schema\/logo\/image\/\"}}]}<\/script>\n<!-- \/ Yoast SEO plugin. -->","yoast_head_json":{"title":"MARSEPLAST Drop Water 3.0 rainwater tank with automatic pump | XYMEN","robots":{"index":"index","follow":"follow","max-snippet":"max-snippet:-1","max-image-preview":"max-image-preview:large","max-video-preview":"max-video-preview:-1"},"canonical":"https:\/\/xymen.pl\/en\/product\/marseplast-drop-water-3-0-rainwater-tank-with-automatic-pump\/","og_locale":"en_US","og_type":"article","og_title":"MARSEPLAST Drop Water 3.0 rainwater tank with automatic pump","og_description":"With the MARSEPLAST Drop Water 3.0 3000l rainwater tank with rainwater harvesting kit, you can enjoy independence in your water supply. Use clean rainwater for a variety of purposes with this advanced rainwater harvesting system.","og_url":"https:\/\/xymen.pl\/en\/product\/marseplast-drop-water-3-0-rainwater-tank-with-automatic-pump\/","og_site_name":"XYMEN","article_modified_time":"2025-10-21T08:01:11+00:00","og_image":[{"url":"https:\/\/xymen.pl\/wp-content\/uploads\/2023\/08\/water330mar-300x300.jpg","type":"","width":"","height":""}],"twitter_card":"summary_large_image","twitter_title":"MARSEPLAST Drop Water 3.0 rainwater tank with automatic pump","twitter_description":"With the MARSEPLAST Drop Water 3.0 3000l rainwater tank with rainwater harvesting kit, you can enjoy independence in your water supply. Use clean rainwater for a variety of purposes with this advanced rainwater harvesting system.","twitter_image":"https:\/\/xymen.pl\/wp-content\/uploads\/2023\/08\/water330mar-1024x1024.jpg","twitter_misc":{"Est. reading time":"1 minute"},"schema":{"@context":"https:\/\/schema.org","@graph":[{"@type":"WebPage","@id":"https:\/\/xymen.pl\/en\/product\/marseplast-drop-water-3-0-rainwater-tank-with-automatic-pump\/","url":"https:\/\/xymen.pl\/en\/product\/marseplast-drop-water-3-0-rainwater-tank-with-automatic-pump\/","name":"MARSEPLAST Drop Water 3.0 rainwater tank with automatic pump | XYMEN","isPartOf":{"@id":"https:\/\/xymen.pl\/en\/#website"},"primaryImageOfPage":{"@id":"https:\/\/xymen.pl\/en\/product\/marseplast-drop-water-3-0-rainwater-tank-with-automatic-pump\/#primaryimage"},"image":{"@id":"https:\/\/xymen.pl\/en\/product\/marseplast-drop-water-3-0-rainwater-tank-with-automatic-pump\/#primaryimage"},"thumbnailUrl":"https:\/\/xymen.pl\/wp-content\/uploads\/2023\/08\/water330mar-scaled.jpg","datePublished":"2023-08-07T07:25:43+00:00","dateModified":"2025-10-21T08:01:11+00:00","breadcrumb":{"@id":"https:\/\/xymen.pl\/en\/product\/marseplast-drop-water-3-0-rainwater-tank-with-automatic-pump\/#breadcrumb"},"inLanguage":"en-US","potentialAction":[{"@type":"ReadAction","target":["https:\/\/xymen.pl\/en\/product\/marseplast-drop-water-3-0-rainwater-tank-with-automatic-pump\/"]}]},{"@type":"ImageObject","inLanguage":"en-US","@id":"https:\/\/xymen.pl\/en\/product\/marseplast-drop-water-3-0-rainwater-tank-with-automatic-pump\/#primaryimage","url":"https:\/\/xymen.pl\/wp-content\/uploads\/2023\/08\/water330mar-scaled.jpg","contentUrl":"https:\/\/xymen.pl\/wp-content\/uploads\/2023\/08\/water330mar-scaled.jpg","width":2560,"height":2560,"caption":"MARSEPLAST Drop Water 3.0 3000l z pomp\u0105 automatyczn\u0105, Zbiornik na wod\u0119 deszczow\u0105, zbiornik na wod\u0119, zbiornik na deszcz\u00f3wk\u0119"},{"@type":"BreadcrumbList","@id":"https:\/\/xymen.pl\/en\/product\/marseplast-drop-water-3-0-rainwater-tank-with-automatic-pump\/#breadcrumb","itemListElement":[{"@type":"ListItem","position":1,"name":"Products","item":"https:\/\/xymen.pl\/en\/products\/"},{"@type":"ListItem","position":2,"name":"MARSEPLAST Drop Water 3.0 rainwater tank with automatic pump"}]},{"@type":"WebSite","@id":"https:\/\/xymen.pl\/en\/#website","url":"https:\/\/xymen.pl\/en\/","name":"XYMEN","description":"zbiorniki na deszcz\u00f3wk\u0119 | ekologiczne oczyszczalnie \u015bciek\u00f3w","publisher":{"@id":"https:\/\/xymen.pl\/en\/#organization"},"potentialAction":[{"@type":"SearchAction","target":{"@type":"EntryPoint","urlTemplate":"https:\/\/xymen.pl\/en\/?s={search_term_string}"},"query-input":{"@type":"PropertyValueSpecification","valueRequired":true,"valueName":"search_term_string"}}],"inLanguage":"en-US"},{"@type":"Organization","@id":"https:\/\/xymen.pl\/en\/#organization","name":"XYMEN","url":"https:\/\/xymen.pl\/en\/","logo":{"@type":"ImageObject","inLanguage":"en-US","@id":"https:\/\/xymen.pl\/en\/#\/schema\/logo\/image\/","url":"https:\/\/xymen.pl\/wp-content\/uploads\/2023\/02\/xymenpl-logo-1612299642.png","contentUrl":"https:\/\/xymen.pl\/wp-content\/uploads\/2023\/02\/xymenpl-logo-1612299642.png","width":222,"height":218,"caption":"XYMEN"},"image":{"@id":"https:\/\/xymen.pl\/en\/#\/schema\/logo\/image\/"}}]}},"_links":{"self":[{"href":"https:\/\/xymen.pl\/en\/wp-json\/wp\/v2\/product\/17475","targetHints":{"allow":["GET"]}}],"collection":[{"href":"https:\/\/xymen.pl\/en\/wp-json\/wp\/v2\/product"}],"about":[{"href":"https:\/\/xymen.pl\/en\/wp-json\/wp\/v2\/types\/product"}],"replies":[{"embeddable":true,"href":"https:\/\/xymen.pl\/en\/wp-json\/wp\/v2\/comments?post=17475"}],"wp:featuredmedia":[{"embeddable":true,"href":"https:\/\/xymen.pl\/en\/wp-json\/wp\/v2\/media\/6202"}],"wp:attachment":[{"href":"https:\/\/xymen.pl\/en\/wp-json\/wp\/v2\/media?parent=17475"}],"wp:term":[{"taxonomy":"product_brand","embeddable":true,"href":"https:\/\/xymen.pl\/en\/wp-json\/wp\/v2\/product_brand?post=17475"},{"taxonomy":"product_cat","embeddable":true,"href":"https:\/\/xymen.pl\/en\/wp-json\/wp\/v2\/product_cat?post=17475"},{"taxonomy":"product_tag","embeddable":true,"href":"https:\/\/xymen.pl\/en\/wp-json\/wp\/v2\/product_tag?post=17475"}],"curies":[{"name":"wp","href":"https:\/\/api.w.org\/{rel}","templated":true}]}}