{"id":17481,"date":"2023-07-09T00:00:19","date_gmt":"2023-07-08T22:00:19","guid":{"rendered":"https:\/\/xymen.pl\/produkt\/fortis-box-200l-diesel-fuel-tank\/"},"modified":"2023-07-09T00:00:19","modified_gmt":"2023-07-08T22:00:19","slug":"fortis-box-200l-diesel-fuel-tank","status":"publish","type":"product","link":"https:\/\/xymen.pl\/en\/product\/fortis-box-200l-diesel-fuel-tank\/","title":{"rendered":"Fortis Box 200l diesel fuel tank"},"content":{"rendered":"<h2><img decoding=\"async\" class=\"alignnone wp-image-5451\" src=\"https:\/\/xymen.pl\/wp-content\/uploads\/2023\/03\/16_preview_rev_1.png\" alt=\"\" width=\"170\" height=\"88\"><\/h2>\n<p>Mobile diesel fuel tanks are ideal for construction companies, transport companies, and farms.<\/p>\n<p>They greatly facilitate the delivery of fuel to machines working in the field or on construction sites.<\/p>\n<p>The tanks are manufactured from high-quality polyethylene using the rotomolding method, which ensures 100% leak-proofness and durability. The modern Splash Wall system installed in the tank reduces liquid movement during transport. <\/p>\n<p>&nbsp;<\/p>\n<h5>Standard Equipment:<\/h5>\n<p>Diesel fuel pump<\/p>\n<ul>\n<li>Capacity up to 50 l\/m<\/li>\n<li>12V power supply<\/li>\n<li>Power 300W<\/li>\n<li>Maximum current intensity 35A<\/li>\n<li>Connections 2 x F1<\/li>\n<li>Mode operation cyclical 30 min<\/li>\n<li>Built-in filter 100\u00b5m on the suction side ( accordion-type )<\/li>\n<\/ul>\n<p><img decoding=\"async\" class=\"alignnone wp-image-5468 size-thumbnail\" src=\"https:\/\/xymen.pl\/wp-content\/uploads\/2023\/03\/PantherDCa_preview_rev_1-150x150.png\" alt=\"\" width=\"150\" height=\"150\" srcset=\"https:\/\/xymen.pl\/wp-content\/uploads\/2023\/03\/PantherDCa_preview_rev_1-150x150.png 150w, https:\/\/xymen.pl\/wp-content\/uploads\/2023\/03\/PantherDCa_preview_rev_1-300x300.png 300w, https:\/\/xymen.pl\/wp-content\/uploads\/2023\/03\/PantherDCa_preview_rev_1-100x100.png 100w, https:\/\/xymen.pl\/wp-content\/uploads\/2023\/03\/PantherDCa_preview_rev_1-50x50.png 50w, https:\/\/xymen.pl\/wp-content\/uploads\/2023\/03\/PantherDCa_preview_rev_1.png 500w\" sizes=\"(max-width: 150px) 100vw, 150px\" \/><\/p>\n<p>&nbsp;<\/p>\n<h5>Cables power supply 4 m with clamps<\/h5>\n<ul>\n<li>Length 4 m<\/li>\n<li>Cable cross-section 2 x 6mm\u00b2<\/li>\n<\/ul>\n<p><img fetchpriority=\"high\" decoding=\"async\" class=\"alignnone wp-image-5467 size-medium\" src=\"https:\/\/xymen.pl\/wp-content\/uploads\/2023\/03\/DSCF3479_preview_rev_1-300x200.png\" alt=\"\" width=\"300\" height=\"200\" srcset=\"https:\/\/xymen.pl\/wp-content\/uploads\/2023\/03\/DSCF3479_preview_rev_1-300x200.png 300w, https:\/\/xymen.pl\/wp-content\/uploads\/2023\/03\/DSCF3479_preview_rev_1-600x400.png 600w, https:\/\/xymen.pl\/wp-content\/uploads\/2023\/03\/DSCF3479_preview_rev_1.png 612w\" sizes=\"(max-width: 300px) 100vw, 300px\" \/><\/p>\n<h5>6m dispensing hose<\/h5>\n<ul>\n<li>Working pressure up to 10 bar<\/li>\n<li>Inner diameter 19mm<\/li>\n<li>outer diameter 27mm<\/li>\n<\/ul>\n<p><img loading=\"lazy\" decoding=\"async\" class=\"alignnone wp-image-5376 size-thumbnail\" src=\"https:\/\/xymen.pl\/wp-content\/uploads\/2023\/03\/waz-1_preview_rev_1-150x150.png\" alt=\"\" width=\"150\" height=\"150\" srcset=\"https:\/\/xymen.pl\/wp-content\/uploads\/2023\/03\/waz-1_preview_rev_1-150x150.png 150w, https:\/\/xymen.pl\/wp-content\/uploads\/2023\/03\/waz-1_preview_rev_1-300x300.png 300w, https:\/\/xymen.pl\/wp-content\/uploads\/2023\/03\/waz-1_preview_rev_1-100x100.png 100w, https:\/\/xymen.pl\/wp-content\/uploads\/2023\/03\/waz-1_preview_rev_1-50x50.png 50w, https:\/\/xymen.pl\/wp-content\/uploads\/2023\/03\/waz-1_preview_rev_1.png 500w\" sizes=\"(max-width: 150px) 100vw, 150px\" \/><\/p>\n<p>&nbsp;<\/p>\n<h5>A60 automatic nozzle<\/h5>\n<ul>\n<li>Flow rate up to 70\u202fL\/min<\/li>\n<li>Connection F 1&#8243; on a connector rotary 3\/4&#8243;\/1&#8243;<\/li>\n<li>Diameter internal spout 25mm<\/li>\n<\/ul>\n<p><img loading=\"lazy\" decoding=\"async\" class=\"alignnone wp-image-5383 size-thumbnail\" src=\"https:\/\/xymen.pl\/wp-content\/uploads\/2023\/03\/pistolet-automatyczny-a60-piusi-1-300x300_preview_rev_1-150x150.png\" alt=\"\" width=\"150\" height=\"150\" srcset=\"https:\/\/xymen.pl\/wp-content\/uploads\/2023\/03\/pistolet-automatyczny-a60-piusi-1-300x300_preview_rev_1-150x150.png 150w, https:\/\/xymen.pl\/wp-content\/uploads\/2023\/03\/pistolet-automatyczny-a60-piusi-1-300x300_preview_rev_1-100x100.png 100w, https:\/\/xymen.pl\/wp-content\/uploads\/2023\/03\/pistolet-automatyczny-a60-piusi-1-300x300_preview_rev_1-50x50.png 50w, https:\/\/xymen.pl\/wp-content\/uploads\/2023\/03\/pistolet-automatyczny-a60-piusi-1-300x300_preview_rev_1.png 300w\" sizes=\"(max-width: 150px) 100vw, 150px\" \/><\/p>\n<h5>4&#8243; filler cap for refueling<\/h5>\n<p><img loading=\"lazy\" decoding=\"async\" class=\"alignnone wp-image-5482 size-thumbnail\" src=\"https:\/\/xymen.pl\/wp-content\/uploads\/2023\/03\/PhotoRoom-20230525_131738_preview_rev_1-150x150.png\" alt=\"\" width=\"150\" height=\"150\" srcset=\"https:\/\/xymen.pl\/wp-content\/uploads\/2023\/03\/PhotoRoom-20230525_131738_preview_rev_1-150x150.png 150w, https:\/\/xymen.pl\/wp-content\/uploads\/2023\/03\/PhotoRoom-20230525_131738_preview_rev_1-300x300.png 300w, https:\/\/xymen.pl\/wp-content\/uploads\/2023\/03\/PhotoRoom-20230525_131738_preview_rev_1-100x100.png 100w, https:\/\/xymen.pl\/wp-content\/uploads\/2023\/03\/PhotoRoom-20230525_131738_preview_rev_1-50x50.png 50w\" sizes=\"(max-width: 150px) 100vw, 150px\" \/><\/p>\n<p>&nbsp;<\/p>\n<h5>Additional tank equipment:<\/h5>\n<h5>K24 digital counter<\/h5>\n<ul>\n<li>Working pressure up to 20 bar<\/li>\n<li>M\/F 1&#8243; threaded connections<\/li>\n<li>The ability to rotate the counter relative to the axis<\/li>\n<li>Displaying the partial counter from 0.1 to 99,999<\/li>\n<li>Total counter range from 1 to 999,999<\/li>\n<li>Accuracy +\/-1%<\/li>\n<li>Repeatability 0.2%<\/li>\n<li>Power supply: 2 x AAA<\/li>\n<\/ul>\n<p><img loading=\"lazy\" decoding=\"async\" class=\"alignnone wp-image-5410 size-thumbnail\" src=\"https:\/\/xymen.pl\/wp-content\/uploads\/2023\/03\/K247photoAid-removed-background-150x150.png\" alt=\"\" width=\"150\" height=\"150\" srcset=\"https:\/\/xymen.pl\/wp-content\/uploads\/2023\/03\/K247photoAid-removed-background-150x150.png 150w, https:\/\/xymen.pl\/wp-content\/uploads\/2023\/03\/K247photoAid-removed-background-300x300.png 300w, https:\/\/xymen.pl\/wp-content\/uploads\/2023\/03\/K247photoAid-removed-background-100x100.png 100w, https:\/\/xymen.pl\/wp-content\/uploads\/2023\/03\/K247photoAid-removed-background-50x50.png 50w, https:\/\/xymen.pl\/wp-content\/uploads\/2023\/03\/K247photoAid-removed-background.png 600w\" sizes=\"(max-width: 150px) 100vw, 150px\" \/><\/p>\n<p>&nbsp;<\/p>\n<h5>clock-type fuel level indicator<\/h5>\n<p><img loading=\"lazy\" decoding=\"async\" class=\"alignnone wp-image-5430\" src=\"https:\/\/xymen.pl\/wp-content\/uploads\/2023\/03\/Afriso_preview_rev_1-300x235.png\" alt=\"\" width=\"232\" height=\"182\" srcset=\"https:\/\/xymen.pl\/wp-content\/uploads\/2023\/03\/Afriso_preview_rev_1-300x235.png 300w, https:\/\/xymen.pl\/wp-content\/uploads\/2023\/03\/Afriso_preview_rev_1.png 565w\" sizes=\"(max-width: 232px) 100vw, 232px\" \/><\/p>\n<p>&nbsp;<\/p>\n<p>Tank dimensions:<\/p>\n<p>A : 0,58m<\/p>\n<p>B: 0.80m<\/p>\n<p>C : 1,10m<\/p>\n<p><img loading=\"lazy\" decoding=\"async\" class=\"alignnone size-medium wp-image-5804\" src=\"https:\/\/xymen.pl\/wp-content\/uploads\/2023\/03\/200-300x249.jpg\" alt=\"\" width=\"300\" height=\"249\" srcset=\"https:\/\/xymen.pl\/wp-content\/uploads\/2023\/03\/200-300x249.jpg 300w, https:\/\/xymen.pl\/wp-content\/uploads\/2023\/03\/200.jpg 434w\" sizes=\"(max-width: 300px) 100vw, 300px\" \/><\/p>\n<p>The manufacturer provides a 5-year warranty on the tank and a 2-year warranty on the equipment.<\/p>\n<p>&nbsp;<\/p>\n<p>&nbsp;<\/p>\n<p>&nbsp;<\/p>\n","protected":false},"excerpt":{"rendered":"<p>Fortis Box 200 diesel<\/p>\n","protected":false},"featured_media":2273,"comment_status":"open","ping_status":"closed","template":"","meta":{"_acf_changed":false,"_glsr_average":0,"_glsr_ranking":0,"_glsr_reviews":0},"product_brand":[],"product_cat":[386,423],"product_tag":[435,381,104,538],"class_list":{"0":"post-17481","1":"product","2":"type-product","3":"status-publish","4":"has-post-thumbnail","6":"product_cat-diesel-fuel-tanks","7":"product_cat-mobil","8":"product_tag-fortis-en","9":"product_tag-with-variants","10":"product_tag-z-wariantami","11":"product_tag-z-wariantami-en","12":"product_shipping_class-cash-on-delivery-dhl-180-courier","14":"first","15":"instock","16":"taxable","17":"shipping-taxable","18":"purchasable","19":"product-type-variable","20":"has-default-attributes"},"acf":{"xymen_capacity":""},"yoast_head":"<!-- This site is optimized with the Yoast SEO plugin v27.1.1 - https:\/\/yoast.com\/product\/yoast-seo-wordpress\/ -->\n<title>Fortis Box 200l diesel fuel tank<\/title>\n<meta name=\"description\" content=\"The Fortis Box 200L is the ideal solution for people who need compact, yet efficient storage of fuel oil.\" \/>\n<meta name=\"robots\" content=\"index, follow, max-snippet:-1, max-image-preview:large, max-video-preview:-1\" \/>\n<link rel=\"canonical\" href=\"https:\/\/xymen.pl\/en\/product\/fortis-box-200l-diesel-fuel-tank\/\" \/>\n<meta property=\"og:locale\" content=\"en_US\" \/>\n<meta property=\"og:type\" content=\"article\" \/>\n<meta property=\"og:title\" content=\"Fortis Box 200l diesel fuel tank\" \/>\n<meta property=\"og:description\" content=\"The Fortis Box 200L diesel fuel tank is the perfect solution for those looking for a practical and efficient way to store fuel. Thanks to its compact design, it not only ensures safety but also saves space.\" \/>\n<meta property=\"og:url\" content=\"https:\/\/xymen.pl\/en\/product\/fortis-box-200l-diesel-fuel-tank\/\" \/>\n<meta property=\"og:site_name\" content=\"XYMEN\" \/>\n<meta property=\"og:image\" content=\"https:\/\/xymen.pl\/wp-content\/uploads\/2023\/03\/200-300x249.jpg\" \/>\n<meta name=\"twitter:card\" content=\"summary_large_image\" \/>\n<meta name=\"twitter:title\" content=\"Fortis Box 200l diesel fuel tank\" \/>\n<meta name=\"twitter:description\" content=\"The Fortis Box 200L diesel fuel tank is the perfect solution for those looking for a practical and efficient way to store fuel. Thanks to its compact design, it not only ensures safety but also saves space.\" \/>\n<meta name=\"twitter:image\" content=\"https:\/\/xymen.pl\/wp-content\/uploads\/2023\/03\/200.jpg\" \/>\n<meta name=\"twitter:label1\" content=\"Est. reading time\" \/>\n\t<meta name=\"twitter:data1\" content=\"1 minute\" \/>\n<script type=\"application\/ld+json\" class=\"yoast-schema-graph\">{\"@context\":\"https:\/\/schema.org\",\"@graph\":[{\"@type\":\"WebPage\",\"@id\":\"https:\/\/xymen.pl\/en\/product\/fortis-box-200l-diesel-fuel-tank\/\",\"url\":\"https:\/\/xymen.pl\/en\/product\/fortis-box-200l-diesel-fuel-tank\/\",\"name\":\"Fortis Box 200l diesel fuel tank\",\"isPartOf\":{\"@id\":\"https:\/\/xymen.pl\/en\/#website\"},\"primaryImageOfPage\":{\"@id\":\"https:\/\/xymen.pl\/en\/product\/fortis-box-200l-diesel-fuel-tank\/#primaryimage\"},\"image\":{\"@id\":\"https:\/\/xymen.pl\/en\/product\/fortis-box-200l-diesel-fuel-tank\/#primaryimage\"},\"thumbnailUrl\":\"https:\/\/xymen.pl\/wp-content\/uploads\/2023\/03\/foris-box-200-diesel-.png\",\"datePublished\":\"2023-07-08T22:00:19+00:00\",\"description\":\"The Fortis Box 200L is the ideal solution for people who need compact, yet efficient storage of fuel oil.\",\"breadcrumb\":{\"@id\":\"https:\/\/xymen.pl\/en\/product\/fortis-box-200l-diesel-fuel-tank\/#breadcrumb\"},\"inLanguage\":\"en-US\",\"potentialAction\":[{\"@type\":\"ReadAction\",\"target\":[\"https:\/\/xymen.pl\/en\/product\/fortis-box-200l-diesel-fuel-tank\/\"]}]},{\"@type\":\"ImageObject\",\"inLanguage\":\"en-US\",\"@id\":\"https:\/\/xymen.pl\/en\/product\/fortis-box-200l-diesel-fuel-tank\/#primaryimage\",\"url\":\"https:\/\/xymen.pl\/wp-content\/uploads\/2023\/03\/foris-box-200-diesel-.png\",\"contentUrl\":\"https:\/\/xymen.pl\/wp-content\/uploads\/2023\/03\/foris-box-200-diesel-.png\",\"width\":321,\"height\":293,\"caption\":\"foris box 200 diesel, zbiornik na olej, zbiornik na olej nap\u0119dowy\"},{\"@type\":\"BreadcrumbList\",\"@id\":\"https:\/\/xymen.pl\/en\/product\/fortis-box-200l-diesel-fuel-tank\/#breadcrumb\",\"itemListElement\":[{\"@type\":\"ListItem\",\"position\":1,\"name\":\"Products\",\"item\":\"https:\/\/xymen.pl\/en\/products\/\"},{\"@type\":\"ListItem\",\"position\":2,\"name\":\"Fortis Box 200l diesel fuel tank\"}]},{\"@type\":\"WebSite\",\"@id\":\"https:\/\/xymen.pl\/en\/#website\",\"url\":\"https:\/\/xymen.pl\/en\/\",\"name\":\"XYMEN\",\"description\":\"zbiorniki na deszcz\u00f3wk\u0119 | ekologiczne oczyszczalnie \u015bciek\u00f3w\",\"publisher\":{\"@id\":\"https:\/\/xymen.pl\/en\/#organization\"},\"potentialAction\":[{\"@type\":\"SearchAction\",\"target\":{\"@type\":\"EntryPoint\",\"urlTemplate\":\"https:\/\/xymen.pl\/en\/?s={search_term_string}\"},\"query-input\":{\"@type\":\"PropertyValueSpecification\",\"valueRequired\":true,\"valueName\":\"search_term_string\"}}],\"inLanguage\":\"en-US\"},{\"@type\":\"Organization\",\"@id\":\"https:\/\/xymen.pl\/en\/#organization\",\"name\":\"XYMEN\",\"url\":\"https:\/\/xymen.pl\/en\/\",\"logo\":{\"@type\":\"ImageObject\",\"inLanguage\":\"en-US\",\"@id\":\"https:\/\/xymen.pl\/en\/#\/schema\/logo\/image\/\",\"url\":\"https:\/\/xymen.pl\/wp-content\/uploads\/2023\/02\/xymenpl-logo-1612299642.png\",\"contentUrl\":\"https:\/\/xymen.pl\/wp-content\/uploads\/2023\/02\/xymenpl-logo-1612299642.png\",\"width\":222,\"height\":218,\"caption\":\"XYMEN\"},\"image\":{\"@id\":\"https:\/\/xymen.pl\/en\/#\/schema\/logo\/image\/\"}}]}<\/script>\n<!-- \/ Yoast SEO plugin. -->","yoast_head_json":{"title":"Fortis Box 200l diesel fuel tank","description":"The Fortis Box 200L is the ideal solution for people who need compact, yet efficient storage of fuel oil.","robots":{"index":"index","follow":"follow","max-snippet":"max-snippet:-1","max-image-preview":"max-image-preview:large","max-video-preview":"max-video-preview:-1"},"canonical":"https:\/\/xymen.pl\/en\/product\/fortis-box-200l-diesel-fuel-tank\/","og_locale":"en_US","og_type":"article","og_title":"Fortis Box 200l diesel fuel tank","og_description":"The Fortis Box 200L diesel fuel tank is the perfect solution for those looking for a practical and efficient way to store fuel. Thanks to its compact design, it not only ensures safety but also saves space.","og_url":"https:\/\/xymen.pl\/en\/product\/fortis-box-200l-diesel-fuel-tank\/","og_site_name":"XYMEN","og_image":[{"url":"https:\/\/xymen.pl\/wp-content\/uploads\/2023\/03\/200-300x249.jpg","type":"","width":"","height":""}],"twitter_card":"summary_large_image","twitter_title":"Fortis Box 200l diesel fuel tank","twitter_description":"The Fortis Box 200L diesel fuel tank is the perfect solution for those looking for a practical and efficient way to store fuel. Thanks to its compact design, it not only ensures safety but also saves space.","twitter_image":"https:\/\/xymen.pl\/wp-content\/uploads\/2023\/03\/200.jpg","twitter_misc":{"Est. reading time":"1 minute"},"schema":{"@context":"https:\/\/schema.org","@graph":[{"@type":"WebPage","@id":"https:\/\/xymen.pl\/en\/product\/fortis-box-200l-diesel-fuel-tank\/","url":"https:\/\/xymen.pl\/en\/product\/fortis-box-200l-diesel-fuel-tank\/","name":"Fortis Box 200l diesel fuel tank","isPartOf":{"@id":"https:\/\/xymen.pl\/en\/#website"},"primaryImageOfPage":{"@id":"https:\/\/xymen.pl\/en\/product\/fortis-box-200l-diesel-fuel-tank\/#primaryimage"},"image":{"@id":"https:\/\/xymen.pl\/en\/product\/fortis-box-200l-diesel-fuel-tank\/#primaryimage"},"thumbnailUrl":"https:\/\/xymen.pl\/wp-content\/uploads\/2023\/03\/foris-box-200-diesel-.png","datePublished":"2023-07-08T22:00:19+00:00","description":"The Fortis Box 200L is the ideal solution for people who need compact, yet efficient storage of fuel oil.","breadcrumb":{"@id":"https:\/\/xymen.pl\/en\/product\/fortis-box-200l-diesel-fuel-tank\/#breadcrumb"},"inLanguage":"en-US","potentialAction":[{"@type":"ReadAction","target":["https:\/\/xymen.pl\/en\/product\/fortis-box-200l-diesel-fuel-tank\/"]}]},{"@type":"ImageObject","inLanguage":"en-US","@id":"https:\/\/xymen.pl\/en\/product\/fortis-box-200l-diesel-fuel-tank\/#primaryimage","url":"https:\/\/xymen.pl\/wp-content\/uploads\/2023\/03\/foris-box-200-diesel-.png","contentUrl":"https:\/\/xymen.pl\/wp-content\/uploads\/2023\/03\/foris-box-200-diesel-.png","width":321,"height":293,"caption":"foris box 200 diesel, zbiornik na olej, zbiornik na olej nap\u0119dowy"},{"@type":"BreadcrumbList","@id":"https:\/\/xymen.pl\/en\/product\/fortis-box-200l-diesel-fuel-tank\/#breadcrumb","itemListElement":[{"@type":"ListItem","position":1,"name":"Products","item":"https:\/\/xymen.pl\/en\/products\/"},{"@type":"ListItem","position":2,"name":"Fortis Box 200l diesel fuel tank"}]},{"@type":"WebSite","@id":"https:\/\/xymen.pl\/en\/#website","url":"https:\/\/xymen.pl\/en\/","name":"XYMEN","description":"zbiorniki na deszcz\u00f3wk\u0119 | ekologiczne oczyszczalnie \u015bciek\u00f3w","publisher":{"@id":"https:\/\/xymen.pl\/en\/#organization"},"potentialAction":[{"@type":"SearchAction","target":{"@type":"EntryPoint","urlTemplate":"https:\/\/xymen.pl\/en\/?s={search_term_string}"},"query-input":{"@type":"PropertyValueSpecification","valueRequired":true,"valueName":"search_term_string"}}],"inLanguage":"en-US"},{"@type":"Organization","@id":"https:\/\/xymen.pl\/en\/#organization","name":"XYMEN","url":"https:\/\/xymen.pl\/en\/","logo":{"@type":"ImageObject","inLanguage":"en-US","@id":"https:\/\/xymen.pl\/en\/#\/schema\/logo\/image\/","url":"https:\/\/xymen.pl\/wp-content\/uploads\/2023\/02\/xymenpl-logo-1612299642.png","contentUrl":"https:\/\/xymen.pl\/wp-content\/uploads\/2023\/02\/xymenpl-logo-1612299642.png","width":222,"height":218,"caption":"XYMEN"},"image":{"@id":"https:\/\/xymen.pl\/en\/#\/schema\/logo\/image\/"}}]}},"_links":{"self":[{"href":"https:\/\/xymen.pl\/en\/wp-json\/wp\/v2\/product\/17481","targetHints":{"allow":["GET"]}}],"collection":[{"href":"https:\/\/xymen.pl\/en\/wp-json\/wp\/v2\/product"}],"about":[{"href":"https:\/\/xymen.pl\/en\/wp-json\/wp\/v2\/types\/product"}],"replies":[{"embeddable":true,"href":"https:\/\/xymen.pl\/en\/wp-json\/wp\/v2\/comments?post=17481"}],"wp:featuredmedia":[{"embeddable":true,"href":"https:\/\/xymen.pl\/en\/wp-json\/wp\/v2\/media\/2273"}],"wp:attachment":[{"href":"https:\/\/xymen.pl\/en\/wp-json\/wp\/v2\/media?parent=17481"}],"wp:term":[{"taxonomy":"product_brand","embeddable":true,"href":"https:\/\/xymen.pl\/en\/wp-json\/wp\/v2\/product_brand?post=17481"},{"taxonomy":"product_cat","embeddable":true,"href":"https:\/\/xymen.pl\/en\/wp-json\/wp\/v2\/product_cat?post=17481"},{"taxonomy":"product_tag","embeddable":true,"href":"https:\/\/xymen.pl\/en\/wp-json\/wp\/v2\/product_tag?post=17481"}],"curies":[{"name":"wp","href":"https:\/\/api.w.org\/{rel}","templated":true}]}}