{"id":17490,"date":"2023-07-08T10:49:56","date_gmt":"2023-07-08T08:49:56","guid":{"rendered":"https:\/\/xymen.pl\/produkt\/metria-250l-diesel-fuel-tank\/"},"modified":"2023-07-08T10:49:56","modified_gmt":"2023-07-08T08:49:56","slug":"metria-250l-diesel-fuel-tank","status":"publish","type":"product","link":"https:\/\/xymen.pl\/en\/product\/metria-250l-diesel-fuel-tank\/","title":{"rendered":"Metria 250l diesel fuel tank"},"content":{"rendered":"<div id=\"description\" role=\"tabpanel\">\n<p><img decoding=\"async\" class=\"alignnone wp-image-5466\" src=\"https:\/\/xymen.pl\/wp-content\/uploads\/2023\/03\/3_preview_rev_1-1-300x212.png\" alt=\"\" width=\"170\" height=\"120\" srcset=\"https:\/\/xymen.pl\/wp-content\/uploads\/2023\/03\/3_preview_rev_1-1-300x212.png 300w, https:\/\/xymen.pl\/wp-content\/uploads\/2023\/03\/3_preview_rev_1-1.png 595w\" sizes=\"(max-width: 170px) 100vw, 170px\" \/><\/p>\n<p>Mobile diesel fuel tanks are ideal for construction companies, transport companies, and farms. They greatly facilitate the delivery of fuel to machines working in the field or on construction sites. They are a much more convenient solution than traditional jerry cans or mausers. Above all, tanks with a capacity of 460 l and 600 l have the necessary documentation required for transporting fuel in a tank on a vehicle.   <\/p>\n<p>The tanks are manufactured using the rotomolding method from high-quality polyethylene, which gives us 100% tightness and durability.<\/p>\n<p>Mobile tanks have Euro pallet dimensions of 120&#215;80 and differ only in height depending on their capacity.<\/p>\n<h5>Standard equipment:<\/h5>\n<h5>Diesel fuel pump<\/h5>\n<ul>\n<li>Capacity up to 50 l\/m<\/li>\n<li>12V power supply<\/li>\n<li>Power 300W<\/li>\n<li>Maximum current intensity 35A<\/li>\n<li>Connections 2 x F1<\/li>\n<li>Mode of operation cyclical 30 min<\/li>\n<li>Built-in filter 100\u00b5m on the suction side ( accordion-type )<\/li>\n<\/ul>\n<p><img decoding=\"async\" class=\"alignnone wp-image-5468 size-thumbnail\" src=\"https:\/\/xymen.pl\/wp-content\/uploads\/2023\/03\/PantherDCa_preview_rev_1-150x150.png\" alt=\"\" width=\"150\" height=\"150\" srcset=\"https:\/\/xymen.pl\/wp-content\/uploads\/2023\/03\/PantherDCa_preview_rev_1-150x150.png 150w, https:\/\/xymen.pl\/wp-content\/uploads\/2023\/03\/PantherDCa_preview_rev_1-300x300.png 300w, https:\/\/xymen.pl\/wp-content\/uploads\/2023\/03\/PantherDCa_preview_rev_1-100x100.png 100w, https:\/\/xymen.pl\/wp-content\/uploads\/2023\/03\/PantherDCa_preview_rev_1-50x50.png 50w, https:\/\/xymen.pl\/wp-content\/uploads\/2023\/03\/PantherDCa_preview_rev_1.png 500w\" sizes=\"(max-width: 150px) 100vw, 150px\" \/><\/p>\n<h5>2 m power cables<\/h5>\n<ul>\n<li>Power cables for the pump<\/li>\n<li>Length 2 m<\/li>\n<li>Cable cross-section 2 x 6mm\u00b2<\/li>\n<\/ul>\n<p><img fetchpriority=\"high\" decoding=\"async\" class=\"alignnone size-medium wp-image-5467\" src=\"https:\/\/xymen.pl\/wp-content\/uploads\/2023\/03\/DSCF3479_preview_rev_1-300x200.png\" alt=\"\" width=\"300\" height=\"200\" srcset=\"https:\/\/xymen.pl\/wp-content\/uploads\/2023\/03\/DSCF3479_preview_rev_1-300x200.png 300w, https:\/\/xymen.pl\/wp-content\/uploads\/2023\/03\/DSCF3479_preview_rev_1-600x400.png 600w, https:\/\/xymen.pl\/wp-content\/uploads\/2023\/03\/DSCF3479_preview_rev_1.png 612w\" sizes=\"(max-width: 300px) 100vw, 300px\" \/><\/p>\n<h5>6m dispensing hose<\/h5>\n<ul>\n<li>Working pressure up to 10 bar<\/li>\n<li>Inner diameter 19mm<\/li>\n<li>Outer diameter 27mm<\/li>\n<\/ul>\n<p><img loading=\"lazy\" decoding=\"async\" class=\"alignnone wp-image-5376 size-thumbnail\" src=\"https:\/\/xymen.pl\/wp-content\/uploads\/2023\/03\/waz-1_preview_rev_1-150x150.png\" alt=\"\" width=\"150\" height=\"150\" srcset=\"https:\/\/xymen.pl\/wp-content\/uploads\/2023\/03\/waz-1_preview_rev_1-150x150.png 150w, https:\/\/xymen.pl\/wp-content\/uploads\/2023\/03\/waz-1_preview_rev_1-300x300.png 300w, https:\/\/xymen.pl\/wp-content\/uploads\/2023\/03\/waz-1_preview_rev_1-100x100.png 100w, https:\/\/xymen.pl\/wp-content\/uploads\/2023\/03\/waz-1_preview_rev_1-50x50.png 50w, https:\/\/xymen.pl\/wp-content\/uploads\/2023\/03\/waz-1_preview_rev_1.png 500w\" sizes=\"(max-width: 150px) 100vw, 150px\" \/><\/p>\n<h5>A60 automatic nozzle<\/h5>\n<ul>\n<li>Flow rate up to 70\u202fL\/min<\/li>\n<li>Connect F1&#8243; to the connector swivel 3\/4&#8243;\/1&#8243;<\/li>\n<li>Diameter internal spout 25mm<\/li>\n<\/ul>\n<p><img loading=\"lazy\" decoding=\"async\" class=\"alignnone wp-image-5383 size-thumbnail\" src=\"https:\/\/xymen.pl\/wp-content\/uploads\/2023\/03\/pistolet-automatyczny-a60-piusi-1-300x300_preview_rev_1-150x150.png\" alt=\"\" width=\"150\" height=\"150\" srcset=\"https:\/\/xymen.pl\/wp-content\/uploads\/2023\/03\/pistolet-automatyczny-a60-piusi-1-300x300_preview_rev_1-150x150.png 150w, https:\/\/xymen.pl\/wp-content\/uploads\/2023\/03\/pistolet-automatyczny-a60-piusi-1-300x300_preview_rev_1-100x100.png 100w, https:\/\/xymen.pl\/wp-content\/uploads\/2023\/03\/pistolet-automatyczny-a60-piusi-1-300x300_preview_rev_1-50x50.png 50w, https:\/\/xymen.pl\/wp-content\/uploads\/2023\/03\/pistolet-automatyczny-a60-piusi-1-300x300_preview_rev_1.png 300w\" sizes=\"(max-width: 150px) 100vw, 150px\" \/><\/p>\n<h5>Counter digital K24 mounted on the gun<\/h5>\n<ul>\n<li>Working pressure up to 20 bar<\/li>\n<li>M\/F1&#8243; threaded connections<\/li>\n<li>Possibility of rotation around the axis<\/li>\n<li>Displaying the partial counter from 0.1 to 99,999<\/li>\n<li>Displaying the total counter from 1 to 999,999<\/li>\n<li>Accuracy +\/-1%<\/li>\n<li>Repeatability 0.2&amp;<\/li>\n<li>Power supply: 2 x AAA<\/li>\n<\/ul>\n<p><img loading=\"lazy\" decoding=\"async\" class=\"alignnone wp-image-5410 size-thumbnail\" src=\"https:\/\/xymen.pl\/wp-content\/uploads\/2023\/03\/K247photoAid-removed-background-150x150.png\" alt=\"\" width=\"150\" height=\"150\" srcset=\"https:\/\/xymen.pl\/wp-content\/uploads\/2023\/03\/K247photoAid-removed-background-150x150.png 150w, https:\/\/xymen.pl\/wp-content\/uploads\/2023\/03\/K247photoAid-removed-background-300x300.png 300w, https:\/\/xymen.pl\/wp-content\/uploads\/2023\/03\/K247photoAid-removed-background-100x100.png 100w, https:\/\/xymen.pl\/wp-content\/uploads\/2023\/03\/K247photoAid-removed-background-50x50.png 50w, https:\/\/xymen.pl\/wp-content\/uploads\/2023\/03\/K247photoAid-removed-background.png 600w\" sizes=\"(max-width: 150px) 100vw, 150px\" \/><\/p>\n<h5>Filling cap with integrated vent<\/h5>\n<p><img loading=\"lazy\" decoding=\"async\" class=\"alignnone wp-image-5469 size-thumbnail\" src=\"https:\/\/xymen.pl\/wp-content\/uploads\/2023\/03\/1636988208669_preview_rev_1-150x150.png\" alt=\"\" width=\"150\" height=\"150\" srcset=\"https:\/\/xymen.pl\/wp-content\/uploads\/2023\/03\/1636988208669_preview_rev_1-150x150.png 150w, https:\/\/xymen.pl\/wp-content\/uploads\/2023\/03\/1636988208669_preview_rev_1-300x300.png 300w, https:\/\/xymen.pl\/wp-content\/uploads\/2023\/03\/1636988208669_preview_rev_1-100x100.png 100w, https:\/\/xymen.pl\/wp-content\/uploads\/2023\/03\/1636988208669_preview_rev_1-50x50.png 50w\" sizes=\"(max-width: 150px) 100vw, 150px\" \/><\/p>\n<h5>Latch closing the lid<\/h5>\n<p><img loading=\"lazy\" decoding=\"async\" class=\"alignnone wp-image-5470 size-thumbnail\" src=\"https:\/\/xymen.pl\/wp-content\/uploads\/2023\/03\/Bez-nazwy_preview_rev_1-150x150.png\" alt=\"\" width=\"150\" height=\"150\" srcset=\"https:\/\/xymen.pl\/wp-content\/uploads\/2023\/03\/Bez-nazwy_preview_rev_1-150x150.png 150w, https:\/\/xymen.pl\/wp-content\/uploads\/2023\/03\/Bez-nazwy_preview_rev_1-300x300.png 300w, https:\/\/xymen.pl\/wp-content\/uploads\/2023\/03\/Bez-nazwy_preview_rev_1-100x100.png 100w, https:\/\/xymen.pl\/wp-content\/uploads\/2023\/03\/Bez-nazwy_preview_rev_1-50x50.png 50w\" sizes=\"(max-width: 150px) 100vw, 150px\" \/><\/p>\n<\/div>\n<p>Tank dimensions:<\/p>\n<p>A : 0,56m<\/p>\n<p>B: 0.80m<\/p>\n<p>C : 1,20m<\/p>\n<p><img loading=\"lazy\" decoding=\"async\" class=\"alignnone size-medium wp-image-5801\" src=\"https:\/\/xymen.pl\/wp-content\/uploads\/2023\/03\/250q-300x240.jpg\" alt=\"\" width=\"300\" height=\"240\" srcset=\"https:\/\/xymen.pl\/wp-content\/uploads\/2023\/03\/250q-300x240.jpg 300w, https:\/\/xymen.pl\/wp-content\/uploads\/2023\/03\/250q.jpg 513w\" sizes=\"(max-width: 300px) 100vw, 300px\" \/><\/p>\n<div id=\"description\" role=\"tabpanel\">\n<p>The manufacturer provides a 5-year warranty on the tank and a 2-year warranty on the equipment.<\/p>\n<\/div>\n<p>&nbsp;<\/p>\n","protected":false},"excerpt":{"rendered":"<p>Mobile diesel fuel tanks are ideal for construction companies, transport companies, and farms. They greatly facilitate the delivery of fuel to machines working in the field or on construction sites. They are a much more convenient solution than traditional jerry cans or mausers. Above all, tanks with a capacity of 460 l and 600 l [&hellip;]<\/p>\n","protected":false},"featured_media":5770,"comment_status":"open","ping_status":"closed","template":"","meta":{"_acf_changed":false,"_glsr_average":0,"_glsr_ranking":0,"_glsr_reviews":0},"product_brand":[],"product_cat":[386,423],"product_tag":[378,381],"class_list":{"0":"post-17490","1":"product","2":"type-product","3":"status-publish","4":"has-post-thumbnail","6":"product_cat-diesel-fuel-tanks","7":"product_cat-mobil","8":"product_tag-metria-en","9":"product_tag-with-variants","10":"product_shipping_class-cash-on-delivery-dhl-180-courier","12":"first","13":"instock","14":"taxable","15":"shipping-taxable","16":"purchasable","17":"product-type-variable","18":"has-default-attributes"},"acf":{"xymen_capacity":""},"yoast_head":"<!-- This site is optimized with the Yoast SEO plugin v27.1.1 - https:\/\/yoast.com\/product\/yoast-seo-wordpress\/ -->\n<title>Metria 250l diesel fuel tank<\/title>\n<meta name=\"description\" content=\"Ideal for small spaces, the Metria 250L tank offers compact and safe diesel fuel storage with easy installation.\" \/>\n<meta name=\"robots\" content=\"index, follow, max-snippet:-1, max-image-preview:large, max-video-preview:-1\" \/>\n<link rel=\"canonical\" href=\"https:\/\/xymen.pl\/en\/product\/metria-250l-diesel-fuel-tank\/\" \/>\n<meta property=\"og:locale\" content=\"en_US\" \/>\n<meta property=\"og:type\" content=\"article\" \/>\n<meta property=\"og:title\" content=\"Metria 250l diesel fuel tank\" \/>\n<meta property=\"og:description\" content=\"Ideal for small spaces, the Metria 250L tank offers compact and safe diesel storage with easy installation. The Metria 250L diesel tank is the perfect solution for users looking for a small but reliable tank. Ideal for home use or small businesses, it offers convenience and safety.\" \/>\n<meta property=\"og:url\" content=\"https:\/\/xymen.pl\/en\/product\/metria-250l-diesel-fuel-tank\/\" \/>\n<meta property=\"og:site_name\" content=\"XYMEN\" \/>\n<meta property=\"og:image\" content=\"https:\/\/xymen.pl\/wp-content\/uploads\/2023\/03\/250q.jpg\" \/>\n<meta name=\"twitter:card\" content=\"summary_large_image\" \/>\n<meta name=\"twitter:title\" content=\"Metria 250l diesel fuel tank\" \/>\n<meta name=\"twitter:description\" content=\"Ideal for small spaces, the Metria 250L tank offers compact and safe diesel storage with easy installation. The Metria 250L diesel tank is the perfect solution for users looking for a small but reliable tank. Ideal for home use or small businesses, it offers convenience and safety.\" \/>\n<meta name=\"twitter:image\" content=\"https:\/\/xymen.pl\/wp-content\/uploads\/2023\/03\/250q.jpg\" \/>\n<meta name=\"twitter:label1\" content=\"Est. reading time\" \/>\n\t<meta name=\"twitter:data1\" content=\"1 minute\" \/>\n<script type=\"application\/ld+json\" class=\"yoast-schema-graph\">{\"@context\":\"https:\/\/schema.org\",\"@graph\":[{\"@type\":\"WebPage\",\"@id\":\"https:\/\/xymen.pl\/en\/product\/metria-250l-diesel-fuel-tank\/\",\"url\":\"https:\/\/xymen.pl\/en\/product\/metria-250l-diesel-fuel-tank\/\",\"name\":\"Metria 250l diesel fuel tank\",\"isPartOf\":{\"@id\":\"https:\/\/xymen.pl\/en\/#website\"},\"primaryImageOfPage\":{\"@id\":\"https:\/\/xymen.pl\/en\/product\/metria-250l-diesel-fuel-tank\/#primaryimage\"},\"image\":{\"@id\":\"https:\/\/xymen.pl\/en\/product\/metria-250l-diesel-fuel-tank\/#primaryimage\"},\"thumbnailUrl\":\"https:\/\/xymen.pl\/wp-content\/uploads\/2023\/03\/250PhotoRoom-20230627_090351.png\",\"datePublished\":\"2023-07-08T08:49:56+00:00\",\"description\":\"Ideal for small spaces, the Metria 250L tank offers compact and safe diesel fuel storage with easy installation.\",\"breadcrumb\":{\"@id\":\"https:\/\/xymen.pl\/en\/product\/metria-250l-diesel-fuel-tank\/#breadcrumb\"},\"inLanguage\":\"en-US\",\"potentialAction\":[{\"@type\":\"ReadAction\",\"target\":[\"https:\/\/xymen.pl\/en\/product\/metria-250l-diesel-fuel-tank\/\"]}]},{\"@type\":\"ImageObject\",\"inLanguage\":\"en-US\",\"@id\":\"https:\/\/xymen.pl\/en\/product\/metria-250l-diesel-fuel-tank\/#primaryimage\",\"url\":\"https:\/\/xymen.pl\/wp-content\/uploads\/2023\/03\/250PhotoRoom-20230627_090351.png\",\"contentUrl\":\"https:\/\/xymen.pl\/wp-content\/uploads\/2023\/03\/250PhotoRoom-20230627_090351.png\",\"width\":800,\"height\":800,\"caption\":\"Metria 250L, Zbiornik na olej nap\u0119dowy, zbiornik na olej\"},{\"@type\":\"BreadcrumbList\",\"@id\":\"https:\/\/xymen.pl\/en\/product\/metria-250l-diesel-fuel-tank\/#breadcrumb\",\"itemListElement\":[{\"@type\":\"ListItem\",\"position\":1,\"name\":\"Products\",\"item\":\"https:\/\/xymen.pl\/en\/products\/\"},{\"@type\":\"ListItem\",\"position\":2,\"name\":\"Metria 250l diesel fuel tank\"}]},{\"@type\":\"WebSite\",\"@id\":\"https:\/\/xymen.pl\/en\/#website\",\"url\":\"https:\/\/xymen.pl\/en\/\",\"name\":\"XYMEN\",\"description\":\"zbiorniki na deszcz\u00f3wk\u0119 | ekologiczne oczyszczalnie \u015bciek\u00f3w\",\"publisher\":{\"@id\":\"https:\/\/xymen.pl\/en\/#organization\"},\"potentialAction\":[{\"@type\":\"SearchAction\",\"target\":{\"@type\":\"EntryPoint\",\"urlTemplate\":\"https:\/\/xymen.pl\/en\/?s={search_term_string}\"},\"query-input\":{\"@type\":\"PropertyValueSpecification\",\"valueRequired\":true,\"valueName\":\"search_term_string\"}}],\"inLanguage\":\"en-US\"},{\"@type\":\"Organization\",\"@id\":\"https:\/\/xymen.pl\/en\/#organization\",\"name\":\"XYMEN\",\"url\":\"https:\/\/xymen.pl\/en\/\",\"logo\":{\"@type\":\"ImageObject\",\"inLanguage\":\"en-US\",\"@id\":\"https:\/\/xymen.pl\/en\/#\/schema\/logo\/image\/\",\"url\":\"https:\/\/xymen.pl\/wp-content\/uploads\/2023\/02\/xymenpl-logo-1612299642.png\",\"contentUrl\":\"https:\/\/xymen.pl\/wp-content\/uploads\/2023\/02\/xymenpl-logo-1612299642.png\",\"width\":222,\"height\":218,\"caption\":\"XYMEN\"},\"image\":{\"@id\":\"https:\/\/xymen.pl\/en\/#\/schema\/logo\/image\/\"}}]}<\/script>\n<!-- \/ Yoast SEO plugin. -->","yoast_head_json":{"title":"Metria 250l diesel fuel tank","description":"Ideal for small spaces, the Metria 250L tank offers compact and safe diesel fuel storage with easy installation.","robots":{"index":"index","follow":"follow","max-snippet":"max-snippet:-1","max-image-preview":"max-image-preview:large","max-video-preview":"max-video-preview:-1"},"canonical":"https:\/\/xymen.pl\/en\/product\/metria-250l-diesel-fuel-tank\/","og_locale":"en_US","og_type":"article","og_title":"Metria 250l diesel fuel tank","og_description":"Ideal for small spaces, the Metria 250L tank offers compact and safe diesel storage with easy installation. The Metria 250L diesel tank is the perfect solution for users looking for a small but reliable tank. Ideal for home use or small businesses, it offers convenience and safety.","og_url":"https:\/\/xymen.pl\/en\/product\/metria-250l-diesel-fuel-tank\/","og_site_name":"XYMEN","og_image":[{"url":"https:\/\/xymen.pl\/wp-content\/uploads\/2023\/03\/250q.jpg","type":"","width":"","height":""}],"twitter_card":"summary_large_image","twitter_title":"Metria 250l diesel fuel tank","twitter_description":"Ideal for small spaces, the Metria 250L tank offers compact and safe diesel storage with easy installation. The Metria 250L diesel tank is the perfect solution for users looking for a small but reliable tank. Ideal for home use or small businesses, it offers convenience and safety.","twitter_image":"https:\/\/xymen.pl\/wp-content\/uploads\/2023\/03\/250q.jpg","twitter_misc":{"Est. reading time":"1 minute"},"schema":{"@context":"https:\/\/schema.org","@graph":[{"@type":"WebPage","@id":"https:\/\/xymen.pl\/en\/product\/metria-250l-diesel-fuel-tank\/","url":"https:\/\/xymen.pl\/en\/product\/metria-250l-diesel-fuel-tank\/","name":"Metria 250l diesel fuel tank","isPartOf":{"@id":"https:\/\/xymen.pl\/en\/#website"},"primaryImageOfPage":{"@id":"https:\/\/xymen.pl\/en\/product\/metria-250l-diesel-fuel-tank\/#primaryimage"},"image":{"@id":"https:\/\/xymen.pl\/en\/product\/metria-250l-diesel-fuel-tank\/#primaryimage"},"thumbnailUrl":"https:\/\/xymen.pl\/wp-content\/uploads\/2023\/03\/250PhotoRoom-20230627_090351.png","datePublished":"2023-07-08T08:49:56+00:00","description":"Ideal for small spaces, the Metria 250L tank offers compact and safe diesel fuel storage with easy installation.","breadcrumb":{"@id":"https:\/\/xymen.pl\/en\/product\/metria-250l-diesel-fuel-tank\/#breadcrumb"},"inLanguage":"en-US","potentialAction":[{"@type":"ReadAction","target":["https:\/\/xymen.pl\/en\/product\/metria-250l-diesel-fuel-tank\/"]}]},{"@type":"ImageObject","inLanguage":"en-US","@id":"https:\/\/xymen.pl\/en\/product\/metria-250l-diesel-fuel-tank\/#primaryimage","url":"https:\/\/xymen.pl\/wp-content\/uploads\/2023\/03\/250PhotoRoom-20230627_090351.png","contentUrl":"https:\/\/xymen.pl\/wp-content\/uploads\/2023\/03\/250PhotoRoom-20230627_090351.png","width":800,"height":800,"caption":"Metria 250L, Zbiornik na olej nap\u0119dowy, zbiornik na olej"},{"@type":"BreadcrumbList","@id":"https:\/\/xymen.pl\/en\/product\/metria-250l-diesel-fuel-tank\/#breadcrumb","itemListElement":[{"@type":"ListItem","position":1,"name":"Products","item":"https:\/\/xymen.pl\/en\/products\/"},{"@type":"ListItem","position":2,"name":"Metria 250l diesel fuel tank"}]},{"@type":"WebSite","@id":"https:\/\/xymen.pl\/en\/#website","url":"https:\/\/xymen.pl\/en\/","name":"XYMEN","description":"zbiorniki na deszcz\u00f3wk\u0119 | ekologiczne oczyszczalnie \u015bciek\u00f3w","publisher":{"@id":"https:\/\/xymen.pl\/en\/#organization"},"potentialAction":[{"@type":"SearchAction","target":{"@type":"EntryPoint","urlTemplate":"https:\/\/xymen.pl\/en\/?s={search_term_string}"},"query-input":{"@type":"PropertyValueSpecification","valueRequired":true,"valueName":"search_term_string"}}],"inLanguage":"en-US"},{"@type":"Organization","@id":"https:\/\/xymen.pl\/en\/#organization","name":"XYMEN","url":"https:\/\/xymen.pl\/en\/","logo":{"@type":"ImageObject","inLanguage":"en-US","@id":"https:\/\/xymen.pl\/en\/#\/schema\/logo\/image\/","url":"https:\/\/xymen.pl\/wp-content\/uploads\/2023\/02\/xymenpl-logo-1612299642.png","contentUrl":"https:\/\/xymen.pl\/wp-content\/uploads\/2023\/02\/xymenpl-logo-1612299642.png","width":222,"height":218,"caption":"XYMEN"},"image":{"@id":"https:\/\/xymen.pl\/en\/#\/schema\/logo\/image\/"}}]}},"_links":{"self":[{"href":"https:\/\/xymen.pl\/en\/wp-json\/wp\/v2\/product\/17490","targetHints":{"allow":["GET"]}}],"collection":[{"href":"https:\/\/xymen.pl\/en\/wp-json\/wp\/v2\/product"}],"about":[{"href":"https:\/\/xymen.pl\/en\/wp-json\/wp\/v2\/types\/product"}],"replies":[{"embeddable":true,"href":"https:\/\/xymen.pl\/en\/wp-json\/wp\/v2\/comments?post=17490"}],"wp:featuredmedia":[{"embeddable":true,"href":"https:\/\/xymen.pl\/en\/wp-json\/wp\/v2\/media\/5770"}],"wp:attachment":[{"href":"https:\/\/xymen.pl\/en\/wp-json\/wp\/v2\/media?parent=17490"}],"wp:term":[{"taxonomy":"product_brand","embeddable":true,"href":"https:\/\/xymen.pl\/en\/wp-json\/wp\/v2\/product_brand?post=17490"},{"taxonomy":"product_cat","embeddable":true,"href":"https:\/\/xymen.pl\/en\/wp-json\/wp\/v2\/product_cat?post=17490"},{"taxonomy":"product_tag","embeddable":true,"href":"https:\/\/xymen.pl\/en\/wp-json\/wp\/v2\/product_tag?post=17490"}],"curies":[{"name":"wp","href":"https:\/\/api.w.org\/{rel}","templated":true}]}}