{"id":17598,"date":"2023-03-24T10:55:25","date_gmt":"2023-03-24T09:55:25","guid":{"rendered":"https:\/\/xymen.pl\/produkt\/distribution-chamber-dn300-h-0-4m\/"},"modified":"2023-03-24T10:55:25","modified_gmt":"2023-03-24T09:55:25","slug":"distribution-chamber-dn300-h-0-4m","status":"publish","type":"product","link":"https:\/\/xymen.pl\/en\/product\/distribution-chamber-dn300-h-0-4m\/","title":{"rendered":"Distribution chamber DN300 H-0.4m"},"content":{"rendered":"<p><img fetchpriority=\"high\" decoding=\"async\" class=\"alignnone size-medium wp-image-3828\" src=\"https:\/\/xymen.pl\/wp-content\/uploads\/2023\/03\/13-1-300x213.jpg\" alt=\"\" width=\"300\" height=\"213\" srcset=\"https:\/\/xymen.pl\/wp-content\/uploads\/2023\/03\/13-1-300x213.jpg 300w, https:\/\/xymen.pl\/wp-content\/uploads\/2023\/03\/13-1.jpg 500w\" sizes=\"(max-width: 300px) 100vw, 300px\" \/><\/p>\n<p class=\"MsoNormal\">The device is responsible for distributing sewage to drainage pipes or biological beds. The well can also be used for rainwater drainage or perform a technical function in various types of installations. <\/p>\n<p class=\"MsoNormal\">The AQR manhole is a monolithic cylinder with a height of 410 mm and a manhole diameter of \u00d8300 mm, made of high-density polyethylene (HDPE) using the plastic injection molding method. The chamber is equipped with a sealed (solid) D300 cover. One inlet and up to three outlets for the drainage bed can be made in the chamber. The height of the inlets and outlets is defined on the walls of the chamber.   <\/p>\n<p class=\"MsoNormal\">Each manhole comes with four gaskets for installation in the sockets located on the manhole. The sockets are blind. They can be cut out with a knife or a special hole saw.  <\/p>\n","protected":false},"excerpt":{"rendered":"<p>AQUABIN distribution chamber<\/p>\n","protected":false},"featured_media":2045,"comment_status":"open","ping_status":"closed","template":"","meta":{"_acf_changed":false,"_glsr_average":0,"_glsr_ranking":0,"_glsr_reviews":0},"product_brand":[],"product_cat":[350,400],"product_tag":[419,352],"class_list":{"0":"post-17598","1":"product","2":"type-product","3":"status-publish","4":"has-post-thumbnail","6":"product_cat-accessories","7":"product_cat-distribution-wells","8":"product_tag-aquabin-en","9":"product_tag-standard-en","10":"product_shipping_class-dhl-courier-cash-on-delivery-prepayment-70","12":"first","13":"instock","14":"taxable","15":"shipping-taxable","16":"purchasable","17":"product-type-simple"},"acf":{"xymen_capacity":""},"yoast_head":"<!-- This site is optimized with the Yoast SEO plugin v27.1.1 - https:\/\/yoast.com\/product\/yoast-seo-wordpress\/ -->\n<title>Distribution chamber DN300 H-0.4m | XYMEN<\/title>\n<meta name=\"robots\" content=\"index, follow, max-snippet:-1, max-image-preview:large, max-video-preview:-1\" \/>\n<link rel=\"canonical\" href=\"https:\/\/xymen.pl\/en\/product\/distribution-chamber-dn300-h-0-4m\/\" \/>\n<meta property=\"og:locale\" content=\"en_US\" \/>\n<meta property=\"og:type\" content=\"article\" \/>\n<meta property=\"og:title\" content=\"Distribution chamber DN300 H-0.4m | XYMEN\" \/>\n<meta property=\"og:description\" content=\"AQUABIN distribution chamber\" \/>\n<meta property=\"og:url\" content=\"https:\/\/xymen.pl\/en\/product\/distribution-chamber-dn300-h-0-4m\/\" \/>\n<meta property=\"og:site_name\" content=\"XYMEN\" \/>\n<meta property=\"og:image\" content=\"https:\/\/xymen.pl\/wp-content\/uploads\/2023\/03\/studzienka-rozdzielcza-dn300-h04m-aquabin.jpg\" \/>\n\t<meta property=\"og:image:width\" content=\"800\" \/>\n\t<meta property=\"og:image:height\" content=\"600\" \/>\n\t<meta property=\"og:image:type\" content=\"image\/jpeg\" \/>\n<meta name=\"twitter:card\" content=\"summary_large_image\" \/>\n<meta name=\"twitter:label1\" content=\"Est. reading time\" \/>\n\t<meta name=\"twitter:data1\" content=\"1 minute\" \/>\n<script type=\"application\/ld+json\" class=\"yoast-schema-graph\">{\"@context\":\"https:\/\/schema.org\",\"@graph\":[{\"@type\":\"WebPage\",\"@id\":\"https:\/\/xymen.pl\/en\/product\/distribution-chamber-dn300-h-0-4m\/\",\"url\":\"https:\/\/xymen.pl\/en\/product\/distribution-chamber-dn300-h-0-4m\/\",\"name\":\"Distribution chamber DN300 H-0.4m | XYMEN\",\"isPartOf\":{\"@id\":\"https:\/\/xymen.pl\/en\/#website\"},\"primaryImageOfPage\":{\"@id\":\"https:\/\/xymen.pl\/en\/product\/distribution-chamber-dn300-h-0-4m\/#primaryimage\"},\"image\":{\"@id\":\"https:\/\/xymen.pl\/en\/product\/distribution-chamber-dn300-h-0-4m\/#primaryimage\"},\"thumbnailUrl\":\"https:\/\/xymen.pl\/wp-content\/uploads\/2023\/03\/studzienka-rozdzielcza-dn300-h04m-aquabin.jpg\",\"datePublished\":\"2023-03-24T09:55:25+00:00\",\"breadcrumb\":{\"@id\":\"https:\/\/xymen.pl\/en\/product\/distribution-chamber-dn300-h-0-4m\/#breadcrumb\"},\"inLanguage\":\"en-US\",\"potentialAction\":[{\"@type\":\"ReadAction\",\"target\":[\"https:\/\/xymen.pl\/en\/product\/distribution-chamber-dn300-h-0-4m\/\"]}]},{\"@type\":\"ImageObject\",\"inLanguage\":\"en-US\",\"@id\":\"https:\/\/xymen.pl\/en\/product\/distribution-chamber-dn300-h-0-4m\/#primaryimage\",\"url\":\"https:\/\/xymen.pl\/wp-content\/uploads\/2023\/03\/studzienka-rozdzielcza-dn300-h04m-aquabin.jpg\",\"contentUrl\":\"https:\/\/xymen.pl\/wp-content\/uploads\/2023\/03\/studzienka-rozdzielcza-dn300-h04m-aquabin.jpg\",\"width\":800,\"height\":600,\"caption\":\"studzienka rozdzielcza dn 300 h04m aquabin\"},{\"@type\":\"BreadcrumbList\",\"@id\":\"https:\/\/xymen.pl\/en\/product\/distribution-chamber-dn300-h-0-4m\/#breadcrumb\",\"itemListElement\":[{\"@type\":\"ListItem\",\"position\":1,\"name\":\"Products\",\"item\":\"https:\/\/xymen.pl\/en\/products\/\"},{\"@type\":\"ListItem\",\"position\":2,\"name\":\"Distribution chamber DN300 H-0.4m\"}]},{\"@type\":\"WebSite\",\"@id\":\"https:\/\/xymen.pl\/en\/#website\",\"url\":\"https:\/\/xymen.pl\/en\/\",\"name\":\"XYMEN\",\"description\":\"zbiorniki na deszcz\u00f3wk\u0119 | ekologiczne oczyszczalnie \u015bciek\u00f3w\",\"publisher\":{\"@id\":\"https:\/\/xymen.pl\/en\/#organization\"},\"potentialAction\":[{\"@type\":\"SearchAction\",\"target\":{\"@type\":\"EntryPoint\",\"urlTemplate\":\"https:\/\/xymen.pl\/en\/?s={search_term_string}\"},\"query-input\":{\"@type\":\"PropertyValueSpecification\",\"valueRequired\":true,\"valueName\":\"search_term_string\"}}],\"inLanguage\":\"en-US\"},{\"@type\":\"Organization\",\"@id\":\"https:\/\/xymen.pl\/en\/#organization\",\"name\":\"XYMEN\",\"url\":\"https:\/\/xymen.pl\/en\/\",\"logo\":{\"@type\":\"ImageObject\",\"inLanguage\":\"en-US\",\"@id\":\"https:\/\/xymen.pl\/en\/#\/schema\/logo\/image\/\",\"url\":\"https:\/\/xymen.pl\/wp-content\/uploads\/2023\/02\/xymenpl-logo-1612299642.png\",\"contentUrl\":\"https:\/\/xymen.pl\/wp-content\/uploads\/2023\/02\/xymenpl-logo-1612299642.png\",\"width\":222,\"height\":218,\"caption\":\"XYMEN\"},\"image\":{\"@id\":\"https:\/\/xymen.pl\/en\/#\/schema\/logo\/image\/\"}}]}<\/script>\n<!-- \/ Yoast SEO plugin. -->","yoast_head_json":{"title":"Distribution chamber DN300 H-0.4m | XYMEN","robots":{"index":"index","follow":"follow","max-snippet":"max-snippet:-1","max-image-preview":"max-image-preview:large","max-video-preview":"max-video-preview:-1"},"canonical":"https:\/\/xymen.pl\/en\/product\/distribution-chamber-dn300-h-0-4m\/","og_locale":"en_US","og_type":"article","og_title":"Distribution chamber DN300 H-0.4m | XYMEN","og_description":"AQUABIN distribution chamber","og_url":"https:\/\/xymen.pl\/en\/product\/distribution-chamber-dn300-h-0-4m\/","og_site_name":"XYMEN","og_image":[{"width":800,"height":600,"url":"https:\/\/xymen.pl\/wp-content\/uploads\/2023\/03\/studzienka-rozdzielcza-dn300-h04m-aquabin.jpg","type":"image\/jpeg"}],"twitter_card":"summary_large_image","twitter_misc":{"Est. reading time":"1 minute"},"schema":{"@context":"https:\/\/schema.org","@graph":[{"@type":"WebPage","@id":"https:\/\/xymen.pl\/en\/product\/distribution-chamber-dn300-h-0-4m\/","url":"https:\/\/xymen.pl\/en\/product\/distribution-chamber-dn300-h-0-4m\/","name":"Distribution chamber DN300 H-0.4m | XYMEN","isPartOf":{"@id":"https:\/\/xymen.pl\/en\/#website"},"primaryImageOfPage":{"@id":"https:\/\/xymen.pl\/en\/product\/distribution-chamber-dn300-h-0-4m\/#primaryimage"},"image":{"@id":"https:\/\/xymen.pl\/en\/product\/distribution-chamber-dn300-h-0-4m\/#primaryimage"},"thumbnailUrl":"https:\/\/xymen.pl\/wp-content\/uploads\/2023\/03\/studzienka-rozdzielcza-dn300-h04m-aquabin.jpg","datePublished":"2023-03-24T09:55:25+00:00","breadcrumb":{"@id":"https:\/\/xymen.pl\/en\/product\/distribution-chamber-dn300-h-0-4m\/#breadcrumb"},"inLanguage":"en-US","potentialAction":[{"@type":"ReadAction","target":["https:\/\/xymen.pl\/en\/product\/distribution-chamber-dn300-h-0-4m\/"]}]},{"@type":"ImageObject","inLanguage":"en-US","@id":"https:\/\/xymen.pl\/en\/product\/distribution-chamber-dn300-h-0-4m\/#primaryimage","url":"https:\/\/xymen.pl\/wp-content\/uploads\/2023\/03\/studzienka-rozdzielcza-dn300-h04m-aquabin.jpg","contentUrl":"https:\/\/xymen.pl\/wp-content\/uploads\/2023\/03\/studzienka-rozdzielcza-dn300-h04m-aquabin.jpg","width":800,"height":600,"caption":"studzienka rozdzielcza dn 300 h04m aquabin"},{"@type":"BreadcrumbList","@id":"https:\/\/xymen.pl\/en\/product\/distribution-chamber-dn300-h-0-4m\/#breadcrumb","itemListElement":[{"@type":"ListItem","position":1,"name":"Products","item":"https:\/\/xymen.pl\/en\/products\/"},{"@type":"ListItem","position":2,"name":"Distribution chamber DN300 H-0.4m"}]},{"@type":"WebSite","@id":"https:\/\/xymen.pl\/en\/#website","url":"https:\/\/xymen.pl\/en\/","name":"XYMEN","description":"zbiorniki na deszcz\u00f3wk\u0119 | ekologiczne oczyszczalnie \u015bciek\u00f3w","publisher":{"@id":"https:\/\/xymen.pl\/en\/#organization"},"potentialAction":[{"@type":"SearchAction","target":{"@type":"EntryPoint","urlTemplate":"https:\/\/xymen.pl\/en\/?s={search_term_string}"},"query-input":{"@type":"PropertyValueSpecification","valueRequired":true,"valueName":"search_term_string"}}],"inLanguage":"en-US"},{"@type":"Organization","@id":"https:\/\/xymen.pl\/en\/#organization","name":"XYMEN","url":"https:\/\/xymen.pl\/en\/","logo":{"@type":"ImageObject","inLanguage":"en-US","@id":"https:\/\/xymen.pl\/en\/#\/schema\/logo\/image\/","url":"https:\/\/xymen.pl\/wp-content\/uploads\/2023\/02\/xymenpl-logo-1612299642.png","contentUrl":"https:\/\/xymen.pl\/wp-content\/uploads\/2023\/02\/xymenpl-logo-1612299642.png","width":222,"height":218,"caption":"XYMEN"},"image":{"@id":"https:\/\/xymen.pl\/en\/#\/schema\/logo\/image\/"}}]}},"_links":{"self":[{"href":"https:\/\/xymen.pl\/en\/wp-json\/wp\/v2\/product\/17598","targetHints":{"allow":["GET"]}}],"collection":[{"href":"https:\/\/xymen.pl\/en\/wp-json\/wp\/v2\/product"}],"about":[{"href":"https:\/\/xymen.pl\/en\/wp-json\/wp\/v2\/types\/product"}],"replies":[{"embeddable":true,"href":"https:\/\/xymen.pl\/en\/wp-json\/wp\/v2\/comments?post=17598"}],"wp:featuredmedia":[{"embeddable":true,"href":"https:\/\/xymen.pl\/en\/wp-json\/wp\/v2\/media\/2045"}],"wp:attachment":[{"href":"https:\/\/xymen.pl\/en\/wp-json\/wp\/v2\/media?parent=17598"}],"wp:term":[{"taxonomy":"product_brand","embeddable":true,"href":"https:\/\/xymen.pl\/en\/wp-json\/wp\/v2\/product_brand?post=17598"},{"taxonomy":"product_cat","embeddable":true,"href":"https:\/\/xymen.pl\/en\/wp-json\/wp\/v2\/product_cat?post=17598"},{"taxonomy":"product_tag","embeddable":true,"href":"https:\/\/xymen.pl\/en\/wp-json\/wp\/v2\/product_tag?post=17598"}],"curies":[{"name":"wp","href":"https:\/\/api.w.org\/{rel}","templated":true}]}}