{"id":17603,"date":"2023-03-24T10:56:00","date_gmt":"2023-03-24T09:56:00","guid":{"rendered":"https:\/\/xymen.pl\/produkt\/fortis-2500l-x-tank-diesel-fuel-tank\/"},"modified":"2023-03-24T10:56:00","modified_gmt":"2023-03-24T09:56:00","slug":"fortis-2500l-x-tank-diesel-fuel-tank","status":"publish","type":"product","link":"https:\/\/xymen.pl\/en\/product\/fortis-2500l-x-tank-diesel-fuel-tank\/","title":{"rendered":"Fortis 2500L X-Tank diesel fuel tank"},"content":{"rendered":"<p class=\"MsoNormal\"><img decoding=\"async\" class=\"alignnone wp-image-5451\" src=\"https:\/\/xymen.pl\/wp-content\/uploads\/2023\/03\/16_preview_rev_1.png\" alt=\"\" width=\"161\" height=\"83\"><\/p>\n<p class=\"MsoNormal\">Double-walled tank for fuel oil, also known as a home fuel dispenser or home fuel station is perfect for use on farms farms, companies construction, transport, forestry. A wide selection of capacities and configurations equipment gives the possibility to adapt the tank to your needs. <\/p>\n<p>All tanks are made of high-quality polyethylene. It is a very durable material resistant to all weather conditions and, most importantly, UV radiation. <\/p>\n<p>Tanks are manufactured using the rotomoulding method, which ensures us 100% tightness.<\/p>\n<p>Having our own fuel distributor ensures our independence from fluctuating fuel prices, and purchasing fuel in bulk brings significant savings.<\/p>\n<h5>Standard equipment:<\/h5>\n<h5>Panther diesel fuel pump<\/h5>\n<ul>\n<li>Capacity up to 56 L\/min<\/li>\n<li>Power supply 230V \/ 50Hz<\/li>\n<li>Power 350W<\/li>\n<li>Maximum current 3A<\/li>\n<li>Connections 2 x F1<\/li>\n<li>Built-in filter 100\u202f\u00b5m<\/li>\n<\/ul>\n<p><img fetchpriority=\"high\" decoding=\"async\" class=\"alignnone wp-image-5375\" src=\"https:\/\/xymen.pl\/wp-content\/uploads\/2023\/03\/Panth_56a_preview_rev_1-300x300.png\" alt=\"\" width=\"233\" height=\"233\" srcset=\"https:\/\/xymen.pl\/wp-content\/uploads\/2023\/03\/Panth_56a_preview_rev_1-300x300.png 300w, https:\/\/xymen.pl\/wp-content\/uploads\/2023\/03\/Panth_56a_preview_rev_1-150x150.png 150w, https:\/\/xymen.pl\/wp-content\/uploads\/2023\/03\/Panth_56a_preview_rev_1-100x100.png 100w, https:\/\/xymen.pl\/wp-content\/uploads\/2023\/03\/Panth_56a_preview_rev_1-50x50.png 50w, https:\/\/xymen.pl\/wp-content\/uploads\/2023\/03\/Panth_56a_preview_rev_1.png 500w\" sizes=\"(max-width: 233px) 100vw, 233px\" \/><\/p>\n<p>&nbsp;<\/p>\n<h5>K24 digital counter<\/h5>\n<ul>\n<li>Working pressure up to 20 bar<\/li>\n<li>M\/F 1&#8243; threaded connections<\/li>\n<li>Possibility to rotate the display around its axis<\/li>\n<li>Displaying the partial counter from 0.1 to 99,999<\/li>\n<li>Displaying the total counter from 1 to 99999<\/li>\n<li>Accuracy +\/- 1%<\/li>\n<li>Repeatability 0.2%<\/li>\n<li>Power supply: 2 x AAA<\/li>\n<\/ul>\n<p><img decoding=\"async\" class=\"alignnone wp-image-5410\" src=\"https:\/\/xymen.pl\/wp-content\/uploads\/2023\/03\/K247photoAid-removed-background-300x300.png\" alt=\"\" width=\"233\" height=\"233\" srcset=\"https:\/\/xymen.pl\/wp-content\/uploads\/2023\/03\/K247photoAid-removed-background-300x300.png 300w, https:\/\/xymen.pl\/wp-content\/uploads\/2023\/03\/K247photoAid-removed-background-150x150.png 150w, https:\/\/xymen.pl\/wp-content\/uploads\/2023\/03\/K247photoAid-removed-background-100x100.png 100w, https:\/\/xymen.pl\/wp-content\/uploads\/2023\/03\/K247photoAid-removed-background-50x50.png 50w, https:\/\/xymen.pl\/wp-content\/uploads\/2023\/03\/K247photoAid-removed-background.png 600w\" sizes=\"(max-width: 233px) 100vw, 233px\" \/><\/p>\n<h5>A60 automatic nozzle<\/h5>\n<ul>\n<li>Flow rate up to 70\u202fL\/min<\/li>\n<li>F1\u2033 connection on swivel joint 3\/4\u2033\u20131\u2033<\/li>\n<li>Outer diameter of the spout: 25mm<\/li>\n<\/ul>\n<p><img loading=\"lazy\" decoding=\"async\" class=\"alignnone wp-image-5383\" src=\"https:\/\/xymen.pl\/wp-content\/uploads\/2023\/03\/pistolet-automatyczny-a60-piusi-1-300x300_preview_rev_1.png\" alt=\"\" width=\"233\" height=\"233\" srcset=\"https:\/\/xymen.pl\/wp-content\/uploads\/2023\/03\/pistolet-automatyczny-a60-piusi-1-300x300_preview_rev_1.png 300w, https:\/\/xymen.pl\/wp-content\/uploads\/2023\/03\/pistolet-automatyczny-a60-piusi-1-300x300_preview_rev_1-150x150.png 150w, https:\/\/xymen.pl\/wp-content\/uploads\/2023\/03\/pistolet-automatyczny-a60-piusi-1-300x300_preview_rev_1-100x100.png 100w, https:\/\/xymen.pl\/wp-content\/uploads\/2023\/03\/pistolet-automatyczny-a60-piusi-1-300x300_preview_rev_1-50x50.png 50w\" sizes=\"(max-width: 233px) 100vw, 233px\" \/><\/p>\n<p>&nbsp;<\/p>\n<h5>6m distribution hose<\/h5>\n<ul>\n<li>Working pressure up to 10 bar<\/li>\n<li>Inner diameter 19mm<\/li>\n<li>Outer diameter 27mm<\/li>\n<\/ul>\n<p><img loading=\"lazy\" decoding=\"async\" class=\"alignnone wp-image-5376\" src=\"https:\/\/xymen.pl\/wp-content\/uploads\/2023\/03\/waz-1_preview_rev_1-300x300.png\" alt=\"\" width=\"233\" height=\"233\" srcset=\"https:\/\/xymen.pl\/wp-content\/uploads\/2023\/03\/waz-1_preview_rev_1-300x300.png 300w, https:\/\/xymen.pl\/wp-content\/uploads\/2023\/03\/waz-1_preview_rev_1-150x150.png 150w, https:\/\/xymen.pl\/wp-content\/uploads\/2023\/03\/waz-1_preview_rev_1-100x100.png 100w, https:\/\/xymen.pl\/wp-content\/uploads\/2023\/03\/waz-1_preview_rev_1-50x50.png 50w, https:\/\/xymen.pl\/wp-content\/uploads\/2023\/03\/waz-1_preview_rev_1.png 500w\" sizes=\"(max-width: 233px) 100vw, 233px\" \/><\/p>\n<p>&nbsp;<\/p>\n<h5>Filter metal with separator water CFD 70-30<\/h5>\n<ul>\n<li>Flow rate up to 70\u202fL\/min<\/li>\n<li>Connections 2 x F1&#8243;<\/li>\n<li>Filtration degree 30\u00b5m<\/li>\n<\/ul>\n<p><img loading=\"lazy\" decoding=\"async\" class=\"alignnone wp-image-5389\" src=\"https:\/\/xymen.pl\/wp-content\/uploads\/2023\/05\/sep_z_gl_preview_rev_1-300x300.png\" alt=\"\" width=\"192\" height=\"192\" srcset=\"https:\/\/xymen.pl\/wp-content\/uploads\/2023\/05\/sep_z_gl_preview_rev_1-300x300.png 300w, https:\/\/xymen.pl\/wp-content\/uploads\/2023\/05\/sep_z_gl_preview_rev_1-150x150.png 150w, https:\/\/xymen.pl\/wp-content\/uploads\/2023\/05\/sep_z_gl_preview_rev_1-100x100.png 100w, https:\/\/xymen.pl\/wp-content\/uploads\/2023\/05\/sep_z_gl_preview_rev_1-50x50.png 50w, https:\/\/xymen.pl\/wp-content\/uploads\/2023\/05\/sep_z_gl_preview_rev_1.png 500w\" sizes=\"(max-width: 192px) 100vw, 192px\" \/><\/p>\n<p>&nbsp;<\/p>\n<h5>APOLLO STANDARD ultrasonic liquid level indicator<\/h5>\n<ul>\n<li><span lang=\"pl\" xml:lang=\"pl\">Mierzy poziom paliwa w zbiorniku w 10-cio stopniowej skali wysoko\u015bci zbiornika<\/span><\/li>\n<li>Tank depth measurement range from 0.1 to 3 m<\/li>\n<li>Maximum communication distance: max. 200 m in a straight line <\/li>\n<li>Receiver power supply 230V \/ 50Hz<\/li>\n<li>Radio frequency 433MHz<\/li>\n<\/ul>\n<p>&nbsp;<\/p>\n<p class=\"MsoNormal\"><img loading=\"lazy\" decoding=\"async\" class=\"alignnone wp-image-5442\" src=\"https:\/\/xymen.pl\/wp-content\/uploads\/2023\/03\/apoll_preview_rev_1-3-300x300.png\" alt=\"\" width=\"201\" height=\"201\" srcset=\"https:\/\/xymen.pl\/wp-content\/uploads\/2023\/03\/apoll_preview_rev_1-3-300x300.png 300w, https:\/\/xymen.pl\/wp-content\/uploads\/2023\/03\/apoll_preview_rev_1-3-150x150.png 150w, https:\/\/xymen.pl\/wp-content\/uploads\/2023\/03\/apoll_preview_rev_1-3-100x100.png 100w, https:\/\/xymen.pl\/wp-content\/uploads\/2023\/03\/apoll_preview_rev_1-3-50x50.png 50w, https:\/\/xymen.pl\/wp-content\/uploads\/2023\/03\/apoll_preview_rev_1-3.png 500w\" sizes=\"(max-width: 201px) 100vw, 201px\" \/><\/p>\n<p>&nbsp;<\/p>\n<p>&nbsp;<\/p>\n<p>Tank dimensions:<\/p>\n<p>A : 2,30m<\/p>\n<p>B : 1,79m<\/p>\n<p>C : 2,30m<\/p>\n<p><img loading=\"lazy\" decoding=\"async\" class=\"alignnone size-medium wp-image-5851\" src=\"https:\/\/xymen.pl\/wp-content\/uploads\/2023\/03\/2500JFC-1-287x300.png\" alt=\"\" width=\"287\" height=\"300\" srcset=\"https:\/\/xymen.pl\/wp-content\/uploads\/2023\/03\/2500JFC-1-287x300.png 287w, https:\/\/xymen.pl\/wp-content\/uploads\/2023\/03\/2500JFC-1.png 476w\" sizes=\"(max-width: 287px) 100vw, 287px\" \/><\/p>\n<p>&nbsp;<\/p>\n<p>The manufacturer provides a 10-year warranty for the tank&#8217;s tightness and a 2-year warranty for the equipment.<\/p>\n<p>&nbsp;<\/p>\n<p>&nbsp;<\/p>\n<p class=\"MsoNormal\"><b> <\/b><\/p>\n<p>&nbsp;<\/p>\n","protected":false},"excerpt":{"rendered":"<p class=\"MsoNormal\">Fortis 2500L X-tank diesel fuel tank<\/p>\n<p class=\"MsoNormal\"><span style=\"font-size: 8.5pt; font-family: Verdana, sans-serif; background-image: initial; background-position: initial; background-size: initial; background-attachment: initial;\">Lowest price 30 days before the reduction: PLN 11,088.45 gross<\/span><\/p>\n<p class=\"MsoNormal\"><img loading=\"lazy\" decoding=\"async\" src=\"https:\/\/xymen.pl\/img\/cms\/logogodfgofd.gif\" alt=\"\" width=\"212\" height=\"45\"><\/p>\n","protected":false},"featured_media":14374,"comment_status":"open","ping_status":"closed","template":"","meta":{"_acf_changed":false,"_glsr_average":0,"_glsr_ranking":0,"_glsr_reviews":0},"product_brand":[],"product_cat":[399,386],"product_tag":[435,352],"class_list":{"0":"post-17603","1":"product","2":"type-product","3":"status-publish","4":"has-post-thumbnail","6":"product_cat-2500-l-en","7":"product_cat-diesel-fuel-tanks","8":"product_tag-fortis-en","9":"product_tag-standard-en","11":"first","12":"instock","13":"taxable","14":"shipping-taxable","15":"purchasable","16":"product-type-simple"},"acf":{"xymen_capacity":""},"yoast_head":"<!-- This site is optimized with the Yoast SEO plugin v27.1.1 - https:\/\/yoast.com\/product\/yoast-seo-wordpress\/ -->\n<title>Fortis 2500L X-Tank diesel fuel tank | XYMEN<\/title>\n<meta name=\"robots\" content=\"index, follow, max-snippet:-1, max-image-preview:large, max-video-preview:-1\" \/>\n<link rel=\"canonical\" href=\"https:\/\/xymen.pl\/en\/product\/fortis-2500l-x-tank-diesel-fuel-tank\/\" \/>\n<meta property=\"og:locale\" content=\"en_US\" \/>\n<meta property=\"og:type\" content=\"article\" \/>\n<meta property=\"og:title\" content=\"Fortis 2500L X-Tank diesel fuel tank\" \/>\n<meta property=\"og:description\" content=\"The Fortis 2500L X-Tank diesel fuel tank is a durable and functional solution for fuel storage. Thanks to its compact dimensions and robust construction, it ensures reliable storage even in difficult conditions.\" \/>\n<meta property=\"og:url\" content=\"https:\/\/xymen.pl\/en\/product\/fortis-2500l-x-tank-diesel-fuel-tank\/\" \/>\n<meta property=\"og:site_name\" content=\"XYMEN\" \/>\n<meta property=\"og:image\" content=\"https:\/\/xymen.pl\/wp-content\/uploads\/2023\/03\/2500JFC-1-287x300.png\" \/>\n<meta name=\"twitter:card\" content=\"summary_large_image\" \/>\n<meta name=\"twitter:title\" content=\"Fortis 2500L X-Tank diesel fuel tank\" \/>\n<meta name=\"twitter:description\" content=\"The Fortis 2500L X-Tank diesel fuel tank is a durable and functional solution for fuel storage. Thanks to its compact dimensions and robust construction, it ensures reliable storage even in difficult conditions.\" \/>\n<meta name=\"twitter:image\" content=\"https:\/\/xymen.pl\/wp-content\/uploads\/2023\/03\/2500JFC-1.png\" \/>\n<meta name=\"twitter:label1\" content=\"Est. reading time\" \/>\n\t<meta name=\"twitter:data1\" content=\"1 minute\" \/>\n<script type=\"application\/ld+json\" class=\"yoast-schema-graph\">{\"@context\":\"https:\/\/schema.org\",\"@graph\":[{\"@type\":\"WebPage\",\"@id\":\"https:\/\/xymen.pl\/en\/product\/fortis-2500l-x-tank-diesel-fuel-tank\/\",\"url\":\"https:\/\/xymen.pl\/en\/product\/fortis-2500l-x-tank-diesel-fuel-tank\/\",\"name\":\"Fortis 2500L X-Tank diesel fuel tank | XYMEN\",\"isPartOf\":{\"@id\":\"https:\/\/xymen.pl\/en\/#website\"},\"primaryImageOfPage\":{\"@id\":\"https:\/\/xymen.pl\/en\/product\/fortis-2500l-x-tank-diesel-fuel-tank\/#primaryimage\"},\"image\":{\"@id\":\"https:\/\/xymen.pl\/en\/product\/fortis-2500l-x-tank-diesel-fuel-tank\/#primaryimage\"},\"thumbnailUrl\":\"https:\/\/xymen.pl\/wp-content\/uploads\/2023\/03\/fortis-x-tank-2500l.jpg\",\"datePublished\":\"2023-03-24T09:56:00+00:00\",\"breadcrumb\":{\"@id\":\"https:\/\/xymen.pl\/en\/product\/fortis-2500l-x-tank-diesel-fuel-tank\/#breadcrumb\"},\"inLanguage\":\"en-US\",\"potentialAction\":[{\"@type\":\"ReadAction\",\"target\":[\"https:\/\/xymen.pl\/en\/product\/fortis-2500l-x-tank-diesel-fuel-tank\/\"]}]},{\"@type\":\"ImageObject\",\"inLanguage\":\"en-US\",\"@id\":\"https:\/\/xymen.pl\/en\/product\/fortis-2500l-x-tank-diesel-fuel-tank\/#primaryimage\",\"url\":\"https:\/\/xymen.pl\/wp-content\/uploads\/2023\/03\/fortis-x-tank-2500l.jpg\",\"contentUrl\":\"https:\/\/xymen.pl\/wp-content\/uploads\/2023\/03\/fortis-x-tank-2500l.jpg\",\"width\":1501,\"height\":2000,\"caption\":\"fortis x tank 2500l, diesel fuel tank, oil tank, adblue tank\"},{\"@type\":\"BreadcrumbList\",\"@id\":\"https:\/\/xymen.pl\/en\/product\/fortis-2500l-x-tank-diesel-fuel-tank\/#breadcrumb\",\"itemListElement\":[{\"@type\":\"ListItem\",\"position\":1,\"name\":\"Products\",\"item\":\"https:\/\/xymen.pl\/en\/products\/\"},{\"@type\":\"ListItem\",\"position\":2,\"name\":\"Fortis 2500L X-Tank diesel fuel tank\"}]},{\"@type\":\"WebSite\",\"@id\":\"https:\/\/xymen.pl\/en\/#website\",\"url\":\"https:\/\/xymen.pl\/en\/\",\"name\":\"XYMEN\",\"description\":\"zbiorniki na deszcz\u00f3wk\u0119 | ekologiczne oczyszczalnie \u015bciek\u00f3w\",\"publisher\":{\"@id\":\"https:\/\/xymen.pl\/en\/#organization\"},\"potentialAction\":[{\"@type\":\"SearchAction\",\"target\":{\"@type\":\"EntryPoint\",\"urlTemplate\":\"https:\/\/xymen.pl\/en\/?s={search_term_string}\"},\"query-input\":{\"@type\":\"PropertyValueSpecification\",\"valueRequired\":true,\"valueName\":\"search_term_string\"}}],\"inLanguage\":\"en-US\"},{\"@type\":\"Organization\",\"@id\":\"https:\/\/xymen.pl\/en\/#organization\",\"name\":\"XYMEN\",\"url\":\"https:\/\/xymen.pl\/en\/\",\"logo\":{\"@type\":\"ImageObject\",\"inLanguage\":\"en-US\",\"@id\":\"https:\/\/xymen.pl\/en\/#\/schema\/logo\/image\/\",\"url\":\"https:\/\/xymen.pl\/wp-content\/uploads\/2023\/02\/xymenpl-logo-1612299642.png\",\"contentUrl\":\"https:\/\/xymen.pl\/wp-content\/uploads\/2023\/02\/xymenpl-logo-1612299642.png\",\"width\":222,\"height\":218,\"caption\":\"XYMEN\"},\"image\":{\"@id\":\"https:\/\/xymen.pl\/en\/#\/schema\/logo\/image\/\"}}]}<\/script>\n<!-- \/ Yoast SEO plugin. -->","yoast_head_json":{"title":"Fortis 2500L X-Tank diesel fuel tank | XYMEN","robots":{"index":"index","follow":"follow","max-snippet":"max-snippet:-1","max-image-preview":"max-image-preview:large","max-video-preview":"max-video-preview:-1"},"canonical":"https:\/\/xymen.pl\/en\/product\/fortis-2500l-x-tank-diesel-fuel-tank\/","og_locale":"en_US","og_type":"article","og_title":"Fortis 2500L X-Tank diesel fuel tank","og_description":"The Fortis 2500L X-Tank diesel fuel tank is a durable and functional solution for fuel storage. Thanks to its compact dimensions and robust construction, it ensures reliable storage even in difficult conditions.","og_url":"https:\/\/xymen.pl\/en\/product\/fortis-2500l-x-tank-diesel-fuel-tank\/","og_site_name":"XYMEN","og_image":[{"url":"https:\/\/xymen.pl\/wp-content\/uploads\/2023\/03\/2500JFC-1-287x300.png","type":"","width":"","height":""}],"twitter_card":"summary_large_image","twitter_title":"Fortis 2500L X-Tank diesel fuel tank","twitter_description":"The Fortis 2500L X-Tank diesel fuel tank is a durable and functional solution for fuel storage. Thanks to its compact dimensions and robust construction, it ensures reliable storage even in difficult conditions.","twitter_image":"https:\/\/xymen.pl\/wp-content\/uploads\/2023\/03\/2500JFC-1.png","twitter_misc":{"Est. reading time":"1 minute"},"schema":{"@context":"https:\/\/schema.org","@graph":[{"@type":"WebPage","@id":"https:\/\/xymen.pl\/en\/product\/fortis-2500l-x-tank-diesel-fuel-tank\/","url":"https:\/\/xymen.pl\/en\/product\/fortis-2500l-x-tank-diesel-fuel-tank\/","name":"Fortis 2500L X-Tank diesel fuel tank | XYMEN","isPartOf":{"@id":"https:\/\/xymen.pl\/en\/#website"},"primaryImageOfPage":{"@id":"https:\/\/xymen.pl\/en\/product\/fortis-2500l-x-tank-diesel-fuel-tank\/#primaryimage"},"image":{"@id":"https:\/\/xymen.pl\/en\/product\/fortis-2500l-x-tank-diesel-fuel-tank\/#primaryimage"},"thumbnailUrl":"https:\/\/xymen.pl\/wp-content\/uploads\/2023\/03\/fortis-x-tank-2500l.jpg","datePublished":"2023-03-24T09:56:00+00:00","breadcrumb":{"@id":"https:\/\/xymen.pl\/en\/product\/fortis-2500l-x-tank-diesel-fuel-tank\/#breadcrumb"},"inLanguage":"en-US","potentialAction":[{"@type":"ReadAction","target":["https:\/\/xymen.pl\/en\/product\/fortis-2500l-x-tank-diesel-fuel-tank\/"]}]},{"@type":"ImageObject","inLanguage":"en-US","@id":"https:\/\/xymen.pl\/en\/product\/fortis-2500l-x-tank-diesel-fuel-tank\/#primaryimage","url":"https:\/\/xymen.pl\/wp-content\/uploads\/2023\/03\/fortis-x-tank-2500l.jpg","contentUrl":"https:\/\/xymen.pl\/wp-content\/uploads\/2023\/03\/fortis-x-tank-2500l.jpg","width":1501,"height":2000,"caption":"fortis x tank 2500l, diesel fuel tank, oil tank, adblue tank"},{"@type":"BreadcrumbList","@id":"https:\/\/xymen.pl\/en\/product\/fortis-2500l-x-tank-diesel-fuel-tank\/#breadcrumb","itemListElement":[{"@type":"ListItem","position":1,"name":"Products","item":"https:\/\/xymen.pl\/en\/products\/"},{"@type":"ListItem","position":2,"name":"Fortis 2500L X-Tank diesel fuel tank"}]},{"@type":"WebSite","@id":"https:\/\/xymen.pl\/en\/#website","url":"https:\/\/xymen.pl\/en\/","name":"XYMEN","description":"zbiorniki na deszcz\u00f3wk\u0119 | ekologiczne oczyszczalnie \u015bciek\u00f3w","publisher":{"@id":"https:\/\/xymen.pl\/en\/#organization"},"potentialAction":[{"@type":"SearchAction","target":{"@type":"EntryPoint","urlTemplate":"https:\/\/xymen.pl\/en\/?s={search_term_string}"},"query-input":{"@type":"PropertyValueSpecification","valueRequired":true,"valueName":"search_term_string"}}],"inLanguage":"en-US"},{"@type":"Organization","@id":"https:\/\/xymen.pl\/en\/#organization","name":"XYMEN","url":"https:\/\/xymen.pl\/en\/","logo":{"@type":"ImageObject","inLanguage":"en-US","@id":"https:\/\/xymen.pl\/en\/#\/schema\/logo\/image\/","url":"https:\/\/xymen.pl\/wp-content\/uploads\/2023\/02\/xymenpl-logo-1612299642.png","contentUrl":"https:\/\/xymen.pl\/wp-content\/uploads\/2023\/02\/xymenpl-logo-1612299642.png","width":222,"height":218,"caption":"XYMEN"},"image":{"@id":"https:\/\/xymen.pl\/en\/#\/schema\/logo\/image\/"}}]}},"_links":{"self":[{"href":"https:\/\/xymen.pl\/en\/wp-json\/wp\/v2\/product\/17603","targetHints":{"allow":["GET"]}}],"collection":[{"href":"https:\/\/xymen.pl\/en\/wp-json\/wp\/v2\/product"}],"about":[{"href":"https:\/\/xymen.pl\/en\/wp-json\/wp\/v2\/types\/product"}],"replies":[{"embeddable":true,"href":"https:\/\/xymen.pl\/en\/wp-json\/wp\/v2\/comments?post=17603"}],"wp:featuredmedia":[{"embeddable":true,"href":"https:\/\/xymen.pl\/en\/wp-json\/wp\/v2\/media\/14374"}],"wp:attachment":[{"href":"https:\/\/xymen.pl\/en\/wp-json\/wp\/v2\/media?parent=17603"}],"wp:term":[{"taxonomy":"product_brand","embeddable":true,"href":"https:\/\/xymen.pl\/en\/wp-json\/wp\/v2\/product_brand?post=17603"},{"taxonomy":"product_cat","embeddable":true,"href":"https:\/\/xymen.pl\/en\/wp-json\/wp\/v2\/product_cat?post=17603"},{"taxonomy":"product_tag","embeddable":true,"href":"https:\/\/xymen.pl\/en\/wp-json\/wp\/v2\/product_tag?post=17603"}],"curies":[{"name":"wp","href":"https:\/\/api.w.org\/{rel}","templated":true}]}}