{"id":17607,"date":"2023-03-24T10:56:09","date_gmt":"2023-03-24T09:56:09","guid":{"rendered":"https:\/\/xymen.pl\/produkt\/aquatower-1-5-above-ground-rainwater-tank\/"},"modified":"2023-03-24T10:56:09","modified_gmt":"2023-03-24T09:56:09","slug":"aquatower-1-5-above-ground-rainwater-tank","status":"publish","type":"product","link":"https:\/\/xymen.pl\/en\/product\/aquatower-1-5-above-ground-rainwater-tank\/","title":{"rendered":"AQUATOWER 1.5 above-ground rainwater tank"},"content":{"rendered":"<p><img fetchpriority=\"high\" decoding=\"async\" class=\"alignnone size-full wp-image-2705\" src=\"https:\/\/xymen.pl\/wp-content\/uploads\/2023\/03\/7.png\" alt=\"\" width=\"280\" height=\"280\" srcset=\"https:\/\/xymen.pl\/wp-content\/uploads\/2023\/03\/7.png 280w, https:\/\/xymen.pl\/wp-content\/uploads\/2023\/03\/7-150x150.png 150w, https:\/\/xymen.pl\/wp-content\/uploads\/2023\/03\/7-100x100.png 100w, https:\/\/xymen.pl\/wp-content\/uploads\/2023\/03\/7-50x50.png 50w\" sizes=\"(max-width: 280px) 100vw, 280px\" \/><\/p>\n<p><strong>MARSEPLAST AQUATOWER 1500L <\/strong>above-ground rainwater tank<\/p>\n<p>Rainwater tanks not only contribute to savings on tap water but also have a significant impact on environmental protection and water resources. Above-ground tanks are the most popular method of water retention. <\/p>\n<p><strong>AQUATOWER <\/strong>is a series of freestanding above-ground tanks for storing and retaining rainwater collected from roof surfaces by individual gutter systems. Due to their stable construction and small storage capacities, the tanks can be easily moved and repositioned as needed. They are practical to use and, thanks to their small size, do not take up much space. Suitable for outdoor conditions, they are durable and UV-resistant, and made of environmentally friendly polyethylene.   <\/p>\n<p><strong>Technical specifications:<\/strong><\/p>\n<table width=\"948\">\n<tbody>\n<tr>\n<td>Width<\/td>\n<td>Total height<\/td>\n<td>Usable height<\/td>\n<td>Tap height<\/td>\n<td>Usable capacity (to drain)<\/td>\n<td>Cargo Total capacity<\/td>\n<td>Lid diameter<\/td>\n<\/tr>\n<tr>\n<td>1160 mm<\/td>\n<td>1578 l<\/td>\n<td>1502 l<\/td>\n<td>400 mm<\/td>\n<td>1502 L<\/td>\n<td>1578 L<\/td>\n<td>420 mm<\/td>\n<\/tr>\n<\/tbody>\n<\/table>\n<p>The tanks are equipped with a screw-on lid that provides access to the interior. The tank&#8217;s casing features two threaded holes. The upper hole is the intake hole, where a tap should be installed. The lower hole (not drilled) is the drain hole, allowing for the complete emptying of rainwater accumulated inside the tank. The tank also features a filtration system, a strainer, designed to purify the water entering the tank. The strainer is removable from the tank and periodic cleaning is recommended.   <\/p>\n<p>It is permissible to install pump systems in the tank.<\/p>\n<p>In the upper part of the tank there is a hole for mounting the cover and handles for mounting the tank or transporting it.<\/p>\n<p>Tank installation can be done independently. It is important that the tank is placed on a level, solid surface as close as possible to the gutter. It is allowed to connect multiple tanks into larger retention systems. Connections should be made at the flattened sections so that the connecting pipe is below the emergency overflow pipe.   <\/p>\n<p><img decoding=\"async\" src=\"https:\/\/xymen.pl\/img\/cms\/tower05.jpg\" alt=\"\" width=\"310\" height=\"356\"><\/p>\n<p>An essential element for proper tank operation is the emergency overflow and venting system.<\/p>\n<p>The tanks have a National Technical Assessment number ITP-KOT-2020\/0032 issue 1, issued by the Institute of Technology and Life Sciences.<\/p>\n<p>The tanks are available in three colors.<\/p>\n<p><img decoding=\"async\" src=\"https:\/\/xymen.pl\/img\/cms\/Dodaj%20nowy%20folder\/400%20fortis\/1637589133451.png\" alt=\"\" width=\"267\" height=\"188\"><\/p>\n","protected":false},"excerpt":{"rendered":"<p class=\"MsoNormal\">Rainwater storage and retention tank<\/p>\n","protected":false},"featured_media":14392,"comment_status":"open","ping_status":"closed","template":"","meta":{"_acf_changed":false,"_glsr_average":0,"_glsr_ranking":0,"_glsr_reviews":0},"product_brand":[],"product_cat":[460,363,358],"product_tag":[353,352],"class_list":{"0":"post-17607","1":"product","2":"type-product","3":"status-publish","4":"has-post-thumbnail","6":"product_cat-1500-l-en-4","7":"product_cat-above-ground","8":"product_cat-rainwater-tanks","9":"product_tag-marseplast-en","10":"product_tag-standard-en","12":"first","13":"instock","14":"taxable","15":"shipping-taxable","16":"purchasable","17":"product-type-simple"},"acf":{"xymen_capacity":4},"yoast_head":"<!-- This site is optimized with the Yoast SEO plugin v27.1.1 - https:\/\/yoast.com\/product\/yoast-seo-wordpress\/ -->\n<title>AQUATOWER 1.5 above-ground rainwater tank | XYMEN<\/title>\n<meta name=\"robots\" content=\"index, follow, max-snippet:-1, max-image-preview:large, max-video-preview:-1\" \/>\n<link rel=\"canonical\" href=\"https:\/\/xymen.pl\/en\/product\/aquatower-1-5-above-ground-rainwater-tank\/\" \/>\n<meta property=\"og:locale\" content=\"en_US\" \/>\n<meta property=\"og:type\" content=\"article\" \/>\n<meta property=\"og:title\" content=\"AQUATOWER 1.5 above-ground rainwater tank\" \/>\n<meta property=\"og:description\" content=\"The AQUATOWER 1.5 above-ground rainwater tank is a compact and efficient solution for collecting rainwater. Save drinking water and help protect the environment by using this practical tank.\" \/>\n<meta property=\"og:url\" content=\"https:\/\/xymen.pl\/en\/product\/aquatower-1-5-above-ground-rainwater-tank\/\" \/>\n<meta property=\"og:site_name\" content=\"XYMEN\" \/>\n<meta property=\"og:image\" content=\"https:\/\/xymen.pl\/wp-content\/uploads\/2023\/03\/aquatower-20-1-1024x768.jpg\" \/>\n<meta name=\"twitter:card\" content=\"summary_large_image\" \/>\n<meta name=\"twitter:title\" content=\"AQUATOWER 1.5 above-ground rainwater tank\" \/>\n<meta name=\"twitter:description\" content=\"The AQUATOWER 1.5 above-ground rainwater tank is a compact and efficient solution for collecting rainwater. Save drinking water and help protect the environment by using this practical tank.\" \/>\n<meta name=\"twitter:image\" content=\"https:\/\/xymen.pl\/wp-content\/uploads\/2023\/03\/aquatower-20-1-1024x768.jpg\" \/>\n<meta name=\"twitter:label1\" content=\"Est. reading time\" \/>\n\t<meta name=\"twitter:data1\" content=\"2 minutes\" \/>\n<script type=\"application\/ld+json\" class=\"yoast-schema-graph\">{\"@context\":\"https:\/\/schema.org\",\"@graph\":[{\"@type\":\"WebPage\",\"@id\":\"https:\/\/xymen.pl\/en\/product\/aquatower-1-5-above-ground-rainwater-tank\/\",\"url\":\"https:\/\/xymen.pl\/en\/product\/aquatower-1-5-above-ground-rainwater-tank\/\",\"name\":\"AQUATOWER 1.5 above-ground rainwater tank | XYMEN\",\"isPartOf\":{\"@id\":\"https:\/\/xymen.pl\/en\/#website\"},\"primaryImageOfPage\":{\"@id\":\"https:\/\/xymen.pl\/en\/product\/aquatower-1-5-above-ground-rainwater-tank\/#primaryimage\"},\"image\":{\"@id\":\"https:\/\/xymen.pl\/en\/product\/aquatower-1-5-above-ground-rainwater-tank\/#primaryimage\"},\"thumbnailUrl\":\"https:\/\/xymen.pl\/wp-content\/uploads\/2023\/03\/aquatower-15.jpg\",\"datePublished\":\"2023-03-24T09:56:09+00:00\",\"breadcrumb\":{\"@id\":\"https:\/\/xymen.pl\/en\/product\/aquatower-1-5-above-ground-rainwater-tank\/#breadcrumb\"},\"inLanguage\":\"en-US\",\"potentialAction\":[{\"@type\":\"ReadAction\",\"target\":[\"https:\/\/xymen.pl\/en\/product\/aquatower-1-5-above-ground-rainwater-tank\/\"]}]},{\"@type\":\"ImageObject\",\"inLanguage\":\"en-US\",\"@id\":\"https:\/\/xymen.pl\/en\/product\/aquatower-1-5-above-ground-rainwater-tank\/#primaryimage\",\"url\":\"https:\/\/xymen.pl\/wp-content\/uploads\/2023\/03\/aquatower-15.jpg\",\"contentUrl\":\"https:\/\/xymen.pl\/wp-content\/uploads\/2023\/03\/aquatower-15.jpg\",\"width\":1440,\"height\":1080,\"caption\":\"aquatower 15, rainwater tank, water tank, rainwater reservoir\"},{\"@type\":\"BreadcrumbList\",\"@id\":\"https:\/\/xymen.pl\/en\/product\/aquatower-1-5-above-ground-rainwater-tank\/#breadcrumb\",\"itemListElement\":[{\"@type\":\"ListItem\",\"position\":1,\"name\":\"Products\",\"item\":\"https:\/\/xymen.pl\/en\/products\/\"},{\"@type\":\"ListItem\",\"position\":2,\"name\":\"AQUATOWER 1.5 above-ground rainwater tank\"}]},{\"@type\":\"WebSite\",\"@id\":\"https:\/\/xymen.pl\/en\/#website\",\"url\":\"https:\/\/xymen.pl\/en\/\",\"name\":\"XYMEN\",\"description\":\"zbiorniki na deszcz\u00f3wk\u0119 | ekologiczne oczyszczalnie \u015bciek\u00f3w\",\"publisher\":{\"@id\":\"https:\/\/xymen.pl\/en\/#organization\"},\"potentialAction\":[{\"@type\":\"SearchAction\",\"target\":{\"@type\":\"EntryPoint\",\"urlTemplate\":\"https:\/\/xymen.pl\/en\/?s={search_term_string}\"},\"query-input\":{\"@type\":\"PropertyValueSpecification\",\"valueRequired\":true,\"valueName\":\"search_term_string\"}}],\"inLanguage\":\"en-US\"},{\"@type\":\"Organization\",\"@id\":\"https:\/\/xymen.pl\/en\/#organization\",\"name\":\"XYMEN\",\"url\":\"https:\/\/xymen.pl\/en\/\",\"logo\":{\"@type\":\"ImageObject\",\"inLanguage\":\"en-US\",\"@id\":\"https:\/\/xymen.pl\/en\/#\/schema\/logo\/image\/\",\"url\":\"https:\/\/xymen.pl\/wp-content\/uploads\/2023\/02\/xymenpl-logo-1612299642.png\",\"contentUrl\":\"https:\/\/xymen.pl\/wp-content\/uploads\/2023\/02\/xymenpl-logo-1612299642.png\",\"width\":222,\"height\":218,\"caption\":\"XYMEN\"},\"image\":{\"@id\":\"https:\/\/xymen.pl\/en\/#\/schema\/logo\/image\/\"}}]}<\/script>\n<!-- \/ Yoast SEO plugin. -->","yoast_head_json":{"title":"AQUATOWER 1.5 above-ground rainwater tank | XYMEN","robots":{"index":"index","follow":"follow","max-snippet":"max-snippet:-1","max-image-preview":"max-image-preview:large","max-video-preview":"max-video-preview:-1"},"canonical":"https:\/\/xymen.pl\/en\/product\/aquatower-1-5-above-ground-rainwater-tank\/","og_locale":"en_US","og_type":"article","og_title":"AQUATOWER 1.5 above-ground rainwater tank","og_description":"The AQUATOWER 1.5 above-ground rainwater tank is a compact and efficient solution for collecting rainwater. Save drinking water and help protect the environment by using this practical tank.","og_url":"https:\/\/xymen.pl\/en\/product\/aquatower-1-5-above-ground-rainwater-tank\/","og_site_name":"XYMEN","og_image":[{"url":"https:\/\/xymen.pl\/wp-content\/uploads\/2023\/03\/aquatower-20-1-1024x768.jpg","type":"","width":"","height":""}],"twitter_card":"summary_large_image","twitter_title":"AQUATOWER 1.5 above-ground rainwater tank","twitter_description":"The AQUATOWER 1.5 above-ground rainwater tank is a compact and efficient solution for collecting rainwater. Save drinking water and help protect the environment by using this practical tank.","twitter_image":"https:\/\/xymen.pl\/wp-content\/uploads\/2023\/03\/aquatower-20-1-1024x768.jpg","twitter_misc":{"Est. reading time":"2 minutes"},"schema":{"@context":"https:\/\/schema.org","@graph":[{"@type":"WebPage","@id":"https:\/\/xymen.pl\/en\/product\/aquatower-1-5-above-ground-rainwater-tank\/","url":"https:\/\/xymen.pl\/en\/product\/aquatower-1-5-above-ground-rainwater-tank\/","name":"AQUATOWER 1.5 above-ground rainwater tank | XYMEN","isPartOf":{"@id":"https:\/\/xymen.pl\/en\/#website"},"primaryImageOfPage":{"@id":"https:\/\/xymen.pl\/en\/product\/aquatower-1-5-above-ground-rainwater-tank\/#primaryimage"},"image":{"@id":"https:\/\/xymen.pl\/en\/product\/aquatower-1-5-above-ground-rainwater-tank\/#primaryimage"},"thumbnailUrl":"https:\/\/xymen.pl\/wp-content\/uploads\/2023\/03\/aquatower-15.jpg","datePublished":"2023-03-24T09:56:09+00:00","breadcrumb":{"@id":"https:\/\/xymen.pl\/en\/product\/aquatower-1-5-above-ground-rainwater-tank\/#breadcrumb"},"inLanguage":"en-US","potentialAction":[{"@type":"ReadAction","target":["https:\/\/xymen.pl\/en\/product\/aquatower-1-5-above-ground-rainwater-tank\/"]}]},{"@type":"ImageObject","inLanguage":"en-US","@id":"https:\/\/xymen.pl\/en\/product\/aquatower-1-5-above-ground-rainwater-tank\/#primaryimage","url":"https:\/\/xymen.pl\/wp-content\/uploads\/2023\/03\/aquatower-15.jpg","contentUrl":"https:\/\/xymen.pl\/wp-content\/uploads\/2023\/03\/aquatower-15.jpg","width":1440,"height":1080,"caption":"aquatower 15, rainwater tank, water tank, rainwater reservoir"},{"@type":"BreadcrumbList","@id":"https:\/\/xymen.pl\/en\/product\/aquatower-1-5-above-ground-rainwater-tank\/#breadcrumb","itemListElement":[{"@type":"ListItem","position":1,"name":"Products","item":"https:\/\/xymen.pl\/en\/products\/"},{"@type":"ListItem","position":2,"name":"AQUATOWER 1.5 above-ground rainwater tank"}]},{"@type":"WebSite","@id":"https:\/\/xymen.pl\/en\/#website","url":"https:\/\/xymen.pl\/en\/","name":"XYMEN","description":"zbiorniki na deszcz\u00f3wk\u0119 | ekologiczne oczyszczalnie \u015bciek\u00f3w","publisher":{"@id":"https:\/\/xymen.pl\/en\/#organization"},"potentialAction":[{"@type":"SearchAction","target":{"@type":"EntryPoint","urlTemplate":"https:\/\/xymen.pl\/en\/?s={search_term_string}"},"query-input":{"@type":"PropertyValueSpecification","valueRequired":true,"valueName":"search_term_string"}}],"inLanguage":"en-US"},{"@type":"Organization","@id":"https:\/\/xymen.pl\/en\/#organization","name":"XYMEN","url":"https:\/\/xymen.pl\/en\/","logo":{"@type":"ImageObject","inLanguage":"en-US","@id":"https:\/\/xymen.pl\/en\/#\/schema\/logo\/image\/","url":"https:\/\/xymen.pl\/wp-content\/uploads\/2023\/02\/xymenpl-logo-1612299642.png","contentUrl":"https:\/\/xymen.pl\/wp-content\/uploads\/2023\/02\/xymenpl-logo-1612299642.png","width":222,"height":218,"caption":"XYMEN"},"image":{"@id":"https:\/\/xymen.pl\/en\/#\/schema\/logo\/image\/"}}]}},"_links":{"self":[{"href":"https:\/\/xymen.pl\/en\/wp-json\/wp\/v2\/product\/17607","targetHints":{"allow":["GET"]}}],"collection":[{"href":"https:\/\/xymen.pl\/en\/wp-json\/wp\/v2\/product"}],"about":[{"href":"https:\/\/xymen.pl\/en\/wp-json\/wp\/v2\/types\/product"}],"replies":[{"embeddable":true,"href":"https:\/\/xymen.pl\/en\/wp-json\/wp\/v2\/comments?post=17607"}],"wp:featuredmedia":[{"embeddable":true,"href":"https:\/\/xymen.pl\/en\/wp-json\/wp\/v2\/media\/14392"}],"wp:attachment":[{"href":"https:\/\/xymen.pl\/en\/wp-json\/wp\/v2\/media?parent=17607"}],"wp:term":[{"taxonomy":"product_brand","embeddable":true,"href":"https:\/\/xymen.pl\/en\/wp-json\/wp\/v2\/product_brand?post=17607"},{"taxonomy":"product_cat","embeddable":true,"href":"https:\/\/xymen.pl\/en\/wp-json\/wp\/v2\/product_cat?post=17607"},{"taxonomy":"product_tag","embeddable":true,"href":"https:\/\/xymen.pl\/en\/wp-json\/wp\/v2\/product_tag?post=17607"}],"curies":[{"name":"wp","href":"https:\/\/api.w.org\/{rel}","templated":true}]}}