{"id":17612,"date":"2023-03-24T10:57:14","date_gmt":"2023-03-24T09:57:14","guid":{"rendered":"https:\/\/xymen.pl\/produkt\/superstructure-for-bolt-h215-fi-400-tank\/"},"modified":"2023-03-24T10:57:14","modified_gmt":"2023-03-24T09:57:14","slug":"superstructure-for-bolt-h215-fi-400-tank","status":"publish","type":"product","link":"https:\/\/xymen.pl\/en\/product\/superstructure-for-bolt-h215-fi-400-tank\/","title":{"rendered":"Superstructure for Bolt H215\/FI 400 tank"},"content":{"rendered":"<p><img fetchpriority=\"high\" decoding=\"async\" class=\"alignnone size-full wp-image-2705\" src=\"https:\/\/xymen.pl\/wp-content\/uploads\/2023\/03\/7.png\" alt=\"\" width=\"280\" height=\"280\" srcset=\"https:\/\/xymen.pl\/wp-content\/uploads\/2023\/03\/7.png 280w, https:\/\/xymen.pl\/wp-content\/uploads\/2023\/03\/7-150x150.png 150w, https:\/\/xymen.pl\/wp-content\/uploads\/2023\/03\/7-100x100.png 100w, https:\/\/xymen.pl\/wp-content\/uploads\/2023\/03\/7-50x50.png 50w\" sizes=\"(max-width: 280px) 100vw, 280px\" \/><\/p>\n<p>20 cm extension for Bolt tank.<\/p>\n<p>Extensions can be connected to each other.<\/p>\n","protected":false},"excerpt":{"rendered":"<p>Nadbudowa do zbiornika Bolt H215\/FI 440<\/p>\n","protected":false},"featured_media":2129,"comment_status":"open","ping_status":"closed","template":"","meta":{"_acf_changed":false,"_glsr_average":0,"_glsr_ranking":0,"_glsr_reviews":0},"product_brand":[],"product_cat":[350,391],"product_tag":[405,353,352],"class_list":{"0":"post-17612","1":"product","2":"type-product","3":"status-publish","4":"has-post-thumbnail","6":"product_cat-accessories","7":"product_cat-extensions-and-superstructures","8":"product_tag-fits","9":"product_tag-marseplast-en","10":"product_tag-standard-en","11":"product_shipping_class-dhl-courier-cash-on-delivery-prepayment-30","13":"first","14":"outofstock","15":"taxable","16":"shipping-taxable","17":"purchasable","18":"product-type-simple"},"acf":{"xymen_capacity":""},"yoast_head":"<!-- This site is optimized with the Yoast SEO plugin v27.1.1 - https:\/\/yoast.com\/product\/yoast-seo-wordpress\/ -->\n<title>Superstructure for Bolt H215\/FI 400 tank | XYMEN<\/title>\n<meta name=\"robots\" content=\"index, follow, max-snippet:-1, max-image-preview:large, max-video-preview:-1\" \/>\n<link rel=\"canonical\" href=\"https:\/\/xymen.pl\/en\/product\/superstructure-for-bolt-h215-fi-400-tank\/\" \/>\n<meta property=\"og:locale\" content=\"en_US\" \/>\n<meta property=\"og:type\" content=\"article\" \/>\n<meta property=\"og:title\" content=\"Superstructure for Bolt H215\/FI 400 tank | XYMEN\" \/>\n<meta property=\"og:description\" content=\"Nadbudowa do zbiornika Bolt H215\/FI 440\" \/>\n<meta property=\"og:url\" content=\"https:\/\/xymen.pl\/en\/product\/superstructure-for-bolt-h215-fi-400-tank\/\" \/>\n<meta property=\"og:site_name\" content=\"XYMEN\" \/>\n<meta property=\"og:image\" content=\"https:\/\/xymen.pl\/wp-content\/uploads\/2023\/03\/nadstawka-do-zbiornika-marseplast-bolt-20cm.jpg\" \/>\n\t<meta property=\"og:image:width\" content=\"400\" \/>\n\t<meta property=\"og:image:height\" content=\"400\" \/>\n\t<meta property=\"og:image:type\" content=\"image\/jpeg\" \/>\n<meta name=\"twitter:card\" content=\"summary_large_image\" \/>\n<script type=\"application\/ld+json\" class=\"yoast-schema-graph\">{\"@context\":\"https:\/\/schema.org\",\"@graph\":[{\"@type\":\"WebPage\",\"@id\":\"https:\/\/xymen.pl\/en\/product\/superstructure-for-bolt-h215-fi-400-tank\/\",\"url\":\"https:\/\/xymen.pl\/en\/product\/superstructure-for-bolt-h215-fi-400-tank\/\",\"name\":\"Superstructure for Bolt H215\/FI 400 tank | XYMEN\",\"isPartOf\":{\"@id\":\"https:\/\/xymen.pl\/en\/#website\"},\"primaryImageOfPage\":{\"@id\":\"https:\/\/xymen.pl\/en\/product\/superstructure-for-bolt-h215-fi-400-tank\/#primaryimage\"},\"image\":{\"@id\":\"https:\/\/xymen.pl\/en\/product\/superstructure-for-bolt-h215-fi-400-tank\/#primaryimage\"},\"thumbnailUrl\":\"https:\/\/xymen.pl\/wp-content\/uploads\/2023\/03\/nadstawka-do-zbiornika-marseplast-bolt-20cm.jpg\",\"datePublished\":\"2023-03-24T09:57:14+00:00\",\"breadcrumb\":{\"@id\":\"https:\/\/xymen.pl\/en\/product\/superstructure-for-bolt-h215-fi-400-tank\/#breadcrumb\"},\"inLanguage\":\"en-US\",\"potentialAction\":[{\"@type\":\"ReadAction\",\"target\":[\"https:\/\/xymen.pl\/en\/product\/superstructure-for-bolt-h215-fi-400-tank\/\"]}]},{\"@type\":\"ImageObject\",\"inLanguage\":\"en-US\",\"@id\":\"https:\/\/xymen.pl\/en\/product\/superstructure-for-bolt-h215-fi-400-tank\/#primaryimage\",\"url\":\"https:\/\/xymen.pl\/wp-content\/uploads\/2023\/03\/nadstawka-do-zbiornika-marseplast-bolt-20cm.jpg\",\"contentUrl\":\"https:\/\/xymen.pl\/wp-content\/uploads\/2023\/03\/nadstawka-do-zbiornika-marseplast-bolt-20cm.jpg\",\"width\":400,\"height\":400,\"caption\":\"nadstawka do zbiornika marseplast bolt 20cm\"},{\"@type\":\"BreadcrumbList\",\"@id\":\"https:\/\/xymen.pl\/en\/product\/superstructure-for-bolt-h215-fi-400-tank\/#breadcrumb\",\"itemListElement\":[{\"@type\":\"ListItem\",\"position\":1,\"name\":\"Products\",\"item\":\"https:\/\/xymen.pl\/en\/products\/\"},{\"@type\":\"ListItem\",\"position\":2,\"name\":\"Superstructure for Bolt H215\/FI 400 tank\"}]},{\"@type\":\"WebSite\",\"@id\":\"https:\/\/xymen.pl\/en\/#website\",\"url\":\"https:\/\/xymen.pl\/en\/\",\"name\":\"XYMEN\",\"description\":\"zbiorniki na deszcz\u00f3wk\u0119 | ekologiczne oczyszczalnie \u015bciek\u00f3w\",\"publisher\":{\"@id\":\"https:\/\/xymen.pl\/en\/#organization\"},\"potentialAction\":[{\"@type\":\"SearchAction\",\"target\":{\"@type\":\"EntryPoint\",\"urlTemplate\":\"https:\/\/xymen.pl\/en\/?s={search_term_string}\"},\"query-input\":{\"@type\":\"PropertyValueSpecification\",\"valueRequired\":true,\"valueName\":\"search_term_string\"}}],\"inLanguage\":\"en-US\"},{\"@type\":\"Organization\",\"@id\":\"https:\/\/xymen.pl\/en\/#organization\",\"name\":\"XYMEN\",\"url\":\"https:\/\/xymen.pl\/en\/\",\"logo\":{\"@type\":\"ImageObject\",\"inLanguage\":\"en-US\",\"@id\":\"https:\/\/xymen.pl\/en\/#\/schema\/logo\/image\/\",\"url\":\"https:\/\/xymen.pl\/wp-content\/uploads\/2023\/02\/xymenpl-logo-1612299642.png\",\"contentUrl\":\"https:\/\/xymen.pl\/wp-content\/uploads\/2023\/02\/xymenpl-logo-1612299642.png\",\"width\":222,\"height\":218,\"caption\":\"XYMEN\"},\"image\":{\"@id\":\"https:\/\/xymen.pl\/en\/#\/schema\/logo\/image\/\"}}]}<\/script>\n<!-- \/ Yoast SEO plugin. -->","yoast_head_json":{"title":"Superstructure for Bolt H215\/FI 400 tank | XYMEN","robots":{"index":"index","follow":"follow","max-snippet":"max-snippet:-1","max-image-preview":"max-image-preview:large","max-video-preview":"max-video-preview:-1"},"canonical":"https:\/\/xymen.pl\/en\/product\/superstructure-for-bolt-h215-fi-400-tank\/","og_locale":"en_US","og_type":"article","og_title":"Superstructure for Bolt H215\/FI 400 tank | XYMEN","og_description":"Nadbudowa do zbiornika Bolt H215\/FI 440","og_url":"https:\/\/xymen.pl\/en\/product\/superstructure-for-bolt-h215-fi-400-tank\/","og_site_name":"XYMEN","og_image":[{"width":400,"height":400,"url":"https:\/\/xymen.pl\/wp-content\/uploads\/2023\/03\/nadstawka-do-zbiornika-marseplast-bolt-20cm.jpg","type":"image\/jpeg"}],"twitter_card":"summary_large_image","schema":{"@context":"https:\/\/schema.org","@graph":[{"@type":"WebPage","@id":"https:\/\/xymen.pl\/en\/product\/superstructure-for-bolt-h215-fi-400-tank\/","url":"https:\/\/xymen.pl\/en\/product\/superstructure-for-bolt-h215-fi-400-tank\/","name":"Superstructure for Bolt H215\/FI 400 tank | XYMEN","isPartOf":{"@id":"https:\/\/xymen.pl\/en\/#website"},"primaryImageOfPage":{"@id":"https:\/\/xymen.pl\/en\/product\/superstructure-for-bolt-h215-fi-400-tank\/#primaryimage"},"image":{"@id":"https:\/\/xymen.pl\/en\/product\/superstructure-for-bolt-h215-fi-400-tank\/#primaryimage"},"thumbnailUrl":"https:\/\/xymen.pl\/wp-content\/uploads\/2023\/03\/nadstawka-do-zbiornika-marseplast-bolt-20cm.jpg","datePublished":"2023-03-24T09:57:14+00:00","breadcrumb":{"@id":"https:\/\/xymen.pl\/en\/product\/superstructure-for-bolt-h215-fi-400-tank\/#breadcrumb"},"inLanguage":"en-US","potentialAction":[{"@type":"ReadAction","target":["https:\/\/xymen.pl\/en\/product\/superstructure-for-bolt-h215-fi-400-tank\/"]}]},{"@type":"ImageObject","inLanguage":"en-US","@id":"https:\/\/xymen.pl\/en\/product\/superstructure-for-bolt-h215-fi-400-tank\/#primaryimage","url":"https:\/\/xymen.pl\/wp-content\/uploads\/2023\/03\/nadstawka-do-zbiornika-marseplast-bolt-20cm.jpg","contentUrl":"https:\/\/xymen.pl\/wp-content\/uploads\/2023\/03\/nadstawka-do-zbiornika-marseplast-bolt-20cm.jpg","width":400,"height":400,"caption":"nadstawka do zbiornika marseplast bolt 20cm"},{"@type":"BreadcrumbList","@id":"https:\/\/xymen.pl\/en\/product\/superstructure-for-bolt-h215-fi-400-tank\/#breadcrumb","itemListElement":[{"@type":"ListItem","position":1,"name":"Products","item":"https:\/\/xymen.pl\/en\/products\/"},{"@type":"ListItem","position":2,"name":"Superstructure for Bolt H215\/FI 400 tank"}]},{"@type":"WebSite","@id":"https:\/\/xymen.pl\/en\/#website","url":"https:\/\/xymen.pl\/en\/","name":"XYMEN","description":"zbiorniki na deszcz\u00f3wk\u0119 | ekologiczne oczyszczalnie \u015bciek\u00f3w","publisher":{"@id":"https:\/\/xymen.pl\/en\/#organization"},"potentialAction":[{"@type":"SearchAction","target":{"@type":"EntryPoint","urlTemplate":"https:\/\/xymen.pl\/en\/?s={search_term_string}"},"query-input":{"@type":"PropertyValueSpecification","valueRequired":true,"valueName":"search_term_string"}}],"inLanguage":"en-US"},{"@type":"Organization","@id":"https:\/\/xymen.pl\/en\/#organization","name":"XYMEN","url":"https:\/\/xymen.pl\/en\/","logo":{"@type":"ImageObject","inLanguage":"en-US","@id":"https:\/\/xymen.pl\/en\/#\/schema\/logo\/image\/","url":"https:\/\/xymen.pl\/wp-content\/uploads\/2023\/02\/xymenpl-logo-1612299642.png","contentUrl":"https:\/\/xymen.pl\/wp-content\/uploads\/2023\/02\/xymenpl-logo-1612299642.png","width":222,"height":218,"caption":"XYMEN"},"image":{"@id":"https:\/\/xymen.pl\/en\/#\/schema\/logo\/image\/"}}]}},"_links":{"self":[{"href":"https:\/\/xymen.pl\/en\/wp-json\/wp\/v2\/product\/17612","targetHints":{"allow":["GET"]}}],"collection":[{"href":"https:\/\/xymen.pl\/en\/wp-json\/wp\/v2\/product"}],"about":[{"href":"https:\/\/xymen.pl\/en\/wp-json\/wp\/v2\/types\/product"}],"replies":[{"embeddable":true,"href":"https:\/\/xymen.pl\/en\/wp-json\/wp\/v2\/comments?post=17612"}],"wp:featuredmedia":[{"embeddable":true,"href":"https:\/\/xymen.pl\/en\/wp-json\/wp\/v2\/media\/2129"}],"wp:attachment":[{"href":"https:\/\/xymen.pl\/en\/wp-json\/wp\/v2\/media?parent=17612"}],"wp:term":[{"taxonomy":"product_brand","embeddable":true,"href":"https:\/\/xymen.pl\/en\/wp-json\/wp\/v2\/product_brand?post=17612"},{"taxonomy":"product_cat","embeddable":true,"href":"https:\/\/xymen.pl\/en\/wp-json\/wp\/v2\/product_cat?post=17612"},{"taxonomy":"product_tag","embeddable":true,"href":"https:\/\/xymen.pl\/en\/wp-json\/wp\/v2\/product_tag?post=17612"}],"curies":[{"name":"wp","href":"https:\/\/api.w.org\/{rel}","templated":true}]}}