{"id":17634,"date":"2023-03-24T10:58:44","date_gmt":"2023-03-24T09:58:44","guid":{"rendered":"https:\/\/xymen.pl\/produkt\/d300-marseplast-rainwater-overflow-filter\/"},"modified":"2023-03-24T10:58:44","modified_gmt":"2023-03-24T09:58:44","slug":"d300-marseplast-rainwater-overflow-filter","status":"publish","type":"product","link":"https:\/\/xymen.pl\/en\/product\/d300-marseplast-rainwater-overflow-filter\/","title":{"rendered":"D300 MARSEPLAST rainwater overflow filter"},"content":{"rendered":"<p><img fetchpriority=\"high\" decoding=\"async\" class=\"alignnone size-full wp-image-2705\" src=\"https:\/\/xymen.pl\/wp-content\/uploads\/2023\/03\/7.png\" alt=\"\" width=\"280\" height=\"280\" srcset=\"https:\/\/xymen.pl\/wp-content\/uploads\/2023\/03\/7.png 280w, https:\/\/xymen.pl\/wp-content\/uploads\/2023\/03\/7-150x150.png 150w, https:\/\/xymen.pl\/wp-content\/uploads\/2023\/03\/7-100x100.png 100w, https:\/\/xymen.pl\/wp-content\/uploads\/2023\/03\/7-50x50.png 50w\" sizes=\"(max-width: 280px) 100vw, 280px\" \/><\/p>\n<p>The rainwater filter is designed to clean rainwater from solid contaminants, such as leaves. Using the filter will improve the quality of rainwater supplied to the tank and may protect the pump from clogging. <\/p>\n<p>To secure the filter against access, the filter cover has two screws that allow it to be screwed on permanently.<\/p>\n<p>A maximum of two rainwater supply pipes with a diameter of 110 mm and a maximum of two pipes with a diameter of 110 mm, draining rainwater into the tank, may be connected to the tank.<\/p>\n<p style=\"color: #222222; font-family: 'Open Sans', sans-serif; font-size: 16px; background-color: #ffffff;\">\n","protected":false},"excerpt":{"rendered":"<p>dropFILTER MARSEPLAST rainwater filter<\/p>\n","protected":false},"featured_media":2240,"comment_status":"open","ping_status":"closed","template":"","meta":{"_acf_changed":false,"_glsr_average":0,"_glsr_ranking":0,"_glsr_reviews":0},"product_brand":[],"product_cat":[350,474],"product_tag":[405,353,352],"class_list":{"0":"post-17634","1":"product","2":"type-product","3":"status-publish","4":"has-post-thumbnail","6":"product_cat-accessories","7":"product_cat-accessories-for-rainwater-tanks","8":"product_tag-fits","9":"product_tag-marseplast-en","10":"product_tag-standard-en","11":"product_shipping_class-dhl-courier-cash-on-delivery-prepayment-80","13":"first","14":"instock","15":"taxable","16":"shipping-taxable","17":"purchasable","18":"product-type-simple"},"acf":{"xymen_capacity":""},"yoast_head":"<!-- This site is optimized with the Yoast SEO plugin v27.1.1 - https:\/\/yoast.com\/product\/yoast-seo-wordpress\/ -->\n<title>D300 MARSEPLAST rainwater overflow filter | XYMEN<\/title>\n<meta name=\"robots\" content=\"index, follow, max-snippet:-1, max-image-preview:large, max-video-preview:-1\" \/>\n<link rel=\"canonical\" href=\"https:\/\/xymen.pl\/en\/product\/d300-marseplast-rainwater-overflow-filter\/\" \/>\n<meta property=\"og:locale\" content=\"en_US\" \/>\n<meta property=\"og:type\" content=\"article\" \/>\n<meta property=\"og:title\" content=\"D300 MARSEPLAST rainwater overflow filter | XYMEN\" \/>\n<meta property=\"og:description\" content=\"dropFILTER MARSEPLAST rainwater filter\" \/>\n<meta property=\"og:url\" content=\"https:\/\/xymen.pl\/en\/product\/d300-marseplast-rainwater-overflow-filter\/\" \/>\n<meta property=\"og:site_name\" content=\"XYMEN\" \/>\n<meta property=\"og:image\" content=\"https:\/\/xymen.pl\/wp-content\/uploads\/2023\/03\/filtr-przelewowy-do-wody-deszczowej-d300-marseplast-.png\" \/>\n\t<meta property=\"og:image:width\" content=\"1077\" \/>\n\t<meta property=\"og:image:height\" content=\"996\" \/>\n\t<meta property=\"og:image:type\" content=\"image\/png\" \/>\n<meta name=\"twitter:card\" content=\"summary_large_image\" \/>\n<script type=\"application\/ld+json\" class=\"yoast-schema-graph\">{\"@context\":\"https:\/\/schema.org\",\"@graph\":[{\"@type\":\"WebPage\",\"@id\":\"https:\/\/xymen.pl\/en\/product\/d300-marseplast-rainwater-overflow-filter\/\",\"url\":\"https:\/\/xymen.pl\/en\/product\/d300-marseplast-rainwater-overflow-filter\/\",\"name\":\"D300 MARSEPLAST rainwater overflow filter | XYMEN\",\"isPartOf\":{\"@id\":\"https:\/\/xymen.pl\/en\/#website\"},\"primaryImageOfPage\":{\"@id\":\"https:\/\/xymen.pl\/en\/product\/d300-marseplast-rainwater-overflow-filter\/#primaryimage\"},\"image\":{\"@id\":\"https:\/\/xymen.pl\/en\/product\/d300-marseplast-rainwater-overflow-filter\/#primaryimage\"},\"thumbnailUrl\":\"https:\/\/xymen.pl\/wp-content\/uploads\/2023\/03\/filtr-przelewowy-do-wody-deszczowej-d300-marseplast-.png\",\"datePublished\":\"2023-03-24T09:58:44+00:00\",\"breadcrumb\":{\"@id\":\"https:\/\/xymen.pl\/en\/product\/d300-marseplast-rainwater-overflow-filter\/#breadcrumb\"},\"inLanguage\":\"en-US\",\"potentialAction\":[{\"@type\":\"ReadAction\",\"target\":[\"https:\/\/xymen.pl\/en\/product\/d300-marseplast-rainwater-overflow-filter\/\"]}]},{\"@type\":\"ImageObject\",\"inLanguage\":\"en-US\",\"@id\":\"https:\/\/xymen.pl\/en\/product\/d300-marseplast-rainwater-overflow-filter\/#primaryimage\",\"url\":\"https:\/\/xymen.pl\/wp-content\/uploads\/2023\/03\/filtr-przelewowy-do-wody-deszczowej-d300-marseplast-.png\",\"contentUrl\":\"https:\/\/xymen.pl\/wp-content\/uploads\/2023\/03\/filtr-przelewowy-do-wody-deszczowej-d300-marseplast-.png\",\"width\":1077,\"height\":996,\"caption\":\"filtr przelewowy do wody deszczowej d300 marseplast\"},{\"@type\":\"BreadcrumbList\",\"@id\":\"https:\/\/xymen.pl\/en\/product\/d300-marseplast-rainwater-overflow-filter\/#breadcrumb\",\"itemListElement\":[{\"@type\":\"ListItem\",\"position\":1,\"name\":\"Products\",\"item\":\"https:\/\/xymen.pl\/en\/products\/\"},{\"@type\":\"ListItem\",\"position\":2,\"name\":\"D300 MARSEPLAST rainwater overflow filter\"}]},{\"@type\":\"WebSite\",\"@id\":\"https:\/\/xymen.pl\/en\/#website\",\"url\":\"https:\/\/xymen.pl\/en\/\",\"name\":\"XYMEN\",\"description\":\"zbiorniki na deszcz\u00f3wk\u0119 | ekologiczne oczyszczalnie \u015bciek\u00f3w\",\"publisher\":{\"@id\":\"https:\/\/xymen.pl\/en\/#organization\"},\"potentialAction\":[{\"@type\":\"SearchAction\",\"target\":{\"@type\":\"EntryPoint\",\"urlTemplate\":\"https:\/\/xymen.pl\/en\/?s={search_term_string}\"},\"query-input\":{\"@type\":\"PropertyValueSpecification\",\"valueRequired\":true,\"valueName\":\"search_term_string\"}}],\"inLanguage\":\"en-US\"},{\"@type\":\"Organization\",\"@id\":\"https:\/\/xymen.pl\/en\/#organization\",\"name\":\"XYMEN\",\"url\":\"https:\/\/xymen.pl\/en\/\",\"logo\":{\"@type\":\"ImageObject\",\"inLanguage\":\"en-US\",\"@id\":\"https:\/\/xymen.pl\/en\/#\/schema\/logo\/image\/\",\"url\":\"https:\/\/xymen.pl\/wp-content\/uploads\/2023\/02\/xymenpl-logo-1612299642.png\",\"contentUrl\":\"https:\/\/xymen.pl\/wp-content\/uploads\/2023\/02\/xymenpl-logo-1612299642.png\",\"width\":222,\"height\":218,\"caption\":\"XYMEN\"},\"image\":{\"@id\":\"https:\/\/xymen.pl\/en\/#\/schema\/logo\/image\/\"}}]}<\/script>\n<!-- \/ Yoast SEO plugin. -->","yoast_head_json":{"title":"D300 MARSEPLAST rainwater overflow filter | XYMEN","robots":{"index":"index","follow":"follow","max-snippet":"max-snippet:-1","max-image-preview":"max-image-preview:large","max-video-preview":"max-video-preview:-1"},"canonical":"https:\/\/xymen.pl\/en\/product\/d300-marseplast-rainwater-overflow-filter\/","og_locale":"en_US","og_type":"article","og_title":"D300 MARSEPLAST rainwater overflow filter | XYMEN","og_description":"dropFILTER MARSEPLAST rainwater filter","og_url":"https:\/\/xymen.pl\/en\/product\/d300-marseplast-rainwater-overflow-filter\/","og_site_name":"XYMEN","og_image":[{"width":1077,"height":996,"url":"https:\/\/xymen.pl\/wp-content\/uploads\/2023\/03\/filtr-przelewowy-do-wody-deszczowej-d300-marseplast-.png","type":"image\/png"}],"twitter_card":"summary_large_image","schema":{"@context":"https:\/\/schema.org","@graph":[{"@type":"WebPage","@id":"https:\/\/xymen.pl\/en\/product\/d300-marseplast-rainwater-overflow-filter\/","url":"https:\/\/xymen.pl\/en\/product\/d300-marseplast-rainwater-overflow-filter\/","name":"D300 MARSEPLAST rainwater overflow filter | XYMEN","isPartOf":{"@id":"https:\/\/xymen.pl\/en\/#website"},"primaryImageOfPage":{"@id":"https:\/\/xymen.pl\/en\/product\/d300-marseplast-rainwater-overflow-filter\/#primaryimage"},"image":{"@id":"https:\/\/xymen.pl\/en\/product\/d300-marseplast-rainwater-overflow-filter\/#primaryimage"},"thumbnailUrl":"https:\/\/xymen.pl\/wp-content\/uploads\/2023\/03\/filtr-przelewowy-do-wody-deszczowej-d300-marseplast-.png","datePublished":"2023-03-24T09:58:44+00:00","breadcrumb":{"@id":"https:\/\/xymen.pl\/en\/product\/d300-marseplast-rainwater-overflow-filter\/#breadcrumb"},"inLanguage":"en-US","potentialAction":[{"@type":"ReadAction","target":["https:\/\/xymen.pl\/en\/product\/d300-marseplast-rainwater-overflow-filter\/"]}]},{"@type":"ImageObject","inLanguage":"en-US","@id":"https:\/\/xymen.pl\/en\/product\/d300-marseplast-rainwater-overflow-filter\/#primaryimage","url":"https:\/\/xymen.pl\/wp-content\/uploads\/2023\/03\/filtr-przelewowy-do-wody-deszczowej-d300-marseplast-.png","contentUrl":"https:\/\/xymen.pl\/wp-content\/uploads\/2023\/03\/filtr-przelewowy-do-wody-deszczowej-d300-marseplast-.png","width":1077,"height":996,"caption":"filtr przelewowy do wody deszczowej d300 marseplast"},{"@type":"BreadcrumbList","@id":"https:\/\/xymen.pl\/en\/product\/d300-marseplast-rainwater-overflow-filter\/#breadcrumb","itemListElement":[{"@type":"ListItem","position":1,"name":"Products","item":"https:\/\/xymen.pl\/en\/products\/"},{"@type":"ListItem","position":2,"name":"D300 MARSEPLAST rainwater overflow filter"}]},{"@type":"WebSite","@id":"https:\/\/xymen.pl\/en\/#website","url":"https:\/\/xymen.pl\/en\/","name":"XYMEN","description":"zbiorniki na deszcz\u00f3wk\u0119 | ekologiczne oczyszczalnie \u015bciek\u00f3w","publisher":{"@id":"https:\/\/xymen.pl\/en\/#organization"},"potentialAction":[{"@type":"SearchAction","target":{"@type":"EntryPoint","urlTemplate":"https:\/\/xymen.pl\/en\/?s={search_term_string}"},"query-input":{"@type":"PropertyValueSpecification","valueRequired":true,"valueName":"search_term_string"}}],"inLanguage":"en-US"},{"@type":"Organization","@id":"https:\/\/xymen.pl\/en\/#organization","name":"XYMEN","url":"https:\/\/xymen.pl\/en\/","logo":{"@type":"ImageObject","inLanguage":"en-US","@id":"https:\/\/xymen.pl\/en\/#\/schema\/logo\/image\/","url":"https:\/\/xymen.pl\/wp-content\/uploads\/2023\/02\/xymenpl-logo-1612299642.png","contentUrl":"https:\/\/xymen.pl\/wp-content\/uploads\/2023\/02\/xymenpl-logo-1612299642.png","width":222,"height":218,"caption":"XYMEN"},"image":{"@id":"https:\/\/xymen.pl\/en\/#\/schema\/logo\/image\/"}}]}},"_links":{"self":[{"href":"https:\/\/xymen.pl\/en\/wp-json\/wp\/v2\/product\/17634","targetHints":{"allow":["GET"]}}],"collection":[{"href":"https:\/\/xymen.pl\/en\/wp-json\/wp\/v2\/product"}],"about":[{"href":"https:\/\/xymen.pl\/en\/wp-json\/wp\/v2\/types\/product"}],"replies":[{"embeddable":true,"href":"https:\/\/xymen.pl\/en\/wp-json\/wp\/v2\/comments?post=17634"}],"wp:featuredmedia":[{"embeddable":true,"href":"https:\/\/xymen.pl\/en\/wp-json\/wp\/v2\/media\/2240"}],"wp:attachment":[{"href":"https:\/\/xymen.pl\/en\/wp-json\/wp\/v2\/media?parent=17634"}],"wp:term":[{"taxonomy":"product_brand","embeddable":true,"href":"https:\/\/xymen.pl\/en\/wp-json\/wp\/v2\/product_brand?post=17634"},{"taxonomy":"product_cat","embeddable":true,"href":"https:\/\/xymen.pl\/en\/wp-json\/wp\/v2\/product_cat?post=17634"},{"taxonomy":"product_tag","embeddable":true,"href":"https:\/\/xymen.pl\/en\/wp-json\/wp\/v2\/product_tag?post=17634"}],"curies":[{"name":"wp","href":"https:\/\/api.w.org\/{rel}","templated":true}]}}