{"id":17681,"date":"2023-03-24T11:00:05","date_gmt":"2023-03-24T10:00:05","guid":{"rendered":"https:\/\/xymen.pl\/produkt\/aquabin-150-tunnel-for-water-drainage\/"},"modified":"2023-03-24T11:00:05","modified_gmt":"2023-03-24T10:00:05","slug":"aquabin-150-tunnel-for-water-drainage","status":"publish","type":"product","link":"https:\/\/xymen.pl\/en\/product\/aquabin-150-tunnel-for-water-drainage\/","title":{"rendered":"Aquabin 150 tunnel for water drainage"},"content":{"rendered":"<p><img fetchpriority=\"high\" decoding=\"async\" class=\"alignnone size-medium wp-image-3828\" src=\"https:\/\/xymen.pl\/wp-content\/uploads\/2023\/03\/13-1-300x213.jpg\" alt=\"\" width=\"300\" height=\"213\" srcset=\"https:\/\/xymen.pl\/wp-content\/uploads\/2023\/03\/13-1-300x213.jpg 300w, https:\/\/xymen.pl\/wp-content\/uploads\/2023\/03\/13-1.jpg 500w\" sizes=\"(max-width: 300px) 100vw, 300px\" \/><\/p>\n<p>AQUABIN tunnels can be used for the infiltration of sewage or rainwater.<\/p>\n<p>Each tunnel on the side walls has longitudinal slits through which sewage or rainwater seeps into the ground.<\/p>\n<p>The tunnels are made of high-quality PEHD plastic using the plastic injection molding method.<\/p>\n<h5>Dimensions:<\/h5>\n<p>Capacity: 150L<\/p>\n<p>Length: 120cm<\/p>\n<p>Width: 50cm<\/p>\n<p>Height: 36cm<\/p>\n<p>Weight: 5kg<\/p>\n","protected":false},"excerpt":{"rendered":"<p>150L capacity tunnel for sewage drainage<\/p>\n","protected":false},"featured_media":14541,"comment_status":"open","ping_status":"closed","template":"","meta":{"_acf_changed":false,"_glsr_average":0,"_glsr_ranking":0,"_glsr_reviews":0},"product_brand":[],"product_cat":[350,362],"product_tag":[419,352],"class_list":{"0":"post-17681","1":"product","2":"type-product","3":"status-publish","4":"has-post-thumbnail","6":"product_cat-accessories","7":"product_cat-infiltration-systems","8":"product_tag-aquabin-en","9":"product_tag-standard-en","10":"product_shipping_class-cash-on-delivery-dhl-180-courier","12":"first","13":"instock","14":"taxable","15":"shipping-taxable","16":"purchasable","17":"product-type-simple"},"acf":{"xymen_capacity":""},"yoast_head":"<!-- This site is optimized with the Yoast SEO plugin v27.1.1 - https:\/\/yoast.com\/product\/yoast-seo-wordpress\/ -->\n<title>Aquabin 150 tunnel for water drainage | XYMEN<\/title>\n<meta name=\"robots\" content=\"index, follow, max-snippet:-1, max-image-preview:large, max-video-preview:-1\" \/>\n<link rel=\"canonical\" href=\"https:\/\/xymen.pl\/en\/product\/aquabin-150-tunnel-for-water-drainage\/\" \/>\n<meta property=\"og:locale\" content=\"en_US\" \/>\n<meta property=\"og:type\" content=\"article\" \/>\n<meta property=\"og:title\" content=\"Aquabin 150 tunnel for water drainage | XYMEN\" \/>\n<meta property=\"og:description\" content=\"150L capacity tunnel for sewage drainage\" \/>\n<meta property=\"og:url\" content=\"https:\/\/xymen.pl\/en\/product\/aquabin-150-tunnel-for-water-drainage\/\" \/>\n<meta property=\"og:site_name\" content=\"XYMEN\" \/>\n<meta property=\"og:image\" content=\"https:\/\/xymen.pl\/wp-content\/uploads\/2023\/03\/tunel-150-aquabin-do-rozsaczania-wody-.png\" \/>\n\t<meta property=\"og:image:width\" content=\"400\" \/>\n\t<meta property=\"og:image:height\" content=\"378\" \/>\n\t<meta property=\"og:image:type\" content=\"image\/png\" \/>\n<meta name=\"twitter:card\" content=\"summary_large_image\" \/>\n<script type=\"application\/ld+json\" class=\"yoast-schema-graph\">{\"@context\":\"https:\/\/schema.org\",\"@graph\":[{\"@type\":\"WebPage\",\"@id\":\"https:\/\/xymen.pl\/en\/product\/aquabin-150-tunnel-for-water-drainage\/\",\"url\":\"https:\/\/xymen.pl\/en\/product\/aquabin-150-tunnel-for-water-drainage\/\",\"name\":\"Aquabin 150 tunnel for water drainage | XYMEN\",\"isPartOf\":{\"@id\":\"https:\/\/xymen.pl\/en\/#website\"},\"primaryImageOfPage\":{\"@id\":\"https:\/\/xymen.pl\/en\/product\/aquabin-150-tunnel-for-water-drainage\/#primaryimage\"},\"image\":{\"@id\":\"https:\/\/xymen.pl\/en\/product\/aquabin-150-tunnel-for-water-drainage\/#primaryimage\"},\"thumbnailUrl\":\"https:\/\/xymen.pl\/wp-content\/uploads\/2023\/03\/tunel-150-aquabin-do-rozsaczania-wody-.png\",\"datePublished\":\"2023-03-24T10:00:05+00:00\",\"breadcrumb\":{\"@id\":\"https:\/\/xymen.pl\/en\/product\/aquabin-150-tunnel-for-water-drainage\/#breadcrumb\"},\"inLanguage\":\"en-US\",\"potentialAction\":[{\"@type\":\"ReadAction\",\"target\":[\"https:\/\/xymen.pl\/en\/product\/aquabin-150-tunnel-for-water-drainage\/\"]}]},{\"@type\":\"ImageObject\",\"inLanguage\":\"en-US\",\"@id\":\"https:\/\/xymen.pl\/en\/product\/aquabin-150-tunnel-for-water-drainage\/#primaryimage\",\"url\":\"https:\/\/xymen.pl\/wp-content\/uploads\/2023\/03\/tunel-150-aquabin-do-rozsaczania-wody-.png\",\"contentUrl\":\"https:\/\/xymen.pl\/wp-content\/uploads\/2023\/03\/tunel-150-aquabin-do-rozsaczania-wody-.png\",\"width\":400,\"height\":378,\"caption\":\"cap for 150 aquabin tunnel for water drainage\"},{\"@type\":\"BreadcrumbList\",\"@id\":\"https:\/\/xymen.pl\/en\/product\/aquabin-150-tunnel-for-water-drainage\/#breadcrumb\",\"itemListElement\":[{\"@type\":\"ListItem\",\"position\":1,\"name\":\"Products\",\"item\":\"https:\/\/xymen.pl\/en\/products\/\"},{\"@type\":\"ListItem\",\"position\":2,\"name\":\"Aquabin 150 tunnel for water drainage\"}]},{\"@type\":\"WebSite\",\"@id\":\"https:\/\/xymen.pl\/en\/#website\",\"url\":\"https:\/\/xymen.pl\/en\/\",\"name\":\"XYMEN\",\"description\":\"zbiorniki na deszcz\u00f3wk\u0119 | ekologiczne oczyszczalnie \u015bciek\u00f3w\",\"publisher\":{\"@id\":\"https:\/\/xymen.pl\/en\/#organization\"},\"potentialAction\":[{\"@type\":\"SearchAction\",\"target\":{\"@type\":\"EntryPoint\",\"urlTemplate\":\"https:\/\/xymen.pl\/en\/?s={search_term_string}\"},\"query-input\":{\"@type\":\"PropertyValueSpecification\",\"valueRequired\":true,\"valueName\":\"search_term_string\"}}],\"inLanguage\":\"en-US\"},{\"@type\":\"Organization\",\"@id\":\"https:\/\/xymen.pl\/en\/#organization\",\"name\":\"XYMEN\",\"url\":\"https:\/\/xymen.pl\/en\/\",\"logo\":{\"@type\":\"ImageObject\",\"inLanguage\":\"en-US\",\"@id\":\"https:\/\/xymen.pl\/en\/#\/schema\/logo\/image\/\",\"url\":\"https:\/\/xymen.pl\/wp-content\/uploads\/2023\/02\/xymenpl-logo-1612299642.png\",\"contentUrl\":\"https:\/\/xymen.pl\/wp-content\/uploads\/2023\/02\/xymenpl-logo-1612299642.png\",\"width\":222,\"height\":218,\"caption\":\"XYMEN\"},\"image\":{\"@id\":\"https:\/\/xymen.pl\/en\/#\/schema\/logo\/image\/\"}}]}<\/script>\n<!-- \/ Yoast SEO plugin. -->","yoast_head_json":{"title":"Aquabin 150 tunnel for water drainage | XYMEN","robots":{"index":"index","follow":"follow","max-snippet":"max-snippet:-1","max-image-preview":"max-image-preview:large","max-video-preview":"max-video-preview:-1"},"canonical":"https:\/\/xymen.pl\/en\/product\/aquabin-150-tunnel-for-water-drainage\/","og_locale":"en_US","og_type":"article","og_title":"Aquabin 150 tunnel for water drainage | XYMEN","og_description":"150L capacity tunnel for sewage drainage","og_url":"https:\/\/xymen.pl\/en\/product\/aquabin-150-tunnel-for-water-drainage\/","og_site_name":"XYMEN","og_image":[{"width":400,"height":378,"url":"https:\/\/xymen.pl\/wp-content\/uploads\/2023\/03\/tunel-150-aquabin-do-rozsaczania-wody-.png","type":"image\/png"}],"twitter_card":"summary_large_image","schema":{"@context":"https:\/\/schema.org","@graph":[{"@type":"WebPage","@id":"https:\/\/xymen.pl\/en\/product\/aquabin-150-tunnel-for-water-drainage\/","url":"https:\/\/xymen.pl\/en\/product\/aquabin-150-tunnel-for-water-drainage\/","name":"Aquabin 150 tunnel for water drainage | XYMEN","isPartOf":{"@id":"https:\/\/xymen.pl\/en\/#website"},"primaryImageOfPage":{"@id":"https:\/\/xymen.pl\/en\/product\/aquabin-150-tunnel-for-water-drainage\/#primaryimage"},"image":{"@id":"https:\/\/xymen.pl\/en\/product\/aquabin-150-tunnel-for-water-drainage\/#primaryimage"},"thumbnailUrl":"https:\/\/xymen.pl\/wp-content\/uploads\/2023\/03\/tunel-150-aquabin-do-rozsaczania-wody-.png","datePublished":"2023-03-24T10:00:05+00:00","breadcrumb":{"@id":"https:\/\/xymen.pl\/en\/product\/aquabin-150-tunnel-for-water-drainage\/#breadcrumb"},"inLanguage":"en-US","potentialAction":[{"@type":"ReadAction","target":["https:\/\/xymen.pl\/en\/product\/aquabin-150-tunnel-for-water-drainage\/"]}]},{"@type":"ImageObject","inLanguage":"en-US","@id":"https:\/\/xymen.pl\/en\/product\/aquabin-150-tunnel-for-water-drainage\/#primaryimage","url":"https:\/\/xymen.pl\/wp-content\/uploads\/2023\/03\/tunel-150-aquabin-do-rozsaczania-wody-.png","contentUrl":"https:\/\/xymen.pl\/wp-content\/uploads\/2023\/03\/tunel-150-aquabin-do-rozsaczania-wody-.png","width":400,"height":378,"caption":"cap for 150 aquabin tunnel for water drainage"},{"@type":"BreadcrumbList","@id":"https:\/\/xymen.pl\/en\/product\/aquabin-150-tunnel-for-water-drainage\/#breadcrumb","itemListElement":[{"@type":"ListItem","position":1,"name":"Products","item":"https:\/\/xymen.pl\/en\/products\/"},{"@type":"ListItem","position":2,"name":"Aquabin 150 tunnel for water drainage"}]},{"@type":"WebSite","@id":"https:\/\/xymen.pl\/en\/#website","url":"https:\/\/xymen.pl\/en\/","name":"XYMEN","description":"zbiorniki na deszcz\u00f3wk\u0119 | ekologiczne oczyszczalnie \u015bciek\u00f3w","publisher":{"@id":"https:\/\/xymen.pl\/en\/#organization"},"potentialAction":[{"@type":"SearchAction","target":{"@type":"EntryPoint","urlTemplate":"https:\/\/xymen.pl\/en\/?s={search_term_string}"},"query-input":{"@type":"PropertyValueSpecification","valueRequired":true,"valueName":"search_term_string"}}],"inLanguage":"en-US"},{"@type":"Organization","@id":"https:\/\/xymen.pl\/en\/#organization","name":"XYMEN","url":"https:\/\/xymen.pl\/en\/","logo":{"@type":"ImageObject","inLanguage":"en-US","@id":"https:\/\/xymen.pl\/en\/#\/schema\/logo\/image\/","url":"https:\/\/xymen.pl\/wp-content\/uploads\/2023\/02\/xymenpl-logo-1612299642.png","contentUrl":"https:\/\/xymen.pl\/wp-content\/uploads\/2023\/02\/xymenpl-logo-1612299642.png","width":222,"height":218,"caption":"XYMEN"},"image":{"@id":"https:\/\/xymen.pl\/en\/#\/schema\/logo\/image\/"}}]}},"_links":{"self":[{"href":"https:\/\/xymen.pl\/en\/wp-json\/wp\/v2\/product\/17681","targetHints":{"allow":["GET"]}}],"collection":[{"href":"https:\/\/xymen.pl\/en\/wp-json\/wp\/v2\/product"}],"about":[{"href":"https:\/\/xymen.pl\/en\/wp-json\/wp\/v2\/types\/product"}],"replies":[{"embeddable":true,"href":"https:\/\/xymen.pl\/en\/wp-json\/wp\/v2\/comments?post=17681"}],"wp:featuredmedia":[{"embeddable":true,"href":"https:\/\/xymen.pl\/en\/wp-json\/wp\/v2\/media\/14541"}],"wp:attachment":[{"href":"https:\/\/xymen.pl\/en\/wp-json\/wp\/v2\/media?parent=17681"}],"wp:term":[{"taxonomy":"product_brand","embeddable":true,"href":"https:\/\/xymen.pl\/en\/wp-json\/wp\/v2\/product_brand?post=17681"},{"taxonomy":"product_cat","embeddable":true,"href":"https:\/\/xymen.pl\/en\/wp-json\/wp\/v2\/product_cat?post=17681"},{"taxonomy":"product_tag","embeddable":true,"href":"https:\/\/xymen.pl\/en\/wp-json\/wp\/v2\/product_tag?post=17681"}],"curies":[{"name":"wp","href":"https:\/\/api.w.org\/{rel}","templated":true}]}}