{"id":17694,"date":"2023-03-24T11:00:32","date_gmt":"2023-03-24T10:00:32","guid":{"rendered":"https:\/\/xymen.pl\/produkt\/home-treatment-plant-sewage-marseplast-water-3-0-3000l-drainage-48mb\/"},"modified":"2023-03-24T11:00:32","modified_gmt":"2023-03-24T10:00:32","slug":"home-treatment-plant-sewage-marseplast-water-3-0-3000l-drainage-48mb","status":"publish","type":"product","link":"https:\/\/xymen.pl\/en\/product\/home-treatment-plant-sewage-marseplast-water-3-0-3000l-drainage-48mb\/","title":{"rendered":"Home treatment plant sewage MARSEPLAST Water 3.0 3000L drainage 48mb"},"content":{"rendered":"<p><img decoding=\"async\" class=\"alignnone wp-image-2705\" src=\"https:\/\/xymen.pl\/wp-content\/uploads\/2023\/03\/7.png\" alt=\"\" width=\"142\" height=\"142\" srcset=\"https:\/\/xymen.pl\/wp-content\/uploads\/2023\/03\/7.png 280w, https:\/\/xymen.pl\/wp-content\/uploads\/2023\/03\/7-150x150.png 150w, https:\/\/xymen.pl\/wp-content\/uploads\/2023\/03\/7-100x100.png 100w, https:\/\/xymen.pl\/wp-content\/uploads\/2023\/03\/7-50x50.png 50w\" sizes=\"(max-width: 142px) 100vw, 142px\" \/><\/p>\n<p><strong>Home treatment plant MARSEPLAST WATER 3.0 3000L for a 4-6 person family.<\/strong><\/p>\n<p>The treatment plant tank has two chambers. A larger number of chambers in the tank increases the efficiency of wastewater treatment, which translates into a longer service life of the entire system. <\/p>\n<p>It is an ideal solution instead of a traditional septic tank and an alternative for summer houses and allotments.<\/p>\n<p>Wastewater treatment occurs through sedimentation (settling of particles heavier than water) and flotation (rising of lighter particles to the surface). The partially treated wastewater then flows by gravity through a filter basket located in the tank at the outlet to the drainage system, where a natural aerobic process takes place, breaking down contaminants with the help of bacteria. <\/p>\n<p>The two-chamber tank is made of PEHD polyethylene using the rotomoulding method (a technique for forming plastics in which the rotomoulding mould is divided into two or more parts, filled with plastic powder or granules, then placed in an oven where it melts into a liquid state) in accordance with the PN EN 12566-1 standard.<\/p>\n<p>&nbsp;<\/p>\n<p><strong>Advantages of the treatment plant :<\/strong><\/p>\n<p>&#8211; low operating cost compared to a traditional cesspool or sewer system<\/p>\n<p>&#8211; no electrical components required<\/p>\n<p>&#8211; durability and strength<\/p>\n<p>&#8211; ideal solution for favorable ground conditions<\/p>\n<p>&#8211; sludge removal once a year<\/p>\n<p>&#8211; does not emit unpleasant odors like a traditional cesspool<\/p>\n<p>&#8211; 10-year warranty on the tank<\/p>\n<p>In order to achieve optimal and efficient purification, it is recommended to regularly add biopreparations<\/p>\n<p>The Set Includes:<\/p>\n<p>&#8211; Settling tank septic two-chamber WATER 3.0 3000L<\/p>\n<p>&#8211; PP pipe DN 110 gray 1 m &#8211; 6 pcs.<\/p>\n<p>&#8211; Manhole technical distribution D300 AQR H-0.41m AQUABIN<\/p>\n<p>&#8211; PP elbow DN 110 87\u00b0 gray &#8211; 5 pcs.<\/p>\n<p>&#8211; Drainage pipe PP DN 110 gray 2m &#8211; 24 pcs.<\/p>\n<p>&#8211; Aeration vent \u2013 3 pcs<\/p>\n<p>&#8211; Geotextile width 0.5m &#8211; 49m<\/p>\n<p>Tank dimensions:<\/p>\n<p>A : 1,57m<\/p>\n<p>B : 1,21m<\/p>\n<p>C : 2,70m<\/p>\n<p><img fetchpriority=\"high\" decoding=\"async\" class=\"alignnone size-medium wp-image-5896\" src=\"https:\/\/xymen.pl\/wp-content\/uploads\/2023\/03\/30-300x281.png\" alt=\"\" width=\"300\" height=\"281\" srcset=\"https:\/\/xymen.pl\/wp-content\/uploads\/2023\/03\/30-300x281.png 300w, https:\/\/xymen.pl\/wp-content\/uploads\/2023\/03\/30.png 434w\" sizes=\"(max-width: 300px) 100vw, 300px\" \/><\/p>\n<p>&nbsp;<\/p>\n<p>&nbsp;<\/p>\n<p>To ensure the optimal performance of the wastewater treatment system, it is recommended to regularly use biopreparations<\/p>\n<p><a href=\"\/?product_cat=aktywatory-do-oczyszczalni\">We recommend the bacteria available in our store.<\/a><\/p>\n<p><img decoding=\"async\" class=\"alignnone size-medium wp-image-5903\" src=\"https:\/\/xymen.pl\/wp-content\/uploads\/2023\/03\/Xymen3-300x228.jpg\" alt=\"\" width=\"300\" height=\"228\" srcset=\"https:\/\/xymen.pl\/wp-content\/uploads\/2023\/03\/Xymen3-300x228.jpg 300w, https:\/\/xymen.pl\/wp-content\/uploads\/2023\/03\/Xymen3-1024x779.jpg 1024w, https:\/\/xymen.pl\/wp-content\/uploads\/2023\/03\/Xymen3-768x584.jpg 768w, https:\/\/xymen.pl\/wp-content\/uploads\/2023\/03\/Xymen3-600x457.jpg 600w, https:\/\/xymen.pl\/wp-content\/uploads\/2023\/03\/Xymen3.jpg 1372w\" sizes=\"(max-width: 300px) 100vw, 300px\" \/><\/p>\n<p>Extensions are available for the tank in heights of <a href=\"https:\/\/xymen.pl\/en\/produkt\/superstructure-for-the-h200-fi490-tank\/\" target=\"_blank\" rel=\"noreferrer noopener\">20 cm<\/a> and <a href=\"https:\/\/xymen.pl\/en\/produkt\/superstructure-for-the-h400-fi490-tank\/\" target=\"_blank\" rel=\"noreferrer noopener\">40 cm<\/a>.<\/p>\n<p><a href=\"https:\/\/xymen.pl\/nadstawki\/173-nadstawka-40cm-marseplast.html\" target=\"_blank\" rel=\"noreferrer noopener\"><img loading=\"lazy\" decoding=\"async\" src=\"https:\/\/xymen.pl\/img\/cms\/nadstawka-20cm.jpg\" alt=\"\" width=\"301\" height=\"308\"><img loading=\"lazy\" decoding=\"async\" src=\"https:\/\/xymen.pl\/img\/cms\/nadstawka-40cm-marseplast.jpg\" alt=\"\" width=\"330\" height=\"308\"><\/a><\/p>\n<p>&nbsp;<\/p>\n<p>Have questions? Call us, and we will advise you on the optimal solution. <\/p>\n","protected":false},"excerpt":{"rendered":"<p>WATER 3.0 two-chamber treatment plant, 3000 l, drainage 48 m<\/p>\n<p><span style=\"font-family: Calibri, sans-serif; font-size: 14.6667px; font-weight: bold;\"><img loading=\"lazy\" decoding=\"async\" src=\"https:\/\/xymen.pl\/img\/cms\/logogodfgofd.gif\" alt=\"\" width=\"150\" height=\"40\"><\/span><\/p>\n","protected":false},"featured_media":14570,"comment_status":"open","ping_status":"closed","template":"","meta":{"_acf_changed":false,"_glsr_average":0,"_glsr_ranking":0,"_glsr_reviews":0},"product_brand":[],"product_cat":[412,384,383],"product_tag":[353,352],"class_list":{"0":"post-17694","1":"product","2":"type-product","3":"status-publish","4":"has-post-thumbnail","6":"product_cat-3000l-en","7":"product_cat-drainage","8":"product_cat-treatment-plants-ecological","9":"product_tag-marseplast-en","10":"product_tag-standard-en","12":"first","13":"instock","14":"taxable","15":"shipping-taxable","16":"purchasable","17":"product-type-simple"},"acf":{"xymen_capacity":""},"yoast_head":"<!-- This site is optimized with the Yoast SEO plugin v27.1.1 - https:\/\/yoast.com\/product\/yoast-seo-wordpress\/ -->\n<title>Home treatment plant sewage MARSEPLAST Water 3.0 3000L drainage 48mb | XYMEN<\/title>\n<meta name=\"robots\" content=\"index, follow, max-snippet:-1, max-image-preview:large, max-video-preview:-1\" \/>\n<link rel=\"canonical\" href=\"https:\/\/xymen.pl\/en\/product\/home-treatment-plant-sewage-marseplast-water-3-0-3000l-drainage-48mb\/\" \/>\n<meta property=\"og:locale\" content=\"en_US\" \/>\n<meta property=\"og:type\" content=\"article\" \/>\n<meta property=\"og:title\" content=\"Home treatment plant sewage MARSEPLAST Water 3.0 3000L drainage 48mb\" \/>\n<meta property=\"og:description\" content=\"MARSEPLAST Water 3.0 3000L drainage 48mb with tunnels - modern sewage treatment plant for your home. Thanks to built-in tunnels, our product guarantees effective and ecological removal of pollutants.\" \/>\n<meta property=\"og:url\" content=\"https:\/\/xymen.pl\/en\/product\/home-treatment-plant-sewage-marseplast-water-3-0-3000l-drainage-48mb\/\" \/>\n<meta property=\"og:site_name\" content=\"XYMEN\" \/>\n<meta property=\"og:image\" content=\"https:\/\/xymen.pl\/wp-content\/uploads\/2023\/03\/oczyszczalnia-3000l-drenaz-48mb-1024x813.png\" \/>\n<meta name=\"twitter:card\" content=\"summary_large_image\" \/>\n<meta name=\"twitter:title\" content=\"Home treatment plant sewage MARSEPLAST Water 3.0 3000L drainage 48mb\" \/>\n<meta name=\"twitter:description\" content=\"MARSEPLAST Water 3.0 3000L drainage 48mb with tunnels - modern sewage treatment plant for your home. Thanks to built-in tunnels, our product guarantees effective and ecological removal of pollutants.\" \/>\n<meta name=\"twitter:image\" content=\"https:\/\/xymen.pl\/wp-content\/uploads\/2023\/03\/oczyszczalnia-3000l-drenaz-48mb-1024x813.png\" \/>\n<meta name=\"twitter:label1\" content=\"Est. reading time\" \/>\n\t<meta name=\"twitter:data1\" content=\"2 minutes\" \/>\n<script type=\"application\/ld+json\" class=\"yoast-schema-graph\">{\"@context\":\"https:\/\/schema.org\",\"@graph\":[{\"@type\":\"WebPage\",\"@id\":\"https:\/\/xymen.pl\/en\/product\/home-treatment-plant-sewage-marseplast-water-3-0-3000l-drainage-48mb\/\",\"url\":\"https:\/\/xymen.pl\/en\/product\/home-treatment-plant-sewage-marseplast-water-3-0-3000l-drainage-48mb\/\",\"name\":\"Home treatment plant sewage MARSEPLAST Water 3.0 3000L drainage 48mb | XYMEN\",\"isPartOf\":{\"@id\":\"https:\/\/xymen.pl\/en\/#website\"},\"primaryImageOfPage\":{\"@id\":\"https:\/\/xymen.pl\/en\/product\/home-treatment-plant-sewage-marseplast-water-3-0-3000l-drainage-48mb\/#primaryimage\"},\"image\":{\"@id\":\"https:\/\/xymen.pl\/en\/product\/home-treatment-plant-sewage-marseplast-water-3-0-3000l-drainage-48mb\/#primaryimage\"},\"thumbnailUrl\":\"https:\/\/xymen.pl\/wp-content\/uploads\/2023\/03\/oczyszczalnia-3000l-drenaz-48mb.png\",\"datePublished\":\"2023-03-24T10:00:32+00:00\",\"breadcrumb\":{\"@id\":\"https:\/\/xymen.pl\/en\/product\/home-treatment-plant-sewage-marseplast-water-3-0-3000l-drainage-48mb\/#breadcrumb\"},\"inLanguage\":\"en-US\",\"potentialAction\":[{\"@type\":\"ReadAction\",\"target\":[\"https:\/\/xymen.pl\/en\/product\/home-treatment-plant-sewage-marseplast-water-3-0-3000l-drainage-48mb\/\"]}]},{\"@type\":\"ImageObject\",\"inLanguage\":\"en-US\",\"@id\":\"https:\/\/xymen.pl\/en\/product\/home-treatment-plant-sewage-marseplast-water-3-0-3000l-drainage-48mb\/#primaryimage\",\"url\":\"https:\/\/xymen.pl\/wp-content\/uploads\/2023\/03\/oczyszczalnia-3000l-drenaz-48mb.png\",\"contentUrl\":\"https:\/\/xymen.pl\/wp-content\/uploads\/2023\/03\/oczyszczalnia-3000l-drenaz-48mb.png\",\"width\":1146,\"height\":910,\"caption\":\"treatment plant 3000 l drainage 48 m, domestic treatment plants sewage, treatment plant biological, treatment plant ecological\"},{\"@type\":\"BreadcrumbList\",\"@id\":\"https:\/\/xymen.pl\/en\/product\/home-treatment-plant-sewage-marseplast-water-3-0-3000l-drainage-48mb\/#breadcrumb\",\"itemListElement\":[{\"@type\":\"ListItem\",\"position\":1,\"name\":\"Products\",\"item\":\"https:\/\/xymen.pl\/en\/products\/\"},{\"@type\":\"ListItem\",\"position\":2,\"name\":\"Home treatment plant sewage MARSEPLAST Water 3.0 3000L drainage 48mb\"}]},{\"@type\":\"WebSite\",\"@id\":\"https:\/\/xymen.pl\/en\/#website\",\"url\":\"https:\/\/xymen.pl\/en\/\",\"name\":\"XYMEN\",\"description\":\"zbiorniki na deszcz\u00f3wk\u0119 | ekologiczne oczyszczalnie \u015bciek\u00f3w\",\"publisher\":{\"@id\":\"https:\/\/xymen.pl\/en\/#organization\"},\"potentialAction\":[{\"@type\":\"SearchAction\",\"target\":{\"@type\":\"EntryPoint\",\"urlTemplate\":\"https:\/\/xymen.pl\/en\/?s={search_term_string}\"},\"query-input\":{\"@type\":\"PropertyValueSpecification\",\"valueRequired\":true,\"valueName\":\"search_term_string\"}}],\"inLanguage\":\"en-US\"},{\"@type\":\"Organization\",\"@id\":\"https:\/\/xymen.pl\/en\/#organization\",\"name\":\"XYMEN\",\"url\":\"https:\/\/xymen.pl\/en\/\",\"logo\":{\"@type\":\"ImageObject\",\"inLanguage\":\"en-US\",\"@id\":\"https:\/\/xymen.pl\/en\/#\/schema\/logo\/image\/\",\"url\":\"https:\/\/xymen.pl\/wp-content\/uploads\/2023\/02\/xymenpl-logo-1612299642.png\",\"contentUrl\":\"https:\/\/xymen.pl\/wp-content\/uploads\/2023\/02\/xymenpl-logo-1612299642.png\",\"width\":222,\"height\":218,\"caption\":\"XYMEN\"},\"image\":{\"@id\":\"https:\/\/xymen.pl\/en\/#\/schema\/logo\/image\/\"}}]}<\/script>\n<!-- \/ Yoast SEO plugin. -->","yoast_head_json":{"title":"Home treatment plant sewage MARSEPLAST Water 3.0 3000L drainage 48mb | XYMEN","robots":{"index":"index","follow":"follow","max-snippet":"max-snippet:-1","max-image-preview":"max-image-preview:large","max-video-preview":"max-video-preview:-1"},"canonical":"https:\/\/xymen.pl\/en\/product\/home-treatment-plant-sewage-marseplast-water-3-0-3000l-drainage-48mb\/","og_locale":"en_US","og_type":"article","og_title":"Home treatment plant sewage MARSEPLAST Water 3.0 3000L drainage 48mb","og_description":"MARSEPLAST Water 3.0 3000L drainage 48mb with tunnels - modern sewage treatment plant for your home. Thanks to built-in tunnels, our product guarantees effective and ecological removal of pollutants.","og_url":"https:\/\/xymen.pl\/en\/product\/home-treatment-plant-sewage-marseplast-water-3-0-3000l-drainage-48mb\/","og_site_name":"XYMEN","og_image":[{"url":"https:\/\/xymen.pl\/wp-content\/uploads\/2023\/03\/oczyszczalnia-3000l-drenaz-48mb-1024x813.png","type":"","width":"","height":""}],"twitter_card":"summary_large_image","twitter_title":"Home treatment plant sewage MARSEPLAST Water 3.0 3000L drainage 48mb","twitter_description":"MARSEPLAST Water 3.0 3000L drainage 48mb with tunnels - modern sewage treatment plant for your home. Thanks to built-in tunnels, our product guarantees effective and ecological removal of pollutants.","twitter_image":"https:\/\/xymen.pl\/wp-content\/uploads\/2023\/03\/oczyszczalnia-3000l-drenaz-48mb-1024x813.png","twitter_misc":{"Est. reading time":"2 minutes"},"schema":{"@context":"https:\/\/schema.org","@graph":[{"@type":"WebPage","@id":"https:\/\/xymen.pl\/en\/product\/home-treatment-plant-sewage-marseplast-water-3-0-3000l-drainage-48mb\/","url":"https:\/\/xymen.pl\/en\/product\/home-treatment-plant-sewage-marseplast-water-3-0-3000l-drainage-48mb\/","name":"Home treatment plant sewage MARSEPLAST Water 3.0 3000L drainage 48mb | XYMEN","isPartOf":{"@id":"https:\/\/xymen.pl\/en\/#website"},"primaryImageOfPage":{"@id":"https:\/\/xymen.pl\/en\/product\/home-treatment-plant-sewage-marseplast-water-3-0-3000l-drainage-48mb\/#primaryimage"},"image":{"@id":"https:\/\/xymen.pl\/en\/product\/home-treatment-plant-sewage-marseplast-water-3-0-3000l-drainage-48mb\/#primaryimage"},"thumbnailUrl":"https:\/\/xymen.pl\/wp-content\/uploads\/2023\/03\/oczyszczalnia-3000l-drenaz-48mb.png","datePublished":"2023-03-24T10:00:32+00:00","breadcrumb":{"@id":"https:\/\/xymen.pl\/en\/product\/home-treatment-plant-sewage-marseplast-water-3-0-3000l-drainage-48mb\/#breadcrumb"},"inLanguage":"en-US","potentialAction":[{"@type":"ReadAction","target":["https:\/\/xymen.pl\/en\/product\/home-treatment-plant-sewage-marseplast-water-3-0-3000l-drainage-48mb\/"]}]},{"@type":"ImageObject","inLanguage":"en-US","@id":"https:\/\/xymen.pl\/en\/product\/home-treatment-plant-sewage-marseplast-water-3-0-3000l-drainage-48mb\/#primaryimage","url":"https:\/\/xymen.pl\/wp-content\/uploads\/2023\/03\/oczyszczalnia-3000l-drenaz-48mb.png","contentUrl":"https:\/\/xymen.pl\/wp-content\/uploads\/2023\/03\/oczyszczalnia-3000l-drenaz-48mb.png","width":1146,"height":910,"caption":"treatment plant 3000 l drainage 48 m, domestic treatment plants sewage, treatment plant biological, treatment plant ecological"},{"@type":"BreadcrumbList","@id":"https:\/\/xymen.pl\/en\/product\/home-treatment-plant-sewage-marseplast-water-3-0-3000l-drainage-48mb\/#breadcrumb","itemListElement":[{"@type":"ListItem","position":1,"name":"Products","item":"https:\/\/xymen.pl\/en\/products\/"},{"@type":"ListItem","position":2,"name":"Home treatment plant sewage MARSEPLAST Water 3.0 3000L drainage 48mb"}]},{"@type":"WebSite","@id":"https:\/\/xymen.pl\/en\/#website","url":"https:\/\/xymen.pl\/en\/","name":"XYMEN","description":"zbiorniki na deszcz\u00f3wk\u0119 | ekologiczne oczyszczalnie \u015bciek\u00f3w","publisher":{"@id":"https:\/\/xymen.pl\/en\/#organization"},"potentialAction":[{"@type":"SearchAction","target":{"@type":"EntryPoint","urlTemplate":"https:\/\/xymen.pl\/en\/?s={search_term_string}"},"query-input":{"@type":"PropertyValueSpecification","valueRequired":true,"valueName":"search_term_string"}}],"inLanguage":"en-US"},{"@type":"Organization","@id":"https:\/\/xymen.pl\/en\/#organization","name":"XYMEN","url":"https:\/\/xymen.pl\/en\/","logo":{"@type":"ImageObject","inLanguage":"en-US","@id":"https:\/\/xymen.pl\/en\/#\/schema\/logo\/image\/","url":"https:\/\/xymen.pl\/wp-content\/uploads\/2023\/02\/xymenpl-logo-1612299642.png","contentUrl":"https:\/\/xymen.pl\/wp-content\/uploads\/2023\/02\/xymenpl-logo-1612299642.png","width":222,"height":218,"caption":"XYMEN"},"image":{"@id":"https:\/\/xymen.pl\/en\/#\/schema\/logo\/image\/"}}]}},"_links":{"self":[{"href":"https:\/\/xymen.pl\/en\/wp-json\/wp\/v2\/product\/17694","targetHints":{"allow":["GET"]}}],"collection":[{"href":"https:\/\/xymen.pl\/en\/wp-json\/wp\/v2\/product"}],"about":[{"href":"https:\/\/xymen.pl\/en\/wp-json\/wp\/v2\/types\/product"}],"replies":[{"embeddable":true,"href":"https:\/\/xymen.pl\/en\/wp-json\/wp\/v2\/comments?post=17694"}],"wp:featuredmedia":[{"embeddable":true,"href":"https:\/\/xymen.pl\/en\/wp-json\/wp\/v2\/media\/14570"}],"wp:attachment":[{"href":"https:\/\/xymen.pl\/en\/wp-json\/wp\/v2\/media?parent=17694"}],"wp:term":[{"taxonomy":"product_brand","embeddable":true,"href":"https:\/\/xymen.pl\/en\/wp-json\/wp\/v2\/product_brand?post=17694"},{"taxonomy":"product_cat","embeddable":true,"href":"https:\/\/xymen.pl\/en\/wp-json\/wp\/v2\/product_cat?post=17694"},{"taxonomy":"product_tag","embeddable":true,"href":"https:\/\/xymen.pl\/en\/wp-json\/wp\/v2\/product_tag?post=17694"}],"curies":[{"name":"wp","href":"https:\/\/api.w.org\/{rel}","templated":true}]}}