{"id":17703,"date":"2023-03-24T11:00:50","date_gmt":"2023-03-24T10:00:50","guid":{"rendered":"https:\/\/xymen.pl\/produkt\/marseplast-water-4-0-4000l-domestic-sewage-treatment-plant-72-m-of-drainage\/"},"modified":"2023-03-24T11:00:50","modified_gmt":"2023-03-24T10:00:50","slug":"marseplast-water-4-0-4000l-domestic-sewage-treatment-plant-72-m-of-drainage","status":"publish","type":"product","link":"https:\/\/xymen.pl\/en\/product\/marseplast-water-4-0-4000l-domestic-sewage-treatment-plant-72-m-of-drainage\/","title":{"rendered":"MARSEPLAST Water 4.0 4000L domestic sewage treatment plant, 72 m of drainage"},"content":{"rendered":"<p><img decoding=\"async\" class=\"alignnone wp-image-2705\" src=\"https:\/\/xymen.pl\/wp-content\/uploads\/2023\/03\/7.png\" alt=\"\" width=\"142\" height=\"142\" srcset=\"https:\/\/xymen.pl\/wp-content\/uploads\/2023\/03\/7.png 280w, https:\/\/xymen.pl\/wp-content\/uploads\/2023\/03\/7-150x150.png 150w, https:\/\/xymen.pl\/wp-content\/uploads\/2023\/03\/7-100x100.png 100w, https:\/\/xymen.pl\/wp-content\/uploads\/2023\/03\/7-50x50.png 50w\" sizes=\"(max-width: 142px) 100vw, 142px\" \/><\/p>\n<p><strong>MARSEPLAST WATER 4.0 4000L domestic sewage treatment plant for a family of 6-8 people.<\/strong><\/p>\n<p>It is an ideal solution instead of a traditional septic tank and an alternative for summer houses and allotments.<\/p>\n<p>Wastewater treatment occurs through sedimentation (settling of particles heavier than water) and flotation (rising of lighter particles to the surface). The partially treated wastewater then flows by gravity through a filter basket located in the tank at the outlet to the drainage system, where a natural aerobic process takes place, breaking down contaminants with the help of bacteria. <\/p>\n<p><strong>Advantages of the treatment plant :<\/strong><\/p>\n<p>&#8211; low operating cost compared to a traditional cesspool or sewer system<\/p>\n<p>&#8211; no electrical components required<\/p>\n<p>&#8211; durability and strength<\/p>\n<p>&#8211; ideal solution for favorable ground conditions<\/p>\n<p>&#8211; sludge removal once a year<\/p>\n<p>&#8211; does not emit unpleasant odors like a traditional cesspool<\/p>\n<p>&#8211; 10-year warranty on the tank<\/p>\n<p>In order to achieve optimal and efficient purification, it is recommended to regularly add biopreparations<\/p>\n<p><strong>The Set Includes:<\/strong><\/p>\n<p>&#8211; WATER 4.0 4000L septic tank<\/p>\n<p>&#8211; PP pipe DN 110 gray 1 m &#8211; 6 pcs.<\/p>\n<p>&#8211; Manhole technical distribution D300 AQR H-0.41m AQUABIN<\/p>\n<p>&#8211; PP elbow DN 110 87\u00b0 gray &#8211; 5 pcs.<\/p>\n<p>&#8211; PP DN 110 gray drainage pipe, 2 m &#8211; 36 pcs.<\/p>\n<p>&#8211; Aeration vent \u2013 3 pcs<\/p>\n<p>&#8211; Geotextile width 0.5 m &#8211; 73 m<\/p>\n<p><b>Tank dimensions: <\/b><\/p>\n<p>A : 1,86m<\/p>\n<p>B : 1,50m<\/p>\n<p>C : 2,40m<\/p>\n<p><img fetchpriority=\"high\" decoding=\"async\" class=\"alignnone size-medium wp-image-5907\" src=\"https:\/\/xymen.pl\/wp-content\/uploads\/2023\/03\/wat-290x300.png\" alt=\"\" width=\"290\" height=\"300\" srcset=\"https:\/\/xymen.pl\/wp-content\/uploads\/2023\/03\/wat-290x300.png 290w, https:\/\/xymen.pl\/wp-content\/uploads\/2023\/03\/wat.png 545w\" sizes=\"(max-width: 290px) 100vw, 290px\" \/><\/p>\n<p>To ensure the optimal performance of the wastewater treatment system, it is recommended to regularly use biopreparations<\/p>\n<p><a href=\"\/?product_cat=aktywatory-do-oczyszczalni\">We recommend the bacteria available in our store.<\/a><\/p>\n<p><img decoding=\"async\" class=\"alignnone size-medium wp-image-5903\" src=\"https:\/\/xymen.pl\/wp-content\/uploads\/2023\/03\/Xymen3-300x228.jpg\" alt=\"\" width=\"300\" height=\"228\" srcset=\"https:\/\/xymen.pl\/wp-content\/uploads\/2023\/03\/Xymen3-300x228.jpg 300w, https:\/\/xymen.pl\/wp-content\/uploads\/2023\/03\/Xymen3-1024x779.jpg 1024w, https:\/\/xymen.pl\/wp-content\/uploads\/2023\/03\/Xymen3-768x584.jpg 768w, https:\/\/xymen.pl\/wp-content\/uploads\/2023\/03\/Xymen3-600x457.jpg 600w, https:\/\/xymen.pl\/wp-content\/uploads\/2023\/03\/Xymen3.jpg 1372w\" sizes=\"(max-width: 300px) 100vw, 300px\" \/><\/p>\n","protected":false},"excerpt":{"rendered":"<p>WATER 4.0 4000L treatment plant, 72m drainage<\/p>\n","protected":false},"featured_media":14595,"comment_status":"open","ping_status":"closed","template":"","meta":{"_acf_changed":false,"_glsr_average":0,"_glsr_ranking":0,"_glsr_reviews":0},"product_brand":[],"product_cat":[385,384,383],"product_tag":[353,352],"class_list":{"0":"post-17703","1":"product","2":"type-product","3":"status-publish","4":"has-post-thumbnail","6":"product_cat-4000-l-en-2","7":"product_cat-drainage","8":"product_cat-treatment-plants-ecological","9":"product_tag-marseplast-en","10":"product_tag-standard-en","12":"first","13":"instock","14":"taxable","15":"shipping-taxable","16":"purchasable","17":"product-type-simple"},"acf":{"xymen_capacity":8},"yoast_head":"<!-- This site is optimized with the Yoast SEO plugin v27.1.1 - https:\/\/yoast.com\/product\/yoast-seo-wordpress\/ -->\n<title>MARSEPLAST Water 4.0 4000L domestic sewage treatment plant, 72 m of drainage | XYMEN<\/title>\n<meta name=\"robots\" content=\"index, follow, max-snippet:-1, max-image-preview:large, max-video-preview:-1\" \/>\n<link rel=\"canonical\" href=\"https:\/\/xymen.pl\/en\/product\/marseplast-water-4-0-4000l-domestic-sewage-treatment-plant-72-m-of-drainage\/\" \/>\n<meta property=\"og:locale\" content=\"en_US\" \/>\n<meta property=\"og:type\" content=\"article\" \/>\n<meta property=\"og:title\" content=\"MARSEPLAST Water 4.0 4000L domestic sewage treatment plant, 72 m of drainage\" \/>\n<meta property=\"og:description\" content=\"MARSEPLAST Water 4.0 4000L drainage 72mb with tunnels \u2013 a modern solution for effective wastewater management. Our treatment plant integrates advanced tunnel systems, guaranteeing reliability and minimal environmental impact.\" \/>\n<meta property=\"og:url\" content=\"https:\/\/xymen.pl\/en\/product\/marseplast-water-4-0-4000l-domestic-sewage-treatment-plant-72-m-of-drainage\/\" \/>\n<meta property=\"og:site_name\" content=\"XYMEN\" \/>\n<meta property=\"og:image\" content=\"https:\/\/xymen.pl\/wp-content\/uploads\/2023\/03\/oczyszczalnia-4000l-drenaz-72mb-294x300.png\" \/>\n<meta name=\"twitter:card\" content=\"summary_large_image\" \/>\n<meta name=\"twitter:title\" content=\"MARSEPLAST Water 4.0 4000L domestic sewage treatment plant, 72 m of drainage\" \/>\n<meta name=\"twitter:description\" content=\"MARSEPLAST Water 4.0 4000L drainage 72mb with tunnels \u2013 a modern solution for effective wastewater management. Our treatment plant integrates advanced tunnel systems, guaranteeing reliability and minimal environmental impact.\" \/>\n<meta name=\"twitter:image\" content=\"https:\/\/xymen.pl\/wp-content\/uploads\/2023\/03\/oczyszczalnia-4000l-drenaz-72mb.png\" \/>\n<meta name=\"twitter:label1\" content=\"Est. reading time\" \/>\n\t<meta name=\"twitter:data1\" content=\"1 minute\" \/>\n<script type=\"application\/ld+json\" class=\"yoast-schema-graph\">{\"@context\":\"https:\/\/schema.org\",\"@graph\":[{\"@type\":\"WebPage\",\"@id\":\"https:\/\/xymen.pl\/en\/product\/marseplast-water-4-0-4000l-domestic-sewage-treatment-plant-72-m-of-drainage\/\",\"url\":\"https:\/\/xymen.pl\/en\/product\/marseplast-water-4-0-4000l-domestic-sewage-treatment-plant-72-m-of-drainage\/\",\"name\":\"MARSEPLAST Water 4.0 4000L domestic sewage treatment plant, 72 m of drainage | XYMEN\",\"isPartOf\":{\"@id\":\"https:\/\/xymen.pl\/en\/#website\"},\"primaryImageOfPage\":{\"@id\":\"https:\/\/xymen.pl\/en\/product\/marseplast-water-4-0-4000l-domestic-sewage-treatment-plant-72-m-of-drainage\/#primaryimage\"},\"image\":{\"@id\":\"https:\/\/xymen.pl\/en\/product\/marseplast-water-4-0-4000l-domestic-sewage-treatment-plant-72-m-of-drainage\/#primaryimage\"},\"thumbnailUrl\":\"https:\/\/xymen.pl\/wp-content\/uploads\/2023\/03\/oczyszczalnia-4000l-drenaz-72mb.png\",\"datePublished\":\"2023-03-24T10:00:50+00:00\",\"breadcrumb\":{\"@id\":\"https:\/\/xymen.pl\/en\/product\/marseplast-water-4-0-4000l-domestic-sewage-treatment-plant-72-m-of-drainage\/#breadcrumb\"},\"inLanguage\":\"en-US\",\"potentialAction\":[{\"@type\":\"ReadAction\",\"target\":[\"https:\/\/xymen.pl\/en\/product\/marseplast-water-4-0-4000l-domestic-sewage-treatment-plant-72-m-of-drainage\/\"]}]},{\"@type\":\"ImageObject\",\"inLanguage\":\"en-US\",\"@id\":\"https:\/\/xymen.pl\/en\/product\/marseplast-water-4-0-4000l-domestic-sewage-treatment-plant-72-m-of-drainage\/#primaryimage\",\"url\":\"https:\/\/xymen.pl\/wp-content\/uploads\/2023\/03\/oczyszczalnia-4000l-drenaz-72mb.png\",\"contentUrl\":\"https:\/\/xymen.pl\/wp-content\/uploads\/2023\/03\/oczyszczalnia-4000l-drenaz-72mb.png\",\"width\":800,\"height\":816,\"caption\":\"4000 l treatment plant, 72 m drainage, domestic sewage treatment plants, biological treatment plant, ecological treatment plant\"},{\"@type\":\"BreadcrumbList\",\"@id\":\"https:\/\/xymen.pl\/en\/product\/marseplast-water-4-0-4000l-domestic-sewage-treatment-plant-72-m-of-drainage\/#breadcrumb\",\"itemListElement\":[{\"@type\":\"ListItem\",\"position\":1,\"name\":\"Products\",\"item\":\"https:\/\/xymen.pl\/en\/products\/\"},{\"@type\":\"ListItem\",\"position\":2,\"name\":\"MARSEPLAST Water 4.0 4000L domestic sewage treatment plant, 72 m of drainage\"}]},{\"@type\":\"WebSite\",\"@id\":\"https:\/\/xymen.pl\/en\/#website\",\"url\":\"https:\/\/xymen.pl\/en\/\",\"name\":\"XYMEN\",\"description\":\"zbiorniki na deszcz\u00f3wk\u0119 | ekologiczne oczyszczalnie \u015bciek\u00f3w\",\"publisher\":{\"@id\":\"https:\/\/xymen.pl\/en\/#organization\"},\"potentialAction\":[{\"@type\":\"SearchAction\",\"target\":{\"@type\":\"EntryPoint\",\"urlTemplate\":\"https:\/\/xymen.pl\/en\/?s={search_term_string}\"},\"query-input\":{\"@type\":\"PropertyValueSpecification\",\"valueRequired\":true,\"valueName\":\"search_term_string\"}}],\"inLanguage\":\"en-US\"},{\"@type\":\"Organization\",\"@id\":\"https:\/\/xymen.pl\/en\/#organization\",\"name\":\"XYMEN\",\"url\":\"https:\/\/xymen.pl\/en\/\",\"logo\":{\"@type\":\"ImageObject\",\"inLanguage\":\"en-US\",\"@id\":\"https:\/\/xymen.pl\/en\/#\/schema\/logo\/image\/\",\"url\":\"https:\/\/xymen.pl\/wp-content\/uploads\/2023\/02\/xymenpl-logo-1612299642.png\",\"contentUrl\":\"https:\/\/xymen.pl\/wp-content\/uploads\/2023\/02\/xymenpl-logo-1612299642.png\",\"width\":222,\"height\":218,\"caption\":\"XYMEN\"},\"image\":{\"@id\":\"https:\/\/xymen.pl\/en\/#\/schema\/logo\/image\/\"}}]}<\/script>\n<!-- \/ Yoast SEO plugin. -->","yoast_head_json":{"title":"MARSEPLAST Water 4.0 4000L domestic sewage treatment plant, 72 m of drainage | XYMEN","robots":{"index":"index","follow":"follow","max-snippet":"max-snippet:-1","max-image-preview":"max-image-preview:large","max-video-preview":"max-video-preview:-1"},"canonical":"https:\/\/xymen.pl\/en\/product\/marseplast-water-4-0-4000l-domestic-sewage-treatment-plant-72-m-of-drainage\/","og_locale":"en_US","og_type":"article","og_title":"MARSEPLAST Water 4.0 4000L domestic sewage treatment plant, 72 m of drainage","og_description":"MARSEPLAST Water 4.0 4000L drainage 72mb with tunnels \u2013 a modern solution for effective wastewater management. Our treatment plant integrates advanced tunnel systems, guaranteeing reliability and minimal environmental impact.","og_url":"https:\/\/xymen.pl\/en\/product\/marseplast-water-4-0-4000l-domestic-sewage-treatment-plant-72-m-of-drainage\/","og_site_name":"XYMEN","og_image":[{"url":"https:\/\/xymen.pl\/wp-content\/uploads\/2023\/03\/oczyszczalnia-4000l-drenaz-72mb-294x300.png","type":"","width":"","height":""}],"twitter_card":"summary_large_image","twitter_title":"MARSEPLAST Water 4.0 4000L domestic sewage treatment plant, 72 m of drainage","twitter_description":"MARSEPLAST Water 4.0 4000L drainage 72mb with tunnels \u2013 a modern solution for effective wastewater management. Our treatment plant integrates advanced tunnel systems, guaranteeing reliability and minimal environmental impact.","twitter_image":"https:\/\/xymen.pl\/wp-content\/uploads\/2023\/03\/oczyszczalnia-4000l-drenaz-72mb.png","twitter_misc":{"Est. reading time":"1 minute"},"schema":{"@context":"https:\/\/schema.org","@graph":[{"@type":"WebPage","@id":"https:\/\/xymen.pl\/en\/product\/marseplast-water-4-0-4000l-domestic-sewage-treatment-plant-72-m-of-drainage\/","url":"https:\/\/xymen.pl\/en\/product\/marseplast-water-4-0-4000l-domestic-sewage-treatment-plant-72-m-of-drainage\/","name":"MARSEPLAST Water 4.0 4000L domestic sewage treatment plant, 72 m of drainage | XYMEN","isPartOf":{"@id":"https:\/\/xymen.pl\/en\/#website"},"primaryImageOfPage":{"@id":"https:\/\/xymen.pl\/en\/product\/marseplast-water-4-0-4000l-domestic-sewage-treatment-plant-72-m-of-drainage\/#primaryimage"},"image":{"@id":"https:\/\/xymen.pl\/en\/product\/marseplast-water-4-0-4000l-domestic-sewage-treatment-plant-72-m-of-drainage\/#primaryimage"},"thumbnailUrl":"https:\/\/xymen.pl\/wp-content\/uploads\/2023\/03\/oczyszczalnia-4000l-drenaz-72mb.png","datePublished":"2023-03-24T10:00:50+00:00","breadcrumb":{"@id":"https:\/\/xymen.pl\/en\/product\/marseplast-water-4-0-4000l-domestic-sewage-treatment-plant-72-m-of-drainage\/#breadcrumb"},"inLanguage":"en-US","potentialAction":[{"@type":"ReadAction","target":["https:\/\/xymen.pl\/en\/product\/marseplast-water-4-0-4000l-domestic-sewage-treatment-plant-72-m-of-drainage\/"]}]},{"@type":"ImageObject","inLanguage":"en-US","@id":"https:\/\/xymen.pl\/en\/product\/marseplast-water-4-0-4000l-domestic-sewage-treatment-plant-72-m-of-drainage\/#primaryimage","url":"https:\/\/xymen.pl\/wp-content\/uploads\/2023\/03\/oczyszczalnia-4000l-drenaz-72mb.png","contentUrl":"https:\/\/xymen.pl\/wp-content\/uploads\/2023\/03\/oczyszczalnia-4000l-drenaz-72mb.png","width":800,"height":816,"caption":"4000 l treatment plant, 72 m drainage, domestic sewage treatment plants, biological treatment plant, ecological treatment plant"},{"@type":"BreadcrumbList","@id":"https:\/\/xymen.pl\/en\/product\/marseplast-water-4-0-4000l-domestic-sewage-treatment-plant-72-m-of-drainage\/#breadcrumb","itemListElement":[{"@type":"ListItem","position":1,"name":"Products","item":"https:\/\/xymen.pl\/en\/products\/"},{"@type":"ListItem","position":2,"name":"MARSEPLAST Water 4.0 4000L domestic sewage treatment plant, 72 m of drainage"}]},{"@type":"WebSite","@id":"https:\/\/xymen.pl\/en\/#website","url":"https:\/\/xymen.pl\/en\/","name":"XYMEN","description":"zbiorniki na deszcz\u00f3wk\u0119 | ekologiczne oczyszczalnie \u015bciek\u00f3w","publisher":{"@id":"https:\/\/xymen.pl\/en\/#organization"},"potentialAction":[{"@type":"SearchAction","target":{"@type":"EntryPoint","urlTemplate":"https:\/\/xymen.pl\/en\/?s={search_term_string}"},"query-input":{"@type":"PropertyValueSpecification","valueRequired":true,"valueName":"search_term_string"}}],"inLanguage":"en-US"},{"@type":"Organization","@id":"https:\/\/xymen.pl\/en\/#organization","name":"XYMEN","url":"https:\/\/xymen.pl\/en\/","logo":{"@type":"ImageObject","inLanguage":"en-US","@id":"https:\/\/xymen.pl\/en\/#\/schema\/logo\/image\/","url":"https:\/\/xymen.pl\/wp-content\/uploads\/2023\/02\/xymenpl-logo-1612299642.png","contentUrl":"https:\/\/xymen.pl\/wp-content\/uploads\/2023\/02\/xymenpl-logo-1612299642.png","width":222,"height":218,"caption":"XYMEN"},"image":{"@id":"https:\/\/xymen.pl\/en\/#\/schema\/logo\/image\/"}}]}},"_links":{"self":[{"href":"https:\/\/xymen.pl\/en\/wp-json\/wp\/v2\/product\/17703","targetHints":{"allow":["GET"]}}],"collection":[{"href":"https:\/\/xymen.pl\/en\/wp-json\/wp\/v2\/product"}],"about":[{"href":"https:\/\/xymen.pl\/en\/wp-json\/wp\/v2\/types\/product"}],"replies":[{"embeddable":true,"href":"https:\/\/xymen.pl\/en\/wp-json\/wp\/v2\/comments?post=17703"}],"wp:featuredmedia":[{"embeddable":true,"href":"https:\/\/xymen.pl\/en\/wp-json\/wp\/v2\/media\/14595"}],"wp:attachment":[{"href":"https:\/\/xymen.pl\/en\/wp-json\/wp\/v2\/media?parent=17703"}],"wp:term":[{"taxonomy":"product_brand","embeddable":true,"href":"https:\/\/xymen.pl\/en\/wp-json\/wp\/v2\/product_brand?post=17703"},{"taxonomy":"product_cat","embeddable":true,"href":"https:\/\/xymen.pl\/en\/wp-json\/wp\/v2\/product_cat?post=17703"},{"taxonomy":"product_tag","embeddable":true,"href":"https:\/\/xymen.pl\/en\/wp-json\/wp\/v2\/product_tag?post=17703"}],"curies":[{"name":"wp","href":"https:\/\/api.w.org\/{rel}","templated":true}]}}