{"id":17723,"date":"2023-03-24T11:02:41","date_gmt":"2023-03-24T10:02:41","guid":{"rendered":"https:\/\/xymen.pl\/produkt\/5000l-fuel-oil-tank-2\/"},"modified":"2023-03-24T11:02:41","modified_gmt":"2023-03-24T10:02:41","slug":"5000l-fuel-oil-tank-2","status":"publish","type":"product","link":"https:\/\/xymen.pl\/en\/product\/5000l-fuel-oil-tank-2\/","title":{"rendered":"5000L fuel oil tank"},"content":{"rendered":"<p><img decoding=\"async\" class=\"alignnone size-medium wp-image-2761\" src=\"https:\/\/xymen.pl\/wp-content\/uploads\/2023\/03\/6-1-300x156.jpg\" alt=\"\" width=\"300\" height=\"156\" srcset=\"https:\/\/xymen.pl\/wp-content\/uploads\/2023\/03\/6-1-300x156.jpg 300w, https:\/\/xymen.pl\/wp-content\/uploads\/2023\/03\/6-1.jpg 340w\" sizes=\"(max-width: 300px) 100vw, 300px\" \/><\/p>\n<p>A double-walled tank with a capacity of 5000L is the perfect solution for storing heating oil. The double-walled construction not only protects against leaks, but the additional space between the walls also protects against extreme temperatures in both summer and winter. <\/p>\n<p>Uniform and durable construction \u2013 no welding or joining, which ensures excellent impact resistance. It is also possible to connect tanks, which allows for the storage of larger quantities of fuel oil. <\/p>\n<p>The tanks are made of high-quality polyethylene, which makes them resistant to weather conditions and UV radiation.<\/p>\n<p><strong>Tank Dimensions:<\/strong><\/p>\n<table width=\"275\">\n<tbody>\n<tr>\n<td>Diameter<\/td>\n<td>Height<\/td>\n<td>Capacity<\/td>\n<\/tr>\n<tr>\n<td> 2,23m<\/td>\n<td> 2,34m<\/td>\n<td> 5000 l<\/td>\n<\/tr>\n<\/tbody>\n<\/table>\n<p>&nbsp;<\/p>\n<p><strong>Standard Equipment:<\/strong><\/p>\n<p>&#8211; 16&#8243; inspection hatch in the inner tank, accessible after dismantling the tank (only in 3500 l, 5000 l, and 9000 l capacities)<\/p>\n<p>&#8211; 4\u201d inspection hatch in internal tank<\/p>\n<p>&#8211; Inspection hatch in the 16&#8243; external tank with closure option<\/p>\n<p>&#8211; 2&#8243; externally threaded connector in the inner tank<\/p>\n<p>&#8211; Wireless oil level indicator with integrated leak sensor<\/p>\n<p>The manufacturer provides a 10-year warranty for the tank and a 2-year warranty for the equipment.<\/p>\n","protected":false},"excerpt":{"rendered":"<p>5000L fuel oil tank<\/p>\n","protected":false},"featured_media":2473,"comment_status":"open","ping_status":"closed","template":"","meta":{"_acf_changed":false,"_glsr_average":0,"_glsr_ranking":0,"_glsr_reviews":0},"product_brand":[],"product_cat":[506,503],"product_tag":[361,381],"class_list":{"0":"post-17723","1":"product","2":"type-product","3":"status-publish","4":"has-post-thumbnail","6":"product_cat-5000-l-en-5","7":"product_cat-fuel-oil-tanks","8":"product_tag-kingspan-en","9":"product_tag-with-variants","11":"first","12":"instock","13":"taxable","14":"shipping-taxable","15":"purchasable","16":"product-type-variable","17":"has-default-attributes"},"acf":{"xymen_capacity":""},"yoast_head":"<!-- This site is optimized with the Yoast SEO plugin v27.1.1 - https:\/\/yoast.com\/product\/yoast-seo-wordpress\/ -->\n<title>5000L fuel oil tank | XYMEN<\/title>\n<meta name=\"description\" content=\"The KINGSPAN 5000L fuel oil tank is used to store fuel for heating your home.\" \/>\n<meta name=\"robots\" content=\"index, follow, max-snippet:-1, max-image-preview:large, max-video-preview:-1\" \/>\n<link rel=\"canonical\" href=\"https:\/\/xymen.pl\/en\/product\/5000l-fuel-oil-tank-2\/\" \/>\n<meta property=\"og:locale\" content=\"en_US\" \/>\n<meta property=\"og:type\" content=\"article\" \/>\n<meta property=\"og:title\" content=\"5000L fuel oil tank | XYMEN\" \/>\n<meta property=\"og:description\" content=\"The KINGSPAN 5000L fuel oil tank is used to store fuel for heating your home.\" \/>\n<meta property=\"og:url\" content=\"https:\/\/xymen.pl\/en\/product\/5000l-fuel-oil-tank-2\/\" \/>\n<meta property=\"og:site_name\" content=\"XYMEN\" \/>\n<meta property=\"og:image\" content=\"https:\/\/xymen.pl\/wp-content\/uploads\/2023\/03\/zbiornik-na-olej-opalowy-5000l-.jpg\" \/>\n\t<meta property=\"og:image:width\" content=\"1000\" \/>\n\t<meta property=\"og:image:height\" content=\"1063\" \/>\n\t<meta property=\"og:image:type\" content=\"image\/jpeg\" \/>\n<meta name=\"twitter:card\" content=\"summary_large_image\" \/>\n<meta name=\"twitter:label1\" content=\"Est. reading time\" \/>\n\t<meta name=\"twitter:data1\" content=\"1 minute\" \/>\n<script type=\"application\/ld+json\" class=\"yoast-schema-graph\">{\"@context\":\"https:\/\/schema.org\",\"@graph\":[{\"@type\":\"WebPage\",\"@id\":\"https:\/\/xymen.pl\/en\/product\/5000l-fuel-oil-tank-2\/\",\"url\":\"https:\/\/xymen.pl\/en\/product\/5000l-fuel-oil-tank-2\/\",\"name\":\"5000L fuel oil tank | XYMEN\",\"isPartOf\":{\"@id\":\"https:\/\/xymen.pl\/en\/#website\"},\"primaryImageOfPage\":{\"@id\":\"https:\/\/xymen.pl\/en\/product\/5000l-fuel-oil-tank-2\/#primaryimage\"},\"image\":{\"@id\":\"https:\/\/xymen.pl\/en\/product\/5000l-fuel-oil-tank-2\/#primaryimage\"},\"thumbnailUrl\":\"https:\/\/xymen.pl\/wp-content\/uploads\/2023\/03\/zbiornik-na-olej-opalowy-5000l-.jpg\",\"datePublished\":\"2023-03-24T10:02:41+00:00\",\"description\":\"The KINGSPAN 5000L fuel oil tank is used to store fuel for heating your home.\",\"breadcrumb\":{\"@id\":\"https:\/\/xymen.pl\/en\/product\/5000l-fuel-oil-tank-2\/#breadcrumb\"},\"inLanguage\":\"en-US\",\"potentialAction\":[{\"@type\":\"ReadAction\",\"target\":[\"https:\/\/xymen.pl\/en\/product\/5000l-fuel-oil-tank-2\/\"]}]},{\"@type\":\"ImageObject\",\"inLanguage\":\"en-US\",\"@id\":\"https:\/\/xymen.pl\/en\/product\/5000l-fuel-oil-tank-2\/#primaryimage\",\"url\":\"https:\/\/xymen.pl\/wp-content\/uploads\/2023\/03\/zbiornik-na-olej-opalowy-5000l-.jpg\",\"contentUrl\":\"https:\/\/xymen.pl\/wp-content\/uploads\/2023\/03\/zbiornik-na-olej-opalowy-5000l-.jpg\",\"width\":1000,\"height\":1063,\"caption\":\"zbiornik na olej opa\u0142owy 5000l, zbiornik na olej\"},{\"@type\":\"BreadcrumbList\",\"@id\":\"https:\/\/xymen.pl\/en\/product\/5000l-fuel-oil-tank-2\/#breadcrumb\",\"itemListElement\":[{\"@type\":\"ListItem\",\"position\":1,\"name\":\"Products\",\"item\":\"https:\/\/xymen.pl\/en\/products\/\"},{\"@type\":\"ListItem\",\"position\":2,\"name\":\"5000L fuel oil tank\"}]},{\"@type\":\"WebSite\",\"@id\":\"https:\/\/xymen.pl\/en\/#website\",\"url\":\"https:\/\/xymen.pl\/en\/\",\"name\":\"XYMEN\",\"description\":\"zbiorniki na deszcz\u00f3wk\u0119 | ekologiczne oczyszczalnie \u015bciek\u00f3w\",\"publisher\":{\"@id\":\"https:\/\/xymen.pl\/en\/#organization\"},\"potentialAction\":[{\"@type\":\"SearchAction\",\"target\":{\"@type\":\"EntryPoint\",\"urlTemplate\":\"https:\/\/xymen.pl\/en\/?s={search_term_string}\"},\"query-input\":{\"@type\":\"PropertyValueSpecification\",\"valueRequired\":true,\"valueName\":\"search_term_string\"}}],\"inLanguage\":\"en-US\"},{\"@type\":\"Organization\",\"@id\":\"https:\/\/xymen.pl\/en\/#organization\",\"name\":\"XYMEN\",\"url\":\"https:\/\/xymen.pl\/en\/\",\"logo\":{\"@type\":\"ImageObject\",\"inLanguage\":\"en-US\",\"@id\":\"https:\/\/xymen.pl\/en\/#\/schema\/logo\/image\/\",\"url\":\"https:\/\/xymen.pl\/wp-content\/uploads\/2023\/02\/xymenpl-logo-1612299642.png\",\"contentUrl\":\"https:\/\/xymen.pl\/wp-content\/uploads\/2023\/02\/xymenpl-logo-1612299642.png\",\"width\":222,\"height\":218,\"caption\":\"XYMEN\"},\"image\":{\"@id\":\"https:\/\/xymen.pl\/en\/#\/schema\/logo\/image\/\"}}]}<\/script>\n<!-- \/ Yoast SEO plugin. -->","yoast_head_json":{"title":"5000L fuel oil tank | XYMEN","description":"The KINGSPAN 5000L fuel oil tank is used to store fuel for heating your home.","robots":{"index":"index","follow":"follow","max-snippet":"max-snippet:-1","max-image-preview":"max-image-preview:large","max-video-preview":"max-video-preview:-1"},"canonical":"https:\/\/xymen.pl\/en\/product\/5000l-fuel-oil-tank-2\/","og_locale":"en_US","og_type":"article","og_title":"5000L fuel oil tank | XYMEN","og_description":"The KINGSPAN 5000L fuel oil tank is used to store fuel for heating your home.","og_url":"https:\/\/xymen.pl\/en\/product\/5000l-fuel-oil-tank-2\/","og_site_name":"XYMEN","og_image":[{"width":1000,"height":1063,"url":"https:\/\/xymen.pl\/wp-content\/uploads\/2023\/03\/zbiornik-na-olej-opalowy-5000l-.jpg","type":"image\/jpeg"}],"twitter_card":"summary_large_image","twitter_misc":{"Est. reading time":"1 minute"},"schema":{"@context":"https:\/\/schema.org","@graph":[{"@type":"WebPage","@id":"https:\/\/xymen.pl\/en\/product\/5000l-fuel-oil-tank-2\/","url":"https:\/\/xymen.pl\/en\/product\/5000l-fuel-oil-tank-2\/","name":"5000L fuel oil tank | XYMEN","isPartOf":{"@id":"https:\/\/xymen.pl\/en\/#website"},"primaryImageOfPage":{"@id":"https:\/\/xymen.pl\/en\/product\/5000l-fuel-oil-tank-2\/#primaryimage"},"image":{"@id":"https:\/\/xymen.pl\/en\/product\/5000l-fuel-oil-tank-2\/#primaryimage"},"thumbnailUrl":"https:\/\/xymen.pl\/wp-content\/uploads\/2023\/03\/zbiornik-na-olej-opalowy-5000l-.jpg","datePublished":"2023-03-24T10:02:41+00:00","description":"The KINGSPAN 5000L fuel oil tank is used to store fuel for heating your home.","breadcrumb":{"@id":"https:\/\/xymen.pl\/en\/product\/5000l-fuel-oil-tank-2\/#breadcrumb"},"inLanguage":"en-US","potentialAction":[{"@type":"ReadAction","target":["https:\/\/xymen.pl\/en\/product\/5000l-fuel-oil-tank-2\/"]}]},{"@type":"ImageObject","inLanguage":"en-US","@id":"https:\/\/xymen.pl\/en\/product\/5000l-fuel-oil-tank-2\/#primaryimage","url":"https:\/\/xymen.pl\/wp-content\/uploads\/2023\/03\/zbiornik-na-olej-opalowy-5000l-.jpg","contentUrl":"https:\/\/xymen.pl\/wp-content\/uploads\/2023\/03\/zbiornik-na-olej-opalowy-5000l-.jpg","width":1000,"height":1063,"caption":"zbiornik na olej opa\u0142owy 5000l, zbiornik na olej"},{"@type":"BreadcrumbList","@id":"https:\/\/xymen.pl\/en\/product\/5000l-fuel-oil-tank-2\/#breadcrumb","itemListElement":[{"@type":"ListItem","position":1,"name":"Products","item":"https:\/\/xymen.pl\/en\/products\/"},{"@type":"ListItem","position":2,"name":"5000L fuel oil tank"}]},{"@type":"WebSite","@id":"https:\/\/xymen.pl\/en\/#website","url":"https:\/\/xymen.pl\/en\/","name":"XYMEN","description":"zbiorniki na deszcz\u00f3wk\u0119 | ekologiczne oczyszczalnie \u015bciek\u00f3w","publisher":{"@id":"https:\/\/xymen.pl\/en\/#organization"},"potentialAction":[{"@type":"SearchAction","target":{"@type":"EntryPoint","urlTemplate":"https:\/\/xymen.pl\/en\/?s={search_term_string}"},"query-input":{"@type":"PropertyValueSpecification","valueRequired":true,"valueName":"search_term_string"}}],"inLanguage":"en-US"},{"@type":"Organization","@id":"https:\/\/xymen.pl\/en\/#organization","name":"XYMEN","url":"https:\/\/xymen.pl\/en\/","logo":{"@type":"ImageObject","inLanguage":"en-US","@id":"https:\/\/xymen.pl\/en\/#\/schema\/logo\/image\/","url":"https:\/\/xymen.pl\/wp-content\/uploads\/2023\/02\/xymenpl-logo-1612299642.png","contentUrl":"https:\/\/xymen.pl\/wp-content\/uploads\/2023\/02\/xymenpl-logo-1612299642.png","width":222,"height":218,"caption":"XYMEN"},"image":{"@id":"https:\/\/xymen.pl\/en\/#\/schema\/logo\/image\/"}}]}},"_links":{"self":[{"href":"https:\/\/xymen.pl\/en\/wp-json\/wp\/v2\/product\/17723","targetHints":{"allow":["GET"]}}],"collection":[{"href":"https:\/\/xymen.pl\/en\/wp-json\/wp\/v2\/product"}],"about":[{"href":"https:\/\/xymen.pl\/en\/wp-json\/wp\/v2\/types\/product"}],"replies":[{"embeddable":true,"href":"https:\/\/xymen.pl\/en\/wp-json\/wp\/v2\/comments?post=17723"}],"wp:featuredmedia":[{"embeddable":true,"href":"https:\/\/xymen.pl\/en\/wp-json\/wp\/v2\/media\/2473"}],"wp:attachment":[{"href":"https:\/\/xymen.pl\/en\/wp-json\/wp\/v2\/media?parent=17723"}],"wp:term":[{"taxonomy":"product_brand","embeddable":true,"href":"https:\/\/xymen.pl\/en\/wp-json\/wp\/v2\/product_brand?post=17723"},{"taxonomy":"product_cat","embeddable":true,"href":"https:\/\/xymen.pl\/en\/wp-json\/wp\/v2\/product_cat?post=17723"},{"taxonomy":"product_tag","embeddable":true,"href":"https:\/\/xymen.pl\/en\/wp-json\/wp\/v2\/product_tag?post=17723"}],"curies":[{"name":"wp","href":"https:\/\/api.w.org\/{rel}","templated":true}]}}