{"id":17784,"date":"2023-03-24T11:02:38","date_gmt":"2023-03-24T10:02:38","guid":{"rendered":"https:\/\/xymen.pl\/produkt\/2500l-diesel-fuel-tank\/"},"modified":"2023-03-24T11:02:38","modified_gmt":"2023-03-24T10:02:38","slug":"2500l-diesel-fuel-tank","status":"publish","type":"product","link":"https:\/\/xymen.pl\/en\/product\/2500l-diesel-fuel-tank\/","title":{"rendered":"2500L diesel fuel tank"},"content":{"rendered":"<div id=\"description\" role=\"tabpanel\">\n<div class=\"main-p\">\n<div>\n<p style=\"text-align: left;\"><img decoding=\"async\" class=\"alignnone wp-image-5453\" src=\"https:\/\/xymen.pl\/wp-content\/uploads\/2023\/05\/manufacturer_23_1-300x64_preview_rev_1-1.png\" alt=\"\" width=\"170\" height=\"36\"><\/p>\n<p style=\"text-align: left;\"> Deso double-walled tanks with a capacity of 2500 liters for storing diesel fuel are the ideal solution for companies,<\/p>\n<p style=\"text-align: left;\">farmers and transport companies. The devices are manufactured from high-quality polyethylene in accordance with the latest European standards, which translates into safe oil storage. As a result, the tanks are resistant to changing weather conditions and UV radiation.  <\/p>\n<p>Having our own fuel distributor ensures our independence from fluctuating fuel prices, and purchasing fuel in bulk brings significant savings.<\/p>\n<\/div>\n<\/div>\n<h5>Standard Equipment:<\/h5>\n<div class=\"main-p\">\n<div class=\"text-p\">\n<h5>Diesel fuel pump<\/h5>\n<ul>\n<li>Capacity up to 72 l\/m<\/li>\n<li>Power supply 230V \/ 50Hz<\/li>\n<li>Power 500W<\/li>\n<li>Maximum current intensity 4.2A<\/li>\n<li>Connections 2 x f1&#8243;<\/li>\n<li>Built-in filter 100\u202f\u00b5m<\/li>\n<\/ul>\n<\/div>\n<div class=\"image-p\">\n<h5><img fetchpriority=\"high\" decoding=\"async\" class=\"alignleft wp-image-5427\" style=\"font-size: 16px; font-weight: 400;\" src=\"https:\/\/xymen.pl\/wp-content\/uploads\/2023\/03\/Panth_72a_preview_rev_1-300x300.png\" alt=\"\" width=\"233\" height=\"233\" srcset=\"https:\/\/xymen.pl\/wp-content\/uploads\/2023\/03\/Panth_72a_preview_rev_1-300x300.png 300w, https:\/\/xymen.pl\/wp-content\/uploads\/2023\/03\/Panth_72a_preview_rev_1-150x150.png 150w, https:\/\/xymen.pl\/wp-content\/uploads\/2023\/03\/Panth_72a_preview_rev_1-100x100.png 100w, https:\/\/xymen.pl\/wp-content\/uploads\/2023\/03\/Panth_72a_preview_rev_1-50x50.png 50w, https:\/\/xymen.pl\/wp-content\/uploads\/2023\/03\/Panth_72a_preview_rev_1.png 500w\" sizes=\"(max-width: 233px) 100vw, 233px\" \/><\/h5>\n<\/div>\n<\/div>\n<div class=\"main-p\">\n<div class=\"text-p\">\n<h5><\/h5>\n<h5><\/h5>\n<h5><\/h5>\n<h5><\/h5>\n<h5><\/h5>\n<h5><\/h5>\n<h5><\/h5>\n<h5><\/h5>\n<h5>K24 digital counter<\/h5>\n<ul>\n<li>M\/F threaded connection<\/li>\n<li>Possibility to rotate the display around its axis<\/li>\n<li>Displaying the partial counter from 0.1 to 99,999<\/li>\n<li>Displaying the total counter from 1 to 999,999<\/li>\n<li>Accuracy +\/- 1%<\/li>\n<li>Repeatability 0.2%<\/li>\n<li>Power supply: 2 x AAA<\/li>\n<\/ul>\n<p>&nbsp;<\/p>\n<\/div>\n<div class=\"image-p\">\n<h5><img decoding=\"async\" class=\"alignleft wp-image-5410\" style=\"font-size: 16px; font-weight: 400;\" src=\"https:\/\/xymen.pl\/wp-content\/uploads\/2023\/03\/K247photoAid-removed-background-300x300.png\" alt=\"\" width=\"233\" height=\"233\" srcset=\"https:\/\/xymen.pl\/wp-content\/uploads\/2023\/03\/K247photoAid-removed-background-300x300.png 300w, https:\/\/xymen.pl\/wp-content\/uploads\/2023\/03\/K247photoAid-removed-background-150x150.png 150w, https:\/\/xymen.pl\/wp-content\/uploads\/2023\/03\/K247photoAid-removed-background-100x100.png 100w, https:\/\/xymen.pl\/wp-content\/uploads\/2023\/03\/K247photoAid-removed-background-50x50.png 50w, https:\/\/xymen.pl\/wp-content\/uploads\/2023\/03\/K247photoAid-removed-background.png 600w\" sizes=\"(max-width: 233px) 100vw, 233px\" \/><\/h5>\n<\/div>\n<\/div>\n<div class=\"main-p\">\n<div class=\"text-p\">\n<h5><\/h5>\n<h5><\/h5>\n<h5><\/h5>\n<h5><\/h5>\n<h5><\/h5>\n<h5><\/h5>\n<h5><\/h5>\n<h5><\/h5>\n<h5>A60 automatic nozzle<\/h5>\n<ul>\n<li>Flow rate up to 70\u202fL\/min<\/li>\n<li>Connections F1&#8243; on a connector rotary 3\/4&#8243;\/1&#8243;<\/li>\n<li>Outer diameter of the spout: 25mm<\/li>\n<\/ul>\n<\/div>\n<div class=\"image-p\"><img loading=\"lazy\" decoding=\"async\" class=\"alignleft wp-image-5383\" src=\"https:\/\/xymen.pl\/wp-content\/uploads\/2023\/03\/pistolet-automatyczny-a60-piusi-1-300x300_preview_rev_1.png\" alt=\"\" width=\"233\" height=\"233\" srcset=\"https:\/\/xymen.pl\/wp-content\/uploads\/2023\/03\/pistolet-automatyczny-a60-piusi-1-300x300_preview_rev_1.png 300w, https:\/\/xymen.pl\/wp-content\/uploads\/2023\/03\/pistolet-automatyczny-a60-piusi-1-300x300_preview_rev_1-150x150.png 150w, https:\/\/xymen.pl\/wp-content\/uploads\/2023\/03\/pistolet-automatyczny-a60-piusi-1-300x300_preview_rev_1-100x100.png 100w, https:\/\/xymen.pl\/wp-content\/uploads\/2023\/03\/pistolet-automatyczny-a60-piusi-1-300x300_preview_rev_1-50x50.png 50w\" sizes=\"(max-width: 233px) 100vw, 233px\" \/><\/div>\n<\/div>\n<div class=\"main-p\">\n<div class=\"text-p\">\n<h5><\/h5>\n<h5><\/h5>\n<h5><\/h5>\n<h5><\/h5>\n<h5><\/h5>\n<h5><\/h5>\n<h5><\/h5>\n<h5>6m distribution hose<\/h5>\n<ul>\n<li>Working pressure up to 10 bar<\/li>\n<li>Inner diameter 19mm<\/li>\n<li>Outer diameter 27mm<\/li>\n<\/ul>\n<\/div>\n<div class=\"image-p\"><img loading=\"lazy\" decoding=\"async\" class=\"alignleft wp-image-5376\" src=\"https:\/\/xymen.pl\/wp-content\/uploads\/2023\/03\/waz-1_preview_rev_1-300x300.png\" alt=\"\" width=\"233\" height=\"233\" srcset=\"https:\/\/xymen.pl\/wp-content\/uploads\/2023\/03\/waz-1_preview_rev_1-300x300.png 300w, https:\/\/xymen.pl\/wp-content\/uploads\/2023\/03\/waz-1_preview_rev_1-150x150.png 150w, https:\/\/xymen.pl\/wp-content\/uploads\/2023\/03\/waz-1_preview_rev_1-100x100.png 100w, https:\/\/xymen.pl\/wp-content\/uploads\/2023\/03\/waz-1_preview_rev_1-50x50.png 50w, https:\/\/xymen.pl\/wp-content\/uploads\/2023\/03\/waz-1_preview_rev_1.png 500w\" sizes=\"(max-width: 233px) 100vw, 233px\" \/><\/div>\n<\/div>\n<div class=\"main-p\">\n<div class=\"text-p\">\n<h5><\/h5>\n<h5><\/h5>\n<h5><\/h5>\n<h5><\/h5>\n<h5><\/h5>\n<h5><\/h5>\n<h5><\/h5>\n<h5><\/h5>\n<h5>GWG maximum overfill sensor<\/h5>\n<\/div>\n<div class=\"image-p\"><img loading=\"lazy\" decoding=\"async\" class=\"alignnone wp-image-5395\" src=\"https:\/\/xymen.pl\/wp-content\/uploads\/2023\/05\/PhotoRoom-20220224_095711_2_preview_rev_1-211x300.png\" alt=\"\" width=\"155\" height=\"220\" srcset=\"https:\/\/xymen.pl\/wp-content\/uploads\/2023\/05\/PhotoRoom-20220224_095711_2_preview_rev_1-211x300.png 211w, https:\/\/xymen.pl\/wp-content\/uploads\/2023\/05\/PhotoRoom-20220224_095711_2_preview_rev_1.png 419w\" sizes=\"(max-width: 155px) 100vw, 155px\" \/><\/div>\n<\/div>\n<div class=\"main-p\">\n<div class=\"text-p\">\n<h5>Filter metal with separator water CFD 70-30<\/h5>\n<ul>\n<li>Flow rate up to 70\u202fL\/min<\/li>\n<li>2 x F1&#8243; connection<\/li>\n<li>Filtration degree 30\u00b5m<\/li>\n<\/ul>\n<\/div>\n<div class=\"image-p\"><img loading=\"lazy\" decoding=\"async\" class=\"alignnone wp-image-5389\" src=\"https:\/\/xymen.pl\/wp-content\/uploads\/2023\/05\/sep_z_gl_preview_rev_1-300x300.png\" alt=\"\" width=\"195\" height=\"195\" srcset=\"https:\/\/xymen.pl\/wp-content\/uploads\/2023\/05\/sep_z_gl_preview_rev_1-300x300.png 300w, https:\/\/xymen.pl\/wp-content\/uploads\/2023\/05\/sep_z_gl_preview_rev_1-150x150.png 150w, https:\/\/xymen.pl\/wp-content\/uploads\/2023\/05\/sep_z_gl_preview_rev_1-100x100.png 100w, https:\/\/xymen.pl\/wp-content\/uploads\/2023\/05\/sep_z_gl_preview_rev_1-50x50.png 50w, https:\/\/xymen.pl\/wp-content\/uploads\/2023\/05\/sep_z_gl_preview_rev_1.png 500w\" sizes=\"(max-width: 195px) 100vw, 195px\" \/><\/div>\n<\/div>\n<div class=\"main-p\">\n<div class=\"text-p\">\n<h5>Leakage sensor and level liquid WatchmanSonic Plus<\/h5>\n<ul>\n<li>Measurement of liquid level in a tank up to a height of 3 m<\/li>\n<li>Option to activate an audible alarm in the event of a detected leak<\/li>\n<li>Operating temperature from -10\u00b0C to +60\u00b0C<\/li>\n<li>Radio frequency 433MHz<\/li>\n<li>Ultrasonic range 0.5 m to 3 m<\/li>\n<li>Measurement accuracy +\/- 2%<\/li>\n<\/ul>\n<\/div>\n<div class=\"image-p\"><img loading=\"lazy\" decoding=\"async\" class=\"alignnone wp-image-5411\" src=\"https:\/\/xymen.pl\/wp-content\/uploads\/2023\/03\/Watchman-sonic-plusphotoAid-removed-background-235x300.png\" alt=\"\" width=\"178\" height=\"227\" srcset=\"https:\/\/xymen.pl\/wp-content\/uploads\/2023\/03\/Watchman-sonic-plusphotoAid-removed-background-235x300.png 235w, https:\/\/xymen.pl\/wp-content\/uploads\/2023\/03\/Watchman-sonic-plusphotoAid-removed-background.png 492w\" sizes=\"(max-width: 178px) 100vw, 178px\" \/><\/div>\n<\/div>\n<p>&nbsp;<\/p>\n<p>&nbsp;<\/p>\n<div id=\"description\" role=\"tabpanel\">\n<div class=\"main-p\">\n<div class=\"image-p\">\n<p>Tank dimensions:<\/p>\n<p>A : 1,95m<\/p>\n<p>B : 1,55m<\/p>\n<p>C : 2,31m<\/p>\n<p><img loading=\"lazy\" decoding=\"async\" class=\"alignnone size-medium wp-image-5847\" src=\"https:\/\/xymen.pl\/wp-content\/uploads\/2023\/03\/2500deso-300x287.png\" alt=\"\" width=\"300\" height=\"287\" srcset=\"https:\/\/xymen.pl\/wp-content\/uploads\/2023\/03\/2500deso-300x287.png 300w, https:\/\/xymen.pl\/wp-content\/uploads\/2023\/03\/2500deso.png 545w\" sizes=\"(max-width: 300px) 100vw, 300px\" \/><\/p>\n<div role=\"tabpanel\"><\/div>\n<p>&nbsp;<\/p>\n<p>&nbsp;<\/p>\n<div role=\"tabpanel\"><\/div>\n<div id=\"description\" role=\"tabpanel\">\n<p style=\"text-align: left;\"><span style=\"font-size: 16px;\">The manufacturer provides a 10-year warranty on the tank and 2 years on equipment.<\/span><\/p>\n<\/div>\n<\/div>\n<\/div>\n<\/div>\n<\/div>\n","protected":false},"excerpt":{"rendered":"<p>DESO 2500L diesel fuel tank<\/p>\n<p><span style=\"font-family: Verdana, sans-serif; font-size: 11.3333px;\">Lowest price 30 days before the reduction PLN 9,532.50 gross<\/span><\/p>\n","protected":false},"featured_media":14804,"comment_status":"open","ping_status":"closed","template":"","meta":{"_acf_changed":false,"_glsr_average":0,"_glsr_ranking":0,"_glsr_reviews":0},"product_brand":[],"product_cat":[399,386],"product_tag":[499,352],"class_list":{"0":"post-17784","1":"product","2":"type-product","3":"status-publish","4":"has-post-thumbnail","6":"product_cat-2500-l-en","7":"product_cat-diesel-fuel-tanks","8":"product_tag-deso-en","9":"product_tag-standard-en","11":"first","12":"instock","13":"taxable","14":"shipping-taxable","15":"purchasable","16":"product-type-simple"},"acf":{"xymen_capacity":""},"yoast_head":"<!-- This site is optimized with the Yoast SEO plugin v27.1.1 - https:\/\/yoast.com\/product\/yoast-seo-wordpress\/ -->\n<title>2500L diesel fuel tank | XYMEN<\/title>\n<meta name=\"robots\" content=\"index, follow, max-snippet:-1, max-image-preview:large, max-video-preview:-1\" \/>\n<link rel=\"canonical\" href=\"https:\/\/xymen.pl\/en\/product\/2500l-diesel-fuel-tank\/\" \/>\n<meta property=\"og:locale\" content=\"en_US\" \/>\n<meta property=\"og:type\" content=\"article\" \/>\n<meta property=\"og:title\" content=\"2500L diesel fuel tank\" \/>\n<meta property=\"og:description\" content=\"2500L diesel fuel tank \u2013 a robust solution for storing larger quantities of fuel. Offers secure storage, ideal for businesses and individual users.\" \/>\n<meta property=\"og:url\" content=\"https:\/\/xymen.pl\/en\/product\/2500l-diesel-fuel-tank\/\" \/>\n<meta property=\"og:site_name\" content=\"XYMEN\" \/>\n<meta property=\"og:image\" content=\"https:\/\/xymen.pl\/wp-content\/uploads\/2023\/03\/zbiornik-na-olej-napedowy-2500l-5-300x300.jpg\" \/>\n<meta name=\"twitter:card\" content=\"summary_large_image\" \/>\n<meta name=\"twitter:title\" content=\"2500L diesel fuel tank\" \/>\n<meta name=\"twitter:description\" content=\"2500L diesel fuel tank \u2013 a robust solution for storing larger quantities of fuel. Offers secure storage, ideal for businesses and individual users.\" \/>\n<meta name=\"twitter:image\" content=\"https:\/\/xymen.pl\/wp-content\/uploads\/2023\/03\/zbiornik-na-olej-napedowy-2500l-5.jpg\" \/>\n<meta name=\"twitter:label1\" content=\"Est. reading time\" \/>\n\t<meta name=\"twitter:data1\" content=\"1 minute\" \/>\n<script type=\"application\/ld+json\" class=\"yoast-schema-graph\">{\"@context\":\"https:\/\/schema.org\",\"@graph\":[{\"@type\":\"WebPage\",\"@id\":\"https:\/\/xymen.pl\/en\/product\/2500l-diesel-fuel-tank\/\",\"url\":\"https:\/\/xymen.pl\/en\/product\/2500l-diesel-fuel-tank\/\",\"name\":\"2500L diesel fuel tank | XYMEN\",\"isPartOf\":{\"@id\":\"https:\/\/xymen.pl\/en\/#website\"},\"primaryImageOfPage\":{\"@id\":\"https:\/\/xymen.pl\/en\/product\/2500l-diesel-fuel-tank\/#primaryimage\"},\"image\":{\"@id\":\"https:\/\/xymen.pl\/en\/product\/2500l-diesel-fuel-tank\/#primaryimage\"},\"thumbnailUrl\":\"https:\/\/xymen.pl\/wp-content\/uploads\/2023\/03\/zbiornik-na-olej-napedowy-2500l-5.jpg\",\"datePublished\":\"2023-03-24T10:02:38+00:00\",\"breadcrumb\":{\"@id\":\"https:\/\/xymen.pl\/en\/product\/2500l-diesel-fuel-tank\/#breadcrumb\"},\"inLanguage\":\"en-US\",\"potentialAction\":[{\"@type\":\"ReadAction\",\"target\":[\"https:\/\/xymen.pl\/en\/product\/2500l-diesel-fuel-tank\/\"]}]},{\"@type\":\"ImageObject\",\"inLanguage\":\"en-US\",\"@id\":\"https:\/\/xymen.pl\/en\/product\/2500l-diesel-fuel-tank\/#primaryimage\",\"url\":\"https:\/\/xymen.pl\/wp-content\/uploads\/2023\/03\/zbiornik-na-olej-napedowy-2500l-5.jpg\",\"contentUrl\":\"https:\/\/xymen.pl\/wp-content\/uploads\/2023\/03\/zbiornik-na-olej-napedowy-2500l-5.jpg\",\"width\":800,\"height\":800,\"caption\":\"deso 2500l, diesel fuel tank, oil tank\"},{\"@type\":\"BreadcrumbList\",\"@id\":\"https:\/\/xymen.pl\/en\/product\/2500l-diesel-fuel-tank\/#breadcrumb\",\"itemListElement\":[{\"@type\":\"ListItem\",\"position\":1,\"name\":\"Products\",\"item\":\"https:\/\/xymen.pl\/en\/products\/\"},{\"@type\":\"ListItem\",\"position\":2,\"name\":\"2500L diesel fuel tank\"}]},{\"@type\":\"WebSite\",\"@id\":\"https:\/\/xymen.pl\/en\/#website\",\"url\":\"https:\/\/xymen.pl\/en\/\",\"name\":\"XYMEN\",\"description\":\"zbiorniki na deszcz\u00f3wk\u0119 | ekologiczne oczyszczalnie \u015bciek\u00f3w\",\"publisher\":{\"@id\":\"https:\/\/xymen.pl\/en\/#organization\"},\"potentialAction\":[{\"@type\":\"SearchAction\",\"target\":{\"@type\":\"EntryPoint\",\"urlTemplate\":\"https:\/\/xymen.pl\/en\/?s={search_term_string}\"},\"query-input\":{\"@type\":\"PropertyValueSpecification\",\"valueRequired\":true,\"valueName\":\"search_term_string\"}}],\"inLanguage\":\"en-US\"},{\"@type\":\"Organization\",\"@id\":\"https:\/\/xymen.pl\/en\/#organization\",\"name\":\"XYMEN\",\"url\":\"https:\/\/xymen.pl\/en\/\",\"logo\":{\"@type\":\"ImageObject\",\"inLanguage\":\"en-US\",\"@id\":\"https:\/\/xymen.pl\/en\/#\/schema\/logo\/image\/\",\"url\":\"https:\/\/xymen.pl\/wp-content\/uploads\/2023\/02\/xymenpl-logo-1612299642.png\",\"contentUrl\":\"https:\/\/xymen.pl\/wp-content\/uploads\/2023\/02\/xymenpl-logo-1612299642.png\",\"width\":222,\"height\":218,\"caption\":\"XYMEN\"},\"image\":{\"@id\":\"https:\/\/xymen.pl\/en\/#\/schema\/logo\/image\/\"}}]}<\/script>\n<!-- \/ Yoast SEO plugin. -->","yoast_head_json":{"title":"2500L diesel fuel tank | XYMEN","robots":{"index":"index","follow":"follow","max-snippet":"max-snippet:-1","max-image-preview":"max-image-preview:large","max-video-preview":"max-video-preview:-1"},"canonical":"https:\/\/xymen.pl\/en\/product\/2500l-diesel-fuel-tank\/","og_locale":"en_US","og_type":"article","og_title":"2500L diesel fuel tank","og_description":"2500L diesel fuel tank \u2013 a robust solution for storing larger quantities of fuel. Offers secure storage, ideal for businesses and individual users.","og_url":"https:\/\/xymen.pl\/en\/product\/2500l-diesel-fuel-tank\/","og_site_name":"XYMEN","og_image":[{"url":"https:\/\/xymen.pl\/wp-content\/uploads\/2023\/03\/zbiornik-na-olej-napedowy-2500l-5-300x300.jpg","type":"","width":"","height":""}],"twitter_card":"summary_large_image","twitter_title":"2500L diesel fuel tank","twitter_description":"2500L diesel fuel tank \u2013 a robust solution for storing larger quantities of fuel. Offers secure storage, ideal for businesses and individual users.","twitter_image":"https:\/\/xymen.pl\/wp-content\/uploads\/2023\/03\/zbiornik-na-olej-napedowy-2500l-5.jpg","twitter_misc":{"Est. reading time":"1 minute"},"schema":{"@context":"https:\/\/schema.org","@graph":[{"@type":"WebPage","@id":"https:\/\/xymen.pl\/en\/product\/2500l-diesel-fuel-tank\/","url":"https:\/\/xymen.pl\/en\/product\/2500l-diesel-fuel-tank\/","name":"2500L diesel fuel tank | XYMEN","isPartOf":{"@id":"https:\/\/xymen.pl\/en\/#website"},"primaryImageOfPage":{"@id":"https:\/\/xymen.pl\/en\/product\/2500l-diesel-fuel-tank\/#primaryimage"},"image":{"@id":"https:\/\/xymen.pl\/en\/product\/2500l-diesel-fuel-tank\/#primaryimage"},"thumbnailUrl":"https:\/\/xymen.pl\/wp-content\/uploads\/2023\/03\/zbiornik-na-olej-napedowy-2500l-5.jpg","datePublished":"2023-03-24T10:02:38+00:00","breadcrumb":{"@id":"https:\/\/xymen.pl\/en\/product\/2500l-diesel-fuel-tank\/#breadcrumb"},"inLanguage":"en-US","potentialAction":[{"@type":"ReadAction","target":["https:\/\/xymen.pl\/en\/product\/2500l-diesel-fuel-tank\/"]}]},{"@type":"ImageObject","inLanguage":"en-US","@id":"https:\/\/xymen.pl\/en\/product\/2500l-diesel-fuel-tank\/#primaryimage","url":"https:\/\/xymen.pl\/wp-content\/uploads\/2023\/03\/zbiornik-na-olej-napedowy-2500l-5.jpg","contentUrl":"https:\/\/xymen.pl\/wp-content\/uploads\/2023\/03\/zbiornik-na-olej-napedowy-2500l-5.jpg","width":800,"height":800,"caption":"deso 2500l, diesel fuel tank, oil tank"},{"@type":"BreadcrumbList","@id":"https:\/\/xymen.pl\/en\/product\/2500l-diesel-fuel-tank\/#breadcrumb","itemListElement":[{"@type":"ListItem","position":1,"name":"Products","item":"https:\/\/xymen.pl\/en\/products\/"},{"@type":"ListItem","position":2,"name":"2500L diesel fuel tank"}]},{"@type":"WebSite","@id":"https:\/\/xymen.pl\/en\/#website","url":"https:\/\/xymen.pl\/en\/","name":"XYMEN","description":"zbiorniki na deszcz\u00f3wk\u0119 | ekologiczne oczyszczalnie \u015bciek\u00f3w","publisher":{"@id":"https:\/\/xymen.pl\/en\/#organization"},"potentialAction":[{"@type":"SearchAction","target":{"@type":"EntryPoint","urlTemplate":"https:\/\/xymen.pl\/en\/?s={search_term_string}"},"query-input":{"@type":"PropertyValueSpecification","valueRequired":true,"valueName":"search_term_string"}}],"inLanguage":"en-US"},{"@type":"Organization","@id":"https:\/\/xymen.pl\/en\/#organization","name":"XYMEN","url":"https:\/\/xymen.pl\/en\/","logo":{"@type":"ImageObject","inLanguage":"en-US","@id":"https:\/\/xymen.pl\/en\/#\/schema\/logo\/image\/","url":"https:\/\/xymen.pl\/wp-content\/uploads\/2023\/02\/xymenpl-logo-1612299642.png","contentUrl":"https:\/\/xymen.pl\/wp-content\/uploads\/2023\/02\/xymenpl-logo-1612299642.png","width":222,"height":218,"caption":"XYMEN"},"image":{"@id":"https:\/\/xymen.pl\/en\/#\/schema\/logo\/image\/"}}]}},"_links":{"self":[{"href":"https:\/\/xymen.pl\/en\/wp-json\/wp\/v2\/product\/17784","targetHints":{"allow":["GET"]}}],"collection":[{"href":"https:\/\/xymen.pl\/en\/wp-json\/wp\/v2\/product"}],"about":[{"href":"https:\/\/xymen.pl\/en\/wp-json\/wp\/v2\/types\/product"}],"replies":[{"embeddable":true,"href":"https:\/\/xymen.pl\/en\/wp-json\/wp\/v2\/comments?post=17784"}],"wp:featuredmedia":[{"embeddable":true,"href":"https:\/\/xymen.pl\/en\/wp-json\/wp\/v2\/media\/14804"}],"wp:attachment":[{"href":"https:\/\/xymen.pl\/en\/wp-json\/wp\/v2\/media?parent=17784"}],"wp:term":[{"taxonomy":"product_brand","embeddable":true,"href":"https:\/\/xymen.pl\/en\/wp-json\/wp\/v2\/product_brand?post=17784"},{"taxonomy":"product_cat","embeddable":true,"href":"https:\/\/xymen.pl\/en\/wp-json\/wp\/v2\/product_cat?post=17784"},{"taxonomy":"product_tag","embeddable":true,"href":"https:\/\/xymen.pl\/en\/wp-json\/wp\/v2\/product_tag?post=17784"}],"curies":[{"name":"wp","href":"https:\/\/api.w.org\/{rel}","templated":true}]}}