{"id":17787,"date":"2023-03-24T11:03:37","date_gmt":"2023-03-24T10:03:37","guid":{"rendered":"https:\/\/xymen.pl\/produkt\/kingspan-fuelmaster-2500l-diesel-fuel-tank\/"},"modified":"2023-03-24T11:03:37","modified_gmt":"2023-03-24T10:03:37","slug":"kingspan-fuelmaster-2500l-diesel-fuel-tank","status":"publish","type":"product","link":"https:\/\/xymen.pl\/en\/product\/kingspan-fuelmaster-2500l-diesel-fuel-tank\/","title":{"rendered":"Kingspan FuelMaster 2500L diesel fuel tank"},"content":{"rendered":"<p><img decoding=\"async\" class=\"alignnone wp-image-5449 size-full\" src=\"https:\/\/xymen.pl\/wp-content\/uploads\/2023\/05\/6_preview_rev_1-1.png\" alt=\"\" width=\"170\" height=\"89\"><\/p>\n<p>The double-walled FuelMaster tank with a capacity of 2500 liters for storage is the perfect solution for companies and individuals who own diesel-powered vehicles, such as construction equipment, agricultural machinery, and delivery trucks.<\/p>\n<p>The tanks are made of high-quality polyethylene, which guarantees the strength and durability of the product, making the tanks resistant to weather conditions and UV radiation.<\/p>\n<p>The double-walled design of the tank allows us to store the substance safely, and the lockable housing protects against unauthorized access.<\/p>\n<p>Having a storage tank allows us to buy diesel at wholesale prices, which saves us money and time.<\/p>\n<h5>Standard Equipment:<\/h5>\n<h5>Panther diesel fuel pump<\/h5>\n<ul>\n<li>Capacity up to 72 l\/m<\/li>\n<li>Power supply 230V \/ 50Hz<\/li>\n<li>Power 500W<\/li>\n<li>Maximum current intensity 4.2A<\/li>\n<li>2 x F1&#8243; connection<\/li>\n<li>Built-in filter 100\u202f\u00b5m<\/li>\n<\/ul>\n<p><img fetchpriority=\"high\" decoding=\"async\" class=\"alignnone wp-image-5375\" src=\"https:\/\/xymen.pl\/wp-content\/uploads\/2023\/03\/Panth_56a_preview_rev_1-300x300.png\" alt=\"\" width=\"233\" height=\"233\" srcset=\"https:\/\/xymen.pl\/wp-content\/uploads\/2023\/03\/Panth_56a_preview_rev_1-300x300.png 300w, https:\/\/xymen.pl\/wp-content\/uploads\/2023\/03\/Panth_56a_preview_rev_1-150x150.png 150w, https:\/\/xymen.pl\/wp-content\/uploads\/2023\/03\/Panth_56a_preview_rev_1-100x100.png 100w, https:\/\/xymen.pl\/wp-content\/uploads\/2023\/03\/Panth_56a_preview_rev_1-50x50.png 50w, https:\/\/xymen.pl\/wp-content\/uploads\/2023\/03\/Panth_56a_preview_rev_1.png 500w\" sizes=\"(max-width: 233px) 100vw, 233px\" \/><\/p>\n<h5>K24 digital counter<\/h5>\n<ul>\n<li>M\/F1&#8243; threaded connection<\/li>\n<li>Possibility to rotate the display around its axis<\/li>\n<li>Displaying the partial counter from 0.1 to 99999<\/li>\n<li>Displaying the total counter from 1 to 999,999<\/li>\n<li>Accuracy +\/- 1%<\/li>\n<li>Repeatability 0.2%<\/li>\n<li>Power supply: 2 x AAA<\/li>\n<\/ul>\n<p><img decoding=\"async\" class=\"alignnone wp-image-5394\" src=\"https:\/\/xymen.pl\/wp-content\/uploads\/2023\/05\/K24A_preview_rev_1-300x300.png\" alt=\"\" width=\"233\" height=\"233\" srcset=\"https:\/\/xymen.pl\/wp-content\/uploads\/2023\/05\/K24A_preview_rev_1-300x300.png 300w, https:\/\/xymen.pl\/wp-content\/uploads\/2023\/05\/K24A_preview_rev_1-150x150.png 150w, https:\/\/xymen.pl\/wp-content\/uploads\/2023\/05\/K24A_preview_rev_1-100x100.png 100w, https:\/\/xymen.pl\/wp-content\/uploads\/2023\/05\/K24A_preview_rev_1-50x50.png 50w, https:\/\/xymen.pl\/wp-content\/uploads\/2023\/05\/K24A_preview_rev_1.png 500w\" sizes=\"(max-width: 233px) 100vw, 233px\" \/><\/p>\n<p>&nbsp;<\/p>\n<p>&nbsp;<\/p>\n<p>&nbsp;<\/p>\n<h5>A60 automatic nozzle<\/h5>\n<ul>\n<li>Flow rate up to 70\u202fL\/min<\/li>\n<li>Connection F1&#8243; on a connector rotary 3\/4&#8243;1&#8243;<\/li>\n<li>Outer diameter of the spout: 25mm<\/li>\n<\/ul>\n<p><img loading=\"lazy\" decoding=\"async\" class=\"alignnone wp-image-5383\" src=\"https:\/\/xymen.pl\/wp-content\/uploads\/2023\/03\/pistolet-automatyczny-a60-piusi-1-300x300_preview_rev_1.png\" alt=\"\" width=\"233\" height=\"233\" srcset=\"https:\/\/xymen.pl\/wp-content\/uploads\/2023\/03\/pistolet-automatyczny-a60-piusi-1-300x300_preview_rev_1.png 300w, https:\/\/xymen.pl\/wp-content\/uploads\/2023\/03\/pistolet-automatyczny-a60-piusi-1-300x300_preview_rev_1-150x150.png 150w, https:\/\/xymen.pl\/wp-content\/uploads\/2023\/03\/pistolet-automatyczny-a60-piusi-1-300x300_preview_rev_1-100x100.png 100w, https:\/\/xymen.pl\/wp-content\/uploads\/2023\/03\/pistolet-automatyczny-a60-piusi-1-300x300_preview_rev_1-50x50.png 50w\" sizes=\"(max-width: 233px) 100vw, 233px\" \/><\/p>\n<h5>6mb 3\/4&#8243; distribution hose<\/h5>\n<ul>\n<li>Inner diameter 19mm<\/li>\n<li>Outer diameter 27mm<\/li>\n<\/ul>\n<p><img loading=\"lazy\" decoding=\"async\" class=\"alignnone wp-image-5376\" src=\"https:\/\/xymen.pl\/wp-content\/uploads\/2023\/03\/waz-1_preview_rev_1-300x300.png\" alt=\"\" width=\"233\" height=\"233\" srcset=\"https:\/\/xymen.pl\/wp-content\/uploads\/2023\/03\/waz-1_preview_rev_1-300x300.png 300w, https:\/\/xymen.pl\/wp-content\/uploads\/2023\/03\/waz-1_preview_rev_1-150x150.png 150w, https:\/\/xymen.pl\/wp-content\/uploads\/2023\/03\/waz-1_preview_rev_1-100x100.png 100w, https:\/\/xymen.pl\/wp-content\/uploads\/2023\/03\/waz-1_preview_rev_1-50x50.png 50w, https:\/\/xymen.pl\/wp-content\/uploads\/2023\/03\/waz-1_preview_rev_1.png 500w\" sizes=\"(max-width: 233px) 100vw, 233px\" \/><\/p>\n<p><strong>GWG maximum overfill sensor<\/strong><\/p>\n<p><img loading=\"lazy\" decoding=\"async\" class=\"alignnone wp-image-5395\" src=\"https:\/\/xymen.pl\/wp-content\/uploads\/2023\/05\/PhotoRoom-20220224_095711_2_preview_rev_1-211x300.png\" alt=\"\" width=\"148\" height=\"210\" srcset=\"https:\/\/xymen.pl\/wp-content\/uploads\/2023\/05\/PhotoRoom-20220224_095711_2_preview_rev_1-211x300.png 211w, https:\/\/xymen.pl\/wp-content\/uploads\/2023\/05\/PhotoRoom-20220224_095711_2_preview_rev_1.png 419w\" sizes=\"(max-width: 148px) 100vw, 148px\" \/><\/p>\n<h5>Leakage sensor and level liquid WatchmanSonic Plus<\/h5>\n<ul>\n<li>Measurement of liquid levels in tanks up to a height of 3m<\/li>\n<li>Option to activate an audible alarm in the event of a detected leak<\/li>\n<li>Operating temperature from &#8211; 10st to + 60st<\/li>\n<li>Radio frequency 433 MHz<\/li>\n<li>Ultrasonic range from 0.5 to 3m<\/li>\n<li>Measurement accuracy +\/- 2cm<\/li>\n<\/ul>\n<p><img loading=\"lazy\" decoding=\"async\" class=\"alignnone wp-image-5411\" src=\"https:\/\/xymen.pl\/wp-content\/uploads\/2023\/03\/Watchman-sonic-plusphotoAid-removed-background-235x300.png\" alt=\"\" width=\"180\" height=\"230\" srcset=\"https:\/\/xymen.pl\/wp-content\/uploads\/2023\/03\/Watchman-sonic-plusphotoAid-removed-background-235x300.png 235w, https:\/\/xymen.pl\/wp-content\/uploads\/2023\/03\/Watchman-sonic-plusphotoAid-removed-background.png 492w\" sizes=\"(max-width: 180px) 100vw, 180px\" \/><\/p>\n<p>&nbsp;<\/p>\n<div class=\"text-p\"><\/div>\n<div class=\"image-p\">\n<p>&nbsp;<\/p>\n<\/div>\n<h5>Filter metal with separator water CFD 70-30<\/h5>\n<ul>\n<li>Flow rate up to 70\u202fL\/min<\/li>\n<li>2 x F1&#8243; connection<\/li>\n<li>Filtration degree 30\u00b5m<\/li>\n<\/ul>\n<p><img loading=\"lazy\" decoding=\"async\" class=\"alignnone wp-image-5389\" src=\"https:\/\/xymen.pl\/wp-content\/uploads\/2023\/05\/sep_z_gl_preview_rev_1-300x300.png\" alt=\"\" width=\"182\" height=\"182\" srcset=\"https:\/\/xymen.pl\/wp-content\/uploads\/2023\/05\/sep_z_gl_preview_rev_1-300x300.png 300w, https:\/\/xymen.pl\/wp-content\/uploads\/2023\/05\/sep_z_gl_preview_rev_1-150x150.png 150w, https:\/\/xymen.pl\/wp-content\/uploads\/2023\/05\/sep_z_gl_preview_rev_1-100x100.png 100w, https:\/\/xymen.pl\/wp-content\/uploads\/2023\/05\/sep_z_gl_preview_rev_1-50x50.png 50w, https:\/\/xymen.pl\/wp-content\/uploads\/2023\/05\/sep_z_gl_preview_rev_1.png 500w\" sizes=\"(max-width: 182px) 100vw, 182px\" \/><\/p>\n<p>&nbsp;<\/p>\n<p>Tank dimensions:<\/p>\n<p>A : 2,00m<\/p>\n<p>B : 1,76<\/p>\n<p>C : 2,09m<\/p>\n<p><img loading=\"lazy\" decoding=\"async\" class=\"alignnone size-medium wp-image-5844\" src=\"https:\/\/xymen.pl\/wp-content\/uploads\/2023\/03\/2500king-284x300.png\" alt=\"\" width=\"284\" height=\"300\" srcset=\"https:\/\/xymen.pl\/wp-content\/uploads\/2023\/03\/2500king-284x300.png 284w, https:\/\/xymen.pl\/wp-content\/uploads\/2023\/03\/2500king.png 464w\" sizes=\"(max-width: 284px) 100vw, 284px\" \/><\/p>\n<p>The manufacturer provides a 10-year warranty for the tank and a 2-year warranty for the equipment.<\/p>\n<p style=\"margin-top: 0px; margin-bottom: 10px; text-align: left;\"><span style=\"font-weight: bolder;\">                <\/span><\/p>\n","protected":false},"excerpt":{"rendered":"<p>Kingspan 2500L diesel tank<\/p>\n","protected":false},"featured_media":14681,"comment_status":"open","ping_status":"closed","template":"","meta":{"_acf_changed":false,"_glsr_average":0,"_glsr_ranking":0,"_glsr_reviews":0},"product_brand":[],"product_cat":[399,386],"product_tag":[361,352],"class_list":{"0":"post-17787","1":"product","2":"type-product","3":"status-publish","4":"has-post-thumbnail","6":"product_cat-2500-l-en","7":"product_cat-diesel-fuel-tanks","8":"product_tag-kingspan-en","9":"product_tag-standard-en","11":"first","12":"instock","13":"taxable","14":"shipping-taxable","15":"purchasable","16":"product-type-simple"},"acf":{"xymen_capacity":""},"yoast_head":"<!-- This site is optimized with the Yoast SEO plugin v27.1.1 - https:\/\/yoast.com\/product\/yoast-seo-wordpress\/ -->\n<title>Kingspan FuelMaster 2500L diesel fuel tank | XYMEN<\/title>\n<meta name=\"description\" content=\"The KINGSPAN FuelMaster double-walled fuel tank with a capacity of 2500 liters for storing diesel fuel. Polish-made diesel tank - 10-year warranty.\" \/>\n<meta name=\"robots\" content=\"index, follow, max-snippet:-1, max-image-preview:large, max-video-preview:-1\" \/>\n<link rel=\"canonical\" href=\"https:\/\/xymen.pl\/en\/product\/kingspan-fuelmaster-2500l-diesel-fuel-tank\/\" \/>\n<meta property=\"og:locale\" content=\"en_US\" \/>\n<meta property=\"og:type\" content=\"article\" \/>\n<meta property=\"og:title\" content=\"Kingspan 2500L diesel tank\" \/>\n<meta property=\"og:description\" content=\"The Kingspan 2500L diesel tank is a robust and durable solution for storing larger quantities of fuel. It offers a large capacity and durable construction for safe fuel storage.\" \/>\n<meta property=\"og:url\" content=\"https:\/\/xymen.pl\/en\/product\/kingspan-fuelmaster-2500l-diesel-fuel-tank\/\" \/>\n<meta property=\"og:site_name\" content=\"XYMEN\" \/>\n<meta property=\"og:image\" content=\"https:\/\/xymen.pl\/wp-content\/uploads\/2023\/03\/zbiornik-na-olej-napedowy-kingspan-2500l-300x300.png\" \/>\n<meta name=\"twitter:card\" content=\"summary_large_image\" \/>\n<meta name=\"twitter:title\" content=\"Kingspan 2500L diesel tank\" \/>\n<meta name=\"twitter:description\" content=\"The Kingspan 2500L diesel tank is a robust and durable solution for storing larger quantities of fuel. It offers a large capacity and durable construction for safe fuel storage.\" \/>\n<meta name=\"twitter:image\" content=\"https:\/\/xymen.pl\/wp-content\/uploads\/2023\/03\/zbiornik-na-olej-napedowy-kingspan-2500l-1024x1024.png\" \/>\n<meta name=\"twitter:label1\" content=\"Est. reading time\" \/>\n\t<meta name=\"twitter:data1\" content=\"1 minute\" \/>\n<script type=\"application\/ld+json\" class=\"yoast-schema-graph\">{\"@context\":\"https:\/\/schema.org\",\"@graph\":[{\"@type\":\"WebPage\",\"@id\":\"https:\/\/xymen.pl\/en\/product\/kingspan-fuelmaster-2500l-diesel-fuel-tank\/\",\"url\":\"https:\/\/xymen.pl\/en\/product\/kingspan-fuelmaster-2500l-diesel-fuel-tank\/\",\"name\":\"Kingspan FuelMaster 2500L diesel fuel tank | XYMEN\",\"isPartOf\":{\"@id\":\"https:\/\/xymen.pl\/en\/#website\"},\"primaryImageOfPage\":{\"@id\":\"https:\/\/xymen.pl\/en\/product\/kingspan-fuelmaster-2500l-diesel-fuel-tank\/#primaryimage\"},\"image\":{\"@id\":\"https:\/\/xymen.pl\/en\/product\/kingspan-fuelmaster-2500l-diesel-fuel-tank\/#primaryimage\"},\"thumbnailUrl\":\"https:\/\/xymen.pl\/wp-content\/uploads\/2023\/03\/zbiornik-na-olej-napedowy-kingspan-2500l.png\",\"datePublished\":\"2023-03-24T10:03:37+00:00\",\"description\":\"The KINGSPAN FuelMaster double-walled fuel tank with a capacity of 2500 liters for storing diesel fuel. Polish-made diesel tank - 10-year warranty.\",\"breadcrumb\":{\"@id\":\"https:\/\/xymen.pl\/en\/product\/kingspan-fuelmaster-2500l-diesel-fuel-tank\/#breadcrumb\"},\"inLanguage\":\"en-US\",\"potentialAction\":[{\"@type\":\"ReadAction\",\"target\":[\"https:\/\/xymen.pl\/en\/product\/kingspan-fuelmaster-2500l-diesel-fuel-tank\/\"]}]},{\"@type\":\"ImageObject\",\"inLanguage\":\"en-US\",\"@id\":\"https:\/\/xymen.pl\/en\/product\/kingspan-fuelmaster-2500l-diesel-fuel-tank\/#primaryimage\",\"url\":\"https:\/\/xymen.pl\/wp-content\/uploads\/2023\/03\/zbiornik-na-olej-napedowy-kingspan-2500l.png\",\"contentUrl\":\"https:\/\/xymen.pl\/wp-content\/uploads\/2023\/03\/zbiornik-na-olej-napedowy-kingspan-2500l.png\",\"width\":2500,\"height\":2500,\"caption\":\"kingspan 2500l diesel tank, oil tank, diesel tank\"},{\"@type\":\"BreadcrumbList\",\"@id\":\"https:\/\/xymen.pl\/en\/product\/kingspan-fuelmaster-2500l-diesel-fuel-tank\/#breadcrumb\",\"itemListElement\":[{\"@type\":\"ListItem\",\"position\":1,\"name\":\"Products\",\"item\":\"https:\/\/xymen.pl\/en\/products\/\"},{\"@type\":\"ListItem\",\"position\":2,\"name\":\"Kingspan FuelMaster 2500L diesel fuel tank\"}]},{\"@type\":\"WebSite\",\"@id\":\"https:\/\/xymen.pl\/en\/#website\",\"url\":\"https:\/\/xymen.pl\/en\/\",\"name\":\"XYMEN\",\"description\":\"zbiorniki na deszcz\u00f3wk\u0119 | ekologiczne oczyszczalnie \u015bciek\u00f3w\",\"publisher\":{\"@id\":\"https:\/\/xymen.pl\/en\/#organization\"},\"potentialAction\":[{\"@type\":\"SearchAction\",\"target\":{\"@type\":\"EntryPoint\",\"urlTemplate\":\"https:\/\/xymen.pl\/en\/?s={search_term_string}\"},\"query-input\":{\"@type\":\"PropertyValueSpecification\",\"valueRequired\":true,\"valueName\":\"search_term_string\"}}],\"inLanguage\":\"en-US\"},{\"@type\":\"Organization\",\"@id\":\"https:\/\/xymen.pl\/en\/#organization\",\"name\":\"XYMEN\",\"url\":\"https:\/\/xymen.pl\/en\/\",\"logo\":{\"@type\":\"ImageObject\",\"inLanguage\":\"en-US\",\"@id\":\"https:\/\/xymen.pl\/en\/#\/schema\/logo\/image\/\",\"url\":\"https:\/\/xymen.pl\/wp-content\/uploads\/2023\/02\/xymenpl-logo-1612299642.png\",\"contentUrl\":\"https:\/\/xymen.pl\/wp-content\/uploads\/2023\/02\/xymenpl-logo-1612299642.png\",\"width\":222,\"height\":218,\"caption\":\"XYMEN\"},\"image\":{\"@id\":\"https:\/\/xymen.pl\/en\/#\/schema\/logo\/image\/\"}}]}<\/script>\n<!-- \/ Yoast SEO plugin. -->","yoast_head_json":{"title":"Kingspan FuelMaster 2500L diesel fuel tank | XYMEN","description":"The KINGSPAN FuelMaster double-walled fuel tank with a capacity of 2500 liters for storing diesel fuel. Polish-made diesel tank - 10-year warranty.","robots":{"index":"index","follow":"follow","max-snippet":"max-snippet:-1","max-image-preview":"max-image-preview:large","max-video-preview":"max-video-preview:-1"},"canonical":"https:\/\/xymen.pl\/en\/product\/kingspan-fuelmaster-2500l-diesel-fuel-tank\/","og_locale":"en_US","og_type":"article","og_title":"Kingspan 2500L diesel tank","og_description":"The Kingspan 2500L diesel tank is a robust and durable solution for storing larger quantities of fuel. It offers a large capacity and durable construction for safe fuel storage.","og_url":"https:\/\/xymen.pl\/en\/product\/kingspan-fuelmaster-2500l-diesel-fuel-tank\/","og_site_name":"XYMEN","og_image":[{"url":"https:\/\/xymen.pl\/wp-content\/uploads\/2023\/03\/zbiornik-na-olej-napedowy-kingspan-2500l-300x300.png","type":"","width":"","height":""}],"twitter_card":"summary_large_image","twitter_title":"Kingspan 2500L diesel tank","twitter_description":"The Kingspan 2500L diesel tank is a robust and durable solution for storing larger quantities of fuel. It offers a large capacity and durable construction for safe fuel storage.","twitter_image":"https:\/\/xymen.pl\/wp-content\/uploads\/2023\/03\/zbiornik-na-olej-napedowy-kingspan-2500l-1024x1024.png","twitter_misc":{"Est. reading time":"1 minute"},"schema":{"@context":"https:\/\/schema.org","@graph":[{"@type":"WebPage","@id":"https:\/\/xymen.pl\/en\/product\/kingspan-fuelmaster-2500l-diesel-fuel-tank\/","url":"https:\/\/xymen.pl\/en\/product\/kingspan-fuelmaster-2500l-diesel-fuel-tank\/","name":"Kingspan FuelMaster 2500L diesel fuel tank | XYMEN","isPartOf":{"@id":"https:\/\/xymen.pl\/en\/#website"},"primaryImageOfPage":{"@id":"https:\/\/xymen.pl\/en\/product\/kingspan-fuelmaster-2500l-diesel-fuel-tank\/#primaryimage"},"image":{"@id":"https:\/\/xymen.pl\/en\/product\/kingspan-fuelmaster-2500l-diesel-fuel-tank\/#primaryimage"},"thumbnailUrl":"https:\/\/xymen.pl\/wp-content\/uploads\/2023\/03\/zbiornik-na-olej-napedowy-kingspan-2500l.png","datePublished":"2023-03-24T10:03:37+00:00","description":"The KINGSPAN FuelMaster double-walled fuel tank with a capacity of 2500 liters for storing diesel fuel. Polish-made diesel tank - 10-year warranty.","breadcrumb":{"@id":"https:\/\/xymen.pl\/en\/product\/kingspan-fuelmaster-2500l-diesel-fuel-tank\/#breadcrumb"},"inLanguage":"en-US","potentialAction":[{"@type":"ReadAction","target":["https:\/\/xymen.pl\/en\/product\/kingspan-fuelmaster-2500l-diesel-fuel-tank\/"]}]},{"@type":"ImageObject","inLanguage":"en-US","@id":"https:\/\/xymen.pl\/en\/product\/kingspan-fuelmaster-2500l-diesel-fuel-tank\/#primaryimage","url":"https:\/\/xymen.pl\/wp-content\/uploads\/2023\/03\/zbiornik-na-olej-napedowy-kingspan-2500l.png","contentUrl":"https:\/\/xymen.pl\/wp-content\/uploads\/2023\/03\/zbiornik-na-olej-napedowy-kingspan-2500l.png","width":2500,"height":2500,"caption":"kingspan 2500l diesel tank, oil tank, diesel tank"},{"@type":"BreadcrumbList","@id":"https:\/\/xymen.pl\/en\/product\/kingspan-fuelmaster-2500l-diesel-fuel-tank\/#breadcrumb","itemListElement":[{"@type":"ListItem","position":1,"name":"Products","item":"https:\/\/xymen.pl\/en\/products\/"},{"@type":"ListItem","position":2,"name":"Kingspan FuelMaster 2500L diesel fuel tank"}]},{"@type":"WebSite","@id":"https:\/\/xymen.pl\/en\/#website","url":"https:\/\/xymen.pl\/en\/","name":"XYMEN","description":"zbiorniki na deszcz\u00f3wk\u0119 | ekologiczne oczyszczalnie \u015bciek\u00f3w","publisher":{"@id":"https:\/\/xymen.pl\/en\/#organization"},"potentialAction":[{"@type":"SearchAction","target":{"@type":"EntryPoint","urlTemplate":"https:\/\/xymen.pl\/en\/?s={search_term_string}"},"query-input":{"@type":"PropertyValueSpecification","valueRequired":true,"valueName":"search_term_string"}}],"inLanguage":"en-US"},{"@type":"Organization","@id":"https:\/\/xymen.pl\/en\/#organization","name":"XYMEN","url":"https:\/\/xymen.pl\/en\/","logo":{"@type":"ImageObject","inLanguage":"en-US","@id":"https:\/\/xymen.pl\/en\/#\/schema\/logo\/image\/","url":"https:\/\/xymen.pl\/wp-content\/uploads\/2023\/02\/xymenpl-logo-1612299642.png","contentUrl":"https:\/\/xymen.pl\/wp-content\/uploads\/2023\/02\/xymenpl-logo-1612299642.png","width":222,"height":218,"caption":"XYMEN"},"image":{"@id":"https:\/\/xymen.pl\/en\/#\/schema\/logo\/image\/"}}]}},"_links":{"self":[{"href":"https:\/\/xymen.pl\/en\/wp-json\/wp\/v2\/product\/17787","targetHints":{"allow":["GET"]}}],"collection":[{"href":"https:\/\/xymen.pl\/en\/wp-json\/wp\/v2\/product"}],"about":[{"href":"https:\/\/xymen.pl\/en\/wp-json\/wp\/v2\/types\/product"}],"replies":[{"embeddable":true,"href":"https:\/\/xymen.pl\/en\/wp-json\/wp\/v2\/comments?post=17787"}],"wp:featuredmedia":[{"embeddable":true,"href":"https:\/\/xymen.pl\/en\/wp-json\/wp\/v2\/media\/14681"}],"wp:attachment":[{"href":"https:\/\/xymen.pl\/en\/wp-json\/wp\/v2\/media?parent=17787"}],"wp:term":[{"taxonomy":"product_brand","embeddable":true,"href":"https:\/\/xymen.pl\/en\/wp-json\/wp\/v2\/product_brand?post=17787"},{"taxonomy":"product_cat","embeddable":true,"href":"https:\/\/xymen.pl\/en\/wp-json\/wp\/v2\/product_cat?post=17787"},{"taxonomy":"product_tag","embeddable":true,"href":"https:\/\/xymen.pl\/en\/wp-json\/wp\/v2\/product_tag?post=17787"}],"curies":[{"name":"wp","href":"https:\/\/api.w.org\/{rel}","templated":true}]}}