{"id":17930,"date":"2025-03-01T20:53:29","date_gmt":"2025-03-01T19:53:29","guid":{"rendered":"https:\/\/xymen.pl\/produkt\/watchman-access-fuel-terminal\/"},"modified":"2025-03-01T20:53:29","modified_gmt":"2025-03-01T19:53:29","slug":"watchman-access-fuel-terminal","status":"publish","type":"product","link":"https:\/\/xymen.pl\/en\/product\/watchman-access-fuel-terminal\/","title":{"rendered":"Watchman\u00ae Access fuel terminal"},"content":{"rendered":"<p><img decoding=\"async\" class=\"alignnone wp-image-5449\" src=\"https:\/\/xymen.pl\/wp-content\/uploads\/2023\/05\/6_preview_rev_1-1.png\" alt=\"\" width=\"170\" height=\"89\"><\/p>\n<h2>Take back control of your fuel! Watchman\u00ae Access fuel terminal <\/h2>\n<p>If you own a company and would like to know how much fuel is left in your tank, how much and when your employees last refueled, and have full reporting on the system&#8217;s operation, then the Watchman\u00ae Access fuel terminal is the solution for you!<\/p>\n<h4>By installing the Watchman\u00ae Access fuel management system, you gain:<\/h4>\n<ul>\n<li>Reduced costs related to fuel distribution,<\/li>\n<li>Identification of employees refueling vehicles using RFID cards,<\/li>\n<li>Full reporting of fuel consumption,<\/li>\n<li>Online monitoring of fuel quantity in the tank,<\/li>\n<li>Ability to expand your company fleet or machinery park,<\/li>\n<li>Ability to plan fuel purchases,<\/li>\n<li>The complete history of system activity,<\/li>\n<li>Peace of mind and security.<\/li>\n<\/ul>\n<h5>By Logging in from Anywhere on Earth, You Gain Full Control over your Fuel.<\/h5>\n<p><img fetchpriority=\"high\" decoding=\"async\" class=\"alignnone wp-image-9692 size-medium\" src=\"https:\/\/xymen.pl\/wp-content\/uploads\/2025\/03\/Terminal-paliwowy-Watchman%C2%AE-Access-monitor-300x300.png\" alt=\"\" width=\"300\" height=\"300\"><\/p>\n<p>&nbsp;<\/p>\n<div class=\"ProductOverview__content__bulletPoints__list\">\n<div class=\"ProductOverview__content__bulletPoints__list__second \">\n<p><strong>Technical parameters:<\/strong><\/p>\n<ul>\n<li>Operating temperature: -20\u00b0C to 50\u00b0C,<\/li>\n<li>Fuel measurement: pressure sensor (as a separate spare part),<\/li>\n<li>Protection: IP65,<\/li>\n<li>Data transfer: GSM, Wi-Fi, LAN,<\/li>\n<li>10-year license for access to the Kingspan Connect platform<\/li>\n<\/ul>\n<p>&nbsp;<\/p>\n<\/div>\n<\/div>\n<p>To select the number of RFID cards, purchase a software license, and subscribe, please contact us\u2014we will prepare a customized offer tailored to your needs!<\/p>\n","protected":false},"excerpt":{"rendered":"<p>Watchman\u00ae Access fuel management system.<\/p>\n","protected":false},"featured_media":9691,"comment_status":"open","ping_status":"closed","template":"","meta":{"_acf_changed":false,"_glsr_average":0,"_glsr_ranking":0,"_glsr_reviews":0},"product_brand":[],"product_cat":[386,523],"product_tag":[361,352],"class_list":{"0":"post-17930","1":"product","2":"type-product","3":"status-publish","4":"has-post-thumbnail","6":"product_cat-diesel-fuel-tanks","7":"product_cat-fuel-management-systems","8":"product_tag-kingspan-en","9":"product_tag-standard-en","11":"first","12":"instock","13":"taxable","14":"shipping-taxable","15":"purchasable","16":"product-type-simple"},"acf":{"xymen_capacity":""},"yoast_head":"<!-- This site is optimized with the Yoast SEO plugin v27.1.1 - https:\/\/yoast.com\/product\/yoast-seo-wordpress\/ -->\n<title>Watchman\u00ae Access fuel terminal<\/title>\n<meta name=\"description\" content=\"The Watchman\u00ae Access fuel terminal is a solution for companies that want to control the amount of fuel dispensed and monitor its consumption.\" \/>\n<meta name=\"robots\" content=\"index, follow, max-snippet:-1, max-image-preview:large, max-video-preview:-1\" \/>\n<link rel=\"canonical\" href=\"https:\/\/xymen.pl\/en\/product\/watchman-access-fuel-terminal\/\" \/>\n<meta property=\"og:locale\" content=\"en_US\" \/>\n<meta property=\"og:type\" content=\"article\" \/>\n<meta property=\"og:title\" content=\"Watchman\u00ae Access fuel terminal\" \/>\n<meta property=\"og:description\" content=\"The Watchman\u00ae Access fuel terminal is a solution for companies that want to control the amount of fuel dispensed and monitor its consumption.\" \/>\n<meta property=\"og:url\" content=\"https:\/\/xymen.pl\/en\/product\/watchman-access-fuel-terminal\/\" \/>\n<meta property=\"og:site_name\" content=\"XYMEN\" \/>\n<meta property=\"og:image\" content=\"https:\/\/xymen.pl\/wp-content\/uploads\/2025\/03\/Terminal-paliwowy-Watchman\u00ae-Access-2-1024x1024.png\" \/>\n\t<meta property=\"og:image:width\" content=\"1024\" \/>\n\t<meta property=\"og:image:height\" content=\"1024\" \/>\n\t<meta property=\"og:image:type\" content=\"image\/png\" \/>\n<meta name=\"twitter:card\" content=\"summary_large_image\" \/>\n<meta name=\"twitter:label1\" content=\"Est. reading time\" \/>\n\t<meta name=\"twitter:data1\" content=\"1 minute\" \/>\n<script type=\"application\/ld+json\" class=\"yoast-schema-graph\">{\"@context\":\"https:\/\/schema.org\",\"@graph\":[{\"@type\":\"WebPage\",\"@id\":\"https:\/\/xymen.pl\/en\/product\/watchman-access-fuel-terminal\/\",\"url\":\"https:\/\/xymen.pl\/en\/product\/watchman-access-fuel-terminal\/\",\"name\":\"Watchman\u00ae Access fuel terminal\",\"isPartOf\":{\"@id\":\"https:\/\/xymen.pl\/en\/#website\"},\"primaryImageOfPage\":{\"@id\":\"https:\/\/xymen.pl\/en\/product\/watchman-access-fuel-terminal\/#primaryimage\"},\"image\":{\"@id\":\"https:\/\/xymen.pl\/en\/product\/watchman-access-fuel-terminal\/#primaryimage\"},\"thumbnailUrl\":\"https:\/\/xymen.pl\/wp-content\/uploads\/2025\/03\/Terminal-paliwowy-Watchman\u00ae-Access-2.png\",\"datePublished\":\"2025-03-01T19:53:29+00:00\",\"description\":\"The Watchman\u00ae Access fuel terminal is a solution for companies that want to control the amount of fuel dispensed and monitor its consumption.\",\"breadcrumb\":{\"@id\":\"https:\/\/xymen.pl\/en\/product\/watchman-access-fuel-terminal\/#breadcrumb\"},\"inLanguage\":\"en-US\",\"potentialAction\":[{\"@type\":\"ReadAction\",\"target\":[\"https:\/\/xymen.pl\/en\/product\/watchman-access-fuel-terminal\/\"]}]},{\"@type\":\"ImageObject\",\"inLanguage\":\"en-US\",\"@id\":\"https:\/\/xymen.pl\/en\/product\/watchman-access-fuel-terminal\/#primaryimage\",\"url\":\"https:\/\/xymen.pl\/wp-content\/uploads\/2025\/03\/Terminal-paliwowy-Watchman\u00ae-Access-2.png\",\"contentUrl\":\"https:\/\/xymen.pl\/wp-content\/uploads\/2025\/03\/Terminal-paliwowy-Watchman\u00ae-Access-2.png\",\"width\":4000,\"height\":4000},{\"@type\":\"BreadcrumbList\",\"@id\":\"https:\/\/xymen.pl\/en\/product\/watchman-access-fuel-terminal\/#breadcrumb\",\"itemListElement\":[{\"@type\":\"ListItem\",\"position\":1,\"name\":\"Products\",\"item\":\"https:\/\/xymen.pl\/en\/products\/\"},{\"@type\":\"ListItem\",\"position\":2,\"name\":\"Watchman\u00ae Access fuel terminal\"}]},{\"@type\":\"WebSite\",\"@id\":\"https:\/\/xymen.pl\/en\/#website\",\"url\":\"https:\/\/xymen.pl\/en\/\",\"name\":\"XYMEN\",\"description\":\"zbiorniki na deszcz\u00f3wk\u0119 | ekologiczne oczyszczalnie \u015bciek\u00f3w\",\"publisher\":{\"@id\":\"https:\/\/xymen.pl\/en\/#organization\"},\"potentialAction\":[{\"@type\":\"SearchAction\",\"target\":{\"@type\":\"EntryPoint\",\"urlTemplate\":\"https:\/\/xymen.pl\/en\/?s={search_term_string}\"},\"query-input\":{\"@type\":\"PropertyValueSpecification\",\"valueRequired\":true,\"valueName\":\"search_term_string\"}}],\"inLanguage\":\"en-US\"},{\"@type\":\"Organization\",\"@id\":\"https:\/\/xymen.pl\/en\/#organization\",\"name\":\"XYMEN\",\"url\":\"https:\/\/xymen.pl\/en\/\",\"logo\":{\"@type\":\"ImageObject\",\"inLanguage\":\"en-US\",\"@id\":\"https:\/\/xymen.pl\/en\/#\/schema\/logo\/image\/\",\"url\":\"https:\/\/xymen.pl\/wp-content\/uploads\/2023\/02\/xymenpl-logo-1612299642.png\",\"contentUrl\":\"https:\/\/xymen.pl\/wp-content\/uploads\/2023\/02\/xymenpl-logo-1612299642.png\",\"width\":222,\"height\":218,\"caption\":\"XYMEN\"},\"image\":{\"@id\":\"https:\/\/xymen.pl\/en\/#\/schema\/logo\/image\/\"}}]}<\/script>\n<!-- \/ Yoast SEO plugin. -->","yoast_head_json":{"title":"Watchman\u00ae Access fuel terminal","description":"The Watchman\u00ae Access fuel terminal is a solution for companies that want to control the amount of fuel dispensed and monitor its consumption.","robots":{"index":"index","follow":"follow","max-snippet":"max-snippet:-1","max-image-preview":"max-image-preview:large","max-video-preview":"max-video-preview:-1"},"canonical":"https:\/\/xymen.pl\/en\/product\/watchman-access-fuel-terminal\/","og_locale":"en_US","og_type":"article","og_title":"Watchman\u00ae Access fuel terminal","og_description":"The Watchman\u00ae Access fuel terminal is a solution for companies that want to control the amount of fuel dispensed and monitor its consumption.","og_url":"https:\/\/xymen.pl\/en\/product\/watchman-access-fuel-terminal\/","og_site_name":"XYMEN","og_image":[{"width":1024,"height":1024,"url":"https:\/\/xymen.pl\/wp-content\/uploads\/2025\/03\/Terminal-paliwowy-Watchman\u00ae-Access-2-1024x1024.png","type":"image\/png"}],"twitter_card":"summary_large_image","twitter_misc":{"Est. reading time":"1 minute"},"schema":{"@context":"https:\/\/schema.org","@graph":[{"@type":"WebPage","@id":"https:\/\/xymen.pl\/en\/product\/watchman-access-fuel-terminal\/","url":"https:\/\/xymen.pl\/en\/product\/watchman-access-fuel-terminal\/","name":"Watchman\u00ae Access fuel terminal","isPartOf":{"@id":"https:\/\/xymen.pl\/en\/#website"},"primaryImageOfPage":{"@id":"https:\/\/xymen.pl\/en\/product\/watchman-access-fuel-terminal\/#primaryimage"},"image":{"@id":"https:\/\/xymen.pl\/en\/product\/watchman-access-fuel-terminal\/#primaryimage"},"thumbnailUrl":"https:\/\/xymen.pl\/wp-content\/uploads\/2025\/03\/Terminal-paliwowy-Watchman\u00ae-Access-2.png","datePublished":"2025-03-01T19:53:29+00:00","description":"The Watchman\u00ae Access fuel terminal is a solution for companies that want to control the amount of fuel dispensed and monitor its consumption.","breadcrumb":{"@id":"https:\/\/xymen.pl\/en\/product\/watchman-access-fuel-terminal\/#breadcrumb"},"inLanguage":"en-US","potentialAction":[{"@type":"ReadAction","target":["https:\/\/xymen.pl\/en\/product\/watchman-access-fuel-terminal\/"]}]},{"@type":"ImageObject","inLanguage":"en-US","@id":"https:\/\/xymen.pl\/en\/product\/watchman-access-fuel-terminal\/#primaryimage","url":"https:\/\/xymen.pl\/wp-content\/uploads\/2025\/03\/Terminal-paliwowy-Watchman\u00ae-Access-2.png","contentUrl":"https:\/\/xymen.pl\/wp-content\/uploads\/2025\/03\/Terminal-paliwowy-Watchman\u00ae-Access-2.png","width":4000,"height":4000},{"@type":"BreadcrumbList","@id":"https:\/\/xymen.pl\/en\/product\/watchman-access-fuel-terminal\/#breadcrumb","itemListElement":[{"@type":"ListItem","position":1,"name":"Products","item":"https:\/\/xymen.pl\/en\/products\/"},{"@type":"ListItem","position":2,"name":"Watchman\u00ae Access fuel terminal"}]},{"@type":"WebSite","@id":"https:\/\/xymen.pl\/en\/#website","url":"https:\/\/xymen.pl\/en\/","name":"XYMEN","description":"zbiorniki na deszcz\u00f3wk\u0119 | ekologiczne oczyszczalnie \u015bciek\u00f3w","publisher":{"@id":"https:\/\/xymen.pl\/en\/#organization"},"potentialAction":[{"@type":"SearchAction","target":{"@type":"EntryPoint","urlTemplate":"https:\/\/xymen.pl\/en\/?s={search_term_string}"},"query-input":{"@type":"PropertyValueSpecification","valueRequired":true,"valueName":"search_term_string"}}],"inLanguage":"en-US"},{"@type":"Organization","@id":"https:\/\/xymen.pl\/en\/#organization","name":"XYMEN","url":"https:\/\/xymen.pl\/en\/","logo":{"@type":"ImageObject","inLanguage":"en-US","@id":"https:\/\/xymen.pl\/en\/#\/schema\/logo\/image\/","url":"https:\/\/xymen.pl\/wp-content\/uploads\/2023\/02\/xymenpl-logo-1612299642.png","contentUrl":"https:\/\/xymen.pl\/wp-content\/uploads\/2023\/02\/xymenpl-logo-1612299642.png","width":222,"height":218,"caption":"XYMEN"},"image":{"@id":"https:\/\/xymen.pl\/en\/#\/schema\/logo\/image\/"}}]}},"_links":{"self":[{"href":"https:\/\/xymen.pl\/en\/wp-json\/wp\/v2\/product\/17930","targetHints":{"allow":["GET"]}}],"collection":[{"href":"https:\/\/xymen.pl\/en\/wp-json\/wp\/v2\/product"}],"about":[{"href":"https:\/\/xymen.pl\/en\/wp-json\/wp\/v2\/types\/product"}],"replies":[{"embeddable":true,"href":"https:\/\/xymen.pl\/en\/wp-json\/wp\/v2\/comments?post=17930"}],"wp:featuredmedia":[{"embeddable":true,"href":"https:\/\/xymen.pl\/en\/wp-json\/wp\/v2\/media\/9691"}],"wp:attachment":[{"href":"https:\/\/xymen.pl\/en\/wp-json\/wp\/v2\/media?parent=17930"}],"wp:term":[{"taxonomy":"product_brand","embeddable":true,"href":"https:\/\/xymen.pl\/en\/wp-json\/wp\/v2\/product_brand?post=17930"},{"taxonomy":"product_cat","embeddable":true,"href":"https:\/\/xymen.pl\/en\/wp-json\/wp\/v2\/product_cat?post=17930"},{"taxonomy":"product_tag","embeddable":true,"href":"https:\/\/xymen.pl\/en\/wp-json\/wp\/v2\/product_tag?post=17930"}],"curies":[{"name":"wp","href":"https:\/\/api.w.org\/{rel}","templated":true}]}}