{"id":17934,"date":"2025-03-02T16:25:54","date_gmt":"2025-03-02T15:25:54","guid":{"rendered":"https:\/\/xymen.pl\/produkt\/liquid-fertilizer-tank-rsm-metria-11000l\/"},"modified":"2025-03-02T16:25:54","modified_gmt":"2025-03-02T15:25:54","slug":"liquid-fertilizer-tank-rsm-metria-11000l","status":"publish","type":"product","link":"https:\/\/xymen.pl\/en\/product\/liquid-fertilizer-tank-rsm-metria-11000l\/","title":{"rendered":"Liquid Fertilizer Tank RSM Metria 11,000l"},"content":{"rendered":"<p><img fetchpriority=\"high\" decoding=\"async\" class=\"alignnone wp-image-5448 size-medium\" src=\"https:\/\/xymen.pl\/wp-content\/uploads\/2023\/03\/3-1-300x212.png\" alt=\"Diesel fuel tank, oil tank, metria\" width=\"300\" height=\"212\" srcset=\"https:\/\/xymen.pl\/wp-content\/uploads\/2023\/03\/3-1-300x212.png 300w, https:\/\/xymen.pl\/wp-content\/uploads\/2023\/03\/3-1-1024x723.png 1024w, https:\/\/xymen.pl\/wp-content\/uploads\/2023\/03\/3-1-768x542.png 768w, https:\/\/xymen.pl\/wp-content\/uploads\/2023\/03\/3-1-1536x1084.png 1536w, https:\/\/xymen.pl\/wp-content\/uploads\/2023\/03\/3-1-600x423.png 600w, https:\/\/xymen.pl\/wp-content\/uploads\/2023\/03\/3-1.png 2008w\" sizes=\"(max-width: 300px) 100vw, 300px\" \/><\/p>\n<h2>Perfect for Farmers! RSM METRIA Tank 11,000l. <\/h2>\n<p>The tanks are manufactured from high-quality polyethylene which guarantees durability and longevity of the product. The tanks are highly resistant to weather conditions and UV radiation. <\/p>\n<p>Having a storage tank allows us to purchase RSM at wholesale prices, which gives us financial and time savings.<\/p>\n<p>The METRIA RSM tank with 11,000L capacity for storage is an ideal agricultural solution for storing liquid fertilizer (RSM or ASL).<\/p>\n<h4>Advantages of the METRIA RSM 22,000l Tank:<\/h4>\n<ul>\n<li>Possibility of full truck deliveries and diluting fertilizer directly in the tank<\/li>\n<li>Durable construction resistant to weather conditions<\/li>\n<li>Easy transport and installation<\/li>\n<li>Manufactured using rotomolding method &#8211; ensures leak-proof without welds and joints<\/li>\n<\/ul>\n<h4>Standard Equipment:<\/h4>\n<ul>\n<li>Inspection cover 600mm,<\/li>\n<li>Bottom outlet fitting 2&#8243; (or 3&#8243;) made of stainless steel with ball valve,<\/li>\n<li>Vent.<\/li>\n<\/ul>\n<h4>Tank dimensions:<\/h4>\n<p>A: 2.45 m<br \/>\nB: 3.05 m<\/p>\n<p><img decoding=\"async\" class=\"alignnone wp-image-9714 size-medium\" src=\"https:\/\/xymen.pl\/wp-content\/uploads\/2025\/03\/RSM-11-000L-wymiary-300x300.png\" alt=\"\" width=\"300\" height=\"300\" srcset=\"https:\/\/xymen.pl\/wp-content\/uploads\/2025\/03\/RSM-11-000L-wymiary-300x300.png 300w, https:\/\/xymen.pl\/wp-content\/uploads\/2025\/03\/RSM-11-000L-wymiary-1024x1024.png 1024w, https:\/\/xymen.pl\/wp-content\/uploads\/2025\/03\/RSM-11-000L-wymiary-150x150.png 150w, https:\/\/xymen.pl\/wp-content\/uploads\/2025\/03\/RSM-11-000L-wymiary-768x768.png 768w, https:\/\/xymen.pl\/wp-content\/uploads\/2025\/03\/RSM-11-000L-wymiary-1536x1536.png 1536w, https:\/\/xymen.pl\/wp-content\/uploads\/2025\/03\/RSM-11-000L-wymiary-2048x2048.png 2048w, https:\/\/xymen.pl\/wp-content\/uploads\/2025\/03\/RSM-11-000L-wymiary-600x600.png 600w, https:\/\/xymen.pl\/wp-content\/uploads\/2025\/03\/RSM-11-000L-wymiary-100x100.png 100w, https:\/\/xymen.pl\/wp-content\/uploads\/2025\/03\/RSM-11-000L-wymiary-50x50.png 50w\" sizes=\"(max-width: 300px) 100vw, 300px\" \/><\/p>\n<p>&nbsp;<\/p>\n<p>The manufacturer provides a 10-year warranty on the tank.<\/p>\n<p>The tank can be ordered in green, gray (marble), or black color.<\/p>\n","protected":false},"excerpt":{"rendered":"<p>Liquid fertilizer tank RSM METRIA 11,000L.<\/p>\n","protected":false},"featured_media":9707,"comment_status":"open","ping_status":"closed","template":"","meta":{"_acf_changed":false,"_glsr_average":0,"_glsr_ranking":0,"_glsr_reviews":0},"product_brand":[],"product_cat":[438],"product_tag":[378,352],"class_list":{"0":"post-17934","1":"product","2":"type-product","3":"status-publish","4":"has-post-thumbnail","6":"product_cat-liquid-fertilizer-tanks-rsm","7":"product_tag-metria-en","8":"product_tag-standard-en","10":"first","11":"instock","12":"taxable","13":"shipping-taxable","14":"purchasable","15":"product-type-simple"},"acf":{"xymen_capacity":""},"yoast_head":"<!-- This site is optimized with the Yoast SEO plugin v27.1.1 - https:\/\/yoast.com\/product\/yoast-seo-wordpress\/ -->\n<title>Liquid Fertilizer Tank RSM Metria 11,000l | XYMEN<\/title>\n<meta name=\"description\" content=\"Liquid fertilizer tank RSM by Metria with 11,000L capacity featuring bottom outlet, vent, and inspection hatch. Polish production.\" \/>\n<meta name=\"robots\" content=\"index, follow, max-snippet:-1, max-image-preview:large, max-video-preview:-1\" \/>\n<link rel=\"canonical\" href=\"https:\/\/xymen.pl\/en\/product\/liquid-fertilizer-tank-rsm-metria-11000l\/\" \/>\n<meta property=\"og:locale\" content=\"en_US\" \/>\n<meta property=\"og:type\" content=\"article\" \/>\n<meta property=\"og:title\" content=\"Liquid Fertilizer Tank RSM Metria 11,000l | XYMEN\" \/>\n<meta property=\"og:description\" content=\"Liquid fertilizer tank RSM by Metria with 11,000L capacity featuring bottom outlet, vent, and inspection hatch. Polish production.\" \/>\n<meta property=\"og:url\" content=\"https:\/\/xymen.pl\/en\/product\/liquid-fertilizer-tank-rsm-metria-11000l\/\" \/>\n<meta property=\"og:site_name\" content=\"XYMEN\" \/>\n<meta property=\"og:image\" content=\"https:\/\/xymen.pl\/wp-content\/uploads\/2025\/03\/RSM-11-000L-szary-1024x1024.png\" \/>\n\t<meta property=\"og:image:width\" content=\"1024\" \/>\n\t<meta property=\"og:image:height\" content=\"1024\" \/>\n\t<meta property=\"og:image:type\" content=\"image\/png\" \/>\n<meta name=\"twitter:card\" content=\"summary_large_image\" \/>\n<meta name=\"twitter:label1\" content=\"Est. reading time\" \/>\n\t<meta name=\"twitter:data1\" content=\"1 minute\" \/>\n<script type=\"application\/ld+json\" class=\"yoast-schema-graph\">{\"@context\":\"https:\/\/schema.org\",\"@graph\":[{\"@type\":\"WebPage\",\"@id\":\"https:\/\/xymen.pl\/en\/product\/liquid-fertilizer-tank-rsm-metria-11000l\/\",\"url\":\"https:\/\/xymen.pl\/en\/product\/liquid-fertilizer-tank-rsm-metria-11000l\/\",\"name\":\"Liquid Fertilizer Tank RSM Metria 11,000l | XYMEN\",\"isPartOf\":{\"@id\":\"https:\/\/xymen.pl\/en\/#website\"},\"primaryImageOfPage\":{\"@id\":\"https:\/\/xymen.pl\/en\/product\/liquid-fertilizer-tank-rsm-metria-11000l\/#primaryimage\"},\"image\":{\"@id\":\"https:\/\/xymen.pl\/en\/product\/liquid-fertilizer-tank-rsm-metria-11000l\/#primaryimage\"},\"thumbnailUrl\":\"https:\/\/xymen.pl\/wp-content\/uploads\/2025\/03\/RSM-11-000L-szary.png\",\"datePublished\":\"2025-03-02T15:25:54+00:00\",\"description\":\"Liquid fertilizer tank RSM by Metria with 11,000L capacity featuring bottom outlet, vent, and inspection hatch. Polish production.\",\"breadcrumb\":{\"@id\":\"https:\/\/xymen.pl\/en\/product\/liquid-fertilizer-tank-rsm-metria-11000l\/#breadcrumb\"},\"inLanguage\":\"en-US\",\"potentialAction\":[{\"@type\":\"ReadAction\",\"target\":[\"https:\/\/xymen.pl\/en\/product\/liquid-fertilizer-tank-rsm-metria-11000l\/\"]}]},{\"@type\":\"ImageObject\",\"inLanguage\":\"en-US\",\"@id\":\"https:\/\/xymen.pl\/en\/product\/liquid-fertilizer-tank-rsm-metria-11000l\/#primaryimage\",\"url\":\"https:\/\/xymen.pl\/wp-content\/uploads\/2025\/03\/RSM-11-000L-szary.png\",\"contentUrl\":\"https:\/\/xymen.pl\/wp-content\/uploads\/2025\/03\/RSM-11-000L-szary.png\",\"width\":4000,\"height\":4000},{\"@type\":\"BreadcrumbList\",\"@id\":\"https:\/\/xymen.pl\/en\/product\/liquid-fertilizer-tank-rsm-metria-11000l\/#breadcrumb\",\"itemListElement\":[{\"@type\":\"ListItem\",\"position\":1,\"name\":\"Products\",\"item\":\"https:\/\/xymen.pl\/en\/products\/\"},{\"@type\":\"ListItem\",\"position\":2,\"name\":\"Liquid Fertilizer Tank RSM Metria 11,000l\"}]},{\"@type\":\"WebSite\",\"@id\":\"https:\/\/xymen.pl\/en\/#website\",\"url\":\"https:\/\/xymen.pl\/en\/\",\"name\":\"XYMEN\",\"description\":\"zbiorniki na deszcz\u00f3wk\u0119 | ekologiczne oczyszczalnie \u015bciek\u00f3w\",\"publisher\":{\"@id\":\"https:\/\/xymen.pl\/en\/#organization\"},\"potentialAction\":[{\"@type\":\"SearchAction\",\"target\":{\"@type\":\"EntryPoint\",\"urlTemplate\":\"https:\/\/xymen.pl\/en\/?s={search_term_string}\"},\"query-input\":{\"@type\":\"PropertyValueSpecification\",\"valueRequired\":true,\"valueName\":\"search_term_string\"}}],\"inLanguage\":\"en-US\"},{\"@type\":\"Organization\",\"@id\":\"https:\/\/xymen.pl\/en\/#organization\",\"name\":\"XYMEN\",\"url\":\"https:\/\/xymen.pl\/en\/\",\"logo\":{\"@type\":\"ImageObject\",\"inLanguage\":\"en-US\",\"@id\":\"https:\/\/xymen.pl\/en\/#\/schema\/logo\/image\/\",\"url\":\"https:\/\/xymen.pl\/wp-content\/uploads\/2023\/02\/xymenpl-logo-1612299642.png\",\"contentUrl\":\"https:\/\/xymen.pl\/wp-content\/uploads\/2023\/02\/xymenpl-logo-1612299642.png\",\"width\":222,\"height\":218,\"caption\":\"XYMEN\"},\"image\":{\"@id\":\"https:\/\/xymen.pl\/en\/#\/schema\/logo\/image\/\"}}]}<\/script>\n<!-- \/ Yoast SEO plugin. -->","yoast_head_json":{"title":"Liquid Fertilizer Tank RSM Metria 11,000l | XYMEN","description":"Liquid fertilizer tank RSM by Metria with 11,000L capacity featuring bottom outlet, vent, and inspection hatch. Polish production.","robots":{"index":"index","follow":"follow","max-snippet":"max-snippet:-1","max-image-preview":"max-image-preview:large","max-video-preview":"max-video-preview:-1"},"canonical":"https:\/\/xymen.pl\/en\/product\/liquid-fertilizer-tank-rsm-metria-11000l\/","og_locale":"en_US","og_type":"article","og_title":"Liquid Fertilizer Tank RSM Metria 11,000l | XYMEN","og_description":"Liquid fertilizer tank RSM by Metria with 11,000L capacity featuring bottom outlet, vent, and inspection hatch. Polish production.","og_url":"https:\/\/xymen.pl\/en\/product\/liquid-fertilizer-tank-rsm-metria-11000l\/","og_site_name":"XYMEN","og_image":[{"width":1024,"height":1024,"url":"https:\/\/xymen.pl\/wp-content\/uploads\/2025\/03\/RSM-11-000L-szary-1024x1024.png","type":"image\/png"}],"twitter_card":"summary_large_image","twitter_misc":{"Est. reading time":"1 minute"},"schema":{"@context":"https:\/\/schema.org","@graph":[{"@type":"WebPage","@id":"https:\/\/xymen.pl\/en\/product\/liquid-fertilizer-tank-rsm-metria-11000l\/","url":"https:\/\/xymen.pl\/en\/product\/liquid-fertilizer-tank-rsm-metria-11000l\/","name":"Liquid Fertilizer Tank RSM Metria 11,000l | XYMEN","isPartOf":{"@id":"https:\/\/xymen.pl\/en\/#website"},"primaryImageOfPage":{"@id":"https:\/\/xymen.pl\/en\/product\/liquid-fertilizer-tank-rsm-metria-11000l\/#primaryimage"},"image":{"@id":"https:\/\/xymen.pl\/en\/product\/liquid-fertilizer-tank-rsm-metria-11000l\/#primaryimage"},"thumbnailUrl":"https:\/\/xymen.pl\/wp-content\/uploads\/2025\/03\/RSM-11-000L-szary.png","datePublished":"2025-03-02T15:25:54+00:00","description":"Liquid fertilizer tank RSM by Metria with 11,000L capacity featuring bottom outlet, vent, and inspection hatch. Polish production.","breadcrumb":{"@id":"https:\/\/xymen.pl\/en\/product\/liquid-fertilizer-tank-rsm-metria-11000l\/#breadcrumb"},"inLanguage":"en-US","potentialAction":[{"@type":"ReadAction","target":["https:\/\/xymen.pl\/en\/product\/liquid-fertilizer-tank-rsm-metria-11000l\/"]}]},{"@type":"ImageObject","inLanguage":"en-US","@id":"https:\/\/xymen.pl\/en\/product\/liquid-fertilizer-tank-rsm-metria-11000l\/#primaryimage","url":"https:\/\/xymen.pl\/wp-content\/uploads\/2025\/03\/RSM-11-000L-szary.png","contentUrl":"https:\/\/xymen.pl\/wp-content\/uploads\/2025\/03\/RSM-11-000L-szary.png","width":4000,"height":4000},{"@type":"BreadcrumbList","@id":"https:\/\/xymen.pl\/en\/product\/liquid-fertilizer-tank-rsm-metria-11000l\/#breadcrumb","itemListElement":[{"@type":"ListItem","position":1,"name":"Products","item":"https:\/\/xymen.pl\/en\/products\/"},{"@type":"ListItem","position":2,"name":"Liquid Fertilizer Tank RSM Metria 11,000l"}]},{"@type":"WebSite","@id":"https:\/\/xymen.pl\/en\/#website","url":"https:\/\/xymen.pl\/en\/","name":"XYMEN","description":"zbiorniki na deszcz\u00f3wk\u0119 | ekologiczne oczyszczalnie \u015bciek\u00f3w","publisher":{"@id":"https:\/\/xymen.pl\/en\/#organization"},"potentialAction":[{"@type":"SearchAction","target":{"@type":"EntryPoint","urlTemplate":"https:\/\/xymen.pl\/en\/?s={search_term_string}"},"query-input":{"@type":"PropertyValueSpecification","valueRequired":true,"valueName":"search_term_string"}}],"inLanguage":"en-US"},{"@type":"Organization","@id":"https:\/\/xymen.pl\/en\/#organization","name":"XYMEN","url":"https:\/\/xymen.pl\/en\/","logo":{"@type":"ImageObject","inLanguage":"en-US","@id":"https:\/\/xymen.pl\/en\/#\/schema\/logo\/image\/","url":"https:\/\/xymen.pl\/wp-content\/uploads\/2023\/02\/xymenpl-logo-1612299642.png","contentUrl":"https:\/\/xymen.pl\/wp-content\/uploads\/2023\/02\/xymenpl-logo-1612299642.png","width":222,"height":218,"caption":"XYMEN"},"image":{"@id":"https:\/\/xymen.pl\/en\/#\/schema\/logo\/image\/"}}]}},"_links":{"self":[{"href":"https:\/\/xymen.pl\/en\/wp-json\/wp\/v2\/product\/17934","targetHints":{"allow":["GET"]}}],"collection":[{"href":"https:\/\/xymen.pl\/en\/wp-json\/wp\/v2\/product"}],"about":[{"href":"https:\/\/xymen.pl\/en\/wp-json\/wp\/v2\/types\/product"}],"replies":[{"embeddable":true,"href":"https:\/\/xymen.pl\/en\/wp-json\/wp\/v2\/comments?post=17934"}],"wp:featuredmedia":[{"embeddable":true,"href":"https:\/\/xymen.pl\/en\/wp-json\/wp\/v2\/media\/9707"}],"wp:attachment":[{"href":"https:\/\/xymen.pl\/en\/wp-json\/wp\/v2\/media?parent=17934"}],"wp:term":[{"taxonomy":"product_brand","embeddable":true,"href":"https:\/\/xymen.pl\/en\/wp-json\/wp\/v2\/product_brand?post=17934"},{"taxonomy":"product_cat","embeddable":true,"href":"https:\/\/xymen.pl\/en\/wp-json\/wp\/v2\/product_cat?post=17934"},{"taxonomy":"product_tag","embeddable":true,"href":"https:\/\/xymen.pl\/en\/wp-json\/wp\/v2\/product_tag?post=17934"}],"curies":[{"name":"wp","href":"https:\/\/api.w.org\/{rel}","templated":true}]}}