{"id":17937,"date":"2025-03-02T17:04:07","date_gmt":"2025-03-02T16:04:07","guid":{"rendered":"https:\/\/xymen.pl\/produkt\/kingspan-psd1-sewage-pumping-station-with-pedrollo-top-2-vortex-pump\/"},"modified":"2025-03-02T17:04:07","modified_gmt":"2025-03-02T16:04:07","slug":"kingspan-psd1-sewage-pumping-station-with-pedrollo-top-2-vortex-pump","status":"publish","type":"product","link":"https:\/\/xymen.pl\/en\/product\/kingspan-psd1-sewage-pumping-station-with-pedrollo-top-2-vortex-pump\/","title":{"rendered":"Kingspan PSD1 Sewage Pumping Station with Pedrollo Top 2 Vortex Pump"},"content":{"rendered":"<p><img decoding=\"async\" class=\"alignnone wp-image-5449 size-full\" src=\"https:\/\/xymen.pl\/wp-content\/uploads\/2023\/05\/6_preview_rev_1-1.png\" alt=\"Diesel fuel tank, oil tank, kingspan\" width=\"170\" height=\"89\"><\/p>\n<h2>An innovative approach! Kingspan PSD1 Sewage Pumping Station with Pedrollo Top 2 Vortex Pump<\/h2>\n<p class=\"MsoNormal\">Sewage pumping stations are complete tank-pumping devices equipped with installation and hydraulic fittings as well as a control system for their operation.<\/p>\n<p class=\"MsoNormal\">The purpose of the pumping station is to transport industrial sewage, municipal wastewater, drainage water and others over greater distances or to a higher level (e.g., to another tank). Most often, contaminants from domestic wastewater treatment plants flow directly into the pumping station tank and from there, using submersible pumps, they are led through appropriate pipes to the infiltration system. <\/p>\n<p class=\"MsoNormal\">Standard equipment of the PSD1 pumping station with Pedrollo Top 2 Vortex pump:<\/p>\n<p class=\"MsoNormal\">&#8211; Tank DN400\/600 H-2.0m,<\/p>\n<p class=\"MsoNormal\">&#8211; Pedrollo TOP 2 VORTEX pump,<\/p>\n<p class=\"MsoNormal\">&#8211; Steel piping,<\/p>\n<p class=\"MsoNormal\">&#8211; DN32 coupling,<\/p>\n<p class=\"MsoNormal\">&#8211; Self-sealing Swedish quick connector enabling pump extraction from ground level,<\/p>\n<p class=\"MsoNormal\">&#8211; Adjustable extension, allowing tank extension up to 247cm,<\/p>\n<p class=\"MsoNormal\">&#8211; Class A15 cover with safety lock,<\/p>\n<h4>The Pumping Station Can be Equipped with 3 Different Pedrollo Brand Pumps:<\/h4>\n<p><img fetchpriority=\"high\" decoding=\"async\" class=\"alignnone wp-image-9722 size-full\" src=\"https:\/\/xymen.pl\/wp-content\/uploads\/2025\/03\/kingspan-pedrollo-pomp-diagram-pl-pl.jpg\" alt=\"\" width=\"1000\" height=\"550\" srcset=\"https:\/\/xymen.pl\/wp-content\/uploads\/2025\/03\/kingspan-pedrollo-pomp-diagram-pl-pl.jpg 1000w, https:\/\/xymen.pl\/wp-content\/uploads\/2025\/03\/kingspan-pedrollo-pomp-diagram-pl-pl-300x165.jpg 300w, https:\/\/xymen.pl\/wp-content\/uploads\/2025\/03\/kingspan-pedrollo-pomp-diagram-pl-pl-768x422.jpg 768w, https:\/\/xymen.pl\/wp-content\/uploads\/2025\/03\/kingspan-pedrollo-pomp-diagram-pl-pl-600x330.jpg 600w\" sizes=\"(max-width: 1000px) 100vw, 1000px\" \/><\/p>\n<h4>Dimensions:<\/h4>\n<p><img decoding=\"async\" class=\"alignnone wp-image-9723 size-full\" src=\"https:\/\/xymen.pl\/wp-content\/uploads\/2025\/03\/kingspan-pumpstation-measurements-psd-1-pl-pl.png.jpg\" alt=\"\" width=\"1000\" height=\"550\" srcset=\"https:\/\/xymen.pl\/wp-content\/uploads\/2025\/03\/kingspan-pumpstation-measurements-psd-1-pl-pl.png.jpg 1000w, https:\/\/xymen.pl\/wp-content\/uploads\/2025\/03\/kingspan-pumpstation-measurements-psd-1-pl-pl.png-300x165.jpg 300w, https:\/\/xymen.pl\/wp-content\/uploads\/2025\/03\/kingspan-pumpstation-measurements-psd-1-pl-pl.png-768x422.jpg 768w, https:\/\/xymen.pl\/wp-content\/uploads\/2025\/03\/kingspan-pumpstation-measurements-psd-1-pl-pl.png-600x330.jpg 600w\" sizes=\"(max-width: 1000px) 100vw, 1000px\" \/><\/p>\n<p>Tank without drilled holes.<\/p>\n<p class=\"MsoNormal\">\n","protected":false},"excerpt":{"rendered":"<p>Kingspan PSD1 Sewage Pumping Station with Pedrollo Top 2 Vortex Pump<\/p>\n","protected":false},"featured_media":15639,"comment_status":"open","ping_status":"closed","template":"","meta":{"_acf_changed":false,"_glsr_average":0,"_glsr_ranking":0,"_glsr_reviews":0},"product_brand":[],"product_cat":[350,356],"product_tag":[361,352],"class_list":{"0":"post-17937","1":"product","2":"type-product","3":"status-publish","4":"has-post-thumbnail","6":"product_cat-accessories","7":"product_cat-sewage-pumping-stations","8":"product_tag-kingspan-en","9":"product_tag-standard-en","11":"first","12":"instock","13":"taxable","14":"shipping-taxable","15":"purchasable","16":"product-type-simple"},"acf":{"xymen_capacity":""},"yoast_head":"<!-- This site is optimized with the Yoast SEO plugin v27.1.1 - https:\/\/yoast.com\/product\/yoast-seo-wordpress\/ -->\n<title>Kingspan PSD1 Sewage Pumping Station with Pedrollo Top 2 Vortex Pump | XYMEN<\/title>\n<meta name=\"description\" content=\"The Kingspan PSD1 pumping station with Pedrollo Top 2 Vortex pump is the ideal solution where the infiltration of treated wastewater is located too deep.\" \/>\n<meta name=\"robots\" content=\"index, follow, max-snippet:-1, max-image-preview:large, max-video-preview:-1\" \/>\n<link rel=\"canonical\" href=\"https:\/\/xymen.pl\/en\/product\/kingspan-psd1-sewage-pumping-station-with-pedrollo-top-2-vortex-pump\/\" \/>\n<meta property=\"og:locale\" content=\"en_US\" \/>\n<meta property=\"og:type\" content=\"article\" \/>\n<meta property=\"og:title\" content=\"Kingspan PSD1 Sewage Pumping Station with Pedrollo Top 2 Vortex Pump | XYMEN\" \/>\n<meta property=\"og:description\" content=\"The Kingspan PSD1 pumping station with Pedrollo Top 2 Vortex pump is the ideal solution where the infiltration of treated wastewater is located too deep.\" \/>\n<meta property=\"og:url\" content=\"https:\/\/xymen.pl\/en\/product\/kingspan-psd1-sewage-pumping-station-with-pedrollo-top-2-vortex-pump\/\" \/>\n<meta property=\"og:site_name\" content=\"XYMEN\" \/>\n<meta property=\"og:image\" content=\"https:\/\/xymen.pl\/wp-content\/uploads\/2025\/03\/Przepompownia-kingspan-1-1024x1024.png\" \/>\n\t<meta property=\"og:image:width\" content=\"1024\" \/>\n\t<meta property=\"og:image:height\" content=\"1024\" \/>\n\t<meta property=\"og:image:type\" content=\"image\/png\" \/>\n<meta name=\"twitter:card\" content=\"summary_large_image\" \/>\n<meta name=\"twitter:label1\" content=\"Est. reading time\" \/>\n\t<meta name=\"twitter:data1\" content=\"1 minute\" \/>\n<script type=\"application\/ld+json\" class=\"yoast-schema-graph\">{\"@context\":\"https:\/\/schema.org\",\"@graph\":[{\"@type\":\"WebPage\",\"@id\":\"https:\/\/xymen.pl\/en\/product\/kingspan-psd1-sewage-pumping-station-with-pedrollo-top-2-vortex-pump\/\",\"url\":\"https:\/\/xymen.pl\/en\/product\/kingspan-psd1-sewage-pumping-station-with-pedrollo-top-2-vortex-pump\/\",\"name\":\"Kingspan PSD1 Sewage Pumping Station with Pedrollo Top 2 Vortex Pump | XYMEN\",\"isPartOf\":{\"@id\":\"https:\/\/xymen.pl\/en\/#website\"},\"primaryImageOfPage\":{\"@id\":\"https:\/\/xymen.pl\/en\/product\/kingspan-psd1-sewage-pumping-station-with-pedrollo-top-2-vortex-pump\/#primaryimage\"},\"image\":{\"@id\":\"https:\/\/xymen.pl\/en\/product\/kingspan-psd1-sewage-pumping-station-with-pedrollo-top-2-vortex-pump\/#primaryimage\"},\"thumbnailUrl\":\"https:\/\/xymen.pl\/wp-content\/uploads\/2025\/03\/Przepompownia-kingspan-1.png\",\"datePublished\":\"2025-03-02T16:04:07+00:00\",\"description\":\"The Kingspan PSD1 pumping station with Pedrollo Top 2 Vortex pump is the ideal solution where the infiltration of treated wastewater is located too deep.\",\"breadcrumb\":{\"@id\":\"https:\/\/xymen.pl\/en\/product\/kingspan-psd1-sewage-pumping-station-with-pedrollo-top-2-vortex-pump\/#breadcrumb\"},\"inLanguage\":\"en-US\",\"potentialAction\":[{\"@type\":\"ReadAction\",\"target\":[\"https:\/\/xymen.pl\/en\/product\/kingspan-psd1-sewage-pumping-station-with-pedrollo-top-2-vortex-pump\/\"]}]},{\"@type\":\"ImageObject\",\"inLanguage\":\"en-US\",\"@id\":\"https:\/\/xymen.pl\/en\/product\/kingspan-psd1-sewage-pumping-station-with-pedrollo-top-2-vortex-pump\/#primaryimage\",\"url\":\"https:\/\/xymen.pl\/wp-content\/uploads\/2025\/03\/Przepompownia-kingspan-1.png\",\"contentUrl\":\"https:\/\/xymen.pl\/wp-content\/uploads\/2025\/03\/Przepompownia-kingspan-1.png\",\"width\":4000,\"height\":4000},{\"@type\":\"BreadcrumbList\",\"@id\":\"https:\/\/xymen.pl\/en\/product\/kingspan-psd1-sewage-pumping-station-with-pedrollo-top-2-vortex-pump\/#breadcrumb\",\"itemListElement\":[{\"@type\":\"ListItem\",\"position\":1,\"name\":\"Products\",\"item\":\"https:\/\/xymen.pl\/en\/products\/\"},{\"@type\":\"ListItem\",\"position\":2,\"name\":\"Kingspan PSD1 Sewage Pumping Station with Pedrollo Top 2 Vortex Pump\"}]},{\"@type\":\"WebSite\",\"@id\":\"https:\/\/xymen.pl\/en\/#website\",\"url\":\"https:\/\/xymen.pl\/en\/\",\"name\":\"XYMEN\",\"description\":\"zbiorniki na deszcz\u00f3wk\u0119 | ekologiczne oczyszczalnie \u015bciek\u00f3w\",\"publisher\":{\"@id\":\"https:\/\/xymen.pl\/en\/#organization\"},\"potentialAction\":[{\"@type\":\"SearchAction\",\"target\":{\"@type\":\"EntryPoint\",\"urlTemplate\":\"https:\/\/xymen.pl\/en\/?s={search_term_string}\"},\"query-input\":{\"@type\":\"PropertyValueSpecification\",\"valueRequired\":true,\"valueName\":\"search_term_string\"}}],\"inLanguage\":\"en-US\"},{\"@type\":\"Organization\",\"@id\":\"https:\/\/xymen.pl\/en\/#organization\",\"name\":\"XYMEN\",\"url\":\"https:\/\/xymen.pl\/en\/\",\"logo\":{\"@type\":\"ImageObject\",\"inLanguage\":\"en-US\",\"@id\":\"https:\/\/xymen.pl\/en\/#\/schema\/logo\/image\/\",\"url\":\"https:\/\/xymen.pl\/wp-content\/uploads\/2023\/02\/xymenpl-logo-1612299642.png\",\"contentUrl\":\"https:\/\/xymen.pl\/wp-content\/uploads\/2023\/02\/xymenpl-logo-1612299642.png\",\"width\":222,\"height\":218,\"caption\":\"XYMEN\"},\"image\":{\"@id\":\"https:\/\/xymen.pl\/en\/#\/schema\/logo\/image\/\"}}]}<\/script>\n<!-- \/ Yoast SEO plugin. -->","yoast_head_json":{"title":"Kingspan PSD1 Sewage Pumping Station with Pedrollo Top 2 Vortex Pump | XYMEN","description":"The Kingspan PSD1 pumping station with Pedrollo Top 2 Vortex pump is the ideal solution where the infiltration of treated wastewater is located too deep.","robots":{"index":"index","follow":"follow","max-snippet":"max-snippet:-1","max-image-preview":"max-image-preview:large","max-video-preview":"max-video-preview:-1"},"canonical":"https:\/\/xymen.pl\/en\/product\/kingspan-psd1-sewage-pumping-station-with-pedrollo-top-2-vortex-pump\/","og_locale":"en_US","og_type":"article","og_title":"Kingspan PSD1 Sewage Pumping Station with Pedrollo Top 2 Vortex Pump | XYMEN","og_description":"The Kingspan PSD1 pumping station with Pedrollo Top 2 Vortex pump is the ideal solution where the infiltration of treated wastewater is located too deep.","og_url":"https:\/\/xymen.pl\/en\/product\/kingspan-psd1-sewage-pumping-station-with-pedrollo-top-2-vortex-pump\/","og_site_name":"XYMEN","og_image":[{"width":1024,"height":1024,"url":"https:\/\/xymen.pl\/wp-content\/uploads\/2025\/03\/Przepompownia-kingspan-1-1024x1024.png","type":"image\/png"}],"twitter_card":"summary_large_image","twitter_misc":{"Est. reading time":"1 minute"},"schema":{"@context":"https:\/\/schema.org","@graph":[{"@type":"WebPage","@id":"https:\/\/xymen.pl\/en\/product\/kingspan-psd1-sewage-pumping-station-with-pedrollo-top-2-vortex-pump\/","url":"https:\/\/xymen.pl\/en\/product\/kingspan-psd1-sewage-pumping-station-with-pedrollo-top-2-vortex-pump\/","name":"Kingspan PSD1 Sewage Pumping Station with Pedrollo Top 2 Vortex Pump | XYMEN","isPartOf":{"@id":"https:\/\/xymen.pl\/en\/#website"},"primaryImageOfPage":{"@id":"https:\/\/xymen.pl\/en\/product\/kingspan-psd1-sewage-pumping-station-with-pedrollo-top-2-vortex-pump\/#primaryimage"},"image":{"@id":"https:\/\/xymen.pl\/en\/product\/kingspan-psd1-sewage-pumping-station-with-pedrollo-top-2-vortex-pump\/#primaryimage"},"thumbnailUrl":"https:\/\/xymen.pl\/wp-content\/uploads\/2025\/03\/Przepompownia-kingspan-1.png","datePublished":"2025-03-02T16:04:07+00:00","description":"The Kingspan PSD1 pumping station with Pedrollo Top 2 Vortex pump is the ideal solution where the infiltration of treated wastewater is located too deep.","breadcrumb":{"@id":"https:\/\/xymen.pl\/en\/product\/kingspan-psd1-sewage-pumping-station-with-pedrollo-top-2-vortex-pump\/#breadcrumb"},"inLanguage":"en-US","potentialAction":[{"@type":"ReadAction","target":["https:\/\/xymen.pl\/en\/product\/kingspan-psd1-sewage-pumping-station-with-pedrollo-top-2-vortex-pump\/"]}]},{"@type":"ImageObject","inLanguage":"en-US","@id":"https:\/\/xymen.pl\/en\/product\/kingspan-psd1-sewage-pumping-station-with-pedrollo-top-2-vortex-pump\/#primaryimage","url":"https:\/\/xymen.pl\/wp-content\/uploads\/2025\/03\/Przepompownia-kingspan-1.png","contentUrl":"https:\/\/xymen.pl\/wp-content\/uploads\/2025\/03\/Przepompownia-kingspan-1.png","width":4000,"height":4000},{"@type":"BreadcrumbList","@id":"https:\/\/xymen.pl\/en\/product\/kingspan-psd1-sewage-pumping-station-with-pedrollo-top-2-vortex-pump\/#breadcrumb","itemListElement":[{"@type":"ListItem","position":1,"name":"Products","item":"https:\/\/xymen.pl\/en\/products\/"},{"@type":"ListItem","position":2,"name":"Kingspan PSD1 Sewage Pumping Station with Pedrollo Top 2 Vortex Pump"}]},{"@type":"WebSite","@id":"https:\/\/xymen.pl\/en\/#website","url":"https:\/\/xymen.pl\/en\/","name":"XYMEN","description":"zbiorniki na deszcz\u00f3wk\u0119 | ekologiczne oczyszczalnie \u015bciek\u00f3w","publisher":{"@id":"https:\/\/xymen.pl\/en\/#organization"},"potentialAction":[{"@type":"SearchAction","target":{"@type":"EntryPoint","urlTemplate":"https:\/\/xymen.pl\/en\/?s={search_term_string}"},"query-input":{"@type":"PropertyValueSpecification","valueRequired":true,"valueName":"search_term_string"}}],"inLanguage":"en-US"},{"@type":"Organization","@id":"https:\/\/xymen.pl\/en\/#organization","name":"XYMEN","url":"https:\/\/xymen.pl\/en\/","logo":{"@type":"ImageObject","inLanguage":"en-US","@id":"https:\/\/xymen.pl\/en\/#\/schema\/logo\/image\/","url":"https:\/\/xymen.pl\/wp-content\/uploads\/2023\/02\/xymenpl-logo-1612299642.png","contentUrl":"https:\/\/xymen.pl\/wp-content\/uploads\/2023\/02\/xymenpl-logo-1612299642.png","width":222,"height":218,"caption":"XYMEN"},"image":{"@id":"https:\/\/xymen.pl\/en\/#\/schema\/logo\/image\/"}}]}},"_links":{"self":[{"href":"https:\/\/xymen.pl\/en\/wp-json\/wp\/v2\/product\/17937","targetHints":{"allow":["GET"]}}],"collection":[{"href":"https:\/\/xymen.pl\/en\/wp-json\/wp\/v2\/product"}],"about":[{"href":"https:\/\/xymen.pl\/en\/wp-json\/wp\/v2\/types\/product"}],"replies":[{"embeddable":true,"href":"https:\/\/xymen.pl\/en\/wp-json\/wp\/v2\/comments?post=17937"}],"wp:featuredmedia":[{"embeddable":true,"href":"https:\/\/xymen.pl\/en\/wp-json\/wp\/v2\/media\/15639"}],"wp:attachment":[{"href":"https:\/\/xymen.pl\/en\/wp-json\/wp\/v2\/media?parent=17937"}],"wp:term":[{"taxonomy":"product_brand","embeddable":true,"href":"https:\/\/xymen.pl\/en\/wp-json\/wp\/v2\/product_brand?post=17937"},{"taxonomy":"product_cat","embeddable":true,"href":"https:\/\/xymen.pl\/en\/wp-json\/wp\/v2\/product_cat?post=17937"},{"taxonomy":"product_tag","embeddable":true,"href":"https:\/\/xymen.pl\/en\/wp-json\/wp\/v2\/product_tag?post=17937"}],"curies":[{"name":"wp","href":"https:\/\/api.w.org\/{rel}","templated":true}]}}