{"id":17943,"date":"2025-03-05T19:56:12","date_gmt":"2025-03-05T18:56:12","guid":{"rendered":"https:\/\/xymen.pl\/produkt\/controlbox-3-0-fuel-terminal\/"},"modified":"2025-03-05T19:56:12","modified_gmt":"2025-03-05T18:56:12","slug":"controlbox-3-0-fuel-terminal","status":"publish","type":"product","link":"https:\/\/xymen.pl\/en\/product\/controlbox-3-0-fuel-terminal\/","title":{"rendered":"ControlBox 3.0 fuel terminal"},"content":{"rendered":"<p><img decoding=\"async\" class=\"alignnone wp-image-9736 size-medium\" src=\"https:\/\/xymen.pl\/wp-content\/uploads\/2025\/03\/controlbox-z-tlem-300x45.png\" alt=\"\" width=\"300\" height=\"45\" srcset=\"https:\/\/xymen.pl\/wp-content\/uploads\/2025\/03\/controlbox-z-tlem-300x45.png 300w, https:\/\/xymen.pl\/wp-content\/uploads\/2025\/03\/controlbox-z-tlem-768x115.png 768w, https:\/\/xymen.pl\/wp-content\/uploads\/2025\/03\/controlbox-z-tlem-600x90.png 600w, https:\/\/xymen.pl\/wp-content\/uploads\/2025\/03\/controlbox-z-tlem.png 1000w\" sizes=\"(max-width: 300px) 100vw, 300px\" \/><\/p>\n<h2>An advanced fuel terminal for everyone! ControlBox 3.0 <\/h2>\n<p>The ControlBox 3.0 terminal is the ideal solution if you want to manage fuel distribution in your company. It is the flagship product of the ControlBox brand. The main differences between the 2.0 and 3.0 terminals are several functionalities and the level of refueling verification. In version 3.0, we get three-stage verification: driver + vehicle + vehicle mileage, which allows for even greater control over fuel expenditure. Its little brother, version 2.0, offers two-stage verification: driver or vehicle and vehicle mileage. Several tanks can be connected to both version 2.0 and 3.0 terminals and controlled using solenoid valves. An interesting solution, especially for large companies.      <\/p>\n<h4>By installing the ControlBox 3.0 fuel management system, you gain:<\/h4>\n<ul>\n<li>Ability to refuel only for authorized users using a card\/key fob<\/li>\n<li>3-step fuel refueling control: employee\/vehicle\/vehicle mileage<\/li>\n<li>Exact amount of fuel refilled: date, time, vehicle odometer reading<\/li>\n<li>Calculating average fuel consumption for each vehicle<\/li>\n<li>Measuring fuel quantity\/level in the tank<\/li>\n<li>Automatic pump on\/off<\/li>\n<li>Fuel temperature measurement\/Conversion to 15 degrees<\/li>\n<li>Protecting the pump against dry suction<\/li>\n<li>Support for multiple probes<\/li>\n<li>Very high accuracy of fuel measurement in liters 0.01<\/li>\n<li>Ability to hide the quantity of liters refueled<\/li>\n<li>Automatic fuel delivery registration<\/li>\n<li>Sending low fuel level alerts via SMS\/email<\/li>\n<li>Large, industrial touch display<\/li>\n<li>Programming cards and key fobs online or manually at the terminal<\/li>\n<li>Non-volatile buffer of the last 50 refuelings<\/li>\n<li>Automatic fuel supplier notification function &#8211; automatic fuel ordering<br \/>\nvia SMS\/email<\/li>\n<li>GSM signal loss alarm via SMS\/email<\/li>\n<li>Ability to set limits for a given vehicle<\/li>\n<li>Sending SMS\/email alerts for low and high fuel temperatures<\/li>\n<li>Sending power failure alerts to the facility via SMS\/email<\/li>\n<li>Any number of user subaccounts<\/li>\n<li>Switching solenoid valves between tanks<\/li>\n<\/ul>\n<h5>By Logging in from Anywhere on Earth, You Gain Full Control over your Fuel.<\/h5>\n<p><img fetchpriority=\"high\" decoding=\"async\" class=\"alignnone wp-image-9735 size-medium\" src=\"https:\/\/xymen.pl\/wp-content\/uploads\/2025\/03\/Komunikacja-ControlBox-300x300.png\" alt=\"\" width=\"300\" height=\"300\" srcset=\"https:\/\/xymen.pl\/wp-content\/uploads\/2025\/03\/Komunikacja-ControlBox-300x300.png 300w, https:\/\/xymen.pl\/wp-content\/uploads\/2025\/03\/Komunikacja-ControlBox-1024x1024.png 1024w, https:\/\/xymen.pl\/wp-content\/uploads\/2025\/03\/Komunikacja-ControlBox-150x150.png 150w, https:\/\/xymen.pl\/wp-content\/uploads\/2025\/03\/Komunikacja-ControlBox-768x768.png 768w, https:\/\/xymen.pl\/wp-content\/uploads\/2025\/03\/Komunikacja-ControlBox-1536x1536.png 1536w, https:\/\/xymen.pl\/wp-content\/uploads\/2025\/03\/Komunikacja-ControlBox-2048x2048.png 2048w, https:\/\/xymen.pl\/wp-content\/uploads\/2025\/03\/Komunikacja-ControlBox-600x600.png 600w, https:\/\/xymen.pl\/wp-content\/uploads\/2025\/03\/Komunikacja-ControlBox-100x100.png 100w, https:\/\/xymen.pl\/wp-content\/uploads\/2025\/03\/Komunikacja-ControlBox-50x50.png 50w\" sizes=\"(max-width: 300px) 100vw, 300px\" \/><\/p>\n<div class=\"ProductOverview__content__bulletPoints__list\">\n<div class=\"ProductOverview__content__bulletPoints__list__second \">\n<p>&nbsp;<\/p>\n<\/div>\n<\/div>\n<p>The price includes a free subscription for a specified period and an RFID starter kit &#8211; call and ask for details.<\/p>\n","protected":false},"excerpt":{"rendered":"<p>ControlBox 3.0 fuel management system<\/p>\n","protected":false},"featured_media":9733,"comment_status":"open","ping_status":"closed","template":"","meta":{"_acf_changed":false,"_glsr_average":0,"_glsr_ranking":0,"_glsr_reviews":0},"product_brand":[],"product_cat":[386,523],"product_tag":[524,352],"class_list":{"0":"post-17943","1":"product","2":"type-product","3":"status-publish","4":"has-post-thumbnail","6":"product_cat-diesel-fuel-tanks","7":"product_cat-fuel-management-systems","8":"product_tag-controlbox-en","9":"product_tag-standard-en","11":"first","12":"instock","13":"taxable","14":"shipping-taxable","15":"purchasable","16":"product-type-simple"},"acf":{"xymen_capacity":""},"yoast_head":"<!-- This site is optimized with the Yoast SEO plugin v27.1.1 - https:\/\/yoast.com\/product\/yoast-seo-wordpress\/ -->\n<title>ControlBox 3.0 fuel terminal<\/title>\n<meta name=\"description\" content=\"The ControlBox 3.0 fuel terminal is an innovative solution in the field of fuel management systems. A solution for companies that want to control their fuel expenditure.\" \/>\n<meta name=\"robots\" content=\"index, follow, max-snippet:-1, max-image-preview:large, max-video-preview:-1\" \/>\n<link rel=\"canonical\" href=\"https:\/\/xymen.pl\/en\/product\/controlbox-3-0-fuel-terminal\/\" \/>\n<meta property=\"og:locale\" content=\"en_US\" \/>\n<meta property=\"og:type\" content=\"article\" \/>\n<meta property=\"og:title\" content=\"ControlBox 3.0 fuel terminal\" \/>\n<meta property=\"og:description\" content=\"The ControlBox 3.0 fuel terminal is an innovative solution in the field of fuel management systems. A solution for companies that want to control their fuel expenditure.\" \/>\n<meta property=\"og:url\" content=\"https:\/\/xymen.pl\/en\/product\/controlbox-3-0-fuel-terminal\/\" \/>\n<meta property=\"og:site_name\" content=\"XYMEN\" \/>\n<meta property=\"og:image\" content=\"https:\/\/xymen.pl\/wp-content\/uploads\/2025\/03\/ControlBox-1024x1024.png\" \/>\n\t<meta property=\"og:image:width\" content=\"1024\" \/>\n\t<meta property=\"og:image:height\" content=\"1024\" \/>\n\t<meta property=\"og:image:type\" content=\"image\/png\" \/>\n<meta name=\"twitter:card\" content=\"summary_large_image\" \/>\n<meta name=\"twitter:label1\" content=\"Est. reading time\" \/>\n\t<meta name=\"twitter:data1\" content=\"2 minutes\" \/>\n<script type=\"application\/ld+json\" class=\"yoast-schema-graph\">{\"@context\":\"https:\/\/schema.org\",\"@graph\":[{\"@type\":\"WebPage\",\"@id\":\"https:\/\/xymen.pl\/en\/product\/controlbox-3-0-fuel-terminal\/\",\"url\":\"https:\/\/xymen.pl\/en\/product\/controlbox-3-0-fuel-terminal\/\",\"name\":\"ControlBox 3.0 fuel terminal\",\"isPartOf\":{\"@id\":\"https:\/\/xymen.pl\/en\/#website\"},\"primaryImageOfPage\":{\"@id\":\"https:\/\/xymen.pl\/en\/product\/controlbox-3-0-fuel-terminal\/#primaryimage\"},\"image\":{\"@id\":\"https:\/\/xymen.pl\/en\/product\/controlbox-3-0-fuel-terminal\/#primaryimage\"},\"thumbnailUrl\":\"https:\/\/xymen.pl\/wp-content\/uploads\/2025\/03\/ControlBox.png\",\"datePublished\":\"2025-03-05T18:56:12+00:00\",\"description\":\"The ControlBox 3.0 fuel terminal is an innovative solution in the field of fuel management systems. A solution for companies that want to control their fuel expenditure.\",\"breadcrumb\":{\"@id\":\"https:\/\/xymen.pl\/en\/product\/controlbox-3-0-fuel-terminal\/#breadcrumb\"},\"inLanguage\":\"en-US\",\"potentialAction\":[{\"@type\":\"ReadAction\",\"target\":[\"https:\/\/xymen.pl\/en\/product\/controlbox-3-0-fuel-terminal\/\"]}]},{\"@type\":\"ImageObject\",\"inLanguage\":\"en-US\",\"@id\":\"https:\/\/xymen.pl\/en\/product\/controlbox-3-0-fuel-terminal\/#primaryimage\",\"url\":\"https:\/\/xymen.pl\/wp-content\/uploads\/2025\/03\/ControlBox.png\",\"contentUrl\":\"https:\/\/xymen.pl\/wp-content\/uploads\/2025\/03\/ControlBox.png\",\"width\":4000,\"height\":4000},{\"@type\":\"BreadcrumbList\",\"@id\":\"https:\/\/xymen.pl\/en\/product\/controlbox-3-0-fuel-terminal\/#breadcrumb\",\"itemListElement\":[{\"@type\":\"ListItem\",\"position\":1,\"name\":\"Products\",\"item\":\"https:\/\/xymen.pl\/en\/products\/\"},{\"@type\":\"ListItem\",\"position\":2,\"name\":\"ControlBox 3.0 fuel terminal\"}]},{\"@type\":\"WebSite\",\"@id\":\"https:\/\/xymen.pl\/en\/#website\",\"url\":\"https:\/\/xymen.pl\/en\/\",\"name\":\"XYMEN\",\"description\":\"zbiorniki na deszcz\u00f3wk\u0119 | ekologiczne oczyszczalnie \u015bciek\u00f3w\",\"publisher\":{\"@id\":\"https:\/\/xymen.pl\/en\/#organization\"},\"potentialAction\":[{\"@type\":\"SearchAction\",\"target\":{\"@type\":\"EntryPoint\",\"urlTemplate\":\"https:\/\/xymen.pl\/en\/?s={search_term_string}\"},\"query-input\":{\"@type\":\"PropertyValueSpecification\",\"valueRequired\":true,\"valueName\":\"search_term_string\"}}],\"inLanguage\":\"en-US\"},{\"@type\":\"Organization\",\"@id\":\"https:\/\/xymen.pl\/en\/#organization\",\"name\":\"XYMEN\",\"url\":\"https:\/\/xymen.pl\/en\/\",\"logo\":{\"@type\":\"ImageObject\",\"inLanguage\":\"en-US\",\"@id\":\"https:\/\/xymen.pl\/en\/#\/schema\/logo\/image\/\",\"url\":\"https:\/\/xymen.pl\/wp-content\/uploads\/2023\/02\/xymenpl-logo-1612299642.png\",\"contentUrl\":\"https:\/\/xymen.pl\/wp-content\/uploads\/2023\/02\/xymenpl-logo-1612299642.png\",\"width\":222,\"height\":218,\"caption\":\"XYMEN\"},\"image\":{\"@id\":\"https:\/\/xymen.pl\/en\/#\/schema\/logo\/image\/\"}}]}<\/script>\n<!-- \/ Yoast SEO plugin. -->","yoast_head_json":{"title":"ControlBox 3.0 fuel terminal","description":"The ControlBox 3.0 fuel terminal is an innovative solution in the field of fuel management systems. A solution for companies that want to control their fuel expenditure.","robots":{"index":"index","follow":"follow","max-snippet":"max-snippet:-1","max-image-preview":"max-image-preview:large","max-video-preview":"max-video-preview:-1"},"canonical":"https:\/\/xymen.pl\/en\/product\/controlbox-3-0-fuel-terminal\/","og_locale":"en_US","og_type":"article","og_title":"ControlBox 3.0 fuel terminal","og_description":"The ControlBox 3.0 fuel terminal is an innovative solution in the field of fuel management systems. A solution for companies that want to control their fuel expenditure.","og_url":"https:\/\/xymen.pl\/en\/product\/controlbox-3-0-fuel-terminal\/","og_site_name":"XYMEN","og_image":[{"width":1024,"height":1024,"url":"https:\/\/xymen.pl\/wp-content\/uploads\/2025\/03\/ControlBox-1024x1024.png","type":"image\/png"}],"twitter_card":"summary_large_image","twitter_misc":{"Est. reading time":"2 minutes"},"schema":{"@context":"https:\/\/schema.org","@graph":[{"@type":"WebPage","@id":"https:\/\/xymen.pl\/en\/product\/controlbox-3-0-fuel-terminal\/","url":"https:\/\/xymen.pl\/en\/product\/controlbox-3-0-fuel-terminal\/","name":"ControlBox 3.0 fuel terminal","isPartOf":{"@id":"https:\/\/xymen.pl\/en\/#website"},"primaryImageOfPage":{"@id":"https:\/\/xymen.pl\/en\/product\/controlbox-3-0-fuel-terminal\/#primaryimage"},"image":{"@id":"https:\/\/xymen.pl\/en\/product\/controlbox-3-0-fuel-terminal\/#primaryimage"},"thumbnailUrl":"https:\/\/xymen.pl\/wp-content\/uploads\/2025\/03\/ControlBox.png","datePublished":"2025-03-05T18:56:12+00:00","description":"The ControlBox 3.0 fuel terminal is an innovative solution in the field of fuel management systems. A solution for companies that want to control their fuel expenditure.","breadcrumb":{"@id":"https:\/\/xymen.pl\/en\/product\/controlbox-3-0-fuel-terminal\/#breadcrumb"},"inLanguage":"en-US","potentialAction":[{"@type":"ReadAction","target":["https:\/\/xymen.pl\/en\/product\/controlbox-3-0-fuel-terminal\/"]}]},{"@type":"ImageObject","inLanguage":"en-US","@id":"https:\/\/xymen.pl\/en\/product\/controlbox-3-0-fuel-terminal\/#primaryimage","url":"https:\/\/xymen.pl\/wp-content\/uploads\/2025\/03\/ControlBox.png","contentUrl":"https:\/\/xymen.pl\/wp-content\/uploads\/2025\/03\/ControlBox.png","width":4000,"height":4000},{"@type":"BreadcrumbList","@id":"https:\/\/xymen.pl\/en\/product\/controlbox-3-0-fuel-terminal\/#breadcrumb","itemListElement":[{"@type":"ListItem","position":1,"name":"Products","item":"https:\/\/xymen.pl\/en\/products\/"},{"@type":"ListItem","position":2,"name":"ControlBox 3.0 fuel terminal"}]},{"@type":"WebSite","@id":"https:\/\/xymen.pl\/en\/#website","url":"https:\/\/xymen.pl\/en\/","name":"XYMEN","description":"zbiorniki na deszcz\u00f3wk\u0119 | ekologiczne oczyszczalnie \u015bciek\u00f3w","publisher":{"@id":"https:\/\/xymen.pl\/en\/#organization"},"potentialAction":[{"@type":"SearchAction","target":{"@type":"EntryPoint","urlTemplate":"https:\/\/xymen.pl\/en\/?s={search_term_string}"},"query-input":{"@type":"PropertyValueSpecification","valueRequired":true,"valueName":"search_term_string"}}],"inLanguage":"en-US"},{"@type":"Organization","@id":"https:\/\/xymen.pl\/en\/#organization","name":"XYMEN","url":"https:\/\/xymen.pl\/en\/","logo":{"@type":"ImageObject","inLanguage":"en-US","@id":"https:\/\/xymen.pl\/en\/#\/schema\/logo\/image\/","url":"https:\/\/xymen.pl\/wp-content\/uploads\/2023\/02\/xymenpl-logo-1612299642.png","contentUrl":"https:\/\/xymen.pl\/wp-content\/uploads\/2023\/02\/xymenpl-logo-1612299642.png","width":222,"height":218,"caption":"XYMEN"},"image":{"@id":"https:\/\/xymen.pl\/en\/#\/schema\/logo\/image\/"}}]}},"_links":{"self":[{"href":"https:\/\/xymen.pl\/en\/wp-json\/wp\/v2\/product\/17943","targetHints":{"allow":["GET"]}}],"collection":[{"href":"https:\/\/xymen.pl\/en\/wp-json\/wp\/v2\/product"}],"about":[{"href":"https:\/\/xymen.pl\/en\/wp-json\/wp\/v2\/types\/product"}],"replies":[{"embeddable":true,"href":"https:\/\/xymen.pl\/en\/wp-json\/wp\/v2\/comments?post=17943"}],"wp:featuredmedia":[{"embeddable":true,"href":"https:\/\/xymen.pl\/en\/wp-json\/wp\/v2\/media\/9733"}],"wp:attachment":[{"href":"https:\/\/xymen.pl\/en\/wp-json\/wp\/v2\/media?parent=17943"}],"wp:term":[{"taxonomy":"product_brand","embeddable":true,"href":"https:\/\/xymen.pl\/en\/wp-json\/wp\/v2\/product_brand?post=17943"},{"taxonomy":"product_cat","embeddable":true,"href":"https:\/\/xymen.pl\/en\/wp-json\/wp\/v2\/product_cat?post=17943"},{"taxonomy":"product_tag","embeddable":true,"href":"https:\/\/xymen.pl\/en\/wp-json\/wp\/v2\/product_tag?post=17943"}],"curies":[{"name":"wp","href":"https:\/\/api.w.org\/{rel}","templated":true}]}}