{"id":18125,"date":"2025-09-21T13:25:57","date_gmt":"2025-09-21T11:25:57","guid":{"rendered":"https:\/\/xymen.pl\/?post_type=product&#038;p=18125"},"modified":"2025-10-21T11:20:20","modified_gmt":"2025-10-21T09:20:20","slug":"metria-1500l-ad-blue-tank-kopia","status":"publish","type":"product","link":"https:\/\/xymen.pl\/en\/product\/metria-1500l-ad-blue-tank-kopia\/","title":{"rendered":"Metria 1500L AD-BLUE tank"},"content":{"rendered":"<p><img fetchpriority=\"high\" decoding=\"async\" class=\"alignnone size-medium wp-image-3391\" src=\"https:\/\/xymen.pl\/wp-content\/uploads\/2023\/03\/3-300x212.png\" alt=\"\" width=\"300\" height=\"212\" srcset=\"https:\/\/xymen.pl\/wp-content\/uploads\/2023\/03\/3-300x212.png 300w, https:\/\/xymen.pl\/wp-content\/uploads\/2023\/03\/3-1024x723.png 1024w, https:\/\/xymen.pl\/wp-content\/uploads\/2023\/03\/3-768x542.png 768w, https:\/\/xymen.pl\/wp-content\/uploads\/2023\/03\/3-1536x1084.png 1536w, https:\/\/xymen.pl\/wp-content\/uploads\/2023\/03\/3-600x423.png 600w, https:\/\/xymen.pl\/wp-content\/uploads\/2023\/03\/3.png 2008w\" sizes=\"(max-width: 300px) 100vw, 300px\" \/><\/p>\n<p>AdBlue is the commercial name for a 32.5% urea solution used in the exhaust systems of vans and trucks.<\/p>\n<p>Using this substance has significantly reduced the emission of harmful nitrogen oxides.<\/p>\n<p>SCR technology converts nitrogen oxides into non-toxic nitrogen and water vapor using catalysts that utilize ammonia as a reducing agent.<\/p>\n<p>Since ammonia is a hazardous substance, its use is limited in road transport.<\/p>\n<p>Commercial vehicles use a non-toxic, odorless 32.5% aqueous urea solution, known as AdBlue.<\/p>\n<p>&nbsp;<\/p>\n<p>Tanks for transporting and storing AdBlue are made from mechanically resistant materials, making them ideal for use in the transport, agriculture, and industrial sectors.<\/p>\n<p>METRIA fuel tanks are manufactured using rotational molding, which is currently considered the best method for constructing tanks for fuel and chemicals. The polyethylene used in production is highly resistant to mechanical damage, changing weather conditions, and UV radiation.<\/p>\n<p>Tank equipment:<\/p>\n<p>&#8211; mounting board<\/p>\n<p>&#8211; AdBlue pump 40L\/m<\/p>\n<p>&#8211; stainless steel tap<\/p>\n<p>&#8211; 6 m dispensing hose<\/p>\n<p>The manufacturer provides a 2-year warranty on components and a 10-year warranty on the tank.<\/p>\n","protected":false},"excerpt":{"rendered":"<p>Metria 1500L AD-BLUE tank<\/p>\n","protected":false},"featured_media":18073,"comment_status":"open","ping_status":"closed","template":"","meta":{"_acf_changed":false,"_glsr_average":0,"_glsr_ranking":0,"_glsr_reviews":0},"product_brand":[],"product_cat":[428,429],"product_tag":[382,381],"class_list":{"0":"post-18125","1":"product","2":"type-product","3":"status-publish","4":"has-post-thumbnail","6":"product_cat-adblue-tanks","7":"product_cat-double-wall-tanks","8":"product_tag-nolen-en","9":"product_tag-with-variants","11":"first","12":"instock","13":"taxable","14":"shipping-taxable","15":"purchasable","16":"product-type-variable","17":"has-default-attributes"},"acf":{"xymen_capacity":""},"yoast_head":"<!-- This site is optimized with the Yoast SEO plugin v27.1.1 - https:\/\/yoast.com\/product\/yoast-seo-wordpress\/ -->\n<title>Metria 1500L AD-BLUE tank | XYMEN<\/title>\n<meta name=\"description\" content=\"Metria 1500L AD-BLUE tank\" \/>\n<meta name=\"robots\" content=\"index, follow, max-snippet:-1, max-image-preview:large, max-video-preview:-1\" \/>\n<link rel=\"canonical\" href=\"https:\/\/xymen.pl\/en\/product\/metria-1500l-ad-blue-tank-kopia\/\" \/>\n<meta property=\"og:locale\" content=\"en_US\" \/>\n<meta property=\"og:type\" content=\"article\" \/>\n<meta property=\"og:title\" content=\"Metria 1500L AD-BLUE tank | XYMEN\" \/>\n<meta property=\"og:description\" content=\"Metria 1500L AD-BLUE tank\" \/>\n<meta property=\"og:url\" content=\"https:\/\/xymen.pl\/en\/product\/metria-1500l-ad-blue-tank-kopia\/\" \/>\n<meta property=\"og:site_name\" content=\"XYMEN\" \/>\n<meta property=\"article:modified_time\" content=\"2025-10-21T09:20:20+00:00\" \/>\n<meta property=\"og:image\" content=\"https:\/\/xymen.pl\/wp-content\/uploads\/2025\/09\/Zbiornik-na-adblue-1500L-B-METRIA-4-scaled.png\" \/>\n\t<meta property=\"og:image:width\" content=\"2560\" \/>\n\t<meta property=\"og:image:height\" content=\"2560\" \/>\n\t<meta property=\"og:image:type\" content=\"image\/png\" \/>\n<meta name=\"twitter:card\" content=\"summary_large_image\" \/>\n<meta name=\"twitter:label1\" content=\"Est. reading time\" \/>\n\t<meta name=\"twitter:data1\" content=\"2 minutes\" \/>\n<script type=\"application\/ld+json\" class=\"yoast-schema-graph\">{\"@context\":\"https:\/\/schema.org\",\"@graph\":[{\"@type\":\"WebPage\",\"@id\":\"https:\/\/xymen.pl\/en\/product\/metria-1500l-ad-blue-tank-kopia\/\",\"url\":\"https:\/\/xymen.pl\/en\/product\/metria-1500l-ad-blue-tank-kopia\/\",\"name\":\"Metria 1500L AD-BLUE tank | XYMEN\",\"isPartOf\":{\"@id\":\"https:\/\/xymen.pl\/en\/#website\"},\"primaryImageOfPage\":{\"@id\":\"https:\/\/xymen.pl\/en\/product\/metria-1500l-ad-blue-tank-kopia\/#primaryimage\"},\"image\":{\"@id\":\"https:\/\/xymen.pl\/en\/product\/metria-1500l-ad-blue-tank-kopia\/#primaryimage\"},\"thumbnailUrl\":\"https:\/\/xymen.pl\/wp-content\/uploads\/2025\/09\/Zbiornik-na-adblue-1500L-B-METRIA-4-scaled.png\",\"datePublished\":\"2025-09-21T11:25:57+00:00\",\"dateModified\":\"2025-10-21T09:20:20+00:00\",\"description\":\"Metria 1500L AD-BLUE tank\",\"breadcrumb\":{\"@id\":\"https:\/\/xymen.pl\/en\/product\/metria-1500l-ad-blue-tank-kopia\/#breadcrumb\"},\"inLanguage\":\"en-US\",\"potentialAction\":[{\"@type\":\"ReadAction\",\"target\":[\"https:\/\/xymen.pl\/en\/product\/metria-1500l-ad-blue-tank-kopia\/\"]}]},{\"@type\":\"ImageObject\",\"inLanguage\":\"en-US\",\"@id\":\"https:\/\/xymen.pl\/en\/product\/metria-1500l-ad-blue-tank-kopia\/#primaryimage\",\"url\":\"https:\/\/xymen.pl\/wp-content\/uploads\/2025\/09\/Zbiornik-na-adblue-1500L-B-METRIA-4-scaled.png\",\"contentUrl\":\"https:\/\/xymen.pl\/wp-content\/uploads\/2025\/09\/Zbiornik-na-adblue-1500L-B-METRIA-4-scaled.png\",\"width\":2560,\"height\":2560},{\"@type\":\"BreadcrumbList\",\"@id\":\"https:\/\/xymen.pl\/en\/product\/metria-1500l-ad-blue-tank-kopia\/#breadcrumb\",\"itemListElement\":[{\"@type\":\"ListItem\",\"position\":1,\"name\":\"Products\",\"item\":\"https:\/\/xymen.pl\/en\/products\/\"},{\"@type\":\"ListItem\",\"position\":2,\"name\":\"Metria 1500L AD-BLUE tank\"}]},{\"@type\":\"WebSite\",\"@id\":\"https:\/\/xymen.pl\/en\/#website\",\"url\":\"https:\/\/xymen.pl\/en\/\",\"name\":\"XYMEN\",\"description\":\"zbiorniki na deszcz\u00f3wk\u0119 | ekologiczne oczyszczalnie \u015bciek\u00f3w\",\"publisher\":{\"@id\":\"https:\/\/xymen.pl\/en\/#organization\"},\"potentialAction\":[{\"@type\":\"SearchAction\",\"target\":{\"@type\":\"EntryPoint\",\"urlTemplate\":\"https:\/\/xymen.pl\/en\/?s={search_term_string}\"},\"query-input\":{\"@type\":\"PropertyValueSpecification\",\"valueRequired\":true,\"valueName\":\"search_term_string\"}}],\"inLanguage\":\"en-US\"},{\"@type\":\"Organization\",\"@id\":\"https:\/\/xymen.pl\/en\/#organization\",\"name\":\"XYMEN\",\"url\":\"https:\/\/xymen.pl\/en\/\",\"logo\":{\"@type\":\"ImageObject\",\"inLanguage\":\"en-US\",\"@id\":\"https:\/\/xymen.pl\/en\/#\/schema\/logo\/image\/\",\"url\":\"https:\/\/xymen.pl\/wp-content\/uploads\/2023\/02\/xymenpl-logo-1612299642.png\",\"contentUrl\":\"https:\/\/xymen.pl\/wp-content\/uploads\/2023\/02\/xymenpl-logo-1612299642.png\",\"width\":222,\"height\":218,\"caption\":\"XYMEN\"},\"image\":{\"@id\":\"https:\/\/xymen.pl\/en\/#\/schema\/logo\/image\/\"}}]}<\/script>\n<!-- \/ Yoast SEO plugin. -->","yoast_head_json":{"title":"Metria 1500L AD-BLUE tank | XYMEN","description":"Metria 1500L AD-BLUE tank","robots":{"index":"index","follow":"follow","max-snippet":"max-snippet:-1","max-image-preview":"max-image-preview:large","max-video-preview":"max-video-preview:-1"},"canonical":"https:\/\/xymen.pl\/en\/product\/metria-1500l-ad-blue-tank-kopia\/","og_locale":"en_US","og_type":"article","og_title":"Metria 1500L AD-BLUE tank | XYMEN","og_description":"Metria 1500L AD-BLUE tank","og_url":"https:\/\/xymen.pl\/en\/product\/metria-1500l-ad-blue-tank-kopia\/","og_site_name":"XYMEN","article_modified_time":"2025-10-21T09:20:20+00:00","og_image":[{"width":2560,"height":2560,"url":"https:\/\/xymen.pl\/wp-content\/uploads\/2025\/09\/Zbiornik-na-adblue-1500L-B-METRIA-4-scaled.png","type":"image\/png"}],"twitter_card":"summary_large_image","twitter_misc":{"Est. reading time":"2 minutes"},"schema":{"@context":"https:\/\/schema.org","@graph":[{"@type":"WebPage","@id":"https:\/\/xymen.pl\/en\/product\/metria-1500l-ad-blue-tank-kopia\/","url":"https:\/\/xymen.pl\/en\/product\/metria-1500l-ad-blue-tank-kopia\/","name":"Metria 1500L AD-BLUE tank | XYMEN","isPartOf":{"@id":"https:\/\/xymen.pl\/en\/#website"},"primaryImageOfPage":{"@id":"https:\/\/xymen.pl\/en\/product\/metria-1500l-ad-blue-tank-kopia\/#primaryimage"},"image":{"@id":"https:\/\/xymen.pl\/en\/product\/metria-1500l-ad-blue-tank-kopia\/#primaryimage"},"thumbnailUrl":"https:\/\/xymen.pl\/wp-content\/uploads\/2025\/09\/Zbiornik-na-adblue-1500L-B-METRIA-4-scaled.png","datePublished":"2025-09-21T11:25:57+00:00","dateModified":"2025-10-21T09:20:20+00:00","description":"Metria 1500L AD-BLUE tank","breadcrumb":{"@id":"https:\/\/xymen.pl\/en\/product\/metria-1500l-ad-blue-tank-kopia\/#breadcrumb"},"inLanguage":"en-US","potentialAction":[{"@type":"ReadAction","target":["https:\/\/xymen.pl\/en\/product\/metria-1500l-ad-blue-tank-kopia\/"]}]},{"@type":"ImageObject","inLanguage":"en-US","@id":"https:\/\/xymen.pl\/en\/product\/metria-1500l-ad-blue-tank-kopia\/#primaryimage","url":"https:\/\/xymen.pl\/wp-content\/uploads\/2025\/09\/Zbiornik-na-adblue-1500L-B-METRIA-4-scaled.png","contentUrl":"https:\/\/xymen.pl\/wp-content\/uploads\/2025\/09\/Zbiornik-na-adblue-1500L-B-METRIA-4-scaled.png","width":2560,"height":2560},{"@type":"BreadcrumbList","@id":"https:\/\/xymen.pl\/en\/product\/metria-1500l-ad-blue-tank-kopia\/#breadcrumb","itemListElement":[{"@type":"ListItem","position":1,"name":"Products","item":"https:\/\/xymen.pl\/en\/products\/"},{"@type":"ListItem","position":2,"name":"Metria 1500L AD-BLUE tank"}]},{"@type":"WebSite","@id":"https:\/\/xymen.pl\/en\/#website","url":"https:\/\/xymen.pl\/en\/","name":"XYMEN","description":"zbiorniki na deszcz\u00f3wk\u0119 | ekologiczne oczyszczalnie \u015bciek\u00f3w","publisher":{"@id":"https:\/\/xymen.pl\/en\/#organization"},"potentialAction":[{"@type":"SearchAction","target":{"@type":"EntryPoint","urlTemplate":"https:\/\/xymen.pl\/en\/?s={search_term_string}"},"query-input":{"@type":"PropertyValueSpecification","valueRequired":true,"valueName":"search_term_string"}}],"inLanguage":"en-US"},{"@type":"Organization","@id":"https:\/\/xymen.pl\/en\/#organization","name":"XYMEN","url":"https:\/\/xymen.pl\/en\/","logo":{"@type":"ImageObject","inLanguage":"en-US","@id":"https:\/\/xymen.pl\/en\/#\/schema\/logo\/image\/","url":"https:\/\/xymen.pl\/wp-content\/uploads\/2023\/02\/xymenpl-logo-1612299642.png","contentUrl":"https:\/\/xymen.pl\/wp-content\/uploads\/2023\/02\/xymenpl-logo-1612299642.png","width":222,"height":218,"caption":"XYMEN"},"image":{"@id":"https:\/\/xymen.pl\/en\/#\/schema\/logo\/image\/"}}]}},"_links":{"self":[{"href":"https:\/\/xymen.pl\/en\/wp-json\/wp\/v2\/product\/18125","targetHints":{"allow":["GET"]}}],"collection":[{"href":"https:\/\/xymen.pl\/en\/wp-json\/wp\/v2\/product"}],"about":[{"href":"https:\/\/xymen.pl\/en\/wp-json\/wp\/v2\/types\/product"}],"replies":[{"embeddable":true,"href":"https:\/\/xymen.pl\/en\/wp-json\/wp\/v2\/comments?post=18125"}],"wp:featuredmedia":[{"embeddable":true,"href":"https:\/\/xymen.pl\/en\/wp-json\/wp\/v2\/media\/18073"}],"wp:attachment":[{"href":"https:\/\/xymen.pl\/en\/wp-json\/wp\/v2\/media?parent=18125"}],"wp:term":[{"taxonomy":"product_brand","embeddable":true,"href":"https:\/\/xymen.pl\/en\/wp-json\/wp\/v2\/product_brand?post=18125"},{"taxonomy":"product_cat","embeddable":true,"href":"https:\/\/xymen.pl\/en\/wp-json\/wp\/v2\/product_cat?post=18125"},{"taxonomy":"product_tag","embeddable":true,"href":"https:\/\/xymen.pl\/en\/wp-json\/wp\/v2\/product_tag?post=18125"}],"curies":[{"name":"wp","href":"https:\/\/api.w.org\/{rel}","templated":true}]}}