{"id":19819,"date":"2025-11-08T23:23:46","date_gmt":"2025-11-08T22:23:46","guid":{"rendered":"https:\/\/xymen.pl\/?post_type=product&#038;p=19819"},"modified":"2025-11-08T23:32:12","modified_gmt":"2025-11-08T22:32:12","slug":"2500l-jfc-adblue-tank-kopia-kopia-kopia-kopia-kopia-kopia-kopia-kopia-kopia-kopia-kopia-kopia-kopia","status":"publish","type":"product","link":"https:\/\/xymen.pl\/en\/product\/2500l-jfc-adblue-tank-kopia-kopia-kopia-kopia-kopia-kopia-kopia-kopia-kopia-kopia-kopia-kopia-kopia\/","title":{"rendered":"2500L Jfc Adblue tank (Kopia) (Kopia) (Kopia) (Kopia) (Kopia) (Kopia) (Kopia) (Kopia) (Kopia) (Kopia) (Kopia) (Kopia) (Kopia)"},"content":{"rendered":"<p><img fetchpriority=\"high\" decoding=\"async\" class=\"alignnone size-medium wp-image-3389\" src=\"https:\/\/xymen.pl\/wp-content\/uploads\/2023\/03\/17-1-247x300.png\" alt=\"\" width=\"247\" height=\"300\" srcset=\"https:\/\/xymen.pl\/wp-content\/uploads\/2023\/03\/17-1-247x300.png 247w, https:\/\/xymen.pl\/wp-content\/uploads\/2023\/03\/17-1-600x729.png 600w, https:\/\/xymen.pl\/wp-content\/uploads\/2023\/03\/17-1.png 709w\" sizes=\"(max-width: 247px) 100vw, 247px\" \/><\/p>\n<p>Double-walled tank for storage and distribution of Adblue.<\/p>\n<p>AdBlue is a solution of urea and demineralized water, composed of 32.5% of the former and 67.5% of the latter. The solution is responsible for neutralizing exhaust gases from vehicles with diesel engines. The use of the solution has a positive impact on the environment and on the health of people who frequently use diesel-powered vehicles.  <\/p>\n<p>The SCR technology involves converting nitrogen oxides into non-toxic nitrogen and water vapor in catalysts that use ammonia as a reducing agent.<\/p>\n<p>This is the perfect solution for people who own transport companies and farms.<\/p>\n<table style=\"height: 42px;\" width=\"783\">\n<tbody>\n<tr>\n<td>Width<\/td>\n<td>Length<\/td>\n<td>Height<\/td>\n<td>Capacity<\/td>\n<td>Material<\/td>\n<td>UV Stabilization<\/td>\n<\/tr>\n<tr>\n<td>1,80m<\/td>\n<td>2,38m<\/td>\n<td>2,00m<\/td>\n<td>2500L<\/td>\n<td>Polyethylene<\/td>\n<td>YES<\/td>\n<\/tr>\n<\/tbody>\n<\/table>\n<p>Standard Equipment:<\/p>\n<p>&#8211; Large distribution box with two locks<\/p>\n<p>&#8211; Lockable 16&#8243; top cover for the tank<\/p>\n<p>&#8211; 4&#8243; inlet on the internal tank<\/p>\n<p>&#8211; Suction hose with check valve and mesh filter<\/p>\n<p>&#8211; 16&#8243; diameter inspection cover with internal tank<\/p>\n<p>&#8211; Vent located in the internal tank<\/p>\n<p>&#8211; Distribution system,<\/p>\n<p>&#8211; Automatic dispenser,<\/p>\n<p>&#8211; Modi AdB digital counter,<\/p>\n<p>&#8211; 60 l\/min stainless steel submersible pump,<\/p>\n<p>&#8211; 6-meter delivery hose,<\/p>\n<p><strong>Additional option for an extra charge:<\/strong><\/p>\n<p>-6-meter automatic retractable reel,<\/p>\n<p>The manufacturer provides a 10-year warranty for the tank and a 2-year warranty for the equipment.<\/p>\n","protected":false},"excerpt":{"rendered":"<p>2500l Jfc Adblue tank<\/p>\n<p><img decoding=\"async\" src=\"https:\/\/xymen.pl\/img\/cms\/logogodfgofd.gif\" alt=\"\" width=\"177\" height=\"37\"><\/p>\n","protected":false},"featured_media":19751,"comment_status":"open","ping_status":"closed","template":"","meta":{"_acf_changed":false,"_glsr_average":0,"_glsr_ranking":0,"_glsr_reviews":0},"product_brand":[],"product_cat":[428,502],"product_tag":[436,352],"class_list":{"0":"post-19819","1":"product","2":"type-product","3":"status-publish","4":"has-post-thumbnail","6":"product_cat-adblue-tanks","7":"product_cat-mobil-en","8":"product_tag-jfc-en","9":"product_tag-standard-en","11":"first","12":"instock","13":"taxable","14":"shipping-taxable","15":"purchasable","16":"product-type-simple"},"acf":{"xymen_capacity":""},"yoast_head":"<!-- This site is optimized with the Yoast SEO plugin v27.1.1 - https:\/\/yoast.com\/product\/yoast-seo-wordpress\/ -->\n<title>2500L Jfc Adblue tank (Kopia) (Kopia) (Kopia) (Kopia) (Kopia) (Kopia) (Kopia) (Kopia) (Kopia) (Kopia) (Kopia) (Kopia) (Kopia) | XYMEN<\/title>\n<meta name=\"robots\" content=\"index, follow, max-snippet:-1, max-image-preview:large, max-video-preview:-1\" \/>\n<link rel=\"canonical\" href=\"https:\/\/xymen.pl\/en\/product\/2500l-jfc-adblue-tank-kopia-kopia-kopia-kopia-kopia-kopia-kopia-kopia-kopia-kopia-kopia-kopia-kopia\/\" \/>\n<meta property=\"og:locale\" content=\"en_US\" \/>\n<meta property=\"og:type\" content=\"article\" \/>\n<meta property=\"og:title\" content=\"2500L Jfc Adblue tank (Kopia) (Kopia) (Kopia) (Kopia) (Kopia) (Kopia) (Kopia) (Kopia) (Kopia) (Kopia) (Kopia) (Kopia) (Kopia) | XYMEN\" \/>\n<meta property=\"og:description\" content=\"2500l Jfc Adblue tank\" \/>\n<meta property=\"og:url\" content=\"https:\/\/xymen.pl\/en\/product\/2500l-jfc-adblue-tank-kopia-kopia-kopia-kopia-kopia-kopia-kopia-kopia-kopia-kopia-kopia-kopia-kopia\/\" \/>\n<meta property=\"og:site_name\" content=\"XYMEN\" \/>\n<meta property=\"article:modified_time\" content=\"2025-11-08T22:32:12+00:00\" \/>\n<meta property=\"og:image\" content=\"https:\/\/xymen.pl\/wp-content\/uploads\/2025\/11\/TT600-ADBLUE-1.png\" \/>\n\t<meta property=\"og:image:width\" content=\"1500\" \/>\n\t<meta property=\"og:image:height\" content=\"1500\" \/>\n\t<meta property=\"og:image:type\" content=\"image\/png\" \/>\n<meta name=\"twitter:card\" content=\"summary_large_image\" \/>\n<meta name=\"twitter:label1\" content=\"Est. reading time\" \/>\n\t<meta name=\"twitter:data1\" content=\"1 minute\" \/>\n<script type=\"application\/ld+json\" class=\"yoast-schema-graph\">{\"@context\":\"https:\/\/schema.org\",\"@graph\":[{\"@type\":\"WebPage\",\"@id\":\"https:\/\/xymen.pl\/en\/product\/2500l-jfc-adblue-tank-kopia-kopia-kopia-kopia-kopia-kopia-kopia-kopia-kopia-kopia-kopia-kopia-kopia\/\",\"url\":\"https:\/\/xymen.pl\/en\/product\/2500l-jfc-adblue-tank-kopia-kopia-kopia-kopia-kopia-kopia-kopia-kopia-kopia-kopia-kopia-kopia-kopia\/\",\"name\":\"2500L Jfc Adblue tank (Kopia) (Kopia) (Kopia) (Kopia) (Kopia) (Kopia) (Kopia) (Kopia) (Kopia) (Kopia) (Kopia) (Kopia) (Kopia) | XYMEN\",\"isPartOf\":{\"@id\":\"https:\/\/xymen.pl\/en\/#website\"},\"primaryImageOfPage\":{\"@id\":\"https:\/\/xymen.pl\/en\/product\/2500l-jfc-adblue-tank-kopia-kopia-kopia-kopia-kopia-kopia-kopia-kopia-kopia-kopia-kopia-kopia-kopia\/#primaryimage\"},\"image\":{\"@id\":\"https:\/\/xymen.pl\/en\/product\/2500l-jfc-adblue-tank-kopia-kopia-kopia-kopia-kopia-kopia-kopia-kopia-kopia-kopia-kopia-kopia-kopia\/#primaryimage\"},\"thumbnailUrl\":\"https:\/\/xymen.pl\/wp-content\/uploads\/2025\/11\/TT600-ADBLUE-1.png\",\"datePublished\":\"2025-11-08T22:23:46+00:00\",\"dateModified\":\"2025-11-08T22:32:12+00:00\",\"breadcrumb\":{\"@id\":\"https:\/\/xymen.pl\/en\/product\/2500l-jfc-adblue-tank-kopia-kopia-kopia-kopia-kopia-kopia-kopia-kopia-kopia-kopia-kopia-kopia-kopia\/#breadcrumb\"},\"inLanguage\":\"en-US\",\"potentialAction\":[{\"@type\":\"ReadAction\",\"target\":[\"https:\/\/xymen.pl\/en\/product\/2500l-jfc-adblue-tank-kopia-kopia-kopia-kopia-kopia-kopia-kopia-kopia-kopia-kopia-kopia-kopia-kopia\/\"]}]},{\"@type\":\"ImageObject\",\"inLanguage\":\"en-US\",\"@id\":\"https:\/\/xymen.pl\/en\/product\/2500l-jfc-adblue-tank-kopia-kopia-kopia-kopia-kopia-kopia-kopia-kopia-kopia-kopia-kopia-kopia-kopia\/#primaryimage\",\"url\":\"https:\/\/xymen.pl\/wp-content\/uploads\/2025\/11\/TT600-ADBLUE-1.png\",\"contentUrl\":\"https:\/\/xymen.pl\/wp-content\/uploads\/2025\/11\/TT600-ADBLUE-1.png\",\"width\":1500,\"height\":1500},{\"@type\":\"BreadcrumbList\",\"@id\":\"https:\/\/xymen.pl\/en\/product\/2500l-jfc-adblue-tank-kopia-kopia-kopia-kopia-kopia-kopia-kopia-kopia-kopia-kopia-kopia-kopia-kopia\/#breadcrumb\",\"itemListElement\":[{\"@type\":\"ListItem\",\"position\":1,\"name\":\"Products\",\"item\":\"https:\/\/xymen.pl\/en\/products\/\"},{\"@type\":\"ListItem\",\"position\":2,\"name\":\"2500L Jfc Adblue tank (Kopia) (Kopia) (Kopia) (Kopia) (Kopia) (Kopia) (Kopia) (Kopia) (Kopia) (Kopia) (Kopia) (Kopia) (Kopia)\"}]},{\"@type\":\"WebSite\",\"@id\":\"https:\/\/xymen.pl\/en\/#website\",\"url\":\"https:\/\/xymen.pl\/en\/\",\"name\":\"XYMEN\",\"description\":\"zbiorniki na deszcz\u00f3wk\u0119 | ekologiczne oczyszczalnie \u015bciek\u00f3w\",\"publisher\":{\"@id\":\"https:\/\/xymen.pl\/en\/#organization\"},\"potentialAction\":[{\"@type\":\"SearchAction\",\"target\":{\"@type\":\"EntryPoint\",\"urlTemplate\":\"https:\/\/xymen.pl\/en\/?s={search_term_string}\"},\"query-input\":{\"@type\":\"PropertyValueSpecification\",\"valueRequired\":true,\"valueName\":\"search_term_string\"}}],\"inLanguage\":\"en-US\"},{\"@type\":\"Organization\",\"@id\":\"https:\/\/xymen.pl\/en\/#organization\",\"name\":\"XYMEN\",\"url\":\"https:\/\/xymen.pl\/en\/\",\"logo\":{\"@type\":\"ImageObject\",\"inLanguage\":\"en-US\",\"@id\":\"https:\/\/xymen.pl\/en\/#\/schema\/logo\/image\/\",\"url\":\"https:\/\/xymen.pl\/wp-content\/uploads\/2023\/02\/xymenpl-logo-1612299642.png\",\"contentUrl\":\"https:\/\/xymen.pl\/wp-content\/uploads\/2023\/02\/xymenpl-logo-1612299642.png\",\"width\":222,\"height\":218,\"caption\":\"XYMEN\"},\"image\":{\"@id\":\"https:\/\/xymen.pl\/en\/#\/schema\/logo\/image\/\"}}]}<\/script>\n<!-- \/ Yoast SEO plugin. -->","yoast_head_json":{"title":"2500L Jfc Adblue tank (Kopia) (Kopia) (Kopia) (Kopia) (Kopia) (Kopia) (Kopia) (Kopia) (Kopia) (Kopia) (Kopia) (Kopia) (Kopia) | XYMEN","robots":{"index":"index","follow":"follow","max-snippet":"max-snippet:-1","max-image-preview":"max-image-preview:large","max-video-preview":"max-video-preview:-1"},"canonical":"https:\/\/xymen.pl\/en\/product\/2500l-jfc-adblue-tank-kopia-kopia-kopia-kopia-kopia-kopia-kopia-kopia-kopia-kopia-kopia-kopia-kopia\/","og_locale":"en_US","og_type":"article","og_title":"2500L Jfc Adblue tank (Kopia) (Kopia) (Kopia) (Kopia) (Kopia) (Kopia) (Kopia) (Kopia) (Kopia) (Kopia) (Kopia) (Kopia) (Kopia) | XYMEN","og_description":"2500l Jfc Adblue tank","og_url":"https:\/\/xymen.pl\/en\/product\/2500l-jfc-adblue-tank-kopia-kopia-kopia-kopia-kopia-kopia-kopia-kopia-kopia-kopia-kopia-kopia-kopia\/","og_site_name":"XYMEN","article_modified_time":"2025-11-08T22:32:12+00:00","og_image":[{"width":1500,"height":1500,"url":"https:\/\/xymen.pl\/wp-content\/uploads\/2025\/11\/TT600-ADBLUE-1.png","type":"image\/png"}],"twitter_card":"summary_large_image","twitter_misc":{"Est. reading time":"1 minute"},"schema":{"@context":"https:\/\/schema.org","@graph":[{"@type":"WebPage","@id":"https:\/\/xymen.pl\/en\/product\/2500l-jfc-adblue-tank-kopia-kopia-kopia-kopia-kopia-kopia-kopia-kopia-kopia-kopia-kopia-kopia-kopia\/","url":"https:\/\/xymen.pl\/en\/product\/2500l-jfc-adblue-tank-kopia-kopia-kopia-kopia-kopia-kopia-kopia-kopia-kopia-kopia-kopia-kopia-kopia\/","name":"2500L Jfc Adblue tank (Kopia) (Kopia) (Kopia) (Kopia) (Kopia) (Kopia) (Kopia) (Kopia) (Kopia) (Kopia) (Kopia) (Kopia) (Kopia) | XYMEN","isPartOf":{"@id":"https:\/\/xymen.pl\/en\/#website"},"primaryImageOfPage":{"@id":"https:\/\/xymen.pl\/en\/product\/2500l-jfc-adblue-tank-kopia-kopia-kopia-kopia-kopia-kopia-kopia-kopia-kopia-kopia-kopia-kopia-kopia\/#primaryimage"},"image":{"@id":"https:\/\/xymen.pl\/en\/product\/2500l-jfc-adblue-tank-kopia-kopia-kopia-kopia-kopia-kopia-kopia-kopia-kopia-kopia-kopia-kopia-kopia\/#primaryimage"},"thumbnailUrl":"https:\/\/xymen.pl\/wp-content\/uploads\/2025\/11\/TT600-ADBLUE-1.png","datePublished":"2025-11-08T22:23:46+00:00","dateModified":"2025-11-08T22:32:12+00:00","breadcrumb":{"@id":"https:\/\/xymen.pl\/en\/product\/2500l-jfc-adblue-tank-kopia-kopia-kopia-kopia-kopia-kopia-kopia-kopia-kopia-kopia-kopia-kopia-kopia\/#breadcrumb"},"inLanguage":"en-US","potentialAction":[{"@type":"ReadAction","target":["https:\/\/xymen.pl\/en\/product\/2500l-jfc-adblue-tank-kopia-kopia-kopia-kopia-kopia-kopia-kopia-kopia-kopia-kopia-kopia-kopia-kopia\/"]}]},{"@type":"ImageObject","inLanguage":"en-US","@id":"https:\/\/xymen.pl\/en\/product\/2500l-jfc-adblue-tank-kopia-kopia-kopia-kopia-kopia-kopia-kopia-kopia-kopia-kopia-kopia-kopia-kopia\/#primaryimage","url":"https:\/\/xymen.pl\/wp-content\/uploads\/2025\/11\/TT600-ADBLUE-1.png","contentUrl":"https:\/\/xymen.pl\/wp-content\/uploads\/2025\/11\/TT600-ADBLUE-1.png","width":1500,"height":1500},{"@type":"BreadcrumbList","@id":"https:\/\/xymen.pl\/en\/product\/2500l-jfc-adblue-tank-kopia-kopia-kopia-kopia-kopia-kopia-kopia-kopia-kopia-kopia-kopia-kopia-kopia\/#breadcrumb","itemListElement":[{"@type":"ListItem","position":1,"name":"Products","item":"https:\/\/xymen.pl\/en\/products\/"},{"@type":"ListItem","position":2,"name":"2500L Jfc Adblue tank (Kopia) (Kopia) (Kopia) (Kopia) (Kopia) (Kopia) (Kopia) (Kopia) (Kopia) (Kopia) (Kopia) (Kopia) (Kopia)"}]},{"@type":"WebSite","@id":"https:\/\/xymen.pl\/en\/#website","url":"https:\/\/xymen.pl\/en\/","name":"XYMEN","description":"zbiorniki na deszcz\u00f3wk\u0119 | ekologiczne oczyszczalnie \u015bciek\u00f3w","publisher":{"@id":"https:\/\/xymen.pl\/en\/#organization"},"potentialAction":[{"@type":"SearchAction","target":{"@type":"EntryPoint","urlTemplate":"https:\/\/xymen.pl\/en\/?s={search_term_string}"},"query-input":{"@type":"PropertyValueSpecification","valueRequired":true,"valueName":"search_term_string"}}],"inLanguage":"en-US"},{"@type":"Organization","@id":"https:\/\/xymen.pl\/en\/#organization","name":"XYMEN","url":"https:\/\/xymen.pl\/en\/","logo":{"@type":"ImageObject","inLanguage":"en-US","@id":"https:\/\/xymen.pl\/en\/#\/schema\/logo\/image\/","url":"https:\/\/xymen.pl\/wp-content\/uploads\/2023\/02\/xymenpl-logo-1612299642.png","contentUrl":"https:\/\/xymen.pl\/wp-content\/uploads\/2023\/02\/xymenpl-logo-1612299642.png","width":222,"height":218,"caption":"XYMEN"},"image":{"@id":"https:\/\/xymen.pl\/en\/#\/schema\/logo\/image\/"}}]}},"_links":{"self":[{"href":"https:\/\/xymen.pl\/en\/wp-json\/wp\/v2\/product\/19819","targetHints":{"allow":["GET"]}}],"collection":[{"href":"https:\/\/xymen.pl\/en\/wp-json\/wp\/v2\/product"}],"about":[{"href":"https:\/\/xymen.pl\/en\/wp-json\/wp\/v2\/types\/product"}],"replies":[{"embeddable":true,"href":"https:\/\/xymen.pl\/en\/wp-json\/wp\/v2\/comments?post=19819"}],"wp:featuredmedia":[{"embeddable":true,"href":"https:\/\/xymen.pl\/en\/wp-json\/wp\/v2\/media\/19751"}],"wp:attachment":[{"href":"https:\/\/xymen.pl\/en\/wp-json\/wp\/v2\/media?parent=19819"}],"wp:term":[{"taxonomy":"product_brand","embeddable":true,"href":"https:\/\/xymen.pl\/en\/wp-json\/wp\/v2\/product_brand?post=19819"},{"taxonomy":"product_cat","embeddable":true,"href":"https:\/\/xymen.pl\/en\/wp-json\/wp\/v2\/product_cat?post=19819"},{"taxonomy":"product_tag","embeddable":true,"href":"https:\/\/xymen.pl\/en\/wp-json\/wp\/v2\/product_tag?post=19819"}],"curies":[{"name":"wp","href":"https:\/\/api.w.org\/{rel}","templated":true}]}}