{"id":20085,"date":"2025-12-17T20:00:56","date_gmt":"2025-12-17T19:00:56","guid":{"rendered":"https:\/\/xymen.pl\/?post_type=product&#038;p=20085"},"modified":"2025-12-17T20:18:22","modified_gmt":"2025-12-17T19:18:22","slug":"marseplast-apollo-500l-absorption-well-kopia","status":"publish","type":"product","link":"https:\/\/xymen.pl\/en\/product\/marseplast-apollo-500l-absorption-well-kopia\/","title":{"rendered":"Marseplast Apollo 500l absorption well (Kopia)"},"content":{"rendered":"<p><img fetchpriority=\"high\" decoding=\"async\" class=\"alignnone size-full wp-image-2705\" src=\"https:\/\/xymen.pl\/wp-content\/uploads\/2023\/03\/7.png\" alt=\"marseplast, manufacturers, domestic sewage treatment plant marseplast water 3.0 3000l with tunnels\" width=\"280\" height=\"280\" srcset=\"https:\/\/xymen.pl\/wp-content\/uploads\/2023\/03\/7.png 280w, https:\/\/xymen.pl\/wp-content\/uploads\/2023\/03\/7-150x150.png 150w, https:\/\/xymen.pl\/wp-content\/uploads\/2023\/03\/7-100x100.png 100w, https:\/\/xymen.pl\/wp-content\/uploads\/2023\/03\/7-50x50.png 50w\" sizes=\"(max-width: 280px) 100vw, 280px\" \/><\/p>\n<p>The Apollo soakaway can be used for infiltrating treated wastewater from biological treatment plants as well as for infiltrating rainwater.<\/p>\n<p>The Apollo soakaway comes in two variants: M and D &#8211; which denote small and large covers.<\/p>\n<p>As standard, the soakaway is equipped with a small cover &#8211; if you need a large one &#8211; call us.<\/p>\n<p>This infiltration system can be used if the soil is well-permeable and the groundwater level is sufficiently low.<\/p>\n<p>Dimensions:<\/p>\n<table width=\"894\">\n<tbody>\n<tr>\n<td>Installation depth<\/td>\n<td>Capacity<\/td>\n<td>Total height<\/td>\n<td>Total width<\/td>\n<td>Length<\/td>\n<td>Inlet diameter<\/td>\n<td>Installation opening diameter<\/td>\n<td><\/td>\n<\/tr>\n<tr>\n<td>max. 250 cm <\/td>\n<td>500 dm3<\/td>\n<td>95 cm<\/td>\n<td>120 cm<\/td>\n<td>120 cm<\/td>\n<td><span style=\"font-family: Arial, Tahoma, Helvetica, Verdana; font-size: 12px; text-align: justify; background-color: #ffffff;\">\u2205 110\/ <\/span>\u2205 160<\/td>\n<td>  300 or 600<\/td>\n<td><\/td>\n<\/tr>\n<\/tbody>\n<\/table>\n","protected":false},"excerpt":{"rendered":"<p>500L absorption well for sewage disposal.<\/p>\n","protected":false},"featured_media":20131,"comment_status":"open","ping_status":"closed","template":"","meta":{"_acf_changed":false,"_glsr_average":0,"_glsr_ranking":0,"_glsr_reviews":0},"product_brand":[],"product_cat":[350,362],"product_tag":[419,352],"class_list":{"0":"post-20085","1":"product","2":"type-product","3":"status-publish","4":"has-post-thumbnail","6":"product_cat-accessories","7":"product_cat-infiltration-systems","8":"product_tag-aquabin-en","9":"product_tag-standard-en","11":"first","12":"instock","13":"taxable","14":"shipping-taxable","15":"purchasable","16":"product-type-simple"},"acf":{"xymen_capacity":""},"yoast_head":"<!-- This site is optimized with the Yoast SEO plugin v27.1.1 - https:\/\/yoast.com\/product\/yoast-seo-wordpress\/ -->\n<title>Marseplast Apollo 500l absorption well (Kopia) | XYMEN<\/title>\n<meta name=\"robots\" content=\"index, follow, max-snippet:-1, max-image-preview:large, max-video-preview:-1\" \/>\n<link rel=\"canonical\" href=\"https:\/\/xymen.pl\/en\/product\/marseplast-apollo-500l-absorption-well-kopia\/\" \/>\n<meta property=\"og:locale\" content=\"en_US\" \/>\n<meta property=\"og:type\" content=\"article\" \/>\n<meta property=\"og:title\" content=\"Marseplast Apollo 500l absorption well (Kopia) | XYMEN\" \/>\n<meta property=\"og:description\" content=\"500L absorption well for sewage disposal.\" \/>\n<meta property=\"og:url\" content=\"https:\/\/xymen.pl\/en\/product\/marseplast-apollo-500l-absorption-well-kopia\/\" \/>\n<meta property=\"og:site_name\" content=\"XYMEN\" \/>\n<meta property=\"article:modified_time\" content=\"2025-12-17T19:18:22+00:00\" \/>\n<meta property=\"og:image\" content=\"https:\/\/xymen.pl\/wp-content\/uploads\/2025\/12\/AQS500-1-scaled.png\" \/>\n\t<meta property=\"og:image:width\" content=\"2560\" \/>\n\t<meta property=\"og:image:height\" content=\"1920\" \/>\n\t<meta property=\"og:image:type\" content=\"image\/png\" \/>\n<meta name=\"twitter:card\" content=\"summary_large_image\" \/>\n<script type=\"application\/ld+json\" class=\"yoast-schema-graph\">{\"@context\":\"https:\/\/schema.org\",\"@graph\":[{\"@type\":\"WebPage\",\"@id\":\"https:\/\/xymen.pl\/en\/product\/marseplast-apollo-500l-absorption-well-kopia\/\",\"url\":\"https:\/\/xymen.pl\/en\/product\/marseplast-apollo-500l-absorption-well-kopia\/\",\"name\":\"Marseplast Apollo 500l absorption well (Kopia) | XYMEN\",\"isPartOf\":{\"@id\":\"https:\/\/xymen.pl\/en\/#website\"},\"primaryImageOfPage\":{\"@id\":\"https:\/\/xymen.pl\/en\/product\/marseplast-apollo-500l-absorption-well-kopia\/#primaryimage\"},\"image\":{\"@id\":\"https:\/\/xymen.pl\/en\/product\/marseplast-apollo-500l-absorption-well-kopia\/#primaryimage\"},\"thumbnailUrl\":\"https:\/\/xymen.pl\/wp-content\/uploads\/2025\/12\/AQS500-1-scaled.png\",\"datePublished\":\"2025-12-17T19:00:56+00:00\",\"dateModified\":\"2025-12-17T19:18:22+00:00\",\"breadcrumb\":{\"@id\":\"https:\/\/xymen.pl\/en\/product\/marseplast-apollo-500l-absorption-well-kopia\/#breadcrumb\"},\"inLanguage\":\"en-US\",\"potentialAction\":[{\"@type\":\"ReadAction\",\"target\":[\"https:\/\/xymen.pl\/en\/product\/marseplast-apollo-500l-absorption-well-kopia\/\"]}]},{\"@type\":\"ImageObject\",\"inLanguage\":\"en-US\",\"@id\":\"https:\/\/xymen.pl\/en\/product\/marseplast-apollo-500l-absorption-well-kopia\/#primaryimage\",\"url\":\"https:\/\/xymen.pl\/wp-content\/uploads\/2025\/12\/AQS500-1-scaled.png\",\"contentUrl\":\"https:\/\/xymen.pl\/wp-content\/uploads\/2025\/12\/AQS500-1-scaled.png\",\"width\":2560,\"height\":1920},{\"@type\":\"BreadcrumbList\",\"@id\":\"https:\/\/xymen.pl\/en\/product\/marseplast-apollo-500l-absorption-well-kopia\/#breadcrumb\",\"itemListElement\":[{\"@type\":\"ListItem\",\"position\":1,\"name\":\"Products\",\"item\":\"https:\/\/xymen.pl\/en\/products\/\"},{\"@type\":\"ListItem\",\"position\":2,\"name\":\"Marseplast Apollo 500l absorption well (Kopia)\"}]},{\"@type\":\"WebSite\",\"@id\":\"https:\/\/xymen.pl\/en\/#website\",\"url\":\"https:\/\/xymen.pl\/en\/\",\"name\":\"XYMEN\",\"description\":\"zbiorniki na deszcz\u00f3wk\u0119 | ekologiczne oczyszczalnie \u015bciek\u00f3w\",\"publisher\":{\"@id\":\"https:\/\/xymen.pl\/en\/#organization\"},\"potentialAction\":[{\"@type\":\"SearchAction\",\"target\":{\"@type\":\"EntryPoint\",\"urlTemplate\":\"https:\/\/xymen.pl\/en\/?s={search_term_string}\"},\"query-input\":{\"@type\":\"PropertyValueSpecification\",\"valueRequired\":true,\"valueName\":\"search_term_string\"}}],\"inLanguage\":\"en-US\"},{\"@type\":\"Organization\",\"@id\":\"https:\/\/xymen.pl\/en\/#organization\",\"name\":\"XYMEN\",\"url\":\"https:\/\/xymen.pl\/en\/\",\"logo\":{\"@type\":\"ImageObject\",\"inLanguage\":\"en-US\",\"@id\":\"https:\/\/xymen.pl\/en\/#\/schema\/logo\/image\/\",\"url\":\"https:\/\/xymen.pl\/wp-content\/uploads\/2023\/02\/xymenpl-logo-1612299642.png\",\"contentUrl\":\"https:\/\/xymen.pl\/wp-content\/uploads\/2023\/02\/xymenpl-logo-1612299642.png\",\"width\":222,\"height\":218,\"caption\":\"XYMEN\"},\"image\":{\"@id\":\"https:\/\/xymen.pl\/en\/#\/schema\/logo\/image\/\"}}]}<\/script>\n<!-- \/ Yoast SEO plugin. -->","yoast_head_json":{"title":"Marseplast Apollo 500l absorption well (Kopia) | XYMEN","robots":{"index":"index","follow":"follow","max-snippet":"max-snippet:-1","max-image-preview":"max-image-preview:large","max-video-preview":"max-video-preview:-1"},"canonical":"https:\/\/xymen.pl\/en\/product\/marseplast-apollo-500l-absorption-well-kopia\/","og_locale":"en_US","og_type":"article","og_title":"Marseplast Apollo 500l absorption well (Kopia) | XYMEN","og_description":"500L absorption well for sewage disposal.","og_url":"https:\/\/xymen.pl\/en\/product\/marseplast-apollo-500l-absorption-well-kopia\/","og_site_name":"XYMEN","article_modified_time":"2025-12-17T19:18:22+00:00","og_image":[{"width":2560,"height":1920,"url":"https:\/\/xymen.pl\/wp-content\/uploads\/2025\/12\/AQS500-1-scaled.png","type":"image\/png"}],"twitter_card":"summary_large_image","schema":{"@context":"https:\/\/schema.org","@graph":[{"@type":"WebPage","@id":"https:\/\/xymen.pl\/en\/product\/marseplast-apollo-500l-absorption-well-kopia\/","url":"https:\/\/xymen.pl\/en\/product\/marseplast-apollo-500l-absorption-well-kopia\/","name":"Marseplast Apollo 500l absorption well (Kopia) | XYMEN","isPartOf":{"@id":"https:\/\/xymen.pl\/en\/#website"},"primaryImageOfPage":{"@id":"https:\/\/xymen.pl\/en\/product\/marseplast-apollo-500l-absorption-well-kopia\/#primaryimage"},"image":{"@id":"https:\/\/xymen.pl\/en\/product\/marseplast-apollo-500l-absorption-well-kopia\/#primaryimage"},"thumbnailUrl":"https:\/\/xymen.pl\/wp-content\/uploads\/2025\/12\/AQS500-1-scaled.png","datePublished":"2025-12-17T19:00:56+00:00","dateModified":"2025-12-17T19:18:22+00:00","breadcrumb":{"@id":"https:\/\/xymen.pl\/en\/product\/marseplast-apollo-500l-absorption-well-kopia\/#breadcrumb"},"inLanguage":"en-US","potentialAction":[{"@type":"ReadAction","target":["https:\/\/xymen.pl\/en\/product\/marseplast-apollo-500l-absorption-well-kopia\/"]}]},{"@type":"ImageObject","inLanguage":"en-US","@id":"https:\/\/xymen.pl\/en\/product\/marseplast-apollo-500l-absorption-well-kopia\/#primaryimage","url":"https:\/\/xymen.pl\/wp-content\/uploads\/2025\/12\/AQS500-1-scaled.png","contentUrl":"https:\/\/xymen.pl\/wp-content\/uploads\/2025\/12\/AQS500-1-scaled.png","width":2560,"height":1920},{"@type":"BreadcrumbList","@id":"https:\/\/xymen.pl\/en\/product\/marseplast-apollo-500l-absorption-well-kopia\/#breadcrumb","itemListElement":[{"@type":"ListItem","position":1,"name":"Products","item":"https:\/\/xymen.pl\/en\/products\/"},{"@type":"ListItem","position":2,"name":"Marseplast Apollo 500l absorption well (Kopia)"}]},{"@type":"WebSite","@id":"https:\/\/xymen.pl\/en\/#website","url":"https:\/\/xymen.pl\/en\/","name":"XYMEN","description":"zbiorniki na deszcz\u00f3wk\u0119 | ekologiczne oczyszczalnie \u015bciek\u00f3w","publisher":{"@id":"https:\/\/xymen.pl\/en\/#organization"},"potentialAction":[{"@type":"SearchAction","target":{"@type":"EntryPoint","urlTemplate":"https:\/\/xymen.pl\/en\/?s={search_term_string}"},"query-input":{"@type":"PropertyValueSpecification","valueRequired":true,"valueName":"search_term_string"}}],"inLanguage":"en-US"},{"@type":"Organization","@id":"https:\/\/xymen.pl\/en\/#organization","name":"XYMEN","url":"https:\/\/xymen.pl\/en\/","logo":{"@type":"ImageObject","inLanguage":"en-US","@id":"https:\/\/xymen.pl\/en\/#\/schema\/logo\/image\/","url":"https:\/\/xymen.pl\/wp-content\/uploads\/2023\/02\/xymenpl-logo-1612299642.png","contentUrl":"https:\/\/xymen.pl\/wp-content\/uploads\/2023\/02\/xymenpl-logo-1612299642.png","width":222,"height":218,"caption":"XYMEN"},"image":{"@id":"https:\/\/xymen.pl\/en\/#\/schema\/logo\/image\/"}}]}},"_links":{"self":[{"href":"https:\/\/xymen.pl\/en\/wp-json\/wp\/v2\/product\/20085","targetHints":{"allow":["GET"]}}],"collection":[{"href":"https:\/\/xymen.pl\/en\/wp-json\/wp\/v2\/product"}],"about":[{"href":"https:\/\/xymen.pl\/en\/wp-json\/wp\/v2\/types\/product"}],"replies":[{"embeddable":true,"href":"https:\/\/xymen.pl\/en\/wp-json\/wp\/v2\/comments?post=20085"}],"wp:featuredmedia":[{"embeddable":true,"href":"https:\/\/xymen.pl\/en\/wp-json\/wp\/v2\/media\/20131"}],"wp:attachment":[{"href":"https:\/\/xymen.pl\/en\/wp-json\/wp\/v2\/media?parent=20085"}],"wp:term":[{"taxonomy":"product_brand","embeddable":true,"href":"https:\/\/xymen.pl\/en\/wp-json\/wp\/v2\/product_brand?post=20085"},{"taxonomy":"product_cat","embeddable":true,"href":"https:\/\/xymen.pl\/en\/wp-json\/wp\/v2\/product_cat?post=20085"},{"taxonomy":"product_tag","embeddable":true,"href":"https:\/\/xymen.pl\/en\/wp-json\/wp\/v2\/product_tag?post=20085"}],"curies":[{"name":"wp","href":"https:\/\/api.w.org\/{rel}","templated":true}]}}